{"id":552,"date":"2018-05-31T11:25:23","date_gmt":"2018-05-31T09:25:23","guid":{"rendered":"http:\/\/s597688454.mialojamiento.es\/grabalosa\/?page_id=18"},"modified":"2022-06-23T13:47:09","modified_gmt":"2022-06-23T11:47:09","slug":"servei-al-client","status":"publish","type":"page","link":"https:\/\/grabalosa.com\/portes\/servei-al-client\/","title":{"rendered":"Servei al client"},"content":{"rendered":"<div class=\"wpb-content-wrapper\"><p>[vc_row css_animation=&#8221;&#8221; row_type=&#8221;row&#8221; use_row_as_full_screen_section=&#8221;no&#8221; type=&#8221;grid&#8221; angled_section=&#8221;no&#8221; text_align=&#8221;left&#8221; background_image_as_pattern=&#8221;without_pattern&#8221; css=&#8221;.vc_custom_1593792206313{padding-top: 40px !important;padding-bottom: 40px !important;background-image: url(https:\/\/grabalosa.com\/portes\/wp-content\/uploads\/sites\/2\/2020\/03\/servei-al-client-finestres-grabalosa2-scaled.jpg?id=3569) !important;}&#8221; z_index=&#8221;&#8221; el_class=&#8221;titol-producte flex-section flex-section-600&#8243;][vc_column width=&#8221;5\/12&#8243; offset=&#8221;vc_col-lg-6 vc_col-md-6 vc_col-xs-12&#8243;][vc_column_text]<\/p>\n<h2 class=\"h1\"><span class=\"w-400\">Servei<\/span><br \/>\nal client<\/h2>\n<p>[\/vc_column_text][\/vc_column][vc_column width=&#8221;7\/12&#8243; offset=&#8221;vc_col-lg-6 vc_col-md-6 vc_col-xs-12&#8243; el_class=&#8221;servei-client-foto&#8221;][vc_empty_space height=&#8221;300px&#8221;][\/vc_column][\/vc_row][vc_row css_animation=&#8221;&#8221; row_type=&#8221;row&#8221; use_row_as_full_screen_section=&#8221;no&#8221; type=&#8221;grid&#8221; angled_section=&#8221;no&#8221; text_align=&#8221;left&#8221; background_image_as_pattern=&#8221;without_pattern&#8221; z_index=&#8221;&#8221; css=&#8221;.vc_custom_1592515293443{margin-top: 20px !important;margin-bottom: 20px !important;padding-top: 60px !important;padding-bottom: 60px !important;background-color: #ffffff !important;}&#8221; el_class=&#8221;tres-icones serveis-flex-tres-icones&#8221;][vc_column width=&#8221;1\/3&#8243; el_class=&#8221;icon-blanc&#8221; offset=&#8221;vc_col-lg-4 vc_col-md-4 vc_col-xs-12&#8243;][vc_raw_html]JTNDZGl2JTIwY2xhc3MlM0QlMjJpY29uYS1hbWItdGV4dCUyMiUzRSUzQ2ltZyUyMGl0ZW1wcm9wJTNEJTIyaW1hZ2UlMjIlMjBzcmMlM0QlMjJodHRwcyUzQSUyRiUyRmdyYWJhbG9zYS5jb20lMkZ3cC1jb250ZW50JTJGdXBsb2FkcyUyRnNpdGVzJTJGMyUyRjIwMTglMkYwOSUyRmF0ZW5jaW8tYWwtY2xpZW50LnN2ZyUyMiUyMGFsdCUzRCUyMkF0ZW5jaSVDMyVCMyUyMGFsJTIwY2xpZW50JTIwLSUyMEdyYWJhbG9zYSUyMiUzRSUzQ2gzJTNFQVRFTkNJJUMzJTkzJTIwQUwlM0MlMkZoMyUzRSUzQ2gzJTIwY2xhc3MlM0QlMjJ3LTQwMCUyMiUzRUNMSUVOVCUzQyUyRmgzJTNFJTBBJTNDcCUzRSUzQ2ElMjBocmVmJTNEJTIydGVsJTNBJTJCMzQ5NzI3ODgwMjglMjIlM0UlMjgzNCUyOSUyMDk3MiUyMDc4OCUyMDAyOCUzQyUyRmElM0UlM0MlMkZwJTNFJTBBJTNDcCUzRURlJTIwZGlsbHVucyUyMGElMjBkaXZlbmRyZXMlM0MlMkZwJTNFJTBBJTNDcCUyMGNsYXNzJTNEJTIycC1saW5pYSUyMiUzRTA4JTNBMDAtMTclM0EwMCUyMGglM0MlMkZwJTNFJTBBJTNDcCUzRSUzQ2ElMjBocmVmJTNEJTIybWFpbHRvJTNBaW5mbyU0MGdyYWJhbG9zYS5jb20lMjIlM0VpbmZvJTQwZ3JhYmFsb3NhLmNvbSUzQyUyRmElM0UlM0MlMkZwJTNFJTNDJTJGZGl2JTNF[\/vc_raw_html]<a  itemprop=\"url\" href=\"https:\/\/www.google.com\/maps\/place\/Met%C3%A0l%C2%B7liques+Grabalosa,+S.l.\/@42.0840589,3.1044224,17z\/data=!3m1!4b1!4m5!3m4!1s0x12ba5885137d66b5:0x2c14d16b0a9d14de!8m2!3d42.084479!4d3.1065817\" target=\"_blank\" data-hover-background-color=\"#1d1d1b\" data-hover-border-color=\"#1d1d1b\" data-hover-color=\"#ffffff\" class=\"qbutton  small center white default boto-mesinfo\" style=\"color: #1d1d1b; border-color: #1d1d1b; border-radius: 3px;-moz-border-radius: 3px;-webkit-border-radius: 3px; background-color:transparent;\">VISITA'NS<\/a>[\/vc_column][vc_column width=&#8221;1\/3&#8243; el_class=&#8221;icon-blanc&#8221; offset=&#8221;vc_col-lg-4 vc_col-md-4 vc_col-xs-12&#8243;][vc_raw_html]JTNDZGl2JTIwY2xhc3MlM0QlMjJpY29uYS1hbWItdGV4dCUyMiUzRSUzQ2ltZyUyMGl0ZW1wcm9wJTNEJTIyaW1hZ2UlMjIlMjBzcmMlM0QlMjJodHRwcyUzQSUyRiUyRmdyYWJhbG9zYS5jb20lMkZ3cC1jb250ZW50JTJGdXBsb2FkcyUyRnNpdGVzJTJGMyUyRjIwMTglMkYwNyUyRnNlcnZlaS1wb3N0dmVuZGEtbmVncmUuc3ZnJTIyJTIwYWx0JTNEJTIyU2VydmVpJTIwcG9zdC12ZW5kYSUyMiUzRSUwQSUzQ2gzJTIwY2xhc3MlM0QlMjJ3LTQwMCUyMiUzRVNFUlZFSSUzQyUyRmgzJTNFJTBBJTNDaDMlM0VQT1NULVZFTkRBJTNDJTJGaDMlM0UlMEElM0NwJTNFT2ZlcmltJTIwdW4lMjBzZXJ2ZWklMjBkZSUyMG1hbnRlbmltZW50JTIwaSUyMHBvc3QtdmVuZGElMjBsZXMlMjAyNCUyMGhvcmVzJTIwYWwlMjBkaWElMjBlbHMlMjA3JTIwZGllcyUyMGRlJTIwbGElMjBzZXRtYW5hJTNDJTJGcCUzRSUwQSUzQ3AlM0UlM0NhJTIwaHJlZiUzRCUyMnRlbCUzQSUyQjM0OTcyNzg4MDI4JTIyJTNFJTI4MzQlMjklMjA5NzIlMjA3ODglMjAwMjglM0MlMkZhJTNFJTNDJTJGcCUzRSUwQSUzQ3AlMjBjbGFzcyUzRCUyMnAtbGluaWElMjIlM0UlM0NhJTIwaHJlZiUzRCUyMm1haWx0byUzQXBvc3R2ZW5kYSU0MGdyYWJhbG9zYS5jb20lMjIlM0Vwb3N0dmVuZGElNDBncmFiYWxvc2EuY29tJTNDJTJGYSUzRSUzQyUyRnAlM0UlM0MlMkZkaXYlM0U=[\/vc_raw_html]<a  itemprop=\"url\" href=\"https:\/\/grabalosa.com\/servei-al-client\/servei-post-venda\/\" target=\"_self\" data-hover-background-color=\"#1d1d1b\" data-hover-border-color=\"#1d1d1b\" data-hover-color=\"#ffffff\" class=\"qbutton  small center white default boto-mesinfo boto-servei-comercial\" style=\"color: #1d1d1b; border-color: #1d1d1b; border-radius: 3px;-moz-border-radius: 3px;-webkit-border-radius: 3px; background-color:transparent;\">CONTACTA'NS<\/a>[\/vc_column][vc_column width=&#8221;1\/3&#8243; el_class=&#8221;icon-blanc&#8221; offset=&#8221;vc_col-lg-4 vc_col-md-4 vc_col-xs-12&#8243;][vc_raw_html]JTNDZGl2JTIwY2xhc3MlM0QlMjJpY29uYS1hbWItdGV4dCUyMiUzRSUzQ2ltZyUyMGl0ZW1wcm9wJTNEJTIyaW1hZ2UlMjIlMjBzcmMlM0QlMjJodHRwcyUzQSUyRiUyRmdyYWJhbG9zYS5jb20lMkZ3cC1jb250ZW50JTJGdXBsb2FkcyUyRnNpdGVzJTJGMyUyRjIwMTglMkYwNyUyRnZpc2l0YS1jb21lcmNpYWwtbmVncmUuc3ZnJTIyJTIwYWx0JTNEJTIyRGVwYXJ0YW1lbnQlMjBjb21lcmNpYWwlMjAtJTIwR3JhYmFsb3NhJTIyJTNFJTBBJTNDaDMlMjBjbGFzcyUzRCUyMnctNDAwJTIyJTNFREVQQVJUQU1FTlQlM0MlMkZoMyUzRSUwQSUzQ2gzJTNFQ09NRVJDSUFMJTNDJTJGaDMlM0UlMEElM0NwJTIwY2xhc3MlM0QlMjJwLXRpdG9sJTIyJTNFQ0FUQUxVTllBJTNDJTJGcCUzRSUwQSUzQ3AlMjBjbGFzcyUzRCUyMnAtbGluaWElMjIlM0UlM0NhJTIwaHJlZiUzRCUyMnRlbCUzQSUyQjM0NjI1MTM4ODE3JTIyJTNFJTI4MzQlMjklMjA2MjUlMjAxMzglMjA4MTclM0MlMkZhJTNFJTNDJTJGcCUzRSUwQSUzQ3AlMjBjbGFzcyUzRCUyMnAtbGluaWElMjIlM0UlM0NhJTIwaHJlZiUzRCUyMm1haWx0byUzQWNvbWVyY2lhbCU0MGdyYWJhbG9zYS5jb20lMjIlM0Vjb21lcmNpYWwlNDBncmFiYWxvc2EuY29tJTNDJTJGYSUzRSUzQyUyRnAlM0UlMEElM0NwJTIwY2xhc3MlM0QlMjJwLXRpdG9sJTIyJTNFRlJBTiVDMyU4N0ElM0MlMkZwJTNFJTBBJTNDcCUyMGNsYXNzJTNEJTIycC1saW5pYSUyMiUzRSUzQ2ElMjBocmVmJTNEJTIydGVsJTNBJTJCMzQ5NzI3NjU5NTQlMjIlM0UlMjgzNCUyOSUyMDk3MiUyMDc2NSUyMDk1NCUzQyUyRmElM0UlM0MlMkZwJTNFJTBBJTNDcCUyMGNsYXNzJTNEJTIycC1saW5pYSUyMiUzRSUzQ2ElMjBocmVmJTNEJTIybWFpbHRvJTNBY29tbWVyY2lhbGZyJTQwZ3JhYmFsb3NhLmNvbSUyMiUzRWNvbW1lcmNpYWxmciU0MGdyYWJhbG9zYS5jb20lM0MlMkZhJTNFJTNDJTJGcCUzRSUwQSUzQyUyRmRpdiUzRQ==[\/vc_raw_html]<a  itemprop=\"url\" href=\"https:\/\/grabalosa.com\/servei-al-client\/visita-comercial\/\" target=\"_self\" data-hover-background-color=\"#1d1d1b\" data-hover-border-color=\"#1d1d1b\" data-hover-color=\"#ffffff\" class=\"qbutton  small center white default boto-mesinfo boto-visita-comercial\" style=\"color: #1d1d1b; border-color: #1d1d1b; border-radius: 3px;-moz-border-radius: 3px;-webkit-border-radius: 3px; background-color:transparent;\">M\u00c9S INFORMACI\u00d3<\/a>[\/vc_column][\/vc_row][vc_row css_animation=&#8221;&#8221; row_type=&#8221;row&#8221; use_row_as_full_screen_section=&#8221;no&#8221; type=&#8221;grid&#8221; angled_section=&#8221;no&#8221; text_align=&#8221;left&#8221; background_image_as_pattern=&#8221;without_pattern&#8221; z_index=&#8221;&#8221; css=&#8221;.vc_custom_1592516316013{padding-top: 60px !important;padding-bottom: 60px !important;background-color: #f1f1f1 !important;}&#8221; el_class=&#8221;modul-faqs modul-servei-client&#8221;][vc_column offset=&#8221;vc_col-lg-12 vc_col-md-12 vc_col-xs-12&#8243;][vc_column_text el_class=&#8221;text-descriptiu-1 text-left&#8221; css=&#8221;.vc_custom_1655980259878{margin-bottom: 40px !important;}&#8221;]<\/p>\n<h2 class=\"h1\">Preguntes freq\u00fcents i recomanacions<\/h2>\n<p>[\/vc_column_text]<div class=\"qode-accordion-holder clearfix qode-toggle qode-initial \">\n\t<h5 class=\"clearfix qode-title-holder\">\n<span class=\"qode-tab-title\">\n\t    <span class=\"qode-tab-title-inner\">\n        Recomanacions per un bon manteniment dels tancaments d\u2019alumini    <\/span>\n<\/span>\n<span class=\"qode-accordion-mark\">\n    <span class=\"qode-accordion-mark-icon\">\n        <span class=\"icon_plus\"><\/span>\n        <span class=\"icon_minus-06\"><\/span>\n    <\/span>\n<\/span>\n<\/h5>\n<div  class=\"qode-accordion-content \" >\n    <div class=\"qode-accordion-content-inner\">\n        [vc_column_text el_class=&#8221;p-16&#8243;]<strong>Les finestres d\u2019alumini requereixen de molt poc manteniment<\/strong>. Cal revisar de tant en tant els punts de drenatge per on marxa l\u2019aigua i netejar-los en cas que estiguin opturats.<\/p>\n<p>Tamb\u00e9 \u00e9s recomanable cada cert per\u00edode de temps en les finesteres corredisses lubricar els coixinets de les rodes per un millor funcionament.<\/p>\n<p>Pel que fa a les finestres practicables i oscil\u00b7lobatients, nom\u00e9s caldr\u00e0 aplicar oli lubricant a les bisagres, panys, manetes i altres accesoris quan sigui necessari.[\/vc_column_text]    <\/div>\n<\/div><h5 class=\"clearfix qode-title-holder\">\n<span class=\"qode-tab-title\">\n\t    <span class=\"qode-tab-title-inner\">\n        Qu\u00e8 \u00e9s la carta de color RAL?    <\/span>\n<\/span>\n<span class=\"qode-accordion-mark\">\n    <span class=\"qode-accordion-mark-icon\">\n        <span class=\"icon_plus\"><\/span>\n        <span class=\"icon_minus-06\"><\/span>\n    <\/span>\n<\/span>\n<\/h5>\n<div  class=\"qode-accordion-content \" >\n    <div class=\"qode-accordion-content-inner\">\n        [vc_column_text el_class=&#8221;p-16&#8243;]La gamma de colors RAL \u00e9s un c\u00f2dic num\u00e8ric per identificar un color concret i que s&#8217;utilitza en diversos sectors: decoraci\u00f3, interiorisme, arquitectura, etc.<\/p>\n<p>Es defineix el color mitjan\u00e7ant 4 d\u00edgits on el primer d\u00edgit \u00e9s el de la familia o tonalitat principal: 1: grocs 2: taronges 3: Vermells 4: Liles 5: Blaus 6: Verds 7: Grisos 8: Marrons 9: Negres i Blancs<\/p>\n<p>&nbsp;<\/p>\n<p><img decoding=\"async\" class=\"size-full wp-image-9903\" src=\"https:\/\/grabalosa.com\/wp-content\/uploads\/sites\/3\/2020\/06\/grabalosa_colors_ral_estandard-retina.jpg\" alt=\"Carta de colors RAL estandard\" width=\"100%\" \/><\/p>\n<p><a href=\"https:\/\/grabalosa.com\/finestres\/wp-content\/uploads\/sites\/3\/2020\/06\/grabalosa_colors_ral_estandard.pdf\">Carta de colors RAL estandard &#8211; PDF<\/a>[\/vc_column_text]    <\/div>\n<\/div><h5 class=\"clearfix qode-title-holder\">\n<span class=\"qode-tab-title\">\n\t    <span class=\"qode-tab-title-inner\">\n        Recomanacions per a la neteja de finestres d\u2019alumini    <\/span>\n<\/span>\n<span class=\"qode-accordion-mark\">\n    <span class=\"qode-accordion-mark-icon\">\n        <span class=\"icon_plus\"><\/span>\n        <span class=\"icon_minus-06\"><\/span>\n    <\/span>\n<\/span>\n<\/h5>\n<div  class=\"qode-accordion-content \" >\n    <div class=\"qode-accordion-content-inner\">\n        [vc_column_text el_class=&#8221;p-16&#8243;]Pel que fa a la neteja interior tant com per l\u2019exterior de les finestres d\u2019alumini \u00e9s recomenable utilitzar aigua amb una mica de sab\u00f3 (o vinagre) utilzant una esponja o drap suau per tal que no ratlli la superf\u00edcie de l\u2019alumini. <strong>En cap cas utilitzarem productes agressius<\/strong> que podrien malmetre la perfilerai d\u2019alumini. Sempre comen\u00e7arem netejant les persianes, despr\u00e9s el marc i per \u00faltim els vidres.[\/vc_column_text]    <\/div>\n<\/div><h5 class=\"clearfix qode-title-holder\">\n<span class=\"qode-tab-title\">\n\t    <span class=\"qode-tab-title-inner\">\n        Garantia i homologaci\u00f3    <\/span>\n<\/span>\n<span class=\"qode-accordion-mark\">\n    <span class=\"qode-accordion-mark-icon\">\n        <span class=\"icon_plus\"><\/span>\n        <span class=\"icon_minus-06\"><\/span>\n    <\/span>\n<\/span>\n<\/h5>\n<div  class=\"qode-accordion-content \" >\n    <div class=\"qode-accordion-content-inner\">\n        [vc_column_text el_class=&#8221;p-16&#8243;]Tots els productes de Met\u00e0l\u00b7liques Grabalosa passen uns exhaustius sistemes de control durant la fabricaci\u00f3 i muntatge responent al Codi T\u00e8cnic de la Construcci\u00f3 (CTE) i del Mercat Europeo (CE).[\/vc_column_text]    <\/div>\n<\/div><h5 class=\"clearfix qode-title-holder\">\n<span class=\"qode-tab-title\">\n\t    <span class=\"qode-tab-title-inner\">\n        L&#039;alumini \u00e9s un material sostenible?    <\/span>\n<\/span>\n<span class=\"qode-accordion-mark\">\n    <span class=\"qode-accordion-mark-icon\">\n        <span class=\"icon_plus\"><\/span>\n        <span class=\"icon_minus-06\"><\/span>\n    <\/span>\n<\/span>\n<\/h5>\n<div  class=\"qode-accordion-content \" >\n    <div class=\"qode-accordion-content-inner\">\n        [vc_column_text el_class=&#8221;p-16&#8243;]L\u2019alumini \u00e9s un material que <strong>\u00e9s pot reciclar infinitament<\/strong>, sense que perdi cap de les seves propietats. Altrament, cada vegada que es recicla, nom\u00e9s s\u2019utilitza el 5% del consum energ\u00e8tic necessari per obtenir-lo per primera vegada del mineral. M\u00e9s del 75% de l\u2019alumini produ\u00eft des de fa 100 anys, encara est\u00e0 en \u00fas gr\u00e0cies al reciclatge.<\/p>\n<p>A m\u00e9s a m\u00e9s de l\u2019estalvi energ\u00e8tic, el reciclatge de l\u2019alumini t\u00e9 altres avantatges:<\/p>\n<p>\u00b7 Disminueix la utilitzaci\u00f3 dels recursos naturals.<br \/>\n\u00b7 Impedeix la saturaci\u00f3 d\u2019abocadors.<br \/>\n\u00b7 Minimitza la quantitat de CO2 em\u00e8s a l\u2019atmosfera.<br \/>\n\u00b7 \u00c9s una activitat rendible i genera ocupaci\u00f3.<\/p>\n<p>Quan es pensa en fer edificis m\u00e9s ecol\u00f2gics i sostenibles, escollir els materials adequats \u00e9s una feina critica. No cal oblidar que els usuaris d\u2019aquest edificis s\u00f3n persones, i se\u2019ls ha de garantir el confort de les mateixes, per tant \u00e9s tracta d\u2019<strong>una decisi\u00f3 socialment responsable.<\/strong>[\/vc_column_text]    <\/div>\n<\/div><\/div>[\/vc_column][\/vc_row]<\/p>\n<\/div>","protected":false},"excerpt":{"rendered":"<p>[vc_row css_animation=&#8221;&#8221; row_type=&#8221;row&#8221; use_row_as_full_screen_section=&#8221;no&#8221; type=&#8221;grid&#8221; angled_section=&#8221;no&#8221; text_align=&#8221;left&#8221; background_image_as_pattern=&#8221;without_pattern&#8221; css=&#8221;.vc_custom_1593792206313{padding-top: 40px !important;padding-bottom: 40px !important;background-image: url(https:\/\/grabalosa.com\/portes\/wp-content\/uploads\/sites\/2\/2020\/03\/servei-al-client-finestres-grabalosa2-scaled.jpg?id=3569) !important;}&#8221; z_index=&#8221;&#8221; el_class=&#8221;titol-producte flex-section flex-section-600&#8243;][vc_column width=&#8221;5\/12&#8243; offset=&#8221;vc_col-lg-6 vc_col-md-6 vc_col-xs-12&#8243;][vc_column_text] Servei al client [\/vc_column_text][\/vc_column][vc_column width=&#8221;7\/12&#8243; offset=&#8221;vc_col-lg-6 vc_col-md-6 vc_col-xs-12&#8243; el_class=&#8221;servei-client-foto&#8221;][vc_empty_space height=&#8221;300px&#8221;][\/vc_column][\/vc_row][vc_row css_animation=&#8221;&#8221; row_type=&#8221;row&#8221; use_row_as_full_screen_section=&#8221;no&#8221; type=&#8221;grid&#8221; angled_section=&#8221;no&#8221; text_align=&#8221;left&#8221; background_image_as_pattern=&#8221;without_pattern&#8221; z_index=&#8221;&#8221; css=&#8221;.vc_custom_1592515293443{margin-top: 20px !important;margin-bottom: 20px&#8230;<\/p>\n","protected":false},"author":1,"featured_media":0,"parent":0,"menu_order":5,"comment_status":"closed","ping_status":"closed","template":"full_width.php","meta":{"footnotes":""},"class_list":["post-552","page","type-page","status-publish","hentry"],"aioseo_notices":[],"_links":{"self":[{"href":"https:\/\/grabalosa.com\/portes\/wp-json\/wp\/v2\/pages\/552","targetHints":{"allow":["GET"]}}],"collection":[{"href":"https:\/\/grabalosa.com\/portes\/wp-json\/wp\/v2\/pages"}],"about":[{"href":"https:\/\/grabalosa.com\/portes\/wp-json\/wp\/v2\/types\/page"}],"author":[{"embeddable":true,"href":"https:\/\/grabalosa.com\/portes\/wp-json\/wp\/v2\/users\/1"}],"replies":[{"embeddable":true,"href":"https:\/\/grabalosa.com\/portes\/wp-json\/wp\/v2\/comments?post=552"}],"version-history":[{"count":5,"href":"https:\/\/grabalosa.com\/portes\/wp-json\/wp\/v2\/pages\/552\/revisions"}],"predecessor-version":[{"id":6914,"href":"https:\/\/grabalosa.com\/portes\/wp-json\/wp\/v2\/pages\/552\/revisions\/6914"}],"wp:attachment":[{"href":"https:\/\/grabalosa.com\/portes\/wp-json\/wp\/v2\/media?parent=552"}],"curies":[{"name":"wp","href":"https:\/\/api.w.org\/{rel}","templated":true}]}}