{"id":169,"date":"2018-06-02T17:24:06","date_gmt":"2018-06-02T15:24:06","guid":{"rendered":"http:\/\/s597688454.mialojamiento.es\/grabalosa\/?page_id=169"},"modified":"2021-02-12T17:26:29","modified_gmt":"2021-02-12T16:26:29","slug":"porticons-de-seguretat","status":"publish","type":"page","link":"https:\/\/grabalosa.com\/portes\/productes-portes\/porticons-de-seguretat\/","title":{"rendered":"Porticons de seguretat"},"content":{"rendered":"<div class=\"wpb-content-wrapper\"><p>[vc_row css_animation=&#8221;&#8221; row_type=&#8221;row&#8221; use_row_as_full_screen_section=&#8221;no&#8221; type=&#8221;grid&#8221; angled_section=&#8221;no&#8221; text_align=&#8221;left&#8221; background_image_as_pattern=&#8221;without_pattern&#8221; css=&#8221;.vc_custom_1585383685721{padding-bottom: 0px !important;background-color: #dadada !important;}&#8221; z_index=&#8221;&#8221; el_class=&#8221;flex-section flex-section-600 titol-producte modul-6-titol m6-400&#8243;][vc_column css_animation=&#8221;left-to-right&#8221; width=&#8221;1\/2&#8243; el_class=&#8221;text-producte-6&#8243; offset=&#8221;vc_col-lg-6 vc_col-md-6 vc_col-xs-12 vc_hidden-xs&#8221;][vc_column_text]<\/p>\n<h2 class=\"h1\"><span class=\"w-400\">Venecianes d&#8217;acer<\/span><br \/>\nPortic\u00f3 de seguretat<\/h2>\n<p>[\/vc_column_text][vc_column_text el_class=&#8221;icones-text-titol&#8221;]<\/p>\n<ul>\n<li><img decoding=\"async\" class=\"icona icona-s cercle fabricacio\" src=\"https:\/\/grabalosa.com\/wp-content\/uploads\/sites\/2\/2018\/11\/fabricacio-propia-gris.svg\" alt=\"Fabricaci\u00f3 pr\u00f2pia\" \/><span class=\"no-marxis\">Fabricaci\u00f3 pr\u00f2pia<\/span><\/li>\n<li><img decoding=\"async\" class=\"icona icona-s cercle seguretat\" src=\"https:\/\/grabalosa.com\/wp-content\/uploads\/sites\/2\/2018\/11\/sistemes-seguretat.svg\" alt=\"Sistemes de seguretat\" \/><span class=\"no-marxis\">Sistemes de seguretat<\/span><\/li>\n<\/ul>\n<p>[\/vc_column_text][\/vc_column][vc_column width=&#8221;1\/2&#8243; el_class=&#8221;imatge-fullw-titol&#8221; offset=&#8221;vc_col-lg-6 vc_col-md-6 vc_col-xs-12 vc_hidden-xs&#8221; css=&#8221;.vc_custom_1596628593803{background-image: url(https:\/\/grabalosa.com\/portes\/wp-content\/uploads\/sites\/2\/2020\/03\/4-venecianes.jpg?id=3544) !important;background-position: center !important;background-repeat: no-repeat !important;background-size: cover !important;}&#8221;][\/vc_column][\/vc_row][vc_row css_animation=&#8221;&#8221; row_type=&#8221;row&#8221; use_row_as_full_screen_section=&#8221;no&#8221; type=&#8221;full_width&#8221; angled_section=&#8221;no&#8221; text_align=&#8221;left&#8221; background_image_as_pattern=&#8221;without_pattern&#8221; css=&#8221;.vc_custom_1585383704668{padding-top: 0px !important;padding-bottom: 0px !important;background-color: #dadada !important;}&#8221; z_index=&#8221;&#8221; el_class=&#8221;flex-section flex-section-600 titol-producte modul-6-titolm&#8221;][vc_column width=&#8221;1\/2&#8243; el_class=&#8221;imatge-fullw-titol&#8221; offset=&#8221;vc_col-lg-6 vc_hidden-lg vc_col-md-6 vc_hidden-md vc_hidden-sm vc_col-xs-12&#8243; css=&#8221;.vc_custom_1596663084872{background-image: url(https:\/\/grabalosa.com\/finestres\/wp-content\/uploads\/sites\/3\/2018\/07\/4-venecianes.jpg?id=1440) !important;background-position: center !important;background-repeat: no-repeat !important;background-size: cover !important;}&#8221;][\/vc_column][vc_column css_animation=&#8221;left-to-right&#8221; width=&#8221;1\/2&#8243; el_class=&#8221;text-producte-6&#8243; offset=&#8221;vc_col-lg-6 vc_hidden-lg vc_col-md-6 vc_hidden-md vc_hidden-sm vc_col-xs-12&#8243; css=&#8221;.vc_custom_1550535737312{padding-top: 45px !important;padding-bottom: 40px !important;}&#8221;][vc_column_text]<\/p>\n<h2 class=\"h1\"><span class=\"w-400\">Venecianes d&#8217;acer<\/span><br \/>\nPortic\u00f3 de seguretat<\/h2>\n<p>[\/vc_column_text][vc_column_text el_class=&#8221;icones-text-2l&#8221;]<\/p>\n<ul>\n<li><img decoding=\"async\" class=\"icona icona-s cercle fabricacio\" src=\"https:\/\/grabalosa.com\/wp-content\/uploads\/sites\/2\/2018\/11\/fabricacio-propia-gris.svg\" alt=\"Fabricaci\u00f3 pr\u00f2pia\" \/><span class=\"no-marxis\">Fabricaci\u00f3 pr\u00f2pia<\/span><\/li>\n<li><img decoding=\"async\" class=\"icona icona-s cercle seguretat\" src=\"https:\/\/grabalosa.com\/wp-content\/uploads\/sites\/2\/2018\/11\/sistemes-seguretat.svg\" alt=\"Sistemes de seguretat\" \/><span class=\"no-marxis\">Sistemes de seguretat<\/span><\/li>\n<\/ul>\n<p>[\/vc_column_text][\/vc_column][\/vc_row][vc_row css_animation=&#8221;&#8221; row_type=&#8221;row&#8221; use_row_as_full_screen_section=&#8221;no&#8221; type=&#8221;grid&#8221; angled_section=&#8221;no&#8221; text_align=&#8221;left&#8221; background_image_as_pattern=&#8221;without_pattern&#8221; css=&#8221;.vc_custom_1531434215737{margin-top: 100px !important;margin-bottom: 100px !important;}&#8221; z_index=&#8221;&#8221; el_class=&#8221;modul-1&#8243;][vc_column width=&#8221;1\/2&#8243; offset=&#8221;vc_col-lg-6 vc_col-md-6 vc_col-xs-12&#8243;][vc_gallery type=&#8221;flexslider_slide&#8221; interval=&#8221;3&#8243; images=&#8221;3547,3548,3549,3550,3551,3552,3553,3554,3555&#8243; img_size=&#8221;full&#8221; direction_nav=&#8221;yes&#8221; control_nav=&#8221;no&#8221; show_image_description=&#8221;yes&#8221; pause_on_hover=&#8221;no&#8221; frame=&#8221;no&#8221; el_class=&#8221;galeria-s-m1&#8243;][\/vc_column][vc_column css_animation=&#8221;right-to-left&#8221; width=&#8221;1\/2&#8243; offset=&#8221;vc_col-lg-6 vc_col-md-6 vc_col-xs-12&#8243;][vc_column_text el_class=&#8221;text-descriptiu-1 text-left&#8221;]<\/p>\n<h2 class=\"h1\">M\u00e0xima resist\u00e8ncia<\/h2>\n<p>La veneciana \u00e9s un producte d&#8217;acer de gran qualitat, concebut b\u00e0sicament com a element de seguretat i que, alhora, ofereix una est\u00e8tica i uns acabats molt decoratius, amb diferents solucions tant per a portes corredisses com per a portes practicables.<\/p>\n<p>Podem dir, doncs, que les venecianes d&#8217;exterior s\u00f3n una combinaci\u00f3 perfecta d&#8217;est\u00e8tica i seguretat.<\/p>\n<p>Es fabriquen a mida, amb la qual cosa resulten id\u00f2nies per renovar velles contrafinestres de fusta i alumini.[\/vc_column_text]<div class=\"qode-accordion-holder clearfix qode-toggle qode-initial \">\n\t<h6 class=\"clearfix qode-title-holder\">\n<span class=\"qode-tab-title\">\n\t    <span class=\"qode-tab-title-inner\">\n        Llegeix m\u00e9s    <\/span>\n<\/span>\n<span class=\"qode-accordion-mark\">\n    <span class=\"qode-accordion-mark-icon\">\n        <span class=\"icon_plus\"><\/span>\n        <span class=\"icon_minus-06\"><\/span>\n    <\/span>\n<\/span>\n<\/h6>\n<div  class=\"qode-accordion-content \" style=\"padding: 0 0 0 0\">\n    <div class=\"qode-accordion-content-inner\">\n        [vc_column_text el_class=&#8221;text-descriptiu-1 text-left&#8221;]En obra nova, d&#8217;altra banda, la gran varietat de models i acabats permet integrar-les en qualsevol estil arquitect\u00f2nic.<\/p>\n<p>La solidesa i l&#8217;aparen\u00e7a de les venecianes d&#8217;exterior proporciona una protecci\u00f3 efectiva davant del vandalisme.<\/p>\n<p>Com que \u00e9s un producte de fabricaci\u00f3 pr\u00f2pia, Met\u00e0l\u00b7liques Grabalosa ofereix un ampli ventall d&#8217;opcions d&#8217;adaptaci\u00f3 en funci\u00f3 de les necessitats plantejades. Homologades amb el marcatge CE.<\/p>\n<p>Possibilitat d&#8217;oferir les venecianes d&#8217;exterior amb diferents sistemes constructius: corredisses, practicables, en acordi\u00f3, plegables, etc.[\/vc_column_text]    <\/div>\n<\/div><\/div>[\/vc_column][\/vc_row][vc_row css_animation=&#8221;&#8221; row_type=&#8221;row&#8221; use_row_as_full_screen_section=&#8221;no&#8221; type=&#8221;grid&#8221; angled_section=&#8221;no&#8221; text_align=&#8221;left&#8221; background_image_as_pattern=&#8221;without_pattern&#8221; z_index=&#8221;&#8221; css=&#8221;.vc_custom_1545132089421{background-color: #f6f6f6 !important;}&#8221; el_class=&#8221;altres-models modul-porta modul-faqs modul-accord-portes&#8221;][vc_column css=&#8221;.vc_custom_1544029349173{padding-top: 80px !important;padding-bottom: 80px !important;}&#8221;]<div class=\"qode-accordion-holder clearfix qode-toggle qode-initial \">\n\t<h2 class=\"clearfix qode-title-holder\">\n<span class=\"qode-tab-title\">\n\t    <span class=\"qode-tab-title-inner\">\n        Models de porticons    <\/span>\n<\/span>\n<span class=\"qode-accordion-mark\">\n    <span class=\"qode-accordion-mark-icon\">\n        <span class=\"icon_plus\"><\/span>\n        <span class=\"icon_minus-06\"><\/span>\n    <\/span>\n<\/span>\n<\/h2>\n<div  class=\"qode-accordion-content \" style=\"padding: 4px 0 70px 0\">\n    <div class=\"qode-accordion-content-inner\">\n        [vc_column_text el_class=&#8221;ac-portes-sist-obertura text-left img-model-portico&#8221;]<\/p>\n<div>\n<h3 class=\"w-300\">MODEL DE PORTIC\u00d3 PRACTICABLE<\/h3>\n<p><img decoding=\"async\" role=\"img\" src=\"https:\/\/grabalosa.com\/portes\/wp-content\/uploads\/sites\/2\/2018\/12\/model-portico-practicable-porticons-seguretat-grisc.svg\" alt=\"Model de portic\u00f3 practicable\" width=\"500\" \/><\/div>\n<div>\n<h3 class=\"w-300\">MODEL DE PORTIC\u00d3 CORRED\u00cdS<\/h3>\n<p><img decoding=\"async\" role=\"img\" src=\"https:\/\/grabalosa.com\/portes\/wp-content\/uploads\/sites\/2\/2018\/12\/model-portico-corredis-porticons-seguretat-grisc.svg\" alt=\"Model de portic\u00f3 corred\u00eds\" width=\"300\" \/><\/div>\n<div>\n<h3 class=\"w-300\">MODEL DE PORTIC\u00d3 PLEGABLE<\/h3>\n<p><img decoding=\"async\" role=\"img\" src=\"https:\/\/grabalosa.com\/portes\/wp-content\/uploads\/sites\/2\/2018\/12\/model-portico-plegable-porticons-seguretat-grisc.svg\" alt=\"Model de portic\u00f3 plegable\" width=\"500\" \/><\/div>\n<p>[\/vc_column_text]    <\/div>\n<\/div><h2 class=\"clearfix qode-title-holder\">\n<span class=\"qode-tab-title\">\n\t    <span class=\"qode-tab-title-inner\">\n        Garantia de qualitat    <\/span>\n<\/span>\n<span class=\"qode-accordion-mark\">\n    <span class=\"qode-accordion-mark-icon\">\n        <span class=\"icon_plus\"><\/span>\n        <span class=\"icon_minus-06\"><\/span>\n    <\/span>\n<\/span>\n<\/h2>\n<div  class=\"qode-accordion-content \" style=\"padding: 4px 0 70px 0\">\n    <div class=\"qode-accordion-content-inner\">\n        [vc_column_text el_class=&#8221;ac-portes-garantia-qualitat text-left&#8221;]<\/p>\n<h3>GARANTIA DE QUALITAT<\/h3>\n<p>El sistema disposa del marcatge CE en el proc\u00e9s de fabricaci\u00f3. Tamb\u00e9 ha esta sotm\u00e8s a proves i assaigs per garantir la resist\u00e8ncia al vent i les forces de maniobra segons les normatives europees.<\/p>\n<h4 class=\"h4-little\">HOMOLOGACI\u00d3<\/h4>\n<ul>\n<li><img decoding=\"async\" src=\"https:\/\/grabalosa.com\/wp-content\/uploads\/sites\/2\/2018\/11\/mercat-europeu.svg\" alt=\"Sigles Homologaci\u00f3 Mercat Europeu\" width=\"100\" \/><\/li>\n<li><img decoding=\"async\" src=\"https:\/\/grabalosa.com\/wp-content\/uploads\/sites\/2\/2018\/11\/codi-tecnic-construccio.svg\" alt=\"Sigles del Codi T\u00e8cnic de la Construcci\u00f3\" width=\"100\" \/><\/li>\n<\/ul>\n<p>[\/vc_column_text]    <\/div>\n<\/div><\/div>[\/vc_column][\/vc_row][vc_row css_animation=&#8221;&#8221; row_type=&#8221;row&#8221; use_row_as_full_screen_section=&#8221;yes&#8221; type=&#8221;grid&#8221; angled_section=&#8221;no&#8221; text_align=&#8221;left&#8221; background_image_as_pattern=&#8221;without_pattern&#8221; css=&#8221;.vc_custom_1531996322139{background-color: #575757 !important;}&#8221; z_index=&#8221;&#8221; el_class=&#8221;modul-5 p-row&#8221;][vc_column width=&#8221;1\/2&#8243; el_class=&#8221;white-t text-m5&#8243; css=&#8221;.vc_custom_1538239615575{padding-top: 50px !important;padding-right: 20px !important;padding-bottom: 50px !important;padding-left: 20px !important;}&#8221; offset=&#8221;vc_col-lg-6 vc_col-md-6 vc_hidden-md vc_hidden-sm vc_col-xs-12 vc_hidden-xs&#8221;][vc_column_text]<\/p>\n<h2 class=\"h1 no-subtitol\">PROTEGEIX CASA TEVA,<br \/>\nPROTEGEIX EL TEU NEGOCI<\/h2>\n<p>La solidesa i l&#8217;aparen\u00e7a de les venecianes d&#8217;exterior proporciona una protecci\u00f3 efectiva davant del vandalisme necess\u00e0ria tant per vivendes particulars com per a negocis o empreses a l\u2019abast dels lladres.[\/vc_column_text][vc_column_text el_class=&#8221;icones-text-sota&#8221;]<\/p>\n<ul>\n<li><img decoding=\"async\" class=\"icona icona-lv secure\" src=\"https:\/\/grabalosa.com\/wp-content\/uploads\/sites\/3\/2018\/09\/secure-sistem-blanc.svg\" alt=\"Producte d'alta seguretat\" \/><span class=\"white-t\">Producte d&#8217;alta seguretat<\/span><\/li>\n<\/ul>\n<p>[\/vc_column_text][\/vc_column][vc_column width=&#8221;1\/2&#8243; el_class=&#8221;white-t imatge-m5&#8243; css=&#8221;.vc_custom_1531996547134{padding-right: 0px !important;padding-left: 0px !important;}&#8221; offset=&#8221;vc_col-lg-6 vc_col-md-6 vc_hidden-md vc_hidden-sm vc_col-xs-12 vc_hidden-xs&#8221;][vc_single_image image=&#8221;3197&#8243; img_size=&#8221;full&#8221; alignment=&#8221;center&#8221; qode_css_animation=&#8221;&#8221;][\/vc_column][\/vc_row][vc_row css_animation=&#8221;&#8221; row_type=&#8221;row&#8221; use_row_as_full_screen_section=&#8221;yes&#8221; type=&#8221;full_width&#8221; angled_section=&#8221;no&#8221; text_align=&#8221;left&#8221; background_image_as_pattern=&#8221;without_pattern&#8221; css=&#8221;.vc_custom_1531996054910{background-color: #575757 !important;}&#8221; z_index=&#8221;&#8221; el_class=&#8221;modul-5&#8243;][vc_column width=&#8221;1\/2&#8243; el_class=&#8221;white-t text-m5&#8243; css=&#8221;.vc_custom_1538239645265{padding-top: 50px !important;padding-right: 20px !important;padding-bottom: 50px !important;padding-left: 20px !important;}&#8221; offset=&#8221;vc_col-lg-6 vc_hidden-lg vc_col-md-6 vc_col-xs-12&#8243;][vc_column_text]<\/p>\n<h2 class=\"h1 no-subtitol\">PROTEGEIX CASA TEVA,<br \/>\nPROTEGEIX EL TEU NEGOCI<\/h2>\n<p>La solidesa i l&#8217;aparen\u00e7a de les venecianes d&#8217;exterior proporciona una protecci\u00f3 efectiva davant del vandalisme necess\u00e0ria tant per vivendes particulars com per a negocis o empreses a l\u2019abast dels lladres.[\/vc_column_text][vc_column_text el_class=&#8221;icones-text-sota&#8221;]<\/p>\n<ul>\n<li><img decoding=\"async\" class=\"icona icona-lv secure\" src=\"https:\/\/grabalosa.com\/wp-content\/uploads\/sites\/3\/2018\/09\/secure-sistem-blanc.svg\" alt=\"Producte d'alta seguretat\" \/><span class=\"white-t\">Producte d&#8217;alta seguretat<\/span><\/li>\n<\/ul>\n<p>[\/vc_column_text][\/vc_column][vc_column width=&#8221;1\/2&#8243; el_class=&#8221;white-t imatge-m5&#8243; css=&#8221;.vc_custom_1531996571629{padding-right: 0px !important;padding-left: 0px !important;}&#8221; offset=&#8221;vc_col-lg-6 vc_hidden-lg vc_col-md-6 vc_col-xs-12&#8243;][vc_single_image image=&#8221;3197&#8243; img_size=&#8221;full&#8221; alignment=&#8221;center&#8221; qode_css_animation=&#8221;&#8221;][\/vc_column][\/vc_row][vc_row css_animation=&#8221;&#8221; row_type=&#8221;row&#8221; use_row_as_full_screen_section=&#8221;no&#8221; type=&#8221;grid&#8221; angled_section=&#8221;no&#8221; text_align=&#8221;left&#8221; background_image_as_pattern=&#8221;without_pattern&#8221; css=&#8221;.vc_custom_1544024050778{margin-top: 80px !important;margin-bottom: 80px !important;}&#8221; z_index=&#8221;&#8221; el_class=&#8221;modul-3&#8243;][vc_column width=&#8221;2\/3&#8243; el_class=&#8221;text-descriptiu-3 text-left&#8221; offset=&#8221;vc_col-lg-offset-2 vc_col-md-offset-2 vc_col-sm-offset-2&#8243;][vc_column_text]<\/p>\n<h5>SOL\u00b7LICITI PRESSUPOST<\/h5>\n<p>[\/vc_column_text][vc_column_text]<\/p>\n<h2 class=\"h1\">Vol saber el preu orientatiu del seu projecte?<\/h2>\n<p>Omplint un senzill formulari rebr\u00e0 el preu estimat per el seu portic\u00f3 de seguretat[\/vc_column_text]<a  itemprop=\"url\" href=\"https:\/\/grabalosa.com\/portes\/pressupost\/\" target=\"_self\" data-hover-background-color=\"rgba(0,0,0,0.6)\" data-hover-border-color=\"transparent\" data-hover-color=\"#fefefe\" class=\"qbutton  large left white default btn-pressupost boto-pressu-garatge boto-pressu\" style=\"color: #ffffff; border-color: transparent; border-radius: 3px;-moz-border-radius: 3px;-webkit-border-radius: 3px; background-color:#1d1d1b;\">SOL\u00b7LICITUD<\/a>[\/vc_column][\/vc_row]<\/p>\n<\/div>","protected":false},"excerpt":{"rendered":"<p>[vc_row css_animation=&#8221;&#8221; row_type=&#8221;row&#8221; use_row_as_full_screen_section=&#8221;no&#8221; type=&#8221;grid&#8221; angled_section=&#8221;no&#8221; text_align=&#8221;left&#8221; background_image_as_pattern=&#8221;without_pattern&#8221; css=&#8221;.vc_custom_1585383685721{padding-bottom: 0px !important;background-color: #dadada !important;}&#8221; z_index=&#8221;&#8221; el_class=&#8221;flex-section flex-section-600 titol-producte modul-6-titol m6-400&#8243;][vc_column css_animation=&#8221;left-to-right&#8221; width=&#8221;1\/2&#8243; el_class=&#8221;text-producte-6&#8243; offset=&#8221;vc_col-lg-6 vc_col-md-6 vc_col-xs-12 vc_hidden-xs&#8221;][vc_column_text] Venecianes d&#8217;acer Portic\u00f3 de seguretat [\/vc_column_text][vc_column_text el_class=&#8221;icones-text-titol&#8221;] Fabricaci\u00f3 pr\u00f2pia Sistemes de seguretat [\/vc_column_text][\/vc_column][vc_column width=&#8221;1\/2&#8243; el_class=&#8221;imatge-fullw-titol&#8221; offset=&#8221;vc_col-lg-6 vc_col-md-6 vc_col-xs-12 vc_hidden-xs&#8221;&#8230;<\/p>\n","protected":false},"author":1,"featured_media":0,"parent":16,"menu_order":3,"comment_status":"closed","ping_status":"closed","template":"full_width.php","meta":{"footnotes":""},"class_list":["post-169","page","type-page","status-publish","hentry"],"aioseo_notices":[],"_links":{"self":[{"href":"https:\/\/grabalosa.com\/portes\/wp-json\/wp\/v2\/pages\/169","targetHints":{"allow":["GET"]}}],"collection":[{"href":"https:\/\/grabalosa.com\/portes\/wp-json\/wp\/v2\/pages"}],"about":[{"href":"https:\/\/grabalosa.com\/portes\/wp-json\/wp\/v2\/types\/page"}],"author":[{"embeddable":true,"href":"https:\/\/grabalosa.com\/portes\/wp-json\/wp\/v2\/users\/1"}],"replies":[{"embeddable":true,"href":"https:\/\/grabalosa.com\/portes\/wp-json\/wp\/v2\/comments?post=169"}],"version-history":[{"count":0,"href":"https:\/\/grabalosa.com\/portes\/wp-json\/wp\/v2\/pages\/169\/revisions"}],"up":[{"embeddable":true,"href":"https:\/\/grabalosa.com\/portes\/wp-json\/wp\/v2\/pages\/16"}],"wp:attachment":[{"href":"https:\/\/grabalosa.com\/portes\/wp-json\/wp\/v2\/media?parent=169"}],"curies":[{"name":"wp","href":"https:\/\/api.w.org\/{rel}","templated":true}]}}