{"id":1588,"date":"2018-09-17T21:42:57","date_gmt":"2018-09-17T19:42:57","guid":{"rendered":"http:\/\/finestres.ambdues.cat\/?page_id=1588"},"modified":"2021-02-12T11:27:37","modified_gmt":"2021-02-12T10:27:37","slug":"pressupost","status":"publish","type":"page","link":"https:\/\/grabalosa.com\/portes\/pressupost\/","title":{"rendered":"Pressupost"},"content":{"rendered":"<div class=\"wpb-content-wrapper\"><p>[vc_row css_animation=&#8221;&#8221; row_type=&#8221;row&#8221; use_row_as_full_screen_section=&#8221;yes&#8221; type=&#8221;grid&#8221; angled_section=&#8221;no&#8221; text_align=&#8221;left&#8221; background_image_as_pattern=&#8221;without_pattern&#8221; z_index=&#8221;&#8221; css=&#8221;.vc_custom_1591960397219{padding-top: 100px !important;padding-bottom: 100px !important;background-color: #f5f5f5 !important;}&#8221; el_class=&#8221;formulari&#8221;][vc_column width=&#8221;5\/6&#8243; offset=&#8221;vc_col-lg-offset-3 vc_col-lg-6 vc_col-md-offset-3 vc_col-md-6 vc_col-sm-offset-1 vc_col-xs-12&#8243;][vc_column_text css=&#8221;.vc_custom_1611236151177{padding-bottom: 10px !important;}&#8221;]<\/p>\n<h2 class=\"h1\"><span class=\"w-400\">Pressupost<\/span> orientatiu<\/h2>\n<p>[\/vc_column_text][vc_column_text css=&#8221;.vc_custom_1613125553079{margin-bottom: 30px !important;}&#8221;]Si necessita un preu orientatiu per alguns dels nostres productes de portes i portals de garatge empleni el seg\u00fcent formulari explicant les principals caracter\u00edstiques del que vol que li valorem:[\/vc_column_text]\n<div class=\"wpcf7 no-js\" id=\"wpcf7-f2895-o1\" lang=\"ca\" dir=\"ltr\" data-wpcf7-id=\"2895\">\n<div class=\"screen-reader-response\"><p role=\"status\" aria-live=\"polite\" aria-atomic=\"true\"><\/p> <ul><\/ul><\/div>\n<form action=\"\/portes\/wp-json\/wp\/v2\/pages\/1588#wpcf7-f2895-o1\" method=\"post\" class=\"wpcf7-form init default\" aria-label=\"Formulari de contacte\" enctype=\"multipart\/form-data\" novalidate=\"novalidate\" data-status=\"init\">\n<fieldset class=\"hidden-fields-container\"><input type=\"hidden\" name=\"_wpcf7\" value=\"2895\" \/><input type=\"hidden\" name=\"_wpcf7_version\" value=\"6.1.3\" \/><input type=\"hidden\" name=\"_wpcf7_locale\" value=\"ca\" \/><input type=\"hidden\" name=\"_wpcf7_unit_tag\" value=\"wpcf7-f2895-o1\" \/><input type=\"hidden\" name=\"_wpcf7_container_post\" value=\"0\" \/><input type=\"hidden\" name=\"_wpcf7_posted_data_hash\" value=\"\" \/><input type=\"hidden\" name=\"_wpcf7_recaptcha_response\" value=\"\" \/>\n<\/fieldset>\n<div class=\"form-item\">\n\t<p><label>Nom *<\/label><span class=\"wpcf7-form-control-wrap\" data-name=\"your-name\"><input size=\"40\" maxlength=\"400\" class=\"wpcf7-form-control wpcf7-text wpcf7-validates-as-required\" aria-required=\"true\" aria-invalid=\"false\" value=\"\" type=\"text\" name=\"your-name\" \/><\/span>\n\t<\/p>\n<\/div>\n<div class=\"form-item\">\n\t<p><label>Correu electr\u00f2nic *<\/label><span class=\"wpcf7-form-control-wrap\" data-name=\"your-email\"><input size=\"40\" maxlength=\"400\" class=\"wpcf7-form-control wpcf7-email wpcf7-validates-as-required wpcf7-text wpcf7-validates-as-email\" aria-required=\"true\" aria-invalid=\"false\" value=\"\" type=\"email\" name=\"your-email\" \/><\/span>\n\t<\/p>\n<\/div>\n<div class=\"form-item\">\n\t<p><label>Tel\u00e8fon *<\/label><span class=\"wpcf7-form-control-wrap\" data-name=\"teu-telefon\"><input size=\"40\" maxlength=\"400\" class=\"wpcf7-form-control wpcf7-tel wpcf7-validates-as-required wpcf7-text wpcf7-validates-as-tel\" aria-required=\"true\" aria-invalid=\"false\" value=\"\" type=\"tel\" name=\"teu-telefon\" \/><\/span>\n\t<\/p>\n<\/div>\n<div class=\"form-item\">\n\t<p><label>Poblaci\u00f3 *<\/label><span class=\"wpcf7-form-control-wrap\" data-name=\"your-location\"><input size=\"40\" maxlength=\"400\" class=\"wpcf7-form-control wpcf7-text wpcf7-validates-as-required\" aria-required=\"true\" aria-invalid=\"false\" value=\"\" type=\"text\" name=\"your-location\" \/><\/span>\n\t<\/p>\n<\/div>\n<div class=\"form-item\">\n\t<p><label>Qu\u00e8 necessiteu? *<\/label><span class=\"wpcf7-form-control-wrap\" data-name=\"your-message\"><textarea cols=\"40\" rows=\"10\" maxlength=\"2000\" class=\"wpcf7-form-control wpcf7-textarea wpcf7-validates-as-required\" aria-required=\"true\" aria-invalid=\"false\" placeholder=\"Especifica les caracter\u00edstiques i les mides del producte que necessites\" name=\"your-message\"><\/textarea><\/span>\n\t<\/p>\n<\/div>\n<div class=\"form-item form-item-ultim\">\n\t<p><label> Adjunteu un fitxer<span class=\"wpcf7-form-control-wrap\" data-name=\"fitxer-pressupost\"><input size=\"40\" class=\"wpcf7-form-control wpcf7-file\" accept=\"audio\/*,video\/*,image\/*\" aria-invalid=\"false\" type=\"file\" name=\"fitxer-pressupost\" \/><\/span><\/label>\n\t<\/p>\n<\/div>\n<p><span id=\"wpcf7-69e347a74c3f2-wrapper\" class=\"wpcf7-form-control-wrap phone-169-wrap\" ><label for=\"wpcf7-69e347a74c3f2-field\" class=\"hp-message\">Deixeu aquest camp buit.<\/label><input id=\"wpcf7-69e347a74c3f2-field\"  class=\"wpcf7-form-control wpcf7-text\" type=\"text\" name=\"phone-169\" value=\"\" size=\"40\" tabindex=\"-1\" autocomplete=\"new-password\" \/><\/span><br \/>\n<span class=\"wpcf7-form-control-wrap\" data-name=\"newsletter\"><span class=\"wpcf7-form-control wpcf7-acceptance optional\"><span class=\"wpcf7-list-item\"><label><input type=\"checkbox\" name=\"newsletter\" value=\"1\" class=\"text-acceptacio\" aria-invalid=\"false\" \/><span class=\"wpcf7-list-item-label\">Vull rebre informaci\u00f3 comercial sobre els productes, serveis i novetats de Grabalosa, S.L.<\/span><\/label><\/span><\/span><\/span><br \/>\n<span class=\"wpcf7-form-control-wrap\" data-name=\"acceptacio\"><span class=\"wpcf7-form-control wpcf7-acceptance\"><span class=\"wpcf7-list-item\"><label><input type=\"checkbox\" name=\"acceptacio\" value=\"1\" aria-invalid=\"false\" \/><span class=\"wpcf7-list-item-label\">* He llegit i estic conforme amb la pol\u00edtica de privacitat d'aquest lloc. <a href=\"https:\/\/grabalosa.com\/politica-de-privacitat\/\" target=\"_blank\">Av\u00eds legal i pol\u00edtica de privacitat<\/a><\/span><\/label><\/span><\/span><\/span>\n<\/p>\n<p class=\"text-acceptacio\">En nom de l'empresa GRABALOSA propiet\u00e0ria del domini web grabalosa.com els informem que tractem la informaci\u00f3 que ens facilita en el present formulari per tal de poder fer efectiva la seva sol\u00b7licitud d'informaci\u00f3. Les dades proporcionades es conservaran mentre es realitza el processament de la seva sol\u00b7licitud d'informaci\u00f3 i es d\u00f3na resposta. Vost\u00e8 t\u00e9 dret a obtenir confirmaci\u00f3 sobre si a GRABALOSA estem tractant les seves dades personals, per la qual cosa, vost\u00e8 pot accedir a la informaci\u00f3 relacionada amb les seves dades per tal de rectificar-les o sol\u00b7licitar-ne la supressi\u00f3 si ho considera oport\u00fa.\n<\/p>\n<p><input class=\"wpcf7-form-control wpcf7-submit has-spinner\" type=\"submit\" value=\"Enviar\" \/>\n<\/p><div class=\"wpcf7-response-output\" aria-hidden=\"true\"><\/div>\n<\/form>\n<\/div>\n[\/vc_column][\/vc_row]<\/p>\n<\/div>","protected":false},"excerpt":{"rendered":"<p>[vc_row css_animation=&#8221;&#8221; row_type=&#8221;row&#8221; use_row_as_full_screen_section=&#8221;yes&#8221; type=&#8221;grid&#8221; angled_section=&#8221;no&#8221; text_align=&#8221;left&#8221; background_image_as_pattern=&#8221;without_pattern&#8221; z_index=&#8221;&#8221; css=&#8221;.vc_custom_1591960397219{padding-top: 100px !important;padding-bottom: 100px !important;background-color: #f5f5f5 !important;}&#8221; el_class=&#8221;formulari&#8221;][vc_column width=&#8221;5\/6&#8243; offset=&#8221;vc_col-lg-offset-3 vc_col-lg-6 vc_col-md-offset-3 vc_col-md-6 vc_col-sm-offset-1 vc_col-xs-12&#8243;][vc_column_text css=&#8221;.vc_custom_1611236151177{padding-bottom: 10px !important;}&#8221;] Pressupost orientatiu [\/vc_column_text][vc_column_text css=&#8221;.vc_custom_1613125553079{margin-bottom: 30px !important;}&#8221;]Si necessita un preu orientatiu per alguns dels nostres productes de portes i&#8230;<\/p>\n","protected":false},"author":1,"featured_media":0,"parent":0,"menu_order":7,"comment_status":"closed","ping_status":"closed","template":"full_width.php","meta":{"footnotes":""},"class_list":["post-1588","page","type-page","status-publish","hentry"],"aioseo_notices":[],"_links":{"self":[{"href":"https:\/\/grabalosa.com\/portes\/wp-json\/wp\/v2\/pages\/1588","targetHints":{"allow":["GET"]}}],"collection":[{"href":"https:\/\/grabalosa.com\/portes\/wp-json\/wp\/v2\/pages"}],"about":[{"href":"https:\/\/grabalosa.com\/portes\/wp-json\/wp\/v2\/types\/page"}],"author":[{"embeddable":true,"href":"https:\/\/grabalosa.com\/portes\/wp-json\/wp\/v2\/users\/1"}],"replies":[{"embeddable":true,"href":"https:\/\/grabalosa.com\/portes\/wp-json\/wp\/v2\/comments?post=1588"}],"version-history":[{"count":0,"href":"https:\/\/grabalosa.com\/portes\/wp-json\/wp\/v2\/pages\/1588\/revisions"}],"wp:attachment":[{"href":"https:\/\/grabalosa.com\/portes\/wp-json\/wp\/v2\/media?parent=1588"}],"curies":[{"name":"wp","href":"https:\/\/api.w.org\/{rel}","templated":true}]}}