{"id":6059,"date":"2021-01-21T14:20:44","date_gmt":"2021-01-21T13:20:44","guid":{"rendered":"https:\/\/grabalosa.com\/new\/portes\/complements-et-automatisations\/"},"modified":"2022-07-15T23:40:51","modified_gmt":"2022-07-15T21:40:51","slug":"complements-et-automatisations","status":"publish","type":"page","link":"https:\/\/grabalosa.com\/portes\/fr\/complements-et-automatisations\/","title":{"rendered":"Compl\u00e9ments et automatismes"},"content":{"rendered":"<div class=\"wpb-content-wrapper\"><p>[vc_row css_animation=\u00a0\u00bb\u00a0\u00bb row_type=\u00a0\u00bbrow\u00a0\u00bb use_row_as_full_screen_section=\u00a0\u00bbno\u00a0\u00bb type=\u00a0\u00bbgrid\u00a0\u00bb angled_section=\u00a0\u00bbno\u00a0\u00bb text_align=\u00a0\u00bbleft\u00a0\u00bb background_image_as_pattern=\u00a0\u00bbwithout_pattern\u00a0\u00bb transition_delay=\u00a0\u00bb0.2&Prime; css=\u00a0\u00bb.vc_custom_1610372872978{background-color: #d9d9d9 !important;}\u00a0\u00bb z_index=\u00a0\u00bb\u00a0\u00bb el_class=\u00a0\u00bbflex-section flex-section-600 titol-producte\u00a0\u00bb][vc_column css_animation=\u00a0\u00bbleft-to-right\u00a0\u00bb css=\u00a0\u00bb.vc_custom_1610372476440{padding-top: 70px !important;padding-right: 70px !important;padding-bottom: 70px !important;}\u00a0\u00bb offset=\u00a0\u00bbvc_col-lg-6 vc_col-md-6 vc_col-xs-12&Prime;][vc_column_text]<\/p>\n<h2 class=\"h1\">Compl\u00e9ments et<br \/>\n<span class=\"w-400\">automatismes<\/span><\/h2>\n<p>[\/vc_column_text][vc_column_text el_class=\u00a0\u00bbicones-text-titol icones-text-titol-resp1000&Prime;]<\/p>\n<ul>\n<li><img decoding=\"async\" class=\"icona icona-s cercle dif\" title=\"Design et fonctionnalit\u00e9\" src=\"https:\/\/grabalosa.com\/portes\/wp-content\/uploads\/sites\/2\/2018\/11\/disseny-funcionalitat.svg\" alt=\"Design et fonctionnalit\u00e9\"><span class=\"no-marxis\">Design et fonctionnalit\u00e9<\/span><\/li>\n<li><img decoding=\"async\" class=\"icona icona-s cercle innovacio\" title=\"Innovation\" src=\"https:\/\/grabalosa.com\/wp-content\/uploads\/sites\/2\/2018\/11\/innovacio-gris.svg\" alt=\"Innovation\"><span class=\"no-marxis\">Innovation<\/span><\/li>\n<\/ul>\n<p>[\/vc_column_text][\/vc_column][vc_column offset=\u00a0\u00bbvc_col-lg-6 vc_col-md-6 vc_col-xs-12&Prime;][vc_single_image image=\u00a0\u00bb3751&Prime; img_size=\u00a0\u00bbfull\u00a0\u00bb alignment=\u00a0\u00bbcenter\u00a0\u00bb qode_css_animation=\u00a0\u00bb\u00a0\u00bb el_class=\u00a0\u00bbimatge-caract-1&Prime;][\/vc_column][\/vc_row][vc_row css_animation=\u00a0\u00bb\u00a0\u00bb row_type=\u00a0\u00bbrow\u00a0\u00bb use_row_as_full_screen_section=\u00a0\u00bbno\u00a0\u00bb type=\u00a0\u00bbgrid\u00a0\u00bb angled_section=\u00a0\u00bbno\u00a0\u00bb text_align=\u00a0\u00bbleft\u00a0\u00bb background_image_as_pattern=\u00a0\u00bbwithout_pattern\u00a0\u00bb z_index=\u00a0\u00bb\u00a0\u00bb css=\u00a0\u00bb.vc_custom_1545132089421{background-color: #f6f6f6 !important;}\u00a0\u00bb el_class=\u00a0\u00bbaltres-models modul-porta modul-faqs modul-accord-portes\u00a0\u00bb][vc_column css=\u00a0\u00bb.vc_custom_1544029349173{padding-top: 80px !important;padding-bottom: 80px !important;}\u00a0\u00bb][vc_row_inner row_type=\u00a0\u00bbrow\u00a0\u00bb type=\u00a0\u00bbgrid\u00a0\u00bb text_align=\u00a0\u00bbleft\u00a0\u00bb css_animation=\u00a0\u00bb\u00a0\u00bb][vc_column_inner offset=\u00a0\u00bbvc_col-lg-offset-1 vc_col-lg-10 vc_col-md-offset-0 vc_col-md-12 vc_col-sm-offset-0&Prime;][vc_column_text el_class=\u00a0\u00bbtext-left altres-text\u00a0\u00bb css=\u00a0\u00bb.vc_custom_1610372941831{margin-bottom: 30px !important;}\u00a0\u00bb]<\/p>\n<h2><span class=\"w-300\">CONFORT<\/span> ET S\u00c9CURIT\u00c9<\/h2>\n<p>[\/vc_column_text][vc_column_text el_class=\u00a0\u00bbtext-left altres-text column-lg-9&Prime; css=\u00a0\u00bb.vc_custom_1610530231359{margin-bottom: 30px !important;}\u00a0\u00bb]De nombreux accessoires disponibles : dispositifs d\u2019ouvertures ou de blocage des portes comme les lecteurs digitaux, les claviers num\u00e9riques ou les t\u00e9l\u00e9commandes. Pratiques, de taille tr\u00e8s r\u00e9duite et avec un design moderne et minimaliste.[\/vc_column_text][vc_column_text el_class=\u00a0\u00bbaltres-models-portes-wrap\u00a0\u00bb]<\/p>\n<div class=\"tipo-gratge-content tipo-automatismes-content\">\n<p><img decoding=\"async\" class=\"portes-garatge-img\" role=\"img\" src=\"https:\/\/grabalosa.com\/portes\/wp-content\/uploads\/sites\/2\/2021\/01\/complements-lector-digital-acces.png\" alt=\"Lecteur num\u00e9rique d'acc\u00e8s\" width=\"210\"><\/p>\n<div class=\"contingut-automatisme\">\n<h3>LECTEUR NUM\u00c9RIQUE<br \/>\n<span class=\"w-300\">D&rsquo;ACC\u00c8S<\/span><\/h3>\n<p>Lecteur num\u00e9rique d\u2019empreinte digitale ou de carte pour acc\u00e9der au logement sans n\u00e9cessit\u00e9 de clef.<\/p><\/div>\n<\/div>\n<div class=\"tipo-gratge-content tipo-automatismes-content\">\n<p><img decoding=\"async\" class=\"portes-garatge-img\" role=\"img\" src=\"https:\/\/grabalosa.com\/portes\/wp-content\/uploads\/sites\/2\/2021\/01\/nice_comandament.png\" alt=\"T\u00e9lecommande \u00e0 distance basculante\" width=\"210\"><\/p>\n<div class=\"contingut-automatisme\">\n<h3><span class=\"w-300\">T\u00c9LECOMMANDE <\/span><br \/>\n\u00c0 DISTANCE BASCULANTE<\/h3>\n<p>Transmetteurs et r\u00e9cepteur pour contr\u00f4ler et g\u00e9rer d\u2019une forme simple et s\u00fbre tous les automatismes de la maison.<\/p><\/div>\n<\/div>\n<div class=\"tipo-gratge-content tipo-automatismes-content\">\n<p><img decoding=\"async\" class=\"portes-garatge-img\" role=\"img\" src=\"https:\/\/grabalosa.com\/wp-content\/uploads\/sites\/2\/2021\/01\/selector-inalambric.png\" alt=\"Contr\u00f4le sans fil\" width=\"210\"><\/p>\n<div class=\"contingut-automatisme\">\n<h3><span class=\"w-300\">CONTR\u00d4LE <\/span><br \/>\nSANS FIL<\/h3>\n<p>Contr\u00f4le sans fil num\u00e9rique ou \u00e0 clef pour l\u2019ouverture des portes et des acc\u00e8s.<\/p><\/div>\n<p>[\/vc_column_text][\/vc_column_inner][\/vc_row_inner][\/vc_column][\/vc_row][vc_row css_animation=\u00a0\u00bb\u00a0\u00bb row_type=\u00a0\u00bbrow\u00a0\u00bb use_row_as_full_screen_section=\u00a0\u00bbno\u00a0\u00bb type=\u00a0\u00bbgrid\u00a0\u00bb angled_section=\u00a0\u00bbno\u00a0\u00bb text_align=\u00a0\u00bbleft\u00a0\u00bb background_image_as_pattern=\u00a0\u00bbwithout_pattern\u00a0\u00bb z_index=\u00a0\u00bb\u00a0\u00bb el_class=\u00a0\u00bbaltres-models modul-porta modul-faqs modul-accord-portes\u00a0\u00bb css=\u00a0\u00bb.vc_custom_1610530853582{background-color: #ffffff !important;}\u00a0\u00bb][vc_column css=\u00a0\u00bb.vc_custom_1544029349173{padding-top: 80px !important;padding-bottom: 80px !important;}\u00a0\u00bb][vc_row_inner row_type=\u00a0\u00bbrow\u00a0\u00bb type=\u00a0\u00bbgrid\u00a0\u00bb text_align=\u00a0\u00bbleft\u00a0\u00bb css_animation=\u00a0\u00bb\u00a0\u00bb css=\u00a0\u00bb.vc_custom_1585584096444{padding-bottom: 25px !important;}\u00a0\u00bb][vc_column_inner width=\u00a0\u00bb2\/3&Prime; offset=\u00a0\u00bbvc_col-lg-offset-2 vc_col-md-offset-2 vc_col-sm-offset-2&Prime; css=\u00a0\u00bb.vc_custom_1544027864146{margin-bottom: -80px !important;}\u00a0\u00bb][vc_column_text el_class=\u00a0\u00bbtext-left altres-text\u00a0\u00bb css=\u00a0\u00bb.vc_custom_1610376339721{margin-bottom: 30px !important;}\u00a0\u00bb]<\/p>\n<h2><span class=\"w-300\">MOTORISATION<\/span><br \/>\nDES PORTES ET PORTAILS<\/h2>\n<p>Motorisation des portes sectionnelles, portes basculantes et coulissantes; pour faciliter l\u2019ouverture et l\u2019acc\u00e8s au garage.[\/vc_column_text][\/vc_column_inner][\/vc_row_inner]\n\t\t\t<!-- START Complements i automatismes  FR REVOLUTION SLIDER 6.7.38 --><p class=\"rs-p-wp-fix\"><\/p>\n\t\t\t<rs-module-wrap id=\"rev_slider_9_1_wrapper\" data-source=\"gallery\" style=\"visibility:hidden;background:transparent;padding:0;margin:0px auto;margin-top:40;margin-bottom:40;\">\n\t\t\t\t<rs-module id=\"rev_slider_9_1\" style=\"\" data-version=\"6.7.38\">\n\t\t\t\t\t<rs-slides style=\"overflow: hidden; position: absolute;\">\n\t\t\t\t\t\t<rs-slide style=\"position: absolute;\" data-key=\"rs-91\" data-title=\"Slide\" data-anim=\"ms:600;r:0;\" data-in=\"o:0;\" data-out=\"a:false;\">\n\t\t\t\t\t\t\t<img decoding=\"async\" src=\"\/\/grabalosa.com\/portes\/wp-content\/plugins\/revslider\/sr6\/assets\/assets\/dummy.png\" alt=\"Slide\" title=\"Compl\u00e9ments et automatismes\" class=\"rev-slidebg tp-rs-img rs-lazyload\" data-lazyload=\"\/\/grabalosa.com\/portes\/wp-content\/plugins\/revslider\/sr6\/assets\/assets\/transparent.png\" data-parallax=\"off\" data-no-retina>\n<!--\n\t\t\t\t\t\t\t--><rs-layer\n\t\t\t\t\t\t\t\tid=\"slider-9-slide-91-layer-4\" \n\t\t\t\t\t\t\t\tdata-type=\"text\"\n\t\t\t\t\t\t\t\tdata-color=\"#1d1e1c\"\n\t\t\t\t\t\t\t\tdata-rsp_ch=\"on\"\n\t\t\t\t\t\t\t\tdata-xy=\"x:c;y:b;yo:60px;\"\n\t\t\t\t\t\t\t\tdata-text=\"s:16;l:20;fw:300;a:center;\"\n\t\t\t\t\t\t\t\tdata-frame_1=\"sR:10;\"\n\t\t\t\t\t\t\t\tdata-frame_999=\"o:0;st:w;sR:8690;\"\n\t\t\t\t\t\t\t\tstyle=\"z-index:7;font-family:'Roboto';\"\n\t\t\t\t\t\t\t>Motorisation pour les portes sectionnelles \n\t\t\t\t\t\t\t<\/rs-layer><!--\n\n\t\t\t\t\t\t\t--><rs-layer\n\t\t\t\t\t\t\t\tid=\"slider-9-slide-91-layer-5\" \n\t\t\t\t\t\t\t\tdata-type=\"image\"\n\t\t\t\t\t\t\t\tdata-rsp_ch=\"on\"\n\t\t\t\t\t\t\t\tdata-xy=\"x:c;y:m;\"\n\t\t\t\t\t\t\t\tdata-text=\"l:22;a:inherit;\"\n\t\t\t\t\t\t\t\tdata-dim=\"w:[&#039;600px&#039;,&#039;600px&#039;,&#039;600px&#039;,&#039;600px&#039;];h:[&#039;500px&#039;,&#039;500px&#039;,&#039;500px&#039;,&#039;500px&#039;];\"\n\t\t\t\t\t\t\t\tdata-frame_1=\"sR:10;\"\n\t\t\t\t\t\t\t\tdata-frame_999=\"o:0;st:w;sR:8690;\"\n\t\t\t\t\t\t\t\tstyle=\"z-index:5;\"\n\t\t\t\t\t\t\t><img decoding=\"async\" src=\"\/\/grabalosa.com\/portes\/wp-content\/plugins\/revslider\/sr6\/assets\/assets\/dummy.png\" alt=\"\" class=\"tp-rs-img rs-lazyload\" width=\"1000\" height=\"833\" data-lazyload=\"\/\/grabalosa.com\/portes\/wp-content\/uploads\/sites\/2\/2021\/01\/motoritzacio-portes-seccionals.png\" data-no-retina> \n\t\t\t\t\t\t\t<\/rs-layer><!--\n-->\t\t\t\t\t<\/rs-slide>\n\t\t\t\t\t\t<rs-slide style=\"position: absolute;\" data-key=\"rs-88\" data-title=\"Slide\" data-anim=\"ms:600;r:0;\" data-in=\"o:0;\" data-out=\"a:false;\">\n\t\t\t\t\t\t\t<img decoding=\"async\" src=\"\/\/grabalosa.com\/portes\/wp-content\/plugins\/revslider\/sr6\/assets\/assets\/dummy.png\" alt=\"Slide\" title=\"Compl\u00e9ments et automatismes\" class=\"rev-slidebg tp-rs-img rs-lazyload\" data-lazyload=\"\/\/grabalosa.com\/portes\/wp-content\/plugins\/revslider\/sr6\/assets\/assets\/transparent.png\" data-parallax=\"off\" data-no-retina>\n<!--\n\t\t\t\t\t\t\t--><rs-layer\n\t\t\t\t\t\t\t\tid=\"slider-9-slide-88-layer-4\" \n\t\t\t\t\t\t\t\tdata-type=\"text\"\n\t\t\t\t\t\t\t\tdata-color=\"#1d1e1c\"\n\t\t\t\t\t\t\t\tdata-rsp_ch=\"on\"\n\t\t\t\t\t\t\t\tdata-xy=\"x:c;y:b;yo:60px;\"\n\t\t\t\t\t\t\t\tdata-text=\"s:16;l:20;fw:300;a:center;\"\n\t\t\t\t\t\t\t\tdata-frame_1=\"sR:10;\"\n\t\t\t\t\t\t\t\tdata-frame_999=\"o:0;st:w;sR:8690;\"\n\t\t\t\t\t\t\t\tstyle=\"z-index:7;font-family:'Roboto';\"\n\t\t\t\t\t\t\t>Motorisation pour des portes battantes \n\t\t\t\t\t\t\t<\/rs-layer><!--\n\n\t\t\t\t\t\t\t--><rs-layer\n\t\t\t\t\t\t\t\tid=\"slider-9-slide-88-layer-5\" \n\t\t\t\t\t\t\t\tdata-type=\"image\"\n\t\t\t\t\t\t\t\tdata-rsp_ch=\"on\"\n\t\t\t\t\t\t\t\tdata-xy=\"x:c;y:m;\"\n\t\t\t\t\t\t\t\tdata-text=\"l:22;a:inherit;\"\n\t\t\t\t\t\t\t\tdata-dim=\"w:[&#039;550px&#039;,&#039;550px&#039;,&#039;550px&#039;,&#039;550px&#039;];h:[&#039;458px&#039;,&#039;458px&#039;,&#039;458px&#039;,&#039;458px&#039;];\"\n\t\t\t\t\t\t\t\tdata-frame_1=\"sR:10;\"\n\t\t\t\t\t\t\t\tdata-frame_999=\"o:0;st:w;sR:8690;\"\n\t\t\t\t\t\t\t\tstyle=\"z-index:5;\"\n\t\t\t\t\t\t\t><img decoding=\"async\" src=\"\/\/grabalosa.com\/portes\/wp-content\/plugins\/revslider\/sr6\/assets\/assets\/dummy.png\" alt=\"\" class=\"tp-rs-img rs-lazyload\" width=\"1000\" height=\"833\" data-lazyload=\"\/\/grabalosa.com\/portes\/wp-content\/uploads\/sites\/2\/2021\/01\/motoritzacio-per-batents.png\" data-no-retina> \n\t\t\t\t\t\t\t<\/rs-layer><!--\n-->\t\t\t\t\t<\/rs-slide>\n\t\t\t\t\t\t<rs-slide style=\"position: absolute;\" data-key=\"rs-90\" data-title=\"Slide\" data-anim=\"ms:600;r:0;\" data-in=\"o:0;\" data-out=\"a:false;\">\n\t\t\t\t\t\t\t<img decoding=\"async\" src=\"\/\/grabalosa.com\/portes\/wp-content\/plugins\/revslider\/sr6\/assets\/assets\/dummy.png\" alt=\"Slide\" title=\"Compl\u00e9ments et automatismes\" class=\"rev-slidebg tp-rs-img rs-lazyload\" data-lazyload=\"\/\/grabalosa.com\/portes\/wp-content\/plugins\/revslider\/sr6\/assets\/assets\/transparent.png\" data-parallax=\"off\" data-no-retina>\n<!--\n\t\t\t\t\t\t\t--><rs-layer\n\t\t\t\t\t\t\t\tid=\"slider-9-slide-90-layer-4\" \n\t\t\t\t\t\t\t\tdata-type=\"text\"\n\t\t\t\t\t\t\t\tdata-color=\"#1d1e1c\"\n\t\t\t\t\t\t\t\tdata-rsp_ch=\"on\"\n\t\t\t\t\t\t\t\tdata-xy=\"x:c;y:b;yo:60px;\"\n\t\t\t\t\t\t\t\tdata-text=\"s:16;l:20;fw:300;a:center;\"\n\t\t\t\t\t\t\t\tdata-frame_1=\"sR:10;\"\n\t\t\t\t\t\t\t\tdata-frame_999=\"o:0;st:w;sR:8690;\"\n\t\t\t\t\t\t\t\tstyle=\"z-index:7;font-family:'Roboto';\"\n\t\t\t\t\t\t\t>Motorisation pour des portes \u00e0 coulisse \n\t\t\t\t\t\t\t<\/rs-layer><!--\n\n\t\t\t\t\t\t\t--><rs-layer\n\t\t\t\t\t\t\t\tid=\"slider-9-slide-90-layer-5\" \n\t\t\t\t\t\t\t\tdata-type=\"image\"\n\t\t\t\t\t\t\t\tdata-rsp_ch=\"on\"\n\t\t\t\t\t\t\t\tdata-xy=\"x:c;y:m;yo:-25px;\"\n\t\t\t\t\t\t\t\tdata-text=\"l:22;a:inherit;\"\n\t\t\t\t\t\t\t\tdata-dim=\"w:[&#039;590px&#039;,&#039;590px&#039;,&#039;590px&#039;,&#039;590px&#039;];h:[&#039;491px&#039;,&#039;491px&#039;,&#039;491px&#039;,&#039;491px&#039;];\"\n\t\t\t\t\t\t\t\tdata-frame_1=\"sR:10;\"\n\t\t\t\t\t\t\t\tdata-frame_999=\"o:0;st:w;sR:8690;\"\n\t\t\t\t\t\t\t\tstyle=\"z-index:5;\"\n\t\t\t\t\t\t\t><img decoding=\"async\" src=\"\/\/grabalosa.com\/portes\/wp-content\/plugins\/revslider\/sr6\/assets\/assets\/dummy.png\" alt=\"\" class=\"tp-rs-img rs-lazyload\" width=\"1000\" height=\"833\" data-lazyload=\"\/\/grabalosa.com\/portes\/wp-content\/uploads\/sites\/2\/2021\/01\/motoritzacio-portes-correderes.png\" data-no-retina> \n\t\t\t\t\t\t\t<\/rs-layer><!--\n-->\t\t\t\t\t<\/rs-slide>\n\t\t\t\t\t\t<rs-slide style=\"position: absolute;\" data-key=\"rs-89\" data-title=\"Slide\" data-anim=\"ms:600;r:0;\" data-in=\"o:0;\" data-out=\"a:false;\">\n\t\t\t\t\t\t\t<img decoding=\"async\" src=\"\/\/grabalosa.com\/portes\/wp-content\/plugins\/revslider\/sr6\/assets\/assets\/dummy.png\" alt=\"Slide\" title=\"Compl\u00e9ments et automatismes\" class=\"rev-slidebg tp-rs-img rs-lazyload\" data-lazyload=\"\/\/grabalosa.com\/portes\/wp-content\/plugins\/revslider\/sr6\/assets\/assets\/transparent.png\" data-parallax=\"off\" data-no-retina>\n<!--\n\t\t\t\t\t\t\t--><rs-layer\n\t\t\t\t\t\t\t\tid=\"slider-9-slide-89-layer-4\" \n\t\t\t\t\t\t\t\tdata-type=\"text\"\n\t\t\t\t\t\t\t\tdata-color=\"#1d1e1c\"\n\t\t\t\t\t\t\t\tdata-rsp_ch=\"on\"\n\t\t\t\t\t\t\t\tdata-xy=\"x:c;y:b;yo:60px;\"\n\t\t\t\t\t\t\t\tdata-text=\"s:16;l:20;fw:300;a:center;\"\n\t\t\t\t\t\t\t\tdata-frame_1=\"sR:10;\"\n\t\t\t\t\t\t\t\tdata-frame_999=\"o:0;st:w;sR:8690;\"\n\t\t\t\t\t\t\t\tstyle=\"z-index:7;font-family:'Roboto';\"\n\t\t\t\t\t\t\t>Bras articul\u00e9 pour des portes battantes<br\/> de grandes dimensions \n\t\t\t\t\t\t\t<\/rs-layer><!--\n\n\t\t\t\t\t\t\t--><rs-layer\n\t\t\t\t\t\t\t\tid=\"slider-9-slide-89-layer-5\" \n\t\t\t\t\t\t\t\tdata-type=\"image\"\n\t\t\t\t\t\t\t\tdata-rsp_ch=\"on\"\n\t\t\t\t\t\t\t\tdata-xy=\"x:c;y:m;\"\n\t\t\t\t\t\t\t\tdata-text=\"l:22;a:inherit;\"\n\t\t\t\t\t\t\t\tdata-dim=\"w:[&#039;530px&#039;,&#039;530px&#039;,&#039;530px&#039;,&#039;530px&#039;];h:[&#039;441px&#039;,&#039;441px&#039;,&#039;441px&#039;,&#039;441px&#039;];\"\n\t\t\t\t\t\t\t\tdata-frame_1=\"sR:10;\"\n\t\t\t\t\t\t\t\tdata-frame_999=\"o:0;st:w;sR:8690;\"\n\t\t\t\t\t\t\t\tstyle=\"z-index:5;\"\n\t\t\t\t\t\t\t><img decoding=\"async\" src=\"\/\/grabalosa.com\/portes\/wp-content\/plugins\/revslider\/sr6\/assets\/assets\/dummy.png\" alt=\"\" class=\"tp-rs-img rs-lazyload\" width=\"1000\" height=\"833\" data-lazyload=\"\/\/grabalosa.com\/portes\/wp-content\/uploads\/sites\/2\/2021\/01\/brac-articulat-portes-batents-grans-dimensions.png\" data-no-retina> \n\t\t\t\t\t\t\t<\/rs-layer><!--\n-->\t\t\t\t\t<\/rs-slide>\n\t\t\t\t\t<\/rs-slides>\n\t\t\t\t<\/rs-module>\n\t\t\t\t<script>\n\t\t\t\t\tsetREVStartSize({c: 'rev_slider_9_1',rl:[1240,1024,778,778],el:[485,600,600,600],gw:[600,600,600,600],gh:[485,485,485,485],type:'carousel',justify:'',layout:'fullwidth',mh:\"0\"});if (window.RS_MODULES!==undefined && window.RS_MODULES.modules!==undefined && window.RS_MODULES.modules[\"revslider91\"]!==undefined) {window.RS_MODULES.modules[\"revslider91\"].once = false;window.revapi9 = undefined;if (window.RS_MODULES.checkMinimal!==undefined) window.RS_MODULES.checkMinimal()}\n\t\t\t\t<\/script>\n\t\t\t<\/rs-module-wrap>\n\t\t\t<!-- END REVOLUTION SLIDER -->\n[\/vc_column][\/vc_row][vc_row css_animation=\u00a0\u00bb\u00a0\u00bb row_type=\u00a0\u00bbrow\u00a0\u00bb use_row_as_full_screen_section=\u00a0\u00bbno\u00a0\u00bb type=\u00a0\u00bbgrid\u00a0\u00bb angled_section=\u00a0\u00bbno\u00a0\u00bb text_align=\u00a0\u00bbleft\u00a0\u00bb background_image_as_pattern=\u00a0\u00bbwithout_pattern\u00a0\u00bb css=\u00a0\u00bb.vc_custom_1544013941949{padding-top: 70px !important;padding-bottom: 70px !important;background-color: #f1f1f1 !important;}\u00a0\u00bb z_index=\u00a0\u00bb\u00a0\u00bb el_class=\u00a0\u00bbmodul-3&Prime;][vc_column el_class=\u00a0\u00bbassessor\u00a0\u00bb offset=\u00a0\u00bbvc_col-lg-offset-2 vc_col-lg-8 vc_col-md-offset-2 vc_col-md-8 vc_col-sm-offset-0 vc_col-xs-12&Prime;][vc_column_text el_class=\u00a0\u00bbtext-left text-descriptiu-3&Prime;]<\/p>\n<h5>CONTACTER UN TECHNICIEN<\/h5>\n<p>[\/vc_column_text][vc_column_text el_class=\u00a0\u00bbtext-left text-descriptiu-3&Prime;]<\/p>\n<h2 class=\"h1\">Renseignement gratuit<\/h2>\n<p>Autres \u00e9l\u00e9ments de motorisation possibles. N\u2019h\u00e9sitez pas \u00e0 nous contacter pour vous renseigner sur la solution la mieux adapt\u00e9e \u00e0 vos besoins.[\/vc_column_text][vc_row_inner row_type=\u00a0\u00bbrow\u00a0\u00bb type=\u00a0\u00bbfull_width\u00a0\u00bb text_align=\u00a0\u00bbleft\u00a0\u00bb css_animation=\u00a0\u00bb\u00a0\u00bb css=\u00a0\u00bb.vc_custom_1528016690302{margin-top: 40px !important;}\u00a0\u00bb][vc_column_inner width=\u00a0\u00bb1\/2&Prime; offset=\u00a0\u00bbvc_col-lg-6 vc_col-md-6 vc_col-xs-12&Prime;]\n\n\t<a href=\"https:\/\/grabalosa.com\/fr\/contact\/\" target=\"_self\" style=\"color: #ffffff;background-color: #1d1d1b;font-size: 16px;font-weight: 300;text-transform: uppercase;font-style: normal\" class=\"qode-btn qode-btn-medium qode-btn-solid qode-btn-custom-hover-bg qode-btn-custom-hover-color qode-btn-icon boto-assessor spu-open-3520 qode-btn-default-hover\" data-hover-bg-color=\"#555555\" data-hover-color=\"#f2f2f2\" >\n\t    <span class=\"qode-btn-text\">CONTACTEZ-NOUS<\/span><span class=\"qode-button-v2-icon-holder\" style=\"font-size: 16px\" ><i class=\"qode_icon_font_awesome fa fa-envelope qode-button-v2-icon-holder-inner\" ><\/i><\/span>\t<\/a>\n\n[\/vc_column_inner][vc_column_inner width=\u00a0\u00bb1\/2&Prime; offset=\u00a0\u00bbvc_col-lg-6 vc_col-md-6 vc_col-xs-12&Prime;]\n\n\t<a href=\"tel:+34972788028\" target=\"_self\" style=\"color: #ffffff;background-color: #1d1d1b;font-size: 16px;font-weight: 300;text-transform: uppercase;font-style: normal\" class=\"qode-btn qode-btn-medium qode-btn-solid qode-btn-custom-hover-bg qode-btn-custom-hover-color qode-btn-icon boto-assessor qode-btn-default-hover\" data-hover-bg-color=\"#555555\" data-hover-color=\"#f2f2f2\" >\n\t    <span class=\"qode-btn-text\">(34) 972 788 028<\/span><span class=\"qode-button-v2-icon-holder\" style=\"font-size: 16px\" ><i class=\"qode_icon_font_awesome fa fa-phone qode-button-v2-icon-holder-inner\" ><\/i><\/span>\t<\/a>\n\n[\/vc_column_inner][\/vc_row_inner][\/vc_column][\/vc_row]<\/p>\n<\/div>","protected":false},"excerpt":{"rendered":"<p>[vc_row css_animation=\u00a0\u00bb\u00a0\u00bb row_type=\u00a0\u00bbrow\u00a0\u00bb use_row_as_full_screen_section=\u00a0\u00bbno\u00a0\u00bb type=\u00a0\u00bbgrid\u00a0\u00bb angled_section=\u00a0\u00bbno\u00a0\u00bb text_align=\u00a0\u00bbleft\u00a0\u00bb background_image_as_pattern=\u00a0\u00bbwithout_pattern\u00a0\u00bb transition_delay=\u00a0\u00bb0.2&Prime; css=\u00a0\u00bb.vc_custom_1610372872978{background-color: #d9d9d9 !important;}\u00a0\u00bb z_index=\u00a0\u00bb\u00a0\u00bb el_class=\u00a0\u00bbflex-section flex-section-600 titol-producte\u00a0\u00bb][vc_column css_animation=\u00a0\u00bbleft-to-right\u00a0\u00bb css=\u00a0\u00bb.vc_custom_1610372476440{padding-top: 70px !important;padding-right: 70px !important;padding-bottom: 70px !important;}\u00a0\u00bb offset=\u00a0\u00bbvc_col-lg-6 vc_col-md-6 vc_col-xs-12&Prime;][vc_column_text] Compl\u00e9ments et automatismes [\/vc_column_text][vc_column_text el_class=\u00a0\u00bbicones-text-titol icones-text-titol-resp1000&Prime;] Design et fonctionnalit\u00e9 Innovation [\/vc_column_text][\/vc_column][vc_column offset=\u00a0\u00bbvc_col-lg-6 vc_col-md-6 vc_col-xs-12&Prime;][vc_single_image image=\u00a0\u00bb3751&Prime; img_size=\u00a0\u00bbfull\u00a0\u00bb alignment=\u00a0\u00bbcenter\u00a0\u00bb qode_css_animation=\u00a0\u00bb\u00a0\u00bb&#8230;<\/p>\n","protected":false},"author":1,"featured_media":0,"parent":0,"menu_order":4,"comment_status":"closed","ping_status":"closed","template":"full_width.php","meta":{"footnotes":""},"class_list":["post-6059","page","type-page","status-publish","hentry"],"aioseo_notices":[],"_links":{"self":[{"href":"https:\/\/grabalosa.com\/portes\/fr\/wp-json\/wp\/v2\/pages\/6059","targetHints":{"allow":["GET"]}}],"collection":[{"href":"https:\/\/grabalosa.com\/portes\/fr\/wp-json\/wp\/v2\/pages"}],"about":[{"href":"https:\/\/grabalosa.com\/portes\/fr\/wp-json\/wp\/v2\/types\/page"}],"author":[{"embeddable":true,"href":"https:\/\/grabalosa.com\/portes\/fr\/wp-json\/wp\/v2\/users\/1"}],"replies":[{"embeddable":true,"href":"https:\/\/grabalosa.com\/portes\/fr\/wp-json\/wp\/v2\/comments?post=6059"}],"version-history":[{"count":57,"href":"https:\/\/grabalosa.com\/portes\/fr\/wp-json\/wp\/v2\/pages\/6059\/revisions"}],"predecessor-version":[{"id":7041,"href":"https:\/\/grabalosa.com\/portes\/fr\/wp-json\/wp\/v2\/pages\/6059\/revisions\/7041"}],"wp:attachment":[{"href":"https:\/\/grabalosa.com\/portes\/fr\/wp-json\/wp\/v2\/media?parent=6059"}],"curies":[{"name":"wp","href":"https:\/\/api.w.org\/{rel}","templated":true}]}}