{"id":5783,"date":"2020-08-04T20:49:29","date_gmt":"2020-08-04T18:49:29","guid":{"rendered":"http:\/\/ambdues.cat\/portes\/accueil\/"},"modified":"2024-01-11T13:32:56","modified_gmt":"2024-01-11T12:32:56","slug":"home","status":"publish","type":"page","link":"https:\/\/grabalosa.com\/portes\/fr\/","title":{"rendered":"Home"},"content":{"rendered":"<div class=\"wpb-content-wrapper\"><p>[vc_row css_animation=\u00a0\u00bb\u00a0\u00bb row_type=\u00a0\u00bbrow\u00a0\u00bb use_row_as_full_screen_section=\u00a0\u00bbno\u00a0\u00bb type=\u00a0\u00bbfull_width\u00a0\u00bb angled_section=\u00a0\u00bbno\u00a0\u00bb text_align=\u00a0\u00bbleft\u00a0\u00bb background_image_as_pattern=\u00a0\u00bbwithout_pattern\u00a0\u00bb][vc_column][\/vc_column][\/vc_row][vc_row css_animation=\u00a0\u00bbelement_from_fade\u00a0\u00bb row_type=\u00a0\u00bbrow\u00a0\u00bb use_row_as_full_screen_section=\u00a0\u00bbno\u00a0\u00bb type=\u00a0\u00bbgrid\u00a0\u00bb angled_section=\u00a0\u00bbno\u00a0\u00bb text_align=\u00a0\u00bbleft\u00a0\u00bb background_image_as_pattern=\u00a0\u00bbwithout_pattern\u00a0\u00bb z_index=\u00a0\u00bb\u00a0\u00bb css=\u00a0\u00bb.vc_custom_1550260022824{margin-top: 20px !important;margin-bottom: 20px !important;padding-top: 60px !important;padding-bottom: 60px !important;background-color: #f1f1f1 !important;}\u00a0\u00bb el_class=\u00a0\u00bbtres-icones\u00a0\u00bb][vc_column css_animation=\u00a0\u00bbnone\u00a0\u00bb width=\u00a0\u00bb1\/3&Prime; el_class=\u00a0\u00bbicon-pressupost icon-blanc\u00a0\u00bb offset=\u00a0\u00bbvc_col-lg-4 vc_col-md-4 vc_col-xs-12&Prime;][vc_raw_html]PGRpdiBjbGFzcz0iaWNvbmEtYW1iLXRleHQiPjxpbWcgaXRlbXByb3A9ImltYWdlIiBzcmM9Imh0dHBzOi8vZ3JhYmFsb3NhLmNvbS93cC1jb250ZW50L3VwbG9hZHMvc2l0ZXMvMi8yMDE4LzExL3ByZXNzdXBvc3QtZ3JhdHVpdC1uZWdyZS5zdmciIGFsdD0iSWPDtG5lIGQndW5lIGZhY3R1cmUgZXQgdW5lIGNhbGN1bGF0cmljZSBlbiBzeW1ib2xpc2FudCBsZSBidWRnZXQgZGVzIHBvcnRlIj48aDM+REVWSVM8L2gzPjxoMyBjbGFzcz0idy00MDAiPkdSQVRVSVQ8L2gzPjxwPlBvdXIgdG91dGUgZGVtYW5kZSBkZSBkZXZpcywgbidow6lzaXRleiBwYXMgw6Agbm91cyBjb250YWN0ZXI7IG1lcmNpIGRlIG5vdXMgY29tbXVuaXF1ZXIgdm9zIGNvb3Jkb25uw6llcyBjaS1hcHLDqHM8L3A+PC9kaXY+[\/vc_raw_html]<a  itemprop=\"url\" href=\"https:\/\/grabalosa.com\/portes\/fr\/devis\/\" target=\"_self\" data-hover-background-color=\"#1d1d1b\" data-hover-border-color=\"#1d1d1b\" data-hover-color=\"#ffffff\" class=\"qbutton  small center white default boto-mesinfo boto-pressu\" style=\"color: #1d1d1b; border-color: #1d1d1b; border-radius: 3px;-moz-border-radius: 3px;-webkit-border-radius: 3px; background-color:transparent;\">PLUS D'INFORMATIONS<\/a>[\/vc_column][vc_column css_animation=\u00a0\u00bbnone\u00a0\u00bb width=\u00a0\u00bb1\/3&Prime; el_class=\u00a0\u00bbicon-visita icon-blanc\u00a0\u00bb offset=\u00a0\u00bbvc_col-lg-4 vc_col-md-4 vc_col-xs-12&Prime;][vc_raw_html]PGRpdiBjbGFzcz0iaWNvbmEtYW1iLXRleHQiPjxpbWcgaXRlbXByb3A9ImltYWdlIiBzcmM9Imh0dHBzOi8vZ3JhYmFsb3NhLmNvbS93cC1jb250ZW50L3VwbG9hZHMvc2l0ZXMvMi8yMDE4LzExL3Zpc2l0YS1jb21lcmNpYWwtbmVncmUuc3ZnIiBhbHQ9Ikljw7RuZSBkJ3VuZSB2YWxpc2UgZW4gc3ltYm9saXNhbnQgbCdhdHRlbnRpb24gY29tbWVyY2lhbGUiPgo8aDMgY2xhc3M9InctNDAwIj5WSVNJVEU8L2gzPgo8aDM+Q09NTUVSQ0lBTEU8L2gzPgo8cD5Db250YWN0ZXIgbOKAmXVuIGRlIG5vcyBjb21tZXJjaWF1eCBwb3VyIHZvdXMgcmVuc2VpZ25lciDDoCBwcm9wb3MgZGVzIHNvbHV0aW9ucyB0ZWNobmlxdWVzIHF1aSB2b3VzIGNvbnZpZW5uZW50IGxlIHBsdXMuPC9wPjwvZGl2Pg==[\/vc_raw_html]<a  itemprop=\"url\" href=\"https:\/\/grabalosa.com\/fr\/service-client\/visite-commerciale\/\" target=\"_self\" data-hover-background-color=\"#1d1d1b\" data-hover-border-color=\"#1d1d1b\" data-hover-color=\"#ffffff\" class=\"qbutton  small center white default boto-mesinfo boto-visita-comercial\" style=\"color: #1d1d1b; border-color: #1d1d1b; border-radius: 3px;-moz-border-radius: 3px;-webkit-border-radius: 3px; background-color:transparent;\">PLUS D'INFORMATIONS<\/a>[\/vc_column][vc_column css_animation=\u00a0\u00bbnone\u00a0\u00bb width=\u00a0\u00bb1\/3&Prime; el_class=\u00a0\u00bbicon-postvenda icon-blanc\u00a0\u00bb offset=\u00a0\u00bbvc_col-lg-4 vc_col-md-4 vc_col-xs-12&Prime;][vc_raw_html]PGRpdiBjbGFzcz0iaWNvbmEtYW1iLXRleHQiPjxpbWcgaXRlbXByb3A9ImltYWdlIiBzcmM9Imh0dHBzOi8vZ3JhYmFsb3NhLmNvbS93cC1jb250ZW50L3VwbG9hZHMvc2l0ZXMvMi8yMDE4LzExL3NlcnZlaS1wb3N0dmVuZGEtbmVncmUuc3ZnIiBhbHQ9Ikljw7RuZSBkJ3VuIHRvdXJuZXZpcyBldCB1bmUgY2zDqSBhbmdsYWlzZSBjcm9pc8OpZXMgZW4gc3ltYm9saXNhbnQgbGUgc2VydmljZSBkZSByw6lwYXJhdGlvbiBwb25kdS12ZW50ZSI+CjxoMyBjbGFzcz0idy00MDAiPlNFUlZJQ0U8L2gzPgo8aDM+QVBSRVMtVkVOVEU8L2gzPgo8cD5TZXJ2aWNlIGFwcsOocy12ZW50ZSBwb3VyIHRvdXQgZW50cmV0aWVuLCAyNGhyLzdqPC9wPjwvZGl2Pg==[\/vc_raw_html]<a  itemprop=\"url\" href=\"https:\/\/grabalosa.com\/fr\/service-client\/service-post-vente\/\" target=\"_self\" data-hover-background-color=\"#1d1d1b\" data-hover-border-color=\"#1d1d1b\" data-hover-color=\"#ffffff\" class=\"qbutton  small center white default boto-mesinfo boto-servei-comercial\" style=\"color: #1d1d1b; border-color: #1d1d1b; border-radius: 3px;-moz-border-radius: 3px;-webkit-border-radius: 3px; background-color:transparent;\">PLUS D'INFORMATIONS<\/a>[\/vc_column][\/vc_row][vc_row css_animation=\u00a0\u00bbelement_from_fade\u00a0\u00bb row_type=\u00a0\u00bbrow\u00a0\u00bb use_row_as_full_screen_section=\u00a0\u00bbno\u00a0\u00bb type=\u00a0\u00bbfull_width\u00a0\u00bb angled_section=\u00a0\u00bbno\u00a0\u00bb text_align=\u00a0\u00bbleft\u00a0\u00bb background_image_as_pattern=\u00a0\u00bbwithout_pattern\u00a0\u00bb z_index=\u00a0\u00bb\u00a0\u00bb el_class=\u00a0\u00bbportes-categories\u00a0\u00bb][vc_column width=\u00a0\u00bb1\/2&Prime; el_class=\u00a0\u00bbproducte-c ic_col-xxs-12&Prime; css=\u00a0\u00bb.vc_custom_1541756448930{padding-right: 3px !important;padding-left: 3px !important;}\u00a0\u00bb offset=\u00a0\u00bbvc_col-lg-3 vc_col-md-3 vc_col-xs-6&Prime;]<div class=\"image_hover \" data-transition-delay=\"\"><div class=\"images_holder\"><a itemprop=\"url\" href=\"https:\/\/grabalosa.com\/portes\/fr\/portes-produits\/portes-de-garage\/\" target=\"_self\"><img decoding=\"async\" itemprop=\"image\" class=\"active_image \" src=\"https:\/\/grabalosa.com\/portes\/wp-content\/uploads\/sites\/2\/2018\/11\/01p-portes-garatge-grabalosa-inici.jpg\" alt=\"Portes de garatge - Portes Grabalosa\" style=\"\" \/><img decoding=\"async\" itemprop=\"image\" class=\"hover_image\" src=\"https:\/\/grabalosa.com\/portes\/wp-content\/uploads\/sites\/2\/2018\/11\/01-portes-garatge-grabalosa-inici.jpg\" alt=\"Portes de garatge - Portes Grabalosa\" style=\"\" \/><\/a><\/div><\/div>[vc_column_text el_class=\u00a0\u00bbtitol-cat-hover\u00a0\u00bb]<\/p>\n<h2>Portes<\/h2>\n<h2>de garage<\/h2>\n<p>[\/vc_column_text][\/vc_column][vc_column width=\u00a0\u00bb1\/2&Prime; css=\u00a0\u00bb.vc_custom_1541756463260{padding-right: 3px !important;padding-left: 3px !important;}\u00a0\u00bb el_class=\u00a0\u00bbproducte-c ic_col-xxs-12&Prime; offset=\u00a0\u00bbvc_col-lg-3 vc_col-md-3 vc_col-xs-6&Prime;]<div class=\"image_hover \" data-transition-delay=\"\"><div class=\"images_holder\"><a itemprop=\"url\" href=\"https:\/\/grabalosa.com\/portes\/fr\/portes-produits\/portes-dentree\/\" target=\"_self\"><img decoding=\"async\" itemprop=\"image\" class=\"active_image \" src=\"https:\/\/grabalosa.com\/portes\/wp-content\/uploads\/sites\/2\/2018\/11\/02p-2portes-entrada-grabalosa-inici.jpg\" alt=\"Portes d&#039;entrada - Portes Grabalosa\" style=\"\" \/><img decoding=\"async\" itemprop=\"image\" class=\"hover_image\" src=\"https:\/\/grabalosa.com\/portes\/wp-content\/uploads\/sites\/2\/2018\/11\/02-portes-entrada-grabalosa-inici.jpg\" alt=\"Portes d&#039;entrada - Portes Grabalosa\" style=\"\" \/><\/a><\/div><\/div>[vc_column_text el_class=\u00a0\u00bbtitol-cat-hover\u00a0\u00bb]<\/p>\n<h2>Portes<\/h2>\n<h2>d&rsquo;entr\u00e9e<\/h2>\n<p>[\/vc_column_text][\/vc_column][vc_column width=\u00a0\u00bb1\/2&Prime; css=\u00a0\u00bb.vc_custom_1541756480796{padding-right: 3px !important;padding-left: 3px !important;}\u00a0\u00bb el_class=\u00a0\u00bbproducte-c ic_col-xxs-12&Prime; offset=\u00a0\u00bbvc_col-lg-3 vc_col-md-3 vc_col-xs-6&Prime;]<div class=\"image_hover \" data-transition-delay=\"\"><div class=\"images_holder\"><a itemprop=\"url\" href=\"https:\/\/grabalosa.com\/portes\/fr\/portes-produits\/contre-fenetres-de-securite\/\" target=\"_self\"><img decoding=\"async\" itemprop=\"image\" class=\"active_image \" src=\"https:\/\/grabalosa.com\/portes\/wp-content\/uploads\/sites\/2\/2018\/11\/03p-2portes-porticons-seguretat-grabalosa-inici.jpg\" alt=\"Porticons de seguretat - Portes Grabalosa\" style=\"\" \/><img decoding=\"async\" itemprop=\"image\" class=\"hover_image\" src=\"https:\/\/grabalosa.com\/portes\/wp-content\/uploads\/sites\/2\/2018\/11\/03-portes-porticons-seguretat-grabalosa-inici.jpg\" alt=\"Porticons de seguretat - Portes Grabalosa\" style=\"\" \/><\/a><\/div><\/div>[vc_column_text el_class=\u00a0\u00bbtitol-cat-hover\u00a0\u00bb]<\/p>\n<h2>Ventelles<\/h2>\n<h2>de s\u00e9curit\u00e9<\/h2>\n<p>[\/vc_column_text][\/vc_column][vc_column width=\u00a0\u00bb1\/2&Prime; el_class=\u00a0\u00bbproducte-c ic_col-xxs-12&Prime; css=\u00a0\u00bb.vc_custom_1541756492918{padding-right: 3px !important;padding-left: 3px !important;}\u00a0\u00bb offset=\u00a0\u00bbvc_col-lg-3 vc_col-md-3 vc_col-xs-6&Prime;]<div class=\"image_hover \" data-transition-delay=\"\"><div class=\"images_holder\"><a itemprop=\"url\" href=\"https:\/\/grabalosa.com\/portes\/fr\/portes-produits\/portes-et-clotures-de-jardin\/\" target=\"_self\"><img decoding=\"async\" itemprop=\"image\" class=\"active_image \" src=\"https:\/\/grabalosa.com\/portes\/wp-content\/uploads\/sites\/2\/2018\/11\/04p-2portes-tanques-jardi-grabalosa-inici.jpg\" alt=\"Portes i tanques de jard\u00ed - Portes Grabalosa\" style=\"\" \/><img decoding=\"async\" itemprop=\"image\" class=\"hover_image\" src=\"https:\/\/grabalosa.com\/portes\/wp-content\/uploads\/sites\/2\/2018\/11\/04-portes-tanques-jardi-grabalosa-inici.jpg\" alt=\"Portes i tanques de jard\u00ed - Portes Grabalosa\" style=\"\" \/><\/a><\/div><\/div>[vc_column_text el_class=\u00a0\u00bbtitol-cat-hover\u00a0\u00bb]<\/p>\n<h2>Portails et fermetures<\/h2>\n<h2>de jardin<\/h2>\n<p>[\/vc_column_text][\/vc_column][\/vc_row][vc_row css_animation=\u00a0\u00bbelement_from_fade\u00a0\u00bb row_type=\u00a0\u00bbrow\u00a0\u00bb use_row_as_full_screen_section=\u00a0\u00bbno\u00a0\u00bb type=\u00a0\u00bbgrid\u00a0\u00bb angled_section=\u00a0\u00bbno\u00a0\u00bb text_align=\u00a0\u00bbleft\u00a0\u00bb background_image_as_pattern=\u00a0\u00bbwithout_pattern\u00a0\u00bb css=\u00a0\u00bb.vc_custom_1550260063730{margin-top: 80px !important;margin-bottom: 80px !important;}\u00a0\u00bb z_index=\u00a0\u00bb\u00a0\u00bb el_class=\u00a0\u00bbmodul-3&Prime;][vc_column width=\u00a0\u00bb2\/3&Prime; el_class=\u00a0\u00bbtext-descriptiu-3 text-left\u00a0\u00bb offset=\u00a0\u00bbvc_col-lg-offset-2 vc_col-md-offset-2 vc_col-sm-offset-2&Prime;][vc_column_text]<\/p>\n<h2 class=\"h1\">Fonctionnalit\u00e9, conception et s\u00e9curit\u00e9<\/h2>\n<p><strong>Les portes et portes de garage<\/strong> de Met\u00e0l.liques Grabalosa, sont fabriqu\u00e9es avec des mat\u00e9riaux de <strong>premi\u00e8re qualit\u00e9<\/strong>, <strong>avec de nombreuses solutions de constructions possibles<\/strong> et avec une diversit\u00e9 de mod\u00e8les et de finitions. Ils s\u2019adaptent \u00e0 tous les diff\u00e9rents styles d\u2019architecture.<\/p>\n<p>La <strong>s\u00e9curit\u00e9<\/strong> est un autre \u00e9l\u00e9ment important de nos portes et portails de jardin. Gr\u00e2ce aux <strong>nouvelles technologies<\/strong>, comme les diff\u00e9rents syst\u00e8mes de motorisation ce type de produit est devenu l&rsquo;un des plus <strong>fonctionnels<\/strong>.[\/vc_column_text][vc_column_text el_class=\u00a0\u00bbicones-text-2l icones-m3&Prime;]<\/p>\n<ul>\n<li><img decoding=\"async\" class=\"icona icona-s cercle disseny\" src=\"https:\/\/grabalosa.com\/portes\/wp-content\/uploads\/sites\/2\/2018\/11\/disseny-funcionalitat.svg\" alt=\"Design et fonctionnalit\u00e9\" \/><span class=\"no-marxis\">Design et fonctionnalit\u00e9<\/span><\/li>\n<li><img decoding=\"async\" class=\"icona icona-s cercle seguretat\" src=\"https:\/\/grabalosa.com\/wp-content\/uploads\/sites\/2\/2018\/11\/sistemes-seguretat.svg\" alt=\"Syst\u00e9mes de s\u00e9curit\u00e9\" \/><span class=\"no-marxis\">Syst\u00e9mes de s\u00e9curit\u00e9<\/span><\/li>\n<\/ul>\n<p>[\/vc_column_text][\/vc_column][\/vc_row][vc_row css_animation=\u00a0\u00bb\u00a0\u00bb row_type=\u00a0\u00bbrow\u00a0\u00bb use_row_as_full_screen_section=\u00a0\u00bbno\u00a0\u00bb type=\u00a0\u00bbgrid\u00a0\u00bb angled_section=\u00a0\u00bbno\u00a0\u00bb text_align=\u00a0\u00bbleft\u00a0\u00bb background_image_as_pattern=\u00a0\u00bbwithout_pattern\u00a0\u00bb css=\u00a0\u00bb.vc_custom_1550424290602{margin-top: 80px !important;margin-bottom: 80px !important;padding-top: 40px !important;padding-bottom: 40px !important;background-color: #f2f2f2 !important;}\u00a0\u00bb z_index=\u00a0\u00bb\u00a0\u00bb el_class=\u00a0\u00bbmultiproducte flex-section flex-section-600 titol-producte-30&Prime;][vc_column width=\u00a0\u00bb1\/2&Prime; offset=\u00a0\u00bbvc_col-lg-offset-1 vc_col-lg-4 vc_col-md-offset-1 vc_col-md-5 vc_col-sm-offset-0 vc_col-xs-12&Prime;][vc_gallery interval=\u00a0\u00bb3&Prime; images=\u00a0\u00bb4591,4589&Prime; img_size=\u00a0\u00bb300&#215;300&Prime; onclick=\u00a0\u00bb\u00a0\u00bb enable_drag=\u00a0\u00bbno\u00a0\u00bb direction_nav=\u00a0\u00bbno\u00a0\u00bb control_nav=\u00a0\u00bbno\u00a0\u00bb pause_on_hover=\u00a0\u00bbno\u00a0\u00bb el_class=\u00a0\u00bbmodul1-sliderh\u00a0\u00bb][\/vc_column][vc_column width=\u00a0\u00bb1\/2&Prime; offset=\u00a0\u00bbvc_col-lg-6 vc_col-md-5 vc_col-xs-12&Prime; css=\u00a0\u00bb.vc_custom_1550256441490{padding-top: 20px !important;padding-bottom: 20px !important;}\u00a0\u00bb][vc_column_text]<\/p>\n<h2 class=\"h1\">Compl\u00e9ments et<br \/>\n<span class=\"w-400\">automatismes<\/span><\/h2>\n<p>Grande vari\u00e9t\u00e9 de compl\u00e9ment et motorisation pour faciliter l\u2019ouverture automatique, comment am\u00e9liorer la s\u00e9curit\u00e9 des diff\u00e9rentes portes r\u00e9sidentielles.[\/vc_column_text]<a  itemprop=\"url\" href=\"https:\/\/grabalosa.com\/portes\/fr\/complements-et-automatisations\/\" target=\"_self\" data-hover-background-color=\"#1d1d1b\" data-hover-border-color=\"#1d1d1b\" data-hover-color=\"#ffffff\" class=\"qbutton  small center white default boto-multiproducte\" style=\"color: #1d1d1b; border-color: #1d1d1b; border-radius: 3px;-moz-border-radius: 3px;-webkit-border-radius: 3px; background-color:transparent;\">PLUS D'INFORMATIONS<\/a>[\/vc_column][\/vc_row][vc_row css_animation=\u00a0\u00bbelement_from_fade\u00a0\u00bb row_type=\u00a0\u00bbrow\u00a0\u00bb use_row_as_full_screen_section=\u00a0\u00bbno\u00a0\u00bb type=\u00a0\u00bbgrid\u00a0\u00bb angled_section=\u00a0\u00bbno\u00a0\u00bb text_align=\u00a0\u00bbleft\u00a0\u00bb background_image_as_pattern=\u00a0\u00bbwithout_pattern\u00a0\u00bb css=\u00a0\u00bb.vc_custom_1550260097197{margin-top: 80px !important;margin-bottom: 80px !important;}\u00a0\u00bb z_index=\u00a0\u00bb\u00a0\u00bb el_class=\u00a0\u00bbmodul-3&Prime;][vc_column width=\u00a0\u00bb2\/3&Prime; el_class=\u00a0\u00bbtext-descriptiu-3 text-left\u00a0\u00bb offset=\u00a0\u00bbvc_col-lg-offset-2 vc_col-md-offset-2 vc_col-sm-offset-2&Prime;][vc_column_text]<span class=\"h5\">NOUS SOMMES FABRICANTS<\/span>[\/vc_column_text][vc_column_text]<\/p>\n<h1>Demander son devis<\/h1>\n<p>Si vous souhaitez recevoir une estimation \u00e9conomique d\u2019un projet en fermetures m\u00e9talliques, n\u2019h\u00e9sitez pas \u00e0 nous contacter par t\u00e9l\u00e9phone <strong>(34) 972 788 028<\/strong> ou vous pouvez nous indiquer vos coordonn\u00e9es ci-apr\u00e8s et nous d\u00e9crire votre projet:[\/vc_column_text]<a  itemprop=\"url\" href=\"https:\/\/grabalosa.com\/portes\/fr\/devis\/\" target=\"_self\" data-hover-background-color=\"rgba(0,0,0,0.6)\" data-hover-border-color=\"transparent\" data-hover-color=\"#fefefe\" class=\"qbutton  large left white default btn-pressupost boto-pressu\" style=\"color: #ffffff; border-color: transparent; border-radius: 3px;-moz-border-radius: 3px;-webkit-border-radius: 3px; background-color:#1d1d1b;\">DEMANDE<\/a>[\/vc_column][\/vc_row]<\/p>\n<\/div>","protected":false},"excerpt":{"rendered":"<p>[vc_row css_animation=\u00a0\u00bb\u00a0\u00bb row_type=\u00a0\u00bbrow\u00a0\u00bb use_row_as_full_screen_section=\u00a0\u00bbno\u00a0\u00bb type=\u00a0\u00bbfull_width\u00a0\u00bb angled_section=\u00a0\u00bbno\u00a0\u00bb text_align=\u00a0\u00bbleft\u00a0\u00bb background_image_as_pattern=\u00a0\u00bbwithout_pattern\u00a0\u00bb][vc_column][\/vc_column][\/vc_row][vc_row css_animation=\u00a0\u00bbelement_from_fade\u00a0\u00bb row_type=\u00a0\u00bbrow\u00a0\u00bb use_row_as_full_screen_section=\u00a0\u00bbno\u00a0\u00bb type=\u00a0\u00bbgrid\u00a0\u00bb angled_section=\u00a0\u00bbno\u00a0\u00bb text_align=\u00a0\u00bbleft\u00a0\u00bb background_image_as_pattern=\u00a0\u00bbwithout_pattern\u00a0\u00bb z_index=\u00a0\u00bb\u00a0\u00bb css=\u00a0\u00bb.vc_custom_1550260022824{margin-top: 20px !important;margin-bottom: 20px !important;padding-top: 60px !important;padding-bottom: 60px !important;background-color: #f1f1f1 !important;}\u00a0\u00bb el_class=\u00a0\u00bbtres-icones\u00a0\u00bb][vc_column css_animation=\u00a0\u00bbnone\u00a0\u00bb width=\u00a0\u00bb1\/3&Prime; el_class=\u00a0\u00bbicon-pressupost icon-blanc\u00a0\u00bb offset=\u00a0\u00bbvc_col-lg-4 vc_col-md-4 vc_col-xs-12&Prime;][vc_raw_html]PGRpdiBjbGFzcz0iaWNvbmEtYW1iLXRleHQiPjxpbWcgaXRlbXByb3A9ImltYWdlIiBzcmM9Imh0dHBzOi8vZ3JhYmFsb3NhLmNvbS93cC1jb250ZW50L3VwbG9hZHMvc2l0ZXMvMi8yMDE4LzExL3ByZXNzdXBvc3QtZ3JhdHVpdC1uZWdyZS5zdmciIGFsdD0iSWPDtG5lIGQndW5lIGZhY3R1cmUgZXQgdW5lIGNhbGN1bGF0cmljZSBlbiBzeW1ib2xpc2FudCBsZSBidWRnZXQgZGVzIHBvcnRlIj48aDM+REVWSVM8L2gzPjxoMyBjbGFzcz0idy00MDAiPkdSQVRVSVQ8L2gzPjxwPlBvdXIgdG91dGUgZGVtYW5kZSBkZSBkZXZpcywgbidow6lzaXRleiBwYXMgw6Agbm91cyBjb250YWN0ZXI7IG1lcmNpIGRlIG5vdXMgY29tbXVuaXF1ZXIgdm9zIGNvb3Jkb25uw6llcyBjaS1hcHLDqHM8L3A+PC9kaXY+[\/vc_raw_html][\/vc_column][vc_column css_animation=\u00a0\u00bbnone\u00a0\u00bb width=\u00a0\u00bb1\/3&Prime; el_class=\u00a0\u00bbicon-visita icon-blanc\u00a0\u00bb offset=\u00a0\u00bbvc_col-lg-4 vc_col-md-4 vc_col-xs-12&Prime;][vc_raw_html]PGRpdiBjbGFzcz0iaWNvbmEtYW1iLXRleHQiPjxpbWcgaXRlbXByb3A9ImltYWdlIiBzcmM9Imh0dHBzOi8vZ3JhYmFsb3NhLmNvbS93cC1jb250ZW50L3VwbG9hZHMvc2l0ZXMvMi8yMDE4LzExL3Zpc2l0YS1jb21lcmNpYWwtbmVncmUuc3ZnIiBhbHQ9Ikljw7RuZSBkJ3VuZSB2YWxpc2UgZW4gc3ltYm9saXNhbnQgbCdhdHRlbnRpb24gY29tbWVyY2lhbGUiPgo8aDMgY2xhc3M9InctNDAwIj5WSVNJVEU8L2gzPgo8aDM+Q09NTUVSQ0lBTEU8L2gzPgo8cD5Db250YWN0ZXIgbOKAmXVuIGRlIG5vcyBjb21tZXJjaWF1eCBwb3VyIHZvdXMgcmVuc2VpZ25lciDDoCBwcm9wb3MgZGVzIHNvbHV0aW9ucyB0ZWNobmlxdWVzIHF1aSB2b3VzIGNvbnZpZW5uZW50IGxlIHBsdXMuPC9wPjwvZGl2Pg==[\/vc_raw_html][\/vc_column][vc_column css_animation=\u00a0\u00bbnone\u00a0\u00bb width=\u00a0\u00bb1\/3&Prime; el_class=\u00a0\u00bbicon-postvenda&#8230;<\/p>\n","protected":false},"author":1,"featured_media":0,"parent":0,"menu_order":0,"comment_status":"closed","ping_status":"closed","template":"full_width.php","meta":{"footnotes":""},"class_list":["post-5783","page","type-page","status-publish","hentry"],"aioseo_notices":[],"_links":{"self":[{"href":"https:\/\/grabalosa.com\/portes\/fr\/wp-json\/wp\/v2\/pages\/5783","targetHints":{"allow":["GET"]}}],"collection":[{"href":"https:\/\/grabalosa.com\/portes\/fr\/wp-json\/wp\/v2\/pages"}],"about":[{"href":"https:\/\/grabalosa.com\/portes\/fr\/wp-json\/wp\/v2\/types\/page"}],"author":[{"embeddable":true,"href":"https:\/\/grabalosa.com\/portes\/fr\/wp-json\/wp\/v2\/users\/1"}],"replies":[{"embeddable":true,"href":"https:\/\/grabalosa.com\/portes\/fr\/wp-json\/wp\/v2\/comments?post=5783"}],"version-history":[{"count":77,"href":"https:\/\/grabalosa.com\/portes\/fr\/wp-json\/wp\/v2\/pages\/5783\/revisions"}],"predecessor-version":[{"id":7503,"href":"https:\/\/grabalosa.com\/portes\/fr\/wp-json\/wp\/v2\/pages\/5783\/revisions\/7503"}],"wp:attachment":[{"href":"https:\/\/grabalosa.com\/portes\/fr\/wp-json\/wp\/v2\/media?parent=5783"}],"curies":[{"name":"wp","href":"https:\/\/api.w.org\/{rel}","templated":true}]}}