{"id":4134,"date":"2020-05-26T19:50:00","date_gmt":"2020-05-26T17:50:00","guid":{"rendered":"http:\/\/ambdues.cat\/portes\/service-au-client\/"},"modified":"2022-06-29T21:07:14","modified_gmt":"2022-06-29T19:07:14","slug":"service-client","status":"publish","type":"page","link":"https:\/\/grabalosa.com\/portes\/fr\/service-client\/","title":{"rendered":"Service client"},"content":{"rendered":"<div class=\"wpb-content-wrapper\"><p>[vc_row css_animation=\u00a0\u00bb\u00a0\u00bb row_type=\u00a0\u00bbrow\u00a0\u00bb use_row_as_full_screen_section=\u00a0\u00bbno\u00a0\u00bb type=\u00a0\u00bbgrid\u00a0\u00bb angled_section=\u00a0\u00bbno\u00a0\u00bb text_align=\u00a0\u00bbleft\u00a0\u00bb background_image_as_pattern=\u00a0\u00bbwithout_pattern\u00a0\u00bb css=\u00a0\u00bb.vc_custom_1593792206313{padding-top: 40px !important;padding-bottom: 40px !important;background-image: url(https:\/\/grabalosa.com\/portes\/wp-content\/uploads\/sites\/2\/2020\/03\/servei-al-client-finestres-grabalosa2-scaled.jpg?id=3569) !important;}\u00a0\u00bb z_index=\u00a0\u00bb\u00a0\u00bb el_class=\u00a0\u00bbtitol-producte flex-section flex-section-600&Prime;][vc_column width=\u00a0\u00bb5\/12&Prime; offset=\u00a0\u00bbvc_col-lg-6 vc_col-md-6 vc_col-xs-12&Prime;][vc_column_text]<\/p>\n<h2 class=\"h1\"><span class=\"w-400\">Service<\/span><br \/>\nclient<\/h2>\n<p>[\/vc_column_text][\/vc_column][vc_column width=\u00a0\u00bb7\/12&Prime; offset=\u00a0\u00bbvc_col-lg-6 vc_col-md-6 vc_col-xs-12&Prime; el_class=\u00a0\u00bbservei-client-foto\u00a0\u00bb][vc_empty_space height=\u00a0\u00bb300px\u00a0\u00bb][\/vc_column][\/vc_row][vc_row css_animation=\u00a0\u00bb\u00a0\u00bb row_type=\u00a0\u00bbrow\u00a0\u00bb use_row_as_full_screen_section=\u00a0\u00bbno\u00a0\u00bb type=\u00a0\u00bbgrid\u00a0\u00bb angled_section=\u00a0\u00bbno\u00a0\u00bb text_align=\u00a0\u00bbleft\u00a0\u00bb background_image_as_pattern=\u00a0\u00bbwithout_pattern\u00a0\u00bb z_index=\u00a0\u00bb\u00a0\u00bb css=\u00a0\u00bb.vc_custom_1592515293443{margin-top: 20px !important;margin-bottom: 20px !important;padding-top: 60px !important;padding-bottom: 60px !important;background-color: #ffffff !important;}\u00a0\u00bb el_class=\u00a0\u00bbtres-icones serveis-flex-tres-icones\u00a0\u00bb][vc_column width=\u00a0\u00bb1\/3&Prime; el_class=\u00a0\u00bbicon-blanc\u00a0\u00bb offset=\u00a0\u00bbvc_col-lg-4 vc_col-md-4 vc_col-xs-12&Prime;][vc_raw_html]PGRpdiBjbGFzcz0iaWNvbmEtYW1iLXRleHQiPjxpbWcgaXRlbXByb3A9ImltYWdlIiBzcmM9Imh0dHBzOi8vZ3JhYmFsb3NhLmNvbS93cC1jb250ZW50L3VwbG9hZHMvc2l0ZXMvMy8yMDE4LzA5L2F0ZW5jaW8tYWwtY2xpZW50LnN2ZyIgYWx0PSJTZXJ2aWNlIGNsaWVudCAtIEdyYWJhbG9zYSI+PGgzPlNFUlZJQ0U8L2gzPjxoMyBjbGFzcz0idy00MDAiPkNMSUVOVDwvaDM+CjxwPjxhIGhyZWY9InRlbDorMzQ5NzI3ODgwMjgiPigzNCkgOTcyIDc4OCAwMjg8L2E+PC9wPgo8cD5EdSBsdW5kaSBhdSB2ZW5kcmVkaTwvcD4KPHAgY2xhc3M9InAtbGluaWEiPjA4OjAwLTE3OjAwIGg8L3A+CjxwPjxhIGhyZWY9Im1haWx0bzppbmZvQGdyYWJhbG9zYS5jb20iPmluZm9AZ3JhYmFsb3NhLmNvbTwvYT48L3A+PC9kaXY+[\/vc_raw_html]<a  itemprop=\"url\" href=\"https:\/\/www.google.com\/maps\/place\/Met%C3%A0l%C2%B7liques+Grabalosa,+S.l.\/@42.0840589,3.1044224,17z\/data=!3m1!4b1!4m5!3m4!1s0x12ba5885137d66b5:0x2c14d16b0a9d14de!8m2!3d42.084479!4d3.1065817\" target=\"_blank\" data-hover-background-color=\"#1d1d1b\" data-hover-border-color=\"#1d1d1b\" data-hover-color=\"#ffffff\" class=\"qbutton  small center white default boto-mesinfo\" style=\"color: #1d1d1b; border-color: #1d1d1b; border-radius: 3px;-moz-border-radius: 3px;-webkit-border-radius: 3px; background-color:transparent;\">VISITEZ-NOUS<\/a>[\/vc_column][vc_column width=\u00a0\u00bb1\/3&Prime; el_class=\u00a0\u00bbicon-blanc\u00a0\u00bb offset=\u00a0\u00bbvc_col-lg-4 vc_col-md-4 vc_col-xs-12&Prime;][vc_raw_html]PGRpdiBjbGFzcz0iaWNvbmEtYW1iLXRleHQiPjxpbWcgaXRlbXByb3A9ImltYWdlIiBzcmM9Imh0dHBzOi8vZ3JhYmFsb3NhLmNvbS93cC1jb250ZW50L3VwbG9hZHMvc2l0ZXMvMy8yMDE4LzA3L3NlcnZlaS1wb3N0dmVuZGEtbmVncmUuc3ZnIiBhbHQ9IlNlcnZpY2UgYXByZXMtdmVudGUgLSBGUiI+CjxoMyBjbGFzcz0idy00MDAiPlNFUlZJQ0U8L2gzPgo8aDM+QVBSRVMtVkVOVEU8L2gzPgo8cD5Ob3VzIGRpc3Bvc29ucyBk4oCZdW4gc2VydmljZSBlbnRyZXRpZW4gZXQgZOKAmXVuIFNBViBqb2lnbmFibGUgMjRoLzI0IDdqLzc8L3A+CjxwPjxhIGhyZWY9InRlbDorMzQ5NzI3ODgwMjgiPigzNCkgOTcyIDc4OCAwMjg8L2E+PC9wPgo8cCBjbGFzcz0icC1saW5pYSI+PGEgaHJlZj0ibWFpbHRvOnBvc3R2ZW5kYUBncmFiYWxvc2EuY29tIj5wb3N0dmVuZGFAZ3JhYmFsb3NhLmNvbTwvYT48L3A+PC9kaXY+[\/vc_raw_html]<a  itemprop=\"url\" href=\"https:\/\/grabalosa.com\/servei-al-client\/servei-post-venda\/\" target=\"_self\" data-hover-background-color=\"#1d1d1b\" data-hover-border-color=\"#1d1d1b\" data-hover-color=\"#ffffff\" class=\"qbutton  small center white default boto-mesinfo boto-servei-comercial\" style=\"color: #1d1d1b; border-color: #1d1d1b; border-radius: 3px;-moz-border-radius: 3px;-webkit-border-radius: 3px; background-color:transparent;\">CONTACTEZ-NOUS<\/a>[\/vc_column][vc_column width=\u00a0\u00bb1\/3&Prime; el_class=\u00a0\u00bbicon-blanc\u00a0\u00bb offset=\u00a0\u00bbvc_col-lg-4 vc_col-md-4 vc_col-xs-12&Prime;][vc_raw_html]PGRpdiBjbGFzcz0iaWNvbmEtYW1iLXRleHQiPjxpbWcgaXRlbXByb3A9ImltYWdlIiBzcmM9Imh0dHBzOi8vZ3JhYmFsb3NhLmNvbS93cC1jb250ZW50L3VwbG9hZHMvc2l0ZXMvMy8yMDE4LzA3L3Zpc2l0YS1jb21lcmNpYWwtbmVncmUuc3ZnIiBhbHQ9IkTDqXBhcnRlbWVudCBjb21tZXJjaWFsIC0gR3JhYmFsb3NhIj4KPGgzIGNsYXNzPSJ3LTQwMCI+RMOJUEFSVEVNRU5UPC9oMz4KPGgzPkNPTU1FUkNJQUxFPC9oMz4KPHAgY2xhc3M9InAtdGl0b2wiPkNBVEFMT0dORTwvcD4KPHAgY2xhc3M9InAtbGluaWEiPjxhIGhyZWY9InRlbDorMzQ2MjUxMzg4MTciPigzNCkgNjI1IDEzOCA4MTc8L2E+PC9wPgo8cCBjbGFzcz0icC1saW5pYSI+PGEgaHJlZj0ibWFpbHRvOmNvbWVyY2lhbEBncmFiYWxvc2EuY29tIj5jb21lcmNpYWxAZ3JhYmFsb3NhLmNvbTwvYT48L3A+CjxwIGNsYXNzPSJwLXRpdG9sIj5GUkFOQ0U8L3A+CjxwIGNsYXNzPSJwLWxpbmlhIj48YSBocmVmPSJ0ZWw6KzM0OTcyNzY1OTU0Ij4oMzQpIDk3MiA3NjUgOTU0PC9hPjwvcD4KPHAgY2xhc3M9InAtbGluaWEiPjxhIGhyZWY9Im1haWx0bzpjb21tZXJjaWFsZnJAZ3JhYmFsb3NhLmNvbSI+Y29tbWVyY2lhbGZyQGdyYWJhbG9zYS5jb208L2E+PC9wPgo8L2Rpdj4=[\/vc_raw_html]<a  itemprop=\"url\" href=\"https:\/\/grabalosa.com\/servei-al-client\/visita-comercial\/\" target=\"_self\" data-hover-background-color=\"#1d1d1b\" data-hover-border-color=\"#1d1d1b\" data-hover-color=\"#ffffff\" class=\"qbutton  small center white default boto-mesinfo boto-visita-comercial\" style=\"color: #1d1d1b; border-color: #1d1d1b; border-radius: 3px;-moz-border-radius: 3px;-webkit-border-radius: 3px; background-color:transparent;\">PLUS D\u2019INFORMATIONS<\/a>[\/vc_column][\/vc_row][vc_row css_animation=\u00a0\u00bb\u00a0\u00bb row_type=\u00a0\u00bbrow\u00a0\u00bb use_row_as_full_screen_section=\u00a0\u00bbno\u00a0\u00bb type=\u00a0\u00bbgrid\u00a0\u00bb angled_section=\u00a0\u00bbno\u00a0\u00bb text_align=\u00a0\u00bbleft\u00a0\u00bb background_image_as_pattern=\u00a0\u00bbwithout_pattern\u00a0\u00bb z_index=\u00a0\u00bb\u00a0\u00bb css=\u00a0\u00bb.vc_custom_1592516316013{padding-top: 60px !important;padding-bottom: 60px !important;background-color: #f1f1f1 !important;}\u00a0\u00bb el_class=\u00a0\u00bbmodul-faqs modul-servei-client\u00a0\u00bb][vc_column offset=\u00a0\u00bbvc_col-lg-12 vc_col-md-12 vc_col-xs-12&Prime;][vc_column_text el_class=\u00a0\u00bbtext-descriptiu-1 text-left\u00a0\u00bb css=\u00a0\u00bb.vc_custom_1655980259878{margin-bottom: 40px !important;}\u00a0\u00bb]<\/p>\n<h2 class=\"h1\">Questions et recommandations<\/h2>\n<p>[\/vc_column_text]<div class=\"qode-accordion-holder clearfix qode-toggle qode-initial \">\n\t<h5 class=\"clearfix qode-title-holder\">\n<span class=\"qode-tab-title\">\n\t    <span class=\"qode-tab-title-inner\">\n        Recommandations pour un bon entretien sur la menuiserie d\u2019aluminium    <\/span>\n<\/span>\n<span class=\"qode-accordion-mark\">\n    <span class=\"qode-accordion-mark-icon\">\n        <span class=\"icon_plus\"><\/span>\n        <span class=\"icon_minus-06\"><\/span>\n    <\/span>\n<\/span>\n<\/h5>\n<div  class=\"qode-accordion-content \" >\n    <div class=\"qode-accordion-content-inner\">\n        [vc_column_text el_class=\u00a0\u00bbp-16&Prime;]<strong>R\u00e9ellement, les fen\u00eatres en aluminium exigent tr\u00e8s peu d\u2019entretien<\/strong>. De temps en temps seulement il faut r\u00e9viser les points d\u2019\u00e9vacuation d\u2019eau et les nettoyer si sont bouch\u00e9s.<\/p>\n<p>Aussi il est recommand\u00e9 sur des fen\u00eatres et baies coulissantes de lubrifier pour un bon fonctionnement.<\/p>\n<p>Pour ce qui concerne les fen\u00eatres battantes et oscillo-battantes, il n\u2019est n\u00e9cessaire que de lubrifier les paumelles, serrures, poign\u00e9es et autres accessoires.[\/vc_column_text]    <\/div>\n<\/div><h5 class=\"clearfix qode-title-holder\">\n<span class=\"qode-tab-title\">\n\t    <span class=\"qode-tab-title-inner\">\n        Qu\u2019est-ce qu\u2019une carte RAL?    <\/span>\n<\/span>\n<span class=\"qode-accordion-mark\">\n    <span class=\"qode-accordion-mark-icon\">\n        <span class=\"icon_plus\"><\/span>\n        <span class=\"icon_minus-06\"><\/span>\n    <\/span>\n<\/span>\n<\/h5>\n<div  class=\"qode-accordion-content \" >\n    <div class=\"qode-accordion-content-inner\">\n        [vc_column_text el_class=\u00a0\u00bbp-16&Prime;]Le nuancier de couleurs RAL, est un code num\u00e9rique qui sert \u00e0 identifier une couleur en concret. Divers secteurs utilisent ce m\u00eame code couleur : d\u00e9coration, design d\u2019int\u00e9rieurs, architecture, etc.<\/p>\n<p>La couleur est d\u00e9finie par 4 chiffres, o\u00f9 la premi\u00e8re correspond \u00e0 la famille ou tonalit\u00e9 principale ; 1-jeune ; 2-oranges ; 3-rouges ; 4-violets ; 5-bleus ; 6-verts ; 7-gris ; 8-marrons ; 9-noirs et blancs.<\/p>\n<p>&nbsp;<\/p>\n<p><img decoding=\"async\" class=\"size-full wp-image-9903\" src=\"https:\/\/grabalosa.com\/wp-content\/uploads\/sites\/3\/2020\/06\/grabalosa_colors_ral_estandard-retina.jpg\" alt=\"Nuancier des couleurs RAL standard\" width=\"100%\"><\/p>\n<p><a href=\"https:\/\/grabalosa.com\/finestres\/wp-content\/uploads\/sites\/3\/2020\/06\/grabalosa_colors_ral_estandard.pdf\">Nuancier des couleurs RAL standard \u2013 PDF<\/a>[\/vc_column_text]    <\/div>\n<\/div><h5 class=\"clearfix qode-title-holder\">\n<span class=\"qode-tab-title\">\n\t    <span class=\"qode-tab-title-inner\">\n        Recommandations pour le nettoyage des fen\u00eatres en aluminium    <\/span>\n<\/span>\n<span class=\"qode-accordion-mark\">\n    <span class=\"qode-accordion-mark-icon\">\n        <span class=\"icon_plus\"><\/span>\n        <span class=\"icon_minus-06\"><\/span>\n    <\/span>\n<\/span>\n<\/h5>\n<div  class=\"qode-accordion-content \" >\n    <div class=\"qode-accordion-content-inner\">\n        [vc_column_text el_class=\u00a0\u00bbp-16&Prime;]En ce qui concerne le nettoyage int\u00e9rieur et ext\u00e9rieur des fen\u00eatres en aluminium, il est recommand\u00e9 de n\u2019utiliser que de l\u2019eau avec un peu de savon (ou vinaigre) avec une \u00e9ponge ou un chiffon doux pour \u00e9viter des rayures sur la surface d\u2019aluminium. <strong>Ne jamais utiliser de produits agressifs<\/strong> qui peuvent ab\u00eemer les profils en aluminium. I faut toujours commencer par nettoyer les volets, puis l\u2019encadrement et enfin les vitrages.[\/vc_column_text]    <\/div>\n<\/div><h5 class=\"clearfix qode-title-holder\">\n<span class=\"qode-tab-title\">\n\t    <span class=\"qode-tab-title-inner\">\n        Garantie et homologation    <\/span>\n<\/span>\n<span class=\"qode-accordion-mark\">\n    <span class=\"qode-accordion-mark-icon\">\n        <span class=\"icon_plus\"><\/span>\n        <span class=\"icon_minus-06\"><\/span>\n    <\/span>\n<\/span>\n<\/h5>\n<div  class=\"qode-accordion-content \" >\n    <div class=\"qode-accordion-content-inner\">\n        [vc_column_text el_class=\u00a0\u00bbp-16&Prime;]Tous les produits de chez Met\u00e0l.liques Grabalosa sont soumis \u00e0 des syst\u00e8mes de contr\u00f4le tr\u00e8s rigoureux autant sur la fabrication que sur la pose, selon les normes du \u00abC\u00f3digo T\u00e9cnico de la Construccion (CET) et du march\u00e9 europ\u00e9en (CE)\u00bb.[\/vc_column_text]    <\/div>\n<\/div><h5 class=\"clearfix qode-title-holder\">\n<span class=\"qode-tab-title\">\n\t    <span class=\"qode-tab-title-inner\">\n        Est-ce que l\u2019aluminium est un mat\u00e9riel durable?    <\/span>\n<\/span>\n<span class=\"qode-accordion-mark\">\n    <span class=\"qode-accordion-mark-icon\">\n        <span class=\"icon_plus\"><\/span>\n        <span class=\"icon_minus-06\"><\/span>\n    <\/span>\n<\/span>\n<\/h5>\n<div  class=\"qode-accordion-content \" >\n    <div class=\"qode-accordion-content-inner\">\n        [vc_column_text el_class=\u00a0\u00bbp-16&Prime;]L\u2019aluminium est un mat\u00e9riel qui <strong>se peut recycler \u00e0 l\u2019infini<\/strong>, sans ne perdre aucune de ses propri\u00e9t\u00e9s. D\u2019autre part, chaque fois qu\u2019il est recycl\u00e9, on n\u2019utilise que 5% de la d\u00e9pense \u00e9nerg\u00e9tique utilis\u00e9e \u00e0 l\u2019origine \u00e0 partir du min\u00e9ral pour le fabriquer. Plus de 75% de l\u2019aluminium produit depuis 100 ans, est encore en usage gr\u00e2ce au recyclage.<\/p>\n<p>En plus de l\u2019\u00e9conomie \u00e9nerg\u00e9tique, le recyclage de l\u2019aluminium a d\u2019autres avantages:<\/p>\n<p>\u00b7 R\u00e9duction d\u2019usage des ressources naturelles.<br \/>\n\u00b7 Emp\u00eache la saturation dans les d\u00e9charges.<br \/>\n\u00b7 Quantit\u00e9 de CO2 minimis\u00e9e dans l\u2019atmosph\u00e8re.<br \/>\n\u00b7 Il s\u2019agit d\u2019un secteur rentable qui g\u00e9n\u00e8re de nombreux postes de travail.<\/p>\n<p>Savoir choisir les bons mat\u00e9riaux est un travail tr\u00e8s pointilleux et critique quand on fait une \u00e9tude de projet de construction de b\u00e2timents plus \u00e9cologiques et durables. Il ne faut pas oublier que les utilisateurs de ces b\u00e2timents seront des personnes et qu\u2019il faut garantir leur confort, il s\u2019agit d\u2019<strong>une d\u00e9cision \u00e0 responsabilit\u00e9 socialetr\u00e8s importante<\/strong>.[\/vc_column_text]    <\/div>\n<\/div><\/div>[\/vc_column][\/vc_row]<\/p>\n<\/div>","protected":false},"excerpt":{"rendered":"<p>[vc_row css_animation=\u00a0\u00bb\u00a0\u00bb row_type=\u00a0\u00bbrow\u00a0\u00bb use_row_as_full_screen_section=\u00a0\u00bbno\u00a0\u00bb type=\u00a0\u00bbgrid\u00a0\u00bb angled_section=\u00a0\u00bbno\u00a0\u00bb text_align=\u00a0\u00bbleft\u00a0\u00bb background_image_as_pattern=\u00a0\u00bbwithout_pattern\u00a0\u00bb css=\u00a0\u00bb.vc_custom_1593792206313{padding-top: 40px !important;padding-bottom: 40px !important;background-image: url(https:\/\/grabalosa.com\/portes\/wp-content\/uploads\/sites\/2\/2020\/03\/servei-al-client-finestres-grabalosa2-scaled.jpg?id=3569) !important;}\u00a0\u00bb z_index=\u00a0\u00bb\u00a0\u00bb el_class=\u00a0\u00bbtitol-producte flex-section flex-section-600&Prime;][vc_column width=\u00a0\u00bb5\/12&Prime; offset=\u00a0\u00bbvc_col-lg-6 vc_col-md-6 vc_col-xs-12&Prime;][vc_column_text] Service client [\/vc_column_text][\/vc_column][vc_column width=\u00a0\u00bb7\/12&Prime; offset=\u00a0\u00bbvc_col-lg-6 vc_col-md-6 vc_col-xs-12&Prime; el_class=\u00a0\u00bbservei-client-foto\u00a0\u00bb][vc_empty_space height=\u00a0\u00bb300px\u00a0\u00bb][\/vc_column][\/vc_row][vc_row css_animation=\u00a0\u00bb\u00a0\u00bb row_type=\u00a0\u00bbrow\u00a0\u00bb use_row_as_full_screen_section=\u00a0\u00bbno\u00a0\u00bb type=\u00a0\u00bbgrid\u00a0\u00bb angled_section=\u00a0\u00bbno\u00a0\u00bb text_align=\u00a0\u00bbleft\u00a0\u00bb background_image_as_pattern=\u00a0\u00bbwithout_pattern\u00a0\u00bb z_index=\u00a0\u00bb\u00a0\u00bb css=\u00a0\u00bb.vc_custom_1592515293443{margin-top: 20px !important;margin-bottom: 20px !important;padding-top:&#8230;<\/p>\n","protected":false},"author":1,"featured_media":0,"parent":0,"menu_order":5,"comment_status":"closed","ping_status":"closed","template":"full_width.php","meta":{"footnotes":""},"class_list":["post-4134","page","type-page","status-publish","hentry"],"aioseo_notices":[],"_links":{"self":[{"href":"https:\/\/grabalosa.com\/portes\/fr\/wp-json\/wp\/v2\/pages\/4134","targetHints":{"allow":["GET"]}}],"collection":[{"href":"https:\/\/grabalosa.com\/portes\/fr\/wp-json\/wp\/v2\/pages"}],"about":[{"href":"https:\/\/grabalosa.com\/portes\/fr\/wp-json\/wp\/v2\/types\/page"}],"author":[{"embeddable":true,"href":"https:\/\/grabalosa.com\/portes\/fr\/wp-json\/wp\/v2\/users\/1"}],"replies":[{"embeddable":true,"href":"https:\/\/grabalosa.com\/portes\/fr\/wp-json\/wp\/v2\/comments?post=4134"}],"version-history":[{"count":40,"href":"https:\/\/grabalosa.com\/portes\/fr\/wp-json\/wp\/v2\/pages\/4134\/revisions"}],"predecessor-version":[{"id":6961,"href":"https:\/\/grabalosa.com\/portes\/fr\/wp-json\/wp\/v2\/pages\/4134\/revisions\/6961"}],"wp:attachment":[{"href":"https:\/\/grabalosa.com\/portes\/fr\/wp-json\/wp\/v2\/media?parent=4134"}],"curies":[{"name":"wp","href":"https:\/\/api.w.org\/{rel}","templated":true}]}}