{"id":4095,"date":"2020-05-26T19:37:24","date_gmt":"2020-05-26T17:37:24","guid":{"rendered":"http:\/\/ambdues.cat\/portes\/portes-de-garage\/portes-et-clotures-de-jardin\/"},"modified":"2022-06-23T11:59:19","modified_gmt":"2022-06-23T09:59:19","slug":"portes-et-clotures-de-jardin","status":"publish","type":"page","link":"https:\/\/grabalosa.com\/portes\/fr\/portes-produits\/portes-et-clotures-de-jardin\/","title":{"rendered":"Portails et fermetures de jardin"},"content":{"rendered":"<div class=\"wpb-content-wrapper\"><p>[vc_row css_animation=\u00a0\u00bb\u00a0\u00bb row_type=\u00a0\u00bbrow\u00a0\u00bb use_row_as_full_screen_section=\u00a0\u00bbno\u00a0\u00bb type=\u00a0\u00bbgrid\u00a0\u00bb angled_section=\u00a0\u00bbno\u00a0\u00bb text_align=\u00a0\u00bbleft\u00a0\u00bb background_image_as_pattern=\u00a0\u00bbwithout_pattern\u00a0\u00bb css=\u00a0\u00bb.vc_custom_1550493150916{padding-bottom: 0px !important;background-color: #dadada !important;}\u00a0\u00bb z_index=\u00a0\u00bb\u00a0\u00bb el_class=\u00a0\u00bbflex-section flex-section-600 titol-producte modul-6-titol m6-400&Prime;][vc_column css_animation=\u00a0\u00bbleft-to-right\u00a0\u00bb width=\u00a0\u00bb1\/2&Prime; offset=\u00a0\u00bbvc_col-lg-6 vc_col-md-6 vc_col-xs-12 vc_hidden-xs\u00a0\u00bb][vc_column_text]<\/p>\n<h2 class=\"h1\">Portails et fermetures<br \/>\n<span class=\"w-400\">de jardin<\/span><\/h2>\n<p>[\/vc_column_text][vc_column_text el_class=\u00a0\u00bbicones-text-titol\u00a0\u00bb]<\/p>\n<ul>\n<li><img decoding=\"async\" class=\"icona icona-s cercle fabricacio\" src=\"https:\/\/grabalosa.com\/wp-content\/uploads\/sites\/2\/2018\/11\/fabricacio-propia-gris.svg\" alt=\"Fabrication propre\"><span class=\"no-marxis\">Fabrication propre<\/span><\/li>\n<li><img decoding=\"async\" class=\"icona icona-s cercle resistencia\" src=\"https:\/\/grabalosa.com\/wp-content\/uploads\/sites\/2\/2018\/11\/resistencia-durabilitat.svg\" alt=\"R\u00e9sistance et durabilit\u00e9\"><span class=\"no-marxis\">R\u00e9sistance et durabilit\u00e9<\/span><\/li>\n<\/ul>\n<p>[\/vc_column_text][\/vc_column][vc_column width=\u00a0\u00bb1\/2&Prime; el_class=\u00a0\u00bbimatge-fullw-titol\u00a0\u00bb offset=\u00a0\u00bbvc_col-lg-6 vc_col-md-6 vc_col-xs-12 vc_hidden-xs\u00a0\u00bb css=\u00a0\u00bb.vc_custom_1596625538640{background-image: url(https:\/\/grabalosa.com\/portes\/wp-content\/uploads\/sites\/2\/2018\/12\/01-portes-tanques-jardi-grabalosa-portes-titol.jpg?id=3229) !important;background-position: center !important;background-repeat: no-repeat !important;background-size: cover !important;}\u00a0\u00bb][\/vc_column][\/vc_row][vc_row css_animation=\u00a0\u00bb\u00a0\u00bb row_type=\u00a0\u00bbrow\u00a0\u00bb use_row_as_full_screen_section=\u00a0\u00bbno\u00a0\u00bb type=\u00a0\u00bbfull_width\u00a0\u00bb angled_section=\u00a0\u00bbno\u00a0\u00bb text_align=\u00a0\u00bbleft\u00a0\u00bb background_image_as_pattern=\u00a0\u00bbwithout_pattern\u00a0\u00bb css=\u00a0\u00bb.vc_custom_1550265915233{padding-top: 0px !important;padding-bottom: 0px !important;background-color: #dadada !important;}\u00a0\u00bb z_index=\u00a0\u00bb\u00a0\u00bb el_class=\u00a0\u00bbflex-section flex-section-600 titol-producte modul-6-titolm\u00a0\u00bb][vc_column width=\u00a0\u00bb1\/2&Prime; el_class=\u00a0\u00bbimatge-fullw-titol\u00a0\u00bb offset=\u00a0\u00bbvc_col-lg-6 vc_hidden-lg vc_col-md-6 vc_hidden-md vc_hidden-sm vc_col-xs-12&Prime; css=\u00a0\u00bb.vc_custom_1545255749161{background-image: url(https:\/\/grabalosa.com\/portes\/wp-content\/uploads\/sites\/2\/2018\/12\/01-portes-tanques-jardi-grabalosa-portes-titol.jpg?id=3229) !important;background-position: center !important;background-repeat: no-repeat !important;background-size: cover !important;}\u00a0\u00bb][\/vc_column][vc_column css_animation=\u00a0\u00bbleft-to-right\u00a0\u00bb width=\u00a0\u00bb1\/2&Prime; el_class=\u00a0\u00bbtext-producte-6&Prime; offset=\u00a0\u00bbvc_col-lg-6 vc_hidden-lg vc_col-md-6 vc_hidden-md vc_hidden-sm vc_col-xs-12&Prime; css=\u00a0\u00bb.vc_custom_1550265963158{padding-top: 45px !important;padding-bottom: 40px !important;}\u00a0\u00bb][vc_column_text]<\/p>\n<h2 class=\"h1\">Portails et fermetures<br \/>\n<span class=\"w-400\">de jardin<\/span><\/h2>\n<p>[\/vc_column_text][vc_column_text el_class=\u00a0\u00bbicones-text-2l\u00a0\u00bb]<\/p>\n<ul>\n<li><img decoding=\"async\" class=\"icona icona-s cercle fabricacio\" src=\"https:\/\/grabalosa.com\/wp-content\/uploads\/sites\/2\/2018\/11\/fabricacio-propia-gris.svg\" alt=\"Fabrication propre\"><span class=\"no-marxis\">Fabrication propre<\/span><\/li>\n<li><img decoding=\"async\" class=\"icona icona-s cercle resistencia\" src=\"https:\/\/grabalosa.com\/wp-content\/uploads\/sites\/2\/2018\/11\/resistencia-durabilitat.svg\" alt=\"R\u00e9sistance et durabilit\u00e9\"><span class=\"no-marxis\">R\u00e9sistance et durabilit\u00e9<\/span><\/li>\n<\/ul>\n<p>[\/vc_column_text][\/vc_column][\/vc_row][vc_row css_animation=\u00a0\u00bb\u00a0\u00bb row_type=\u00a0\u00bbrow\u00a0\u00bb use_row_as_full_screen_section=\u00a0\u00bbno\u00a0\u00bb type=\u00a0\u00bbgrid\u00a0\u00bb angled_section=\u00a0\u00bbno\u00a0\u00bb text_align=\u00a0\u00bbleft\u00a0\u00bb background_image_as_pattern=\u00a0\u00bbwithout_pattern\u00a0\u00bb css=\u00a0\u00bb.vc_custom_1545160283181{padding-top: 100px !important;padding-bottom: 100px !important;}\u00a0\u00bb z_index=\u00a0\u00bb\u00a0\u00bb el_class=\u00a0\u00bbmodul-1&Prime;][vc_column width=\u00a0\u00bb1\/2&Prime; offset=\u00a0\u00bbvc_col-lg-6 vc_col-md-6 vc_col-xs-12&Prime;][vc_gallery type=\u00a0\u00bbflexslider_slide\u00a0\u00bb interval=\u00a0\u00bb3&Prime; images=\u00a0\u00bb4103,4124,4121,4118,4115,4112,4109,4106,4127&Prime; img_size=\u00a0\u00bbfull\u00a0\u00bb direction_nav=\u00a0\u00bbyes\u00a0\u00bb control_nav=\u00a0\u00bbno\u00a0\u00bb show_image_description=\u00a0\u00bbyes\u00a0\u00bb pause_on_hover=\u00a0\u00bbno\u00a0\u00bb frame=\u00a0\u00bbno\u00a0\u00bb el_class=\u00a0\u00bbgaleria-s-m1&Prime;][\/vc_column][vc_column css_animation=\u00a0\u00bbright-to-left\u00a0\u00bb width=\u00a0\u00bb1\/2&Prime; offset=\u00a0\u00bbvc_col-lg-6 vc_col-md-6 vc_col-xs-12&Prime;][vc_column_text el_class=\u00a0\u00bbtext-descriptiu-1 text-left\u00a0\u00bb]<\/p>\n<h2 class=\"h1\">Entretien minimum<\/h2>\n<p>Les fermetures de jardin, servent pour limiter et unifier un jardin ou un terrain. Utilis\u00e9s comme \u00e9l\u00e9ments de protection, bloquent les passages de personnes ou animaux, et aussi donnent une intimit\u00e9 a la propri\u00e9t\u00e9. <\/p>\n<p>Les fermetures de jardin de chez Met\u00e0liques Grabalosa aident aux besoins de chaque client, avec des infinies possibilit\u00e9s constructives, de designs, mat\u00e9riaux et finitions.[\/vc_column_text]<div class=\"qode-accordion-holder clearfix qode-toggle qode-initial \">\n\t<h6 class=\"clearfix qode-title-holder\">\n<span class=\"qode-tab-title\">\n\t    <span class=\"qode-tab-title-inner\">\n        Lire plus    <\/span>\n<\/span>\n<span class=\"qode-accordion-mark\">\n    <span class=\"qode-accordion-mark-icon\">\n        <span class=\"icon_plus\"><\/span>\n        <span class=\"icon_minus-06\"><\/span>\n    <\/span>\n<\/span>\n<\/h6>\n<div  class=\"qode-accordion-content \" style=\"padding: 0 0 0 0\">\n    <div class=\"qode-accordion-content-inner\">\n        [vc_column_text el_class=\u00a0\u00bbtext-descriptiu-1 text-left\u00a0\u00bb]S\u2019adaptent aux diff\u00e9rents styles d\u2019architecture de la maison et on peut combiner les diff\u00e9rentes solutions de portes et portails de jardin, pour l\u2019acc\u00e8s \u00e0 la propri\u00e9t\u00e9, tant pour pi\u00e9tons et v\u00e9hicules.<\/p>\n<p>Pas d\u2019entretien pour nos fermetures. Fourniture finition anodis\u00e9e ou laqu\u00e9e, selon normes QUALICOAT, bloquant l\u2019oxydation et un grand nuancier de couleurs.[\/vc_column_text]    <\/div>\n<\/div><\/div>[\/vc_column][\/vc_row][vc_row css_animation=\u00a0\u00bb\u00a0\u00bb row_type=\u00a0\u00bbrow\u00a0\u00bb use_row_as_full_screen_section=\u00a0\u00bbno\u00a0\u00bb type=\u00a0\u00bbgrid\u00a0\u00bb angled_section=\u00a0\u00bbno\u00a0\u00bb text_align=\u00a0\u00bbleft\u00a0\u00bb background_image_as_pattern=\u00a0\u00bbwithout_pattern\u00a0\u00bb z_index=\u00a0\u00bb\u00a0\u00bb css=\u00a0\u00bb.vc_custom_1545132089421{background-color: #f6f6f6 !important;}\u00a0\u00bb el_class=\u00a0\u00bbaltres-models modul-porta modul-faqs modul-accord-portes\u00a0\u00bb][vc_column css=\u00a0\u00bb.vc_custom_1544029349173{padding-top: 80px !important;padding-bottom: 80px !important;}\u00a0\u00bb]<div class=\"qode-accordion-holder clearfix qode-toggle qode-initial \">\n\t<h5 class=\"clearfix qode-title-holder\">\n<span class=\"qode-tab-title\">\n\t    <span class=\"qode-tab-title-inner\">\n        Garantie de qualit\u00e9    <\/span>\n<\/span>\n<span class=\"qode-accordion-mark\">\n    <span class=\"qode-accordion-mark-icon\">\n        <span class=\"icon_plus\"><\/span>\n        <span class=\"icon_minus-06\"><\/span>\n    <\/span>\n<\/span>\n<\/h5>\n<div  class=\"qode-accordion-content \" style=\"padding: 4px 0 70px 0\">\n    <div class=\"qode-accordion-content-inner\">\n        [vc_column_text el_class=\u00a0\u00bbac-portes-garantia-qualitat text-left\u00a0\u00bb]<\/p>\n<h3>GARANTIE DE QUALIT\u00c9<\/h3>\n<p>Les portails et fermetures de jardin ont son label CE dans le processus de fabrication. Aussi ont pass\u00e9 le test d\u2019essais pour garantir la r\u00e9sistance selon normes europ\u00e9ennes. Aussi a pass\u00e9 le test d\u2019essais pour garantir la r\u00e9sistance selon normes europ\u00e9ennes. <\/p>\n<h4 class=\"h4-little\">HOMOLOGATION<\/h4>\n<ul>\n<li><img decoding=\"async\" src=\"https:\/\/grabalosa.com\/wp-content\/uploads\/sites\/2\/2018\/11\/mercat-europeu.svg\" alt=\"Sigles Homologation March\u00e9 Europ\u00e9en\" width=\"100\"><\/li>\n<li><img decoding=\"async\" src=\"https:\/\/grabalosa.com\/wp-content\/uploads\/sites\/2\/2018\/11\/codi-tecnic-construccio.svg\" alt=\"Sigles du Code Technique de la Construction\" width=\"100\"><\/li>\n<\/ul>\n<p>[\/vc_column_text]    <\/div>\n<\/div><\/div>[\/vc_column][\/vc_row][vc_row css_animation=\u00a0\u00bb\u00a0\u00bb row_type=\u00a0\u00bbrow\u00a0\u00bb use_row_as_full_screen_section=\u00a0\u00bbno\u00a0\u00bb type=\u00a0\u00bbgrid\u00a0\u00bb angled_section=\u00a0\u00bbno\u00a0\u00bb text_align=\u00a0\u00bbleft\u00a0\u00bb background_image_as_pattern=\u00a0\u00bbwithout_pattern\u00a0\u00bb transition_delay=\u00a0\u00bb0.2&Prime; css=\u00a0\u00bb.vc_custom_1545252584012{background-color: #9d9d9c !important;}\u00a0\u00bb z_index=\u00a0\u00bb\u00a0\u00bb el_class=\u00a0\u00bbmultiproducte m6-grid\u00a0\u00bb][vc_column css_animation=\u00a0\u00bbnone\u00a0\u00bb width=\u00a0\u00bb5\/12&Prime; el_class=\u00a0\u00bbimatge-producte-grid6&Prime; offset=\u00a0\u00bbvc_col-lg-6 vc_hidden-lg vc_col-md-6 vc_hidden-md vc_hidden-sm vc_col-xs-12&Prime; css=\u00a0\u00bb.vc_custom_1541798391334{padding-top: 70px !important;padding-bottom: 40px !important;}\u00a0\u00bb][vc_column_text el_class=\u00a0\u00bbwidth-500 white-t\u00a0\u00bb]<\/p>\n<h2 class=\"h1\">Combination d\u2019une porte coulissante et battante<\/h2>\n<p>Une infinie de possibilit\u00e9s de constructions, possibilit\u00e9 de combinaison de portes et portails de jardin pour faciliter l\u2019acc\u00e8s \u00e0 la propri\u00e9t\u00e9, tant pour pi\u00e9tons et v\u00e9hicules.[\/vc_column_text][vc_column_text el_class=\u00a0\u00bbicones-text-sota-boto\u00a0\u00bb]<\/p>\n<ul>\n<li><img decoding=\"async\" class=\"icona icona-lp\" src=\"https:\/\/grabalosa.com\/portes\/wp-content\/uploads\/sites\/2\/2018\/12\/03-holder-correderes-grabalosa-portes.svg\"><a href=\"https:\/\/grabalosa.com\/portes\/fr\/portes-produits\/portes-de-garage\/portes-de-garage-coulissantes\/\"><span class=\"white-t\">Voir des mod\u00e8les coulissantes<\/span><\/a><\/li>\n<li><img decoding=\"async\" class=\"icona icona-lp\" src=\"https:\/\/grabalosa.com\/portes\/wp-content\/uploads\/sites\/2\/2018\/12\/03-holder-batents-grabalosa-portes.svg\"><a href=\"https:\/\/grabalosa.com\/portes\/fr\/portes-produits\/portes-de-garage\/portes-de-garage-battantes\/\"><span class=\"white-t\">Voir des mod\u00e8les battantes<\/span><\/a><\/li>\n<\/ul>\n<p>[\/vc_column_text][\/vc_column][vc_column css_animation=\u00a0\u00bbright-to-left\u00a0\u00bb width=\u00a0\u00bb7\/12&Prime; el_class=\u00a0\u00bbtext-producte\u00a0\u00bb offset=\u00a0\u00bbvc_col-lg-6 vc_hidden-lg vc_col-md-6 vc_hidden-md vc_col-sm-offset-0 vc_hidden-sm vc_col-xs-12&Prime; css=\u00a0\u00bb.vc_custom_1541798415632{padding-bottom: 70px !important;}\u00a0\u00bb][vc_single_image image=\u00a0\u00bb3760&Prime; img_size=\u00a0\u00bbfull\u00a0\u00bb qode_css_animation=\u00a0\u00bb\u00a0\u00bb][\/vc_column][\/vc_row][vc_row css_animation=\u00a0\u00bb\u00a0\u00bb row_type=\u00a0\u00bbrow\u00a0\u00bb use_row_as_full_screen_section=\u00a0\u00bbno\u00a0\u00bb type=\u00a0\u00bbgrid\u00a0\u00bb angled_section=\u00a0\u00bbno\u00a0\u00bb text_align=\u00a0\u00bbleft\u00a0\u00bb background_image_as_pattern=\u00a0\u00bbwithout_pattern\u00a0\u00bb transition_delay=\u00a0\u00bb0.2&Prime; css=\u00a0\u00bb.vc_custom_1545252573645{margin-bottom: 10px !important;background-color: #9d9d9c !important;}\u00a0\u00bb z_index=\u00a0\u00bb\u00a0\u00bb el_class=\u00a0\u00bbmultiproducte m6-grid\u00a0\u00bb][vc_column css_animation=\u00a0\u00bbleft-to-right\u00a0\u00bb width=\u00a0\u00bb7\/12&Prime; el_class=\u00a0\u00bbtext-producte\u00a0\u00bb css=\u00a0\u00bb.vc_custom_1541802046493{padding-top: 70px !important;padding-right: 70px !important;padding-bottom: 70px !important;}\u00a0\u00bb offset=\u00a0\u00bbvc_col-lg-6 vc_col-md-6 vc_col-xs-12 vc_hidden-xs\u00a0\u00bb][vc_column_text el_class=\u00a0\u00bbwhite-t width-500&Prime;]<\/p>\n<h2 class=\"h1\">Combination d\u2019une porte coulissante et battante<\/h2>\n<p>Une infinie de possibilit\u00e9s de constructions, possibilit\u00e9 de combinaison de portes et portails de jardin pour faciliter l\u2019acc\u00e8s \u00e0 la propri\u00e9t\u00e9, tant pour pi\u00e9tons et v\u00e9hicules.[\/vc_column_text][vc_column_text el_class=\u00a0\u00bbicones-text-sota-boto\u00a0\u00bb]<\/p>\n<ul>\n<li><img decoding=\"async\" class=\"icona icona-lp\" src=\"https:\/\/grabalosa.com\/portes\/wp-content\/uploads\/sites\/2\/2018\/12\/03-holder-correderes-grabalosa-portes.svg\"><a href=\"https:\/\/grabalosa.com\/portes\/fr\/portes-produits\/portes-de-garage\/portes-de-garage-coulissantes\/\"><span class=\"white-t\">Voir des mod\u00e8les coulissantes<\/span><\/a><\/li>\n<li><img decoding=\"async\" class=\"icona icona-lp\" src=\"https:\/\/grabalosa.com\/portes\/wp-content\/uploads\/sites\/2\/2018\/12\/03-holder-batents-grabalosa-portes.svg\"><a href=\"https:\/\/grabalosa.com\/portes\/fr\/portes-produits\/portes-de-garage\/portes-de-garage-battantes\/\"><span class=\"white-t\">Voir des mod\u00e8les battantes<\/span><\/a><\/li>\n<\/ul>\n<p>[\/vc_column_text][\/vc_column][vc_column width=\u00a0\u00bb5\/12&Prime; el_class=\u00a0\u00bbimatge-producte-grid6&Prime; offset=\u00a0\u00bbvc_col-lg-6 vc_col-md-6 vc_col-xs-12 vc_hidden-xs\u00a0\u00bb][vc_single_image image=\u00a0\u00bb3763&Prime; img_size=\u00a0\u00bbfull\u00a0\u00bb alignment=\u00a0\u00bbcenter\u00a0\u00bb qode_css_animation=\u00a0\u00bb\u00a0\u00bb][\/vc_column][\/vc_row][vc_row css_animation=\u00a0\u00bb\u00a0\u00bb row_type=\u00a0\u00bbrow\u00a0\u00bb use_row_as_full_screen_section=\u00a0\u00bbno\u00a0\u00bb type=\u00a0\u00bbgrid\u00a0\u00bb angled_section=\u00a0\u00bbno\u00a0\u00bb text_align=\u00a0\u00bbleft\u00a0\u00bb background_image_as_pattern=\u00a0\u00bbwithout_pattern\u00a0\u00bb css=\u00a0\u00bb.vc_custom_1544024050778{margin-top: 80px !important;margin-bottom: 80px !important;}\u00a0\u00bb z_index=\u00a0\u00bb\u00a0\u00bb el_class=\u00a0\u00bbmodul-3&Prime;][vc_column width=\u00a0\u00bb2\/3&Prime; el_class=\u00a0\u00bbtext-descriptiu-3 text-left\u00a0\u00bb offset=\u00a0\u00bbvc_col-lg-offset-2 vc_col-md-offset-2 vc_col-sm-offset-2&Prime;][vc_column_text]<\/p>\n<h5>DEMANDE DE DEVIS<\/h5>\n<p>[\/vc_column_text][vc_column_text]<\/p>\n<h2 class=\"h1\">Voulez-vous connaitre le prix approximatif de votre projet?<\/h2>\n<p>Vous pouvez remplir un simple formulaire, et vous recevrez un prix estimatif de sa portails ou fermeture de jardin.[\/vc_column_text]<a  itemprop=\"url\" href=\"https:\/\/grabalosa.com\/portes\/pressupost\/\" target=\"_self\" data-hover-background-color=\"rgba(0,0,0,0.6)\" data-hover-border-color=\"transparent\" data-hover-color=\"#fefefe\" class=\"qbutton  large left white default btn-pressupost boto-pressu-garatge boto-pressu\" style=\"color: #ffffff; border-color: transparent; border-radius: 3px;-moz-border-radius: 3px;-webkit-border-radius: 3px; background-color:#1d1d1b;\">DEMANDE<\/a>[\/vc_column][\/vc_row]<\/p>\n<\/div>","protected":false},"excerpt":{"rendered":"<p>[vc_row css_animation=\u00a0\u00bb\u00a0\u00bb row_type=\u00a0\u00bbrow\u00a0\u00bb use_row_as_full_screen_section=\u00a0\u00bbno\u00a0\u00bb type=\u00a0\u00bbgrid\u00a0\u00bb angled_section=\u00a0\u00bbno\u00a0\u00bb text_align=\u00a0\u00bbleft\u00a0\u00bb background_image_as_pattern=\u00a0\u00bbwithout_pattern\u00a0\u00bb css=\u00a0\u00bb.vc_custom_1550493150916{padding-bottom: 0px !important;background-color: #dadada !important;}\u00a0\u00bb z_index=\u00a0\u00bb\u00a0\u00bb el_class=\u00a0\u00bbflex-section flex-section-600 titol-producte modul-6-titol m6-400&Prime;][vc_column css_animation=\u00a0\u00bbleft-to-right\u00a0\u00bb width=\u00a0\u00bb1\/2&Prime; offset=\u00a0\u00bbvc_col-lg-6 vc_col-md-6 vc_col-xs-12 vc_hidden-xs\u00a0\u00bb][vc_column_text] Portails et fermetures de jardin [\/vc_column_text][vc_column_text el_class=\u00a0\u00bbicones-text-titol\u00a0\u00bb] Fabrication propre R\u00e9sistance et durabilit\u00e9 [\/vc_column_text][\/vc_column][vc_column width=\u00a0\u00bb1\/2&Prime; el_class=\u00a0\u00bbimatge-fullw-titol\u00a0\u00bb offset=\u00a0\u00bbvc_col-lg-6 vc_col-md-6 vc_col-xs-12 vc_hidden-xs\u00a0\u00bb css=\u00a0\u00bb.vc_custom_1596625538640{background-image:&#8230;<\/p>\n","protected":false},"author":1,"featured_media":0,"parent":3716,"menu_order":4,"comment_status":"closed","ping_status":"closed","template":"full_width.php","meta":{"footnotes":""},"class_list":["post-4095","page","type-page","status-publish","hentry"],"aioseo_notices":[],"_links":{"self":[{"href":"https:\/\/grabalosa.com\/portes\/fr\/wp-json\/wp\/v2\/pages\/4095","targetHints":{"allow":["GET"]}}],"collection":[{"href":"https:\/\/grabalosa.com\/portes\/fr\/wp-json\/wp\/v2\/pages"}],"about":[{"href":"https:\/\/grabalosa.com\/portes\/fr\/wp-json\/wp\/v2\/types\/page"}],"author":[{"embeddable":true,"href":"https:\/\/grabalosa.com\/portes\/fr\/wp-json\/wp\/v2\/users\/1"}],"replies":[{"embeddable":true,"href":"https:\/\/grabalosa.com\/portes\/fr\/wp-json\/wp\/v2\/comments?post=4095"}],"version-history":[{"count":8,"href":"https:\/\/grabalosa.com\/portes\/fr\/wp-json\/wp\/v2\/pages\/4095\/revisions"}],"predecessor-version":[{"id":6817,"href":"https:\/\/grabalosa.com\/portes\/fr\/wp-json\/wp\/v2\/pages\/4095\/revisions\/6817"}],"up":[{"embeddable":true,"href":"https:\/\/grabalosa.com\/portes\/fr\/wp-json\/wp\/v2\/pages\/3716"}],"wp:attachment":[{"href":"https:\/\/grabalosa.com\/portes\/fr\/wp-json\/wp\/v2\/media?parent=4095"}],"curies":[{"name":"wp","href":"https:\/\/api.w.org\/{rel}","templated":true}]}}