{"id":3906,"date":"2020-05-26T18:44:11","date_gmt":"2020-05-26T16:44:11","guid":{"rendered":"http:\/\/ambdues.cat\/portes\/portes-de-garage\/portes-de-garage\/portes-de-garage-basculantes\/"},"modified":"2022-06-23T12:18:33","modified_gmt":"2022-06-23T10:18:33","slug":"portes-de-garage-basculantes","status":"publish","type":"page","link":"https:\/\/grabalosa.com\/portes\/fr\/portes-produits\/portes-de-garage\/portes-de-garage-basculantes\/","title":{"rendered":"Portes de garage basculantes"},"content":{"rendered":"<div class=\"wpb-content-wrapper\"><p>[vc_row css_animation=\u00a0\u00bb\u00a0\u00bb row_type=\u00a0\u00bbrow\u00a0\u00bb use_row_as_full_screen_section=\u00a0\u00bbno\u00a0\u00bb type=\u00a0\u00bbgrid\u00a0\u00bb angled_section=\u00a0\u00bbno\u00a0\u00bb text_align=\u00a0\u00bbleft\u00a0\u00bb background_image_as_pattern=\u00a0\u00bbwithout_pattern\u00a0\u00bb css=\u00a0\u00bb.vc_custom_1550493281197{padding-bottom: 0px !important;background-color: #dadada !important;}\u00a0\u00bb z_index=\u00a0\u00bb\u00a0\u00bb el_class=\u00a0\u00bbflex-section flex-section-600 titol-producte modul-6-titol m6-400&Prime;][vc_column css_animation=\u00a0\u00bbleft-to-right\u00a0\u00bb width=\u00a0\u00bb1\/2&Prime; el_class=\u00a0\u00bbtext-producte-6&Prime; offset=\u00a0\u00bbvc_col-lg-6 vc_col-md-6 vc_col-xs-12 vc_hidden-xs\u00a0\u00bb][vc_column_text]<\/p>\n<h2 class=\"h1\">Portes de garage<br \/>\n<span class=\"w-400\">Basculantes<\/span><\/h2>\n<p>[\/vc_column_text][vc_column_text el_class=\u00a0\u00bbicones-text-titol\u00a0\u00bb]<\/p>\n<ul>\n<li><img decoding=\"async\" class=\"icona icona-s cercle estret\" src=\"https:\/\/grabalosa.com\/portes\/wp-content\/uploads\/sites\/2\/2018\/11\/ideals-espais-estrets.svg\" alt=\"Id\u00e9al pour les espaces restreints\"><span class=\"no-marxis\">Id\u00e9al pour les espaces restreints<\/span><\/li>\n<li><img decoding=\"async\" class=\"icona icona-s cercle resistencia\" src=\"https:\/\/grabalosa.com\/wp-content\/uploads\/sites\/2\/2018\/11\/resistencia-durabilitat.svg\" alt=\"R\u00e9sistance et durabilit\u00e9\"><span class=\"no-marxis\">R\u00e9sistance et durabilit\u00e9<\/span><\/li>\n<\/ul>\n<p>[\/vc_column_text][\/vc_column][vc_column width=\u00a0\u00bb1\/2&Prime; el_class=\u00a0\u00bbimatge-fullw-titol\u00a0\u00bb offset=\u00a0\u00bbvc_col-lg-6 vc_col-md-6 vc_col-xs-12 vc_hidden-xs\u00a0\u00bb css=\u00a0\u00bb.vc_custom_1541944180644{background-image: url(https:\/\/grabalosa.com\/portes\/wp-content\/uploads\/sites\/2\/2018\/11\/03-portes-garatge-basculants-grabalosa-portes.jpg?id=2665) !important;background-position: center !important;background-repeat: no-repeat !important;background-size: cover !important;}\u00a0\u00bb][\/vc_column][\/vc_row][vc_row css_animation=\u00a0\u00bb\u00a0\u00bb row_type=\u00a0\u00bbrow\u00a0\u00bb use_row_as_full_screen_section=\u00a0\u00bbno\u00a0\u00bb type=\u00a0\u00bbfull_width\u00a0\u00bb angled_section=\u00a0\u00bbno\u00a0\u00bb text_align=\u00a0\u00bbleft\u00a0\u00bb background_image_as_pattern=\u00a0\u00bbwithout_pattern\u00a0\u00bb css=\u00a0\u00bb.vc_custom_1550488487471{padding-top: 0px !important;padding-bottom: 0px !important;background-color: #dadada !important;}\u00a0\u00bb z_index=\u00a0\u00bb\u00a0\u00bb el_class=\u00a0\u00bbflex-section flex-section-600 titol-producte modul-6-titolm\u00a0\u00bb][vc_column width=\u00a0\u00bb1\/2&Prime; el_class=\u00a0\u00bbimatge-fullw-titol\u00a0\u00bb offset=\u00a0\u00bbvc_col-lg-6 vc_hidden-lg vc_col-md-6 vc_hidden-md vc_hidden-sm vc_col-xs-12&Prime; css=\u00a0\u00bb.vc_custom_1541944214221{background-image: url(https:\/\/grabalosa.com\/portes\/wp-content\/uploads\/sites\/2\/2018\/11\/03-portes-garatge-basculants-grabalosa-portes.jpg?id=2665) !important;background-position: center !important;background-repeat: no-repeat !important;background-size: cover !important;}\u00a0\u00bb][\/vc_column][vc_column css_animation=\u00a0\u00bbleft-to-right\u00a0\u00bb width=\u00a0\u00bb1\/2&Prime; el_class=\u00a0\u00bbtext-producte-6&Prime; offset=\u00a0\u00bbvc_col-lg-6 vc_hidden-lg vc_col-md-6 vc_hidden-md vc_hidden-sm vc_col-xs-12&Prime; css=\u00a0\u00bb.vc_custom_1550488504084{padding-top: 45px !important;padding-bottom: 40px !important;}\u00a0\u00bb][vc_column_text]<\/p>\n<h2 class=\"h1\">Portes de garage<br \/>\n<span class=\"w-400\">Basculantes<\/span><\/h2>\n<p>[\/vc_column_text][vc_column_text el_class=\u00a0\u00bbicones-text-titol\u00a0\u00bb]<\/p>\n<ul>\n<li><img decoding=\"async\" class=\"icona icona-s cercle estret\" src=\"https:\/\/grabalosa.com\/portes\/wp-content\/uploads\/sites\/2\/2018\/11\/ideals-espais-estrets.svg\" alt=\"Id\u00e9al pour les espaces restreints\"><span class=\"no-marxis\">Id\u00e9al pour les espaces restreints<\/span><\/li>\n<li><img decoding=\"async\" class=\"icona icona-s cercle resistencia\" src=\"https:\/\/grabalosa.com\/wp-content\/uploads\/sites\/2\/2018\/11\/resistencia-durabilitat.svg\" alt=\"R\u00e9sistance et durabilit\u00e9\"><span class=\"no-marxis\">R\u00e9sistance et durabilit\u00e9<\/span><\/li>\n<\/ul>\n<p>[\/vc_column_text][\/vc_column][\/vc_row][vc_row css_animation=\u00a0\u00bb\u00a0\u00bb row_type=\u00a0\u00bbrow\u00a0\u00bb use_row_as_full_screen_section=\u00a0\u00bbno\u00a0\u00bb type=\u00a0\u00bbgrid\u00a0\u00bb angled_section=\u00a0\u00bbno\u00a0\u00bb text_align=\u00a0\u00bbleft\u00a0\u00bb background_image_as_pattern=\u00a0\u00bbwithout_pattern\u00a0\u00bb css=\u00a0\u00bb.vc_custom_1544033030600{padding-top: 100px !important;padding-bottom: 100px !important;}\u00a0\u00bb z_index=\u00a0\u00bb\u00a0\u00bb el_class=\u00a0\u00bbmodul-1&Prime;][vc_column width=\u00a0\u00bb1\/2&Prime; offset=\u00a0\u00bbvc_col-lg-6 vc_col-md-6 vc_col-xs-12&Prime;][vc_gallery type=\u00a0\u00bbflexslider_slide\u00a0\u00bb interval=\u00a0\u00bb3&Prime; images=\u00a0\u00bb3933,3921,3927,3924,3918,3915&Prime; img_size=\u00a0\u00bbfull\u00a0\u00bb direction_nav=\u00a0\u00bbyes\u00a0\u00bb control_nav=\u00a0\u00bbno\u00a0\u00bb show_image_description=\u00a0\u00bbyes\u00a0\u00bb pause_on_hover=\u00a0\u00bbno\u00a0\u00bb frame=\u00a0\u00bbno\u00a0\u00bb el_class=\u00a0\u00bbgaleria-s-m1&Prime;][\/vc_column][vc_column css_animation=\u00a0\u00bbright-to-left\u00a0\u00bb width=\u00a0\u00bb1\/2&Prime; offset=\u00a0\u00bbvc_col-lg-6 vc_col-md-6 vc_col-xs-12&Prime;][vc_column_text el_class=\u00a0\u00bbtext-descriptiu-1 text-left\u00a0\u00bb]<\/p>\n<h2 class=\"h1\">Pour une utilisation intensive<\/h2>\n<p>Porte de s\u00e9curit\u00e9 adapt\u00e9e, tant pour utilisation r\u00e9sidentielle, communautaire ou industrielle; possibilit\u00e9 d\u2019un design personnel et un fonctionnement manuel ou automatique selon les besoins de chaque client. Tous les \u00e9l\u00e9ments de s\u00e9curit\u00e9 son inclus pour \u00eatre aux normes, tant pour les portes avec une ouverture manuelle ou automatique. <\/p>\n<p>Fabriqu\u00e9 avec une structure m\u00e9tallique tubulaire d\u2019une ou deux vantaux pliables, adapt\u00e9es en deux rails lat\u00e9raux avec des roulements et parachutes de s\u00e9curit\u00e9. Les deux vantaux pliables, sont \u00e9quilibr\u00e9s avec des contrepoids. Les dos fulles plegables s\u00f3n equilibrades mitjan\u00e7ant contrapesos.[\/vc_column_text]<div class=\"qode-accordion-holder clearfix qode-toggle qode-initial \">\n\t<h6 class=\"clearfix qode-title-holder\">\n<span class=\"qode-tab-title\">\n\t    <span class=\"qode-tab-title-inner\">\n        Lire plus    <\/span>\n<\/span>\n<span class=\"qode-accordion-mark\">\n    <span class=\"qode-accordion-mark-icon\">\n        <span class=\"icon_plus\"><\/span>\n        <span class=\"icon_minus-06\"><\/span>\n    <\/span>\n<\/span>\n<\/h6>\n<div  class=\"qode-accordion-content \" style=\"padding: 0 0 0 0\">\n    <div class=\"qode-accordion-content-inner\">\n        [vc_column_text el_class=\u00a0\u00bbtext-descriptiu-1 text-left\u00a0\u00bb]La partie inf\u00e9rieure est cach\u00e9e avec une t\u00f4le pli\u00e9e, avec panneau sandwitx, aussi le client peut choisir un autre mat\u00e9riel. On peut la livrer avec diff\u00e9rentes finitions, comme de l\u2019acier avec une couche anti-oxydation, galvanis\u00e9, laqu\u00e9e au four, acier corten, du bois, etc.[\/vc_column_text]    <\/div>\n<\/div><\/div>[\/vc_column][\/vc_row][vc_row css_animation=\u00a0\u00bb\u00a0\u00bb row_type=\u00a0\u00bbrow\u00a0\u00bb use_row_as_full_screen_section=\u00a0\u00bbno\u00a0\u00bb type=\u00a0\u00bbgrid\u00a0\u00bb angled_section=\u00a0\u00bbno\u00a0\u00bb text_align=\u00a0\u00bbleft\u00a0\u00bb background_image_as_pattern=\u00a0\u00bbwithout_pattern\u00a0\u00bb z_index=\u00a0\u00bb\u00a0\u00bb css=\u00a0\u00bb.vc_custom_1545132089421{background-color: #f6f6f6 !important;}\u00a0\u00bb el_class=\u00a0\u00bbaltres-models modul-porta modul-faqs modul-accord-portes\u00a0\u00bb][vc_column css=\u00a0\u00bb.vc_custom_1544029349173{padding-top: 80px !important;padding-bottom: 80px !important;}\u00a0\u00bb]<div class=\"qode-accordion-holder clearfix qode-toggle qode-initial \">\n\t<h5 class=\"clearfix qode-title-holder\">\n<span class=\"qode-tab-title\">\n\t    <span class=\"qode-tab-title-inner\">\n        Syst\u00e8me d&#039;ouverture    <\/span>\n<\/span>\n<span class=\"qode-accordion-mark\">\n    <span class=\"qode-accordion-mark-icon\">\n        <span class=\"icon_plus\"><\/span>\n        <span class=\"icon_minus-06\"><\/span>\n    <\/span>\n<\/span>\n<\/h5>\n<div  class=\"qode-accordion-content \" style=\"padding: 4px 0 70px 0\">\n    <div class=\"qode-accordion-content-inner\">\n        [vc_column_text el_class=\u00a0\u00bbac-portes-sist-obertura text-left img-3icons\u00a0\u00bb]<\/p>\n<h3>SYST\u00c8ME D\u2019OUVERTURE<\/h3>\n<h3 class=\"w-300\">DES PORTES DE GARAGE BASCULANTES<\/h3>\n<p><img decoding=\"async\" role=\"img\" src=\"https:\/\/grabalosa.com\/portes\/wp-content\/uploads\/sites\/2\/2018\/11\/sistemes-obertura-portes-garatge-enrotllables-grabalosa-1.svg\" alt=\"Syst\u00e8me d'ouverture des portes basculantes - Portes Grabalosa\" width=\"700\">[\/vc_column_text]    <\/div>\n<\/div><h5 class=\"clearfix qode-title-holder\">\n<span class=\"qode-tab-title\">\n\t    <span class=\"qode-tab-title-inner\">\n        Garantie de qualit\u00e9    <\/span>\n<\/span>\n<span class=\"qode-accordion-mark\">\n    <span class=\"qode-accordion-mark-icon\">\n        <span class=\"icon_plus\"><\/span>\n        <span class=\"icon_minus-06\"><\/span>\n    <\/span>\n<\/span>\n<\/h5>\n<div  class=\"qode-accordion-content \" style=\"padding: 4px 0 70px 0\">\n    <div class=\"qode-accordion-content-inner\">\n        [vc_column_text el_class=\u00a0\u00bbac-portes-garantia-qualitat text-left\u00a0\u00bb]<\/p>\n<h3>GARANTIE DE QUALIT\u00c9<\/h3>\n<p>Les portes de garage basculantes ont son label CE dans le processus de fabrication. Aussi a pass\u00e9 le test d\u2019essais pour garantir la r\u00e9sistance selon normes europ\u00e9ennes. Aussi a pass\u00e9 le test d\u2019essais pour garantir la r\u00e9sistance selon normes europ\u00e9ennes. <\/p>\n<h4 class=\"h4-little\">HOMOLOGATION<\/h4>\n<ul>\n<li><img decoding=\"async\" src=\"https:\/\/grabalosa.com\/wp-content\/uploads\/sites\/2\/2018\/11\/mercat-europeu.svg\" alt=\"Sigles Homologation March\u00e9 Europ\u00e9en\" width=\"100\"><\/li>\n<li><img decoding=\"async\" src=\"https:\/\/grabalosa.com\/wp-content\/uploads\/sites\/2\/2018\/11\/codi-tecnic-construccio.svg\" alt=\"Sigles du Code Technique de la Construction\" width=\"100\"><\/li>\n<\/ul>\n<p>[\/vc_column_text]    <\/div>\n<\/div><\/div>[\/vc_column][\/vc_row][vc_row css_animation=\u00a0\u00bb\u00a0\u00bb row_type=\u00a0\u00bbrow\u00a0\u00bb use_row_as_full_screen_section=\u00a0\u00bbno\u00a0\u00bb type=\u00a0\u00bbgrid\u00a0\u00bb angled_section=\u00a0\u00bbno\u00a0\u00bb text_align=\u00a0\u00bbleft\u00a0\u00bb background_image_as_pattern=\u00a0\u00bbwithout_pattern\u00a0\u00bb css=\u00a0\u00bb.vc_custom_1544033051030{background-color: #575757 !important;}\u00a0\u00bb z_index=\u00a0\u00bb\u00a0\u00bb el_class=\u00a0\u00bbmodul-5 p-row\u00a0\u00bb][vc_column width=\u00a0\u00bb1\/2&Prime; el_class=\u00a0\u00bbwhite-t text-m5&Prime; css=\u00a0\u00bb.vc_custom_1542059154994{padding-top: 60px !important;padding-right: 20px !important;padding-bottom: 60px !important;padding-left: 20px !important;}\u00a0\u00bb offset=\u00a0\u00bbvc_col-lg-6 vc_col-md-6 vc_hidden-md vc_hidden-sm vc_col-xs-12 vc_hidden-xs\u00a0\u00bb][vc_column_text]<\/p>\n<h2 class=\"h1 no-subtitol\">PRACTIQUES ET DE LONGUE<br \/>\nDURABILIT\u00c9<\/h2>\n<p>Produit avec une longue vie utile, d\u2019une construction tr\u00e8s simple, mais tr\u00e8s lourde, avec une garantie minime de 250.000 cycles. Entretien minimum et id\u00e9al par communaut\u00e9s des voisins et des endroits d\u2019intense activit\u00e9.[\/vc_column_text][vc_column_text el_class=\u00a0\u00bbicones-text-2l\u00a0\u00bb]<\/p>\n<ul>\n<li><img decoding=\"async\" class=\"icona icona-m cercle manteniment\" src=\"https:\/\/grabalosa.com\/portes\/wp-content\/uploads\/sites\/2\/2018\/11\/minim-manteniment-blanc.svg\" alt=\"Entretien minimum\"><span class=\"white-t\">Entretien minimum<\/span><\/li>\n<\/ul>\n<p>[\/vc_column_text][\/vc_column][vc_column width=\u00a0\u00bb1\/2&Prime; el_class=\u00a0\u00bbwhite-t imatge-m5&Prime; css=\u00a0\u00bb.vc_custom_1531996547134{padding-right: 0px !important;padding-left: 0px !important;}\u00a0\u00bb offset=\u00a0\u00bbvc_col-lg-6 vc_col-md-6 vc_hidden-md vc_hidden-sm vc_col-xs-12 vc_hidden-xs\u00a0\u00bb][vc_single_image image=\u00a0\u00bb3797&Prime; img_size=\u00a0\u00bbfull\u00a0\u00bb alignment=\u00a0\u00bbcenter\u00a0\u00bb qode_css_animation=\u00a0\u00bb\u00a0\u00bb][\/vc_column][\/vc_row][vc_row css_animation=\u00a0\u00bb\u00a0\u00bb row_type=\u00a0\u00bbrow\u00a0\u00bb use_row_as_full_screen_section=\u00a0\u00bbno\u00a0\u00bb type=\u00a0\u00bbfull_width\u00a0\u00bb angled_section=\u00a0\u00bbno\u00a0\u00bb text_align=\u00a0\u00bbleft\u00a0\u00bb background_image_as_pattern=\u00a0\u00bbwithout_pattern\u00a0\u00bb css=\u00a0\u00bb.vc_custom_1544033058778{background-color: #575757 !important;}\u00a0\u00bb z_index=\u00a0\u00bb\u00a0\u00bb el_class=\u00a0\u00bbmodul-5&Prime;][vc_column width=\u00a0\u00bb1\/2&Prime; el_class=\u00a0\u00bbwhite-t text-m5&Prime; css=\u00a0\u00bb.vc_custom_1538238752044{padding-top: 55px !important;padding-right: 20px !important;padding-bottom: 55px !important;padding-left: 20px !important;}\u00a0\u00bb offset=\u00a0\u00bbvc_col-lg-6 vc_hidden-lg vc_col-md-6 vc_col-xs-12&Prime;][vc_column_text]<\/p>\n<h2 class=\"h1 no-subtitol\">PRACTIQUES ET DE LONGUE<br \/>\nDURABILIT\u00c9<\/h2>\n<p>Produit avec une longue vie utile, d\u2019une construction tr\u00e8s simple, mais tr\u00e8s lourde, avec une garantie minime de 250.000 cycles. Entretien minimum et id\u00e9al par communaut\u00e9s des voisins et des endroits d\u2019intense activit\u00e9.[\/vc_column_text][vc_column_text el_class=\u00a0\u00bbicones-text-2l\u00a0\u00bb]<\/p>\n<ul>\n<li><img decoding=\"async\" class=\"icona icona-m cercle manteniment\" src=\"https:\/\/grabalosa.com\/portes\/wp-content\/uploads\/sites\/2\/2018\/11\/minim-manteniment-blanc.svg\" alt=\"Entretien minimum\"><span class=\"white-t\">Entretien minimum<\/span><\/li>\n<\/ul>\n<p>[\/vc_column_text][\/vc_column][vc_column width=\u00a0\u00bb1\/2&Prime; el_class=\u00a0\u00bbwhite-t imatge-m5&Prime; css=\u00a0\u00bb.vc_custom_1531996571629{padding-right: 0px !important;padding-left: 0px !important;}\u00a0\u00bb offset=\u00a0\u00bbvc_col-lg-6 vc_hidden-lg vc_col-md-6 vc_col-xs-12&Prime;][vc_single_image image=\u00a0\u00bb3797&Prime; img_size=\u00a0\u00bbfull\u00a0\u00bb alignment=\u00a0\u00bbcenter\u00a0\u00bb qode_css_animation=\u00a0\u00bb\u00a0\u00bb][\/vc_column][\/vc_row][vc_row css_animation=\u00a0\u00bb\u00a0\u00bb row_type=\u00a0\u00bbrow\u00a0\u00bb use_row_as_full_screen_section=\u00a0\u00bbno\u00a0\u00bb type=\u00a0\u00bbgrid\u00a0\u00bb angled_section=\u00a0\u00bbno\u00a0\u00bb text_align=\u00a0\u00bbleft\u00a0\u00bb background_image_as_pattern=\u00a0\u00bbwithout_pattern\u00a0\u00bb css=\u00a0\u00bb.vc_custom_1544024050778{margin-top: 80px !important;margin-bottom: 80px !important;}\u00a0\u00bb z_index=\u00a0\u00bb\u00a0\u00bb el_class=\u00a0\u00bbmodul-3&Prime;][vc_column width=\u00a0\u00bb2\/3&Prime; el_class=\u00a0\u00bbtext-descriptiu-3 text-left\u00a0\u00bb offset=\u00a0\u00bbvc_col-lg-offset-2 vc_col-md-offset-2 vc_col-sm-offset-2&Prime;][vc_column_text]<\/p>\n<h5>DEMANDE DE DEVIS<\/h5>\n<p>[\/vc_column_text][vc_column_text]<\/p>\n<h2 class=\"h1\">Voulez-vous conna\u00eetre le prix approximatif de votre projet?<\/h2>\n<p>Vous pouvez remplir un simple formulaire, et vous recevrez un prix estimatif de sa porte ou portail de garage.[\/vc_column_text]<a  itemprop=\"url\" href=\"https:\/\/grabalosa.com\/portes\/pressupost\/\" target=\"_self\" data-hover-background-color=\"rgba(0,0,0,0.6)\" data-hover-border-color=\"transparent\" data-hover-color=\"#fefefe\" class=\"qbutton  large left white default btn-pressupost boto-pressu-garatge boto-pressu\" style=\"color: #ffffff; border-color: transparent; border-radius: 3px;-moz-border-radius: 3px;-webkit-border-radius: 3px; background-color:#1d1d1b;\">DEMANDE<\/a>[\/vc_column][\/vc_row][vc_row css_animation=\u00a0\u00bb\u00a0\u00bb row_type=\u00a0\u00bbrow\u00a0\u00bb use_row_as_full_screen_section=\u00a0\u00bbno\u00a0\u00bb type=\u00a0\u00bbgrid\u00a0\u00bb angled_section=\u00a0\u00bbno\u00a0\u00bb text_align=\u00a0\u00bbleft\u00a0\u00bb background_image_as_pattern=\u00a0\u00bbwithout_pattern\u00a0\u00bb z_index=\u00a0\u00bb\u00a0\u00bb css=\u00a0\u00bb.vc_custom_1545132089421{background-color: #f6f6f6 !important;}\u00a0\u00bb el_class=\u00a0\u00bbaltres-models modul-porta modul-faqs modul-accord-portes\u00a0\u00bb][vc_column css=\u00a0\u00bb.vc_custom_1544029349173{padding-top: 80px !important;padding-bottom: 80px !important;}\u00a0\u00bb][vc_row_inner row_type=\u00a0\u00bbrow\u00a0\u00bb type=\u00a0\u00bbgrid\u00a0\u00bb text_align=\u00a0\u00bbleft\u00a0\u00bb css_animation=\u00a0\u00bb\u00a0\u00bb][vc_column_inner offset=\u00a0\u00bbvc_col-lg-offset-1 vc_col-lg-10 vc_col-md-offset-0 vc_col-md-12 vc_col-sm-offset-0&Prime;][vc_column_text el_class=\u00a0\u00bbtext-left altres-text\u00a0\u00bb css=\u00a0\u00bb.vc_custom_1613337297953{margin-bottom: 30px !important;}\u00a0\u00bb]<\/p>\n<h2 class=\"w-300\">AUTRES MOD\u00c9LES DE<br \/>\nPORTES DE GARAGE<\/h2>\n<p>[\/vc_column_text][vc_column_text el_class=\u00a0\u00bbaltres-models-portes-wrap\u00a0\u00bb]<\/p>\n<div class=\"tipo-gratge-content\"><a href=\"https:\/\/grabalosa.com\/portes\/fr\/portes-produits\/portes-de-garage\/portes-de-garage-sectionnelles\/\"><img decoding=\"async\" class=\"portes-garatge-img\" role=\"img\" src=\"https:\/\/grabalosa.com\/portes\/wp-content\/uploads\/sites\/2\/\/2020\/03\/seccional.svg\" alt=\"Portes de Garage Sectionnelles - Portes Grabalosa\" width=\"300\"><span class=\"tipo-garatge-text\">SECTIONNELLES<\/span><\/a><\/div>\n<div class=\"tipo-gratge-content\"><a href=\"https:\/\/grabalosa.com\/portes\/fr\/portes-produits\/portes-de-garage\/portes-de-garage-enroulables\/\"><img decoding=\"async\" class=\"portes-garatge-img\" role=\"img\" src=\"https:\/\/grabalosa.com\/portes\/wp-content\/uploads\/sites\/2\/\/2020\/03\/enrotllable.svg\" alt=\"Portes de Garage enroulables - Portes Grabalosa\" width=\"300\"><span class=\"tipo-garatge-text\">ENROULABLES<\/span><\/a><\/div>\n<div class=\"tipo-gratge-content\"><a href=\"https:\/\/grabalosa.com\/portes\/fr\/portes-produits\/portes-de-garage\/portes-de-garage-basculantes\/\"><img decoding=\"async\" class=\"portes-garatge-img\" role=\"img\" src=\"https:\/\/grabalosa.com\/portes\/wp-content\/uploads\/sites\/2\/\/2020\/03\/basculant.svg\" alt=\"Portes de Garatge Basculantes - Portes Grabalosa\" width=\"300\"><span class=\"tipo-garatge-text\">BASCULANTES<\/span><\/a><\/div>\n<p>[\/vc_column_text][\/vc_column_inner][\/vc_row_inner][\/vc_column][\/vc_row]<\/p>\n<\/div>","protected":false},"excerpt":{"rendered":"<p>[vc_row css_animation=\u00a0\u00bb\u00a0\u00bb row_type=\u00a0\u00bbrow\u00a0\u00bb use_row_as_full_screen_section=\u00a0\u00bbno\u00a0\u00bb type=\u00a0\u00bbgrid\u00a0\u00bb angled_section=\u00a0\u00bbno\u00a0\u00bb text_align=\u00a0\u00bbleft\u00a0\u00bb background_image_as_pattern=\u00a0\u00bbwithout_pattern\u00a0\u00bb css=\u00a0\u00bb.vc_custom_1550493281197{padding-bottom: 0px !important;background-color: #dadada !important;}\u00a0\u00bb z_index=\u00a0\u00bb\u00a0\u00bb el_class=\u00a0\u00bbflex-section flex-section-600 titol-producte modul-6-titol m6-400&Prime;][vc_column css_animation=\u00a0\u00bbleft-to-right\u00a0\u00bb width=\u00a0\u00bb1\/2&Prime; el_class=\u00a0\u00bbtext-producte-6&Prime; offset=\u00a0\u00bbvc_col-lg-6 vc_col-md-6 vc_col-xs-12 vc_hidden-xs\u00a0\u00bb][vc_column_text] Portes de garage Basculantes [\/vc_column_text][vc_column_text el_class=\u00a0\u00bbicones-text-titol\u00a0\u00bb] Id\u00e9al pour les espaces restreints R\u00e9sistance et durabilit\u00e9 [\/vc_column_text][\/vc_column][vc_column width=\u00a0\u00bb1\/2&Prime; el_class=\u00a0\u00bbimatge-fullw-titol\u00a0\u00bb offset=\u00a0\u00bbvc_col-lg-6 vc_col-md-6&#8230;<\/p>\n","protected":false},"author":1,"featured_media":0,"parent":3769,"menu_order":3,"comment_status":"closed","ping_status":"closed","template":"full_width.php","meta":{"footnotes":""},"class_list":["post-3906","page","type-page","status-publish","hentry"],"aioseo_notices":[],"_links":{"self":[{"href":"https:\/\/grabalosa.com\/portes\/fr\/wp-json\/wp\/v2\/pages\/3906","targetHints":{"allow":["GET"]}}],"collection":[{"href":"https:\/\/grabalosa.com\/portes\/fr\/wp-json\/wp\/v2\/pages"}],"about":[{"href":"https:\/\/grabalosa.com\/portes\/fr\/wp-json\/wp\/v2\/types\/page"}],"author":[{"embeddable":true,"href":"https:\/\/grabalosa.com\/portes\/fr\/wp-json\/wp\/v2\/users\/1"}],"replies":[{"embeddable":true,"href":"https:\/\/grabalosa.com\/portes\/fr\/wp-json\/wp\/v2\/comments?post=3906"}],"version-history":[{"count":8,"href":"https:\/\/grabalosa.com\/portes\/fr\/wp-json\/wp\/v2\/pages\/3906\/revisions"}],"predecessor-version":[{"id":6829,"href":"https:\/\/grabalosa.com\/portes\/fr\/wp-json\/wp\/v2\/pages\/3906\/revisions\/6829"}],"up":[{"embeddable":true,"href":"https:\/\/grabalosa.com\/portes\/fr\/wp-json\/wp\/v2\/pages\/3769"}],"wp:attachment":[{"href":"https:\/\/grabalosa.com\/portes\/fr\/wp-json\/wp\/v2\/media?parent=3906"}],"curies":[{"name":"wp","href":"https:\/\/api.w.org\/{rel}","templated":true}]}}