{"id":3716,"date":"2020-05-24T13:20:48","date_gmt":"2020-05-24T11:20:48","guid":{"rendered":"http:\/\/ambdues.cat\/portes\/portes-de-garage\/"},"modified":"2022-07-15T23:30:02","modified_gmt":"2022-07-15T21:30:02","slug":"portes-produits","status":"publish","type":"page","link":"https:\/\/grabalosa.com\/portes\/fr\/portes-produits\/","title":{"rendered":"Portes Grabalosa"},"content":{"rendered":"<div class=\"wpb-content-wrapper\"><p>[vc_row css_animation=\u00a0\u00bb\u00a0\u00bb row_type=\u00a0\u00bbrow\u00a0\u00bb use_row_as_full_screen_section=\u00a0\u00bbno\u00a0\u00bb type=\u00a0\u00bbgrid\u00a0\u00bb angled_section=\u00a0\u00bbno\u00a0\u00bb text_align=\u00a0\u00bbleft\u00a0\u00bb background_image_as_pattern=\u00a0\u00bbwithout_pattern\u00a0\u00bb transition_delay=\u00a0\u00bb0.2&Prime; css=\u00a0\u00bb.vc_custom_1550260700282{background-color: #d9d9d9 !important;}\u00a0\u00bb z_index=\u00a0\u00bb\u00a0\u00bb el_class=\u00a0\u00bbmultiproducte m6-grid flex-section flex-section-768 titol-producte-30&Prime;][vc_column css_animation=\u00a0\u00bbnone\u00a0\u00bb width=\u00a0\u00bb5\/12&Prime; offset=\u00a0\u00bbvc_col-lg-6 vc_hidden-lg vc_col-md-6 vc_hidden-md vc_hidden-sm vc_col-xs-12&Prime; css=\u00a0\u00bb.vc_custom_1550254311120{padding-top: 70px !important;padding-bottom: 40px !important;}\u00a0\u00bb][vc_column_text]<\/p>\n<h2 class=\"h1\">Portes<br \/>\n<span class=\"w-400\">de garage<\/span><\/h2>\n<p>Portes et portes de garage sectionnelles, basculantes, enroulables, battantes&#8230;[\/vc_column_text][vc_column_text el_class=\u00a0\u00bbicones-text-2l\u00a0\u00bb]<\/p>\n<ul>\n<li><img decoding=\"async\" class=\"icona icona-s cercle amida\" src=\"https:\/\/grabalosa.com\/wp-content\/uploads\/sites\/2\/2018\/11\/fabricacio-a-mida.svg\" alt=\"Fabrication sur mesure\"><span class=\"no-marxis\">Fabrication sur mesure<\/span><\/li>\n<li><img decoding=\"async\" class=\"icona icona-s cercle motoritzable\" src=\"https:\/\/grabalosa.com\/portes\/wp-content\/uploads\/sites\/2\/2018\/11\/motoritzables-automatitzables.svg\" alt=\"Possibilit\u00e9 de motoriser et automatiser\"><span class=\"no-marxis\">Possibilit\u00e9 de motoriser et automatiser<\/span><\/li>\n<\/ul>\n<p>[\/vc_column_text]<a  itemprop=\"url\" href=\"https:\/\/grabalosa.com\/portes\/productes-portes\/portes-de-garatge\/\" target=\"_self\" data-hover-background-color=\"#1d1d1b\" data-hover-border-color=\"#1d1d1b\" data-hover-color=\"#ffffff\" class=\"qbutton  small center white default boto-multiproducte\" style=\"color: #1d1d1b; border-color: #1d1d1b; border-radius: 3px;-moz-border-radius: 3px;-webkit-border-radius: 3px; \">PLUS D'INFORMATIONS<\/a>[\/vc_column][vc_column css_animation=\u00a0\u00bbright-to-left\u00a0\u00bb width=\u00a0\u00bb7\/12&Prime; offset=\u00a0\u00bbvc_col-lg-6 vc_hidden-lg vc_col-md-6 vc_hidden-md vc_col-sm-offset-0 vc_hidden-sm vc_col-xs-12&Prime;][vc_single_image image=\u00a0\u00bb3745&Prime; img_size=\u00a0\u00bbfull\u00a0\u00bb qode_css_animation=\u00a0\u00bb\u00a0\u00bb][\/vc_column][\/vc_row][vc_row css_animation=\u00a0\u00bb\u00a0\u00bb row_type=\u00a0\u00bbrow\u00a0\u00bb use_row_as_full_screen_section=\u00a0\u00bbno\u00a0\u00bb type=\u00a0\u00bbgrid\u00a0\u00bb angled_section=\u00a0\u00bbno\u00a0\u00bb text_align=\u00a0\u00bbleft\u00a0\u00bb background_image_as_pattern=\u00a0\u00bbwithout_pattern\u00a0\u00bb transition_delay=\u00a0\u00bb0.2&Prime; css=\u00a0\u00bb.vc_custom_1550260708917{margin-bottom: 10px !important;background-color: #d9d9d9 !important;}\u00a0\u00bb z_index=\u00a0\u00bb\u00a0\u00bb el_class=\u00a0\u00bbmultiproducte m6-grid flex-section flex-section-768 titol-producte-30&Prime;][vc_column css_animation=\u00a0\u00bbleft-to-right\u00a0\u00bb width=\u00a0\u00bb7\/12&Prime; css=\u00a0\u00bb.vc_custom_1550254325725{padding-top: 70px !important;padding-right: 70px !important;padding-bottom: 70px !important;}\u00a0\u00bb offset=\u00a0\u00bbvc_col-lg-6 vc_col-md-6 vc_col-xs-12 vc_hidden-xs\u00a0\u00bb][vc_column_text]<\/p>\n<h2 class=\"h1\">Portes<br \/>\n<span class=\"w-400\">de garage<\/span><\/h2>\n<p>Portes et portes de garage sectionnelles, basculantes, enroulables, battantes&#8230;[\/vc_column_text][vc_column_text el_class=\u00a0\u00bbicones-text-2l\u00a0\u00bb]<\/p>\n<ul>\n<li><img decoding=\"async\" class=\"icona icona-s cercle amida\" src=\"https:\/\/grabalosa.com\/wp-content\/uploads\/sites\/2\/2018\/11\/fabricacio-a-mida.svg\" alt=\"Fabrication sur mesure\"><span class=\"no-marxis\">Fabrication sur mesure<\/span><\/li>\n<li><img decoding=\"async\" class=\"icona icona-s cercle motoritzable\" src=\"https:\/\/grabalosa.com\/portes\/wp-content\/uploads\/sites\/2\/2018\/11\/motoritzables-automatitzables.svg\" alt=\"Possibilit\u00e9 de motoriser et automatiser\"><span class=\"no-marxis\">Possibilit\u00e9 de motoriser et automatiser<\/span><\/li>\n<\/ul>\n<p>[\/vc_column_text]<a  itemprop=\"url\" href=\"https:\/\/grabalosa.com\/portes\/productes-portes\/portes-de-garatge\/\" target=\"_self\" data-hover-background-color=\"#1d1d1b\" data-hover-border-color=\"#1d1d1b\" data-hover-color=\"#ffffff\" class=\"qbutton  small center white default boto-multiproducte\" style=\"color: #1d1d1b; border-color: #1d1d1b; border-radius: 3px;-moz-border-radius: 3px;-webkit-border-radius: 3px; \">PLUS D'INFORMATIONS<\/a>[\/vc_column][vc_column width=\u00a0\u00bb5\/12&Prime; offset=\u00a0\u00bbvc_col-lg-6 vc_col-md-6 vc_col-xs-12 vc_hidden-xs\u00a0\u00bb][vc_single_image image=\u00a0\u00bb3748&Prime; img_size=\u00a0\u00bbfull\u00a0\u00bb alignment=\u00a0\u00bbcenter\u00a0\u00bb qode_css_animation=\u00a0\u00bb\u00a0\u00bb][\/vc_column][\/vc_row][vc_row css_animation=\u00a0\u00bb\u00a0\u00bb row_type=\u00a0\u00bbrow\u00a0\u00bb use_row_as_full_screen_section=\u00a0\u00bbno\u00a0\u00bb type=\u00a0\u00bbgrid\u00a0\u00bb angled_section=\u00a0\u00bbno\u00a0\u00bb text_align=\u00a0\u00bbleft\u00a0\u00bb background_image_as_pattern=\u00a0\u00bbwithout_pattern\u00a0\u00bb transition_delay=\u00a0\u00bb0.2&Prime; css=\u00a0\u00bb.vc_custom_1550260748915{background-color: #f4f4f4 !important;}\u00a0\u00bb z_index=\u00a0\u00bb\u00a0\u00bb el_class=\u00a0\u00bbmultiproducte m6-grid flex-section flex-section-768 titol-producte-30&Prime;][vc_column css_animation=\u00a0\u00bbnone\u00a0\u00bb width=\u00a0\u00bb5\/12&Prime; offset=\u00a0\u00bbvc_col-lg-6 vc_hidden-lg vc_col-md-6 vc_hidden-md vc_hidden-sm vc_col-xs-12&Prime; css=\u00a0\u00bb.vc_custom_1550254508582{padding-top: 70px !important;padding-bottom: 40px !important;}\u00a0\u00bb][vc_column_text]<\/p>\n<h2 class=\"h1\">Portes<br \/>\n<span class=\"w-400\">d&rsquo;entr\u00e9e<\/span><\/h2>\n<p>Portes r\u00e9sidentielles de s\u00e9curit\u00e9 \u00e0 3 ou 5 points de fermeture, avec rupture du pont thermique et une grande vari\u00e9t\u00e9 de couleurs nuancier RAL, textur\u00e9s ou imitation bois.[\/vc_column_text][vc_column_text el_class=\u00a0\u00bbicones-text-2l\u00a0\u00bb]<\/p>\n<ul>\n<li><img decoding=\"async\" class=\"icona icona-s cercle dif\" src=\"https:\/\/grabalosa.com\/portes\/wp-content\/uploads\/sites\/2\/2018\/11\/disseny-funcionalitat.svg\" alt=\"Design et fonctionnalit\u00e9\"><span class=\"no-marxis\">Design et fonctionnalit\u00e9<\/span><\/li>\n<li><img decoding=\"async\" class=\"icona icona-s cercle colors\" src=\"https:\/\/grabalosa.com\/portes\/wp-content\/uploads\/sites\/2\/2018\/11\/gamma-colors-acabats-gris.svg\" alt=\"Grand nuancier de couleurs et finitions\"><span class=\"no-marxis\">Grand nuancier de couleurs et finitions<\/span><\/li>\n<\/ul>\n<p>[\/vc_column_text]<a  itemprop=\"url\" href=\"https:\/\/grabalosa.com\/portes\/productes-portes\/portes-dentrada\/\" target=\"_self\" data-hover-background-color=\"#1d1d1b\" data-hover-border-color=\"#1d1d1b\" data-hover-color=\"#ffffff\" class=\"qbutton  small center white default boto-multiproducte\" style=\"color: #1d1d1b; border-color: #1d1d1b; border-radius: 3px;-moz-border-radius: 3px;-webkit-border-radius: 3px; \">PLUS D'INFORMATIONS<\/a>[\/vc_column][vc_column css_animation=\u00a0\u00bbright-to-left\u00a0\u00bb width=\u00a0\u00bb7\/12&Prime; offset=\u00a0\u00bbvc_col-lg-6 vc_hidden-lg vc_col-md-6 vc_hidden-md vc_col-sm-offset-0 vc_hidden-sm vc_col-xs-12&Prime; css=\u00a0\u00bb.vc_custom_1550254500699{padding-bottom: 70px !important;}\u00a0\u00bb][vc_single_image image=\u00a0\u00bb3766&Prime; img_size=\u00a0\u00bbfull\u00a0\u00bb qode_css_animation=\u00a0\u00bb\u00a0\u00bb][\/vc_column][\/vc_row][vc_row css_animation=\u00a0\u00bb\u00a0\u00bb row_type=\u00a0\u00bbrow\u00a0\u00bb use_row_as_full_screen_section=\u00a0\u00bbno\u00a0\u00bb type=\u00a0\u00bbgrid\u00a0\u00bb angled_section=\u00a0\u00bbno\u00a0\u00bb text_align=\u00a0\u00bbleft\u00a0\u00bb background_image_as_pattern=\u00a0\u00bbwithout_pattern\u00a0\u00bb transition_delay=\u00a0\u00bb0.2&Prime; css=\u00a0\u00bb.vc_custom_1550260756179{margin-bottom: 10px !important;background-color: #f4f4f4 !important;}\u00a0\u00bb z_index=\u00a0\u00bb\u00a0\u00bb el_class=\u00a0\u00bbmultiproducte m6-grid flex-section flex-section-768 titol-producte-30&Prime;][vc_column css_animation=\u00a0\u00bbnone\u00a0\u00bb width=\u00a0\u00bb5\/12&Prime; offset=\u00a0\u00bbvc_col-lg-6 vc_col-md-6 vc_col-xs-12 vc_hidden-xs\u00a0\u00bb][vc_single_image image=\u00a0\u00bb3757&Prime; img_size=\u00a0\u00bbfull\u00a0\u00bb alignment=\u00a0\u00bbcenter\u00a0\u00bb qode_css_animation=\u00a0\u00bb\u00a0\u00bb][\/vc_column][vc_column css_animation=\u00a0\u00bbright-to-left\u00a0\u00bb width=\u00a0\u00bb7\/12&Prime; offset=\u00a0\u00bbvc_col-lg-6 vc_col-md-6 vc_col-sm-offset-0 vc_col-xs-12 vc_hidden-xs\u00a0\u00bb css=\u00a0\u00bb.vc_custom_1550254539243{padding-top: 70px !important;padding-bottom: 70px !important;padding-left: 70px !important;}\u00a0\u00bb][vc_column_text]<\/p>\n<h2 class=\"h1\">Portes<br \/>\n<span class=\"w-400\">d&rsquo;entr\u00e9e<\/span><\/h2>\n<p>Portes r\u00e9sidentielles de s\u00e9curit\u00e9 \u00e0 3 ou 5 points de fermeture, avec rupture du pont thermique et une grande vari\u00e9t\u00e9 de couleurs nuancier RAL, textur\u00e9s ou imitation bois.[\/vc_column_text][vc_column_text el_class=\u00a0\u00bbicones-text-2l\u00a0\u00bb]<\/p>\n<ul>\n<li><img decoding=\"async\" class=\"icona icona-s cercle dif\" src=\"https:\/\/grabalosa.com\/portes\/wp-content\/uploads\/sites\/2\/2018\/11\/disseny-funcionalitat.svg\" alt=\"Design et fonctionnalit\u00e9\"><span class=\"no-marxis\">Design et fonctionnalit\u00e9<\/span><\/li>\n<li><img decoding=\"async\" class=\"icona icona-s cercle colors\" src=\"https:\/\/grabalosa.com\/portes\/wp-content\/uploads\/sites\/2\/2018\/11\/gamma-colors-acabats-gris.svg\" alt=\"Grand nuancier de couleurs et finitions\"><span class=\"no-marxis\">Grand nuancier de couleurs et finitions<\/span><\/li>\n<\/ul>\n<p>[\/vc_column_text]<a  itemprop=\"url\" href=\"https:\/\/grabalosa.com\/portes\/productes-portes\/portes-dentrada\/\" target=\"_self\" data-hover-background-color=\"#1d1d1b\" data-hover-border-color=\"#1d1d1b\" data-hover-color=\"#ffffff\" class=\"qbutton  small center white default boto-multiproducte\" style=\"color: #1d1d1b; border-color: #1d1d1b; border-radius: 3px;-moz-border-radius: 3px;-webkit-border-radius: 3px; \">PLUS D'INFORMATIONS<\/a>[\/vc_column][\/vc_row][vc_row css_animation=\u00a0\u00bb\u00a0\u00bb row_type=\u00a0\u00bbrow\u00a0\u00bb use_row_as_full_screen_section=\u00a0\u00bbno\u00a0\u00bb type=\u00a0\u00bbgrid\u00a0\u00bb angled_section=\u00a0\u00bbno\u00a0\u00bb text_align=\u00a0\u00bbleft\u00a0\u00bb background_image_as_pattern=\u00a0\u00bbwithout_pattern\u00a0\u00bb transition_delay=\u00a0\u00bb0.2&Prime; css=\u00a0\u00bb.vc_custom_1550260764362{background-color: #d9d9d9 !important;}\u00a0\u00bb z_index=\u00a0\u00bb\u00a0\u00bb el_class=\u00a0\u00bbmultiproducte m6-grid flex-section flex-section-768 titol-producte-30&Prime;][vc_column css_animation=\u00a0\u00bbnone\u00a0\u00bb width=\u00a0\u00bb5\/12&Prime; offset=\u00a0\u00bbvc_col-lg-6 vc_hidden-lg vc_col-md-6 vc_hidden-md vc_hidden-sm vc_col-xs-12&Prime; css=\u00a0\u00bb.vc_custom_1550254574094{padding-top: 70px !important;padding-bottom: 40px !important;}\u00a0\u00bb][vc_column_text]<\/p>\n<h2 class=\"h1\">Volets<br \/>\n<span class=\"w-400\">de s\u00e9curit\u00e9<\/span><\/h2>\n<p>Volets de s\u00e9curit\u00e9 en acier galvanis\u00e9.[\/vc_column_text][vc_column_text el_class=\u00a0\u00bbicones-text-2l\u00a0\u00bb]<\/p>\n<ul>\n<li><img decoding=\"async\" class=\"icona icona-s cercle fabricacio\" src=\"https:\/\/grabalosa.com\/wp-content\/uploads\/sites\/2\/2018\/11\/fabricacio-propia-gris.svg\" alt=\"Fabrication propre\"><span class=\"no-marxis\">Fabrication propre<\/span><\/li>\n<li><img decoding=\"async\" class=\"icona icona-s cercle seguretat\" src=\"https:\/\/grabalosa.com\/wp-content\/uploads\/sites\/2\/2018\/11\/sistemes-seguretat.svg\" alt=\"Syst\u00e9mes de s\u00e9curit\u00e9\"><span class=\"no-marxis\">Syst\u00e9mes de s\u00e9curit\u00e9<\/span><\/li>\n<\/ul>\n<p>[\/vc_column_text]<a  itemprop=\"url\" href=\"https:\/\/grabalosa.com\/portes\/productes-portes\/porticons-de-seguretat\/\" target=\"_self\" data-hover-background-color=\"#1d1d1b\" data-hover-border-color=\"#1d1d1b\" data-hover-color=\"#ffffff\" class=\"qbutton  small center white default boto-multiproducte\" style=\"color: #1d1d1b; border-color: #1d1d1b; border-radius: 3px;-moz-border-radius: 3px;-webkit-border-radius: 3px; \">PLUS D'INFORMATIONS<\/a>[\/vc_column][vc_column css_animation=\u00a0\u00bbright-to-left\u00a0\u00bb width=\u00a0\u00bb7\/12&Prime; offset=\u00a0\u00bbvc_col-lg-6 vc_hidden-lg vc_col-md-6 vc_hidden-md vc_col-sm-offset-0 vc_hidden-sm vc_col-xs-12&Prime; css=\u00a0\u00bb.vc_custom_1550254592156{padding-bottom: 70px !important;}\u00a0\u00bb][vc_single_image image=\u00a0\u00bb4597&Prime; img_size=\u00a0\u00bbfull\u00a0\u00bb qode_css_animation=\u00a0\u00bb\u00a0\u00bb][\/vc_column][\/vc_row][vc_row css_animation=\u00a0\u00bb\u00a0\u00bb row_type=\u00a0\u00bbrow\u00a0\u00bb use_row_as_full_screen_section=\u00a0\u00bbno\u00a0\u00bb type=\u00a0\u00bbgrid\u00a0\u00bb angled_section=\u00a0\u00bbno\u00a0\u00bb text_align=\u00a0\u00bbleft\u00a0\u00bb background_image_as_pattern=\u00a0\u00bbwithout_pattern\u00a0\u00bb transition_delay=\u00a0\u00bb0.2&Prime; css=\u00a0\u00bb.vc_custom_1550260771730{margin-bottom: 10px !important;background-color: #d9d9d9 !important;}\u00a0\u00bb z_index=\u00a0\u00bb\u00a0\u00bb el_class=\u00a0\u00bbmultiproducte m6-grid flex-section flex-section-768 titol-producte-30&Prime;][vc_column css_animation=\u00a0\u00bbleft-to-right\u00a0\u00bb width=\u00a0\u00bb7\/12&Prime; css=\u00a0\u00bb.vc_custom_1550254610661{padding-top: 70px !important;padding-right: 70px !important;padding-bottom: 70px !important;}\u00a0\u00bb offset=\u00a0\u00bbvc_col-lg-6 vc_col-md-6 vc_col-xs-12 vc_hidden-xs\u00a0\u00bb][vc_column_text]<\/p>\n<h2 class=\"h1\">Volets<br \/>\n<span class=\"w-400\">de s\u00e9curit\u00e9<\/span><\/h2>\n<p>Volets de s\u00e9curit\u00e9 en acier galvanis\u00e9.[\/vc_column_text][vc_column_text el_class=\u00a0\u00bbicones-text-2l\u00a0\u00bb]<\/p>\n<ul>\n<li><img decoding=\"async\" class=\"icona icona-s cercle fabricacio\" src=\"https:\/\/grabalosa.com\/wp-content\/uploads\/sites\/2\/2018\/11\/fabricacio-propia-gris.svg\" alt=\"Fabrication propre\"><span class=\"no-marxis\">Fabrication propre<\/span><\/li>\n<li><img decoding=\"async\" class=\"icona icona-s cercle seguretat\" src=\"https:\/\/grabalosa.com\/wp-content\/uploads\/sites\/2\/2018\/11\/sistemes-seguretat.svg\" alt=\"Syst\u00e9mes de s\u00e9curit\u00e9\"><span class=\"no-marxis\">Syst\u00e9mes de s\u00e9curit\u00e9<\/span><\/li>\n<\/ul>\n<p>[\/vc_column_text]<a  itemprop=\"url\" href=\"https:\/\/grabalosa.com\/portes\/productes-portes\/porticons-de-seguretat\/\" target=\"_self\" data-hover-background-color=\"#1d1d1b\" data-hover-border-color=\"#1d1d1b\" data-hover-color=\"#ffffff\" class=\"qbutton  small center white default boto-multiproducte\" style=\"color: #1d1d1b; border-color: #1d1d1b; border-radius: 3px;-moz-border-radius: 3px;-webkit-border-radius: 3px; \">PLUS D'INFORMATIONS<\/a>[\/vc_column][vc_column width=\u00a0\u00bb5\/12&Prime; offset=\u00a0\u00bbvc_col-lg-6 vc_col-md-6 vc_col-xs-12 vc_hidden-xs\u00a0\u00bb][vc_single_image image=\u00a0\u00bb3754&Prime; img_size=\u00a0\u00bbfull\u00a0\u00bb alignment=\u00a0\u00bbcenter\u00a0\u00bb qode_css_animation=\u00a0\u00bb\u00a0\u00bb][\/vc_column][\/vc_row][vc_row css_animation=\u00a0\u00bb\u00a0\u00bb row_type=\u00a0\u00bbrow\u00a0\u00bb use_row_as_full_screen_section=\u00a0\u00bbno\u00a0\u00bb type=\u00a0\u00bbgrid\u00a0\u00bb angled_section=\u00a0\u00bbno\u00a0\u00bb text_align=\u00a0\u00bbleft\u00a0\u00bb background_image_as_pattern=\u00a0\u00bbwithout_pattern\u00a0\u00bb transition_delay=\u00a0\u00bb0.2&Prime; css=\u00a0\u00bb.vc_custom_1550260779272{background-color: #f4f4f4 !important;}\u00a0\u00bb z_index=\u00a0\u00bb\u00a0\u00bb el_class=\u00a0\u00bbmultiproducte m6-grid flex-section flex-section-768 titol-producte-30&Prime;][vc_column css_animation=\u00a0\u00bbnone\u00a0\u00bb width=\u00a0\u00bb5\/12&Prime; offset=\u00a0\u00bbvc_col-lg-6 vc_hidden-lg vc_col-md-6 vc_hidden-md vc_hidden-sm vc_col-xs-12&Prime; css=\u00a0\u00bb.vc_custom_1550254652017{padding-top: 70px !important;padding-bottom: 40px !important;}\u00a0\u00bb][vc_column_text]<\/p>\n<h2 class=\"h1\">Portails et fermetures<br \/>\n<span class=\"w-400\">de jardin<\/span><\/h2>\n<p>Fermetures pour le jardin avec possibilit\u00e9 d\u2019int\u00e9grer des portes battantes, coulissantes, pour le passage des v\u00e9hicules ou pi\u00e9tons.[\/vc_column_text][vc_column_text el_class=\u00a0\u00bbicones-text-2l\u00a0\u00bb]<\/p>\n<ul>\n<li><img decoding=\"async\" class=\"icona icona-s cercle resistencia\" src=\"https:\/\/grabalosa.com\/wp-content\/uploads\/sites\/2\/2018\/11\/resistencia-durabilitat.svg\" alt=\"R\u00e9sistance et durabilit\u00e9\"><span class=\"no-marxis\">R\u00e9sistance et durabilit\u00e9<\/span><\/li>\n<li><img decoding=\"async\" class=\"icona icona-s cercle fabricacio\" src=\"https:\/\/grabalosa.com\/wp-content\/uploads\/sites\/2\/2018\/11\/fabricacio-propia-gris.svg\" alt=\"Fabrication propre\"><span class=\"no-marxis\">Fabrication propre<\/span><\/li>\n<\/ul>\n<p>[\/vc_column_text]<a  itemprop=\"url\" href=\"https:\/\/grabalosa.com\/portes\/productes-portes\/portes-i-tanques-de-jardi\/\" target=\"_self\" data-hover-background-color=\"#1d1d1b\" data-hover-border-color=\"#1d1d1b\" data-hover-color=\"#ffffff\" class=\"qbutton  small center white default boto-multiproducte\" style=\"color: #1d1d1b; border-color: #1d1d1b; border-radius: 3px;-moz-border-radius: 3px;-webkit-border-radius: 3px; \">PLUS D'INFORMATIONS<\/a>[\/vc_column][vc_column css_animation=\u00a0\u00bbright-to-left\u00a0\u00bb width=\u00a0\u00bb7\/12&Prime; offset=\u00a0\u00bbvc_col-lg-6 vc_hidden-lg vc_col-md-6 vc_hidden-md vc_col-sm-offset-0 vc_hidden-sm vc_col-xs-12&Prime; css=\u00a0\u00bb.vc_custom_1550254658561{padding-bottom: 70px !important;}\u00a0\u00bb][vc_single_image image=\u00a0\u00bb3760&Prime; img_size=\u00a0\u00bbfull\u00a0\u00bb qode_css_animation=\u00a0\u00bb\u00a0\u00bb][\/vc_column][\/vc_row][vc_row css_animation=\u00a0\u00bb\u00a0\u00bb row_type=\u00a0\u00bbrow\u00a0\u00bb use_row_as_full_screen_section=\u00a0\u00bbno\u00a0\u00bb type=\u00a0\u00bbgrid\u00a0\u00bb angled_section=\u00a0\u00bbno\u00a0\u00bb text_align=\u00a0\u00bbleft\u00a0\u00bb background_image_as_pattern=\u00a0\u00bbwithout_pattern\u00a0\u00bb transition_delay=\u00a0\u00bb0.2&Prime; css=\u00a0\u00bb.vc_custom_1550260786803{margin-bottom: 10px !important;background-color: #f4f4f4 !important;}\u00a0\u00bb z_index=\u00a0\u00bb\u00a0\u00bb el_class=\u00a0\u00bbmultiproducte m6-grid flex-section flex-section-768 titol-producte-30&Prime;][vc_column css_animation=\u00a0\u00bbnone\u00a0\u00bb width=\u00a0\u00bb5\/12&Prime; offset=\u00a0\u00bbvc_col-lg-6 vc_col-md-6 vc_col-xs-12 vc_hidden-xs\u00a0\u00bb][vc_single_image image=\u00a0\u00bb3763&Prime; img_size=\u00a0\u00bbfull\u00a0\u00bb alignment=\u00a0\u00bbcenter\u00a0\u00bb qode_css_animation=\u00a0\u00bb\u00a0\u00bb][\/vc_column][vc_column css_animation=\u00a0\u00bbright-to-left\u00a0\u00bb width=\u00a0\u00bb7\/12&Prime; offset=\u00a0\u00bbvc_col-lg-6 vc_col-md-6 vc_col-sm-offset-0 vc_col-xs-12 vc_hidden-xs\u00a0\u00bb css=\u00a0\u00bb.vc_custom_1550254682440{padding-top: 70px !important;padding-bottom: 70px !important;padding-left: 70px !important;}\u00a0\u00bb][vc_column_text]<\/p>\n<h2 class=\"h1\">Portails et fermetures<br \/>\n<span class=\"w-400\">de jardin<\/span><\/h2>\n<p>Fermetures pour le jardin avec possibilit\u00e9 d\u2019int\u00e9grer des portes battantes, coulissantes, pour le passage des v\u00e9hicules ou pi\u00e9tons.[\/vc_column_text][vc_column_text el_class=\u00a0\u00bbicones-text-2l\u00a0\u00bb]<\/p>\n<ul>\n<li><img decoding=\"async\" class=\"icona icona-s cercle resistencia\" src=\"https:\/\/grabalosa.com\/wp-content\/uploads\/sites\/2\/2018\/11\/resistencia-durabilitat.svg\" alt=\"R\u00e9sistance et durabilit\u00e9\"><span class=\"no-marxis\">R\u00e9sistance et durabilit\u00e9<\/span><\/li>\n<li><img decoding=\"async\" class=\"icona icona-s cercle fabricacio\" src=\"https:\/\/grabalosa.com\/wp-content\/uploads\/sites\/2\/2018\/11\/fabricacio-propia-gris.svg\" alt=\"Fabrication propre\"><span class=\"no-marxis\">Fabrication propre<\/span><\/li>\n<\/ul>\n<p>[\/vc_column_text]<a  itemprop=\"url\" href=\"https:\/\/grabalosa.com\/portes\/productes-portes\/portes-i-tanques-de-jardi\/\" target=\"_self\" data-hover-background-color=\"#1d1d1b\" data-hover-border-color=\"#1d1d1b\" data-hover-color=\"#ffffff\" class=\"qbutton  small center white default boto-multiproducte\" style=\"color: #1d1d1b; border-color: #1d1d1b; border-radius: 3px;-moz-border-radius: 3px;-webkit-border-radius: 3px; \">PLUS D'INFORMATIONS<\/a>[\/vc_column][\/vc_row]<\/p>\n<\/div>","protected":false},"excerpt":{"rendered":"<p>[vc_row css_animation=\u00a0\u00bb\u00a0\u00bb row_type=\u00a0\u00bbrow\u00a0\u00bb use_row_as_full_screen_section=\u00a0\u00bbno\u00a0\u00bb type=\u00a0\u00bbgrid\u00a0\u00bb angled_section=\u00a0\u00bbno\u00a0\u00bb text_align=\u00a0\u00bbleft\u00a0\u00bb background_image_as_pattern=\u00a0\u00bbwithout_pattern\u00a0\u00bb transition_delay=\u00a0\u00bb0.2&Prime; css=\u00a0\u00bb.vc_custom_1550260700282{background-color: #d9d9d9 !important;}\u00a0\u00bb z_index=\u00a0\u00bb\u00a0\u00bb el_class=\u00a0\u00bbmultiproducte m6-grid flex-section flex-section-768 titol-producte-30&Prime;][vc_column css_animation=\u00a0\u00bbnone\u00a0\u00bb width=\u00a0\u00bb5\/12&Prime; offset=\u00a0\u00bbvc_col-lg-6 vc_hidden-lg vc_col-md-6 vc_hidden-md vc_hidden-sm vc_col-xs-12&Prime; css=\u00a0\u00bb.vc_custom_1550254311120{padding-top: 70px !important;padding-bottom: 40px !important;}\u00a0\u00bb][vc_column_text] Portes de garage Portes et portes de garage sectionnelles, basculantes, enroulables, battantes&#8230;[\/vc_column_text][vc_column_text el_class=\u00a0\u00bbicones-text-2l\u00a0\u00bb] Fabrication&#8230;<\/p>\n","protected":false},"author":1,"featured_media":0,"parent":0,"menu_order":2,"comment_status":"closed","ping_status":"closed","template":"full_width.php","meta":{"footnotes":""},"class_list":["post-3716","page","type-page","status-publish","hentry"],"aioseo_notices":[],"_links":{"self":[{"href":"https:\/\/grabalosa.com\/portes\/fr\/wp-json\/wp\/v2\/pages\/3716","targetHints":{"allow":["GET"]}}],"collection":[{"href":"https:\/\/grabalosa.com\/portes\/fr\/wp-json\/wp\/v2\/pages"}],"about":[{"href":"https:\/\/grabalosa.com\/portes\/fr\/wp-json\/wp\/v2\/types\/page"}],"author":[{"embeddable":true,"href":"https:\/\/grabalosa.com\/portes\/fr\/wp-json\/wp\/v2\/users\/1"}],"replies":[{"embeddable":true,"href":"https:\/\/grabalosa.com\/portes\/fr\/wp-json\/wp\/v2\/comments?post=3716"}],"version-history":[{"count":30,"href":"https:\/\/grabalosa.com\/portes\/fr\/wp-json\/wp\/v2\/pages\/3716\/revisions"}],"predecessor-version":[{"id":7017,"href":"https:\/\/grabalosa.com\/portes\/fr\/wp-json\/wp\/v2\/pages\/3716\/revisions\/7017"}],"wp:attachment":[{"href":"https:\/\/grabalosa.com\/portes\/fr\/wp-json\/wp\/v2\/media?parent=3716"}],"curies":[{"name":"wp","href":"https:\/\/api.w.org\/{rel}","templated":true}]}}