{"id":6055,"date":"2021-01-21T14:19:18","date_gmt":"2021-01-21T13:19:18","guid":{"rendered":"https:\/\/grabalosa.com\/new\/portes\/complementos-y-automatismos\/"},"modified":"2022-06-29T21:21:59","modified_gmt":"2022-06-29T19:21:59","slug":"complementos-y-automatismos","status":"publish","type":"page","link":"https:\/\/grabalosa.com\/portes\/es\/complementos-y-automatismos\/","title":{"rendered":"Complementos y automatismos"},"content":{"rendered":"<div class=\"wpb-content-wrapper\"><p>[vc_row css_animation=\u00bb\u00bb row_type=\u00bbrow\u00bb use_row_as_full_screen_section=\u00bbno\u00bb type=\u00bbgrid\u00bb angled_section=\u00bbno\u00bb text_align=\u00bbleft\u00bb background_image_as_pattern=\u00bbwithout_pattern\u00bb transition_delay=\u00bb0.2&#8243; css=\u00bb.vc_custom_1610372872978{background-color: #d9d9d9 !important;}\u00bb z_index=\u00bb\u00bb el_class=\u00bbflex-section flex-section-600 titol-producte\u00bb][vc_column css_animation=\u00bbleft-to-right\u00bb css=\u00bb.vc_custom_1610372476440{padding-top: 70px !important;padding-right: 70px !important;padding-bottom: 70px !important;}\u00bb offset=\u00bbvc_col-lg-6 vc_col-md-6 vc_col-xs-12&#8243;][vc_column_text]<\/p>\n<h2 class=\"h1\">Complementos y<br \/>\n<span class=\"w-400\">automatismos<\/span><\/h2>\n<p>[\/vc_column_text][vc_column_text el_class=\u00bbicones-text-titol icones-text-titol-resp1000&#8243;]<\/p>\n<ul>\n<li><img decoding=\"async\" class=\"icona icona-s cercle dif\" title=\"Dise\u00f1o y funcionalidad\" src=\"https:\/\/grabalosa.com\/portes\/wp-content\/uploads\/sites\/2\/2018\/11\/disseny-funcionalitat.svg\" alt=\"Dise\u00f1o y funcionalidad\"><span class=\"no-marxis\">Dise\u00f1o y funcionalidad<\/span><\/li>\n<li><img decoding=\"async\" class=\"icona icona-s cercle innovacio\" title=\"Innovaci\u00f3n\" src=\"https:\/\/grabalosa.com\/wp-content\/uploads\/sites\/2\/2018\/11\/innovacio-gris.svg\" alt=\"Innovaci\u00f3n\"><span class=\"no-marxis\">Innovaci\u00f3n<\/span><\/li>\n<\/ul>\n<p>[\/vc_column_text][\/vc_column][vc_column offset=\u00bbvc_col-lg-6 vc_col-md-6 vc_col-xs-12&#8243;][vc_single_image image=\u00bb4190&#8243; img_size=\u00bbfull\u00bb alignment=\u00bbcenter\u00bb qode_css_animation=\u00bb\u00bb el_class=\u00bbimatge-caract-1&#8243;][\/vc_column][\/vc_row][vc_row css_animation=\u00bb\u00bb row_type=\u00bbrow\u00bb use_row_as_full_screen_section=\u00bbno\u00bb type=\u00bbgrid\u00bb angled_section=\u00bbno\u00bb text_align=\u00bbleft\u00bb background_image_as_pattern=\u00bbwithout_pattern\u00bb z_index=\u00bb\u00bb css=\u00bb.vc_custom_1545132089421{background-color: #f6f6f6 !important;}\u00bb el_class=\u00bbaltres-models modul-porta modul-faqs modul-accord-portes\u00bb][vc_column css=\u00bb.vc_custom_1544029349173{padding-top: 80px !important;padding-bottom: 80px !important;}\u00bb][vc_row_inner row_type=\u00bbrow\u00bb type=\u00bbgrid\u00bb text_align=\u00bbleft\u00bb css_animation=\u00bb\u00bb][vc_column_inner offset=\u00bbvc_col-lg-offset-1 vc_col-lg-10 vc_col-md-offset-0 vc_col-md-12 vc_col-sm-offset-0&#8243;][vc_column_text el_class=\u00bbtext-left altres-text\u00bb css=\u00bb.vc_custom_1610372941831{margin-bottom: 30px !important;}\u00bb]<\/p>\n<h2><span class=\"w-300\">CONFORT Y<\/span> SEGURIDAD<\/h2>\n<p>[\/vc_column_text][vc_column_text el_class=\u00bbtext-left altres-text column-lg-9&#8243; css=\u00bb.vc_custom_1610530231359{margin-bottom: 30px !important;}\u00bb]Disponen de diferentes tipos de accesorios, complementos y dispositivos de apertura o bloqueo de puertas y portales como lectores dactilares, teclados num\u00e9ricos o mandos a distancia entre otros. Pr\u00e1cticos, de medida muy reducida y con un dise\u00f1o moderno y minimalista.[\/vc_column_text][vc_column_text el_class=\u00bbaltres-models-portes-wrap\u00bb]<\/p>\n<div class=\"tipo-gratge-content tipo-automatismes-content\">\n<p><img decoding=\"async\" class=\"portes-garatge-img\" role=\"img\" src=\"https:\/\/grabalosa.com\/portes\/wp-content\/uploads\/sites\/2\/2021\/01\/complements-lector-digital-acces.png\" alt=\"Lector digital de acceso\" width=\"210\"><\/p>\n<div class=\"contingut-automatisme\">\n<h3>LECTOR DIGITAL<br \/>\n<span class=\"w-300\">DE ACCESO<\/span><\/h3>\n<p>Lector digital de impronta o tarjeta para acceder a la vivienda sin necesidad de clave.<\/p><\/div>\n<\/div>\n<div class=\"tipo-gratge-content tipo-automatismes-content\">\n<p><img decoding=\"async\" class=\"portes-garatge-img\" role=\"img\" src=\"https:\/\/grabalosa.com\/portes\/wp-content\/uploads\/sites\/2\/2021\/01\/nice_comandament.png\" alt=\"Mando a dist\u00e1ncia basculante\" width=\"210\"><\/p>\n<div class=\"contingut-automatisme\">\n<h3><span class=\"w-300\">MANDO <\/span><br \/>\nA DISTANCIA BASCULANTE<\/h3>\n<p>Transmisores y receptor para controlar y gestionar de una forma sencilla y segura todos los automatismos de casa tuya.<\/p><\/div>\n<\/div>\n<div class=\"tipo-gratge-content tipo-automatismes-content\">\n<p><img decoding=\"async\" class=\"portes-garatge-img\" role=\"img\" src=\"https:\/\/grabalosa.com\/wp-content\/uploads\/sites\/2\/2021\/01\/selector-inalambric.png\" alt=\"Selector inalambrico\" width=\"210\"><\/p>\n<div class=\"contingut-automatisme\">\n<h3><span class=\"w-300\">SELECTOR <\/span><br \/>\nINALAMBRICO<\/h3>\n<p>Selector digital inalambrico num\u00e9rico o con clave para el acceso y apertura de puertas y accesos.<\/p><\/div>\n<p>[\/vc_column_text][\/vc_column_inner][\/vc_row_inner][\/vc_column][\/vc_row][vc_row css_animation=\u00bb\u00bb row_type=\u00bbrow\u00bb use_row_as_full_screen_section=\u00bbno\u00bb type=\u00bbgrid\u00bb angled_section=\u00bbno\u00bb text_align=\u00bbleft\u00bb background_image_as_pattern=\u00bbwithout_pattern\u00bb z_index=\u00bb\u00bb el_class=\u00bbaltres-models modul-porta modul-faqs modul-accord-portes\u00bb css=\u00bb.vc_custom_1610530853582{background-color: #ffffff !important;}\u00bb][vc_column css=\u00bb.vc_custom_1544029349173{padding-top: 80px !important;padding-bottom: 80px !important;}\u00bb][vc_row_inner row_type=\u00bbrow\u00bb type=\u00bbgrid\u00bb text_align=\u00bbleft\u00bb css_animation=\u00bb\u00bb css=\u00bb.vc_custom_1585584096444{padding-bottom: 25px !important;}\u00bb][vc_column_inner width=\u00bb2\/3&#8243; offset=\u00bbvc_col-lg-offset-2 vc_col-md-offset-2 vc_col-sm-offset-2&#8243; css=\u00bb.vc_custom_1544027864146{margin-bottom: -80px !important;}\u00bb][vc_column_text el_class=\u00bbtext-left altres-text\u00bb css=\u00bb.vc_custom_1610376339721{margin-bottom: 30px !important;}\u00bb]<\/p>\n<h2><span class=\"w-300\">MOTORIZACI\u00d3N<\/span><br \/>\nDE PUERTAS Y PORTALES<\/h2>\n<p>Motores para puertas seccionales, puertas basculantes y puertas corredizas para facilitar la apertura y el acceso a su garaje.[\/vc_column_text][\/vc_column_inner][\/vc_row_inner]\n\t\t\t<!-- START Complements i automatismes  ES REVOLUTION SLIDER 6.7.38 --><p class=\"rs-p-wp-fix\"><\/p>\n\t\t\t<rs-module-wrap id=\"rev_slider_8_1_wrapper\" data-source=\"gallery\" style=\"visibility:hidden;background:transparent;padding:0;margin:0px auto;margin-top:40;margin-bottom:40;\">\n\t\t\t\t<rs-module id=\"rev_slider_8_1\" style=\"\" data-version=\"6.7.38\">\n\t\t\t\t\t<rs-slides style=\"overflow: hidden; position: absolute;\">\n\t\t\t\t\t\t<rs-slide style=\"position: absolute;\" data-key=\"rs-87\" data-title=\"Slide\" data-anim=\"ms:600;r:0;\" data-in=\"o:0;\" data-out=\"a:false;\">\n\t\t\t\t\t\t\t<img decoding=\"async\" src=\"\/\/grabalosa.com\/portes\/wp-content\/plugins\/revslider\/sr6\/assets\/assets\/dummy.png\" alt=\"Slide\" title=\"Complementos y automatismos\" class=\"rev-slidebg tp-rs-img rs-lazyload\" data-lazyload=\"\/\/grabalosa.com\/portes\/wp-content\/plugins\/revslider\/sr6\/assets\/assets\/transparent.png\" data-parallax=\"off\" data-no-retina>\n<!--\n\t\t\t\t\t\t\t--><rs-layer\n\t\t\t\t\t\t\t\tid=\"slider-8-slide-87-layer-4\" \n\t\t\t\t\t\t\t\tdata-type=\"text\"\n\t\t\t\t\t\t\t\tdata-color=\"#1d1e1c\"\n\t\t\t\t\t\t\t\tdata-rsp_ch=\"on\"\n\t\t\t\t\t\t\t\tdata-xy=\"x:c;y:b;yo:60px;\"\n\t\t\t\t\t\t\t\tdata-text=\"s:16;l:20;fw:300;a:center;\"\n\t\t\t\t\t\t\t\tdata-frame_1=\"sR:10;\"\n\t\t\t\t\t\t\t\tdata-frame_999=\"o:0;st:w;sR:8690;\"\n\t\t\t\t\t\t\t\tstyle=\"z-index:7;font-family:'Roboto';\"\n\t\t\t\t\t\t\t>Motorizaci\u00f3n para puertas seccionales \n\t\t\t\t\t\t\t<\/rs-layer><!--\n\n\t\t\t\t\t\t\t--><rs-layer\n\t\t\t\t\t\t\t\tid=\"slider-8-slide-87-layer-5\" \n\t\t\t\t\t\t\t\tdata-type=\"image\"\n\t\t\t\t\t\t\t\tdata-rsp_ch=\"on\"\n\t\t\t\t\t\t\t\tdata-xy=\"x:c;y:m;\"\n\t\t\t\t\t\t\t\tdata-text=\"l:22;a:inherit;\"\n\t\t\t\t\t\t\t\tdata-dim=\"w:[&#039;600px&#039;,&#039;600px&#039;,&#039;600px&#039;,&#039;600px&#039;];h:[&#039;500px&#039;,&#039;500px&#039;,&#039;500px&#039;,&#039;500px&#039;];\"\n\t\t\t\t\t\t\t\tdata-frame_1=\"sR:10;\"\n\t\t\t\t\t\t\t\tdata-frame_999=\"o:0;st:w;sR:8690;\"\n\t\t\t\t\t\t\t\tstyle=\"z-index:5;\"\n\t\t\t\t\t\t\t><img decoding=\"async\" src=\"\/\/grabalosa.com\/portes\/wp-content\/plugins\/revslider\/sr6\/assets\/assets\/dummy.png\" alt=\"\" class=\"tp-rs-img rs-lazyload\" width=\"1000\" height=\"833\" data-lazyload=\"\/\/grabalosa.com\/portes\/wp-content\/uploads\/sites\/2\/2021\/01\/motoritzacio-portes-seccionals.png\" data-no-retina> \n\t\t\t\t\t\t\t<\/rs-layer><!--\n-->\t\t\t\t\t<\/rs-slide>\n\t\t\t\t\t\t<rs-slide style=\"position: absolute;\" data-key=\"rs-84\" data-title=\"Slide\" data-anim=\"ms:600;r:0;\" data-in=\"o:0;\" data-out=\"a:false;\">\n\t\t\t\t\t\t\t<img decoding=\"async\" src=\"\/\/grabalosa.com\/portes\/wp-content\/plugins\/revslider\/sr6\/assets\/assets\/dummy.png\" alt=\"Slide\" title=\"Complementos y automatismos\" class=\"rev-slidebg tp-rs-img rs-lazyload\" data-lazyload=\"\/\/grabalosa.com\/portes\/wp-content\/plugins\/revslider\/sr6\/assets\/assets\/transparent.png\" data-parallax=\"off\" data-no-retina>\n<!--\n\t\t\t\t\t\t\t--><rs-layer\n\t\t\t\t\t\t\t\tid=\"slider-8-slide-84-layer-4\" \n\t\t\t\t\t\t\t\tdata-type=\"text\"\n\t\t\t\t\t\t\t\tdata-color=\"#1d1e1c\"\n\t\t\t\t\t\t\t\tdata-rsp_ch=\"on\"\n\t\t\t\t\t\t\t\tdata-xy=\"x:c;y:b;yo:60px;\"\n\t\t\t\t\t\t\t\tdata-text=\"s:16;l:20;fw:300;a:center;\"\n\t\t\t\t\t\t\t\tdata-frame_1=\"sR:10;\"\n\t\t\t\t\t\t\t\tdata-frame_999=\"o:0;st:w;sR:8690;\"\n\t\t\t\t\t\t\t\tstyle=\"z-index:7;font-family:'Roboto';\"\n\t\t\t\t\t\t\t>Motorizaci\u00f3n para puertas batientes \n\t\t\t\t\t\t\t<\/rs-layer><!--\n\n\t\t\t\t\t\t\t--><rs-layer\n\t\t\t\t\t\t\t\tid=\"slider-8-slide-84-layer-5\" \n\t\t\t\t\t\t\t\tdata-type=\"image\"\n\t\t\t\t\t\t\t\tdata-rsp_ch=\"on\"\n\t\t\t\t\t\t\t\tdata-xy=\"x:c;y:m;\"\n\t\t\t\t\t\t\t\tdata-text=\"l:22;a:inherit;\"\n\t\t\t\t\t\t\t\tdata-dim=\"w:[&#039;550px&#039;,&#039;550px&#039;,&#039;550px&#039;,&#039;550px&#039;];h:[&#039;458px&#039;,&#039;458px&#039;,&#039;458px&#039;,&#039;458px&#039;];\"\n\t\t\t\t\t\t\t\tdata-frame_1=\"sR:10;\"\n\t\t\t\t\t\t\t\tdata-frame_999=\"o:0;st:w;sR:8690;\"\n\t\t\t\t\t\t\t\tstyle=\"z-index:5;\"\n\t\t\t\t\t\t\t><img decoding=\"async\" src=\"\/\/grabalosa.com\/portes\/wp-content\/plugins\/revslider\/sr6\/assets\/assets\/dummy.png\" alt=\"\" class=\"tp-rs-img rs-lazyload\" width=\"1000\" height=\"833\" data-lazyload=\"\/\/grabalosa.com\/portes\/wp-content\/uploads\/sites\/2\/2021\/01\/motoritzacio-per-batents.png\" data-no-retina> \n\t\t\t\t\t\t\t<\/rs-layer><!--\n-->\t\t\t\t\t<\/rs-slide>\n\t\t\t\t\t\t<rs-slide style=\"position: absolute;\" data-key=\"rs-86\" data-title=\"Slide\" data-anim=\"ms:600;r:0;\" data-in=\"o:0;\" data-out=\"a:false;\">\n\t\t\t\t\t\t\t<img decoding=\"async\" src=\"\/\/grabalosa.com\/portes\/wp-content\/plugins\/revslider\/sr6\/assets\/assets\/dummy.png\" alt=\"Slide\" title=\"Complementos y automatismos\" class=\"rev-slidebg tp-rs-img rs-lazyload\" data-lazyload=\"\/\/grabalosa.com\/portes\/wp-content\/plugins\/revslider\/sr6\/assets\/assets\/transparent.png\" data-parallax=\"off\" data-no-retina>\n<!--\n\t\t\t\t\t\t\t--><rs-layer\n\t\t\t\t\t\t\t\tid=\"slider-8-slide-86-layer-4\" \n\t\t\t\t\t\t\t\tdata-type=\"text\"\n\t\t\t\t\t\t\t\tdata-color=\"#1d1e1c\"\n\t\t\t\t\t\t\t\tdata-rsp_ch=\"on\"\n\t\t\t\t\t\t\t\tdata-xy=\"x:c;y:b;yo:60px;\"\n\t\t\t\t\t\t\t\tdata-text=\"s:16;l:20;fw:300;a:center;\"\n\t\t\t\t\t\t\t\tdata-frame_1=\"sR:10;\"\n\t\t\t\t\t\t\t\tdata-frame_999=\"o:0;st:w;sR:8690;\"\n\t\t\t\t\t\t\t\tstyle=\"z-index:7;font-family:'Roboto';\"\n\t\t\t\t\t\t\t>Motorizaci\u00f3n para puertas corredizas \n\t\t\t\t\t\t\t<\/rs-layer><!--\n\n\t\t\t\t\t\t\t--><rs-layer\n\t\t\t\t\t\t\t\tid=\"slider-8-slide-86-layer-5\" \n\t\t\t\t\t\t\t\tdata-type=\"image\"\n\t\t\t\t\t\t\t\tdata-rsp_ch=\"on\"\n\t\t\t\t\t\t\t\tdata-xy=\"x:c;y:m;yo:-25px;\"\n\t\t\t\t\t\t\t\tdata-text=\"l:22;a:inherit;\"\n\t\t\t\t\t\t\t\tdata-dim=\"w:[&#039;590px&#039;,&#039;590px&#039;,&#039;590px&#039;,&#039;590px&#039;];h:[&#039;491px&#039;,&#039;491px&#039;,&#039;491px&#039;,&#039;491px&#039;];\"\n\t\t\t\t\t\t\t\tdata-frame_1=\"sR:10;\"\n\t\t\t\t\t\t\t\tdata-frame_999=\"o:0;st:w;sR:8690;\"\n\t\t\t\t\t\t\t\tstyle=\"z-index:5;\"\n\t\t\t\t\t\t\t><img decoding=\"async\" src=\"\/\/grabalosa.com\/portes\/wp-content\/plugins\/revslider\/sr6\/assets\/assets\/dummy.png\" alt=\"\" class=\"tp-rs-img rs-lazyload\" width=\"1000\" height=\"833\" data-lazyload=\"\/\/grabalosa.com\/portes\/wp-content\/uploads\/sites\/2\/2021\/01\/motoritzacio-portes-correderes.png\" data-no-retina> \n\t\t\t\t\t\t\t<\/rs-layer><!--\n-->\t\t\t\t\t<\/rs-slide>\n\t\t\t\t\t\t<rs-slide style=\"position: absolute;\" data-key=\"rs-85\" data-title=\"Slide\" data-anim=\"ms:600;r:0;\" data-in=\"o:0;\" data-out=\"a:false;\">\n\t\t\t\t\t\t\t<img decoding=\"async\" src=\"\/\/grabalosa.com\/portes\/wp-content\/plugins\/revslider\/sr6\/assets\/assets\/dummy.png\" alt=\"Slide\" title=\"Complementos y automatismos\" class=\"rev-slidebg tp-rs-img rs-lazyload\" data-lazyload=\"\/\/grabalosa.com\/portes\/wp-content\/plugins\/revslider\/sr6\/assets\/assets\/transparent.png\" data-parallax=\"off\" data-no-retina>\n<!--\n\t\t\t\t\t\t\t--><rs-layer\n\t\t\t\t\t\t\t\tid=\"slider-8-slide-85-layer-4\" \n\t\t\t\t\t\t\t\tdata-type=\"text\"\n\t\t\t\t\t\t\t\tdata-color=\"#1d1e1c\"\n\t\t\t\t\t\t\t\tdata-rsp_ch=\"on\"\n\t\t\t\t\t\t\t\tdata-xy=\"x:c;y:b;yo:60px;\"\n\t\t\t\t\t\t\t\tdata-text=\"s:16;l:20;fw:300;a:center;\"\n\t\t\t\t\t\t\t\tdata-frame_1=\"sR:10;\"\n\t\t\t\t\t\t\t\tdata-frame_999=\"o:0;st:w;sR:8690;\"\n\t\t\t\t\t\t\t\tstyle=\"z-index:7;font-family:'Roboto';\"\n\t\t\t\t\t\t\t>Brazo articulado para puertas batientes<br\/> de gran dimensiones \n\t\t\t\t\t\t\t<\/rs-layer><!--\n\n\t\t\t\t\t\t\t--><rs-layer\n\t\t\t\t\t\t\t\tid=\"slider-8-slide-85-layer-5\" \n\t\t\t\t\t\t\t\tdata-type=\"image\"\n\t\t\t\t\t\t\t\tdata-rsp_ch=\"on\"\n\t\t\t\t\t\t\t\tdata-xy=\"x:c;y:m;\"\n\t\t\t\t\t\t\t\tdata-text=\"l:22;a:inherit;\"\n\t\t\t\t\t\t\t\tdata-dim=\"w:[&#039;530px&#039;,&#039;530px&#039;,&#039;530px&#039;,&#039;530px&#039;];h:[&#039;441px&#039;,&#039;441px&#039;,&#039;441px&#039;,&#039;441px&#039;];\"\n\t\t\t\t\t\t\t\tdata-frame_1=\"sR:10;\"\n\t\t\t\t\t\t\t\tdata-frame_999=\"o:0;st:w;sR:8690;\"\n\t\t\t\t\t\t\t\tstyle=\"z-index:5;\"\n\t\t\t\t\t\t\t><img decoding=\"async\" src=\"\/\/grabalosa.com\/portes\/wp-content\/plugins\/revslider\/sr6\/assets\/assets\/dummy.png\" alt=\"\" class=\"tp-rs-img rs-lazyload\" width=\"1000\" height=\"833\" data-lazyload=\"\/\/grabalosa.com\/portes\/wp-content\/uploads\/sites\/2\/2021\/01\/brac-articulat-portes-batents-grans-dimensions.png\" data-no-retina> \n\t\t\t\t\t\t\t<\/rs-layer><!--\n-->\t\t\t\t\t<\/rs-slide>\n\t\t\t\t\t<\/rs-slides>\n\t\t\t\t<\/rs-module>\n\t\t\t\t<script>\n\t\t\t\t\tsetREVStartSize({c: 'rev_slider_8_1',rl:[1240,1024,778,778],el:[485,600,600,600],gw:[600,600,600,600],gh:[485,485,485,485],type:'carousel',justify:'',layout:'fullwidth',mh:\"0\"});if (window.RS_MODULES!==undefined && window.RS_MODULES.modules!==undefined && window.RS_MODULES.modules[\"revslider81\"]!==undefined) {window.RS_MODULES.modules[\"revslider81\"].once = false;window.revapi8 = undefined;if (window.RS_MODULES.checkMinimal!==undefined) window.RS_MODULES.checkMinimal()}\n\t\t\t\t<\/script>\n\t\t\t<\/rs-module-wrap>\n\t\t\t<!-- END REVOLUTION SLIDER -->\n[\/vc_column][\/vc_row][vc_row css_animation=\u00bb\u00bb row_type=\u00bbrow\u00bb use_row_as_full_screen_section=\u00bbno\u00bb type=\u00bbgrid\u00bb angled_section=\u00bbno\u00bb text_align=\u00bbleft\u00bb background_image_as_pattern=\u00bbwithout_pattern\u00bb css=\u00bb.vc_custom_1544013941949{padding-top: 70px !important;padding-bottom: 70px !important;background-color: #f1f1f1 !important;}\u00bb z_index=\u00bb\u00bb el_class=\u00bbmodul-3&#8243;][vc_column el_class=\u00bbassessor\u00bb offset=\u00bbvc_col-lg-offset-2 vc_col-lg-8 vc_col-md-offset-2 vc_col-md-8 vc_col-sm-offset-0 vc_col-xs-12&#8243;][vc_column_text el_class=\u00bbtext-left text-descriptiu-3&#8243;]<\/p>\n<h5>CONTACTA CON UN T\u00c9CNICO<\/h5>\n<p>[\/vc_column_text][vc_column_text el_class=\u00bbtext-left text-descriptiu-3&#8243;]<\/p>\n<h2 class=\"h1\">Asesoramiento gratuito<\/h2>\n<p>Disponemos otros elementos de motorizaci\u00f3n, se puede poner en contacto con nosotros y lo asesoraremos gratuitament para encontrar la opci\u00f3n que m\u00e1s se adecua a sus necesidades.[\/vc_column_text][vc_row_inner row_type=\u00bbrow\u00bb type=\u00bbfull_width\u00bb text_align=\u00bbleft\u00bb css_animation=\u00bb\u00bb css=\u00bb.vc_custom_1528016690302{margin-top: 40px !important;}\u00bb][vc_column_inner width=\u00bb1\/2&#8243; offset=\u00bbvc_col-lg-6 vc_col-md-6 vc_col-xs-12&#8243;]\n\n\t<a href=\"https:\/\/grabalosa.com\/contacte\/\" target=\"_self\" style=\"color: #ffffff;background-color: #1d1d1b;font-size: 16px;font-weight: 300;text-transform: uppercase;font-style: normal\" class=\"qode-btn qode-btn-medium qode-btn-solid qode-btn-custom-hover-bg qode-btn-custom-hover-color qode-btn-icon boto-assessor spu-open-3520 qode-btn-default-hover\" data-hover-bg-color=\"#555555\" data-hover-color=\"#f2f2f2\" >\n\t    <span class=\"qode-btn-text\">CONT\u00c1CTENOS<\/span><span class=\"qode-button-v2-icon-holder\" style=\"font-size: 16px\" ><i class=\"qode_icon_font_awesome fa fa-envelope qode-button-v2-icon-holder-inner\" ><\/i><\/span>\t<\/a>\n\n[\/vc_column_inner][vc_column_inner width=\u00bb1\/2&#8243; offset=\u00bbvc_col-lg-6 vc_col-md-6 vc_col-xs-12&#8243;]\n\n\t<a href=\"tel:+34972788028\" target=\"_self\" style=\"color: #ffffff;background-color: #1d1d1b;font-size: 16px;font-weight: 300;text-transform: uppercase;font-style: normal\" class=\"qode-btn qode-btn-medium qode-btn-solid qode-btn-custom-hover-bg qode-btn-custom-hover-color qode-btn-icon boto-assessor qode-btn-default-hover\" data-hover-bg-color=\"#555555\" data-hover-color=\"#f2f2f2\" >\n\t    <span class=\"qode-btn-text\">(34) 972 788 028<\/span><span class=\"qode-button-v2-icon-holder\" style=\"font-size: 16px\" ><i class=\"qode_icon_font_awesome fa fa-phone qode-button-v2-icon-holder-inner\" ><\/i><\/span>\t<\/a>\n\n[\/vc_column_inner][\/vc_row_inner][\/vc_column][\/vc_row]<\/p>\n<\/div>","protected":false},"excerpt":{"rendered":"<p>[vc_row css_animation=\u00bb\u00bb row_type=\u00bbrow\u00bb use_row_as_full_screen_section=\u00bbno\u00bb type=\u00bbgrid\u00bb angled_section=\u00bbno\u00bb text_align=\u00bbleft\u00bb background_image_as_pattern=\u00bbwithout_pattern\u00bb transition_delay=\u00bb0.2&#8243; css=\u00bb.vc_custom_1610372872978{background-color: #d9d9d9 !important;}\u00bb z_index=\u00bb\u00bb el_class=\u00bbflex-section flex-section-600 titol-producte\u00bb][vc_column css_animation=\u00bbleft-to-right\u00bb css=\u00bb.vc_custom_1610372476440{padding-top: 70px !important;padding-right: 70px !important;padding-bottom: 70px !important;}\u00bb offset=\u00bbvc_col-lg-6 vc_col-md-6 vc_col-xs-12&#8243;][vc_column_text] Complementos y automatismos [\/vc_column_text][vc_column_text el_class=\u00bbicones-text-titol icones-text-titol-resp1000&#8243;] Dise\u00f1o y funcionalidad Innovaci\u00f3n [\/vc_column_text][\/vc_column][vc_column offset=\u00bbvc_col-lg-6 vc_col-md-6 vc_col-xs-12&#8243;][vc_single_image image=\u00bb4190&#8243; img_size=\u00bbfull\u00bb alignment=\u00bbcenter\u00bb qode_css_animation=\u00bb\u00bb&#8230;<\/p>\n","protected":false},"author":1,"featured_media":0,"parent":0,"menu_order":4,"comment_status":"closed","ping_status":"closed","template":"full_width.php","meta":{"footnotes":""},"class_list":["post-6055","page","type-page","status-publish","hentry"],"aioseo_notices":[],"_links":{"self":[{"href":"https:\/\/grabalosa.com\/portes\/es\/wp-json\/wp\/v2\/pages\/6055","targetHints":{"allow":["GET"]}}],"collection":[{"href":"https:\/\/grabalosa.com\/portes\/es\/wp-json\/wp\/v2\/pages"}],"about":[{"href":"https:\/\/grabalosa.com\/portes\/es\/wp-json\/wp\/v2\/types\/page"}],"author":[{"embeddable":true,"href":"https:\/\/grabalosa.com\/portes\/es\/wp-json\/wp\/v2\/users\/1"}],"replies":[{"embeddable":true,"href":"https:\/\/grabalosa.com\/portes\/es\/wp-json\/wp\/v2\/comments?post=6055"}],"version-history":[{"count":5,"href":"https:\/\/grabalosa.com\/portes\/es\/wp-json\/wp\/v2\/pages\/6055\/revisions"}],"predecessor-version":[{"id":6971,"href":"https:\/\/grabalosa.com\/portes\/es\/wp-json\/wp\/v2\/pages\/6055\/revisions\/6971"}],"wp:attachment":[{"href":"https:\/\/grabalosa.com\/portes\/es\/wp-json\/wp\/v2\/media?parent=6055"}],"curies":[{"name":"wp","href":"https:\/\/api.w.org\/{rel}","templated":true}]}}