{"id":4451,"date":"2020-05-31T11:52:02","date_gmt":"2020-05-31T09:52:02","guid":{"rendered":"http:\/\/ambdues.cat\/portes\/puertas\/contraventanas-de-seguridad\/"},"modified":"2021-02-12T17:32:51","modified_gmt":"2021-02-12T16:32:51","slug":"contraventanas-de-seguridad","status":"publish","type":"page","link":"https:\/\/grabalosa.com\/portes\/es\/puertas\/contraventanas-de-seguridad\/","title":{"rendered":"Contraventanas de seguridad"},"content":{"rendered":"<div class=\"wpb-content-wrapper\"><p>[vc_row css_animation=\u00bb\u00bb row_type=\u00bbrow\u00bb use_row_as_full_screen_section=\u00bbno\u00bb type=\u00bbgrid\u00bb angled_section=\u00bbno\u00bb text_align=\u00bbleft\u00bb background_image_as_pattern=\u00bbwithout_pattern\u00bb css=\u00bb.vc_custom_1585383685721{padding-bottom: 0px !important;background-color: #dadada !important;}\u00bb z_index=\u00bb\u00bb el_class=\u00bbflex-section flex-section-600 titol-producte modul-6-titol m6-400&#8243;][vc_column css_animation=\u00bbleft-to-right\u00bb width=\u00bb1\/2&#8243; el_class=\u00bbtext-producte-6&#8243; offset=\u00bbvc_col-lg-6 vc_col-md-6 vc_col-xs-12 vc_hidden-xs\u00bb][vc_column_text]<\/p>\n<h2 class=\"h1\"><span class=\"w-400\">Venecianas de acero<\/span><br \/>\nContraventanas de seguridad<\/h2>\n<p>[\/vc_column_text][vc_column_text el_class=\u00bbicones-text-titol\u00bb]<\/p>\n<ul>\n<li><img decoding=\"async\" class=\"icona icona-s cercle fabricacio\" src=\"https:\/\/grabalosa.com\/portes\/wp-content\/uploads\/sites\/2\/2018\/11\/fabricacio-propia-gris.svg\" alt=\"Fabricaci\u00f3n propia\" \/><span class=\"no-marxis\">Fabricaci\u00f3n propia<\/span><\/li>\n<li><img decoding=\"async\" class=\"icona icona-s cercle seguretat\" src=\"https:\/\/grabalosa.com\/portes\/wp-content\/uploads\/sites\/2\/2018\/11\/sistemes-seguretat.svg\" alt=\"Sistemas de seguridad\" \/><span class=\"no-marxis\">Sistemas de seguridad<\/span><\/li>\n<\/ul>\n<p>[\/vc_column_text][\/vc_column][vc_column width=\u00bb1\/2&#8243; el_class=\u00bbimatge-fullw-titol\u00bb offset=\u00bbvc_col-lg-6 vc_col-md-6 vc_col-xs-12 vc_hidden-xs\u00bb css=\u00bb.vc_custom_1596628593803{background-image: url(https:\/\/grabalosa.com\/portes\/wp-content\/uploads\/sites\/2\/2020\/03\/4-venecianes.jpg?id=3544) !important;background-position: center !important;background-repeat: no-repeat !important;background-size: cover !important;}\u00bb][\/vc_column][\/vc_row][vc_row css_animation=\u00bb\u00bb row_type=\u00bbrow\u00bb use_row_as_full_screen_section=\u00bbno\u00bb type=\u00bbfull_width\u00bb angled_section=\u00bbno\u00bb text_align=\u00bbleft\u00bb background_image_as_pattern=\u00bbwithout_pattern\u00bb css=\u00bb.vc_custom_1585383704668{padding-top: 0px !important;padding-bottom: 0px !important;background-color: #dadada !important;}\u00bb z_index=\u00bb\u00bb el_class=\u00bbflex-section flex-section-600 titol-producte modul-6-titolm\u00bb][vc_column width=\u00bb1\/2&#8243; el_class=\u00bbimatge-fullw-titol\u00bb offset=\u00bbvc_col-lg-6 vc_hidden-lg vc_col-md-6 vc_hidden-md vc_hidden-sm vc_col-xs-12&#8243; css=\u00bb.vc_custom_1596663084872{background-image: url(https:\/\/grabalosa.com\/finestres\/wp-content\/uploads\/sites\/3\/2018\/07\/4-venecianes.jpg?id=1440) !important;background-position: center !important;background-repeat: no-repeat !important;background-size: cover !important;}\u00bb][\/vc_column][vc_column css_animation=\u00bbleft-to-right\u00bb width=\u00bb1\/2&#8243; el_class=\u00bbtext-producte-6&#8243; offset=\u00bbvc_col-lg-6 vc_hidden-lg vc_col-md-6 vc_hidden-md vc_hidden-sm vc_col-xs-12&#8243; css=\u00bb.vc_custom_1550535737312{padding-top: 45px !important;padding-bottom: 40px !important;}\u00bb][vc_column_text]<\/p>\n<h2 class=\"h1\"><span class=\"w-400\">Venecianas de acero<\/span><br \/>\nContraventanas de seguridad<\/h2>\n<p>[\/vc_column_text][vc_column_text el_class=\u00bbicones-text-2l\u00bb]<\/p>\n<ul>\n<li><img decoding=\"async\" class=\"icona icona-s cercle fabricacio\" src=\"https:\/\/grabalosa.com\/portes\/wp-content\/uploads\/sites\/2\/2018\/11\/fabricacio-propia-gris.svg\" alt=\"Fabricaci\u00f3n propia\" \/><span class=\"no-marxis\">Fabricaci\u00f3n propia<\/span><\/li>\n<li><img decoding=\"async\" class=\"icona icona-s cercle seguretat\" src=\"https:\/\/grabalosa.com\/portes\/wp-content\/uploads\/sites\/2\/2018\/11\/sistemes-seguretat.svg\" alt=\"Sistemas de seguridad\" \/><span class=\"no-marxis\">Sistemas de seguridad<\/span><\/li>\n<\/ul>\n<p>[\/vc_column_text][\/vc_column][\/vc_row][vc_row css_animation=\u00bb\u00bb row_type=\u00bbrow\u00bb use_row_as_full_screen_section=\u00bbno\u00bb type=\u00bbgrid\u00bb angled_section=\u00bbno\u00bb text_align=\u00bbleft\u00bb background_image_as_pattern=\u00bbwithout_pattern\u00bb css=\u00bb.vc_custom_1531434215737{margin-top: 100px !important;margin-bottom: 100px !important;}\u00bb z_index=\u00bb\u00bb el_class=\u00bbmodul-1&#8243;][vc_column width=\u00bb1\/2&#8243; offset=\u00bbvc_col-lg-6 vc_col-md-6 vc_col-xs-12&#8243;][vc_gallery type=\u00bbflexslider_slide\u00bb interval=\u00bb3&#8243; images=\u00bb4486,4483,4480,4477,4474,4471,4468,4465,4462&#8243; img_size=\u00bbfull\u00bb direction_nav=\u00bbyes\u00bb control_nav=\u00bbno\u00bb show_image_description=\u00bbyes\u00bb pause_on_hover=\u00bbno\u00bb frame=\u00bbno\u00bb el_class=\u00bbgaleria-s-m1&#8243;][\/vc_column][vc_column css_animation=\u00bbright-to-left\u00bb width=\u00bb1\/2&#8243; offset=\u00bbvc_col-lg-6 vc_col-md-6 vc_col-xs-12&#8243;][vc_column_text el_class=\u00bbtext-descriptiu-1 text-left\u00bb]<\/p>\n<h2 class=\"h1\">M\u00e1xima resistencia<\/h2>\n<p>La veneciana es un producto de acero de gran calidad, concebida b\u00e1sicamente como un elemento de seguridad y que, al mismo tiempo, ofrece una est\u00e9tica y unos acabados muy decorativos, con diferentes soluciones tanto para puertas correderas como para las puertas practicables.<\/p>\n<p>Podemos decir pues, que las venecianas de exterior son una combinaci\u00f3n perfecta de est\u00e9tica y seguridad.<\/p>\n<p>Se fabrican a medida, con lo cual resultan id\u00f3neas para renovar las viejas contraventanas de madera y aluminio.[\/vc_column_text]<div class=\"qode-accordion-holder clearfix qode-toggle qode-initial \">\n\t<h6 class=\"clearfix qode-title-holder\">\n<span class=\"qode-tab-title\">\n\t    <span class=\"qode-tab-title-inner\">\n        Leer m\u00e1s    <\/span>\n<\/span>\n<span class=\"qode-accordion-mark\">\n    <span class=\"qode-accordion-mark-icon\">\n        <span class=\"icon_plus\"><\/span>\n        <span class=\"icon_minus-06\"><\/span>\n    <\/span>\n<\/span>\n<\/h6>\n<div  class=\"qode-accordion-content \" style=\"padding: 0 0 0 0\">\n    <div class=\"qode-accordion-content-inner\">\n        [vc_column_text el_class=\u00bbtext-descriptiu-1 text-left\u00bb]En obra nueva, por otro lado, la gran variedad de modelos y acabados permite integrarlas en cualquier estilo arquitect\u00f3nico.<\/p>\n<p>La solidez y la apariencia de las venecianas de exterior proporciona una protecci\u00f3n efectiva ante el vandalismo.<\/p>\n<p>Como que es un producto de fabricaci\u00f3n propia, Met\u00e1licas Grabalosa ofrece un amplio abanico de opciones de adaptaci\u00f3n en funci\u00f3n de las necesidades planteadas. Homologadas con el marcado CE.<\/p>\n<p>Posibilidad de ofrecer las venecianas de exterior con diferentes sistemas constructivos: carrerillas, practicables, en acorde\u00f3n, plegables, etc.[\/vc_column_text]    <\/div>\n<\/div><\/div>[\/vc_column][\/vc_row][vc_row css_animation=\u00bb\u00bb row_type=\u00bbrow\u00bb use_row_as_full_screen_section=\u00bbno\u00bb type=\u00bbgrid\u00bb angled_section=\u00bbno\u00bb text_align=\u00bbleft\u00bb background_image_as_pattern=\u00bbwithout_pattern\u00bb z_index=\u00bb\u00bb css=\u00bb.vc_custom_1545132089421{background-color: #f6f6f6 !important;}\u00bb el_class=\u00bbaltres-models modul-porta modul-faqs modul-accord-portes\u00bb][vc_column css=\u00bb.vc_custom_1544029349173{padding-top: 80px !important;padding-bottom: 80px !important;}\u00bb]<div class=\"qode-accordion-holder clearfix qode-toggle qode-initial \">\n\t<h2 class=\"clearfix qode-title-holder\">\n<span class=\"qode-tab-title\">\n\t    <span class=\"qode-tab-title-inner\">\n        Modelos de contraventana    <\/span>\n<\/span>\n<span class=\"qode-accordion-mark\">\n    <span class=\"qode-accordion-mark-icon\">\n        <span class=\"icon_plus\"><\/span>\n        <span class=\"icon_minus-06\"><\/span>\n    <\/span>\n<\/span>\n<\/h2>\n<div  class=\"qode-accordion-content \" style=\"padding: 4px 0 70px 0\">\n    <div class=\"qode-accordion-content-inner\">\n        [vc_column_text el_class=\u00bbac-portes-sist-obertura text-left img-model-portico\u00bb]<\/p>\n<div>\n<h3 class=\"w-300\">MODELO DE POSTIGO PRACTICABLE<\/h3>\n<p><img decoding=\"async\" role=\"img\" src=\"https:\/\/grabalosa.com\/portes\/wp-content\/uploads\/sites\/2\/2018\/12\/model-portico-practicable-porticons-seguretat-grisc.svg\" alt=\"MODELO DE POSTIGO PRACTICABLE\" width=\"500\" \/>\n<\/div>\n<div>\n<h3 class=\"w-300\">MODELO DE POSTIGO CORREDERO<\/h3>\n<p><img decoding=\"async\" role=\"img\" src=\"https:\/\/grabalosa.com\/portes\/wp-content\/uploads\/sites\/2\/2018\/12\/model-portico-corredis-porticons-seguretat-grisc.svg\" alt=\"MODELO DE POSTIGO CORREDERO\" width=\"300\" \/>\n<\/div>\n<div>\n<h3 class=\"w-300\">MODELO DE POSTIGO PLEGABLE<\/h3>\n<p><img decoding=\"async\" role=\"img\" src=\"https:\/\/grabalosa.com\/portes\/wp-content\/uploads\/sites\/2\/2018\/12\/model-portico-plegable-porticons-seguretat-grisc.svg\" alt=\"MODELO DE POSTIGO PLEGABLE\" width=\"500\" \/>\n<\/div>\n<p>[\/vc_column_text]    <\/div>\n<\/div><h2 class=\"clearfix qode-title-holder\">\n<span class=\"qode-tab-title\">\n\t    <span class=\"qode-tab-title-inner\">\n        Garant\u00eda de calidad    <\/span>\n<\/span>\n<span class=\"qode-accordion-mark\">\n    <span class=\"qode-accordion-mark-icon\">\n        <span class=\"icon_plus\"><\/span>\n        <span class=\"icon_minus-06\"><\/span>\n    <\/span>\n<\/span>\n<\/h2>\n<div  class=\"qode-accordion-content \" style=\"padding: 4px 0 70px 0\">\n    <div class=\"qode-accordion-content-inner\">\n        [vc_column_text el_class=\u00bbac-portes-garantia-qualitat text-left\u00bb]<\/p>\n<h3>GARANT\u00cdA DE CALIDAD<\/h3>\n<p>El sistema dispone del marcado CE en el proceso de fabricaci\u00f3n. Tamb\u00e9 ha estado sometido a pruebas y ensayos para garantizar la resistencia al viento y a las fuerzas de maniobra seg\u00fan las normativas europeas.<\/p>\n<h4 class=\"h4-little\">HOMOLOGACI\u00d3N<\/h4>\n<ul>\n<li><img decoding=\"async\" src=\"https:\/\/grabalosa.com\/portes\/wp-content\/uploads\/sites\/2\/2018\/11\/mercat-europeu.svg\" alt=\"Siglas Homologaci\u00f3n Mercado Europeo\" width=\"100\" \/><\/li>\n<li><img decoding=\"async\" src=\"https:\/\/grabalosa.com\/portes\/wp-content\/uploads\/sites\/2\/2018\/11\/codi-tecnic-construccio.svg\" alt=\"Siglas C\u00f3digo T\u00e9cnico de la Construcci\u00f3n\" width=\"100\" \/><\/li>\n<\/ul>\n<p>[\/vc_column_text]    <\/div>\n<\/div><\/div>[\/vc_column][\/vc_row][vc_row css_animation=\u00bb\u00bb row_type=\u00bbrow\u00bb use_row_as_full_screen_section=\u00bbyes\u00bb type=\u00bbgrid\u00bb angled_section=\u00bbno\u00bb text_align=\u00bbleft\u00bb background_image_as_pattern=\u00bbwithout_pattern\u00bb css=\u00bb.vc_custom_1531996322139{background-color: #575757 !important;}\u00bb z_index=\u00bb\u00bb el_class=\u00bbmodul-5 p-row\u00bb][vc_column width=\u00bb1\/2&#8243; el_class=\u00bbwhite-t text-m5&#8243; css=\u00bb.vc_custom_1538239615575{padding-top: 50px !important;padding-right: 20px !important;padding-bottom: 50px !important;padding-left: 20px !important;}\u00bb offset=\u00bbvc_col-lg-6 vc_col-md-6 vc_hidden-md vc_hidden-sm vc_col-xs-12 vc_hidden-xs\u00bb][vc_column_text]<\/p>\n<h2 class=\"h1 no-subtitol\">PROTEJE TU CASA,<br \/>\nPROTEJE TU NEGOCIO<\/h2>\n<p>La solidez y apariencia de las venecianas de exterior, proporciona una protecci\u00f3n efectiva ante el vandalismo necesario tanta para viviendas particulares como para negocios o empresas contra los ladrones.[\/vc_column_text][vc_column_text el_class=\u00bbicones-text-sota\u00bb]<\/p>\n<ul>\n<li><img decoding=\"async\" class=\"icona icona-lv secure\" src=\"https:\/\/grabalosa.com\/wp-content\/uploads\/sites\/3\/2018\/09\/secure-sistem-blanc.svg\" alt=\"Producto de alta seguridad\" \/><span class=\"white-t\">Producto de alta seguridad<\/span><\/li>\n<\/ul>\n<p>[\/vc_column_text][\/vc_column][vc_column width=\u00bb1\/2&#8243; el_class=\u00bbwhite-t imatge-m5&#8243; css=\u00bb.vc_custom_1531996547134{padding-right: 0px !important;padding-left: 0px !important;}\u00bb offset=\u00bbvc_col-lg-6 vc_col-md-6 vc_hidden-md vc_hidden-sm vc_col-xs-12 vc_hidden-xs\u00bb][vc_single_image image=\u00bb4492&#8243; img_size=\u00bbfull\u00bb alignment=\u00bbcenter\u00bb qode_css_animation=\u00bb\u00bb][\/vc_column][\/vc_row][vc_row css_animation=\u00bb\u00bb row_type=\u00bbrow\u00bb use_row_as_full_screen_section=\u00bbyes\u00bb type=\u00bbfull_width\u00bb angled_section=\u00bbno\u00bb text_align=\u00bbleft\u00bb background_image_as_pattern=\u00bbwithout_pattern\u00bb css=\u00bb.vc_custom_1531996054910{background-color: #575757 !important;}\u00bb z_index=\u00bb\u00bb el_class=\u00bbmodul-5&#8243;][vc_column width=\u00bb1\/2&#8243; el_class=\u00bbwhite-t text-m5&#8243; css=\u00bb.vc_custom_1538239645265{padding-top: 50px !important;padding-right: 20px !important;padding-bottom: 50px !important;padding-left: 20px !important;}\u00bb offset=\u00bbvc_col-lg-6 vc_hidden-lg vc_col-md-6 vc_col-xs-12&#8243;][vc_column_text]<\/p>\n<h2 class=\"h1 no-subtitol\">PROTEJE TU CASA,<br \/>\nPROTEJE TU NEGOCIO<\/h2>\n<p>La solidez y apariencia de las venecianas de exterior, proporciona una protecci\u00f3n efectiva ante el vandalismo necesario tanta para viviendas particulares como para negocios o empresas contra los ladrones.[\/vc_column_text][vc_column_text el_class=\u00bbicones-text-sota\u00bb]<\/p>\n<ul>\n<li><img decoding=\"async\" class=\"icona icona-lv secure\" src=\"https:\/\/grabalosa.com\/wp-content\/uploads\/sites\/3\/2018\/09\/secure-sistem-blanc.svg\" alt=\"Producto de alta seguridad\" \/><span class=\"white-t\">Producto de alta seguridad<\/span><\/li>\n<\/ul>\n<p>[\/vc_column_text][\/vc_column][vc_column width=\u00bb1\/2&#8243; el_class=\u00bbwhite-t imatge-m5&#8243; css=\u00bb.vc_custom_1531996571629{padding-right: 0px !important;padding-left: 0px !important;}\u00bb offset=\u00bbvc_col-lg-6 vc_hidden-lg vc_col-md-6 vc_col-xs-12&#8243;][vc_single_image image=\u00bb4492&#8243; img_size=\u00bbfull\u00bb alignment=\u00bbcenter\u00bb qode_css_animation=\u00bb\u00bb][\/vc_column][\/vc_row][vc_row css_animation=\u00bb\u00bb row_type=\u00bbrow\u00bb use_row_as_full_screen_section=\u00bbno\u00bb type=\u00bbgrid\u00bb angled_section=\u00bbno\u00bb text_align=\u00bbleft\u00bb background_image_as_pattern=\u00bbwithout_pattern\u00bb css=\u00bb.vc_custom_1544024050778{margin-top: 80px !important;margin-bottom: 80px !important;}\u00bb z_index=\u00bb\u00bb el_class=\u00bbmodul-3&#8243;][vc_column width=\u00bb2\/3&#8243; el_class=\u00bbtext-descriptiu-3 text-left\u00bb offset=\u00bbvc_col-lg-offset-2 vc_col-md-offset-2 vc_col-sm-offset-2&#8243;][vc_column_text]<\/p>\n<h5>SOLICITE PRESUPUESTO<\/h5>\n<p>[\/vc_column_text][vc_column_text]<\/p>\n<h2 class=\"h1\">\u00bfQuiere saber el precio orientativo de su proyecto?<\/h2>\n<p>Rellenando un senzillo formulario recibir\u00e1 el precio estimado de su contraventana de seguridad.[\/vc_column_text]<a  itemprop=\"url\" href=\"https:\/\/grabalosa.com\/portes\/es\/presupuesto\/\" target=\"_self\" data-hover-background-color=\"rgba(0,0,0,0.6)\" data-hover-border-color=\"transparent\" data-hover-color=\"#fefefe\" class=\"qbutton  large left white default btn-pressupost boto-pressu-garatge boto-pressu\" style=\"color: #ffffff; border-color: transparent; border-radius: 3px;-moz-border-radius: 3px;-webkit-border-radius: 3px; background-color:#1d1d1b;\">SOLICITUD<\/a>[\/vc_column][\/vc_row]<\/p>\n<\/div>","protected":false},"excerpt":{"rendered":"<p>[vc_row css_animation=\u00bb\u00bb row_type=\u00bbrow\u00bb use_row_as_full_screen_section=\u00bbno\u00bb type=\u00bbgrid\u00bb angled_section=\u00bbno\u00bb text_align=\u00bbleft\u00bb background_image_as_pattern=\u00bbwithout_pattern\u00bb css=\u00bb.vc_custom_1585383685721{padding-bottom: 0px !important;background-color: #dadada !important;}\u00bb z_index=\u00bb\u00bb el_class=\u00bbflex-section flex-section-600 titol-producte modul-6-titol m6-400&#8243;][vc_column css_animation=\u00bbleft-to-right\u00bb width=\u00bb1\/2&#8243; el_class=\u00bbtext-producte-6&#8243; offset=\u00bbvc_col-lg-6 vc_col-md-6 vc_col-xs-12 vc_hidden-xs\u00bb][vc_column_text] Venecianas de acero Contraventanas de seguridad [\/vc_column_text][vc_column_text el_class=\u00bbicones-text-titol\u00bb] Fabricaci\u00f3n propia Sistemas de seguridad [\/vc_column_text][\/vc_column][vc_column width=\u00bb1\/2&#8243; el_class=\u00bbimatge-fullw-titol\u00bb offset=\u00bbvc_col-lg-6 vc_col-md-6 vc_col-xs-12&#8230;<\/p>\n","protected":false},"author":1,"featured_media":0,"parent":4176,"menu_order":3,"comment_status":"closed","ping_status":"closed","template":"full_width.php","meta":{"footnotes":""},"class_list":["post-4451","page","type-page","status-publish","hentry"],"aioseo_notices":[],"_links":{"self":[{"href":"https:\/\/grabalosa.com\/portes\/es\/wp-json\/wp\/v2\/pages\/4451","targetHints":{"allow":["GET"]}}],"collection":[{"href":"https:\/\/grabalosa.com\/portes\/es\/wp-json\/wp\/v2\/pages"}],"about":[{"href":"https:\/\/grabalosa.com\/portes\/es\/wp-json\/wp\/v2\/types\/page"}],"author":[{"embeddable":true,"href":"https:\/\/grabalosa.com\/portes\/es\/wp-json\/wp\/v2\/users\/1"}],"replies":[{"embeddable":true,"href":"https:\/\/grabalosa.com\/portes\/es\/wp-json\/wp\/v2\/comments?post=4451"}],"version-history":[{"count":0,"href":"https:\/\/grabalosa.com\/portes\/es\/wp-json\/wp\/v2\/pages\/4451\/revisions"}],"up":[{"embeddable":true,"href":"https:\/\/grabalosa.com\/portes\/es\/wp-json\/wp\/v2\/pages\/4176"}],"wp:attachment":[{"href":"https:\/\/grabalosa.com\/portes\/es\/wp-json\/wp\/v2\/media?parent=4451"}],"curies":[{"name":"wp","href":"https:\/\/api.w.org\/{rel}","templated":true}]}}