{"id":4260,"date":"2020-05-31T10:49:40","date_gmt":"2020-05-31T08:49:40","guid":{"rendered":"http:\/\/ambdues.cat\/portes\/puertas\/puertas-de-garaje\/puertas-de-garaje-enrollables\/"},"modified":"2021-02-15T11:56:16","modified_gmt":"2021-02-15T10:56:16","slug":"puertas-de-garaje-enrollables","status":"publish","type":"page","link":"https:\/\/grabalosa.com\/portes\/es\/puertas\/puertas-de-garaje\/puertas-de-garaje-enrollables\/","title":{"rendered":"Puertas de garaje enrollables"},"content":{"rendered":"<div class=\"wpb-content-wrapper\"><p>[vc_row css_animation=\u00bb\u00bb row_type=\u00bbrow\u00bb use_row_as_full_screen_section=\u00bbno\u00bb type=\u00bbgrid\u00bb angled_section=\u00bbno\u00bb text_align=\u00bbleft\u00bb background_image_as_pattern=\u00bbwithout_pattern\u00bb css=\u00bb.vc_custom_1550493249727{padding-bottom: 0px !important;background-color: #dadada !important;}\u00bb z_index=\u00bb\u00bb el_class=\u00bbflex-section flex-section-600 titol-producte modul-6-titol m6-400&#8243;][vc_column css_animation=\u00bbleft-to-right\u00bb width=\u00bb1\/2&#8243; el_class=\u00bbtext-producte-6&#8243; offset=\u00bbvc_col-lg-6 vc_col-md-6 vc_col-xs-12 vc_hidden-xs\u00bb][vc_column_text]<\/p>\n<h2 class=\"h1\">Puertas de garaje<br \/>\n<span class=\"w-400\">enrollables<\/span><\/h2>\n<p>[\/vc_column_text][vc_column_text el_class=\u00bbicones-text-titol\u00bb]<\/p>\n<ul>\n<li><img decoding=\"async\" class=\"icona icona-s cercle clima\" src=\"https:\/\/grabalosa.com\/portes\/wp-content\/uploads\/sites\/2\/2018\/11\/resistent-al-clima.svg\" alt=\"Resistente al clima\" \/><span class=\"no-marxis\">Resistente al clima<\/span><\/li>\n<li><img decoding=\"async\" class=\"icona icona-s cercle optimitzacio\" src=\"https:\/\/grabalosa.com\/portes\/wp-content\/uploads\/sites\/2\/2018\/11\/optimitzacio-espai.svg\" alt=\"Optimizaci\u00f3n del espacio\" \/><span class=\"no-marxis\">Optimizaci\u00f3n del espacio<\/span><\/li>\n<\/ul>\n<p>[\/vc_column_text][\/vc_column][vc_column width=\u00bb1\/2&#8243; el_class=\u00bbimatge-fullw-titol\u00bb offset=\u00bbvc_col-lg-6 vc_col-md-6 vc_col-xs-12 vc_hidden-xs\u00bb css=\u00bb.vc_custom_1582126263761{background-image: url(https:\/\/grabalosa.com\/portes\/wp-content\/uploads\/sites\/2\/2020\/02\/Roma_portal_enrotllable_005.jpg?id=3429) !important;background-position: center !important;background-repeat: no-repeat !important;background-size: cover !important;}\u00bb][\/vc_column][\/vc_row][vc_row css_animation=\u00bb\u00bb row_type=\u00bbrow\u00bb use_row_as_full_screen_section=\u00bbno\u00bb type=\u00bbfull_width\u00bb angled_section=\u00bbno\u00bb text_align=\u00bbleft\u00bb background_image_as_pattern=\u00bbwithout_pattern\u00bb css=\u00bb.vc_custom_1550487736589{padding-top: 0px !important;padding-bottom: 0px !important;background-color: #dadada !important;}\u00bb z_index=\u00bb\u00bb el_class=\u00bbflex-section flex-section-600 titol-producte modul-6-titolm\u00bb][vc_column width=\u00bb1\/2&#8243; el_class=\u00bbimatge-fullw-titol\u00bb offset=\u00bbvc_col-lg-6 vc_hidden-lg vc_col-md-6 vc_hidden-md vc_hidden-sm vc_col-xs-12&#8243; css=\u00bb.vc_custom_1541939976980{background-image: url(https:\/\/grabalosa.com\/portes\/wp-content\/uploads\/sites\/2\/2018\/11\/02-portes-garatge-enrotllables-grabalosa-portes.jpg?id=2662) !important;background-position: center !important;background-repeat: no-repeat !important;background-size: cover !important;}\u00bb][\/vc_column][vc_column css_animation=\u00bbleft-to-right\u00bb width=\u00bb1\/2&#8243; el_class=\u00bbtext-producte-6&#8243; offset=\u00bbvc_col-lg-6 vc_hidden-lg vc_col-md-6 vc_hidden-md vc_hidden-sm vc_col-xs-12&#8243; css=\u00bb.vc_custom_1550487753338{padding-top: 45px !important;padding-bottom: 40px !important;}\u00bb][vc_column_text]<\/p>\n<h2 class=\"h1\">Puertas de garaje<br \/>\n<span class=\"w-400\">enrollables<\/span><\/h2>\n<p>[\/vc_column_text][vc_column_text el_class=\u00bbicones-text-titol\u00bb]<\/p>\n<ul>\n<li><img decoding=\"async\" class=\"icona icona-s cercle clima\" src=\"https:\/\/grabalosa.com\/portes\/wp-content\/uploads\/sites\/2\/2018\/11\/resistent-al-clima.svg\" alt=\"Resistente al clima\" \/><span class=\"no-marxis\">Resistente al clima<\/span><\/li>\n<li><img decoding=\"async\" class=\"icona icona-s cercle optimitzacio\" src=\"https:\/\/grabalosa.com\/portes\/wp-content\/uploads\/sites\/2\/2018\/11\/optimitzacio-espai.svg\" alt=\"Optimizaci\u00f3n del espacio\" \/><span class=\"no-marxis\">Optimizaci\u00f3n del espacio<\/span><\/li>\n<\/ul>\n<p>[\/vc_column_text][\/vc_column][\/vc_row][vc_row css_animation=\u00bb\u00bb row_type=\u00bbrow\u00bb use_row_as_full_screen_section=\u00bbno\u00bb type=\u00bbgrid\u00bb angled_section=\u00bbno\u00bb text_align=\u00bbleft\u00bb background_image_as_pattern=\u00bbwithout_pattern\u00bb css=\u00bb.vc_custom_1544019392736{padding-top: 100px !important;padding-bottom: 100px !important;}\u00bb z_index=\u00bb\u00bb el_class=\u00bbmodul-1&#8243;][vc_column width=\u00bb1\/2&#8243; offset=\u00bbvc_col-lg-6 vc_col-md-6 vc_col-xs-12&#8243;][vc_gallery type=\u00bbflexslider_slide\u00bb interval=\u00bb3&#8243; images=\u00bb4289,4286,4283,4280,4277,4274&#8243; img_size=\u00bbfull\u00bb direction_nav=\u00bbyes\u00bb control_nav=\u00bbno\u00bb show_image_description=\u00bbyes\u00bb pause_on_hover=\u00bbno\u00bb frame=\u00bbno\u00bb el_class=\u00bbgaleria-s-m1&#8243;][\/vc_column][vc_column css_animation=\u00bbright-to-left\u00bb width=\u00bb1\/2&#8243; offset=\u00bbvc_col-lg-6 vc_col-md-6 vc_col-xs-12&#8243;][vc_column_text el_class=\u00bbtext-descriptiu-1 text-left\u00bb]<\/p>\n<h2 class=\"h1\">Cada mil\u00edmetro cuenta<\/h2>\n<p>Las puertas de garaje enrollables de Met\u00e0l\u00b7liques Grabalosa se caracterizan por el sistema de apertura. Este modelo de portal se abre en sentido vertical, de modo que la persiana se enrolla alrededor de un eje de acero horizontal sujeto a la parte m\u00e1s elevada.[\/vc_column_text]<div class=\"qode-accordion-holder clearfix qode-toggle qode-initial \">\n\t<h6 class=\"clearfix qode-title-holder\">\n<span class=\"qode-tab-title\">\n\t    <span class=\"qode-tab-title-inner\">\n        Lee m\u00e1s    <\/span>\n<\/span>\n<span class=\"qode-accordion-mark\">\n    <span class=\"qode-accordion-mark-icon\">\n        <span class=\"icon_plus\"><\/span>\n        <span class=\"icon_minus-06\"><\/span>\n    <\/span>\n<\/span>\n<\/h6>\n<div  class=\"qode-accordion-content \" style=\"padding: 0 0 0 0\">\n    <div class=\"qode-accordion-content-inner\">\n        [vc_column_text el_class=\u00bbtext-descriptiu-1 text-left\u00bb]La ventaja de este sistema, a diferencia de las puertas de garaje seccionales, es que el techo del garaje queda libre y se puede utilizar como espacio de almacenamiento.<\/p>\n<p>La puerta, est\u00e1 equipada con un sistema de balanceo que evita que se generen corrientes de aire y que facilita la entrada de las lamas en las gu\u00edas, lo que hace que sea un modelo muy s\u00f3lido y robusto.<\/p>\n<p>Esta l\u00ednea de puertas forman parte de la gama de productos SECURE SYSTEM de Met\u00e0l\u00b7liques Grabalosa, que, gracias al efectivo sistema antielevaci\u00f3n de objetos (HST), protege la vivienda de posibles hurtos.[\/vc_column_text]    <\/div>\n<\/div><\/div>[vc_column_text el_class=\u00bbicones-text-sota modul1-icon-ts\u00bb css=\u00bb.vc_custom_1597092299817{padding-left: 20px !important;}\u00bb]<\/p>\n<ul>\n<li><img decoding=\"async\" class=\"icona icona-lv secure\" src=\"https:\/\/grabalosa.com\/portes\/wp-content\/uploads\/sites\/2\/2018\/11\/secure-system-gris.svg\" alt=\"Producto de alta seguridad\" \/><span class=\"no-marxis\">Producto de alta seguridad<\/span><\/li>\n<\/ul>\n<p>[\/vc_column_text][\/vc_column][\/vc_row][vc_row css_animation=\u00bb\u00bb row_type=\u00bbrow\u00bb use_row_as_full_screen_section=\u00bbno\u00bb type=\u00bbgrid\u00bb angled_section=\u00bbno\u00bb text_align=\u00bbleft\u00bb background_image_as_pattern=\u00bbwithout_pattern\u00bb z_index=\u00bb\u00bb css=\u00bb.vc_custom_1545132089421{background-color: #f6f6f6 !important;}\u00bb el_class=\u00bbaltres-models modul-porta modul-faqs modul-accord-portes\u00bb][vc_column css=\u00bb.vc_custom_1544029349173{padding-top: 80px !important;padding-bottom: 80px !important;}\u00bb]<div class=\"qode-accordion-holder clearfix qode-toggle qode-initial \">\n\t<h5 class=\"clearfix qode-title-holder\">\n<span class=\"qode-tab-title\">\n\t    <span class=\"qode-tab-title-inner\">\n        Sistemas de apertura     <\/span>\n<\/span>\n<span class=\"qode-accordion-mark\">\n    <span class=\"qode-accordion-mark-icon\">\n        <span class=\"icon_plus\"><\/span>\n        <span class=\"icon_minus-06\"><\/span>\n    <\/span>\n<\/span>\n<\/h5>\n<div  class=\"qode-accordion-content \" style=\"padding: 4px 0 70px 0\">\n    <div class=\"qode-accordion-content-inner\">\n        [vc_column_text el_class=\u00bbac-portes-sist-obertura text-left img-3icons\u00bb]<\/p>\n<h3>SISTEMAS DE APERTURA<\/h3>\n<h3 class=\"w-300\">DE LAS PUERTAS DE GARAJE ENROLLABLES<\/h3>\n<p><img decoding=\"async\" role=\"img\" src=\"https:\/\/grabalosa.com\/portes\/wp-content\/uploads\/sites\/2\/2018\/11\/sistemes-obertura-portes-garatge-enrotllables-grabalosa.svg\" alt=\"Sistemas de apertura de las puertas enrollables - Puertas Grabalosa\" width=\"700\" \/>[\/vc_column_text]    <\/div>\n<\/div><h5 class=\"clearfix qode-title-holder\">\n<span class=\"qode-tab-title\">\n\t    <span class=\"qode-tab-title-inner\">\n        Garant\u00eda de calidad    <\/span>\n<\/span>\n<span class=\"qode-accordion-mark\">\n    <span class=\"qode-accordion-mark-icon\">\n        <span class=\"icon_plus\"><\/span>\n        <span class=\"icon_minus-06\"><\/span>\n    <\/span>\n<\/span>\n<\/h5>\n<div  class=\"qode-accordion-content \" style=\"padding: 4px 0 70px 0\">\n    <div class=\"qode-accordion-content-inner\">\n        [vc_column_text el_class=\u00bbac-portes-garantia-qualitat text-left\u00bb]<\/p>\n<h3>GARANT\u00cdA DE CALIDAD<\/h3>\n<p>Las puertas de garaje enrollables disponen del marcado CE en el proceso de fabricaci\u00f3n. Tambi\u00e9n ha sido sometido a pruebas y ensayos para garantizar la resistencia seg\u00fan las normativas europeas.<\/p>\n<h4 class=\"h4-little\">HOMOLOGACI\u00d3N<\/h4>\n<ul>\n<li><img decoding=\"async\" src=\"https:\/\/grabalosa.com\/wp-content\/uploads\/sites\/2\/2018\/11\/mercat-europeu.svg\" alt=\"Siglas Homologaci\u00f3n Mercado Europeo\" width=\"100\" \/><\/li>\n<li><img decoding=\"async\" src=\"https:\/\/grabalosa.com\/wp-content\/uploads\/sites\/2\/2018\/11\/codi-tecnic-construccio.svg\" alt=\"Siglas del C\u00f3digo T\u00e9cnico de la Construcci\u00f3n\" width=\"100\" \/><\/li>\n<\/ul>\n<p>[\/vc_column_text]    <\/div>\n<\/div><\/div>[\/vc_column][\/vc_row][vc_row css_animation=\u00bb\u00bb row_type=\u00bbrow\u00bb use_row_as_full_screen_section=\u00bbno\u00bb type=\u00bbgrid\u00bb angled_section=\u00bbno\u00bb text_align=\u00bbleft\u00bb background_image_as_pattern=\u00bbwithout_pattern\u00bb css=\u00bb.vc_custom_1544019695274{background-color: #575757 !important;}\u00bb z_index=\u00bb\u00bb el_class=\u00bbmodul-5 p-row\u00bb][vc_column width=\u00bb1\/2&#8243; el_class=\u00bbwhite-t text-m5&#8243; css=\u00bb.vc_custom_1542040539451{padding-top: 55px !important;padding-right: 20px !important;padding-bottom: 55px !important;padding-left: 20px !important;}\u00bb offset=\u00bbvc_col-lg-6 vc_col-md-6 vc_hidden-md vc_hidden-sm vc_col-xs-12 vc_hidden-xs\u00bb][vc_column_text]<\/p>\n<h1>OPTIMIZACI\u00d3N DEL ESPACIO<\/h1>\n<h1>Y DETECCI\u00d3N DE OBST\u00c1CULOS<\/h1>\n<h6><\/h6>\n<p>Lamas sin vibraciones, que permiten la optimizaci\u00f3n al m\u00e1ximo del espacio \u00fatil de su garaje. Esta tipolog\u00eda de puerta, viene equipada con una precisa tecnolog\u00eda de blindaje, que en caso de obstrucci\u00f3n las puertas se detienen autom\u00e1ticamente.[\/vc_column_text][vc_column_text el_class=\u00bbicones-text-2l\u00bb]<\/p>\n<ul>\n<li><img decoding=\"async\" class=\"icona icona-m cercle blindatge\" src=\"https:\/\/grabalosa.com\/portes\/wp-content\/uploads\/sites\/2\/2018\/11\/blindatge-blanc.svg\" alt=\"Blindaje\" \/><span class=\"white-t\">Blindaje<\/span><\/li>\n<\/ul>\n<p>[\/vc_column_text][\/vc_column][vc_column width=\u00bb1\/2&#8243; el_class=\u00bbwhite-t imatge-m5&#8243; css=\u00bb.vc_custom_1531996547134{padding-right: 0px !important;padding-left: 0px !important;}\u00bb offset=\u00bbvc_col-lg-6 vc_col-md-6 vc_hidden-md vc_hidden-sm vc_col-xs-12 vc_hidden-xs\u00bb][vc_gallery interval=\u00bb3&#8243; images=\u00bb4292,4295,4271&#8243; img_size=\u00bbfull\u00bb onclick=\u00bb\u00bb enable_drag=\u00bbno\u00bb direction_nav=\u00bbno\u00bb control_nav=\u00bbno\u00bb pause_on_hover=\u00bbno\u00bb][\/vc_column][\/vc_row][vc_row css_animation=\u00bb\u00bb row_type=\u00bbrow\u00bb use_row_as_full_screen_section=\u00bbno\u00bb type=\u00bbfull_width\u00bb angled_section=\u00bbno\u00bb text_align=\u00bbleft\u00bb background_image_as_pattern=\u00bbwithout_pattern\u00bb css=\u00bb.vc_custom_1544019702681{background-color: #575757 !important;}\u00bb z_index=\u00bb\u00bb el_class=\u00bbmodul-5&#8243;][vc_column width=\u00bb1\/2&#8243; el_class=\u00bbwhite-t text-m5&#8243; css=\u00bb.vc_custom_1542040549095{padding-top: 55px !important;padding-right: 20px !important;padding-bottom: 50px !important;padding-left: 20px !important;}\u00bb offset=\u00bbvc_col-lg-6 vc_hidden-lg vc_col-md-6 vc_col-xs-12&#8243;][vc_column_text]<\/p>\n<h1>OPTIMIZACI\u00d3N DEL ESPACIO<\/h1>\n<h1>Y DETECCI\u00d3N DE OBST\u00c1CULOS<\/h1>\n<h6><\/h6>\n<p>Lamas sin vibraciones, que permiten la optimizaci\u00f3n al m\u00e1ximo del espacio \u00fatil de su garaje. Esta tipolog\u00eda de puerta, viene equipada con una precisa tecnolog\u00eda de blindaje, que en caso de obstrucci\u00f3n las puertas se detienen autom\u00e1ticamente.[\/vc_column_text][vc_column_text el_class=\u00bbicones-text-2l\u00bb]<\/p>\n<ul>\n<li><img decoding=\"async\" class=\"icona icona-m cercle blindatge\" src=\"https:\/\/grabalosa.com\/portes\/wp-content\/uploads\/sites\/2\/2018\/11\/blindatge-blanc.svg\" alt=\"Blindaje\" \/><span class=\"white-t\">Blindaje<\/span><\/li>\n<\/ul>\n<p>[\/vc_column_text][\/vc_column][vc_column width=\u00bb1\/2&#8243; el_class=\u00bbwhite-t imatge-m5&#8243; css=\u00bb.vc_custom_1531996571629{padding-right: 0px !important;padding-left: 0px !important;}\u00bb offset=\u00bbvc_col-lg-6 vc_hidden-lg vc_col-md-6 vc_col-xs-12&#8243;][vc_gallery interval=\u00bb3&#8243; images=\u00bb4292,4295,4271&#8243; img_size=\u00bbfull\u00bb onclick=\u00bb\u00bb enable_drag=\u00bbno\u00bb direction_nav=\u00bbno\u00bb control_nav=\u00bbno\u00bb pause_on_hover=\u00bbno\u00bb][\/vc_column][\/vc_row][vc_row css_animation=\u00bb\u00bb row_type=\u00bbrow\u00bb use_row_as_full_screen_section=\u00bbno\u00bb type=\u00bbgrid\u00bb angled_section=\u00bbno\u00bb text_align=\u00bbleft\u00bb background_image_as_pattern=\u00bbwithout_pattern\u00bb css=\u00bb.vc_custom_1544024050778{margin-top: 80px !important;margin-bottom: 80px !important;}\u00bb z_index=\u00bb\u00bb el_class=\u00bbmodul-3&#8243;][vc_column width=\u00bb2\/3&#8243; el_class=\u00bbtext-descriptiu-3 text-left\u00bb offset=\u00bbvc_col-lg-offset-2 vc_col-md-offset-2 vc_col-sm-offset-2&#8243;][vc_column_text]<\/p>\n<h5>SOLICITE PRESUPUESTO<\/h5>\n<p>[\/vc_column_text][vc_column_text]<\/p>\n<h1>\u00bfQuiere saber el precio orientativo de su proyecto?<\/h1>\n<p>Rellenando un sencillo formulario recibir\u00e1 el precio estimado por su puerta o portal de garaje.[\/vc_column_text]<a  itemprop=\"url\" href=\"https:\/\/grabalosa.com\/portes\/es\/presupuesto\/\" target=\"_self\" data-hover-background-color=\"rgba(0,0,0,0.6)\" data-hover-border-color=\"transparent\" data-hover-color=\"#fefefe\" class=\"qbutton  large left white default btn-pressupost boto-pressu-garatge boto-pressu\" style=\"color: #ffffff; border-color: transparent; border-radius: 3px;-moz-border-radius: 3px;-webkit-border-radius: 3px; background-color:#1d1d1b;\">SOLICITUD<\/a>[\/vc_column][\/vc_row][vc_row css_animation=\u00bb\u00bb row_type=\u00bbrow\u00bb use_row_as_full_screen_section=\u00bbno\u00bb type=\u00bbgrid\u00bb angled_section=\u00bbno\u00bb text_align=\u00bbleft\u00bb background_image_as_pattern=\u00bbwithout_pattern\u00bb z_index=\u00bb\u00bb css=\u00bb.vc_custom_1545132089421{background-color: #f6f6f6 !important;}\u00bb el_class=\u00bbaltres-models modul-porta modul-faqs modul-accord-portes\u00bb][vc_column css=\u00bb.vc_custom_1544029349173{padding-top: 80px !important;padding-bottom: 80px !important;}\u00bb][vc_row_inner row_type=\u00bbrow\u00bb type=\u00bbgrid\u00bb text_align=\u00bbleft\u00bb css_animation=\u00bb\u00bb][vc_column_inner offset=\u00bbvc_col-lg-offset-1 vc_col-lg-10 vc_col-md-offset-0 vc_col-md-12 vc_col-sm-offset-0&#8243;][vc_column_text el_class=\u00bbtext-left altres-text\u00bb css=\u00bb.vc_custom_1545157876875{margin-bottom: 30px !important;}\u00bb]<\/p>\n<h2 class=\"w-300\">OTROS MODELOS DE<\/h2>\n<h2>PORTALES DE GARAJE<\/h2>\n<p>[\/vc_column_text][vc_column_text el_class=\u00bbaltres-models-portes-wrap\u00bb]<\/p>\n<div class=\"tipo-gratge-content\"><a href=\"https:\/\/grabalosa.com\/portes\/es\/puertas\/puertas-de-garaje\/puertas-de-garaje-seccionales\/\"><img decoding=\"async\" class=\"portes-garatge-img\" role=\"img\" src=\"https:\/\/grabalosa.com\/portes\/wp-content\/uploads\/sites\/2\/\/2020\/03\/seccional.svg\" alt=\"Portales de Garaje Seccionales - Puertas Grabalosa\" width=\"300\" \/><span class=\"tipo-garatge-text\">SECCIONALES<\/span><\/a><\/div>\n<div class=\"tipo-gratge-content\"><a href=\"https:\/\/grabalosa.com\/portes\/es\/puertas\/puertas-de-garaje\/puertas-de-garaje-enrollables\/\"><img decoding=\"async\" class=\"portes-garatge-img\" role=\"img\" src=\"https:\/\/grabalosa.com\/portes\/wp-content\/uploads\/sites\/2\/\/2020\/03\/enrotllable.svg\" alt=\"Portales de Garaje enrollables - Puertas Grabalosa\" width=\"300\" \/><span class=\"tipo-garatge-text\">ENROLLABLES<\/span><\/a><\/div>\n<div class=\"tipo-gratge-content\"><a href=\"https:\/\/grabalosa.com\/portes\/es\/puertas\/puertas-de-garaje\/puertas-de-garaje-basculantes\/\"><img decoding=\"async\" class=\"portes-garatge-img\" role=\"img\" src=\"https:\/\/grabalosa.com\/portes\/wp-content\/uploads\/sites\/2\/\/2020\/03\/basculant.svg\" alt=\"Puertas de Garaje Basculantes - Puertas Grabalosa\" width=\"300\" \/><span class=\"tipo-garatge-text\">BASCULANTES<\/span><\/a><\/div>\n<p>[\/vc_column_text][\/vc_column_inner][\/vc_row_inner][\/vc_column][\/vc_row]<\/p>\n<\/div>","protected":false},"excerpt":{"rendered":"<p>[vc_row css_animation=\u00bb\u00bb row_type=\u00bbrow\u00bb use_row_as_full_screen_section=\u00bbno\u00bb type=\u00bbgrid\u00bb angled_section=\u00bbno\u00bb text_align=\u00bbleft\u00bb background_image_as_pattern=\u00bbwithout_pattern\u00bb css=\u00bb.vc_custom_1550493249727{padding-bottom: 0px !important;background-color: #dadada !important;}\u00bb z_index=\u00bb\u00bb el_class=\u00bbflex-section flex-section-600 titol-producte modul-6-titol m6-400&#8243;][vc_column css_animation=\u00bbleft-to-right\u00bb width=\u00bb1\/2&#8243; el_class=\u00bbtext-producte-6&#8243; offset=\u00bbvc_col-lg-6 vc_col-md-6 vc_col-xs-12 vc_hidden-xs\u00bb][vc_column_text] Puertas de garaje enrollables [\/vc_column_text][vc_column_text el_class=\u00bbicones-text-titol\u00bb] Resistente al clima Optimizaci\u00f3n del espacio [\/vc_column_text][\/vc_column][vc_column width=\u00bb1\/2&#8243; el_class=\u00bbimatge-fullw-titol\u00bb offset=\u00bbvc_col-lg-6 vc_col-md-6 vc_col-xs-12 vc_hidden-xs\u00bb&#8230;<\/p>\n","protected":false},"author":1,"featured_media":0,"parent":4208,"menu_order":2,"comment_status":"closed","ping_status":"closed","template":"full_width.php","meta":{"footnotes":""},"class_list":["post-4260","page","type-page","status-publish","hentry"],"aioseo_notices":[],"_links":{"self":[{"href":"https:\/\/grabalosa.com\/portes\/es\/wp-json\/wp\/v2\/pages\/4260","targetHints":{"allow":["GET"]}}],"collection":[{"href":"https:\/\/grabalosa.com\/portes\/es\/wp-json\/wp\/v2\/pages"}],"about":[{"href":"https:\/\/grabalosa.com\/portes\/es\/wp-json\/wp\/v2\/types\/page"}],"author":[{"embeddable":true,"href":"https:\/\/grabalosa.com\/portes\/es\/wp-json\/wp\/v2\/users\/1"}],"replies":[{"embeddable":true,"href":"https:\/\/grabalosa.com\/portes\/es\/wp-json\/wp\/v2\/comments?post=4260"}],"version-history":[{"count":0,"href":"https:\/\/grabalosa.com\/portes\/es\/wp-json\/wp\/v2\/pages\/4260\/revisions"}],"up":[{"embeddable":true,"href":"https:\/\/grabalosa.com\/portes\/es\/wp-json\/wp\/v2\/pages\/4208"}],"wp:attachment":[{"href":"https:\/\/grabalosa.com\/portes\/es\/wp-json\/wp\/v2\/media?parent=4260"}],"curies":[{"name":"wp","href":"https:\/\/api.w.org\/{rel}","templated":true}]}}