{"id":4225,"date":"2020-05-28T20:01:06","date_gmt":"2020-05-28T18:01:06","guid":{"rendered":"http:\/\/ambdues.cat\/portes\/puertas\/puertas-de-garaje\/puertas-de-garaje-seccionales\/"},"modified":"2021-02-15T12:01:41","modified_gmt":"2021-02-15T11:01:41","slug":"puertas-de-garaje-seccionales","status":"publish","type":"page","link":"https:\/\/grabalosa.com\/portes\/es\/puertas\/puertas-de-garaje\/puertas-de-garaje-seccionales\/","title":{"rendered":"Puertas de garaje seccionales"},"content":{"rendered":"<div class=\"wpb-content-wrapper\"><p>[vc_row css_animation=\u00bb\u00bb row_type=\u00bbrow\u00bb use_row_as_full_screen_section=\u00bbno\u00bb type=\u00bbgrid\u00bb angled_section=\u00bbno\u00bb text_align=\u00bbleft\u00bb background_image_as_pattern=\u00bbwithout_pattern\u00bb css=\u00bb.vc_custom_1550493208159{padding-bottom: 0px !important;background-color: #dadada !important;}\u00bb z_index=\u00bb\u00bb el_class=\u00bbflex-section flex-section-600 titol-producte modul-6-titol m6-400&#8243;][vc_column css_animation=\u00bbleft-to-right\u00bb width=\u00bb1\/2&#8243; el_class=\u00bbtext-producte-6&#8243; offset=\u00bbvc_col-lg-6 vc_col-md-6 vc_col-xs-12 vc_hidden-xs\u00bb][vc_column_text]<\/p>\n<h2 class=\"h1\">Puertas de garaje<br \/>\n<span class=\"w-400\">Seccionales<\/span><\/h2>\n<p>[\/vc_column_text][vc_column_text el_class=\u00bbicones-text-titol\u00bb]<\/p>\n<ul>\n<li><img decoding=\"async\" class=\"icona icona-s cercle optimitzacio\" src=\"https:\/\/grabalosa.com\/portes\/wp-content\/uploads\/sites\/2\/2018\/11\/optimitzacio-espai.svg\" alt=\"Optimizaci\u00f3n del espacio\" \/><span class=\"no-marxis\">Optimizaci\u00f3n del espacio<\/span><\/li>\n<li><img decoding=\"async\" class=\"icona icona-s cercle silencios\" src=\"https:\/\/grabalosa.com\/portes\/wp-content\/uploads\/sites\/2\/2018\/11\/funcionament-solencios.svg\" alt=\"Funcionamiento silencioso\" \/><span class=\"no-marxis\">Funcionamiento silencioso<\/span><\/li>\n<\/ul>\n<p>[\/vc_column_text][\/vc_column][vc_column width=\u00bb1\/2&#8243; el_class=\u00bbimatge-fullw-titol\u00bb offset=\u00bbvc_col-lg-6 vc_col-md-6 vc_col-xs-12 vc_hidden-xs\u00bb css=\u00bb.vc_custom_1550486335235{background-image: url(https:\/\/grabalosa.com\/portes\/wp-content\/uploads\/sites\/2\/2018\/11\/01b-portes-garatge-seccionals-grabalosa-portes.jpg?id=2761) !important;background-position: center !important;background-repeat: no-repeat !important;background-size: cover !important;}\u00bb][\/vc_column][\/vc_row][vc_row css_animation=\u00bb\u00bb row_type=\u00bbrow\u00bb use_row_as_full_screen_section=\u00bbno\u00bb type=\u00bbfull_width\u00bb angled_section=\u00bbno\u00bb text_align=\u00bbleft\u00bb background_image_as_pattern=\u00bbwithout_pattern\u00bb css=\u00bb.vc_custom_1550486451517{padding-top: 0px !important;padding-bottom: 0px !important;background-color: #dadada !important;}\u00bb z_index=\u00bb\u00bb el_class=\u00bbflex-section flex-section-600 titol-producte modul-6-titolm\u00bb][vc_column width=\u00bb1\/2&#8243; el_class=\u00bbimatge-fullw-titol\u00bb offset=\u00bbvc_col-lg-6 vc_hidden-lg vc_col-md-6 vc_hidden-md vc_hidden-sm vc_col-xs-12&#8243; css=\u00bb.vc_custom_1542043177095{background-image: url(https:\/\/grabalosa.com\/portes\/wp-content\/uploads\/sites\/2\/2018\/11\/01b-portes-garatge-seccionals-grabalosa-portes.jpg?id=2761) !important;background-position: center !important;background-repeat: no-repeat !important;background-size: cover !important;}\u00bb][\/vc_column][vc_column css_animation=\u00bbleft-to-right\u00bb width=\u00bb1\/2&#8243; el_class=\u00bbtext-producte-6&#8243; offset=\u00bbvc_col-lg-6 vc_hidden-lg vc_col-md-6 vc_hidden-md vc_hidden-sm vc_col-xs-12&#8243; css=\u00bb.vc_custom_1550486626256{padding-top: 45px !important;padding-bottom: 40px !important;}\u00bb][vc_column_text]<\/p>\n<h2 class=\"h1\">Puertas de garaje<br \/>\n<span class=\"w-400\">Seccionales<\/span><\/h2>\n<p>[\/vc_column_text][vc_column_text el_class=\u00bbicones-text-titol\u00bb]<\/p>\n<ul>\n<li><img decoding=\"async\" class=\"icona icona-s cercle optimitzacio\" src=\"https:\/\/grabalosa.com\/portes\/wp-content\/uploads\/sites\/2\/2018\/11\/optimitzacio-espai.svg\" alt=\"Optimizaci\u00f3n del espacio\" \/><span class=\"no-marxis\">Optimizaci\u00f3n del espacio<\/span><\/li>\n<li><img decoding=\"async\" class=\"icona icona-s cercle silencios\" src=\"https:\/\/grabalosa.com\/portes\/wp-content\/uploads\/sites\/2\/2018\/11\/funcionament-solencios.svg\" alt=\"Funcionamiento silencioso\" \/><span class=\"no-marxis\">Funcionamiento silencioso<\/span><\/li>\n<\/ul>\n<p>[\/vc_column_text][\/vc_column][\/vc_row][vc_row css_animation=\u00bb\u00bb row_type=\u00bbrow\u00bb use_row_as_full_screen_section=\u00bbno\u00bb type=\u00bbgrid\u00bb angled_section=\u00bbno\u00bb text_align=\u00bbleft\u00bb background_image_as_pattern=\u00bbwithout_pattern\u00bb css=\u00bb.vc_custom_1544012127530{padding-top: 100px !important;padding-bottom: 100px !important;}\u00bb z_index=\u00bb\u00bb el_class=\u00bbmodul-1&#8243;][vc_column width=\u00bb1\/2&#8243; offset=\u00bbvc_col-lg-6 vc_col-md-6 vc_col-xs-12&#8243;][vc_gallery type=\u00bbflexslider_slide\u00bb interval=\u00bb3&#8243; images=\u00bb4245,4236,4248,4242,4239,4233&#8243; img_size=\u00bbfull\u00bb direction_nav=\u00bbyes\u00bb control_nav=\u00bbno\u00bb show_image_description=\u00bbyes\u00bb pause_on_hover=\u00bbno\u00bb frame=\u00bbno\u00bb el_class=\u00bbgaleria-s-m1&#8243;][\/vc_column][vc_column css_animation=\u00bbright-to-left\u00bb width=\u00bb1\/2&#8243; offset=\u00bbvc_col-lg-6 vc_col-md-6 vc_col-xs-12&#8243;][vc_column_text el_class=\u00bbtext-descriptiu-1 text-left\u00bb]<\/p>\n<h1>Silencio y confort<\/h1>\n<p>Las puertas de garaje seccionales de Met\u00e0l\u00b7liques Grabalosa est\u00e1n fabricadas con paneles de doble chapa lacada (estilo s\u00e1ndwich), con el interior de poliuretano expandido, actualmente hace que sean las de mayor calidad, disponibles en el mercado.[\/vc_column_text]<div class=\"qode-accordion-holder clearfix qode-toggle qode-initial \">\n\t<h6 class=\"clearfix qode-title-holder\">\n<span class=\"qode-tab-title\">\n\t    <span class=\"qode-tab-title-inner\">\n        Lee m\u00e1s    <\/span>\n<\/span>\n<span class=\"qode-accordion-mark\">\n    <span class=\"qode-accordion-mark-icon\">\n        <span class=\"icon_plus\"><\/span>\n        <span class=\"icon_minus-06\"><\/span>\n    <\/span>\n<\/span>\n<\/h6>\n<div  class=\"qode-accordion-content \" style=\"padding: 0 0 0 0\">\n    <div class=\"qode-accordion-content-inner\">\n        [vc_column_text el_class=\u00bbtext-descriptiu-1 text-left\u00bb]Las juntas perimetrales de las puertas seccionales aseguran un buen aislamiento, ya que evitan las entradas de agua y polvo as\u00ed como las corrientes de aire y las p\u00e9rdidas t\u00e9rmicas.<\/p>\n<p>Producto con una larga vida \u00fatil, de construcci\u00f3n muy simple, pero muy robusta, con una garant\u00eda m\u00ednima de 250.000 ciclos. Pr\u00e1cticamente no requiere mantenimiento y es ideal para comunidades de vecinos o lugares de intensa actividad.<\/p>\n<p>Son puertas muy silenciosas ya que el funcionamiento de apertura y cierre es muy suave gracias al patentado sistema de aislamiento ac\u00fastico.[\/vc_column_text]    <\/div>\n<\/div><\/div>[vc_column_text el_class=\u00bbicones-text-sota modul1-icon-ts\u00bb css=\u00bb.vc_custom_1597056193859{padding-left: 20px !important;}\u00bb]<\/p>\n<ul>\n<li><img decoding=\"async\" class=\"icona icona-lv secure\" src=\"https:\/\/grabalosa.com\/portes\/wp-content\/uploads\/sites\/2\/2018\/11\/secure-system-gris.svg\" alt=\"Producto de alta seguridad\" \/><span class=\"no-marxis\">Producto de alta seguridad<\/span><\/li>\n<\/ul>\n<p>[\/vc_column_text][\/vc_column][\/vc_row][vc_row css_animation=\u00bb\u00bb row_type=\u00bbrow\u00bb use_row_as_full_screen_section=\u00bbno\u00bb type=\u00bbgrid\u00bb angled_section=\u00bbno\u00bb text_align=\u00bbleft\u00bb background_image_as_pattern=\u00bbwithout_pattern\u00bb z_index=\u00bb\u00bb css=\u00bb.vc_custom_1545132089421{background-color: #f6f6f6 !important;}\u00bb el_class=\u00bbaltres-models modul-porta modul-faqs modul-accord-portes\u00bb][vc_column css=\u00bb.vc_custom_1544029349173{padding-top: 80px !important;padding-bottom: 80px !important;}\u00bb]<div class=\"qode-accordion-holder clearfix qode-toggle qode-initial \">\n\t<h5 class=\"clearfix qode-title-holder\">\n<span class=\"qode-tab-title\">\n\t    <span class=\"qode-tab-title-inner\">\n        Sistemas de apertura     <\/span>\n<\/span>\n<span class=\"qode-accordion-mark\">\n    <span class=\"qode-accordion-mark-icon\">\n        <span class=\"icon_plus\"><\/span>\n        <span class=\"icon_minus-06\"><\/span>\n    <\/span>\n<\/span>\n<\/h5>\n<div  class=\"qode-accordion-content \" style=\"padding: 4px 0 70px 0\">\n    <div class=\"qode-accordion-content-inner\">\n        [vc_column_text el_class=\u00bbac-portes-sist-obertura text-left img-3icons\u00bb]<\/p>\n<h3>SISTEMAS DE APERTURA<\/h3>\n<h3 class=\"w-300\">DE LOS PORTALES DE GARAJE SECCIONALES<\/h3>\n<p><img decoding=\"async\" role=\"img\" src=\"https:\/\/grabalosa.com\/portes\/wp-content\/uploads\/sites\/2\/2018\/11\/sistemes-obertura-portes-garatge-seccionals.svg\" alt=\"Sistemas de apertura de puertas seccionales - Puertas Grabalosa\" width=\"700\" \/>[\/vc_column_text]    <\/div>\n<\/div><h5 class=\"clearfix qode-title-holder\">\n<span class=\"qode-tab-title\">\n\t    <span class=\"qode-tab-title-inner\">\n        Garant\u00eda de calidad    <\/span>\n<\/span>\n<span class=\"qode-accordion-mark\">\n    <span class=\"qode-accordion-mark-icon\">\n        <span class=\"icon_plus\"><\/span>\n        <span class=\"icon_minus-06\"><\/span>\n    <\/span>\n<\/span>\n<\/h5>\n<div  class=\"qode-accordion-content \" style=\"padding: 4px 0 70px 0\">\n    <div class=\"qode-accordion-content-inner\">\n        [vc_column_text el_class=\u00bbac-portes-garantia-qualitat text-left\u00bb]<\/p>\n<h3>GARANT\u00cdA DE CALIDAD<\/h3>\n<p>Las puertas de garaje seccionales disponen del marcado CE en el proceso de fabricaci\u00f3n. Tambi\u00e9n ha sido sometido a pruebas y ensayos para garantizar la resistencia seg\u00fan las normativas europeas.<\/p>\n<h4 class=\"h4-little\">HOMOLOGACI\u00d3N<\/h4>\n<ul>\n<li><img decoding=\"async\" src=\"https:\/\/grabalosa.com\/wp-content\/uploads\/sites\/2\/2018\/11\/mercat-europeu.svg\" alt=\"Siglas Homologaci\u00f3n Mercado Europeo\" width=\"100\" \/><\/li>\n<li><img decoding=\"async\" src=\"https:\/\/grabalosa.com\/wp-content\/uploads\/sites\/2\/2018\/11\/mercat-europeu.svg\" alt=\"Siglas del C\u00f3digo T\u00e9cnico de la Construcci\u00f3n\" width=\"100\" \/><\/li>\n<\/ul>\n<p>[\/vc_column_text]    <\/div>\n<\/div><\/div>[\/vc_column][\/vc_row][vc_row css_animation=\u00bb\u00bb row_type=\u00bbrow\u00bb use_row_as_full_screen_section=\u00bbno\u00bb type=\u00bbgrid\u00bb angled_section=\u00bbno\u00bb text_align=\u00bbleft\u00bb background_image_as_pattern=\u00bbwithout_pattern\u00bb css=\u00bb.vc_custom_1544012145308{background-color: #575757 !important;}\u00bb z_index=\u00bb\u00bb el_class=\u00bbmodul-5 p-row\u00bb][vc_column width=\u00bb1\/2&#8243; el_class=\u00bbwhite-t text-m5&#8243; css=\u00bb.vc_custom_1542040539451{padding-top: 55px !important;padding-right: 20px !important;padding-bottom: 55px !important;padding-left: 20px !important;}\u00bb offset=\u00bbvc_col-lg-6 vc_col-md-6 vc_hidden-md vc_hidden-sm vc_col-xs-12 vc_hidden-xs\u00bb][vc_column_text]<\/p>\n<h1>COMODIDAD<\/h1>\n<h1>Y FACILIDAD DE USO<\/h1>\n<h6><\/h6>\n<p>Las puertas y portales est\u00e1n equipadas con control remoto por radio, para una mejor comodidad, sobre todo en d\u00edas de mal tiempo. Opcionalmente tambi\u00e9n se pueden equipar con un cuadro de c\u00f3digo para abrirlas.[\/vc_column_text][vc_column_text el_class=\u00bbicones-text-2l\u00bb]<\/p>\n<ul>\n<li><img decoding=\"async\" class=\"icona icona-m cercle automatitzacio\" src=\"https:\/\/grabalosa.com\/portes\/wp-content\/uploads\/sites\/2\/2018\/11\/sistemes-automatitzacio-blanc.svg\" alt=\"Sistemas de automatizaci\u00f3n\" \/><span class=\"white-t\">Sistemas de automatizaci\u00f3n<\/span><\/li>\n<\/ul>\n<p>[\/vc_column_text][\/vc_column][vc_column width=\u00bb1\/2&#8243; el_class=\u00bbwhite-t imatge-m5&#8243; css=\u00bb.vc_custom_1531996547134{padding-right: 0px !important;padding-left: 0px !important;}\u00bb offset=\u00bbvc_col-lg-6 vc_col-md-6 vc_hidden-md vc_hidden-sm vc_col-xs-12 vc_hidden-xs\u00bb][vc_gallery interval=\u00bb3&#8243; images=\u00bb4257,4230&#8243; img_size=\u00bbfull\u00bb onclick=\u00bb\u00bb enable_drag=\u00bbno\u00bb direction_nav=\u00bbno\u00bb control_nav=\u00bbno\u00bb pause_on_hover=\u00bbno\u00bb][\/vc_column][\/vc_row][vc_row css_animation=\u00bb\u00bb row_type=\u00bbrow\u00bb use_row_as_full_screen_section=\u00bbno\u00bb type=\u00bbfull_width\u00bb angled_section=\u00bbno\u00bb text_align=\u00bbleft\u00bb background_image_as_pattern=\u00bbwithout_pattern\u00bb css=\u00bb.vc_custom_1544012153443{background-color: #575757 !important;}\u00bb z_index=\u00bb\u00bb el_class=\u00bbmodul-5&#8243;][vc_column width=\u00bb1\/2&#8243; el_class=\u00bbwhite-t text-m5&#8243; css=\u00bb.vc_custom_1542040549095{padding-top: 55px !important;padding-right: 20px !important;padding-bottom: 50px !important;padding-left: 20px !important;}\u00bb offset=\u00bbvc_col-lg-6 vc_hidden-lg vc_col-md-6 vc_col-xs-12&#8243;][vc_column_text]<\/p>\n<h1>COMODIDAD<\/h1>\n<h1>Y FACILIDAD DE USO<\/h1>\n<h6><\/h6>\n<p>Las puertas y portales est\u00e1n equipadas con control remoto por radio, para una mejor comodidad, sobre todo en d\u00edas de mal tiempo. Opcionalmente tambi\u00e9n se pueden equipar con un cuadro de c\u00f3digo para abrirlas.[\/vc_column_text][vc_column_text el_class=\u00bbicones-text-2l\u00bb]<\/p>\n<ul>\n<li><img decoding=\"async\" class=\"icona icona-m cercle automatitzacio\" src=\"https:\/\/grabalosa.com\/portes\/wp-content\/uploads\/sites\/2\/2018\/11\/sistemes-automatitzacio-blanc.svg\" alt=\"Sistemas de automatizaci\u00f3n\" \/><span class=\"white-t\">Sistemas de automatizaci\u00f3n<\/span><\/li>\n<\/ul>\n<p>[\/vc_column_text][\/vc_column][vc_column width=\u00bb1\/2&#8243; el_class=\u00bbwhite-t imatge-m5&#8243; css=\u00bb.vc_custom_1531996571629{padding-right: 0px !important;padding-left: 0px !important;}\u00bb offset=\u00bbvc_col-lg-6 vc_hidden-lg vc_col-md-6 vc_col-xs-12&#8243;][vc_gallery interval=\u00bb3&#8243; images=\u00bb4257,4230&#8243; img_size=\u00bbfull\u00bb onclick=\u00bb\u00bb enable_drag=\u00bbno\u00bb direction_nav=\u00bbno\u00bb control_nav=\u00bbno\u00bb pause_on_hover=\u00bbno\u00bb][\/vc_column][\/vc_row][vc_row css_animation=\u00bb\u00bb row_type=\u00bbrow\u00bb use_row_as_full_screen_section=\u00bbno\u00bb type=\u00bbgrid\u00bb angled_section=\u00bbno\u00bb text_align=\u00bbleft\u00bb background_image_as_pattern=\u00bbwithout_pattern\u00bb css=\u00bb.vc_custom_1544024050778{margin-top: 80px !important;margin-bottom: 80px !important;}\u00bb z_index=\u00bb\u00bb el_class=\u00bbmodul-3&#8243;][vc_column width=\u00bb2\/3&#8243; el_class=\u00bbtext-descriptiu-3 text-left\u00bb offset=\u00bbvc_col-lg-offset-2 vc_col-md-offset-2 vc_col-sm-offset-2&#8243;][vc_column_text]<\/p>\n<h5>SOLICITE PRESUPUESTO<\/h5>\n<p>[\/vc_column_text][vc_column_text]<\/p>\n<h1>\u00bfQuiere saber el precio orientativo de su proyecto?<\/h1>\n<p>Rellenando un sencillo formulario recibir\u00e1 el precio estimado por su puerta o portal de garaje.[\/vc_column_text]<a  itemprop=\"url\" href=\"https:\/\/grabalosa.com\/portes\/es\/presupuesto\/\" target=\"_self\" data-hover-background-color=\"rgba(0,0,0,0.6)\" data-hover-border-color=\"transparent\" data-hover-color=\"#fefefe\" class=\"qbutton  large left white default btn-pressupost boto-pressu-garatge boto-pressu\" style=\"color: #ffffff; border-color: transparent; border-radius: 3px;-moz-border-radius: 3px;-webkit-border-radius: 3px; background-color:#1d1d1b;\">SOLICITUD<\/a>[\/vc_column][\/vc_row][vc_row css_animation=\u00bb\u00bb row_type=\u00bbrow\u00bb use_row_as_full_screen_section=\u00bbno\u00bb type=\u00bbgrid\u00bb angled_section=\u00bbno\u00bb text_align=\u00bbleft\u00bb background_image_as_pattern=\u00bbwithout_pattern\u00bb z_index=\u00bb\u00bb css=\u00bb.vc_custom_1545132089421{background-color: #f6f6f6 !important;}\u00bb el_class=\u00bbaltres-models modul-porta modul-faqs modul-accord-portes\u00bb][vc_column css=\u00bb.vc_custom_1544029349173{padding-top: 80px !important;padding-bottom: 80px !important;}\u00bb][vc_row_inner row_type=\u00bbrow\u00bb type=\u00bbgrid\u00bb text_align=\u00bbleft\u00bb css_animation=\u00bb\u00bb][vc_column_inner offset=\u00bbvc_col-lg-offset-1 vc_col-lg-10 vc_col-md-offset-0 vc_col-md-12 vc_col-sm-offset-0&#8243;][vc_column_text el_class=\u00bbtext-left altres-text\u00bb css=\u00bb.vc_custom_1545157876875{margin-bottom: 30px !important;}\u00bb]<\/p>\n<h2 class=\"w-300\">OTROS MODELOS DE<\/h2>\n<h2>PORTALES DE GARAJE<\/h2>\n<p>[\/vc_column_text][vc_column_text el_class=\u00bbaltres-models-portes-wrap\u00bb]<\/p>\n<div class=\"tipo-gratge-content\"><a href=\"https:\/\/grabalosa.com\/portes\/es\/puertas\/puertas-de-garaje\/puertas-de-garaje-seccionales\/\"><img decoding=\"async\" class=\"portes-garatge-img\" role=\"img\" src=\"https:\/\/grabalosa.com\/portes\/wp-content\/uploads\/sites\/2\/\/2020\/03\/seccional.svg\" alt=\"Portales de Garaje Seccionales - Puertas Grabalosa\" width=\"300\" \/><span class=\"tipo-garatge-text\">SECCIONALES<\/span><\/a><\/div>\n<div class=\"tipo-gratge-content\"><a href=\"https:\/\/grabalosa.com\/portes\/es\/puertas\/puertas-de-garaje\/puertas-de-garaje-enrollables\/\"><img decoding=\"async\" class=\"portes-garatge-img\" role=\"img\" src=\"https:\/\/grabalosa.com\/portes\/wp-content\/uploads\/sites\/2\/\/2020\/03\/enrotllable.svg\" alt=\"Portales de Garaje enrollables - Puertas Grabalosa\" width=\"300\" \/><span class=\"tipo-garatge-text\">ENROLLABLES<\/span><\/a><\/div>\n<div class=\"tipo-gratge-content\"><a href=\"https:\/\/grabalosa.com\/portes\/es\/puertas\/puertas-de-garaje\/puertas-de-garaje-basculantes\/\"><img decoding=\"async\" class=\"portes-garatge-img\" role=\"img\" src=\"https:\/\/grabalosa.com\/portes\/wp-content\/uploads\/sites\/2\/\/2020\/03\/basculant.svg\" alt=\"Puertas de Garaje Basculantes - Puertas Grabalosa\" width=\"300\" \/><span class=\"tipo-garatge-text\">BASCULANTES<\/span><\/a><\/div>\n<p>[\/vc_column_text][\/vc_column_inner][\/vc_row_inner][\/vc_column][\/vc_row]<\/p>\n<\/div>","protected":false},"excerpt":{"rendered":"<p>[vc_row css_animation=\u00bb\u00bb row_type=\u00bbrow\u00bb use_row_as_full_screen_section=\u00bbno\u00bb type=\u00bbgrid\u00bb angled_section=\u00bbno\u00bb text_align=\u00bbleft\u00bb background_image_as_pattern=\u00bbwithout_pattern\u00bb css=\u00bb.vc_custom_1550493208159{padding-bottom: 0px !important;background-color: #dadada !important;}\u00bb z_index=\u00bb\u00bb el_class=\u00bbflex-section flex-section-600 titol-producte modul-6-titol m6-400&#8243;][vc_column css_animation=\u00bbleft-to-right\u00bb width=\u00bb1\/2&#8243; el_class=\u00bbtext-producte-6&#8243; offset=\u00bbvc_col-lg-6 vc_col-md-6 vc_col-xs-12 vc_hidden-xs\u00bb][vc_column_text] Puertas de garaje Seccionales [\/vc_column_text][vc_column_text el_class=\u00bbicones-text-titol\u00bb] Optimizaci\u00f3n del espacio Funcionamiento silencioso [\/vc_column_text][\/vc_column][vc_column width=\u00bb1\/2&#8243; el_class=\u00bbimatge-fullw-titol\u00bb offset=\u00bbvc_col-lg-6 vc_col-md-6 vc_col-xs-12 vc_hidden-xs\u00bb css=\u00bb.vc_custom_1550486335235{background-image:&#8230;<\/p>\n","protected":false},"author":1,"featured_media":0,"parent":4208,"menu_order":1,"comment_status":"closed","ping_status":"closed","template":"full_width.php","meta":{"footnotes":""},"class_list":["post-4225","page","type-page","status-publish","hentry"],"aioseo_notices":[],"_links":{"self":[{"href":"https:\/\/grabalosa.com\/portes\/es\/wp-json\/wp\/v2\/pages\/4225","targetHints":{"allow":["GET"]}}],"collection":[{"href":"https:\/\/grabalosa.com\/portes\/es\/wp-json\/wp\/v2\/pages"}],"about":[{"href":"https:\/\/grabalosa.com\/portes\/es\/wp-json\/wp\/v2\/types\/page"}],"author":[{"embeddable":true,"href":"https:\/\/grabalosa.com\/portes\/es\/wp-json\/wp\/v2\/users\/1"}],"replies":[{"embeddable":true,"href":"https:\/\/grabalosa.com\/portes\/es\/wp-json\/wp\/v2\/comments?post=4225"}],"version-history":[{"count":0,"href":"https:\/\/grabalosa.com\/portes\/es\/wp-json\/wp\/v2\/pages\/4225\/revisions"}],"up":[{"embeddable":true,"href":"https:\/\/grabalosa.com\/portes\/es\/wp-json\/wp\/v2\/pages\/4208"}],"wp:attachment":[{"href":"https:\/\/grabalosa.com\/portes\/es\/wp-json\/wp\/v2\/media?parent=4225"}],"curies":[{"name":"wp","href":"https:\/\/api.w.org\/{rel}","templated":true}]}}