{"id":1795,"date":"2020-12-24T12:04:00","date_gmt":"2020-12-24T11:04:00","guid":{"rendered":"https:\/\/grabalosa.com\/politique-de-cookies\/"},"modified":"2022-06-27T10:05:39","modified_gmt":"2022-06-27T08:05:39","slug":"politique-de-cookies","status":"publish","type":"page","link":"https:\/\/grabalosa.com\/fr\/politique-de-cookies\/","title":{"rendered":"Politique de cookies"},"content":{"rendered":"<div class=\"wpb-content-wrapper\"><p>[vc_row css_animation=\u00a0\u00bb\u00a0\u00bb row_type=\u00a0\u00bbrow\u00a0\u00bb use_row_as_full_screen_section=\u00a0\u00bbno\u00a0\u00bb type=\u00a0\u00bbgrid\u00a0\u00bb angled_section=\u00a0\u00bbno\u00a0\u00bb text_align=\u00a0\u00bbleft\u00a0\u00bb background_image_as_pattern=\u00a0\u00bbwithout_pattern\u00a0\u00bb z_index=\u00a0\u00bb\u00a0\u00bb css=\u00a0\u00bb.vc_custom_1611224694695{padding-top: 60px !important;padding-bottom: 60px !important;}\u00a0\u00bb][vc_column offset=\u00a0\u00bbvc_col-lg-offset-2 vc_col-lg-8 vc_col-md-offset-1 vc_col-md-10&Prime; el_class=\u00a0\u00bblegal-text\u00a0\u00bb][vc_column_text]<\/p>\n<h2 class=\"h1\">Politique de cookies<\/h2>\n<p>Cette politique de cookies a par but rapporter de fa\u00e7on claire et il pr\u00e9cise sur les cookies qu\u2019on utilisent dans notre web.<\/p>\n<p>Utilisons cookies propres et de troisi\u00e8mes pour am\u00e9liorer nos services, personnaliser notre site Internet, faciliter la navigation de nos utilisateurs, lui fournir une meilleure exp\u00e9rience dans l\u2019emploi du site Internet, identifier des probl\u00e8mes pour am\u00e9liorer le m\u00eame, faire des mesurages et statistiques d\u2019emploi et lui montrer publicit\u00e9 li\u00e9e avec ses pr\u00e9f\u00e9rences moyennant l\u2019analyse de l\u2019emploi du site Internet.<\/p>\n<p>Nous le rapportons que nous pouvons utiliser cookies dans son \u00e9quipe \u00e0 condition que l\u2019utilisateur ait donn\u00e9 son consentement, sauf dans les hypoth\u00e8ses dans lesquels les cookies soient n\u00e9cessaires pour la navigation par notre site Internet. En cas qui pr\u00eate son consentement, pourrons utiliser cookies qui nous permettront avoir plus information sur ses pr\u00e9f\u00e9rences et personnaliser notre site Internet de conformit\u00e9 avec ses int\u00e9r\u00eats individuels. <\/p>\n<h3>Qu\u2019est-ce que sont les cookies?<\/h3>\n<p>Les <em>cookies<\/em> et autres technologies similaires comme, par exemple, locale shared objects, flash <em>cookies<\/em> ou pixels, ce sont outils employ\u00e9es par les serveurs Web pour stocker et regagner information sur ses visiteurs, ainsi que pour offrir un correct fonctionnement de l\u2019endroit.<\/p>\n<h3>Type de cookies<\/h3>\n<p>Type de cookies en fonction de l\u2019entit\u00e9 qui les g\u00e8re:<\/p>\n<ul>\n<li><strong>Cookies propres:<\/strong> ce sont celles que s\u2019envoient \u00e0 l\u2019\u00e9quipe terminale de l\u2019utilisateur depuis une \u00e9quipe ou domaine g\u00e9r\u00e9 par le titulaire de la page web et depuis laquelle se pr\u00eate le service sollicit\u00e9 par l\u2019utilisateur.<\/li>\n<li><strong>Cookies de troisi\u00e8mes:<\/strong> ce sont celles que s\u2019envoient \u00e0 l\u2019\u00e9quipe terminale de l\u2019utilisateur depuis une \u00e9quipe ou domaine qui n\u2019est pas g\u00e9r\u00e9 par le titulaire de la page web depuis laquelle se pr\u00eate le service sollicit\u00e9 par l\u2019utilisateur, mais par une autre entit\u00e9 qui traite les donn\u00e9es obtenues revers des cookies. De m\u00eame, dans le cas que les cookies soient install\u00e9es depuis une \u00e9quipe ou domaine g\u00e9r\u00e9 par le propre titulaire du site Internet mais l\u2019information que se ramasse moyennant celles-ci soit g\u00e9r\u00e9e par un troisi\u00e8me, aussi seront des cens\u00e9es comme cookies de troisi\u00e8mes.<\/li>\n<\/ul>\n<p>Type de cookies selon le but:<\/p>\n<ul>\n<li><strong>Cookies techniques:<\/strong> ce sont celles qu\u2019ils permettent \u00e0 l\u2019utilisateur la navigation \u00e0 travers une page web, plate-forme ou application et l\u2019utilisation des diff\u00e9rentes options ou services que dans elle existent, en comprenant celles que l\u2019\u00e9diteur utilise pour permettre la gestion et op\u00e9rationnelle de la page web et habiliter ses fonctions et services, comme, par exemple, contr\u00f4ler le transit et la comunication de donn\u00e9es, identifier la s\u00e9ance, acc\u00e9der \u00e0 des parties d\u2019acc\u00e8s restreint, souvenir les \u00e9l\u00e9ments qui int\u00e8grent une commande, r\u00e9aliser le proc\u00e8s d\u2019achat d\u2019une commande, g\u00e9rer le paiement, contr\u00f4ler la fraude li\u00e9e \u00e0 la s\u00e9curit\u00e9 du service, r\u00e9aliser la sollicitude d\u2019inscription ou participation dans un \u00e9v\u00e9nement, compter des visites \u00e0 l\u2019effet de la facturation de licences du logiciel avec lequel fonctionne le service (site Internet, plate-forme ou application), utiliser des \u00e9l\u00e9ments de s\u00e9curit\u00e9 pendant la navigation, stocker des contenus pour la diffusion de vid\u00e9os ou son, habiliter des contenus dynamiques (par exemple, animation de charge d\u2019un texte ou image) ou partager des contenus \u00e0 travers des r\u00e9seaux sociaux.Aussi appartiennent \u00e0 cette cat\u00e9gorie, par sa nature technique, celles-l\u00e0 cookies qui permettent la gestion, de la forme la plus efficace possible, des espaces publicitaires que, comme un \u00e9l\u00e9ment plus de design ou \u201cmaquetaci\u00f3\u201d du service offert \u00e0 l\u2019utilisateur, l\u2019\u00e9diteur ait compris dans une page web, application ou plate-forme sur la base de crit\u00e8res comme le contenu \u00e9dit\u00e9, sans qu\u2019il se collige information des utilisateurs avec des buts diff\u00e9rents, comme il peut \u00eatre personnaliser ce contenu publicitaire ou autres contenus.<\/li>\n<li><strong>Cookies de pr\u00e9f\u00e9rences ou personnalisation:<\/strong> ce sont celles qui permettent souvenir information parce que l\u2019utilisateur acc\u00e8de au service avec d\u00e9termin\u00e9es caract\u00e9ristiques qui peuvent diff\u00e9rencier son exp\u00e9rience de celle d\u2019autres utilisateurs, comme, par exemple, la langue, le nombre de r\u00e9sultats \u00e0 montrer quand l\u2019utilisateur r\u00e9alise une qu\u00eate, l\u2019aspect ou contenu du service en fonction de la sorte de navigateur \u00e0 travers lequel l\u2019utilisateur acc\u00e8de au service ou de la r\u00e9gion depuis laquelle acc\u00e8de au service, etc.<\/li>\n<li><strong>Cookies d\u2019analyses ou mesurage:<\/strong> ce sont celles qu\u2019ils permettent au responsable des m\u00eames le suivi et analyse du comportement des utilisateurs des sites Internet auxquels sont li\u00e9es, comprise la quantification des impacts des annonces. L\u2019information ramass\u00e9e moyennant cette sorte de cookies s\u2019utilise dans le mesurage de l\u2019activit\u00e9 des sites Internet, application ou plate-forme, afin d\u2019introduire des am\u00e9liorations en fonction de l\u2019analyse des donn\u00e9es d\u2019emploi qui font les utilisateurs du service.<\/li>\n<li><strong>Cookies de publicit\u00e9 comportementale:<\/strong> ce sont celles qui permettent la gestion, de la forme la plus efficace possible, des espaces publicitaires qu\u2019y a dans la page web. Celles-ci cookies stockent information du comportement des utilisateurs obtenue \u00e0 travers l\u2019observation continu\u00e9e de ses habits de navigation, ce qui permet d\u00e9velopper un profil sp\u00e9cifique pour montrer publicit\u00e9 en fonction de celui-ci.<\/li>\n<li><strong>Cookies de geolocalitzaci\u00f3:<\/strong>on utilise pour savoir en quel endroit se trouve un utilisateur quand il sollicite un service. Celle-ci cookie est anonyme et il s\u2019utilise par exemple pour lui offrir l\u2019information appropri\u00e9e d\u00e9pendante du pays dans lequel se trouve.<\/li>\n<\/ul>\n<p>Type de Cookies selon terme de temps qu\u2019ils demeurent d\u00e9clench\u00e9es:<\/p>\n<ul>\n<li><strong>Cookies de s\u00e9ance:<\/strong> ce sont ces dessin\u00e9es pour collecter et stocker des donn\u00e9es tandis que l\u2019utilisateur acc\u00e8de \u00e0 une page web. On emploie d\u2019habitude pour stocker information qui seulement int\u00e9resse conserver pour la prestation du service sollicit\u00e9 par l\u2019utilisateur dans une seule occasion (par exemple, une liste de produits acquis) et ils disparaissent en finissant la s\u00e9ance. <\/li>\n<li><strong>Cookies pers\u00e9v\u00e9rants:<\/strong> ce sont celles dans lesquelles les donn\u00e9es suivent stock\u00e9s dans le terminal et ils peuvent \u00eatre acc\u00e9d\u00e9s et trait\u00e9s pendant une p\u00e9riode d\u00e9finie par le responsable de la cookie, et qui peut aller de quelques minutes \u00e0 plusieurs ann\u00e9es.<\/li>\n<\/ul>\n<h3>Cookies utilis\u00e9es dans notre web<\/h3>\n<h4>Cookies techniques:<\/h4>\n<table class=\"table table-striped\" width=\"100%\">\n<thead>\n<tr>\n<th>Appellation<\/th>\n<th>Titulaire<\/th>\n<th>Dur\u00e9e<\/th>\n<th>Finalitat<\/th>\n<\/tr>\n<\/thead>\n<tbody>\n<tr>\n<td>wp-wpml_current_language<\/td>\n<td>WPML<\/td>\n<td>1 jour<\/td>\n<td>Il stocke la configuration de la langues<\/td>\n<\/tr>\n<tr>\n<td>Google Fonts API<\/td>\n<td>Google Fonts<\/td>\n<td>3 mois<\/td>\n<td>Garder des configurations de la langue<\/td>\n<\/tr>\n<tr>\n<td>GPS<\/td>\n<td>YouTube<\/td>\n<td>3 mois<\/td>\n<td>Garder des configurations de la langue<\/td>\n<\/tr>\n<tr>\n<td>VISITOR_INFO1_LIVE<\/td>\n<td>YouTube<\/td>\n<td>3 mois<\/td>\n<td>Garder des configurations de la langue<\/td>\n<\/tr>\n<\/tbody>\n<\/table>\n<h4>Cookies d\u2019analyses ou mesurage:<\/h4>\n<table class=\"table table-striped\" width=\"100%\">\n<thead>\n<tr>\n<th>Appellation<\/th>\n<th>Titulaire<\/th>\n<th>Dur\u00e9e<\/th>\n<th>Finalitat<\/th>\n<\/tr>\n<\/thead>\n<tbody>\n<tr>\n<td>_utm<\/td>\n<td>Google Analytics<\/td>\n<td>Pers\u00e9v\u00e9rant<\/td>\n<td>Il stocke et il fait un suivi des visites dans les sites Internet<\/td>\n<\/tr>\n<tr>\n<td>_ga<\/td>\n<td>Google Analytics<\/td>\n<td>2 ans<\/td>\n<td>Il compte et il fait un suivi des pages vues<\/td>\n<\/tr>\n<\/tbody>\n<\/table>\n<h3>Comme se deshabiliten les cookies dans les navigateurs?<\/h3>\n<p>\u2019utilisateur peut, dans n\u2019importe quel moment, permettre, bloquer ou \u00e9liminer les cookies install\u00e9es dans son \u00e9quipe moyennant la modification des param\u00e8tres de configuration du navigateur install\u00e9 dans son ordinateur:<\/p>\n<ul>\n<li><strong>Chrome<\/strong> Configuration -&gt; Montrer des options avanc\u00e9es -&gt; Privacit\u00e9 -&gt; Configuration du contenu. Pour plus information, peut consulter le support de Google ou l\u2019Aide du navigateur.<\/li>\n<li><strong>Explorer<\/strong> Outils -&gt; Options d\u2019Internet -&gt; Privacit\u00e9 -&gt; Configuration. Pour plus information, peut consulter le support de Microsoft ou l\u2019Aide du navigateur.<\/li>\n<li><strong>Firefox<\/strong> Outils -&gt;Options -&gt; Privacit\u00e9 -&gt; Historiale -&gt; Configuration Personnalis\u00e9e. Pour plus information, peut consulter le support de Mozilla ou l\u2019Aide du navigateur.<\/li>\n<li><strong>Safari<\/strong>Pr\u00e9f\u00e9rences -&gt; S\u00e9curit\u00e9. Pour plus information, peut consulter le support d\u2019Apple ou l\u2019Aide du navigateur.<\/li>\n<\/ul>\n<p>La d\u00e9sactivation des cookies n\u2019emp\u00eache pas la navigation par le site Internet, bien que l\u2019emploi de quelques uns de ses services pourra \u00eatre limit\u00e9 et, donc, son exp\u00e9rience de navigation pourra \u00eatre moins satisfaisante.<\/p>\n<h3>Retirer le consentement<\/h3>\n<p>L\u2019utilisateur pourra retirer dans n\u2019importe quel moment son consentement li\u00e9 avec la Politique de Cookies, et il pourra \u00e9liminer les cookies stock\u00e9es dans son \u00e9quipe \u00e0 travers les ajustages et configurations de son navigateur d\u2019Internet, indiqu\u00e9s avant, ainsi qu\u2019en acc\u00e9dant \u00e0 notre panneau de configuration qu\u2019il trouvera au lat\u00e9ral inf\u00e9rieur gauche de son \u00e9cran.<\/p>\n<p>La pr\u00e9sent Politique de Cookies se pourra modifier quand ainsi l\u2019exige la l\u00e9gislation en vigueur \u00e0 chaque moment ou quand il y ait quelque variation dans la sorte de cookies utilis\u00e9es dans le site Internet. Pour cela, nous lui recommandons r\u00e9viser cette politique chaque fois qu\u2019il acc\u00e8de \u00e0 notre site Internet avec le but d\u2019\u00eatre de mani\u00e8re ad\u00e9quate rapport\u00e9 sur comme et pour lequel utilisons les cookies. [\/vc_column_text][\/vc_column][\/vc_row]<\/p>\n<\/div>","protected":false},"excerpt":{"rendered":"<p>[vc_row css_animation=\u00a0\u00bb\u00a0\u00bb row_type=\u00a0\u00bbrow\u00a0\u00bb use_row_as_full_screen_section=\u00a0\u00bbno\u00a0\u00bb type=\u00a0\u00bbgrid\u00a0\u00bb angled_section=\u00a0\u00bbno\u00a0\u00bb text_align=\u00a0\u00bbleft\u00a0\u00bb background_image_as_pattern=\u00a0\u00bbwithout_pattern\u00a0\u00bb z_index=\u00a0\u00bb\u00a0\u00bb css=\u00a0\u00bb.vc_custom_1611224694695{padding-top: 60px !important;padding-bottom: 60px !important;}\u00a0\u00bb][vc_column offset=\u00a0\u00bbvc_col-lg-offset-2 vc_col-lg-8 vc_col-md-offset-1 vc_col-md-10&Prime;&#8230;<\/p>\n","protected":false},"author":1,"featured_media":0,"parent":0,"menu_order":92,"comment_status":"closed","ping_status":"closed","template":"full_width.php","meta":{"_acf_changed":false,"footnotes":""},"class_list":["post-1795","page","type-page","status-publish","hentry"],"aioseo_notices":[],"acf":[],"_links":{"self":[{"href":"https:\/\/grabalosa.com\/fr\/wp-json\/wp\/v2\/pages\/1795","targetHints":{"allow":["GET"]}}],"collection":[{"href":"https:\/\/grabalosa.com\/fr\/wp-json\/wp\/v2\/pages"}],"about":[{"href":"https:\/\/grabalosa.com\/fr\/wp-json\/wp\/v2\/types\/page"}],"author":[{"embeddable":true,"href":"https:\/\/grabalosa.com\/fr\/wp-json\/wp\/v2\/users\/1"}],"replies":[{"embeddable":true,"href":"https:\/\/grabalosa.com\/fr\/wp-json\/wp\/v2\/comments?post=1795"}],"version-history":[{"count":3,"href":"https:\/\/grabalosa.com\/fr\/wp-json\/wp\/v2\/pages\/1795\/revisions"}],"predecessor-version":[{"id":4015,"href":"https:\/\/grabalosa.com\/fr\/wp-json\/wp\/v2\/pages\/1795\/revisions\/4015"}],"wp:attachment":[{"href":"https:\/\/grabalosa.com\/fr\/wp-json\/wp\/v2\/media?parent=1795"}],"curies":[{"name":"wp","href":"https:\/\/api.w.org\/{rel}","templated":true}]}}