{"id":1789,"date":"2020-12-09T14:10:38","date_gmt":"2020-12-09T13:10:38","guid":{"rendered":"https:\/\/grabalosa.com\/politique-de-privacite\/"},"modified":"2022-05-27T10:34:03","modified_gmt":"2022-05-27T08:34:03","slug":"politique-de-privacite","status":"publish","type":"page","link":"https:\/\/grabalosa.com\/fr\/politique-de-privacite\/","title":{"rendered":"Politique de privacit\u00e9"},"content":{"rendered":"<div class=\"wpb-content-wrapper\"><p>[vc_row css_animation=\u00a0\u00bb\u00a0\u00bb row_type=\u00a0\u00bbrow\u00a0\u00bb use_row_as_full_screen_section=\u00a0\u00bbno\u00a0\u00bb type=\u00a0\u00bbgrid\u00a0\u00bb angled_section=\u00a0\u00bbno\u00a0\u00bb text_align=\u00a0\u00bbleft\u00a0\u00bb background_image_as_pattern=\u00a0\u00bbwithout_pattern\u00a0\u00bb z_index=\u00a0\u00bb\u00a0\u00bb css=\u00a0\u00bb.vc_custom_1611224694695{padding-top: 60px !important;padding-bottom: 60px !important;}\u00a0\u00bb][vc_column offset=\u00a0\u00bbvc_col-lg-offset-2 vc_col-lg-8 vc_col-md-offset-1 vc_col-md-10&Prime; el_class=\u00a0\u00bblegal-text\u00a0\u00bb][vc_column_text]<\/p>\n<h2 class=\"h1\">Politique de privacit\u00e9<\/h2>\n<h3>Information Basique sur Protection de Donn\u00e9es<\/h3>\n<ul>\n<li>Responsable: M\u00e9talliques Grabalosa, S.L. (GRABALOSA)<\/li>\n<li>But: Prestation de services en ligne. Gestion d\u2019utilisateurs web. Comunications commerciales li\u00e9es avec nos services. G\u00e9rer des donn\u00e9es apport\u00e9es par les candidats \u00e0 proc\u00e8s de s\u00e9lection de personnel.<\/li>\n<li>L\u00e9gitimation: Consentement express et int\u00e9r\u00eat l\u00e9gitime.<\/li>\n<li>Destinataires: Ils ne se c\u00e8dent pas donn\u00e9es \u00e0 troisi\u00e8mes, sauf: Par obligation l\u00e9gale.\u00c0 des entreprises sp\u00e9cialis\u00e9es en s\u00e9lection de personnel et analyses de profils par les candidats \u00e0 un emploi.<\/li>\n<li>Droits: Acc\u00e9der, rectifier et supprimer les donn\u00e9es, ainsi qu\u2019autres droits, comme il s\u2019explique \u00e0 l\u2019information additionnelle.<\/li>\n<li>Information additionnelle: Il peut consulter l\u2019information additionnelle et d\u00e9taill\u00e9e sur Protection de Donn\u00e9es aux Clauses annexes que se trouvent ensuite.<\/li>\n<\/ul>\n<p>\u00c0 GRABALOSA travaillons pour lui offrir \u00e0 travers nos produits et services la meilleure exp\u00e9rience possible. Dans quelques cas, est n\u00e9cessaire recavar l\u2019information pour l\u2019obtenir. Il nous importe sa privacit\u00e9 et nous croyons que nous devons \u00eatre transparentes au respect. Pour cela, et \u00e0 des effets du pr\u00e9vu \u00e0 la R\u00e9glementation (UE) 2016\/679 du Parlement Europ\u00e9en et du Conseil de 27 avril 2016 (dans devant, \u00ab RGPD \u00bb) relatif \u00e0 la protection des personnes physiques dans ce qui respecte au traitement de donn\u00e9es personnelles et \u00e0 la libre circulation de ces donn\u00e9es, et la LOI 34\/2002, de 11 juillet, de Services de la Soci\u00e9t\u00e9 de l\u2019Information et de Commerce \u00c9lectronique (dans devant, \u00ab LSSI \u00bb), GRABALOSA rapporte \u00e0 l\u2019utilisateur que, comme responsable du traitement, incorporera les donn\u00e9es de caract\u00e8re personnel facilit\u00e9es par les utilisateurs dans un fichier automatis\u00e9. Notre engagement commence pour lui expliquer le suivant:<\/p>\n<ul>\n<li>Ils se ramassent ses donn\u00e9es parce que l\u2019exp\u00e9rience d\u2019utilisateur am\u00e9liore, en r\u00e9pondant ses int\u00e9r\u00eats et besoins.<\/li>\n<li>Nous sommes transparents avec relation aux donn\u00e9es que nous obtenons sur vous et la raison par celle que le faisons.<\/li>\n<li>Notre intention est lui offrir la meilleure exp\u00e9rience possible. Pour cela, quand nous utilisons son information personnelle le ferons toujours en accomplissant le r\u00e8glement, et quand ce soit n\u00e9cessaire, solliciterons son consentement. Pour cela, quand nous utilisons son information personnelle le ferons toujours en accomplissant le r\u00e8glement, et quand ce soit n\u00e9cessaire, solliciterons son consentement.<\/li>\n<li>Nous comprenons que ses donn\u00e9es lui appartiennent. Donc, s\u2019il d\u00e9cide ne pas nous autoriser \u00e0 les accuser peut solliciter que nous cessons de les traiter.<\/li>\n<li>Notre priorit\u00e9 consiste \u00e0 garantir sa s\u00e9curit\u00e9 et traiter ses donn\u00e9es d\u2019accord avec le r\u00e8glement europ\u00e9en.<\/li>\n<\/ul>\n<p>Si tu souhaites obtenir plus information sur le traitement de ses donn\u00e9es, consulte les diff\u00e9rents alin\u00e9as de la politique de privacit\u00e9 que se trouvent ensuite:<\/p>\n<h3>Qui est-ce qui est le responsable du traitement de ses donn\u00e9es personnelles?<\/h3>\n<ul>\n<li>Appellation sociale: M\u00c9TALLIQUES GRABALOSA, S.L.<\/li>\n<li>Appellation commerciale: GRABALOSA<\/li>\n<li>Domicile social: Ctra. de l\u2019Escala, km 3,8. 17141. Bellcaire d\u2019Empord\u00e0 (Girona)<\/li>\n<li>C.I.F.: B17042573<\/li>\n<li>e-mail: <a href=\"mailto:comercial@grabalosa.com\">comercial@grabalosa.com<\/a><\/li>\n<\/ul>\n<p>GRABALOSA a d\u00e9sign\u00e9 une personne de contact interne comme coordinateur de l\u2019adaptation dans son organisation. S\u2019il veut faire une consultation avec relation au traitement de ses donn\u00e9es personnelles, peux se mettre en contact avec lui moyennant le courrier <a href=\"mailto:comercial@grabalosa.com\">comercial@grabalosa.com<\/a>.<\/p>\n<h3>Quelles donn\u00e9es personnelles colligeons?<\/h3>\n<p>Les donn\u00e9es personnelles que l\u2019utilisateur peut atteindre fournir:<\/p>\n<ul>\n<li>Nom, direction et date de naissance.<\/li>\n<li>Num\u00e9ro de t\u00e9l\u00e9phone et adresse de courriel.<\/li>\n<li>Emplacement.<\/li>\n<li>Information relative \u00e0 des paiements et retours.<\/li>\n<li>Adresse IP, date et heure dans celle qui a acc\u00e9d\u00e9 \u00e0 nos services, navigateur d\u2019internet qu\u2019il utilise et donn\u00e9es sur le syst\u00e8me d\u2019exploitation du dispositif.<\/li>\n<li>N\u2019importe quelle autre information ou donn\u00e9es qui d\u00e9cide partager avec nous.<\/li>\n<\/ul>\n<p>Dans quelques cas, est obligatoire la compl\u00e9mentation du formulaire de registre pour acc\u00e9der et jouir de d\u00e9termin\u00e9s services offerts au web; de m\u00eame, ne pas faciliter les donn\u00e9es personnelles sollicit\u00e9es ou le ne pas accepter la pr\u00e9sent politique de protection de donn\u00e9es suppose l\u2019impossibilit\u00e9 de se souscrire, s\u2019enregistrer ou participer \u00e0 n\u2019importe quelle des promotions dans celles que se sollicitent des donn\u00e9es de caract\u00e8re personnel.<\/p>\n<h3>Parce qu\u2019et pour que nous traitons ses donn\u00e9es?<\/h3>\n<p>\u00c0 GRABALOSA traitons l\u2019information qui nous facilitent les personnes int\u00e9ress\u00e9es avec les suivants buts:<\/p>\n<ul>\n<li>G\u00e9rer des commandes ou embaucher quelque de nos services, soit en ligne ou aux tentes physiques.<\/li>\n<li>G\u00e9rer l\u2019envoi de l\u2019information qui nous sollicitent.<\/li>\n<li>D\u00e9velopper des actions commerciales et r\u00e9aliser le maintien et gestion de la relation avec l\u2019utilisateur, ainsi que la gestion des services offerts \u00e0 travers le site Internet et les t\u00e2ches d\u2019information, en pouvant r\u00e9aliser des expertises automatiques, obtention de profils et t\u00e2ches de segmentation des clients avec l\u2019objet de personnaliser le traitement conforme \u00e0 ses caract\u00e9ristiques et n\u00e9cessit\u00e9s et mieux l\u2019exp\u00e9rience en ligne du client.<\/li>\n<li>D\u00e9velopper et g\u00e9rer les concours, tirages au sort ou autres activit\u00e9s promotionnelles qui se puissent organiser.<\/li>\n<\/ul>\n<p>Dans quelques cas sera n\u00e9cessaire faciliter information aux Autorit\u00e9s ou troisi\u00e8mes entreprises par des motifs d\u2019audit, ainsi que manier des donn\u00e9es personnelles de factures, contrats et documents pour r\u00e9pondre \u00e0 des r\u00e9clamations de clients ou des Administrations Publiques. Nous rapportons que les donn\u00e9es personnelles que s\u2019obtiennent comme cons\u00e9quence de son registre comme utilisateur feront partie du Registre d\u2019Activit\u00e9s et op\u00e9rations de Traitement (RAT), que se mettra \u00e0 jour p\u00e9riodiquement d\u2019accord avec l\u2019\u00e9tabli au RGPD.<\/p>\n<h3>Quelle est la l\u00e9gitimation par le traitement de ses donn\u00e9es?<\/h3>\n<p>Le traitement de ses donn\u00e9es peut se fonder dans les suivantes bases l\u00e9gales:<\/p>\n<ul>\n<li>Consentement de l\u2019int\u00e9ress\u00e9 pour l\u2019embauche de services et produits, par les formulaires de contact, les sollicitudes d\u2019information ou haute \u00e0 e-newsletters.<\/li>\n<li>Int\u00e9r\u00eat l\u00e9gitime par le traitement de donn\u00e9es de nos clients dans des actions de marketing direct et consentement express de l\u2019int\u00e9ress\u00e9 par tout le relatif aux expertises automatiques et \u00e9laboration de profils.<\/li>\n<li>Accomplissement d\u2019obligations l\u00e9gales par pr\u00e9vention de la fraude, comunication avec des Autorit\u00e9s publiques et r\u00e9clamations de troisi\u00e8mes.<\/li>\n<\/ul>\n<h3>Combien temps conservons ses donn\u00e9es?<\/h3>\n<p>Le traitement des donn\u00e9es avec les buts d\u00e9crits se maintiendra pendant le temps n\u00e9cessaire pour accomplir afin de son attach\u00e9e (par exemple, tandis qu\u2019il dure la relation commerciale), ainsi que par l\u2019accomplissement des obligations l\u00e9gales que se d\u00e9rivent du traitement des donn\u00e9es.<\/p>\n<h3>\u00c0 quels destinataires se communiquent ses donn\u00e9es?<\/h3>\n<p>Dans quelques cas, seulement quand soit n\u00e9cessaire, GRABALOSA fournira des donn\u00e9es des utilisateurs \u00e0 troisi\u00e8mes. Pourtant, jamais se vendront les donn\u00e9es \u00e0 troisi\u00e8mes. Les fournisseurs de services externes (par exemple, fournisseurs de paiement ou entreprises de partage avec ceux que GRABALOSA travaille peuvent utiliser les donn\u00e9es pour fournir les services correspondants, sans pr\u00e9judice de cela, ils n\u2019utiliseront pas l\u2019information par des buts propres ou par cession \u00e0 troisi\u00e8mes. GRABALOSA procure garantir la s\u00e9curit\u00e9 des donn\u00e9es personnelles quand ils s\u2019envoient en dehors de l\u2019entreprise et on assure que les troisi\u00e8mes fournisseurs du service respectent la confidentialit\u00e9 et ils comptent sur les mesures appropri\u00e9es pour prot\u00e9ger les donn\u00e9es personnelles. Ces troisi\u00e8mes ont l\u2019obligation de garantir que l\u2019information se traite conforme avec le r\u00e8glement de privacit\u00e9 de donn\u00e9es. Dans quelques cas, la loi peut exiger qu\u2019ils se r\u00e9v\u00e8lent donn\u00e9es personnelles \u00e0 des organismes publics ou autres parties, seulement se r\u00e9v\u00e9lera le strictement n\u00e9cessaire pour l\u2019accomplissement de ces obligations l\u00e9gales. Les donn\u00e9es personnelles obtenues aussi pourront \u00eatre partag\u00e9es avec autres entreprises du groupe.<\/p>\n<h3>O\u00f9 se stockent tes donn\u00e9es?<\/h3>\n<p>Avec caract\u00e8re g\u00e9n\u00e9ral, les donn\u00e9es se stockent dans l\u2019UE. Les donn\u00e9es que s\u2019envoient \u00e0 troisi\u00e8mes que n\u2019appartiennent pas \u00e0 l\u2019UE, nous nous assurerons qu\u2019ils offrent un niveau de protection suffisante, d\u00e9j\u00e0 soit parce qu\u2019ils Comptent sur des Normes Corporatives Obligatoires (BCR) ou parce qu\u2019ils se soient adh\u00e9r\u00e9s au \u201cPrivacy Shield\u201d.<\/p>\n<h3>Quels droits l\u2019assistent et comme il peut les exercer?<\/h3>\n<p>Il peut diriger ses comunications et exercer ses droits moyennant une p\u00e9tition dans le suivant courriel: <a href=\"mailto:comercial@grabalosa.com\">comercial@grabalosa.com<\/a>. En vertu du qui \u00e9tablit le RGPD peut solliciter:<\/p>\n<ul>\n<li>Droit d\u2019acc\u00e8s: il peut demander information de ces donn\u00e9es personnelles que nous disposions sur vous.<\/li>\n<li>Droit de rectification: il peut communiquer n\u2019importe quel changement dans ses donn\u00e9es personnelles.<\/li>\n<li>Droit de suppression et \u00e0 l\u2019oubli: il peut solliciter l\u2019\u00e9limination pr\u00e9alable blocage des donn\u00e9es personnelles.<\/li>\n<li>Droit de limitation au traitement: il suppose la restriction du traitement des donn\u00e9es personnelles.<\/li>\n<li>Droit d\u2019opposition: il peut retirer le consentement du traitement des donn\u00e9es, en s\u2019opposant au fait que se suivent en traitant.<\/li>\n<li>Droit \u00e0 la portabilit\u00e9: dans quelques cas, peut demander une copie des donn\u00e9es personnelles dans un format architectur\u00e9, d\u2019emploi commun et lecture m\u00e9canique par sa transmission \u00e0 un autre responsable<\/li>\n<li>Droit \u00e0 ne pas \u00eatre objet de d\u00e9cisions individualis\u00e9es: il peut solliciter qu\u2019ils ne se prennent pas d\u00e9cisions que se basent uniquement dans le traitement en automatisant, y compris l\u2019\u00e9laboration de profils, qui produise effets juridiques ou il affecte significativement \u00e0 l\u2019int\u00e9ress\u00e9.<\/li>\n<\/ul>\n<p>Dans quelques cas, il se pourra refuser la sollicitude s\u2019il sollicite qu\u2019ils s\u2019\u00e9liminent donn\u00e9es n\u00e9cessaires pour l\u2019accomplissement d\u2019obligations l\u00e9gales. De m\u00eame, si aie quelque plainte sur le traitement des donn\u00e9es peut pr\u00e9senter une r\u00e9clamation devant l\u2019autorit\u00e9 de protection de donn\u00e9es.<\/p>\n<h3>Qui est-ce qui est le responsable de l\u2019exactitude et v\u00e9racit\u00e9 des donn\u00e9es facilit\u00e9es?<\/h3>\n<p>L\u2019utilisateur est le seul responsable de la v\u00e9racit\u00e9 et correction des donn\u00e9es comprises, en exon\u00e9rant \u00e0 GRABALOSA de n\u2019importe quelle responsabilit\u00e9 au respect. Les utilisateurs garantissent et ils r\u00e9pondent, dans n\u2019importe quel cas, de l\u2019exactitude, validit\u00e9 et authenticit\u00e9 des donn\u00e9es personnelles facilit\u00e9es, et ils s\u2019engagent \u00e0 les maintenir d\u00fbment mises \u00e0 jour. L\u2019utilisateur accepte fournir information compl\u00e8te et correcte dans le formulaire de registre ou abonnement. GRABALOSA se r\u00e9serve le droit de terminer les services embauch\u00e9s qu\u2019ils se fussent c\u00e9l\u00e9br\u00e9s avec les utilisateurs, en cas que les donn\u00e9es qu\u2019il ait facilit\u00e9 soient fausses, incompl\u00e8tes inexactes ou ils ne soient pas mises \u00e0 jour. GRABALOSA ne r\u00e9pond pas de la v\u00e9racit\u00e9 des informations qui ne soient pas d\u2019\u00e9laboration propre et de celles que s\u2019indique autre source, par cons\u00e9quent non plus assume aucune responsabilit\u00e9 quant \u00e0 hypoth\u00e9tiques pr\u00e9judices qui puissent se causer par l\u2019emploi de cette information. GRABALOSA se r\u00e9serve le droit \u00e0 mettre \u00e0 jour, modifier ou \u00e9liminer l\u2019information contenue dans ses pages web en pouvant m\u00eame limiter ou ne pas permettre l\u2019acc\u00e8s \u00e0 cette information. Il s\u2019exon\u00e8re \u00e0 GRABALOSA de responsabilit\u00e9 devant \u00e0 n\u2019importe quel dommage ou pr\u00e9judice qui puisse souffrir l\u2019utilisateur comme cons\u00e9quence d\u2019erreurs, d\u00e9fauts ou omissions, dans l\u2019information facilit\u00e9e par GRABALOSA pourvu qu\u2019il proc\u00e8de de sources \u00e9trang\u00e8res \u00e0 celle-ci. De m\u00eame, l\u2019utilisateur certifie que c\u2019est plus grand de 14 ans et qui poss\u00e8de la capacit\u00e9 l\u00e9gale n\u00e9cessaire par la prestation du consentement par rapport au traitement de ses donn\u00e9es de caract\u00e8re personnel.<\/p>\n<h3>Comme nous traitons les donn\u00e9es personnelles des mineurs d\u2019\u00e2ge?<\/h3>\n<p>En principe nos services ne vont pas dirig\u00e9s sp\u00e9cifiquement \u00e0 des mineurs d\u2019\u00e2ge. Pourtant, dans le cas que quelque d\u2019eux se dirige \u00e0 des mineurs de quatorze ans, de conformit\u00e9 avec l\u2019article 8 du RGPD et l\u2019article 7 de la LO 3\/2018, de 5 d\u00e9cembre (LOPDGDD), GRABALOSA exigera le consentement valide, libre, indubitable, sp\u00e9cifique et rapport\u00e9 des tuteurs l\u00e9gaux pour traiter les donn\u00e9es personnelles des mineurs. Dans ce cas, il s\u2019exigera le DNI ou autre forme d\u2019identification de qui pr\u00eate le consentement. \u00c0 propos de majors de quatorze ans pourra se proc\u00e9der au traitement des donn\u00e9es avec le consentement de l\u2019utilisateur, en exceptant ces cas dans lesquels la Loi exige l\u2019assistance des titulaires de la patrie puissance ou tutelle.<\/p>\n<h3>Quelles mesures de s\u00e9curit\u00e9 appliquons pour prot\u00e9ger ses donn\u00e9es personnelles?<\/h3>\n<p>GRABALOSA a adopt\u00e9 les niveaux de s\u00e9curit\u00e9 de protection des donn\u00e9es personnelles l\u00e9galement requises, et il procure installer ces autres moyens et mesures techniques additionnelles \u00e0 sa port\u00e9e pour \u00e9viter la perte, mauvais emploi, alt\u00e9ration, acc\u00e8s non autoris\u00e9 et larcin des donn\u00e9es personnelles facilit\u00e9es \u00e0 GRABALOSA. GRABALOSA n\u2019est pas responsable d\u2019hypoth\u00e9tiques dommages ou pr\u00e9judices qui se puissent d\u00e9river d\u2019interf\u00e9rences, omissions, interruptions, virus informatiques, pannes t\u00e9l\u00e9phoniques ou d\u00e9connexions dans le fonctionnement op\u00e9rationnel de ce syst\u00e8me \u00e9lectronique, motiv\u00e9es par des causes \u00e9trang\u00e8res \u00e0 GRABALOSA; de retards ou blocages dans l\u2019emploi du pr\u00e9sent syst\u00e8me \u00e9lectronique caus\u00e9s par de sciences ou surcharges de lignes t\u00e9l\u00e9phoniques ou surcharges dans le Centre de Proc\u00e8s de Donn\u00e9es, dans le syst\u00e8me d\u2019Internet ou dans autres syst\u00e8mes \u00e9lectroniques, ainsi que de dommages qui puissent \u00eatre caus\u00e9s par troisi\u00e8mes personnes moyennant des intromissions ill\u00e9gitimes en dehors du contr\u00f4le de GRABALOSA. \u00c7a pourtant, l\u2019utilisateur doit \u00eatre conscient que les mesures de s\u00e9curit\u00e9 sur Internet ne sont pas inexpugnables.<\/p>\n<h3>Liens \u00e0 autres sites Internet<\/h3>\n<p>Dans le site Internet <a href=\"https:\/\/grabalosa.com\/fr\/\">grabalosa.com<\/a> il peut y avoir liens \u00e0 autres pages web. Au cliquer dans un de ces liens et acc\u00e9der \u00e0 un site Internet externe, la visite sera soumise \u00e0 la politique de privacit\u00e9 de ce site Internet, en restant GRABALOSA rompue de n\u2019importe quelle classe de responsabilit\u00e9 sur sa politique de privacit\u00e9.<\/p>\n<h3>Comme nous utilisons les cookies?<\/h3>\n<p>Le site Internet de GRABALOSA utilise cookies, aux effets d\u2019optimiser et personnaliser sa navigation par le m\u00eame. Les cookies sont des fichiers physiques d\u2019information que se logent dans le terminal de l\u2019utilisateur, l\u2019information ramass\u00e9e moyennant les cookies sert pour faciliter la navigation de l\u2019utilisateur par le porche et optimiser l\u2019exp\u00e9rience de navigation. Les donn\u00e9es collig\u00e9es moyennant les cookies peuvent \u00eatre partag\u00e9es avec les cr\u00e9ateurs de celles-ci, mais dans aucun cas l\u2019information obtenue par les m\u00eames sera associ\u00e9e \u00e0 des donn\u00e9es personnelles ni \u00e0 des donn\u00e9es qui puissent identifier \u00e0 l\u2019utilisateur. Pourtant, si l\u2019utilisateur ne souhaite pas qu\u2019ils s\u2019installent cookies dans son disque porter, a la possibilit\u00e9 de configurer le navigateur de telle fa\u00e7on qui emp\u00eache l\u2019installation de ces archives. Pour obtenir plus information consulte notre <a href=\"https:\/\/grabalosa.com\/fr\/politique-de-cookies\/\">Politique de Cookies<\/a>.<\/p>\n<h3>Il peut se modifier la politique de privacit\u00e9?<\/h3>\n<p>Cette politique de privacit\u00e9 peut se modifier. Nous te recommandons que tu r\u00e9vises la politique de privacit\u00e9 avec certaine p\u00e9riodicit\u00e9.<\/p>\n<h3>Politique de privacit\u00e9 de Facebook<\/h3>\n<p>Nous te remercions que tu suives notre page sur Facebook, depuis laquelle te rapporterons de mani\u00e8re ad\u00e9quate de nos produits et services. Comme notre entit\u00e9 a un clair engagement avec la valeur de la protection de donn\u00e9es, le premier et plus important est t\u2019expliquer les cons\u00e9quences que tu continues ta navigation et tu indiques qu\u2019il te pla\u00eet cette page:<\/p>\n<ul>\n<li>Nous traiterons tes donn\u00e9es personnelles, pour g\u00e9rer le listage de personnes \u00e0 celles que les pla\u00eet notre page de Facebook.<\/li>\n<li>Tu recevras de l\u2019information li\u00e9e avec des \u00e9v\u00e9nements, activit\u00e9s et promotions de notre entit\u00e9, toujours \u00e0 travers Facebook.<\/li>\n<\/ul>\n<p>En dehors de ces hypoth\u00e8ses n\u2019utiliserons pas tes donn\u00e9es pour des buts diff\u00e9rents des avant indiqu\u00e9es. Combien veuilles cesser de nous suivre, l\u2019unique qui devras faire est clic au bouton \u00abD\u00e9j\u00e0 ne me pla\u00eet pas\u00bb de notre page de Facebook. N\u2019importe quelle donn\u00e9e qui veuilles modifier dans le compte de Facebook, dois le faire \u00e0 la partie de \u00abConfiguration\u00bb du propre R\u00e9seau Social. En catastrophe, si tu veux conna\u00eetre notre politique de privacit\u00e9 ou comme pouvoir exercer tes droits d\u2019acc\u00e9der, rectifier et supprimer les donn\u00e9es, ainsi qu\u2019autres droits, tendu toute l\u2019information additionnelle au web: <a href=\"https:\/\/grabalosa.com\/fr\/\">grabalosa.com<\/a>.<\/p>\n<h3>Politique de privacit\u00e9 d\u2019Instagram<\/h3>\n<p>Nous te remercions que tu suives notre page sur INSTAGRAM, depuis laquelle te rapporterons de mani\u00e8re ad\u00e9quate de nos produits et services. Comme notre entit\u00e9 a un clair engagement avec la valeur de la protection de donn\u00e9es, le premier et plus important est t\u2019expliquer les cons\u00e9quences que tu continues ta navigation et tu indiques qu\u2019il te pla\u00eet cette page:<\/p>\n<ul>\n<li>Nous traiterons tes donn\u00e9es personnelles, pour g\u00e9rer le listage de personnes \u00e0 celles que les pla\u00eet notre page d\u2019INSTAGRAM.<\/li>\n<li>Tu recevras de l\u2019information li\u00e9e avec des \u00e9v\u00e9nements, activit\u00e9s et promotions de notre entit\u00e9, toujours \u00e0 travers INSTAGRAM.<\/li>\n<\/ul>\n<p>En dehors de ces hypoth\u00e8ses n\u2019utiliserons pas tes donn\u00e9es pour des buts diff\u00e9rents des avant indiqu\u00e9es. Combien veuilles cesser de nous suivre, l\u2019unique qui devras faire est clic au bouton \u00abD\u00e9j\u00e0 ne me pla\u00eet pas\u00bb de notre page d\u2019INSTAGRAM. N\u2019importe quelle donn\u00e9e qui veuilles modifier dans le compte d\u2019INSTAGRAM, dois le faire \u00e0 la partie de \u00abConfiguration\u00bb du propre R\u00e9seau Social. En catastrophe, si tu veux conna\u00eetre notre politique de privacit\u00e9 ou comme pouvoir exercer tes droits d\u2019acc\u00e9der, rectifier et supprimer les donn\u00e9es, ainsi qu\u2019autres droits, tendu toute l\u2019information additionnelle au web: <a href=\"https:\/\/grabalosa.com\/fr\/\">grabalosa.com<\/a>.[\/vc_column_text][\/vc_column][\/vc_row]<\/p>\n<\/div>","protected":false},"excerpt":{"rendered":"<p>[vc_row css_animation=\u00a0\u00bb\u00a0\u00bb row_type=\u00a0\u00bbrow\u00a0\u00bb use_row_as_full_screen_section=\u00a0\u00bbno\u00a0\u00bb type=\u00a0\u00bbgrid\u00a0\u00bb angled_section=\u00a0\u00bbno\u00a0\u00bb text_align=\u00a0\u00bbleft\u00a0\u00bb background_image_as_pattern=\u00a0\u00bbwithout_pattern\u00a0\u00bb z_index=\u00a0\u00bb\u00a0\u00bb css=\u00a0\u00bb.vc_custom_1611224694695{padding-top: 60px !important;padding-bottom: 60px !important;}\u00a0\u00bb][vc_column offset=\u00a0\u00bbvc_col-lg-offset-2 vc_col-lg-8 vc_col-md-offset-1 vc_col-md-10&Prime;&#8230;<\/p>\n","protected":false},"author":1,"featured_media":0,"parent":0,"menu_order":91,"comment_status":"closed","ping_status":"closed","template":"full_width.php","meta":{"_acf_changed":false,"footnotes":""},"class_list":["post-1789","page","type-page","status-publish","hentry"],"aioseo_notices":[],"acf":[],"_links":{"self":[{"href":"https:\/\/grabalosa.com\/fr\/wp-json\/wp\/v2\/pages\/1789","targetHints":{"allow":["GET"]}}],"collection":[{"href":"https:\/\/grabalosa.com\/fr\/wp-json\/wp\/v2\/pages"}],"about":[{"href":"https:\/\/grabalosa.com\/fr\/wp-json\/wp\/v2\/types\/page"}],"author":[{"embeddable":true,"href":"https:\/\/grabalosa.com\/fr\/wp-json\/wp\/v2\/users\/1"}],"replies":[{"embeddable":true,"href":"https:\/\/grabalosa.com\/fr\/wp-json\/wp\/v2\/comments?post=1789"}],"version-history":[{"count":3,"href":"https:\/\/grabalosa.com\/fr\/wp-json\/wp\/v2\/pages\/1789\/revisions"}],"predecessor-version":[{"id":3615,"href":"https:\/\/grabalosa.com\/fr\/wp-json\/wp\/v2\/pages\/1789\/revisions\/3615"}],"wp:attachment":[{"href":"https:\/\/grabalosa.com\/fr\/wp-json\/wp\/v2\/media?parent=1789"}],"curies":[{"name":"wp","href":"https:\/\/api.w.org\/{rel}","templated":true}]}}