{"id":1776,"date":"2020-12-24T12:01:02","date_gmt":"2020-12-24T11:01:02","guid":{"rendered":"https:\/\/grabalosa.com\/avertissement-legal\/"},"modified":"2022-05-26T14:01:31","modified_gmt":"2022-05-26T12:01:31","slug":"avertissement-legal","status":"publish","type":"page","link":"https:\/\/grabalosa.com\/fr\/avertissement-legal\/","title":{"rendered":"Avertissement l\u00e9gal"},"content":{"rendered":"<div class=\"wpb-content-wrapper\"><p>[vc_row css_animation=\u00a0\u00bb\u00a0\u00bb row_type=\u00a0\u00bbrow\u00a0\u00bb use_row_as_full_screen_section=\u00a0\u00bbno\u00a0\u00bb type=\u00a0\u00bbgrid\u00a0\u00bb angled_section=\u00a0\u00bbno\u00a0\u00bb text_align=\u00a0\u00bbleft\u00a0\u00bb background_image_as_pattern=\u00a0\u00bbwithout_pattern\u00a0\u00bb z_index=\u00a0\u00bb\u00a0\u00bb css=\u00a0\u00bb.vc_custom_1611224694695{padding-top: 60px !important;padding-bottom: 60px !important;}\u00a0\u00bb][vc_column offset=\u00a0\u00bbvc_col-lg-offset-2 vc_col-lg-8 vc_col-md-offset-1 vc_col-md-10&Prime; el_class=\u00a0\u00bblegal-text\u00a0\u00bb][vc_column_text]<\/p>\n<h2 class=\"h1\">Avertissement l\u00e9gal<\/h2>\n<p>En accomplissement avec le devoir d\u2019information ramass\u00e9 \u00e0 l\u2019article 10 de la Loi 34\/2002, de 11 Juillet, de Services de l\u2019Information et du Commerce \u00c9lectronique, nous le rapportons que le site Internet, le <a href=\"https:\/\/grabalosa.com\/fr\/\">porche d&rsquo;Internet<\/a> (dans devant, le \u00ab Web \u00bb) sommeil de titularisation de M\u00e9talliques Grabalosa, S.L. (GRABALOSA), avec domicile social \u00e0 Ctra. de l\u2019Escala, km 3,8. 17141. Bellcaire d&rsquo;Empord\u00e0 (Girona) amb CIF n\u00ba B17042573.<\/p>\n<p>Inscrite dans le Registre Mercantile de G\u00e9rone.<\/p>\n<p><strong>Comunications<\/strong><\/p>\n<p>T\u00e9l\u00e9phone: +34 972 788 028<br \/>\ne-mail: <a href=\"mailto:comercial@grabalosa.com\">comercial@grabalosa.com<\/a><\/p>\n<p>Le pr\u00e9sent avertissement l\u00e9gal r\u00e9gule les conditions d\u2019emploi du cit\u00e9 porche d\u2019Internet.<\/p>\n<h3>Loi applicable et juridiction<\/h3>\n<p>Avec caract\u00e8re g\u00e9n\u00e9ral les relations entre GRABALOSA et les utilisateurs des services t\u00e9l\u00e9matiques, pr\u00e9sents au Web, ils se trouvent soumises \u00e0 la l\u00e9gislation et juridiction espagnoles.<\/p>\n<p>Les parties renoncent express\u00e9ment au fuero qui les puisse correspondre et ils soumettent express\u00e9ment aux Tribunaux et Tribunaux pour r\u00e9soudre n\u2019importe quelle controverse qui puisse surgir dans l\u2019interpr\u00e9tation ou ex\u00e9cution des pr\u00e9sentes conditions contractuelles.<\/p>\n<h3>Acceptation de l\u2019utilisateur<\/h3>\n<p>Cet Avertissement L\u00e9gal r\u00e9gule l\u2019acc\u00e8s et utilisation de la page web que GRABALOSA pose \u00e0 la disposition des utilisateurs d\u2019Internet. Il se consid\u00e8re utilisateur \u00e0 la personne qu\u2019il acc\u00e8de, navigue, utilise ou il participe aux services et activit\u00e9s de la page web.<\/p>\n<p>L\u2019utilisateur reste rapport\u00e9, et il accepte, que l\u2019acc\u00e8s \u00e0 la pr\u00e9sent web ne suppose pas, nullement, le d\u00e9but d\u2019une relation commerciale avec GRABALOSA.<\/p>\n<p>L\u2019acc\u00e8s et navigation au site Internet par l\u2019utilisateur suppose l\u2019acceptation de la totalit\u00e9 des pr\u00e9sentes Conditions d\u2019Emploi. En cas de d\u00e9saccord avec les conditions doit s\u2019abstenir \u00e0 utiliser le site Internet.<\/p>\n<h3>Acc\u00e8s au web<\/h3>\n<p>L\u2019acc\u00e8s \u00e0 la page web par les utilisateurs est de caract\u00e8re libre et gratuit. Quelques services peuvent se trouver tiennes \u00e0 embauche pr\u00e9alable du service.<\/p>\n<p>n cas d\u2019\u00eatre n\u00e9cessaire que l\u2019utilisateur apporte des donn\u00e9es personnelles pour acc\u00e9der \u00e0 quelque des services, l\u2019attach\u00e9e et le traitement des donn\u00e9es se r\u00e9alisera de conformit\u00e9 avec le r\u00e8glement en vigueur, en concret avec le RGPD. Par plus information, consulte notre <a href=\"https:\/\/grabalosa.com\/fr\/politique-de-cookies\/\">politique de privacitat<\/a>.<\/p>\n<h3>Contenu et emploi<\/h3>\n<p>La visite au site Internet par l\u2019utilisateur devra se faire de forme responsable et de conformit\u00e9 \u00e0 la l\u00e9galit\u00e9 en vigueur, la bonne foi, le pr\u00e9sent Avertissement L\u00e9gal et en respectant les droits de propri\u00e9t\u00e9 intellectuelle et industrielle de titularisation de GRABALOSA ou n\u2019importe quelle autres personnes physiques ou juridiques.<\/p>\n<p>L\u2019emploi de n\u2019importe quel des contenus du site Internet avec des buts qui soient ou ils puissent \u00eatre illicites reste totalement interdit, ainsi que la r\u00e9alisation de n\u2019importe quelle action qu\u2019il cause ou il puisse causer dommages ou alt\u00e9rations de n\u2019importe quelle sorte ne consenties par GRABALOSA, au site Internet ou \u00e0 ses contenus.<\/p>\n<p>Le titulaire du web ne s\u2019identifie pas avec les opinions vers\u00e9es dans le m\u00eame par ses collaborateurs. L\u2019entreprise se r\u00e9serve le droit \u00e0 effectuer sans pr\u00e9alable avertissement les modifications qui consid\u00e8re opportunes dans son Web, en pouvant changer, supprimer ou ajouter autant les contenus et services que se pr\u00eatent \u00e0 travers la m\u00eame comme la forme dans laquelle ceux-ci apparaissent pr\u00e9sent\u00e9s ou localis\u00e9s dans ses serveurs.<\/p>\n<p>Il reste terminantment interdit utiliser n\u2019importe quel des contenus du site Internet avec des buts illicites, ainsi que r\u00e9aliser n\u2019importe quelle action qu\u2019il cause ou il puisse occasionner dommages ou alt\u00e9rations de n\u2019importe quel type n\u2019accord\u00e9e par GRABALOSA, du site Internet ou de ses contenus.<\/p>\n<h3>Propri\u00e9t\u00e9 intellectuelle et industrielle<\/h3>\n<p>Les droits de propri\u00e9t\u00e9 intellectuelle du contenu des pages web, son design graphique et codes sont titularisation de GRABALOSA et, donc, reste interdite sa reproduction, distribution, comunication publique, transformation ou n\u2019importe quelle autre activit\u00e9 que se r\u00e9alise avec les contenus de la page web, bien qu\u2019ils se citent les sources, sauf qu\u2019on compte sur le consentement pr\u00e9alable, express et par \u00e9crit de GRABALOSA. Tous les noms commerciaux, marques ou signes distinctifs de n\u2019importe quelle classe contenus dans les pages web de l\u2019entreprise sont propri\u00e9t\u00e9 de ses ma\u00eetres et ils sont prot\u00e9g\u00e9s par loi.<\/p>\n<p>GRABALOSA n\u2019accorde pas aucune licence ou autorisation d\u2019emploi d\u2019aucune classe sur ses droits de propri\u00e9t\u00e9 intellectuelle et industrielle ou sur n\u2019importe quelle autre propri\u00e9t\u00e9 ou droit li\u00e9 avec le site Internet, et dans aucun cas on comprendra que l\u2019acc\u00e8s et navigation des utilisateurs implique une d\u00e9mission, transmission, licence ou cession totale ni partielle de ces droits par GRABALOSA.<\/p>\n<p>N\u2019importe quel emploi de ces contenus n\u2019autoris\u00e9s pr\u00e9alablement par GRABALOSA sera consid\u00e9r\u00e9 un manquement grave des droits de propri\u00e9t\u00e9 intellectuelle ou industrielle et il donnera du lieu aux responsabilit\u00e9s l\u00e9galement \u00e9tablies. GRABALOSA se r\u00e9serve le droit d\u2019exercer devant l\u2019utilisateur les actions judiciaires et extrajudiciaires qu\u2019ils correspondent.<\/p>\n<h3>Responsabilit\u00e9 et garanties<\/h3>\n<p>GRABALOSA d\u00e9clare qu\u2019il a adopt\u00e9 les mesures n\u00e9cessaires que, dans ses possibilit\u00e9s et l\u2019\u00e9tat de la technologie, permettent le correct fonctionnement de son site Internet ainsi que l\u2019absence de virus et composants nocifs. GRABALOSA ne peut pas se faire responsable des suivantes situations que se nombrent \u00e0 titre enunciatiu, mais non limitatif:<\/p>\n<ul>\n<li>La continuit\u00e9 et disponibilit\u00e9 des Contenus.<\/li>\n<li>L\u2019absence d\u2019erreurs dans les Contenus ni la correction de n\u2019importe quel d\u00e9faut qui puisse arriver.<\/li>\n<li>L\u2019absence de virus et\/ou autres composants nocifs.<\/li>\n<li>Les dommages ou pr\u00e9judices qui cause n\u2019importe quelle personne qui viole les syst\u00e8mes de s\u00e9curit\u00e9 de GRABALOSA.<\/li>\n<li>L\u2019emploi que les utilisateurs puissent faire des contenus compris dans le web. En cons\u00e9quence, GRABALOSA ne garantit pas que l\u2019emploi que les utilisateurs puissent faire des contenus que dans son cas se comprennent dans le site Internet s\u2019ajustent au pr\u00e9sent avertissement l\u00e9gal ni que l\u2019emploi du site Internet se r\u00e9alise de forme diligente.<\/li>\n<li>L\u2019emploi par des mineurs d\u2019\u00e2ge du site Internet ou de l\u2019envoi de ses donn\u00e9es personnelles sans la permission de ses tuteurs, sent les tuteurs responsables de l\u2019emploi qu\u2019ils fassent d\u2019Internet. Les contenus auxquels l\u2019utilisateur puisse acc\u00e9der \u00e0 travers des liens non autoris\u00e9s ou introduits par des utilisateurs moyennant des commentaires ou outils similaires.<\/li>\n<li>L\u2019introduction de donn\u00e9es erron\u00e9es par l\u2019utilisateur ou d\u2019un troisi\u00e8me.<\/li>\n<\/ul>\n<p>GRABALOSA pourra suspendre temporellement et sans pr\u00e9alable avertissement, l\u2019accessibilit\u00e9 au site Internet avec motif d\u2019op\u00e9rations de maintien, r\u00e9paration, mise \u00e0 jour ou am\u00e9lioration. Pourtant, pourvu que les circonstances le permettent, GRABALOSA communiquera \u00e0 l\u2019utilisateur, avec anticipation suffisante, la date pr\u00e9vue par la suspension des contenus.<\/p>\n<p>\u00c9galement, de conformit\u00e9 avec les arts. 11 et 16 de la Loi 34\/2002, de 11 juillet, de services de la soci\u00e9t\u00e9 de l\u2019information et de commerce \u00e9lectronique (LSSI-*CE), GRABALOSA s\u2019engage \u00e0 l\u2019\u00e9limination ou, dans son cas, le blocage des contenus qui puissent affecter ou \u00eatre inverses \u00e0 la l\u00e9gislation en vigueur, les droits de troisi\u00e8mes ou la morale et ordre public.<\/p>\n<h3>Cookies<\/h3>\n<p>GRABALOSA utilise cookies, \u00e0 l\u2019effet d\u2019optimiser et personnaliser sa navigation par le site Internet. Les cookies sont des fichiers physiques d\u2019information que se logent dans le m\u00eame terminal de l\u2019utilisateur, l\u2019information ramass\u00e9e moyennant les cookies sert pour faciliter la navigation de l\u2019utilisateur par le porche et optimiser l\u2019exp\u00e9rience de navigation. Les donn\u00e9es collig\u00e9es moyennant les cookies peuvent \u00eatre partag\u00e9es avec les cr\u00e9ateurs de celles-ci, mais dans aucun cas l\u2019information obtenue par les m\u00eames sera associ\u00e9e \u00e0 des donn\u00e9es personnelles ni \u00e0 des donn\u00e9es qui peuvent identifier \u00e0 l\u2019utilisateur.<\/p>\n<p>Pourtant, si l\u2019utilisateur ne souhaite pas qu\u2019ils s\u2019installent cookies dans son disque porter, a la possibilit\u00e9 de configurer le navigateur de telle fa\u00e7on qui emp\u00eache l\u2019installation de ces archives. Pour obtenir plus information consulte notre <a href=\"https:\/\/grabalosa.com\/fr\/politique-de-cookies\/\">Politique de Cookies<\/a>.<\/p>\n<h3>Liens (liens)<\/h3>\n<p>La pr\u00e9sence de liens (liens) \u00e0 la page web de GRABALOSA vers autres endroits d\u2019Internet a but simplement informative et dans aucun cas supposent suggestion, invitation ou recommandation sur ceux-ci. GRABALOSA n\u2019assumera pas responsabilit\u00e9 par les contenus d\u2019un lien appartenant \u00e0 un site Internet \u00e9tranger, ni il garantira la fiabilit\u00e9, exactitude, ampleur, v\u00e9racit\u00e9, validit\u00e9 et disponibilit\u00e9 technique.<\/p>\n<p>\u00c0 propos de que \u00e0 autres endroits webs s\u2019\u00e9tablissent des liens \u00e0 la page web de GRABALOSA, on ne comprendra pas que GRABALOSA a autoris\u00e9 le lien ou le contenu du site Internet dans ce que se contient le lien, non plus se pourra comprendre \u00e0 la page du lien contenus inappropri\u00e9s, diffamatoires, ill\u00e9gaux, obsc\u00e8nes ou illicites, ni autres contenus que ce soient inverses \u00e0 la l\u00e9galit\u00e9 en vigueur.<\/p>\n<p>GRABALOSA se r\u00e9serve la possibilit\u00e9 de contacter avec le propri\u00e9taire du site Internet dans lequel s\u2019\u00e9tablisse le lien s\u2019il consid\u00e8re qu\u2019il se manque au r\u00e8glement, ainsi que d\u2019exercer les correspondantes actions judiciaires et extrajudiciaires.<\/p>\n<h3>Modification des conditions<\/h3>\n<p>GRABALOSA se r\u00e9serve express\u00e9ment le droit \u00e0 modifier unilat\u00e9ralement, total ou partiellement, sans besoin de pr\u00e9alable avertissement, le pr\u00e9sent Avertissement L\u00e9gal. L\u2019utilisateur reconna\u00eet et il accepte que c\u2019est responsabilit\u00e9 \u00e0 lui r\u00e9viser p\u00e9riodiquement le pr\u00e9sent Avertissement L\u00e9gal.[\/vc_column_text][\/vc_column][\/vc_row]<\/p>\n<\/div>","protected":false},"excerpt":{"rendered":"<p>[vc_row css_animation=\u00a0\u00bb\u00a0\u00bb row_type=\u00a0\u00bbrow\u00a0\u00bb use_row_as_full_screen_section=\u00a0\u00bbno\u00a0\u00bb type=\u00a0\u00bbgrid\u00a0\u00bb angled_section=\u00a0\u00bbno\u00a0\u00bb text_align=\u00a0\u00bbleft\u00a0\u00bb background_image_as_pattern=\u00a0\u00bbwithout_pattern\u00a0\u00bb z_index=\u00a0\u00bb\u00a0\u00bb css=\u00a0\u00bb.vc_custom_1611224694695{padding-top: 60px !important;padding-bottom: 60px !important;}\u00a0\u00bb][vc_column offset=\u00a0\u00bbvc_col-lg-offset-2 vc_col-lg-8 vc_col-md-offset-1 vc_col-md-10&Prime;&#8230;<\/p>\n","protected":false},"author":1,"featured_media":0,"parent":0,"menu_order":90,"comment_status":"closed","ping_status":"closed","template":"full_width.php","meta":{"_acf_changed":false,"footnotes":""},"class_list":["post-1776","page","type-page","status-publish","hentry"],"aioseo_notices":[],"acf":[],"_links":{"self":[{"href":"https:\/\/grabalosa.com\/fr\/wp-json\/wp\/v2\/pages\/1776","targetHints":{"allow":["GET"]}}],"collection":[{"href":"https:\/\/grabalosa.com\/fr\/wp-json\/wp\/v2\/pages"}],"about":[{"href":"https:\/\/grabalosa.com\/fr\/wp-json\/wp\/v2\/types\/page"}],"author":[{"embeddable":true,"href":"https:\/\/grabalosa.com\/fr\/wp-json\/wp\/v2\/users\/1"}],"replies":[{"embeddable":true,"href":"https:\/\/grabalosa.com\/fr\/wp-json\/wp\/v2\/comments?post=1776"}],"version-history":[{"count":3,"href":"https:\/\/grabalosa.com\/fr\/wp-json\/wp\/v2\/pages\/1776\/revisions"}],"predecessor-version":[{"id":3554,"href":"https:\/\/grabalosa.com\/fr\/wp-json\/wp\/v2\/pages\/1776\/revisions\/3554"}],"wp:attachment":[{"href":"https:\/\/grabalosa.com\/fr\/wp-json\/wp\/v2\/media?parent=1776"}],"curies":[{"name":"wp","href":"https:\/\/api.w.org\/{rel}","templated":true}]}}