{"id":1411,"date":"2021-01-20T12:08:14","date_gmt":"2021-01-20T11:08:14","guid":{"rendered":"https:\/\/grabalosa.com\/new\/service-au-client\/service-post-vente\/"},"modified":"2022-06-27T09:48:55","modified_gmt":"2022-06-27T07:48:55","slug":"service-post-vente","status":"publish","type":"page","link":"https:\/\/grabalosa.com\/fr\/service-client\/service-post-vente\/","title":{"rendered":"Service apres-vente"},"content":{"rendered":"<div class=\"wpb-content-wrapper\"><p>[vc_row css_animation=\u00a0\u00bb\u00a0\u00bb row_type=\u00a0\u00bbrow\u00a0\u00bb use_row_as_full_screen_section=\u00a0\u00bbyes\u00a0\u00bb type=\u00a0\u00bbgrid\u00a0\u00bb angled_section=\u00a0\u00bbno\u00a0\u00bb text_align=\u00a0\u00bbleft\u00a0\u00bb background_image_as_pattern=\u00a0\u00bbwithout_pattern\u00a0\u00bb z_index=\u00a0\u00bb\u00a0\u00bb css=\u00a0\u00bb.vc_custom_1591960397219{padding-top: 100px !important;padding-bottom: 100px !important;background-color: #f5f5f5 !important;}\u00a0\u00bb el_class=\u00a0\u00bbformulari\u00a0\u00bb][vc_column width=\u00a0\u00bb5\/6&Prime; offset=\u00a0\u00bbvc_col-lg-offset-3 vc_col-lg-6 vc_col-md-offset-3 vc_col-md-6 vc_col-sm-offset-1 vc_col-xs-12&Prime;][vc_column_text css=\u00a0\u00bb.vc_custom_1611140802670{padding-bottom: 10px !important;}\u00a0\u00bb]<\/p>\n<h2 class=\"h1\"><span class=\"w-400\">Servei<\/span> Apres-vente<\/h2>\n<p>[\/vc_column_text][vc_column_text css=\u00a0\u00bb.vc_custom_1596453838459{margin-bottom: 30px !important;}\u00a0\u00bb]N\u2019h\u00e9sitez pas nous contacter, si vous avez besoin du service de post-vente; merci de nous indiquer vos coordonn\u00e9es ci-apr\u00e8s:[\/vc_column_text]\n<div class=\"wpcf7 no-js\" id=\"wpcf7-f1442-o1\" lang=\"fr-FR\" dir=\"ltr\" data-wpcf7-id=\"1442\">\n<div class=\"screen-reader-response\"><p role=\"status\" aria-live=\"polite\" aria-atomic=\"true\"><\/p> <ul><\/ul><\/div>\n<form action=\"\/fr\/wp-json\/wp\/v2\/pages\/1411#wpcf7-f1442-o1\" method=\"post\" class=\"wpcf7-form init default\" aria-label=\"Formulaire de contact\" novalidate=\"novalidate\" data-status=\"init\">\n<fieldset class=\"hidden-fields-container\"><input type=\"hidden\" name=\"_wpcf7\" value=\"1442\" \/><input type=\"hidden\" name=\"_wpcf7_version\" value=\"6.1.3\" \/><input type=\"hidden\" name=\"_wpcf7_locale\" value=\"fr_FR\" \/><input type=\"hidden\" name=\"_wpcf7_unit_tag\" value=\"wpcf7-f1442-o1\" \/><input type=\"hidden\" name=\"_wpcf7_container_post\" value=\"0\" \/><input type=\"hidden\" name=\"_wpcf7_posted_data_hash\" value=\"\" \/><input type=\"hidden\" name=\"_wpcf7_recaptcha_response\" value=\"\" \/>\n<\/fieldset>\n<div class=\"form-item\">\n\t<p><label>Pr\u00e9nom *<\/label><span class=\"wpcf7-form-control-wrap\" data-name=\"your-name\"><input size=\"40\" maxlength=\"400\" class=\"wpcf7-form-control wpcf7-text wpcf7-validates-as-required\" aria-required=\"true\" aria-invalid=\"false\" value=\"\" type=\"text\" name=\"your-name\" \/><\/span>\n\t<\/p>\n<\/div>\n<div class=\"form-item\">\n\t<p><label>E-mail *<\/label><span class=\"wpcf7-form-control-wrap\" data-name=\"your-email\"><input size=\"40\" maxlength=\"400\" class=\"wpcf7-form-control wpcf7-email wpcf7-validates-as-required wpcf7-text wpcf7-validates-as-email\" aria-required=\"true\" aria-invalid=\"false\" value=\"\" type=\"email\" name=\"your-email\" \/><\/span>\n\t<\/p>\n<\/div>\n<div class=\"form-item\">\n\t<p><label>T\u00e9l\u00e9phone *<\/label><span class=\"wpcf7-form-control-wrap\" data-name=\"teu-telefon\"><input size=\"40\" maxlength=\"400\" class=\"wpcf7-form-control wpcf7-tel wpcf7-validates-as-required wpcf7-text wpcf7-validates-as-tel\" aria-required=\"true\" aria-invalid=\"false\" value=\"\" type=\"tel\" name=\"teu-telefon\" \/><\/span>\n\t<\/p>\n<\/div>\n<div class=\"form-item\">\n\t<p><label>Localit\u00e9 *<\/label><span class=\"wpcf7-form-control-wrap\" data-name=\"your-location\"><input size=\"40\" maxlength=\"400\" class=\"wpcf7-form-control wpcf7-text wpcf7-validates-as-required\" aria-required=\"true\" aria-invalid=\"false\" value=\"\" type=\"text\" name=\"your-location\" \/><\/span>\n\t<\/p>\n<\/div>\n<div class=\"form-item\">\n\t<p><label>Motifs *<\/label><span class=\"wpcf7-form-control-wrap\" data-name=\"your-subject\"><input size=\"40\" maxlength=\"400\" class=\"wpcf7-form-control wpcf7-text wpcf7-validates-as-required\" aria-required=\"true\" aria-invalid=\"false\" value=\"\" type=\"text\" name=\"your-subject\" \/><\/span>\n\t<\/p>\n<\/div>\n<div class=\"form-item\">\n\t<p><label>Votre message *<\/label><span class=\"wpcf7-form-control-wrap\" data-name=\"your-message\"><textarea cols=\"40\" rows=\"10\" maxlength=\"2000\" class=\"wpcf7-form-control wpcf7-textarea wpcf7-validates-as-required\" aria-required=\"true\" aria-invalid=\"false\" placeholder=\"Sp\u00e9cifiez les caract\u00e9ristiques et les tailles du produit dont vous avez besoin\" name=\"your-message\"><\/textarea><\/span>\n\t<\/p>\n<\/div>\n<p><span id=\"wpcf7-69d6a15ec4eb5-wrapper\" class=\"wpcf7-form-control-wrap phone-169-wrap\" ><label for=\"wpcf7-69d6a15ec4eb5-field\" class=\"hp-message\">Veuillez laisser ce champ vide.<\/label><input id=\"wpcf7-69d6a15ec4eb5-field\"  class=\"wpcf7-form-control wpcf7-text\" type=\"text\" name=\"phone-169\" value=\"\" size=\"40\" tabindex=\"-1\" autocomplete=\"new-password\" \/><\/span><br \/>\n<span class=\"wpcf7-form-control-wrap\" data-name=\"newsletter\"><span class=\"wpcf7-form-control wpcf7-acceptance optional\"><span class=\"wpcf7-list-item\"><label><input type=\"checkbox\" name=\"newsletter\" value=\"1\" class=\"text-acceptacio\" aria-invalid=\"false\" \/><span class=\"wpcf7-list-item-label\">Je souhaite recevoir des informations commerciales sur les produits, services et actualit\u00e9s de Grabalosa, S.L.<\/span><\/label><\/span><\/span><\/span><br \/>\n<span class=\"wpcf7-form-control-wrap\" data-name=\"acceptacio\"><span class=\"wpcf7-form-control wpcf7-acceptance\"><span class=\"wpcf7-list-item\"><label><input type=\"checkbox\" name=\"acceptacio\" value=\"1\" aria-invalid=\"false\" \/><span class=\"wpcf7-list-item-label\">*J\u2019ai lu et j\u2019accepte la politique de privatiser. <a href=\"https:\/\/grabalosa.com\/fr\/politique-de-privacite\/\" target=\"_blank\">Avis l\u00e9gal i politique de privatiser.<\/a><\/span><\/label><\/span><\/span><\/span>\n<\/p>\n<p class=\"text-acceptacio\">En nom de la St\u00e9 Grabalosa propri\u00e9t\u00e9 du domaine web, grabalosa.com vous informe que toute l\u2019information est trait\u00e9e l\u2019information que vous nous proportionnez \u00e0 travers de ce formulaire pour faire votre demande d\u2019information. Toutes les donn\u00e9es fournies seront conserv\u00e9es pendant votre demande de renseignements est en proc\u00e8s pour vous r\u00e9pondre. Vous avez le droit d\u2019avoir confirmation si Grabalosa est en train de traiter vos donn\u00e9es personnelles, pourtant, vous pouvez acc\u00e9der \u00e0 l\u2019information r\u00e9f\u00e8rent \u00e0 vos coordonn\u00e9s avec l\u2019objectif de les modifier ou solliciter l\u2019annulation si vous le croyez n\u00e9cessaire.\n<\/p>\n<p><input class=\"wpcf7-form-control wpcf7-submit has-spinner\" type=\"submit\" value=\"Envoyer\" \/>\n<\/p><div class=\"wpcf7-response-output\" aria-hidden=\"true\"><\/div>\n<\/form>\n<\/div>\n[\/vc_column][\/vc_row]<\/p>\n<\/div>","protected":false},"excerpt":{"rendered":"<p>[vc_row css_animation=\u00a0\u00bb\u00a0\u00bb row_type=\u00a0\u00bbrow\u00a0\u00bb use_row_as_full_screen_section=\u00a0\u00bbyes\u00a0\u00bb type=\u00a0\u00bbgrid\u00a0\u00bb angled_section=\u00a0\u00bbno\u00a0\u00bb text_align=\u00a0\u00bbleft\u00a0\u00bb background_image_as_pattern=\u00a0\u00bbwithout_pattern\u00a0\u00bb z_index=\u00a0\u00bb\u00a0\u00bb css=\u00a0\u00bb.vc_custom_1591960397219{padding-top: 100px !important;padding-bottom: 100px !important;background-color: #f5f5f5 !important;}\u00a0\u00bb el_class=\u00a0\u00bbformulari\u00a0\u00bb][vc_column width=\u00a0\u00bb5\/6&Prime;&#8230;<\/p>\n","protected":false},"author":1,"featured_media":0,"parent":1394,"menu_order":2,"comment_status":"closed","ping_status":"closed","template":"full_width.php","meta":{"_acf_changed":false,"footnotes":""},"class_list":["post-1411","page","type-page","status-publish","hentry"],"aioseo_notices":[],"acf":[],"_links":{"self":[{"href":"https:\/\/grabalosa.com\/fr\/wp-json\/wp\/v2\/pages\/1411","targetHints":{"allow":["GET"]}}],"collection":[{"href":"https:\/\/grabalosa.com\/fr\/wp-json\/wp\/v2\/pages"}],"about":[{"href":"https:\/\/grabalosa.com\/fr\/wp-json\/wp\/v2\/types\/page"}],"author":[{"embeddable":true,"href":"https:\/\/grabalosa.com\/fr\/wp-json\/wp\/v2\/users\/1"}],"replies":[{"embeddable":true,"href":"https:\/\/grabalosa.com\/fr\/wp-json\/wp\/v2\/comments?post=1411"}],"version-history":[{"count":6,"href":"https:\/\/grabalosa.com\/fr\/wp-json\/wp\/v2\/pages\/1411\/revisions"}],"predecessor-version":[{"id":4006,"href":"https:\/\/grabalosa.com\/fr\/wp-json\/wp\/v2\/pages\/1411\/revisions\/4006"}],"up":[{"embeddable":true,"href":"https:\/\/grabalosa.com\/fr\/wp-json\/wp\/v2\/pages\/1394"}],"wp:attachment":[{"href":"https:\/\/grabalosa.com\/fr\/wp-json\/wp\/v2\/media?parent=1411"}],"curies":[{"name":"wp","href":"https:\/\/api.w.org\/{rel}","templated":true}]}}