{"id":951,"date":"2018-07-13T20:05:36","date_gmt":"2018-07-13T18:05:36","guid":{"rendered":"http:\/\/finestres.ambdues.cat\/?page_id=951"},"modified":"2022-06-23T13:22:18","modified_gmt":"2022-06-23T11:22:18","slug":"finestres-pvc","status":"publish","type":"page","link":"https:\/\/grabalosa.com\/finestres\/producte-finestres\/finestres-pvc\/","title":{"rendered":"Finestres PVC"},"content":{"rendered":"<div class=\"wpb-content-wrapper\"><p>[vc_row css_animation=&#8221;&#8221; row_type=&#8221;row&#8221; use_row_as_full_screen_section=&#8221;no&#8221; type=&#8221;grid&#8221; angled_section=&#8221;no&#8221; text_align=&#8221;left&#8221; background_image_as_pattern=&#8221;without_pattern&#8221; css=&#8221;.vc_custom_1550745931287{padding-bottom: 40px !important;background-color: #ececec !important;}&#8221; z_index=&#8221;&#8221; el_class=&#8221;titol-producte flex-section flex-section-600&#8243;][vc_column width=&#8221;5\/12&#8243; offset=&#8221;vc_col-lg-6 vc_col-md-6 vc_col-xs-12&#8243;][vc_column_text]<\/p>\n<h2 class=\"h1\"><span class=\"w-400\">Finestres de PVC<\/span><br \/>\nFuncionalitat i preu<\/h2>\n<p>[\/vc_column_text][\/vc_column][vc_column width=&#8221;7\/12&#8243; offset=&#8221;vc_col-lg-6 vc_col-md-6 vc_col-xs-12&#8243;][vc_single_image image=&#8221;1719&#8243; img_size=&#8221;full&#8221; alignment=&#8221;center&#8221; qode_css_animation=&#8221;&#8221; el_class=&#8221;imatge-caract-1&#8243;][\/vc_column][\/vc_row][vc_row css_animation=&#8221;&#8221; row_type=&#8221;row&#8221; use_row_as_full_screen_section=&#8221;no&#8221; type=&#8221;grid&#8221; angled_section=&#8221;no&#8221; text_align=&#8221;left&#8221; background_image_as_pattern=&#8221;without_pattern&#8221; css=&#8221;.vc_custom_1545160283181{padding-top: 100px !important;padding-bottom: 100px !important;}&#8221; z_index=&#8221;&#8221; el_class=&#8221;modul-1&#8243;][vc_column width=&#8221;1\/2&#8243; offset=&#8221;vc_col-lg-6 vc_col-md-6 vc_col-xs-12&#8243;][vc_gallery type=&#8221;flexslider_slide&#8221; interval=&#8221;3&#8243; images=&#8221;3164,3165,3166,3167&#8243; img_size=&#8221;full&#8221; direction_nav=&#8221;yes&#8221; control_nav=&#8221;no&#8221; show_image_description=&#8221;yes&#8221; pause_on_hover=&#8221;no&#8221; frame=&#8221;no&#8221; el_class=&#8221;galeria-s-m1&#8243;][\/vc_column][vc_column css_animation=&#8221;right-to-left&#8221; width=&#8221;1\/2&#8243; offset=&#8221;vc_col-lg-6 vc_col-md-6 vc_col-xs-12&#8243;][vc_column_text el_class=&#8221;text-descriptiu-1 text-left&#8221;]<\/p>\n<h2 class=\"h1\">Durabilitat i f\u00e0cil manteniment<\/h2>\n<p>Les finestres de PVC estan fabricades de carboni, hidrogen i clor. Aquesta combinaci\u00f3 qu\u00edmica aporta un dels principlas avantatges d\u2019aquesta tipologia de finestres: la resist\u00e8ncia. S\u00f3n resistents tant als impactes com a les condicions meteorol\u00f2giques.<\/p>\n<p>Tamb\u00e9 destaquen per la seva facilitat de manteniment. S\u00f3n finestres que no s\u2019oxiden, ni es corroeixen i s\u00f3n molt resistents als cops i a les rascades.<\/p>\n<p>[\/vc_column_text]<div class=\"qode-accordion-holder clearfix qode-toggle qode-initial \">\n\t<h6 class=\"clearfix qode-title-holder\">\n<span class=\"qode-tab-title\">\n\t    <span class=\"qode-tab-title-inner\">\n        Llegeix m\u00e9s    <\/span>\n<\/span>\n<span class=\"qode-accordion-mark\">\n    <span class=\"qode-accordion-mark-icon\">\n        <span class=\"icon_plus\"><\/span>\n        <span class=\"icon_minus-06\"><\/span>\n    <\/span>\n<\/span>\n<\/h6>\n<div  class=\"qode-accordion-content \" style=\"padding: 0 0 0 0\">\n    <div class=\"qode-accordion-content-inner\">\n        [vc_column_text el_class=&#8221;text-descriptiu-1 text-left&#8221;]Finestres de disseny molt sobri fan que s\u2019adaptin perfectament a qualsevol estil arquitect\u00f2nic. A m\u00e9s hi ha la possiblitat de fabricar-les amb diferents acabats i colors, i poden imitar materials com la fusta.[\/vc_column_text]    <\/div>\n<\/div><\/div>[\/vc_column][\/vc_row][vc_row css_animation=&#8221;&#8221; row_type=&#8221;row&#8221; use_row_as_full_screen_section=&#8221;no&#8221; type=&#8221;grid&#8221; angled_section=&#8221;no&#8221; text_align=&#8221;left&#8221; background_image_as_pattern=&#8221;without_pattern&#8221; z_index=&#8221;&#8221; css=&#8221;.vc_custom_1545132089421{background-color: #f6f6f6 !important;}&#8221; el_class=&#8221;altres-models modul-porta modul-faqs modul-accord-portes&#8221;][vc_column css=&#8221;.vc_custom_1544029349173{padding-top: 80px !important;padding-bottom: 80px !important;}&#8221;]<div class=\"qode-accordion-holder clearfix qode-toggle qode-initial \">\n\t<h5 class=\"clearfix qode-title-holder\">\n<span class=\"qode-tab-title\">\n\t    <span class=\"qode-tab-title-inner\">\n        Sistemes d&#039;obertura de les finestres de PVC    <\/span>\n<\/span>\n<span class=\"qode-accordion-mark\">\n    <span class=\"qode-accordion-mark-icon\">\n        <span class=\"icon_plus\"><\/span>\n        <span class=\"icon_minus-06\"><\/span>\n    <\/span>\n<\/span>\n<\/h5>\n<div  class=\"qode-accordion-content \" style=\"padding: 4px 0 70px 0\">\n    <div class=\"qode-accordion-content-inner\">\n        [vc_column_text el_class=&#8221;ac-portes-sist-obertura text-left img-3icons&#8221;]<\/p>\n<h3>SISTEMES D\u2019OBERTURA<br \/>\n<span class=\"w-300\">DE LES FINESTRES DE PVC<\/span><\/h3>\n<p class=\"pt-10\">Finestres d\u2019una i dues fulles, practicables, pibotants, oscil\u00b7lobatents, balconeres&#8230;<\/p>\n<p><img decoding=\"async\" class=\"wp-image-811\" src=\"https:\/\/grabalosa.com\/finestres\/wp-content\/uploads\/sites\/3\/2018\/07\/obertura-pvc.svg\" alt=\"Sistemes d'obertura de finestres Grabalosa\" \/>[\/vc_column_text]    <\/div>\n<\/div><h5 class=\"clearfix qode-title-holder\">\n<span class=\"qode-tab-title\">\n\t    <span class=\"qode-tab-title-inner\">\n        Homologaci\u00f3 i certificats    <\/span>\n<\/span>\n<span class=\"qode-accordion-mark\">\n    <span class=\"qode-accordion-mark-icon\">\n        <span class=\"icon_plus\"><\/span>\n        <span class=\"icon_minus-06\"><\/span>\n    <\/span>\n<\/span>\n<\/h5>\n<div  class=\"qode-accordion-content \" style=\"padding: 4px 0 70px 0\">\n    <div class=\"qode-accordion-content-inner\">\n        [vc_column_text el_class=&#8221;ac-portes-sist-obertura text-left obertura-t2 fustes no-cercle&#8221;]<\/p>\n<h3 class=\"pb-50\">HOMOLOGACI\u00d3 I CERTIFICATS<\/h3>\n<ul>\n<li><img loading=\"lazy\" decoding=\"async\" class=\"wp-image-1029\" src=\"https:\/\/grabalosa.com\/finestres\/wp-content\/uploads\/sites\/3\/2018\/07\/aenor-certificat-empresa-registrada.svg\" alt=\"UNE-EN ISO 9001\" width=\"100\" height=\"100\" \/><\/li>\n<li><img loading=\"lazy\" decoding=\"async\" class=\"wp-image-1030\" src=\"https:\/\/grabalosa.com\/finestres\/wp-content\/uploads\/sites\/3\/2018\/07\/aenor-gestio-ambiental.svg\" alt=\"UNE-EN ISO 14001\" width=\"100\" height=\"100\" \/><\/li>\n<li><img loading=\"lazy\" decoding=\"async\" class=\"wp-image-1032\" src=\"https:\/\/grabalosa.com\/finestres\/wp-content\/uploads\/sites\/3\/2018\/07\/eqnet-quality-system-certified.svg\" alt=\"EQNET Quality system\" width=\"100\" height=\"100\" \/><\/li>\n<li><img loading=\"lazy\" decoding=\"async\" class=\"wp-image-1033\" src=\"https:\/\/grabalosa.com\/finestres\/wp-content\/uploads\/sites\/3\/2018\/07\/qualicoat.svg\" alt=\"Qualicoat\" width=\"100\" height=\"100\" \/><\/li>\n<li><img loading=\"lazy\" decoding=\"async\" class=\"wp-image-1031\" src=\"https:\/\/grabalosa.com\/finestres\/wp-content\/uploads\/sites\/3\/2018\/07\/aluminium-association-european-qualanod.svg\" alt=\"Aluminium association european qualanod\" width=\"100\" height=\"100\" \/><\/li>\n<\/ul>\n<p>[\/vc_column_text]    <\/div>\n<\/div><h5 class=\"clearfix qode-title-holder\">\n<span class=\"qode-tab-title\">\n\t    <span class=\"qode-tab-title-inner\">\n        Garantia de qualitat    <\/span>\n<\/span>\n<span class=\"qode-accordion-mark\">\n    <span class=\"qode-accordion-mark-icon\">\n        <span class=\"icon_plus\"><\/span>\n        <span class=\"icon_minus-06\"><\/span>\n    <\/span>\n<\/span>\n<\/h5>\n<div  class=\"qode-accordion-content \" style=\"padding: 4px 0 70px 0\">\n    <div class=\"qode-accordion-content-inner\">\n        [vc_column_text el_class=&#8221;ac-portes-garantia-qualitat text-left&#8221;]<\/p>\n<h3>GARANTIA DE QUALITAT<\/h3>\n<p>Producte de qualitat, responent al Codi T\u00e8cnic de la Construcci\u00f3 (CTE) i del Mercat Europeo (CE).<\/p>\n<h4 class=\"h4-little\">HOMOLOGACI\u00d3<\/h4>\n<ul>\n<li><img decoding=\"async\" src=\"https:\/\/grabalosa.com\/finestres\/wp-content\/uploads\/sites\/3\/2018\/07\/mercat-europeu.svg\" alt=\"Sigles Homologaci\u00f3 Mercat Europeu\" width=\"100\" \/><\/li>\n<li><img decoding=\"async\" src=\"https:\/\/grabalosa.com\/finestres\/wp-content\/uploads\/sites\/3\/2018\/07\/codi-tecnic-construccio.svg\" alt=\"Sigles del Codi T\u00e8cnic de la Construcci\u00f3\" width=\"100\" \/><\/li>\n<\/ul>\n<p>[\/vc_column_text]    <\/div>\n<\/div><\/div>[\/vc_column][\/vc_row][vc_row css_animation=&#8221;&#8221; row_type=&#8221;row&#8221; use_row_as_full_screen_section=&#8221;yes&#8221; type=&#8221;grid&#8221; angled_section=&#8221;no&#8221; text_align=&#8221;left&#8221; background_image_as_pattern=&#8221;without_pattern&#8221; css=&#8221;.vc_custom_1531996322139{background-color: #575757 !important;}&#8221; z_index=&#8221;&#8221; el_class=&#8221;modul-5 p-row&#8221;][vc_column width=&#8221;1\/2&#8243; el_class=&#8221;white-t text-m5&#8243; css=&#8221;.vc_custom_1581338265658{padding-top: 55px !important;padding-right: 20px !important;padding-bottom: 45px !important;padding-left: 20px !important;}&#8221; offset=&#8221;vc_col-lg-6 vc_col-md-6 vc_hidden-md vc_hidden-sm vc_col-xs-12 vc_hidden-xs&#8221;][vc_column_text]<\/p>\n<h2 class=\"h1 no-subtitol\">DISSENY I ACABATS<br \/>\nPERSONALITZATS<\/h2>\n<p>Ofereixen diferents acabats i colors: des de la presentaci\u00f3 del PVC pur (sense cap tractament color); amb acabat foliat, per tal d\u2019aconseguir uns acabats molt decoratius, imitant la textura i color de la fusta natural (roure, noguer&#8230;); o amb un acabat lacat, qualsevol dels colors de la carta RAL.[\/vc_column_text][vc_column_text el_class=&#8221;icones-text-2l&#8221;]<\/p>\n<ul>\n<li><img decoding=\"async\" class=\"icona icona-m cercle colors\" src=\"https:\/\/grabalosa.com\/finestres\/wp-content\/uploads\/sites\/3\/2018\/07\/colors-acabats.svg\" alt=\"Amplia gamma de colors i acabats\" \/><span class=\"white-t\">Amplia gamma de colors i acabats<\/span><\/li>\n<\/ul>\n<p>[\/vc_column_text][\/vc_column][vc_column width=&#8221;1\/2&#8243; el_class=&#8221;white-t imatge-m5&#8243; css=&#8221;.vc_custom_1531996547134{padding-right: 0px !important;padding-left: 0px !important;}&#8221; offset=&#8221;vc_col-lg-6 vc_col-md-6 vc_hidden-md vc_hidden-sm vc_col-xs-12 vc_hidden-xs&#8221;][vc_single_image image=&#8221;1324&#8243; img_size=&#8221;full&#8221; alignment=&#8221;center&#8221; qode_css_animation=&#8221;&#8221;][\/vc_column][\/vc_row][vc_row css_animation=&#8221;&#8221; row_type=&#8221;row&#8221; use_row_as_full_screen_section=&#8221;yes&#8221; type=&#8221;full_width&#8221; angled_section=&#8221;no&#8221; text_align=&#8221;left&#8221; background_image_as_pattern=&#8221;without_pattern&#8221; css=&#8221;.vc_custom_1531996054910{background-color: #575757 !important;}&#8221; z_index=&#8221;&#8221; el_class=&#8221;modul-5&#8243;][vc_column width=&#8221;1\/2&#8243; el_class=&#8221;white-t text-m5&#8243; css=&#8221;.vc_custom_1581338273843{padding-top: 55px !important;padding-right: 20px !important;padding-bottom: 45px !important;padding-left: 20px !important;}&#8221; offset=&#8221;vc_col-lg-6 vc_hidden-lg vc_col-md-6 vc_col-xs-12&#8243;][vc_column_text]<\/p>\n<h2 class=\"h1 no-subtitol\">DISSENY I ACABATS<br \/>\nPERSONALITZATS<\/h2>\n<p>Ofereixen diferents acabats i colors: des de la presentaci\u00f3 del PVC pur (sense cap tractament color); amb acabat foliat, per tal d\u2019aconseguir uns acabats molt decoratius, imitant la textura i color de la fusta natural (roure, noguer&#8230;); o amb un acabat lacat, qualsevol dels colors de la carta RAL.[\/vc_column_text][vc_column_text el_class=&#8221;icones-text-2l&#8221;]<\/p>\n<ul>\n<li><img decoding=\"async\" class=\"icona icona-m cercle colors\" src=\"https:\/\/grabalosa.com\/finestres\/wp-content\/uploads\/sites\/3\/2018\/07\/colors-acabats.svg\" alt=\"Amplia gamma de colors i acabats\" \/><span class=\"white-t\">Amplia gamma de colors i acabats<\/span><\/li>\n<\/ul>\n<p>[\/vc_column_text][\/vc_column][vc_column width=&#8221;1\/2&#8243; el_class=&#8221;white-t imatge-m5&#8243; css=&#8221;.vc_custom_1531996571629{padding-right: 0px !important;padding-left: 0px !important;}&#8221; offset=&#8221;vc_col-lg-6 vc_hidden-lg vc_col-md-6 vc_col-xs-12&#8243;][vc_single_image image=&#8221;1324&#8243; img_size=&#8221;full&#8221; alignment=&#8221;center&#8221; qode_css_animation=&#8221;&#8221;][\/vc_column][\/vc_row][vc_row css_animation=&#8221;&#8221; row_type=&#8221;row&#8221; use_row_as_full_screen_section=&#8221;yes&#8221; type=&#8221;grid&#8221; angled_section=&#8221;no&#8221; text_align=&#8221;left&#8221; background_image_as_pattern=&#8221;without_pattern&#8221; css=&#8221;.vc_custom_1537550429227{padding-top: 70px !important;padding-bottom: 70px !important;background-color: #f1f1f1 !important;}&#8221; z_index=&#8221;&#8221; el_class=&#8221;modul-3&#8243;][vc_column el_class=&#8221;assessor&#8221; offset=&#8221;vc_col-lg-offset-2 vc_col-lg-8 vc_col-md-offset-2 vc_col-md-8 vc_col-sm-offset-0 vc_col-xs-12&#8243;][vc_column_text el_class=&#8221;text-left text-descriptiu-3&#8243;]<\/p>\n<h5>ATENCI\u00d3 AL CLIENT<\/h5>\n<p>[\/vc_column_text][vc_column_text el_class=&#8221;text-left text-descriptiu-3&#8243;]<\/p>\n<h2 class=\"h1\">Assessorament gratu\u00eft<\/h2>\n<div>Si est\u00e0 interessat en finestres DE PVC o necessita m\u00e9s informaci\u00f3 del producte, es pot posar en contacte amb nosaltres i l&#8217;assessorarem gratuitament per trobar l&#8217;opci\u00f3 que m\u00e9s s&#8217;adequa a les seves necessitats.<\/div>\n<p>[\/vc_column_text][vc_row_inner row_type=&#8221;row&#8221; type=&#8221;full_width&#8221; text_align=&#8221;left&#8221; css_animation=&#8221;&#8221; css=&#8221;.vc_custom_1528016690302{margin-top: 40px !important;}&#8221;][vc_column_inner width=&#8221;1\/2&#8243; offset=&#8221;vc_col-lg-6 vc_col-md-6 vc_col-xs-12&#8243;]\n\n\t<a href=\"https:\/\/grabalosa.com\/finestres\/contacte\/#formulari\" target=\"_self\" style=\"color: #ffffff;background-color: #1d1d1b;font-size: 16px;font-weight: 300;text-transform: uppercase;font-style: normal\" class=\"qode-btn qode-btn-medium qode-btn-solid qode-btn-custom-hover-bg qode-btn-custom-hover-color qode-btn-icon boto-assessor spu-open-3230 qode-btn-default-hover\" data-hover-bg-color=\"#555555\" data-hover-color=\"#f2f2f2\" >\n\t    <span class=\"qode-btn-text\">CONTACTA&#039;NS<\/span><span class=\"qode-button-v2-icon-holder\" style=\"font-size: 16px\" ><i class=\"qode_icon_font_awesome fa fa-envelope qode-button-v2-icon-holder-inner\" ><\/i><\/span>\t<\/a>\n\n[\/vc_column_inner][vc_column_inner width=&#8221;1\/2&#8243; offset=&#8221;vc_col-lg-6 vc_col-md-6 vc_col-xs-12&#8243;]\n\n\t<a href=\"tel:+34972788028\" target=\"_self\" style=\"color: #ffffff;background-color: #1d1d1b;font-size: 16px;font-weight: 300;text-transform: uppercase;font-style: normal\" class=\"qode-btn qode-btn-medium qode-btn-solid qode-btn-custom-hover-bg qode-btn-custom-hover-color qode-btn-icon boto-assessor qode-btn-default-hover\" data-hover-bg-color=\"#555555\" data-hover-color=\"#f2f2f2\" >\n\t    <span class=\"qode-btn-text\">(34) 972 788 028<\/span><span class=\"qode-button-v2-icon-holder\" style=\"font-size: 16px\" ><i class=\"qode_icon_font_awesome fa fa-phone qode-button-v2-icon-holder-inner\" ><\/i><\/span>\t<\/a>\n\n[\/vc_column_inner][\/vc_row_inner][\/vc_column][\/vc_row]<\/p>\n<\/div>","protected":false},"excerpt":{"rendered":"<p>[vc_row css_animation=&#8221;&#8221; row_type=&#8221;row&#8221; use_row_as_full_screen_section=&#8221;no&#8221; type=&#8221;grid&#8221; angled_section=&#8221;no&#8221; text_align=&#8221;left&#8221; background_image_as_pattern=&#8221;without_pattern&#8221; css=&#8221;.vc_custom_1550745931287{padding-bottom: 40px !important;background-color: #ececec !important;}&#8221; z_index=&#8221;&#8221; el_class=&#8221;titol-producte flex-section flex-section-600&#8243;][vc_column width=&#8221;5\/12&#8243; offset=&#8221;vc_col-lg-6 vc_col-md-6 vc_col-xs-12&#8243;][vc_column_text] Finestres de PVC Funcionalitat i preu [\/vc_column_text][\/vc_column][vc_column width=&#8221;7\/12&#8243; offset=&#8221;vc_col-lg-6 vc_col-md-6 vc_col-xs-12&#8243;][vc_single_image image=&#8221;1719&#8243; img_size=&#8221;full&#8221; alignment=&#8221;center&#8221; qode_css_animation=&#8221;&#8221; el_class=&#8221;imatge-caract-1&#8243;][\/vc_column][\/vc_row][vc_row css_animation=&#8221;&#8221; row_type=&#8221;row&#8221; use_row_as_full_screen_section=&#8221;no&#8221; type=&#8221;grid&#8221; angled_section=&#8221;no&#8221; text_align=&#8221;left&#8221; background_image_as_pattern=&#8221;without_pattern&#8221; css=&#8221;.vc_custom_1545160283181{padding-top:&#8230;<\/p>\n","protected":false},"author":1,"featured_media":0,"parent":16,"menu_order":2,"comment_status":"closed","ping_status":"closed","template":"full_width.php","meta":{"footnotes":""},"class_list":["post-951","page","type-page","status-publish","hentry"],"aioseo_notices":[],"_links":{"self":[{"href":"https:\/\/grabalosa.com\/finestres\/wp-json\/wp\/v2\/pages\/951","targetHints":{"allow":["GET"]}}],"collection":[{"href":"https:\/\/grabalosa.com\/finestres\/wp-json\/wp\/v2\/pages"}],"about":[{"href":"https:\/\/grabalosa.com\/finestres\/wp-json\/wp\/v2\/types\/page"}],"author":[{"embeddable":true,"href":"https:\/\/grabalosa.com\/finestres\/wp-json\/wp\/v2\/users\/1"}],"replies":[{"embeddable":true,"href":"https:\/\/grabalosa.com\/finestres\/wp-json\/wp\/v2\/comments?post=951"}],"version-history":[{"count":2,"href":"https:\/\/grabalosa.com\/finestres\/wp-json\/wp\/v2\/pages\/951\/revisions"}],"predecessor-version":[{"id":10796,"href":"https:\/\/grabalosa.com\/finestres\/wp-json\/wp\/v2\/pages\/951\/revisions\/10796"}],"up":[{"embeddable":true,"href":"https:\/\/grabalosa.com\/finestres\/wp-json\/wp\/v2\/pages\/16"}],"wp:attachment":[{"href":"https:\/\/grabalosa.com\/finestres\/wp-json\/wp\/v2\/media?parent=951"}],"curies":[{"name":"wp","href":"https:\/\/api.w.org\/{rel}","templated":true}]}}