{"id":1765,"date":"2018-09-21T18:41:25","date_gmt":"2018-09-21T16:41:25","guid":{"rendered":"http:\/\/finestres.ambdues.cat\/?page_id=1765"},"modified":"2022-06-27T10:30:49","modified_gmt":"2022-06-27T08:30:49","slug":"pergoles","status":"publish","type":"page","link":"https:\/\/grabalosa.com\/finestres\/control-solar\/pergoles\/","title":{"rendered":"P\u00e8rgoles"},"content":{"rendered":"<div class=\"wpb-content-wrapper\"><p>[vc_row css_animation=&#8221;&#8221; row_type=&#8221;row&#8221; use_row_as_full_screen_section=&#8221;no&#8221; type=&#8221;grid&#8221; angled_section=&#8221;no&#8221; text_align=&#8221;left&#8221; background_image_as_pattern=&#8221;without_pattern&#8221; css=&#8221;.vc_custom_1550535903216{padding-bottom: 0px !important;background-color: #f5f5f5 !important;}&#8221; z_index=&#8221;&#8221; el_class=&#8221;flex-section flex-section-600 titol-producte modul-6-titol m6-400&#8243;][vc_column css_animation=&#8221;left-to-right&#8221; width=&#8221;1\/2&#8243; el_class=&#8221;text-producte-6&#8243; offset=&#8221;vc_col-lg-6 vc_col-md-6 vc_col-xs-12 vc_hidden-xs&#8221;][vc_column_text]<\/p>\n<h1 class=\"w-400\">P\u00e8rgoles<\/h1>\n<h1>Lames fixes o m\u00f2bils<\/h1>\n<p>[\/vc_column_text][vc_column_text el_class=&#8221;icones-text-titol&#8221;]<\/p>\n<ul>\n<li><img decoding=\"async\" class=\"icona icona-s cercle ventilacio\" src=\"https:\/\/grabalosa.com\/finestres\/wp-content\/uploads\/sites\/3\/2018\/07\/ventilacio-regulable.svg\" alt=\"Ventilaci\u00f3 regulable\" \/><span class=\"no-marxis\">Ventilaci\u00f3 regulable<\/span><\/li>\n<li><img decoding=\"async\" class=\"icona icona-s cercle solar\" src=\"https:\/\/grabalosa.com\/finestres\/wp-content\/uploads\/sites\/3\/2018\/07\/proteccio-solar.svg\" alt=\"Protecci\u00f3 solar\" \/><span class=\"no-marxis\">Protecci\u00f3 solar<\/span><\/li>\n<\/ul>\n<p>[\/vc_column_text][\/vc_column][vc_column width=&#8221;1\/2&#8243; el_class=&#8221;imatge-fullw-titol&#8221; offset=&#8221;vc_col-lg-6 vc_col-md-6 vc_col-xs-12 vc_hidden-xs&#8221; css=&#8221;.vc_custom_1591738582387{background-image: url(https:\/\/grabalosa.com\/finestres\/wp-content\/uploads\/sites\/3\/2020\/06\/Camargue_pergola_bioclimatica_renson-scaled-1.jpg?id=9545) !important;background-position: center !important;background-repeat: no-repeat !important;background-size: cover !important;}&#8221;][\/vc_column][\/vc_row][vc_row css_animation=&#8221;&#8221; row_type=&#8221;row&#8221; use_row_as_full_screen_section=&#8221;no&#8221; type=&#8221;full_width&#8221; angled_section=&#8221;no&#8221; text_align=&#8221;left&#8221; background_image_as_pattern=&#8221;without_pattern&#8221; css=&#8221;.vc_custom_1550535941336{padding-top: 0px !important;padding-bottom: 0px !important;background-color: #f5f5f5 !important;}&#8221; z_index=&#8221;&#8221; el_class=&#8221;flex-section flex-section-600 titol-producte modul-6-titolm&#8221;][vc_column width=&#8221;1\/2&#8243; el_class=&#8221;imatge-fullw-titol&#8221; offset=&#8221;vc_col-lg-6 vc_hidden-lg vc_col-md-6 vc_hidden-md vc_hidden-sm vc_col-xs-12&#8243; css=&#8221;.vc_custom_1591738613842{background-image: url(https:\/\/grabalosa.com\/finestres\/wp-content\/uploads\/sites\/3\/2020\/06\/Camargue_pergola_bioclimatica_renson-scaled-1.jpg?id=9545) !important;background-position: center !important;background-repeat: no-repeat !important;background-size: cover !important;}&#8221;][\/vc_column][vc_column css_animation=&#8221;left-to-right&#8221; width=&#8221;1\/2&#8243; el_class=&#8221;text-producte-6&#8243; offset=&#8221;vc_col-lg-6 vc_hidden-lg vc_col-md-6 vc_hidden-md vc_hidden-sm vc_col-xs-12&#8243; css=&#8221;.vc_custom_1550535954909{padding-top: 45px !important;padding-bottom: 40px !important;}&#8221;][vc_column_text]<\/p>\n<h1 class=\"w-400\">P\u00e8rgoles<\/h1>\n<h1>Lames fixes o m\u00f2bils<\/h1>\n<p>[\/vc_column_text][vc_column_text el_class=&#8221;icones-text-titol&#8221;]<\/p>\n<ul>\n<li><img decoding=\"async\" class=\"icona icona-s cercle ventilacio\" src=\"https:\/\/grabalosa.com\/finestres\/wp-content\/uploads\/sites\/3\/2018\/07\/ventilacio-regulable.svg\" alt=\"Ventilaci\u00f3 regulable\" \/><span class=\"no-marxis\">Ventilaci\u00f3 regulable<\/span><\/li>\n<li><img decoding=\"async\" class=\"icona icona-s cercle solar\" src=\"https:\/\/grabalosa.com\/finestres\/wp-content\/uploads\/sites\/3\/2018\/07\/proteccio-solar.svg\" alt=\"Protecci\u00f3 solar\" \/><span class=\"no-marxis\">Protecci\u00f3 solar<\/span><\/li>\n<\/ul>\n<p>[\/vc_column_text][\/vc_column][\/vc_row][vc_row css_animation=&#8221;&#8221; row_type=&#8221;row&#8221; use_row_as_full_screen_section=&#8221;no&#8221; type=&#8221;grid&#8221; angled_section=&#8221;no&#8221; text_align=&#8221;left&#8221; background_image_as_pattern=&#8221;without_pattern&#8221; css=&#8221;.vc_custom_1531434215737{margin-top: 100px !important;margin-bottom: 100px !important;}&#8221; z_index=&#8221;&#8221; el_class=&#8221;modul-1&#8243;][vc_column width=&#8221;1\/2&#8243; offset=&#8221;vc_col-lg-6 vc_col-md-6 vc_col-xs-12&#8243;][vc_gallery type=&#8221;flexslider_slide&#8221; interval=&#8221;3&#8243; images=&#8221;3258,3254,3261,3255,3257,3256&#8243; img_size=&#8221;full&#8221; direction_nav=&#8221;yes&#8221; control_nav=&#8221;no&#8221; show_image_description=&#8221;yes&#8221; pause_on_hover=&#8221;no&#8221; frame=&#8221;no&#8221; el_class=&#8221;galeria-s-m1&#8243;][\/vc_column][vc_column css_animation=&#8221;right-to-left&#8221; width=&#8221;1\/2&#8243; offset=&#8221;vc_col-lg-6 vc_col-md-6 vc_col-xs-12&#8243;][vc_column_text el_class=&#8221;text-descriptiu-1 text-left&#8221;]<\/p>\n<h1>Per gaudir-ne tot l\u2019any<\/h1>\n<p>Les p\u00e8rgoles bioclim\u00e0tiques de Met\u00e0l\u00b7liques Grabalosa es basen en un sistema de protecci\u00f3 solar de lames girat\u00f2ries i orientables. Aquesta caracter\u00edstica, que \u00e9s el principal fet diferenciador del producte, permet graduar la quantitat de llum i la ventilaci\u00f3 al gust de l&#8217;usuari. A m\u00e9s, en cas de pluja o neu es pot tancar completament la coberta i generar un sostre 100 % impermeable. D&#8217;altra banda, incorpora un sistema de desgu\u00e0s que fa que l&#8217;aigua llisqui cap a les columnes verticals de la p\u00e8rgola.<\/p>\n<p>Aquest sistema de p\u00e8rgoles proporciona un element de protecci\u00f3 solar elegant i pr\u00e0ctic que s&#8217;adapta a qualsevol espai exterior (terrasses, porxos, jardins&#8230;) i que es pot utilitzar en qualsevol \u00e8poca de l&#8217;any.[\/vc_column_text]<div class=\"qode-accordion-holder clearfix qode-toggle qode-initial \">\n\t<h6 class=\"clearfix qode-title-holder\">\n<span class=\"qode-tab-title\">\n\t    <span class=\"qode-tab-title-inner\">\n        Llegeix m\u00e9s    <\/span>\n<\/span>\n<span class=\"qode-accordion-mark\">\n    <span class=\"qode-accordion-mark-icon\">\n        <span class=\"icon_plus\"><\/span>\n        <span class=\"icon_minus-06\"><\/span>\n    <\/span>\n<\/span>\n<\/h6>\n<div  class=\"qode-accordion-content \" style=\"padding: 0 0 0 0\">\n    <div class=\"qode-accordion-content-inner\">\n        [vc_column_text el_class=&#8221;text-descriptiu-1 text-left&#8221;]Avantatges de les p\u00e8rgoles bioclim\u00e0tiques<\/p>\n<p>\u2013S&#8217;adapten a tots els estils constructius: contemporani, tradicional i modern.<br \/>\n\u2013Lames girat\u00f2ries que ofereixen una protecci\u00f3 solar adequada.<br \/>\n\u2013De funcionament motoritzat senzill i silenci\u00f3s.<br \/>\n\u2013Acabats d&#8217;alta qualitat i f\u00e0cil manteniment.[\/vc_column_text]    <\/div>\n<\/div><\/div>[\/vc_column][\/vc_row][vc_row css_animation=&#8221;&#8221; row_type=&#8221;row&#8221; use_row_as_full_screen_section=&#8221;no&#8221; type=&#8221;grid&#8221; angled_section=&#8221;no&#8221; text_align=&#8221;left&#8221; background_image_as_pattern=&#8221;without_pattern&#8221; z_index=&#8221;&#8221; css=&#8221;.vc_custom_1545132089421{background-color: #f6f6f6 !important;}&#8221; el_class=&#8221;altres-models modul-porta modul-faqs modul-accord-portes&#8221;][vc_column css=&#8221;.vc_custom_1544029349173{padding-top: 80px !important;padding-bottom: 80px !important;}&#8221;]<div class=\"qode-accordion-holder clearfix qode-toggle qode-initial \">\n\t<h5 class=\"clearfix qode-title-holder\">\n<span class=\"qode-tab-title\">\n\t    <span class=\"qode-tab-title-inner\">\n        Garantia de qualitat    <\/span>\n<\/span>\n<span class=\"qode-accordion-mark\">\n    <span class=\"qode-accordion-mark-icon\">\n        <span class=\"icon_plus\"><\/span>\n        <span class=\"icon_minus-06\"><\/span>\n    <\/span>\n<\/span>\n<\/h5>\n<div  class=\"qode-accordion-content \" style=\"padding: 4px 0 70px 0\">\n    <div class=\"qode-accordion-content-inner\">\n        [vc_column_text el_class=&#8221;ac-portes-garantia-qualitat text-left&#8221;]<\/p>\n<h3>GARANTIA DE QUALITAT<\/h3>\n<p>El sistema disposa del marcatge CE en el proc\u00e9s de fabricaci\u00f3. Tamb\u00e9 ha esta sotm\u00e8s a proves i assaigs per garantir la resist\u00e8ncia al vent i les forces de maniobra segons les normatives europees.<\/p>\n<h4 class=\"h4-little\">HOMOLOGACI\u00d3<\/h4>\n<ul>\n<li><img decoding=\"async\" src=\"https:\/\/grabalosa.com\/finestres\/wp-content\/uploads\/sites\/3\/2018\/07\/mercat-europeu.svg\" alt=\"Sigles Homologaci\u00f3 Mercat Europeu\" width=\"100\" \/><\/li>\n<li><img decoding=\"async\" src=\"https:\/\/grabalosa.com\/finestres\/wp-content\/uploads\/sites\/3\/2018\/07\/codi-tecnic-construccio.svg\" alt=\"Sigles del Codi T\u00e8cnic de la Construcci\u00f3\" width=\"100\" \/><\/li>\n<\/ul>\n<p>[\/vc_column_text]    <\/div>\n<\/div><\/div>[\/vc_column][\/vc_row][vc_row css_animation=&#8221;&#8221; row_type=&#8221;row&#8221; use_row_as_full_screen_section=&#8221;yes&#8221; type=&#8221;grid&#8221; angled_section=&#8221;no&#8221; text_align=&#8221;left&#8221; background_image_as_pattern=&#8221;without_pattern&#8221; css=&#8221;.vc_custom_1531996322139{background-color: #575757 !important;}&#8221; z_index=&#8221;&#8221; el_class=&#8221;modul-5 p-row&#8221;][vc_column width=&#8221;1\/2&#8243; el_class=&#8221;white-t text-m5&#8243; css=&#8221;.vc_custom_1582040975224{padding-top: 65px !important;padding-right: 20px !important;padding-bottom: 65px !important;padding-left: 20px !important;}&#8221; offset=&#8221;vc_col-lg-6 vc_col-md-6 vc_hidden-md vc_hidden-sm vc_col-xs-12 vc_hidden-xs&#8221;][vc_column_text]<\/p>\n<h1>FUNCIONAMENT MOTORITZAT<\/h1>\n<h1>SENZILL I SILENCI\u00d3S<\/h1>\n<h6><\/h6>\n<p>P\u00e8rgoles bioclim\u00e0tiques que s&#8217;accionen de manera molt f\u00e0cil, dotades d&#8217;un silenci\u00f3s funcionament de lames orientables que dosifiquen l&#8217;entrada de llum i la ventilaci\u00f3, nom\u00e9s en uns segons.[\/vc_column_text][vc_column_text el_class=&#8221;icones-text-2l&#8221;]<\/p>\n<ul>\n<li><img decoding=\"async\" class=\"icona icona-m cercle automatitzacio\" src=\"https:\/\/grabalosa.com\/finestres\/wp-content\/uploads\/sites\/3\/2018\/09\/automatismes-blanc-1.svg\" alt=\"Sistemes d'automatitzaci\u00f3\" \/><span class=\"white-t\">Sistemes d&#8217;automatitzaci\u00f3<\/span><\/li>\n<\/ul>\n<p>[\/vc_column_text][\/vc_column][vc_column width=&#8221;1\/2&#8243; el_class=&#8221;white-t imatge-m5&#8243; css=&#8221;.vc_custom_1531996547134{padding-right: 0px !important;padding-left: 0px !important;}&#8221; offset=&#8221;vc_col-lg-6 vc_col-md-6 vc_hidden-md vc_hidden-sm vc_col-xs-12 vc_hidden-xs&#8221;][vc_single_image image=&#8221;3267&#8243; img_size=&#8221;full&#8221; alignment=&#8221;center&#8221; qode_css_animation=&#8221;&#8221;][\/vc_column][\/vc_row][vc_row css_animation=&#8221;&#8221; row_type=&#8221;row&#8221; use_row_as_full_screen_section=&#8221;yes&#8221; type=&#8221;full_width&#8221; angled_section=&#8221;no&#8221; text_align=&#8221;left&#8221; background_image_as_pattern=&#8221;without_pattern&#8221; css=&#8221;.vc_custom_1531996054910{background-color: #575757 !important;}&#8221; z_index=&#8221;&#8221; el_class=&#8221;modul-5&#8243;][vc_column width=&#8221;1\/2&#8243; el_class=&#8221;white-t text-m5&#8243; css=&#8221;.vc_custom_1538240961206{padding-top: 50px !important;padding-right: 20px !important;padding-bottom: 50px !important;padding-left: 20px !important;}&#8221; offset=&#8221;vc_col-lg-6 vc_hidden-lg vc_col-md-6 vc_col-xs-12&#8243;][vc_column_text]<\/p>\n<h1>FUNCIONAMENT MOTORITZAT<\/h1>\n<h1>SENZILL I SILENCI\u00d3S<\/h1>\n<h6><\/h6>\n<p>P\u00e8rgoles bioclim\u00e0tiques que s&#8217;accionen de manera molt f\u00e0cil, dotades d&#8217;un silenci\u00f3s funcionament de lames orientables que dosifiquen l&#8217;entrada de llum i la ventilaci\u00f3, nom\u00e9s en uns segons.[\/vc_column_text][vc_column_text el_class=&#8221;icones-text-2l&#8221;]<\/p>\n<ul>\n<li><img decoding=\"async\" class=\"icona icona-m cercle automatitzacio\" src=\"https:\/\/grabalosa.com\/finestres\/wp-content\/uploads\/sites\/3\/2018\/09\/automatismes-blanc-1.svg\" alt=\"Sistemes d'automatitzaci\u00f3\" \/><span class=\"white-t\">Sistemes d&#8217;automatitzaci\u00f3<\/span><\/li>\n<\/ul>\n<p>[\/vc_column_text][\/vc_column][vc_column width=&#8221;1\/2&#8243; el_class=&#8221;white-t imatge-m5&#8243; css=&#8221;.vc_custom_1531996571629{padding-right: 0px !important;padding-left: 0px !important;}&#8221; offset=&#8221;vc_col-lg-6 vc_hidden-lg vc_col-md-6 vc_col-xs-12&#8243;][vc_single_image image=&#8221;3267&#8243; img_size=&#8221;full&#8221; alignment=&#8221;center&#8221; qode_css_animation=&#8221;&#8221;][\/vc_column][\/vc_row][vc_row css_animation=&#8221;&#8221; row_type=&#8221;row&#8221; use_row_as_full_screen_section=&#8221;yes&#8221; type=&#8221;grid&#8221; angled_section=&#8221;no&#8221; text_align=&#8221;left&#8221; background_image_as_pattern=&#8221;without_pattern&#8221; css=&#8221;.vc_custom_1538216246763{padding-top: 70px !important;padding-bottom: 70px !important;background-color: #ffffff !important;}&#8221; z_index=&#8221;&#8221; el_class=&#8221;modul-3&#8243;][vc_column el_class=&#8221;assessor&#8221; offset=&#8221;vc_col-lg-offset-2 vc_col-lg-8 vc_col-md-offset-2 vc_col-md-8 vc_col-sm-offset-0 vc_col-xs-12&#8243;][vc_column_text el_class=&#8221;text-left text-descriptiu-3&#8243;]<\/p>\n<h5>ATENCI\u00d3 AL CLIENT<\/h5>\n<p>[\/vc_column_text][vc_column_text el_class=&#8221;text-left text-descriptiu-3&#8243;]<\/p>\n<h1>Assessorament gratu\u00eft<\/h1>\n<p>Si est\u00e0 interessat en les p\u00e8rgoles bioclim\u00e0tiques o necessita m\u00e9s informaci\u00f3, es pot posar en contacte amb nosaltres i l\u2019assessorarem gratuitament per trobar l\u2019opci\u00f3 que m\u00e9s s\u2019adequa a les seves necessitats.[\/vc_column_text][vc_row_inner row_type=&#8221;row&#8221; type=&#8221;full_width&#8221; text_align=&#8221;left&#8221; css_animation=&#8221;&#8221; css=&#8221;.vc_custom_1528016690302{margin-top: 40px !important;}&#8221;][vc_column_inner width=&#8221;1\/2&#8243; offset=&#8221;vc_col-lg-6 vc_col-md-6 vc_col-xs-12&#8243;]\n\n\t<a href=\"https:\/\/grabalosa.com\/finestres\/contacte\/#formulari\" target=\"_self\" style=\"color: #ffffff;background-color: #1d1d1b;font-size: 16px;font-weight: 300;text-transform: uppercase;font-style: normal\" class=\"qode-btn qode-btn-medium qode-btn-solid qode-btn-custom-hover-bg qode-btn-custom-hover-color qode-btn-icon boto-assessor spu-open-3230 qode-btn-default-hover\" data-hover-bg-color=\"#555555\" data-hover-color=\"#f2f2f2\" >\n\t    <span class=\"qode-btn-text\">CONTACTA&#039;NS<\/span><span class=\"qode-button-v2-icon-holder\" style=\"font-size: 16px\" ><i class=\"qode_icon_font_awesome fa fa-envelope qode-button-v2-icon-holder-inner\" ><\/i><\/span>\t<\/a>\n\n[\/vc_column_inner][vc_column_inner width=&#8221;1\/2&#8243; offset=&#8221;vc_col-lg-6 vc_col-md-6 vc_col-xs-12&#8243;]\n\n\t<a href=\"tel:+34972788028\" target=\"_self\" style=\"color: #ffffff;background-color: #1d1d1b;font-size: 16px;font-weight: 300;text-transform: uppercase;font-style: normal\" class=\"qode-btn qode-btn-medium qode-btn-solid qode-btn-custom-hover-bg qode-btn-custom-hover-color qode-btn-icon boto-assessor qode-btn-default-hover\" data-hover-bg-color=\"#555555\" data-hover-color=\"#f2f2f2\" >\n\t    <span class=\"qode-btn-text\">(34) 972 788 028<\/span><span class=\"qode-button-v2-icon-holder\" style=\"font-size: 16px\" ><i class=\"qode_icon_font_awesome fa fa-phone qode-button-v2-icon-holder-inner\" ><\/i><\/span>\t<\/a>\n\n[\/vc_column_inner][\/vc_row_inner][\/vc_column][\/vc_row]<\/p>\n<\/div>","protected":false},"excerpt":{"rendered":"<p>[vc_row css_animation=&#8221;&#8221; row_type=&#8221;row&#8221; use_row_as_full_screen_section=&#8221;no&#8221; type=&#8221;grid&#8221; angled_section=&#8221;no&#8221; text_align=&#8221;left&#8221; background_image_as_pattern=&#8221;without_pattern&#8221; css=&#8221;.vc_custom_1550535903216{padding-bottom: 0px !important;background-color: #f5f5f5 !important;}&#8221; z_index=&#8221;&#8221; el_class=&#8221;flex-section flex-section-600 titol-producte modul-6-titol m6-400&#8243;][vc_column css_animation=&#8221;left-to-right&#8221; width=&#8221;1\/2&#8243; el_class=&#8221;text-producte-6&#8243; offset=&#8221;vc_col-lg-6 vc_col-md-6 vc_col-xs-12 vc_hidden-xs&#8221;][vc_column_text] P\u00e8rgoles Lames fixes o m\u00f2bils [\/vc_column_text][vc_column_text el_class=&#8221;icones-text-titol&#8221;] Ventilaci\u00f3 regulable Protecci\u00f3 solar [\/vc_column_text][\/vc_column][vc_column width=&#8221;1\/2&#8243; el_class=&#8221;imatge-fullw-titol&#8221; offset=&#8221;vc_col-lg-6 vc_col-md-6 vc_col-xs-12 vc_hidden-xs&#8221; css=&#8221;.vc_custom_1591738582387{background-image:&#8230;<\/p>\n","protected":false},"author":1,"featured_media":0,"parent":20,"menu_order":5,"comment_status":"closed","ping_status":"closed","template":"full_width.php","meta":{"footnotes":""},"class_list":["post-1765","page","type-page","status-publish","hentry"],"aioseo_notices":[],"_links":{"self":[{"href":"https:\/\/grabalosa.com\/finestres\/wp-json\/wp\/v2\/pages\/1765","targetHints":{"allow":["GET"]}}],"collection":[{"href":"https:\/\/grabalosa.com\/finestres\/wp-json\/wp\/v2\/pages"}],"about":[{"href":"https:\/\/grabalosa.com\/finestres\/wp-json\/wp\/v2\/types\/page"}],"author":[{"embeddable":true,"href":"https:\/\/grabalosa.com\/finestres\/wp-json\/wp\/v2\/users\/1"}],"replies":[{"embeddable":true,"href":"https:\/\/grabalosa.com\/finestres\/wp-json\/wp\/v2\/comments?post=1765"}],"version-history":[{"count":2,"href":"https:\/\/grabalosa.com\/finestres\/wp-json\/wp\/v2\/pages\/1765\/revisions"}],"predecessor-version":[{"id":10884,"href":"https:\/\/grabalosa.com\/finestres\/wp-json\/wp\/v2\/pages\/1765\/revisions\/10884"}],"up":[{"embeddable":true,"href":"https:\/\/grabalosa.com\/finestres\/wp-json\/wp\/v2\/pages\/20"}],"wp:attachment":[{"href":"https:\/\/grabalosa.com\/finestres\/wp-json\/wp\/v2\/media?parent=1765"}],"curies":[{"name":"wp","href":"https:\/\/api.w.org\/{rel}","templated":true}]}}