{"id":14,"date":"2018-05-31T11:23:57","date_gmt":"2018-05-31T09:23:57","guid":{"rendered":"http:\/\/s597688454.mialojamiento.es\/grabalosa\/?page_id=14"},"modified":"2024-01-11T13:27:08","modified_gmt":"2024-01-11T12:27:08","slug":"inici","status":"publish","type":"page","link":"https:\/\/grabalosa.com\/finestres\/","title":{"rendered":"Inici"},"content":{"rendered":"<div class=\"wpb-content-wrapper\"><p>[vc_row css_animation=&#8221;&#8221; row_type=&#8221;row&#8221; use_row_as_full_screen_section=&#8221;no&#8221; type=&#8221;full_width&#8221; angled_section=&#8221;no&#8221; text_align=&#8221;left&#8221; background_image_as_pattern=&#8221;without_pattern&#8221;][vc_column][\/vc_column][\/vc_row][vc_row css_animation=&#8221;&#8221; row_type=&#8221;row&#8221; use_row_as_full_screen_section=&#8221;no&#8221; type=&#8221;grid&#8221; angled_section=&#8221;no&#8221; text_align=&#8221;left&#8221; background_image_as_pattern=&#8221;without_pattern&#8221; z_index=&#8221;&#8221; css=&#8221;.vc_custom_1544013558499{margin-top: 20px !important;margin-bottom: 20px !important;padding-top: 60px !important;padding-bottom: 60px !important;background-color: #f1f1f1 !important;}&#8221; el_class=&#8221;tres-icones&#8221;][vc_column width=&#8221;1\/3&#8243; el_class=&#8221;icon-pressupost icon-blanc&#8221; offset=&#8221;vc_col-lg-4 vc_col-md-4 vc_col-xs-12&#8243;][vc_raw_html]JTNDZGl2JTIwY2xhc3MlM0QlMjJpY29uYS1hbWItdGV4dCUyMiUzRSUzQ2ltZyUyMGl0ZW1wcm9wJTNEJTIyaW1hZ2UlMjIlMjBzcmMlM0QlMjJodHRwcyUzQSUyRiUyRmdyYWJhbG9zYS5jb20lMkZ3cC1jb250ZW50JTJGdXBsb2FkcyUyRnNpdGVzJTJGMiUyRjIwMTglMkYxMSUyRnByZXNzdXBvc3QtZ3JhdHVpdC1uZWdyZS5zdmclMjIlMjBhbHQlM0QlMjJJY29uYSUyMGQlMjd1bmElMjBmYWN0dXJhJTIwaSUyMHVuYSUyMGNhbGN1bGFkb3JhJTIwc2ltYm9saXR6YW50JTIwZWwlMjBwcmVzc3Vwb3N0JTIwZGUlMjBsZXMlMjBmaW5lc3RyZXMlMjIlM0UlM0NoMyUzRVBSRVNTVVBPU1QlM0MlMkZoMyUzRSUzQ2gzJTIwY2xhc3MlM0QlMjJ3LTQwMCUyMiUzRUdSQVRVJUMzJThGVCUzQyUyRmgzJTNFJTNDcCUzRVNvbCVDMiVCN2xpY2l0aSUyMHByZXNzdXBvc3QlMjBzZW5zZSUyMGNvbXByb20lQzMlQURzJTIwb21wbGludCUyMHVuJTIwc2VuemlsbCUyMGZvcm11bGFyaS4lM0MlMkZwJTNFJTNDJTJGZGl2JTNF[\/vc_raw_html]<a  itemprop=\"url\" href=\"https:\/\/grabalosa.com\/finestres\/pressupost\/\" target=\"_self\" data-hover-background-color=\"#1d1d1b\" data-hover-border-color=\"#1d1d1b\" data-hover-color=\"#ffffff\" class=\"qbutton  small center white default boto-multiproducte boto-mesinfo boto-pressu spu-open-3217\" style=\"color: #1d1d1b; border-color: #1d1d1b; border-radius: 3px;-moz-border-radius: 3px;-webkit-border-radius: 3px; background-color:transparent;\">M\u00c9S INFORMACI\u00d3<\/a>[\/vc_column][vc_column width=&#8221;1\/3&#8243; el_class=&#8221;icon-visita icon-blanc&#8221; offset=&#8221;vc_col-lg-4 vc_col-md-4 vc_col-xs-12&#8243;][vc_raw_html]JTNDZGl2JTIwY2xhc3MlM0QlMjJpY29uYS1hbWItdGV4dCUyMiUzRSUzQ2ltZyUyMGl0ZW1wcm9wJTNEJTIyaW1hZ2UlMjIlMjBzcmMlM0QlMjJodHRwcyUzQSUyRiUyRmdyYWJhbG9zYS5jb20lMkZ3cC1jb250ZW50JTJGdXBsb2FkcyUyRnNpdGVzJTJGMiUyRjIwMTglMkYxMSUyRnZpc2l0YS1jb21lcmNpYWwtbmVncmUuc3ZnJTIyJTIwYWx0JTNEJTIySWNvbmElMjBkJTI3dW4lMjBkZXN0b3JuaWxsYWRvciUyMGklMjB1bmElMjBjbGF1JTIwYW5nbGVzYSUyMGNyZXVhZGVzJTIwc2ltYm9saXR6YW50JTIwZWwlMjBzZXJ2ZWklMjBkZSUyMHJlcGFyYWNpJUMzJUIzJTIwcG9zdHZlbmRhJTIyJTNFJTBBJTNDaDMlMjBjbGFzcyUzRCUyMnctNDAwJTIyJTNFVklTSVRBJTNDJTJGaDMlM0UlMEElM0NoMyUzRUNPTUVSQ0lBTCUzQyUyRmgzJTNFJTBBJTNDcCUzRVVuJTIwZGVscyUyMG5vc3RyZXMlMjB0JUMzJUE4Y25pY3MlMjBjb21lcmNpYWxzJTIwZWxzJTIwYXNzZXNzb3JhciVDMyVBMCUyMGRlJTIwbGVzJTIwc29sdWNpb25zJTIwbSVDMyVBOXMlMjBhZGllbnRzLiUzQyUyRnAlM0UlM0MlMkZkaXYlM0U=[\/vc_raw_html]<a  itemprop=\"url\" href=\"https:\/\/grabalosa.com\/servei-al-client\/visita-comercial\/\" target=\"_self\" data-hover-background-color=\"#1d1d1b\" data-hover-border-color=\"#1d1d1b\" data-hover-color=\"#ffffff\" class=\"qbutton  small center white default boto-multiproducte boto-mesinfo boto-visita-comercial spu-open-3222\" style=\"color: #1d1d1b; border-color: #1d1d1b; border-radius: 3px;-moz-border-radius: 3px;-webkit-border-radius: 3px; \">M\u00c9S INFORMACI\u00d3<\/a>[\/vc_column][vc_column width=&#8221;1\/3&#8243; el_class=&#8221;icon-postvenda icon-blanc&#8221; offset=&#8221;vc_col-lg-4 vc_col-md-4 vc_col-xs-12&#8243;][vc_raw_html]JTNDZGl2JTIwY2xhc3MlM0QlMjJpY29uYS1hbWItdGV4dCUyMiUzRSUzQ2ltZyUyMGl0ZW1wcm9wJTNEJTIyaW1hZ2UlMjIlMjBzcmMlM0QlMjJodHRwcyUzQSUyRiUyRmdyYWJhbG9zYS5jb20lMkZ3cC1jb250ZW50JTJGdXBsb2FkcyUyRnNpdGVzJTJGMiUyRjIwMTglMkYxMSUyRnNlcnZlaS1wb3N0dmVuZGEtbmVncmUuc3ZnJTIyJTIwYWx0JTNEJTIySWNvbmElMjBkJTI3dW5hJTIwbWFsZXRhJTIwcXVlJTIwc2ltYm9saXR6YSUyMGxhJTIwdmlzaXRhJTIwY29tZXJjaWFsJTIyJTNFJTBBJTNDaDMlMjBjbGFzcyUzRCUyMnctNDAwJTIyJTNFU0VSVkVJJTNDJTJGaDMlM0UlMEElM0NoMyUzRVBPU1QtVkVOREElM0MlMkZoMyUzRSUwQSUzQ3AlM0VTZXJ2ZWklMjBkZSUyMG1hbnRlbmltZW50JTIwaSUyMHBvc3QtdmVuZGElMjBsZXMlMjAyNCUyMGhvcmVzJTIwYWwlMjBkaWElMjBlbHMlMjA3JTIwZGllcyUyMGRlJTIwbGElMjBzZXRtYW5hLiUzQyUyRnAlM0UlM0MlMkZkaXYlM0U=[\/vc_raw_html]<a  itemprop=\"url\" href=\"https:\/\/grabalosa.com\/servei-al-client\/servei-post-venda\/\" target=\"_self\" data-hover-background-color=\"#1d1d1b\" data-hover-border-color=\"#1d1d1b\" data-hover-color=\"#ffffff\" class=\"qbutton  small center white default boto-multiproducte boto-mesinfo boto-servei-comercial spu-open-3224\" style=\"color: #1d1d1b; border-color: #1d1d1b; border-radius: 3px;-moz-border-radius: 3px;-webkit-border-radius: 3px; \">M\u00c9S INFORMACI\u00d3<\/a>[\/vc_column][\/vc_row][vc_row css_animation=&#8221;&#8221; row_type=&#8221;row&#8221; use_row_as_full_screen_section=&#8221;no&#8221; type=&#8221;grid&#8221; angled_section=&#8221;no&#8221; text_align=&#8221;left&#8221; background_image_as_pattern=&#8221;without_pattern&#8221; z_index=&#8221;&#8221; el_class=&#8221;finestres-categories&#8221;][vc_column width=&#8221;1\/2&#8243; el_class=&#8221;producte-c ic_col-xxs-12&#8243; css=&#8221;.vc_custom_1537181764456{padding-right: 3px !important;padding-left: 3px !important;}&#8221; offset=&#8221;vc_col-lg-4 vc_col-md-4 vc_hidden-md vc_hidden-sm vc_col-xs-6 vc_hidden-xs&#8221;]<div class=\"image_hover \" data-transition-delay=\"\"><div class=\"images_holder\"><a itemprop=\"url\" href=\"https:\/\/grabalosa.com\/finestres\/producte-finestres\/finestres-alumini\/\" target=\"_self\"><img decoding=\"async\" itemprop=\"image\" class=\"active_image \" src=\"https:\/\/grabalosa.com\/finestres\/wp-content\/uploads\/sites\/3\/2018\/09\/01t2-finestres-alumini-grabalosa-inici.jpg\" alt=\"Finestres d&#039;alumini - Met\u00e0l\u00b7liques Grabalosa\" style=\"\" \/><img decoding=\"async\" itemprop=\"image\" class=\"hover_image\" src=\"https:\/\/grabalosa.com\/finestres\/wp-content\/uploads\/sites\/3\/2018\/09\/01-2finestres-alumini-grabalosa-inici.jpg\" alt=\"Finestres d&#039;alumini - Met\u00e0l\u00b7liques Grabalosa\" style=\"\" \/><\/a><\/div><\/div>[vc_column_text el_class=&#8221;titol-cat-hover&#8221;]<\/p>\n<h2>Finestres<\/h2>\n<h2>d&#8217;alumini<\/h2>\n<p>[\/vc_column_text][\/vc_column][vc_column width=&#8221;1\/2&#8243; css=&#8221;.vc_custom_1537181804359{padding-right: 3px !important;padding-left: 3px !important;}&#8221; el_class=&#8221;producte-c ic_col-xxs-12&#8243; offset=&#8221;vc_col-lg-4 vc_col-md-4 vc_hidden-md vc_hidden-sm vc_col-xs-6 vc_hidden-xs&#8221;]<div class=\"image_hover \" data-transition-delay=\"\"><div class=\"images_holder\"><a itemprop=\"url\" href=\"https:\/\/grabalosa.com\/finestres\/producte-finestres\/finestres-pvc\/\" target=\"_self\"><img decoding=\"async\" itemprop=\"image\" class=\"active_image \" src=\"https:\/\/grabalosa.com\/finestres\/wp-content\/uploads\/sites\/3\/2018\/09\/02t-finestres-pvc-grabalosa-inici.jpg\" alt=\"Finestres de PVC - Met\u00e0l\u00b7liques Grabalosa\" style=\"\" \/><img decoding=\"async\" itemprop=\"image\" class=\"hover_image\" src=\"https:\/\/grabalosa.com\/finestres\/wp-content\/uploads\/sites\/3\/2018\/09\/02-finestres-pvc-grabalosa-inici.jpg\" alt=\"Finestres de PVC - Met\u00e0l\u00b7liques Grabalosa\" style=\"\" \/><\/a><\/div><\/div>[vc_column_text el_class=&#8221;titol-cat-hover&#8221;]<\/p>\n<h2>Finestres<\/h2>\n<h2>PVC<\/h2>\n<p>[\/vc_column_text][\/vc_column][vc_column width=&#8221;1\/2&#8243; css=&#8221;.vc_custom_1537181812484{padding-right: 3px !important;padding-left: 3px !important;}&#8221; el_class=&#8221;producte-c ic_col-xxs-12&#8243; offset=&#8221;vc_col-lg-4 vc_col-md-4 vc_hidden-md vc_hidden-sm vc_col-xs-6 vc_hidden-xs&#8221;]<div class=\"image_hover \" data-transition-delay=\"\"><div class=\"images_holder\"><a itemprop=\"url\" href=\"https:\/\/grabalosa.com\/finestres\/producte-finestres\/finestres-mixtes-alfus\/\" target=\"_self\"><img decoding=\"async\" itemprop=\"image\" class=\"active_image \" src=\"https:\/\/grabalosa.com\/finestres\/wp-content\/uploads\/sites\/3\/2018\/09\/03t3-finestres-mixtes-alfus-grabalosa-inici.jpg\" alt=\"Finestres mixtes (ALFUS) - Met\u00e0l\u00b7liques Grabalosa\" style=\"\" \/><img decoding=\"async\" itemprop=\"image\" class=\"hover_image\" src=\"https:\/\/grabalosa.com\/finestres\/wp-content\/uploads\/sites\/3\/2018\/09\/03-finestres-mixtes-alfus-grabalosa-inici.jpg\" alt=\"Finestres mixtes (ALFUS) - Met\u00e0l\u00b7liques Grabalosa\" style=\"\" \/><\/a><\/div><\/div>[vc_column_text el_class=&#8221;titol-cat-hover&#8221;]<\/p>\n<h2>Finestres<\/h2>\n<h2>mixtes (Alfus)<\/h2>\n<p>[\/vc_column_text][\/vc_column][vc_column width=&#8221;1\/2&#8243; el_class=&#8221;producte-c ic_col-xxs-12&#8243; css=&#8221;.vc_custom_1537181827827{padding-right: 3px !important;padding-left: 3px !important;}&#8221; offset=&#8221;vc_col-lg-4 vc_col-md-4 vc_hidden-md vc_hidden-sm vc_col-xs-6 vc_hidden-xs&#8221;]<div class=\"image_hover \" data-transition-delay=\"\"><div class=\"images_holder\"><a itemprop=\"url\" href=\"https:\/\/grabalosa.com\/finestres\/producte-finestres\/finestres-minimalistes\/\" target=\"_self\"><img decoding=\"async\" itemprop=\"image\" class=\"active_image \" src=\"https:\/\/grabalosa.com\/finestres\/wp-content\/uploads\/sites\/3\/2018\/09\/04t2-finestres-minimalistes-grabalosa-inici.jpg\" alt=\"Finestres minimalistes - Met\u00e0l\u00b7liques Grabalosa\" style=\"\" \/><img decoding=\"async\" itemprop=\"image\" class=\"hover_image\" src=\"https:\/\/grabalosa.com\/finestres\/wp-content\/uploads\/sites\/3\/2018\/09\/04-2finestres-minimalistes-grabalosa-inici.jpg\" alt=\"Finestres minimalistes - Met\u00e0l\u00b7liques Grabalosa\" style=\"\" \/><\/a><\/div><\/div>[vc_column_text el_class=&#8221;titol-cat-hover&#8221;]<\/p>\n<h2>Finestres<\/h2>\n<h2>minimalistes<\/h2>\n<p>[\/vc_column_text][\/vc_column][vc_column width=&#8221;1\/2&#8243; el_class=&#8221;producte-c ic_col-xxs-12&#8243; css=&#8221;.vc_custom_1537181835173{padding-right: 3px !important;padding-left: 3px !important;}&#8221; offset=&#8221;vc_col-lg-4 vc_col-md-4 vc_hidden-md vc_hidden-sm vc_col-xs-6 vc_hidden-xs&#8221;]<div class=\"image_hover \" data-transition-delay=\"\"><div class=\"images_holder\"><a itemprop=\"url\" href=\"https:\/\/grabalosa.com\/finestres\/producte-finestres\/finestres-panoramiques\/\" target=\"_self\"><img decoding=\"async\" itemprop=\"image\" class=\"active_image \" src=\"https:\/\/grabalosa.com\/finestres\/wp-content\/uploads\/sites\/3\/2018\/11\/05t2-finestres-panoramiques-grabalosa-inici.jpg\" alt=\"Finestres panor\u00e0miques - Met\u00e0l\u00b7liques Grabalosa\" style=\"\" \/><img decoding=\"async\" itemprop=\"image\" class=\"hover_image\" src=\"https:\/\/grabalosa.com\/finestres\/wp-content\/uploads\/sites\/3\/2018\/09\/05-finestres-panoramiques-grabalosa-inici.jpg\" alt=\"Finestres panor\u00e0miques - Met\u00e0l\u00b7liques Grabalosa\" style=\"\" \/><\/a><\/div><\/div>[vc_column_text el_class=&#8221;titol-cat-hover&#8221;]<\/p>\n<h2>Finestres<\/h2>\n<h2>panor\u00e0miques<\/h2>\n<p>[\/vc_column_text][\/vc_column][vc_column width=&#8221;1\/2&#8243; el_class=&#8221;producte-c ic_col-xxs-12&#8243; css=&#8221;.vc_custom_1537181842373{padding-right: 3px !important;padding-left: 3px !important;}&#8221; offset=&#8221;vc_col-lg-4 vc_col-md-4 vc_hidden-md vc_hidden-sm vc_col-xs-6 vc_hidden-xs&#8221;]<div class=\"image_hover \" data-transition-delay=\"\"><div class=\"images_holder\"><a itemprop=\"url\" href=\"https:\/\/grabalosa.com\/finestres\/sostres-terraces-i-facanes\/\" target=\"_self\"><img decoding=\"async\" itemprop=\"image\" class=\"active_image \" src=\"https:\/\/grabalosa.com\/finestres\/wp-content\/uploads\/sites\/3\/2018\/09\/06t2-finestres-sostres-terrasses-facanes-grabalosa-inici.jpg\" alt=\"Sostres, terraces i fa\u00e7anes - Met\u00e0l\u00b7liques Grabalosa\" style=\"\" \/><img decoding=\"async\" itemprop=\"image\" class=\"hover_image\" src=\"https:\/\/grabalosa.com\/finestres\/wp-content\/uploads\/sites\/3\/2018\/09\/06-finestres-sostres-terrasses-facanes-grabalosa-inici.jpg\" alt=\"Sostres, terraces i fa\u00e7anes - Met\u00e0l\u00b7liques Grabalosa\" style=\"\" \/><\/a><\/div><\/div>[vc_column_text el_class=&#8221;titol-cat-hover&#8221;]<\/p>\n<h2>Sostres, terrasses<\/h2>\n<h2>i fa\u00e7anes<\/h2>\n<p>[\/vc_column_text][\/vc_column][\/vc_row][vc_row css_animation=&#8221;&#8221; row_type=&#8221;row&#8221; use_row_as_full_screen_section=&#8221;no&#8221; type=&#8221;full_width&#8221; angled_section=&#8221;no&#8221; text_align=&#8221;left&#8221; background_image_as_pattern=&#8221;without_pattern&#8221; z_index=&#8221;&#8221; el_class=&#8221;finestres-categories&#8221;][vc_column width=&#8221;1\/2&#8243; el_class=&#8221;producte-c ic_col-xxs-12&#8243; css=&#8221;.vc_custom_1537181857936{padding-right: 3px !important;padding-left: 3px !important;}&#8221; offset=&#8221;vc_col-lg-4 vc_hidden-lg vc_col-md-4 vc_col-xs-6&#8243;]<div class=\"image_hover \" data-transition-delay=\"\"><div class=\"images_holder\"><a itemprop=\"url\" href=\"https:\/\/grabalosa.com\/finestres\/producte-finestres\/finestres-alumini\/\" target=\"_self\"><img decoding=\"async\" itemprop=\"image\" class=\"active_image \" src=\"https:\/\/grabalosa.com\/finestres\/wp-content\/uploads\/sites\/3\/2018\/09\/01t2-finestres-alumini-grabalosa-inici.jpg\" alt=\"Finestres d&#039;alumini - Met\u00e0l\u00b7liques Grabalosa\" style=\"\" \/><img decoding=\"async\" itemprop=\"image\" class=\"hover_image\" src=\"https:\/\/grabalosa.com\/finestres\/wp-content\/uploads\/sites\/3\/2018\/09\/01-2finestres-alumini-grabalosa-inici.jpg\" alt=\"Finestres d&#039;alumini - Met\u00e0l\u00b7liques Grabalosa\" style=\"\" \/><\/a><\/div><\/div>[vc_column_text el_class=&#8221;titol-cat-hover&#8221;]<\/p>\n<h2>Finestres<\/h2>\n<h2>d&#8217;alumini<\/h2>\n<p>[\/vc_column_text][\/vc_column][vc_column width=&#8221;1\/2&#8243; css=&#8221;.vc_custom_1537181863911{padding-right: 3px !important;padding-left: 3px !important;}&#8221; el_class=&#8221;producte-c ic_col-xxs-12&#8243; offset=&#8221;vc_col-lg-4 vc_hidden-lg vc_col-md-4 vc_col-xs-6&#8243;]<div class=\"image_hover \" data-transition-delay=\"\"><div class=\"images_holder\"><a itemprop=\"url\" href=\"https:\/\/grabalosa.com\/finestres\/producte-finestres\/finestres-pvc\/\" target=\"_self\"><img decoding=\"async\" itemprop=\"image\" class=\"active_image \" src=\"https:\/\/grabalosa.com\/finestres\/wp-content\/uploads\/sites\/3\/2018\/09\/02t-finestres-pvc-grabalosa-inici.jpg\" alt=\"Finestres de PVC - Met\u00e0l\u00b7liques Grabalosa\" style=\"\" \/><img decoding=\"async\" itemprop=\"image\" class=\"hover_image\" src=\"https:\/\/grabalosa.com\/finestres\/wp-content\/uploads\/sites\/3\/2018\/09\/02-finestres-pvc-grabalosa-inici.jpg\" alt=\"Finestres de PVC - Met\u00e0l\u00b7liques Grabalosa\" style=\"\" \/><\/a><\/div><\/div>[vc_column_text el_class=&#8221;titol-cat-hover&#8221;]<\/p>\n<h2>Finestres<\/h2>\n<h2>PVC<\/h2>\n<p>[\/vc_column_text][\/vc_column][vc_column width=&#8221;1\/2&#8243; css=&#8221;.vc_custom_1537181870054{padding-right: 3px !important;padding-left: 3px !important;}&#8221; el_class=&#8221;producte-c ic_col-xxs-12&#8243; offset=&#8221;vc_col-lg-4 vc_hidden-lg vc_col-md-4 vc_col-xs-6&#8243;]<div class=\"image_hover \" data-transition-delay=\"\"><div class=\"images_holder\"><a itemprop=\"url\" href=\"https:\/\/grabalosa.com\/finestres\/producte-finestres\/finestres-mixtes-alfus\/\" target=\"_self\"><img decoding=\"async\" itemprop=\"image\" class=\"active_image \" src=\"https:\/\/grabalosa.com\/finestres\/wp-content\/uploads\/sites\/3\/2018\/09\/03t3-finestres-mixtes-alfus-grabalosa-inici.jpg\" alt=\"Finestres mixtes (ALFUS) - Met\u00e0l\u00b7liques Grabalosa\" style=\"\" \/><img decoding=\"async\" itemprop=\"image\" class=\"hover_image\" src=\"https:\/\/grabalosa.com\/finestres\/wp-content\/uploads\/sites\/3\/2018\/09\/03-finestres-mixtes-alfus-grabalosa-inici.jpg\" alt=\"Finestres mixtes (ALFUS) - Met\u00e0l\u00b7liques Grabalosa\" style=\"\" \/><\/a><\/div><\/div>[vc_column_text el_class=&#8221;titol-cat-hover&#8221;]<\/p>\n<h2>Finestres<\/h2>\n<h2>mixtes (Alfus)<\/h2>\n<p>[\/vc_column_text][\/vc_column][vc_column width=&#8221;1\/2&#8243; el_class=&#8221;producte-c ic_col-xxs-12&#8243; css=&#8221;.vc_custom_1537181876972{padding-right: 3px !important;padding-left: 3px !important;}&#8221; offset=&#8221;vc_col-lg-4 vc_hidden-lg vc_col-md-4 vc_col-xs-6&#8243;]<div class=\"image_hover \" data-transition-delay=\"\"><div class=\"images_holder\"><a itemprop=\"url\" href=\"https:\/\/grabalosa.com\/finestres\/producte-finestres\/finestres-minimalistes\/\" target=\"_self\"><img decoding=\"async\" itemprop=\"image\" class=\"active_image \" src=\"https:\/\/grabalosa.com\/finestres\/wp-content\/uploads\/sites\/3\/2018\/09\/04t2-finestres-minimalistes-grabalosa-inici.jpg\" alt=\"Finestres minimalistes - Met\u00e0l\u00b7liques Grabalosa\" style=\"\" \/><img decoding=\"async\" itemprop=\"image\" class=\"hover_image\" src=\"https:\/\/grabalosa.com\/finestres\/wp-content\/uploads\/sites\/3\/2018\/09\/04-2finestres-minimalistes-grabalosa-inici.jpg\" alt=\"Finestres minimalistes - Met\u00e0l\u00b7liques Grabalosa\" style=\"\" \/><\/a><\/div><\/div>[vc_column_text el_class=&#8221;titol-cat-hover&#8221;]<\/p>\n<h2>Finestres<\/h2>\n<h2>minimalistes<\/h2>\n<p>[\/vc_column_text][\/vc_column][vc_column width=&#8221;1\/2&#8243; el_class=&#8221;producte-c ic_col-xxs-12&#8243; css=&#8221;.vc_custom_1537181882451{padding-right: 3px !important;padding-left: 3px !important;}&#8221; offset=&#8221;vc_col-lg-4 vc_hidden-lg vc_col-md-4 vc_col-xs-6&#8243;]<div class=\"image_hover \" data-transition-delay=\"\"><div class=\"images_holder\"><a itemprop=\"url\" href=\"https:\/\/grabalosa.com\/finestres\/producte-finestres\/finestres-panoramiques\/\" target=\"_self\"><img decoding=\"async\" itemprop=\"image\" class=\"active_image \" src=\"https:\/\/grabalosa.com\/finestres\/wp-content\/uploads\/sites\/3\/2018\/11\/05t2-finestres-panoramiques-grabalosa-inici.jpg\" alt=\"Finestres panor\u00e0miques - Met\u00e0l\u00b7liques Grabalosa\" style=\"\" \/><img decoding=\"async\" itemprop=\"image\" class=\"hover_image\" src=\"https:\/\/grabalosa.com\/finestres\/wp-content\/uploads\/sites\/3\/2018\/09\/05-finestres-panoramiques-grabalosa-inici.jpg\" alt=\"Finestres panor\u00e0miques - Met\u00e0l\u00b7liques Grabalosa\" style=\"\" \/><\/a><\/div><\/div>[vc_column_text el_class=&#8221;titol-cat-hover&#8221;]<\/p>\n<h2>Finestres<\/h2>\n<h2>panor\u00e0miques<\/h2>\n<p>[\/vc_column_text][\/vc_column][vc_column width=&#8221;1\/2&#8243; el_class=&#8221;producte-c ic_col-xxs-12&#8243; css=&#8221;.vc_custom_1537181887892{padding-right: 3px !important;padding-left: 3px !important;}&#8221; offset=&#8221;vc_col-lg-4 vc_hidden-lg vc_col-md-4 vc_col-xs-6&#8243;]<div class=\"image_hover \" data-transition-delay=\"\"><div class=\"images_holder\"><a itemprop=\"url\" href=\"https:\/\/grabalosa.com\/finestres\/sostres-terraces-i-facanes\/\" target=\"_self\"><img decoding=\"async\" itemprop=\"image\" class=\"active_image \" src=\"https:\/\/grabalosa.com\/finestres\/wp-content\/uploads\/sites\/3\/2018\/09\/06t2-finestres-sostres-terrasses-facanes-grabalosa-inici.jpg\" alt=\"Sostres, terraces i fa\u00e7anes - Met\u00e0l\u00b7liques Grabalosa\" style=\"\" \/><img decoding=\"async\" itemprop=\"image\" class=\"hover_image\" src=\"https:\/\/grabalosa.com\/finestres\/wp-content\/uploads\/sites\/3\/2018\/09\/06-finestres-sostres-terrasses-facanes-grabalosa-inici.jpg\" alt=\"Sostres, terraces i fa\u00e7anes - Met\u00e0l\u00b7liques Grabalosa\" style=\"\" \/><\/a><\/div><\/div>[vc_column_text el_class=&#8221;titol-cat-hover&#8221;]<\/p>\n<h2>Sostres, terrasses<\/h2>\n<h2>i Fa\u00e7anes<\/h2>\n<p>[\/vc_column_text][\/vc_column][\/vc_row][vc_row css_animation=&#8221;&#8221; row_type=&#8221;row&#8221; use_row_as_full_screen_section=&#8221;no&#8221; type=&#8221;grid&#8221; angled_section=&#8221;no&#8221; text_align=&#8221;left&#8221; background_image_as_pattern=&#8221;without_pattern&#8221; css=&#8221;.vc_custom_1550099581089{padding-top: 100px !important;padding-bottom: 100px !important;}&#8221; z_index=&#8221;&#8221; el_class=&#8221;modul-1&#8243;][vc_column width=&#8221;1\/2&#8243; offset=&#8221;vc_col-lg-6 vc_col-md-6 vc_col-xs-12&#8243;][vc_gallery type=&#8221;flexslider_slide&#8221; interval=&#8221;3&#8243; images=&#8221;3328,3330,3319&#8243; img_size=&#8221;full&#8221; direction_nav=&#8221;yes&#8221; control_nav=&#8221;no&#8221; show_image_description=&#8221;yes&#8221; pause_on_hover=&#8221;no&#8221; frame=&#8221;no&#8221; el_class=&#8221;galeria-s-m1&#8243;][\/vc_column][vc_column width=&#8221;1\/2&#8243; offset=&#8221;vc_col-lg-6 vc_col-md-6 vc_col-xs-12&#8243;][vc_column_text el_class=&#8221;text-descriptiu-1 text-left&#8221;]<\/p>\n<h1>Sistemes efectius<br \/>\nde control solar<\/h1>\n<p>Persianes apilables, persianes graduables, venecianes, screens t\u00e8xtils, etc, S\u00f3n el complement ideal a les finestres d\u2019alumini. Ajuden a l\u2019estalvi energ\u00e8tic i a la vegada es tracta d\u2019un producte de disseny amb un gran valor est\u00e8tic que regula l\u2019entrada de llum a l\u2019estan\u00e7a i permet crear confortables ambients.<\/p>\n<p><a href=\"https:\/\/grabalosa.com\/finestres\/control-solar\/\">VEURE PRODUCTES<\/a>[\/vc_column_text][\/vc_column][\/vc_row][vc_row css_animation=&#8221;&#8221; row_type=&#8221;row&#8221; use_row_as_full_screen_section=&#8221;no&#8221; type=&#8221;grid&#8221; angled_section=&#8221;no&#8221; text_align=&#8221;left&#8221; background_image_as_pattern=&#8221;without_pattern&#8221; css=&#8221;.vc_custom_1581327222219{padding-top: 80px !important;padding-bottom: 80px !important;background-color: #ececec !important;}&#8221; z_index=&#8221;&#8221; el_class=&#8221;modul-3&#8243;][vc_column width=&#8221;2\/3&#8243; el_class=&#8221;text-descriptiu-3 text-left&#8221; offset=&#8221;vc_col-lg-offset-2 vc_col-md-offset-2 vc_col-sm-offset-2&#8243;][vc_column_text]<\/p>\n<h5>SOM FABRICANTS<\/h5>\n<p>[\/vc_column_text][vc_column_text]<\/p>\n<h1>Demani el seu pressupost<\/h1>\n<p>Si li interessa tenir una estimaci\u00f3 econ\u00f2mica d&#8217;un projecte de tancament met\u00e0l\u00b7lics posis en contacte amb nosatres a trav\u00e9s del tel\u00e8fon <strong>972 788 028<\/strong> o empleni el seg\u00fcent formulari especificant les caracter\u00edstiques del que necessita:[\/vc_column_text]<a  itemprop=\"url\" href=\"https:\/\/grabalosa.com\/finestres\/pressupost\/\" target=\"_self\" data-hover-background-color=\"rgba(0,0,0,0.6)\" data-hover-border-color=\"transparent\" data-hover-color=\"#fefefe\" class=\"qbutton  large left white default btn-pressupost btn-pressupost-finestres spu-open-3217\" style=\"color: #ffffff; border-color: transparent; border-radius: 3px;-moz-border-radius: 3px;-webkit-border-radius: 3px; background-color:#1d1d1b;\">SOL\u00b7LICITUD<\/a>[\/vc_column][\/vc_row]<\/p>\n<\/div>","protected":false},"excerpt":{"rendered":"<p>[vc_row css_animation=&#8221;&#8221; row_type=&#8221;row&#8221; use_row_as_full_screen_section=&#8221;no&#8221; type=&#8221;full_width&#8221; angled_section=&#8221;no&#8221; text_align=&#8221;left&#8221; background_image_as_pattern=&#8221;without_pattern&#8221;][vc_column][\/vc_column][\/vc_row][vc_row css_animation=&#8221;&#8221; row_type=&#8221;row&#8221; use_row_as_full_screen_section=&#8221;no&#8221; type=&#8221;grid&#8221; angled_section=&#8221;no&#8221; text_align=&#8221;left&#8221; background_image_as_pattern=&#8221;without_pattern&#8221; z_index=&#8221;&#8221; css=&#8221;.vc_custom_1544013558499{margin-top: 20px !important;margin-bottom: 20px !important;padding-top: 60px !important;padding-bottom: 60px !important;background-color: #f1f1f1 !important;}&#8221; el_class=&#8221;tres-icones&#8221;][vc_column width=&#8221;1\/3&#8243; el_class=&#8221;icon-pressupost icon-blanc&#8221; offset=&#8221;vc_col-lg-4 vc_col-md-4 vc_col-xs-12&#8243;][vc_raw_html]JTNDZGl2JTIwY2xhc3MlM0QlMjJpY29uYS1hbWItdGV4dCUyMiUzRSUzQ2ltZyUyMGl0ZW1wcm9wJTNEJTIyaW1hZ2UlMjIlMjBzcmMlM0QlMjJodHRwcyUzQSUyRiUyRmdyYWJhbG9zYS5jb20lMkZ3cC1jb250ZW50JTJGdXBsb2FkcyUyRnNpdGVzJTJGMiUyRjIwMTglMkYxMSUyRnByZXNzdXBvc3QtZ3JhdHVpdC1uZWdyZS5zdmclMjIlMjBhbHQlM0QlMjJJY29uYSUyMGQlMjd1bmElMjBmYWN0dXJhJTIwaSUyMHVuYSUyMGNhbGN1bGFkb3JhJTIwc2ltYm9saXR6YW50JTIwZWwlMjBwcmVzc3Vwb3N0JTIwZGUlMjBsZXMlMjBmaW5lc3RyZXMlMjIlM0UlM0NoMyUzRVBSRVNTVVBPU1QlM0MlMkZoMyUzRSUzQ2gzJTIwY2xhc3MlM0QlMjJ3LTQwMCUyMiUzRUdSQVRVJUMzJThGVCUzQyUyRmgzJTNFJTNDcCUzRVNvbCVDMiVCN2xpY2l0aSUyMHByZXNzdXBvc3QlMjBzZW5zZSUyMGNvbXByb20lQzMlQURzJTIwb21wbGludCUyMHVuJTIwc2VuemlsbCUyMGZvcm11bGFyaS4lM0MlMkZwJTNFJTNDJTJGZGl2JTNF[\/vc_raw_html][\/vc_column][vc_column width=&#8221;1\/3&#8243; el_class=&#8221;icon-visita icon-blanc&#8221; offset=&#8221;vc_col-lg-4 vc_col-md-4 vc_col-xs-12&#8243;][vc_raw_html]JTNDZGl2JTIwY2xhc3MlM0QlMjJpY29uYS1hbWItdGV4dCUyMiUzRSUzQ2ltZyUyMGl0ZW1wcm9wJTNEJTIyaW1hZ2UlMjIlMjBzcmMlM0QlMjJodHRwcyUzQSUyRiUyRmdyYWJhbG9zYS5jb20lMkZ3cC1jb250ZW50JTJGdXBsb2FkcyUyRnNpdGVzJTJGMiUyRjIwMTglMkYxMSUyRnZpc2l0YS1jb21lcmNpYWwtbmVncmUuc3ZnJTIyJTIwYWx0JTNEJTIySWNvbmElMjBkJTI3dW4lMjBkZXN0b3JuaWxsYWRvciUyMGklMjB1bmElMjBjbGF1JTIwYW5nbGVzYSUyMGNyZXVhZGVzJTIwc2ltYm9saXR6YW50JTIwZWwlMjBzZXJ2ZWklMjBkZSUyMHJlcGFyYWNpJUMzJUIzJTIwcG9zdHZlbmRhJTIyJTNFJTBBJTNDaDMlMjBjbGFzcyUzRCUyMnctNDAwJTIyJTNFVklTSVRBJTNDJTJGaDMlM0UlMEElM0NoMyUzRUNPTUVSQ0lBTCUzQyUyRmgzJTNFJTBBJTNDcCUzRVVuJTIwZGVscyUyMG5vc3RyZXMlMjB0JUMzJUE4Y25pY3MlMjBjb21lcmNpYWxzJTIwZWxzJTIwYXNzZXNzb3JhciVDMyVBMCUyMGRlJTIwbGVzJTIwc29sdWNpb25zJTIwbSVDMyVBOXMlMjBhZGllbnRzLiUzQyUyRnAlM0UlM0MlMkZkaXYlM0U=[\/vc_raw_html][\/vc_column][vc_column width=&#8221;1\/3&#8243; el_class=&#8221;icon-postvenda icon-blanc&#8221; offset=&#8221;vc_col-lg-4 vc_col-md-4&#8230;<\/p>\n","protected":false},"author":1,"featured_media":0,"parent":0,"menu_order":0,"comment_status":"closed","ping_status":"closed","template":"full_width.php","meta":{"footnotes":""},"class_list":["post-14","page","type-page","status-publish","hentry"],"aioseo_notices":[],"_links":{"self":[{"href":"https:\/\/grabalosa.com\/finestres\/wp-json\/wp\/v2\/pages\/14","targetHints":{"allow":["GET"]}}],"collection":[{"href":"https:\/\/grabalosa.com\/finestres\/wp-json\/wp\/v2\/pages"}],"about":[{"href":"https:\/\/grabalosa.com\/finestres\/wp-json\/wp\/v2\/types\/page"}],"author":[{"embeddable":true,"href":"https:\/\/grabalosa.com\/finestres\/wp-json\/wp\/v2\/users\/1"}],"replies":[{"embeddable":true,"href":"https:\/\/grabalosa.com\/finestres\/wp-json\/wp\/v2\/comments?post=14"}],"version-history":[{"count":4,"href":"https:\/\/grabalosa.com\/finestres\/wp-json\/wp\/v2\/pages\/14\/revisions"}],"predecessor-version":[{"id":11680,"href":"https:\/\/grabalosa.com\/finestres\/wp-json\/wp\/v2\/pages\/14\/revisions\/11680"}],"wp:attachment":[{"href":"https:\/\/grabalosa.com\/finestres\/wp-json\/wp\/v2\/media?parent=14"}],"curies":[{"name":"wp","href":"https:\/\/api.w.org\/{rel}","templated":true}]}}