{"id":11348,"date":"2022-07-22T23:45:43","date_gmt":"2022-07-22T21:45:43","guid":{"rendered":"https:\/\/grabalosa.com\/finestres\/?page_id=11348"},"modified":"2022-10-05T10:35:00","modified_gmt":"2022-10-05T08:35:00","slug":"finestra-cor-60","status":"publish","type":"page","link":"https:\/\/grabalosa.com\/finestres\/producte-finestres\/finestres-alumini\/finestra-cor-60\/","title":{"rendered":"Finestra COR 60"},"content":{"rendered":"<div class=\"wpb-content-wrapper\"><p>[vc_row css_animation=&#8221;&#8221; row_type=&#8221;row&#8221; use_row_as_full_screen_section=&#8221;no&#8221; type=&#8221;grid&#8221; angled_section=&#8221;no&#8221; text_align=&#8221;left&#8221; background_image_as_pattern=&#8221;without_pattern&#8221; css=&#8221;.vc_custom_1550741840445{padding-bottom: 40px !important;background-color: #ececec !important;}&#8221; z_index=&#8221;&#8221; el_class=&#8221;titol-producte flex-section flex-section-600&#8243;][vc_column offset=&#8221;vc_col-lg-12 vc_col-md-12 vc_col-xs-12&#8243;]\n\t\t\t<!-- START cor 60 REVOLUTION SLIDER 6.7.38 --><p class=\"rs-p-wp-fix\"><\/p>\n\t\t\t<rs-module-wrap id=\"rev_slider_51_1_wrapper\" data-source=\"gallery\" style=\"visibility:hidden;background:transparent;padding:0;margin:0px auto;margin-top:0;margin-bottom:0;\">\n\t\t\t\t<rs-module id=\"rev_slider_51_1\" style=\"\" data-version=\"6.7.38\">\n\t\t\t\t\t<rs-slides style=\"overflow: hidden; position: absolute;\">\n\t\t\t\t\t\t<rs-slide style=\"position: absolute;\" data-key=\"rs-196\" data-title=\"COR 60\" data-thumb=\"\/\/grabalosa.com\/finestres\/wp-content\/uploads\/sites\/3\/2022\/07\/Cor-60.png\" data-anim=\"adpr:false;\" data-in=\"o:0;\" data-out=\"a:false;\">\n\t\t\t\t\t\t\t<img decoding=\"async\" src=\"\/\/grabalosa.com\/finestres\/wp-content\/plugins\/revslider\/sr6\/assets\/assets\/dummy.png\" alt=\"COR 60\" title=\"Finestra COR 60\" class=\"rev-slidebg tp-rs-img rs-lazyload\" data-lazyload=\"\/\/grabalosa.com\/finestres\/wp-content\/plugins\/revslider\/sr6\/assets\/assets\/transparent.png\" data-no-retina>\n<!--\n\t\t\t\t\t\t\t--><rs-layer\n\t\t\t\t\t\t\t\tid=\"slider-51-slide-196-layer-0\" \n\t\t\t\t\t\t\t\tdata-type=\"image\"\n\t\t\t\t\t\t\t\tdata-rsp_ch=\"on\"\n\t\t\t\t\t\t\t\tdata-xy=\"x:128px;y:c;yo:-14px;\"\n\t\t\t\t\t\t\t\tdata-text=\"w:normal;\"\n\t\t\t\t\t\t\t\tdata-dim=\"w:180px;h:394px;\"\n\t\t\t\t\t\t\t\tdata-frame_999=\"o:0;st:w;\"\n\t\t\t\t\t\t\t\tstyle=\"z-index:5;\"\n\t\t\t\t\t\t\t><img decoding=\"async\" src=\"\/\/grabalosa.com\/finestres\/wp-content\/plugins\/revslider\/sr6\/assets\/assets\/dummy.png\" alt=\"\" class=\"tp-rs-img rs-lazyload\" width=\"353\" height=\"773\" data-lazyload=\"\/\/grabalosa.com\/finestres\/wp-content\/uploads\/sites\/3\/2022\/07\/Cor-60-perfil.png\" data-no-retina> \n\t\t\t\t\t\t\t<\/rs-layer><!--\n\n\t\t\t\t\t\t\t--><rs-layer\n\t\t\t\t\t\t\t\tid=\"slider-51-slide-196-layer-1\" \n\t\t\t\t\t\t\t\tdata-type=\"text\"\n\t\t\t\t\t\t\t\tdata-color=\"#000000\"\n\t\t\t\t\t\t\t\tdata-rsp_ch=\"on\"\n\t\t\t\t\t\t\t\tdata-xy=\"x:183px;y:453px;\"\n\t\t\t\t\t\t\t\tdata-text=\"w:normal;s:18;l:24;fw:500;\"\n\t\t\t\t\t\t\t\tdata-frame_999=\"o:0;st:w;\"\n\t\t\t\t\t\t\t\tstyle=\"z-index:6;font-family:'Roboto';\"\n\t\t\t\t\t\t\t>COR 60 \n\t\t\t\t\t\t\t<\/rs-layer><!--\n-->\t\t\t\t\t<\/rs-slide>\n\t\t\t\t\t\t<rs-slide style=\"position: absolute;\" data-key=\"rs-197\" data-title=\"COR 60\" data-thumb=\"\/\/grabalosa.com\/finestres\/wp-content\/uploads\/sites\/3\/2022\/07\/Cor-60-2.jpeg\" data-anim=\"adpr:false;\" data-in=\"o:0;\" data-out=\"a:false;\">\n\t\t\t\t\t\t\t<img decoding=\"async\" src=\"\/\/grabalosa.com\/finestres\/wp-content\/plugins\/revslider\/sr6\/assets\/assets\/dummy.png\" alt=\"COR 60\" title=\"Finestra COR 60\" class=\"rev-slidebg tp-rs-img rs-lazyload\" data-lazyload=\"\/\/grabalosa.com\/finestres\/wp-content\/plugins\/revslider\/sr6\/assets\/assets\/transparent.png\" data-no-retina>\n<!--\n\t\t\t\t\t\t\t--><rs-layer\n\t\t\t\t\t\t\t\tid=\"slider-51-slide-197-layer-0\" \n\t\t\t\t\t\t\t\tdata-type=\"image\"\n\t\t\t\t\t\t\t\tdata-rsp_ch=\"on\"\n\t\t\t\t\t\t\t\tdata-xy=\"y:c;\"\n\t\t\t\t\t\t\t\tdata-text=\"w:normal;\"\n\t\t\t\t\t\t\t\tdata-dim=\"w:433px;h:495px;\"\n\t\t\t\t\t\t\t\tdata-frame_999=\"o:0;st:w;\"\n\t\t\t\t\t\t\t\tstyle=\"z-index:5;\"\n\t\t\t\t\t\t\t><img decoding=\"async\" src=\"\/\/grabalosa.com\/finestres\/wp-content\/plugins\/revslider\/sr6\/assets\/assets\/dummy.png\" alt=\"\" class=\"tp-rs-img rs-lazyload\" width=\"875\" height=\"1000\" data-lazyload=\"\/\/grabalosa.com\/finestres\/wp-content\/uploads\/sites\/3\/2022\/07\/Cor-60-2.jpeg\" data-no-retina> \n\t\t\t\t\t\t\t<\/rs-layer><!--\n-->\t\t\t\t\t<\/rs-slide>\n\t\t\t\t\t\t<rs-slide style=\"position: absolute;\" data-key=\"rs-198\" data-title=\"COR 60\" data-thumb=\"\/\/grabalosa.com\/finestres\/wp-content\/uploads\/sites\/3\/2022\/07\/Cor-60-3.jpeg\" data-anim=\"adpr:false;\" data-in=\"o:0;\" data-out=\"a:false;\">\n\t\t\t\t\t\t\t<img decoding=\"async\" src=\"\/\/grabalosa.com\/finestres\/wp-content\/plugins\/revslider\/sr6\/assets\/assets\/dummy.png\" alt=\"COR 60\" title=\"Finestra COR 60\" class=\"rev-slidebg tp-rs-img rs-lazyload\" data-lazyload=\"\/\/grabalosa.com\/finestres\/wp-content\/plugins\/revslider\/sr6\/assets\/assets\/transparent.png\" data-no-retina>\n<!--\n\t\t\t\t\t\t\t--><rs-layer\n\t\t\t\t\t\t\t\tid=\"slider-51-slide-198-layer-0\" \n\t\t\t\t\t\t\t\tdata-type=\"image\"\n\t\t\t\t\t\t\t\tdata-rsp_ch=\"on\"\n\t\t\t\t\t\t\t\tdata-xy=\"y:c;\"\n\t\t\t\t\t\t\t\tdata-text=\"w:normal;\"\n\t\t\t\t\t\t\t\tdata-dim=\"w:433px;h:495px;\"\n\t\t\t\t\t\t\t\tdata-frame_999=\"o:0;st:w;\"\n\t\t\t\t\t\t\t\tstyle=\"z-index:5;\"\n\t\t\t\t\t\t\t><img decoding=\"async\" src=\"\/\/grabalosa.com\/finestres\/wp-content\/plugins\/revslider\/sr6\/assets\/assets\/dummy.png\" alt=\"\" class=\"tp-rs-img rs-lazyload\" width=\"875\" height=\"1000\" data-lazyload=\"\/\/grabalosa.com\/finestres\/wp-content\/uploads\/sites\/3\/2022\/07\/Cor-60-3.jpeg\" data-no-retina> \n\t\t\t\t\t\t\t<\/rs-layer><!--\n-->\t\t\t\t\t<\/rs-slide>\n\t\t\t\t\t\t<rs-slide style=\"position: absolute;\" data-key=\"rs-199\" data-title=\"COR 60\" data-thumb=\"\/\/grabalosa.com\/finestres\/wp-content\/uploads\/sites\/3\/2022\/07\/Cor-60-4.jpeg\" data-anim=\"adpr:false;\" data-in=\"o:0;\" data-out=\"a:false;\">\n\t\t\t\t\t\t\t<img decoding=\"async\" src=\"\/\/grabalosa.com\/finestres\/wp-content\/plugins\/revslider\/sr6\/assets\/assets\/dummy.png\" alt=\"COR 60\" title=\"Finestra COR 60\" class=\"rev-slidebg tp-rs-img rs-lazyload\" data-lazyload=\"\/\/grabalosa.com\/finestres\/wp-content\/plugins\/revslider\/sr6\/assets\/assets\/transparent.png\" data-no-retina>\n<!--\n\t\t\t\t\t\t\t--><rs-layer\n\t\t\t\t\t\t\t\tid=\"slider-51-slide-199-layer-0\" \n\t\t\t\t\t\t\t\tdata-type=\"image\"\n\t\t\t\t\t\t\t\tdata-rsp_ch=\"on\"\n\t\t\t\t\t\t\t\tdata-xy=\"y:c;\"\n\t\t\t\t\t\t\t\tdata-text=\"w:normal;\"\n\t\t\t\t\t\t\t\tdata-dim=\"w:433px;h:495px;\"\n\t\t\t\t\t\t\t\tdata-frame_999=\"o:0;st:w;\"\n\t\t\t\t\t\t\t\tstyle=\"z-index:5;\"\n\t\t\t\t\t\t\t><img decoding=\"async\" src=\"\/\/grabalosa.com\/finestres\/wp-content\/plugins\/revslider\/sr6\/assets\/assets\/dummy.png\" alt=\"\" class=\"tp-rs-img rs-lazyload\" width=\"875\" height=\"1000\" data-lazyload=\"\/\/grabalosa.com\/finestres\/wp-content\/uploads\/sites\/3\/2022\/07\/Cor-60-4.jpeg\" data-no-retina> \n\t\t\t\t\t\t\t<\/rs-layer><!--\n-->\t\t\t\t\t<\/rs-slide>\n\t\t\t\t\t<\/rs-slides>\n\t\t\t\t<\/rs-module>\n\t\t\t\t<script>\n\t\t\t\t\tsetREVStartSize({c: 'rev_slider_51_1',rl:[1240,1024,778,480],el:[500],gw:[600],gh:[500],type:'standard',justify:'',layout:'fullwidth',mh:\"0\"});if (window.RS_MODULES!==undefined && window.RS_MODULES.modules!==undefined && window.RS_MODULES.modules[\"revslider511\"]!==undefined) {window.RS_MODULES.modules[\"revslider511\"].once = false;window.revapi51 = undefined;if (window.RS_MODULES.checkMinimal!==undefined) window.RS_MODULES.checkMinimal()}\n\t\t\t\t<\/script>\n\t\t\t<\/rs-module-wrap>\n\t\t\t<!-- END REVOLUTION SLIDER -->\n[vc_single_image image=&#8221;2534&#8243; img_size=&#8221;100&#215;25&#8243; qode_css_animation=&#8221;&#8221; css=&#8221;.vc_custom_1576671591561{margin-top: -50px !important;}&#8221;][\/vc_column][\/vc_row][vc_row css_animation=&#8221;&#8221; row_type=&#8221;row&#8221; use_row_as_full_screen_section=&#8221;no&#8221; type=&#8221;grid&#8221; angled_section=&#8221;no&#8221; text_align=&#8221;left&#8221; background_image_as_pattern=&#8221;without_pattern&#8221; z_index=&#8221;&#8221; css=&#8221;.vc_custom_1576671305733{padding-top: 70px !important;padding-bottom: 70px !important;}&#8221;][vc_column width=&#8221;5\/6&#8243; offset=&#8221;vc_col-lg-offset-2 vc_col-lg-8 vc_col-md-offset-1 vc_col-md-10 vc_col-sm-offset-1&#8243;][vc_column_text]<iframe loading=\"lazy\" style=\"margin-left: auto; margin-right: auto;\" src=\"https:\/\/grabalosa.com\/finestres\/wp-content\/uploads\/sites\/3\/2022\/07\/06_ES_COR_60_v2.pdf?#zoom=100&amp;view=fit&amp;pagemode=none&amp;\" width=\"100%\" height=\"450\" frameborder=\"0\" marginwidth=\"0\" marginheight=\"0\"><span data-mce-type=\"bookmark\" style=\"display: inline-block; width: 0px; overflow: hidden; line-height: 0;\" class=\"mce_SELRES_start\">\ufeff<\/span><span data-mce-type=\"bookmark\" style=\"display: inline-block; width: 0px; overflow: hidden; line-height: 0;\" class=\"mce_SELRES_start\">\ufeff<\/span><\/iframe>[\/vc_column_text][vc_column_text el_class=&#8221;boto-tornar-sota&#8221; css=&#8221;.vc_custom_1580748668960{margin-top: 30px !important;}&#8221;]<a href=\"https:\/\/grabalosa.com\/finestres\/producte-finestres\/finestres-alumini\/\">Tornar a Finestres d&#8217;Alumini<\/a>[\/vc_column_text][\/vc_column][\/vc_row][vc_row css_animation=&#8221;&#8221; row_type=&#8221;row&#8221; use_row_as_full_screen_section=&#8221;no&#8221; type=&#8221;grid&#8221; angled_section=&#8221;no&#8221; text_align=&#8221;left&#8221; background_image_as_pattern=&#8221;without_pattern&#8221; css=&#8221;.vc_custom_1622549836680{padding-top: 80px !important;padding-bottom: 80px !important;background-color: #ececec !important;}&#8221; z_index=&#8221;&#8221; el_class=&#8221;modul-3&#8243;][vc_column el_class=&#8221;text-descriptiu-3 text-left&#8221; offset=&#8221;vc_col-lg-offset-2 vc_col-lg-8 vc_col-md-offset-2 vc_col-md-8 vc_col-sm-offset-0 vc_col-xs-12&#8243;][vc_column_text el_class=&#8221;text-left&#8221;]<\/p>\n<h5>ATENCI\u00d3 AL CLIENT<\/h5>\n<p>[\/vc_column_text][vc_column_text el_class=&#8221;text-left text-descriptiu-3&#8243;]<\/p>\n<h2 class=\"h1\">Assessorament gratu\u00eft<\/h2>\n<div>Si necessita m\u00e9s informaci\u00f3 o una estimaci\u00f3 econ\u00f2mica, es pot posar en contacte amb nosaltres i l&#8217;assessorarem gratu\u00eftament per trobar la opci\u00f3 que m\u00e9s s&#8217;adequa a les seves necessitats.<\/div>\n<p>[\/vc_column_text]<a  itemprop=\"url\" href=\"\" target=\"_self\" data-hover-background-color=\"rgba(0,0,0,0.6)\" data-hover-color=\"#fefefe\" class=\"qbutton  large left white default boto-spu-finestres spu-open-plegable\" style=\"color: #ffffff; border-radius: 3px;-moz-border-radius: 3px;-webkit-border-radius: 3px; background-color:#1d1d1b;\">M\u00c9S INFORMACI\u00d3<\/a>[\/vc_column][\/vc_row]<\/p>\n<\/div>","protected":false},"excerpt":{"rendered":"<p>[vc_row css_animation=&#8221;&#8221; row_type=&#8221;row&#8221; use_row_as_full_screen_section=&#8221;no&#8221; type=&#8221;grid&#8221; angled_section=&#8221;no&#8221; text_align=&#8221;left&#8221; background_image_as_pattern=&#8221;without_pattern&#8221; css=&#8221;.vc_custom_1550741840445{padding-bottom: 40px !important;background-color: #ececec !important;}&#8221; z_index=&#8221;&#8221; el_class=&#8221;titol-producte flex-section flex-section-600&#8243;][vc_column offset=&#8221;vc_col-lg-12 vc_col-md-12 vc_col-xs-12&#8243;][vc_single_image image=&#8221;2534&#8243; img_size=&#8221;100&#215;25&#8243; qode_css_animation=&#8221;&#8221; css=&#8221;.vc_custom_1576671591561{margin-top: -50px !important;}&#8221;][\/vc_column][\/vc_row][vc_row css_animation=&#8221;&#8221; row_type=&#8221;row&#8221; use_row_as_full_screen_section=&#8221;no&#8221; type=&#8221;grid&#8221; angled_section=&#8221;no&#8221; text_align=&#8221;left&#8221; background_image_as_pattern=&#8221;without_pattern&#8221; z_index=&#8221;&#8221; css=&#8221;.vc_custom_1576671305733{padding-top: 70px !important;padding-bottom: 70px !important;}&#8221;][vc_column width=&#8221;5\/6&#8243; offset=&#8221;vc_col-lg-offset-2 vc_col-lg-8 vc_col-md-offset-1 vc_col-md-10 vc_col-sm-offset-1&#8243;][vc_column_text]\ufeff\ufeff[\/vc_column_text][vc_column_text&#8230;<\/p>\n","protected":false},"author":1,"featured_media":0,"parent":164,"menu_order":1,"comment_status":"closed","ping_status":"closed","template":"full_width.php","meta":{"footnotes":""},"class_list":["post-11348","page","type-page","status-publish","hentry"],"aioseo_notices":[],"_links":{"self":[{"href":"https:\/\/grabalosa.com\/finestres\/wp-json\/wp\/v2\/pages\/11348","targetHints":{"allow":["GET"]}}],"collection":[{"href":"https:\/\/grabalosa.com\/finestres\/wp-json\/wp\/v2\/pages"}],"about":[{"href":"https:\/\/grabalosa.com\/finestres\/wp-json\/wp\/v2\/types\/page"}],"author":[{"embeddable":true,"href":"https:\/\/grabalosa.com\/finestres\/wp-json\/wp\/v2\/users\/1"}],"replies":[{"embeddable":true,"href":"https:\/\/grabalosa.com\/finestres\/wp-json\/wp\/v2\/comments?post=11348"}],"version-history":[{"count":3,"href":"https:\/\/grabalosa.com\/finestres\/wp-json\/wp\/v2\/pages\/11348\/revisions"}],"predecessor-version":[{"id":11418,"href":"https:\/\/grabalosa.com\/finestres\/wp-json\/wp\/v2\/pages\/11348\/revisions\/11418"}],"up":[{"embeddable":true,"href":"https:\/\/grabalosa.com\/finestres\/wp-json\/wp\/v2\/pages\/164"}],"wp:attachment":[{"href":"https:\/\/grabalosa.com\/finestres\/wp-json\/wp\/v2\/media?parent=11348"}],"curies":[{"name":"wp","href":"https:\/\/api.w.org\/{rel}","templated":true}]}}