{"id":1024,"date":"2018-07-14T12:36:03","date_gmt":"2018-07-14T10:36:03","guid":{"rendered":"http:\/\/finestres.ambdues.cat\/?page_id=1024"},"modified":"2021-01-13T14:14:41","modified_gmt":"2021-01-13T13:14:41","slug":"sostres-terraces-i-facanes","status":"publish","type":"page","link":"https:\/\/grabalosa.com\/finestres\/sostres-terraces-i-facanes\/","title":{"rendered":"Sostres, terrasses i fa\u00e7anes"},"content":{"rendered":"<div class=\"wpb-content-wrapper\"><p>[vc_row css_animation=&#8221;&#8221; row_type=&#8221;row&#8221; use_row_as_full_screen_section=&#8221;yes&#8221; type=&#8221;grid&#8221; angled_section=&#8221;no&#8221; text_align=&#8221;left&#8221; background_image_as_pattern=&#8221;without_pattern&#8221; css=&#8221;.vc_custom_1582022147815{padding-top: 20px !important;padding-bottom: 50px !important;background-color: #ececec !important;}&#8221; z_index=&#8221;&#8221; el_class=&#8221;titol-producte multiproducte flex-section flex-section-768-ordres modul-6-titolm&#8221;][vc_column width=&#8221;7\/12&#8243; el_class=&#8221;text-producte ordre-1md&#8221; offset=&#8221;vc_col-lg-6 vc_col-md-6 vc_col-xs-12&#8243;][vc_column_text]<\/p>\n<h1 class=\"w-400\">Mur cortina<\/h1>\n<h1>Fa\u00e7anes infinites<\/h1>\n<p>A Met\u00e0l\u00b7liques Grabalosa fabriquem una nova generaci\u00f3 de fa\u00e7anes de vidre basada en el sistema de mur cortina amb tapetes o tradicional, amb sistema d&#8217;ala d&#8217;avi\u00f3 o estructural.[\/vc_column_text][vc_column_text el_class=&#8221;icones-text-2l&#8221;]<\/p>\n<ul>\n<li><img decoding=\"async\" class=\"icona icona-s cercle automatitzacio\" src=\"https:\/\/grabalosa.com\/finestres\/wp-content\/uploads\/sites\/3\/2018\/07\/sistemes-automatitzacio-1.svg\" alt=\"Icona sistemes d\u2019automatitzaci\u00f3 - Met\u00e0l\u00b7liques Grabalosa\" \/><span class=\"no-marxis\">Sistemes d\u2019automatitzaci\u00f3<\/span><\/li>\n<li><img decoding=\"async\" class=\"icona icona-s cercle dif\" src=\"https:\/\/grabalosa.com\/finestres\/wp-content\/uploads\/sites\/3\/2018\/09\/innovacio.svg\" alt=\"Icona innovaci\u00f3 - Met\u00e0l\u00b7liques Grabalosa\" \/><span class=\"no-marxis\">Innovaci\u00f3<\/span><\/li>\n<\/ul>\n<p>[\/vc_column_text]<a  itemprop=\"url\" href=\"https:\/\/grabalosa.com\/finestres\/sostres-terraces-i-facanes\/mur-cortina\/\" target=\"_self\" data-hover-background-color=\"#1d1d1b\" data-hover-border-color=\"#1d1d1b\" data-hover-color=\"#ffffff\" class=\"qbutton  small center white default boto-multiproducte\" style=\"color: #1d1d1b; border-color: #1d1d1b; border-radius: 3px;-moz-border-radius: 3px;-webkit-border-radius: 3px; background-color:transparent;\">M\u00c9S INFORMACI\u00d3<\/a>[\/vc_column][vc_column width=&#8221;5\/12&#8243; el_class=&#8221;imatge-producte ordre-2md&#8221; offset=&#8221;vc_col-lg-6 vc_col-md-6 vc_col-xs-12&#8243;][vc_single_image image=&#8221;3357&#8243; img_size=&#8221;full&#8221; alignment=&#8221;right&#8221; qode_css_animation=&#8221;&#8221; el_class=&#8221;imatge-caract-1&#8243;][\/vc_column][\/vc_row][vc_row css_animation=&#8221;&#8221; row_type=&#8221;row&#8221; use_row_as_full_screen_section=&#8221;yes&#8221; type=&#8221;grid&#8221; angled_section=&#8221;no&#8221; text_align=&#8221;left&#8221; background_image_as_pattern=&#8221;without_pattern&#8221; css=&#8221;.vc_custom_1582022157501{background-color: #ffffff !important;}&#8221; z_index=&#8221;&#8221; el_class=&#8221;titol-producte multiproducte flex-section flex-section-768-ordres modul-6-titolm&#8221;][vc_column width=&#8221;5\/12&#8243; el_class=&#8221;imatge-producte ordre-2md&#8221; offset=&#8221;vc_col-lg-6 vc_col-md-6 vc_col-xs-12&#8243; css=&#8221;.vc_custom_1582022226378{padding-right: 0px !important;padding-left: 0px !important;}&#8221;][vc_single_image image=&#8221;1061&#8243; img_size=&#8221;full&#8221; qode_css_animation=&#8221;&#8221; el_class=&#8221;img-terrassa&#8221;][\/vc_column][vc_column width=&#8221;7\/12&#8243; el_class=&#8221;text-producte ordre-1md&#8221; offset=&#8221;vc_col-lg-6 vc_col-md-6 vc_col-xs-12&#8243; css=&#8221;.vc_custom_1582022231819{padding-top: 50px !important;padding-bottom: 50px !important;}&#8221;][vc_column_text]<\/p>\n<h1 class=\"w-400\">Tancament terrasses<\/h1>\n<h1>Per gaudir-ne tot l&#8217;any<\/h1>\n<p>Els tancaments de terrassa de vidre s\u00f3n una soluci\u00f3 tant per a habitatges residencials com per a negocis. Permeten guanyar espai habilitant una zona que, en circumst\u00e0ncies normals, nom\u00e9s es podria utilitzar durant una \u00e8poca determinada de l&#8217;any.[\/vc_column_text][vc_column_text el_class=&#8221;icones-text-2l&#8221;]<\/p>\n<ul>\n<li><img decoding=\"async\" class=\"icona icona-s cercle optimitzacio\" src=\"https:\/\/grabalosa.com\/finestres\/wp-content\/uploads\/sites\/3\/2018\/07\/optimitzacio-espai.svg\" alt=\"Icona Optimitzaci\u00f3 de l'espai - Met\u00e0l\u00b7liques Grabalosa\" \/><span class=\"no-marxis\">Optimitzaci\u00f3 de l&#8217;espai<\/span><\/li>\n<li><img decoding=\"async\" class=\"icona icona-s cercle dif\" src=\"https:\/\/grabalosa.com\/finestres\/wp-content\/uploads\/sites\/3\/2018\/07\/disseny-funcionalitat.svg\" alt=\"Icona Disseny i funcionalitat - Met\u00e0l\u00b7liques Grabalosa\" \/><span class=\"no-marxis\">Disseny i funcionalitat<\/span><\/li>\n<\/ul>\n<p>[\/vc_column_text]<a  itemprop=\"url\" href=\"https:\/\/grabalosa.com\/finestres\/sostres-terraces-i-facanes\/terraces\/\" target=\"_self\" data-hover-background-color=\"#1d1d1b\" data-hover-border-color=\"#1d1d1b\" data-hover-color=\"#ffffff\" class=\"qbutton  small center white default boto-multiproducte\" style=\"color: #1d1d1b; border-color: #1d1d1b; border-radius: 3px;-moz-border-radius: 3px;-webkit-border-radius: 3px; background-color:transparent;\">M\u00c9S INFORMACI\u00d3<\/a>[\/vc_column][\/vc_row][vc_row css_animation=&#8221;&#8221; row_type=&#8221;row&#8221; use_row_as_full_screen_section=&#8221;yes&#8221; type=&#8221;grid&#8221; angled_section=&#8221;no&#8221; text_align=&#8221;left&#8221; background_image_as_pattern=&#8221;without_pattern&#8221; css=&#8221;.vc_custom_1582022169393{padding-top: 50px !important;padding-bottom: 50px !important;background-color: #ececec !important;}&#8221; z_index=&#8221;&#8221; el_class=&#8221;titol-producte multiproducte flex-section flex-section-768-ordres modul-6-titolm&#8221;][vc_column width=&#8221;7\/12&#8243; el_class=&#8221;text-producte ordre-1md&#8221; offset=&#8221;vc_col-lg-7 vc_col-md-7 vc_col-xs-12&#8243;][vc_column_text]<\/p>\n<h1 class=\"w-400\">Sostre m\u00f2bil<\/h1>\n<h1>per galeries i verandes<\/h1>\n<p>Els sostres m\u00f2bils de vidre s\u00f3n una soluci\u00f3 tant per a habitatges residencials com per a negocis que permeten guanyar espai i gaudir de zones que no serien \u00fatils segons l&#8217;\u00e8poca de l&#8217;any.[\/vc_column_text][vc_column_text el_class=&#8221;icones-text-2l&#8221;]<\/p>\n<ul>\n<li><img decoding=\"async\" class=\"icona icona-s cercle automatitzacio\" src=\"https:\/\/grabalosa.com\/finestres\/wp-content\/uploads\/sites\/3\/2018\/07\/sistemes-automatitzacio-1.svg\" alt=\"Icona Sistemes d'automatitzaci\u00f3 - Met\u00e0l\u00b7liques Grabalosa\" \/><span class=\"no-marxis\">Sistemes d&#8217;automatitzaci\u00f3<\/span><\/li>\n<li><img decoding=\"async\" class=\"icona icona-s cercle llum\" src=\"https:\/\/grabalosa.com\/finestres\/wp-content\/uploads\/sites\/3\/2018\/07\/llum-natural.svg\" alt=\"Icona Llum natural - Met\u00e0l\u00b7liques Grabalosa\" \/><span class=\"no-marxis\">Llum natural<\/span><\/li>\n<li><img decoding=\"async\" class=\"icona icona-s cercle eficiencia\" src=\"https:\/\/grabalosa.com\/finestres\/wp-content\/uploads\/sites\/3\/2018\/07\/maxima-eficiencia.svg\" alt=\"Icona M\u00e0xima efici\u00e8ncia - Met\u00e0l\u00b7liques Grabalosa\" \/><span class=\"no-marxis\">M\u00e0xima efici\u00e8ncia<\/span><\/li>\n<\/ul>\n<p>[\/vc_column_text]<a  itemprop=\"url\" href=\"https:\/\/grabalosa.com\/finestres\/sostres-terraces-i-facanes\/sostre-mobil-claraboies\/\" target=\"_self\" data-hover-background-color=\"#1d1d1b\" data-hover-border-color=\"#1d1d1b\" data-hover-color=\"#ffffff\" class=\"qbutton  small center white default boto-multiproducte\" style=\"color: #1d1d1b; border-color: #1d1d1b; border-radius: 3px;-moz-border-radius: 3px;-webkit-border-radius: 3px; background-color:transparent;\">M\u00c9S INFORMACI\u00d3<\/a>[\/vc_column][vc_column width=&#8221;5\/12&#8243; el_class=&#8221;imatge-producte ordre-2md&#8221; offset=&#8221;vc_col-lg-5 vc_col-md-5 vc_col-xs-12&#8243; css=&#8221;.vc_custom_1582022249417{padding-left: 50px !important;}&#8221;][vc_single_image image=&#8221;1060&#8243; img_size=&#8221;full&#8221; qode_css_animation=&#8221;&#8221; el_class=&#8221;imatge-caract-1&#8243;][\/vc_column][\/vc_row][vc_row css_animation=&#8221;&#8221; row_type=&#8221;row&#8221; use_row_as_full_screen_section=&#8221;yes&#8221; type=&#8221;grid&#8221; angled_section=&#8221;no&#8221; text_align=&#8221;left&#8221; background_image_as_pattern=&#8221;without_pattern&#8221; css=&#8221;.vc_custom_1582022180756{padding-top: 50px !important;padding-bottom: 50px !important;background-color: #ffffff !important;}&#8221; z_index=&#8221;&#8221; el_class=&#8221;titol-producte multiproducte flex-section flex-section-768-ordres modul-6-titolm&#8221;][vc_column width=&#8221;7\/12&#8243; el_class=&#8221;imatge-producte ordre-2md&#8221; offset=&#8221;vc_col-lg-6 vc_col-md-6 vc_col-xs-12&#8243;][vc_single_image image=&#8221;1058&#8243; img_size=&#8221;full&#8221; qode_css_animation=&#8221;&#8221; el_class=&#8221;imatge-caract-1&#8243;][\/vc_column][vc_column width=&#8221;7\/12&#8243; el_class=&#8221;text-producte ordre-1md&#8221; offset=&#8221;vc_col-lg-6 vc_col-md-6 vc_col-xs-12&#8243;][vc_column_text]<\/p>\n<h1 class=\"w-400\">Baranes<\/h1>\n<h1 class=\"w-400\">minimalistes<\/h1>\n<p>Baranes i proteccions minimalistes per a escales, de protecci\u00f3 d&#8217;accessos, per a espais p\u00fablics, per a balcons, baranes per interiors, per exteriors&#8230;[\/vc_column_text][vc_column_text el_class=&#8221;icones-text-2l&#8221;]<\/p>\n<ul>\n<li><img decoding=\"async\" class=\"icona icona-s cercle resistencia\" src=\"https:\/\/grabalosa.com\/finestres\/wp-content\/uploads\/sites\/3\/2018\/07\/resistencia-durabilitat.svg\" alt=\"Icona Resist\u00e8ncia i durabilitat - Met\u00e0l\u00b7liques Grabalosa\" \/><span class=\"no-marxis\">Resist\u00e8ncia i durabilitat<\/span><\/li>\n<li><img decoding=\"async\" class=\"icona icona-s cercle dif\" src=\"https:\/\/grabalosa.com\/finestres\/wp-content\/uploads\/sites\/3\/2018\/07\/disseny-funcionalitat.svg\" alt=\"Icona Disseny i funcionalitat - Met\u00e0l\u00b7liques Grabalosa\" \/><span class=\"no-marxis\">Disseny i funcionalitat<\/span><\/li>\n<\/ul>\n<p>[\/vc_column_text]<a  itemprop=\"url\" href=\"https:\/\/grabalosa.com\/finestres\/sostres-terraces-i-facanes\/baranes\/\" target=\"_self\" data-hover-background-color=\"#1d1d1b\" data-hover-border-color=\"#1d1d1b\" data-hover-color=\"#ffffff\" class=\"qbutton  small center white default boto-multiproducte\" style=\"color: #1d1d1b; border-color: #1d1d1b; border-radius: 3px;-moz-border-radius: 3px;-webkit-border-radius: 3px; background-color:transparent;\">M\u00c9S INFORMACI\u00d3<\/a>[\/vc_column][\/vc_row][vc_row css_animation=&#8221;&#8221; row_type=&#8221;row&#8221; use_row_as_full_screen_section=&#8221;yes&#8221; type=&#8221;grid&#8221; angled_section=&#8221;no&#8221; text_align=&#8221;left&#8221; background_image_as_pattern=&#8221;without_pattern&#8221; css=&#8221;.vc_custom_1537550429227{padding-top: 70px !important;padding-bottom: 70px !important;background-color: #f1f1f1 !important;}&#8221; z_index=&#8221;&#8221; el_class=&#8221;modul-3&#8243;][vc_column el_class=&#8221;assessor&#8221; offset=&#8221;vc_col-lg-offset-2 vc_col-lg-8 vc_col-md-offset-2 vc_col-md-8 vc_col-sm-offset-0 vc_col-xs-12&#8243;][vc_column_text el_class=&#8221;text-left text-descriptiu-3&#8243;]<\/p>\n<h5>ATENCI\u00d3 AL CLIENT<\/h5>\n<p>[\/vc_column_text][vc_column_text el_class=&#8221;text-left text-descriptiu-3&#8243;]<\/p>\n<h1>Assessorament gratu\u00eft<\/h1>\n<div>Si est\u00e0 interessat en aquest tipus de producte, es pot posar en contacte amb nosaltres i l\u2019assessorarem gratuitament per trobar l\u2019opci\u00f3 que m\u00e9s s\u2019adequa a les seves necessitats.<\/div>\n<p>[\/vc_column_text][vc_row_inner row_type=&#8221;row&#8221; type=&#8221;full_width&#8221; text_align=&#8221;left&#8221; css_animation=&#8221;&#8221; css=&#8221;.vc_custom_1528016690302{margin-top: 40px !important;}&#8221;][vc_column_inner width=&#8221;1\/2&#8243; offset=&#8221;vc_col-lg-6 vc_col-md-6 vc_col-xs-12&#8243;]\n\n\t<a href=\"#\" target=\"_self\" style=\"color: #ffffff;background-color: #1d1d1b;font-size: 16px;font-weight: 300;text-transform: uppercase;font-style: normal\" class=\"qode-btn qode-btn-medium qode-btn-solid qode-btn-custom-hover-bg qode-btn-custom-hover-color qode-btn-icon boto-assessor spu-open-3230 qode-btn-default-hover\" data-hover-bg-color=\"#555555\" data-hover-color=\"#f2f2f2\" >\n\t    <span class=\"qode-btn-text\">CONTACTA&#039;NS<\/span><span class=\"qode-button-v2-icon-holder\" style=\"font-size: 16px\" ><i class=\"qode_icon_font_awesome fa fa-envelope qode-button-v2-icon-holder-inner\" ><\/i><\/span>\t<\/a>\n\n[\/vc_column_inner][vc_column_inner width=&#8221;1\/2&#8243; offset=&#8221;vc_col-lg-6 vc_col-md-6 vc_col-xs-12&#8243;]\n\n\t<a href=\"tel:+34972788028\" target=\"_self\" style=\"color: #ffffff;background-color: #1d1d1b;font-size: 16px;font-weight: 300;text-transform: uppercase;font-style: normal\" class=\"qode-btn qode-btn-medium qode-btn-solid qode-btn-custom-hover-bg qode-btn-custom-hover-color qode-btn-icon boto-assessor qode-btn-default-hover\" data-hover-bg-color=\"#555555\" data-hover-color=\"#f2f2f2\" >\n\t    <span class=\"qode-btn-text\">(34) 972 788 028<\/span><span class=\"qode-button-v2-icon-holder\" style=\"font-size: 16px\" ><i class=\"qode_icon_font_awesome fa fa-phone qode-button-v2-icon-holder-inner\" ><\/i><\/span>\t<\/a>\n\n[\/vc_column_inner][\/vc_row_inner][\/vc_column][\/vc_row]<\/p>\n<\/div>","protected":false},"excerpt":{"rendered":"<p>[vc_row css_animation=&#8221;&#8221; row_type=&#8221;row&#8221; use_row_as_full_screen_section=&#8221;yes&#8221; type=&#8221;grid&#8221; angled_section=&#8221;no&#8221; text_align=&#8221;left&#8221; background_image_as_pattern=&#8221;without_pattern&#8221; css=&#8221;.vc_custom_1582022147815{padding-top: 20px !important;padding-bottom: 50px !important;background-color: #ececec !important;}&#8221; z_index=&#8221;&#8221; el_class=&#8221;titol-producte multiproducte flex-section flex-section-768-ordres modul-6-titolm&#8221;][vc_column width=&#8221;7\/12&#8243; el_class=&#8221;text-producte ordre-1md&#8221; offset=&#8221;vc_col-lg-6 vc_col-md-6 vc_col-xs-12&#8243;][vc_column_text] Mur cortina Fa\u00e7anes infinites A Met\u00e0l\u00b7liques Grabalosa fabriquem una nova generaci\u00f3 de fa\u00e7anes de vidre basada en el&#8230;<\/p>\n","protected":false},"author":1,"featured_media":0,"parent":0,"menu_order":4,"comment_status":"closed","ping_status":"closed","template":"full_width.php","meta":{"footnotes":""},"class_list":["post-1024","page","type-page","status-publish","hentry"],"aioseo_notices":[],"_links":{"self":[{"href":"https:\/\/grabalosa.com\/finestres\/wp-json\/wp\/v2\/pages\/1024","targetHints":{"allow":["GET"]}}],"collection":[{"href":"https:\/\/grabalosa.com\/finestres\/wp-json\/wp\/v2\/pages"}],"about":[{"href":"https:\/\/grabalosa.com\/finestres\/wp-json\/wp\/v2\/types\/page"}],"author":[{"embeddable":true,"href":"https:\/\/grabalosa.com\/finestres\/wp-json\/wp\/v2\/users\/1"}],"replies":[{"embeddable":true,"href":"https:\/\/grabalosa.com\/finestres\/wp-json\/wp\/v2\/comments?post=1024"}],"version-history":[{"count":0,"href":"https:\/\/grabalosa.com\/finestres\/wp-json\/wp\/v2\/pages\/1024\/revisions"}],"wp:attachment":[{"href":"https:\/\/grabalosa.com\/finestres\/wp-json\/wp\/v2\/media?parent=1024"}],"curies":[{"name":"wp","href":"https:\/\/api.w.org\/{rel}","templated":true}]}}