{"id":1019,"date":"2018-07-14T12:31:00","date_gmt":"2018-07-14T10:31:00","guid":{"rendered":"http:\/\/finestres.ambdues.cat\/?page_id=1019"},"modified":"2021-06-02T19:37:54","modified_gmt":"2021-06-02T17:37:54","slug":"finestres-minimalistes","status":"publish","type":"page","link":"https:\/\/grabalosa.com\/finestres\/producte-finestres\/finestres-minimalistes\/","title":{"rendered":"Finestres minimalistes"},"content":{"rendered":"<div class=\"wpb-content-wrapper\"><p>[vc_row css_animation=&#8221;&#8221; row_type=&#8221;row&#8221; use_row_as_full_screen_section=&#8221;no&#8221; type=&#8221;grid&#8221; angled_section=&#8221;no&#8221; text_align=&#8221;left&#8221; background_image_as_pattern=&#8221;without_pattern&#8221; css=&#8221;.vc_custom_1550748206340{padding-bottom: 40px !important;background-color: #ececec !important;}&#8221; z_index=&#8221;&#8221; el_class=&#8221;titol-producte flex-section flex-section-600&#8243;][vc_column width=&#8221;5\/12&#8243; offset=&#8221;vc_col-lg-6 vc_col-md-6 vc_col-xs-12&#8243;][vc_column_text]<\/p>\n<h2 class=\"h1\"><span class=\"w-400\">Finestres minimalistes<\/span><br \/>\nForma i funci\u00f3<\/h2>\n<p>[\/vc_column_text][\/vc_column][vc_column width=&#8221;7\/12&#8243; offset=&#8221;vc_col-lg-6 vc_col-md-6 vc_col-xs-12&#8243;][vc_single_image image=&#8221;1730&#8243; img_size=&#8221;full&#8221; alignment=&#8221;center&#8221; qode_css_animation=&#8221;&#8221; el_class=&#8221;imatge-caract-1&#8243;][\/vc_column][\/vc_row][vc_row css_animation=&#8221;&#8221; row_type=&#8221;row&#8221; use_row_as_full_screen_section=&#8221;no&#8221; type=&#8221;grid&#8221; angled_section=&#8221;no&#8221; text_align=&#8221;left&#8221; background_image_as_pattern=&#8221;without_pattern&#8221; css=&#8221;.vc_custom_1545160283181{padding-top: 100px !important;padding-bottom: 100px !important;}&#8221; z_index=&#8221;&#8221; el_class=&#8221;modul-1&#8243;][vc_column width=&#8221;1\/2&#8243; offset=&#8221;vc_col-lg-6 vc_col-md-6 vc_col-xs-12&#8243;][vc_gallery type=&#8221;flexslider_slide&#8221; interval=&#8221;3&#8243; images=&#8221;3160,3162,3153,3159,3161,3154,3155,3156,3157,3158&#8243; img_size=&#8221;full&#8221; direction_nav=&#8221;yes&#8221; control_nav=&#8221;no&#8221; show_image_description=&#8221;yes&#8221; pause_on_hover=&#8221;no&#8221; frame=&#8221;no&#8221; el_class=&#8221;galeria-s-m1&#8243;][\/vc_column][vc_column css_animation=&#8221;right-to-left&#8221; width=&#8221;1\/2&#8243; offset=&#8221;vc_col-lg-6 vc_col-md-6 vc_col-xs-12&#8243;][vc_column_text el_class=&#8221;text-descriptiu-1 text-left&#8221;]<\/p>\n<h2 class=\"h1\">Ampliant horitzons<\/h2>\n<p>Les finestres minimalistes (HORIZON LINE i CORVISION PLUS)\u00a0 estan fabricades amb alumini i fibra de vidre, amb la caracter\u00edstica principal que l&#8217;estructura est\u00e0 encastada (integrada) a l&#8217;obra. D&#8217;aquesta manera, la perfileria resulta gaireb\u00e9 invisible, cosa que aporta disseny, amplia el camp visual de la finestra i elimina obstacles.[\/vc_column_text]<div class=\"qode-accordion-holder clearfix qode-toggle qode-initial \">\n\t<h6 class=\"clearfix qode-title-holder\">\n<span class=\"qode-tab-title\">\n\t    <span class=\"qode-tab-title-inner\">\n        Llegeix m\u00e9s    <\/span>\n<\/span>\n<span class=\"qode-accordion-mark\">\n    <span class=\"qode-accordion-mark-icon\">\n        <span class=\"icon_plus\"><\/span>\n        <span class=\"icon_minus-06\"><\/span>\n    <\/span>\n<\/span>\n<\/h6>\n<div  class=\"qode-accordion-content \" style=\"padding: 0 0 0 0\">\n    <div class=\"qode-accordion-content-inner\">\n        [vc_column_text el_class=&#8221;text-descriptiu-1 text-left&#8221;]La disposici\u00f3 unidireccional de la fibra de vidre augmenta les prestacions mec\u00e0niques del sistema i fa que el tancament sigui m\u00e9s competent t\u00e8rmicament; el baix consum d&#8217;energia que requereix el proc\u00e9s de transformaci\u00f3, a m\u00e9s, la converteix en una finestra sostenible.<\/p>\n<p>HORIZON B&amp;L<\/p>\n<p>La perfileria \u00e9s de fibra de carboni i fibra de vidre, dos components innovadors que permeten construir finestres motoritzades m\u00f2bils de fins a 18 m\u00b2 de superf\u00edcie amb una transmit\u00e0ncia t\u00e8rmica impensable fins al moment. El resultat \u00e9s un tancament molt resistent, d&#8217;est\u00e8tica minimalista, eficient i sostenible.<\/p>\n<p>HORIZON TRANSITION<\/p>\n<p>Sistema de tancaments amb moviment sobre un eix vertical i amb el mateix funcionament que els sistemes de corredisses, de protecci\u00f3 o zenitals, la qual cosa en fa una soluci\u00f3 homog\u00e8nia i funcional.[\/vc_column_text]    <\/div>\n<\/div><\/div>[\/vc_column][\/vc_row][vc_row css_animation=&#8221;&#8221; row_type=&#8221;row&#8221; use_row_as_full_screen_section=&#8221;no&#8221; type=&#8221;grid&#8221; angled_section=&#8221;no&#8221; text_align=&#8221;left&#8221; background_image_as_pattern=&#8221;without_pattern&#8221; z_index=&#8221;&#8221; css=&#8221;.vc_custom_1545132089421{background-color: #f6f6f6 !important;}&#8221; el_class=&#8221;altres-models modul-porta modul-faqs modul-accord-portes&#8221;][vc_column css=&#8221;.vc_custom_1544029349173{padding-top: 80px !important;padding-bottom: 80px !important;}&#8221;]<div class=\"qode-accordion-holder clearfix qode-toggle qode-initial \">\n\t<h5 class=\"clearfix qode-title-holder\">\n<span class=\"qode-tab-title\">\n\t    <span class=\"qode-tab-title-inner\">\n        Sistemes d&#039;obertura de les finestres minimalistes    <\/span>\n<\/span>\n<span class=\"qode-accordion-mark\">\n    <span class=\"qode-accordion-mark-icon\">\n        <span class=\"icon_plus\"><\/span>\n        <span class=\"icon_minus-06\"><\/span>\n    <\/span>\n<\/span>\n<\/h5>\n<div  class=\"qode-accordion-content \" style=\"padding: 4px 0 70px 0\">\n    <div class=\"qode-accordion-content-inner\">\n        [vc_column_text el_class=&#8221;ac-portes-sist-obertura text-left img-3icons&#8221;]<\/p>\n<h3>SISTEMES D\u2019OBERTURA<br \/>\n<span class=\"w-300\">DE LES FINESTRES MINIMALISTES<\/span><\/h3>\n<p class=\"pt-10\">Finestres i obertures vidrades en dues, tres, sis fulles.<\/p>\n<p><img decoding=\"async\" class=\"wp-image-811\" src=\"https:\/\/grabalosa.com\/finestres\/wp-content\/uploads\/sites\/3\/2018\/07\/obertura-pvc.svg\" alt=\"Sistemes d'obertura de finestres Grabalosa\" \/>[\/vc_column_text]    <\/div>\n<\/div><h5 class=\"clearfix qode-title-holder\">\n<span class=\"qode-tab-title\">\n\t    <span class=\"qode-tab-title-inner\">\n        Garantia de qualitat    <\/span>\n<\/span>\n<span class=\"qode-accordion-mark\">\n    <span class=\"qode-accordion-mark-icon\">\n        <span class=\"icon_plus\"><\/span>\n        <span class=\"icon_minus-06\"><\/span>\n    <\/span>\n<\/span>\n<\/h5>\n<div  class=\"qode-accordion-content \" style=\"padding: 4px 0 70px 0\">\n    <div class=\"qode-accordion-content-inner\">\n        [vc_column_text el_class=&#8221;ac-portes-garantia-qualitat text-left&#8221;]<\/p>\n<h3>GARANTIA DE QUALITAT<\/h3>\n<p>Producte de qualitat, responent al Codi T\u00e8cnic de la Construcci\u00f3 (CTE) i del Mercat Europeo (CE).<\/p>\n<h4 class=\"h4-little\">HOMOLOGACI\u00d3<\/h4>\n<ul>\n<li><img decoding=\"async\" src=\"https:\/\/grabalosa.com\/finestres\/wp-content\/uploads\/sites\/3\/2018\/07\/mercat-europeu.svg\" alt=\"Sigles Homologaci\u00f3 Mercat Europeu\" width=\"100\" \/><\/li>\n<li><img decoding=\"async\" src=\"https:\/\/grabalosa.com\/finestres\/wp-content\/uploads\/sites\/3\/2018\/07\/codi-tecnic-construccio.svg\" alt=\"Sigles del Codi T\u00e8cnic de la Construcci\u00f3\" width=\"100\" \/><\/li>\n<\/ul>\n<p>[\/vc_column_text]    <\/div>\n<\/div><\/div>[\/vc_column][\/vc_row][vc_row css_animation=&#8221;&#8221; row_type=&#8221;row&#8221; use_row_as_full_screen_section=&#8221;yes&#8221; type=&#8221;grid&#8221; angled_section=&#8221;no&#8221; text_align=&#8221;left&#8221; background_image_as_pattern=&#8221;without_pattern&#8221; css=&#8221;.vc_custom_1531996322139{background-color: #575757 !important;}&#8221; z_index=&#8221;&#8221; el_class=&#8221;modul-5 p-row&#8221;][vc_column width=&#8221;1\/2&#8243; el_class=&#8221;white-t text-m5&#8243; css=&#8221;.vc_custom_1538164442859{padding-top: 60px !important;padding-bottom: 60px !important;padding-left: 20px !important;}&#8221; offset=&#8221;vc_col-lg-6 vc_col-md-6 vc_hidden-md vc_hidden-sm vc_col-xs-12 vc_hidden-xs&#8221;][vc_column_text]<\/p>\n<h2 class=\"h1 no-subtitol\">VIDRES D&#8217;ALTES<br \/>\nPRESTACIONS<\/h2>\n<p>Les caracter\u00edsques \u00f2ptiques i energ\u00e8tiques d\u2019un bon vidre varien en funci\u00f3 de la tipologia de capa (simple, doble, de seguretat\u2026), la c\u00e0mara seleccionada, i el gruix del vidre.[\/vc_column_text][vc_column_text el_class=&#8221;icones-text-sota&#8221;]<\/p>\n<ul>\n<li><img decoding=\"async\" class=\"icona icona-mv\" src=\"https:\/\/grabalosa.com\/finestres\/wp-content\/uploads\/sites\/3\/2018\/09\/01-icona-vidre-doble-finestres-minimalistes-grabalosa.svg\" alt=\"Vidre dobre - Finestres minimalistes Grabalosa\" \/><span class=\"white-t\">Doble<\/span><\/li>\n<li><img decoding=\"async\" class=\"icona icona-mv\" src=\"https:\/\/grabalosa.com\/finestres\/wp-content\/uploads\/sites\/3\/2018\/09\/02-icona-vidre-triple-finestres-minimalistes-grabalosa.svg\" alt=\"Vidre triple - Finestres minimalistes Grabalosa\" \/><span class=\"white-t\">Triple<\/span><\/li>\n<li><img decoding=\"async\" class=\"icona icona-mv\" src=\"https:\/\/grabalosa.com\/finestres\/wp-content\/uploads\/sites\/3\/2018\/09\/03-icona-vidre-seguretat-finestres-minimalistes-grabalosa.svg\" alt=\"Vidre de seguretat - Finestres minimalistes Grabalosa\" \/><span class=\"white-t\">De seguretat<\/span><\/li>\n<\/ul>\n<p>[\/vc_column_text][\/vc_column][vc_column width=&#8221;1\/2&#8243; el_class=&#8221;white-t imatge-m5&#8243; css=&#8221;.vc_custom_1531996547134{padding-right: 0px !important;padding-left: 0px !important;}&#8221; offset=&#8221;vc_col-lg-6 vc_col-md-6 vc_hidden-md vc_hidden-sm vc_col-xs-12 vc_hidden-xs&#8221;][vc_single_image image=&#8221;1796&#8243; img_size=&#8221;full&#8221; alignment=&#8221;center&#8221; qode_css_animation=&#8221;&#8221;][\/vc_column][\/vc_row][vc_row css_animation=&#8221;&#8221; row_type=&#8221;row&#8221; use_row_as_full_screen_section=&#8221;yes&#8221; type=&#8221;full_width&#8221; angled_section=&#8221;no&#8221; text_align=&#8221;left&#8221; background_image_as_pattern=&#8221;without_pattern&#8221; css=&#8221;.vc_custom_1531996054910{background-color: #575757 !important;}&#8221; z_index=&#8221;&#8221; el_class=&#8221;modul-5&#8243;][vc_column width=&#8221;1\/2&#8243; el_class=&#8221;white-t text-m5&#8243; css=&#8221;.vc_custom_1538164483693{padding-top: 60px !important;padding-bottom: 60px !important;padding-left: 20px !important;}&#8221; offset=&#8221;vc_col-lg-6 vc_hidden-lg vc_col-md-6 vc_col-xs-12&#8243;][vc_column_text]<\/p>\n<h2 class=\"h1 no-subtitol\">VIDRES D&#8217;ALTES<br \/>\nPRESTACIONS<\/h2>\n<p>Les caracter\u00edsques \u00f2ptiques i energ\u00e8tiques d\u2019un bon vidre varien en funci\u00f3 de la tipologia de capa (simple, doble, de seguretat\u2026), la c\u00e0mara seleccionada, i el gruix del vidre.[\/vc_column_text][vc_column_text el_class=&#8221;icones-text-sota&#8221;]<\/p>\n<ul>\n<li><img decoding=\"async\" class=\"icona icona-mv\" src=\"https:\/\/grabalosa.com\/finestres\/wp-content\/uploads\/sites\/3\/2018\/09\/01-icona-vidre-doble-finestres-minimalistes-grabalosa.svg\" alt=\"Vidre dobre - Finestres minimalistes Grabalosa\" \/><span class=\"white-t\">Doble<\/span><\/li>\n<li><img decoding=\"async\" class=\"icona icona-mv\" src=\"https:\/\/grabalosa.com\/finestres\/wp-content\/uploads\/sites\/3\/2018\/09\/02-icona-vidre-triple-finestres-minimalistes-grabalosa.svg\" alt=\"Vidre triple - Finestres minimalistes Grabalosa\" \/><span class=\"white-t\">Triple<\/span><\/li>\n<li><img decoding=\"async\" class=\"icona icona-mv\" src=\"https:\/\/grabalosa.com\/finestres\/wp-content\/uploads\/sites\/3\/2018\/09\/03-icona-vidre-seguretat-finestres-minimalistes-grabalosa.svg\" alt=\"Vidre de seguretat - Finestres minimalistes Grabalosa\" \/><span class=\"white-t\">De seguretat<\/span><\/li>\n<\/ul>\n<p>[\/vc_column_text][\/vc_column][vc_column width=&#8221;1\/2&#8243; el_class=&#8221;white-t imatge-m5&#8243; css=&#8221;.vc_custom_1531996571629{padding-right: 0px !important;padding-left: 0px !important;}&#8221; offset=&#8221;vc_col-lg-6 vc_hidden-lg vc_col-md-6 vc_col-xs-12&#8243;][vc_single_image image=&#8221;1796&#8243; img_size=&#8221;full&#8221; alignment=&#8221;center&#8221; qode_css_animation=&#8221;&#8221;][\/vc_column][\/vc_row][vc_row css_animation=&#8221;&#8221; row_type=&#8221;row&#8221; use_row_as_full_screen_section=&#8221;yes&#8221; type=&#8221;grid&#8221; angled_section=&#8221;no&#8221; text_align=&#8221;left&#8221; background_image_as_pattern=&#8221;without_pattern&#8221; css=&#8221;.vc_custom_1537550429227{padding-top: 70px !important;padding-bottom: 70px !important;background-color: #f1f1f1 !important;}&#8221; z_index=&#8221;&#8221; el_class=&#8221;modul-3&#8243;][vc_column el_class=&#8221;assessor&#8221; offset=&#8221;vc_col-lg-offset-2 vc_col-lg-8 vc_col-md-offset-2 vc_col-md-8 vc_col-sm-offset-0 vc_col-xs-12&#8243;][vc_column_text el_class=&#8221;text-left text-descriptiu-3&#8243;]<\/p>\n<h5>ATENCI\u00d3 AL CLIENT<\/h5>\n<p>[\/vc_column_text][vc_column_text el_class=&#8221;text-left text-descriptiu-3&#8243;]<\/p>\n<h2 class=\"h1\">Assessorament gratu\u00eft<\/h2>\n<div>Si est\u00e0 interessat en les finestres minimalistes o necessita m\u00e9s informaci\u00f3 sobre aquest sistema de tancament, es pot posar en contacte amb nosaltres i l&#8217;assessorarem gratuitament per trobar l&#8217;opci\u00f3 que m\u00e9s s&#8217;adequa a les seves necessitats.<\/div>\n<p>[\/vc_column_text][vc_row_inner row_type=&#8221;row&#8221; type=&#8221;full_width&#8221; text_align=&#8221;left&#8221; css_animation=&#8221;&#8221; css=&#8221;.vc_custom_1528016690302{margin-top: 40px !important;}&#8221;][vc_column_inner width=&#8221;1\/2&#8243; offset=&#8221;vc_col-lg-6 vc_col-md-6 vc_col-xs-12&#8243;]\n\n\t<a href=\"https:\/\/grabalosa.com\/finestres\/contacte\/#formulari\" target=\"_self\" style=\"color: #ffffff;background-color: #1d1d1b;font-size: 16px;font-weight: 300;text-transform: uppercase;font-style: normal\" class=\"qode-btn qode-btn-medium qode-btn-solid qode-btn-custom-hover-bg qode-btn-custom-hover-color qode-btn-icon boto-assessor spu-open-3230 qode-btn-default-hover\" data-hover-bg-color=\"#555555\" data-hover-color=\"#f2f2f2\" >\n\t    <span class=\"qode-btn-text\">CONTACTA&#039;NS<\/span><span class=\"qode-button-v2-icon-holder\" style=\"font-size: 16px\" ><i class=\"qode_icon_font_awesome fa fa-envelope qode-button-v2-icon-holder-inner\" ><\/i><\/span>\t<\/a>\n\n[\/vc_column_inner][vc_column_inner width=&#8221;1\/2&#8243; offset=&#8221;vc_col-lg-6 vc_col-md-6 vc_col-xs-12&#8243;]\n\n\t<a href=\"tel:+34972788028\" target=\"_self\" style=\"color: #ffffff;background-color: #1d1d1b;font-size: 16px;font-weight: 300;text-transform: uppercase;font-style: normal\" class=\"qode-btn qode-btn-medium qode-btn-solid qode-btn-custom-hover-bg qode-btn-custom-hover-color qode-btn-icon boto-assessor qode-btn-default-hover\" data-hover-bg-color=\"#555555\" data-hover-color=\"#f2f2f2\" >\n\t    <span class=\"qode-btn-text\">(34) 972 788 028<\/span><span class=\"qode-button-v2-icon-holder\" style=\"font-size: 16px\" ><i class=\"qode_icon_font_awesome fa fa-phone qode-button-v2-icon-holder-inner\" ><\/i><\/span>\t<\/a>\n\n[\/vc_column_inner][\/vc_row_inner][\/vc_column][\/vc_row]<\/p>\n<\/div>","protected":false},"excerpt":{"rendered":"<p>[vc_row css_animation=&#8221;&#8221; row_type=&#8221;row&#8221; use_row_as_full_screen_section=&#8221;no&#8221; type=&#8221;grid&#8221; angled_section=&#8221;no&#8221; text_align=&#8221;left&#8221; background_image_as_pattern=&#8221;without_pattern&#8221; css=&#8221;.vc_custom_1550748206340{padding-bottom: 40px !important;background-color: #ececec !important;}&#8221; z_index=&#8221;&#8221; el_class=&#8221;titol-producte flex-section flex-section-600&#8243;][vc_column width=&#8221;5\/12&#8243; offset=&#8221;vc_col-lg-6 vc_col-md-6 vc_col-xs-12&#8243;][vc_column_text] Finestres minimalistes Forma i funci\u00f3 [\/vc_column_text][\/vc_column][vc_column width=&#8221;7\/12&#8243; offset=&#8221;vc_col-lg-6 vc_col-md-6 vc_col-xs-12&#8243;][vc_single_image image=&#8221;1730&#8243; img_size=&#8221;full&#8221; alignment=&#8221;center&#8221; qode_css_animation=&#8221;&#8221; el_class=&#8221;imatge-caract-1&#8243;][\/vc_column][\/vc_row][vc_row css_animation=&#8221;&#8221; row_type=&#8221;row&#8221; use_row_as_full_screen_section=&#8221;no&#8221; type=&#8221;grid&#8221; angled_section=&#8221;no&#8221; text_align=&#8221;left&#8221; background_image_as_pattern=&#8221;without_pattern&#8221; css=&#8221;.vc_custom_1545160283181{padding-top: 100px&#8230;<\/p>\n","protected":false},"author":1,"featured_media":0,"parent":16,"menu_order":4,"comment_status":"closed","ping_status":"closed","template":"full_width.php","meta":{"footnotes":""},"class_list":["post-1019","page","type-page","status-publish","hentry"],"aioseo_notices":[],"_links":{"self":[{"href":"https:\/\/grabalosa.com\/finestres\/wp-json\/wp\/v2\/pages\/1019","targetHints":{"allow":["GET"]}}],"collection":[{"href":"https:\/\/grabalosa.com\/finestres\/wp-json\/wp\/v2\/pages"}],"about":[{"href":"https:\/\/grabalosa.com\/finestres\/wp-json\/wp\/v2\/types\/page"}],"author":[{"embeddable":true,"href":"https:\/\/grabalosa.com\/finestres\/wp-json\/wp\/v2\/users\/1"}],"replies":[{"embeddable":true,"href":"https:\/\/grabalosa.com\/finestres\/wp-json\/wp\/v2\/comments?post=1019"}],"version-history":[{"count":0,"href":"https:\/\/grabalosa.com\/finestres\/wp-json\/wp\/v2\/pages\/1019\/revisions"}],"up":[{"embeddable":true,"href":"https:\/\/grabalosa.com\/finestres\/wp-json\/wp\/v2\/pages\/16"}],"wp:attachment":[{"href":"https:\/\/grabalosa.com\/finestres\/wp-json\/wp\/v2\/media?parent=1019"}],"curies":[{"name":"wp","href":"https:\/\/api.w.org\/{rel}","templated":true}]}}