{"id":4482,"date":"2020-05-22T20:52:48","date_gmt":"2020-05-22T18:52:48","guid":{"rendered":"http:\/\/ambdues.cat\/finestres\/controle-solaire\/pergolas\/"},"modified":"2022-07-05T12:05:30","modified_gmt":"2022-07-05T10:05:30","slug":"pergolas","status":"publish","type":"page","link":"https:\/\/grabalosa.com\/finestres\/fr\/controle-solaire\/pergolas\/","title":{"rendered":"Pergolas"},"content":{"rendered":"<div class=\"wpb-content-wrapper\"><p>[vc_row css_animation=\u00a0\u00bb\u00a0\u00bb row_type=\u00a0\u00bbrow\u00a0\u00bb use_row_as_full_screen_section=\u00a0\u00bbno\u00a0\u00bb type=\u00a0\u00bbgrid\u00a0\u00bb angled_section=\u00a0\u00bbno\u00a0\u00bb text_align=\u00a0\u00bbleft\u00a0\u00bb background_image_as_pattern=\u00a0\u00bbwithout_pattern\u00a0\u00bb css=\u00a0\u00bb.vc_custom_1550535903216{padding-bottom: 0px !important;background-color: #f5f5f5 !important;}\u00a0\u00bb z_index=\u00a0\u00bb\u00a0\u00bb el_class=\u00a0\u00bbflex-section flex-section-600 titol-producte modul-6-titol m6-400&Prime;][vc_column css_animation=\u00a0\u00bbleft-to-right\u00a0\u00bb width=\u00a0\u00bb1\/2&Prime; el_class=\u00a0\u00bbtext-producte-6&Prime; offset=\u00a0\u00bbvc_col-lg-6 vc_col-md-6 vc_col-xs-12 vc_hidden-xs\u00a0\u00bb][vc_column_text]<\/p>\n<h1 class=\"w-400\">Pergolas<\/h1>\n<h1>Lames fixes ajour\u00e9es ou orientables<\/h1>\n<p>[\/vc_column_text][vc_column_text el_class=\u00a0\u00bbicones-text-titol\u00a0\u00bb]<\/p>\n<ul>\n<li><img decoding=\"async\" class=\"icona icona-s cercle ventilacio\" src=\"https:\/\/grabalosa.com\/finestres\/wp-content\/uploads\/sites\/3\/2018\/07\/ventilacio-regulable.svg\" alt=\"Air\u00e9ation r\u00e9glable\"><span class=\"no-marxis\">Air\u00e9ation r\u00e9glable<\/span><\/li>\n<li><img decoding=\"async\" class=\"icona icona-s cercle solar\" src=\"https:\/\/grabalosa.com\/finestres\/wp-content\/uploads\/sites\/3\/2018\/07\/proteccio-solar.svg\" alt=\"Protection solaire\"><span class=\"no-marxis\">Protection solaire<\/span><\/li>\n<\/ul>\n<p>[\/vc_column_text][\/vc_column][vc_column width=\u00a0\u00bb1\/2&Prime; el_class=\u00a0\u00bbimatge-fullw-titol\u00a0\u00bb offset=\u00a0\u00bbvc_col-lg-6 vc_col-md-6 vc_col-xs-12 vc_hidden-xs\u00a0\u00bb css=\u00a0\u00bb.vc_custom_1591738582387{background-image: url(https:\/\/grabalosa.com\/finestres\/wp-content\/uploads\/sites\/3\/2020\/06\/Camargue_pergola_bioclimatica_renson-scaled-1.jpg?id=9545) !important;background-position: center !important;background-repeat: no-repeat !important;background-size: cover !important;}\u00a0\u00bb][\/vc_column][\/vc_row][vc_row css_animation=\u00a0\u00bb\u00a0\u00bb row_type=\u00a0\u00bbrow\u00a0\u00bb use_row_as_full_screen_section=\u00a0\u00bbno\u00a0\u00bb type=\u00a0\u00bbfull_width\u00a0\u00bb angled_section=\u00a0\u00bbno\u00a0\u00bb text_align=\u00a0\u00bbleft\u00a0\u00bb background_image_as_pattern=\u00a0\u00bbwithout_pattern\u00a0\u00bb css=\u00a0\u00bb.vc_custom_1550535941336{padding-top: 0px !important;padding-bottom: 0px !important;background-color: #f5f5f5 !important;}\u00a0\u00bb z_index=\u00a0\u00bb\u00a0\u00bb el_class=\u00a0\u00bbflex-section flex-section-600 titol-producte modul-6-titolm\u00a0\u00bb][vc_column width=\u00a0\u00bb1\/2&Prime; el_class=\u00a0\u00bbimatge-fullw-titol\u00a0\u00bb offset=\u00a0\u00bbvc_col-lg-6 vc_hidden-lg vc_col-md-6 vc_hidden-md vc_hidden-sm vc_col-xs-12&Prime; css=\u00a0\u00bb.vc_custom_1591738613842{background-image: url(https:\/\/grabalosa.com\/finestres\/wp-content\/uploads\/sites\/3\/2020\/06\/Camargue_pergola_bioclimatica_renson-scaled-1.jpg?id=9545) !important;background-position: center !important;background-repeat: no-repeat !important;background-size: cover !important;}\u00a0\u00bb][\/vc_column][vc_column css_animation=\u00a0\u00bbleft-to-right\u00a0\u00bb width=\u00a0\u00bb1\/2&Prime; el_class=\u00a0\u00bbtext-producte-6&Prime; offset=\u00a0\u00bbvc_col-lg-6 vc_hidden-lg vc_col-md-6 vc_hidden-md vc_hidden-sm vc_col-xs-12&Prime; css=\u00a0\u00bb.vc_custom_1550535954909{padding-top: 45px !important;padding-bottom: 40px !important;}\u00a0\u00bb][vc_column_text]<\/p>\n<h1 class=\"w-400\">Pergolas<\/h1>\n<h1>Lames fixes ajour\u00e9es ou orientables<\/h1>\n<p>[\/vc_column_text][vc_column_text el_class=\u00a0\u00bbicones-text-titol\u00a0\u00bb]<\/p>\n<ul>\n<li><img decoding=\"async\" class=\"icona icona-s cercle ventilacio\" src=\"https:\/\/grabalosa.com\/finestres\/wp-content\/uploads\/sites\/3\/2018\/07\/ventilacio-regulable.svg\" alt=\"Air\u00e9ation r\u00e9glable\"><span class=\"no-marxis\">Air\u00e9ation r\u00e9glable<\/span><\/li>\n<li><img decoding=\"async\" class=\"icona icona-s cercle solar\" src=\"https:\/\/grabalosa.com\/finestres\/wp-content\/uploads\/sites\/3\/2018\/07\/proteccio-solar.svg\" alt=\"Protection solaire\"><span class=\"no-marxis\">Protection solaire<\/span><\/li>\n<\/ul>\n<p>[\/vc_column_text][\/vc_column][\/vc_row][vc_row css_animation=\u00a0\u00bb\u00a0\u00bb row_type=\u00a0\u00bbrow\u00a0\u00bb use_row_as_full_screen_section=\u00a0\u00bbno\u00a0\u00bb type=\u00a0\u00bbgrid\u00a0\u00bb angled_section=\u00a0\u00bbno\u00a0\u00bb text_align=\u00a0\u00bbleft\u00a0\u00bb background_image_as_pattern=\u00a0\u00bbwithout_pattern\u00a0\u00bb css=\u00a0\u00bb.vc_custom_1531434215737{margin-top: 100px !important;margin-bottom: 100px !important;}\u00a0\u00bb z_index=\u00a0\u00bb\u00a0\u00bb el_class=\u00a0\u00bbmodul-1&Prime;][vc_column width=\u00a0\u00bb1\/2&Prime; offset=\u00a0\u00bbvc_col-lg-6 vc_col-md-6 vc_col-xs-12&Prime;][vc_gallery type=\u00a0\u00bbflexslider_slide\u00a0\u00bb interval=\u00a0\u00bb3&Prime; images=\u00a0\u00bb4493,4505,4490,4502,4496,4499&Prime; img_size=\u00a0\u00bbfull\u00a0\u00bb direction_nav=\u00a0\u00bbyes\u00a0\u00bb control_nav=\u00a0\u00bbno\u00a0\u00bb show_image_description=\u00a0\u00bbyes\u00a0\u00bb pause_on_hover=\u00a0\u00bbno\u00a0\u00bb frame=\u00a0\u00bbno\u00a0\u00bb el_class=\u00a0\u00bbgaleria-s-m1&Prime;][\/vc_column][vc_column css_animation=\u00a0\u00bbright-to-left\u00a0\u00bb width=\u00a0\u00bb1\/2&Prime; offset=\u00a0\u00bbvc_col-lg-6 vc_col-md-6 vc_col-xs-12&Prime;][vc_column_text el_class=\u00a0\u00bbtext-descriptiu-1 text-left\u00a0\u00bb]<\/p>\n<h1>Pour en profiter toute l\u2019ann\u00e9e<\/h1>\n<p>La technologie des pergolas bioclimatiques de chez Grabalosa repose sur un syst\u00e8me de protection solaire \u00e0 lames pivotantes et orientables. Cette caract\u00e9ristique, est la principale de ce produit, ce qui permet \u00e0 l\u2019utilisateur de r\u00e9gler la quantit\u00e9 de lumi\u00e8re ainsi que l\u2019a\u00e9ration selon ses envies. En plus, en cas de pluie ou de neige, elles peuvent se refermer compl\u00e8tement et cr\u00e9er une toiture 100% imperm\u00e9able. Elles sont \u00e9quip\u00e9es d\u2019un syst\u00e8me d\u2019\u00e9vacuation de l\u2019eau vers l\u2019int\u00e9rieur des poteaux verticaux de la pergola.   <\/p>\n<p>Ce syst\u00e8me de pergola offre un \u00e9l\u00e9ment de protection solaire \u00e9l\u00e9gant et pratique qui s&rsquo;adapte \u00e0 tout espace ext\u00e9rieur (terrasses, porches, jardins &#8230;) et peut \u00eatre utilis\u00e9 \u00e0 tout moment de l&rsquo;ann\u00e9e.[\/vc_column_text]<div class=\"qode-accordion-holder clearfix qode-toggle qode-initial \">\n\t<h6 class=\"clearfix qode-title-holder\">\n<span class=\"qode-tab-title\">\n\t    <span class=\"qode-tab-title-inner\">\n        Lire plus    <\/span>\n<\/span>\n<span class=\"qode-accordion-mark\">\n    <span class=\"qode-accordion-mark-icon\">\n        <span class=\"icon_plus\"><\/span>\n        <span class=\"icon_minus-06\"><\/span>\n    <\/span>\n<\/span>\n<\/h6>\n<div  class=\"qode-accordion-content \" style=\"padding: 0 0 0 0\">\n    <div class=\"qode-accordion-content-inner\">\n        [vc_column_text el_class=\u00a0\u00bbtext-descriptiu-1 text-left\u00a0\u00bb]Avantages des pergolas bioclimatiques<\/p>\n<p>\u2013Elles s&rsquo;adaptent \u00e0 tous les styles architectoniques : contemporains, traditionnels et modernes.<br \/>\n\u2013Lames pivotantes offrant une protection solaire parfaite.<br \/>\n\u2013Fonctionnement motoris\u00e9, simple et silencieux.<br \/>\n\u2013Finitions haute gamme et entretien facile.[\/vc_column_text]    <\/div>\n<\/div><\/div>[\/vc_column][\/vc_row][vc_row css_animation=\u00a0\u00bb\u00a0\u00bb row_type=\u00a0\u00bbrow\u00a0\u00bb use_row_as_full_screen_section=\u00a0\u00bbno\u00a0\u00bb type=\u00a0\u00bbgrid\u00a0\u00bb angled_section=\u00a0\u00bbno\u00a0\u00bb text_align=\u00a0\u00bbleft\u00a0\u00bb background_image_as_pattern=\u00a0\u00bbwithout_pattern\u00a0\u00bb z_index=\u00a0\u00bb\u00a0\u00bb css=\u00a0\u00bb.vc_custom_1545132089421{background-color: #f6f6f6 !important;}\u00a0\u00bb el_class=\u00a0\u00bbaltres-models modul-porta modul-faqs modul-accord-portes\u00a0\u00bb][vc_column css=\u00a0\u00bb.vc_custom_1544029349173{padding-top: 80px !important;padding-bottom: 80px !important;}\u00a0\u00bb]<div class=\"qode-accordion-holder clearfix qode-toggle qode-initial \">\n\t<h5 class=\"clearfix qode-title-holder\">\n<span class=\"qode-tab-title\">\n\t    <span class=\"qode-tab-title-inner\">\n        Garantie de qualit\u00e9    <\/span>\n<\/span>\n<span class=\"qode-accordion-mark\">\n    <span class=\"qode-accordion-mark-icon\">\n        <span class=\"icon_plus\"><\/span>\n        <span class=\"icon_minus-06\"><\/span>\n    <\/span>\n<\/span>\n<\/h5>\n<div  class=\"qode-accordion-content \" style=\"padding: 4px 0 70px 0\">\n    <div class=\"qode-accordion-content-inner\">\n        [vc_column_text el_class=\u00a0\u00bbac-portes-garantia-qualitat text-left\u00a0\u00bb]<\/p>\n<h3>GARANTIE DE QUALIT\u00c9<\/h3>\n<p>Ce syst\u00e8me \u00e0 son label CE dans le processus de fabrication. Aussi est expos\u00e9 \u00e0 un test des essais pour donner garantie de r\u00e9sistance au vent et aux forces de manoeuvres europ\u00e9ennes.<\/p>\n<h4 class=\"h4-little\">HOMOLOGATION<\/h4>\n<ul>\n<li><img decoding=\"async\" src=\"https:\/\/grabalosa.com\/finestres\/wp-content\/uploads\/sites\/3\/2018\/07\/mercat-europeu.svg\" alt=\"Ic\u00f4ne du march\u00e9 europ\u00e9en\" width=\"100\"><\/li>\n<li><img decoding=\"async\" src=\"https:\/\/grabalosa.com\/finestres\/wp-content\/uploads\/sites\/3\/2018\/07\/codi-tecnic-construccio.svg\" alt=\"Abr\u00e9viations du Code Technique de Construction\" width=\"100\"><\/li>\n<\/ul>\n<p>[\/vc_column_text]    <\/div>\n<\/div><\/div>[\/vc_column][\/vc_row][vc_row css_animation=\u00a0\u00bb\u00a0\u00bb row_type=\u00a0\u00bbrow\u00a0\u00bb use_row_as_full_screen_section=\u00a0\u00bbyes\u00a0\u00bb type=\u00a0\u00bbgrid\u00a0\u00bb angled_section=\u00a0\u00bbno\u00a0\u00bb text_align=\u00a0\u00bbleft\u00a0\u00bb background_image_as_pattern=\u00a0\u00bbwithout_pattern\u00a0\u00bb css=\u00a0\u00bb.vc_custom_1531996322139{background-color: #575757 !important;}\u00a0\u00bb z_index=\u00a0\u00bb\u00a0\u00bb el_class=\u00a0\u00bbmodul-5 p-row\u00a0\u00bb][vc_column width=\u00a0\u00bb1\/2&Prime; el_class=\u00a0\u00bbwhite-t text-m5&Prime; css=\u00a0\u00bb.vc_custom_1582040975224{padding-top: 65px !important;padding-right: 20px !important;padding-bottom: 65px !important;padding-left: 20px !important;}\u00a0\u00bb offset=\u00a0\u00bbvc_col-lg-6 vc_col-md-6 vc_hidden-md vc_hidden-sm vc_col-xs-12 vc_hidden-xs\u00a0\u00bb][vc_column_text]<\/p>\n<h1>FONCTIONNEMENT MOTORIS\u00c9<\/h1>\n<h1>SIMPLE ET SILENCIEUX<\/h1>\n<h6><\/h6>\n<p>Les pergolas bioclimatiques s\u2019actionnent tr\u00e8s facilement et silencieusement. Les lames orientables dosent l\u2019entr\u00e9e de lumi\u00e8re et la ventilation en quelques secondes.[\/vc_column_text][vc_column_text el_class=\u00a0\u00bbicones-text-2l\u00a0\u00bb]<\/p>\n<ul>\n<li><img decoding=\"async\" class=\"icona icona-m cercle automatitzacio\" src=\"https:\/\/grabalosa.com\/finestres\/wp-content\/uploads\/sites\/3\/2018\/09\/automatismes-blanc-1.svg\" alt=\"Syst\u00e8mes d'automatisation\"><span class=\"white-t\">Syst\u00e8mes d&rsquo;automatisation<\/span><\/li>\n<\/ul>\n<p>[\/vc_column_text][\/vc_column][vc_column width=\u00a0\u00bb1\/2&Prime; el_class=\u00a0\u00bbwhite-t imatge-m5&Prime; css=\u00a0\u00bb.vc_custom_1531996547134{padding-right: 0px !important;padding-left: 0px !important;}\u00a0\u00bb offset=\u00a0\u00bbvc_col-lg-6 vc_col-md-6 vc_hidden-md vc_hidden-sm vc_col-xs-12 vc_hidden-xs\u00a0\u00bb][vc_single_image image=\u00a0\u00bb4487&Prime; img_size=\u00a0\u00bbfull\u00a0\u00bb alignment=\u00a0\u00bbcenter\u00a0\u00bb qode_css_animation=\u00a0\u00bb\u00a0\u00bb][\/vc_column][\/vc_row][vc_row css_animation=\u00a0\u00bb\u00a0\u00bb row_type=\u00a0\u00bbrow\u00a0\u00bb use_row_as_full_screen_section=\u00a0\u00bbyes\u00a0\u00bb type=\u00a0\u00bbfull_width\u00a0\u00bb angled_section=\u00a0\u00bbno\u00a0\u00bb text_align=\u00a0\u00bbleft\u00a0\u00bb background_image_as_pattern=\u00a0\u00bbwithout_pattern\u00a0\u00bb css=\u00a0\u00bb.vc_custom_1531996054910{background-color: #575757 !important;}\u00a0\u00bb z_index=\u00a0\u00bb\u00a0\u00bb el_class=\u00a0\u00bbmodul-5&Prime;][vc_column width=\u00a0\u00bb1\/2&Prime; el_class=\u00a0\u00bbwhite-t text-m5&Prime; css=\u00a0\u00bb.vc_custom_1538240961206{padding-top: 50px !important;padding-right: 20px !important;padding-bottom: 50px !important;padding-left: 20px !important;}\u00a0\u00bb offset=\u00a0\u00bbvc_col-lg-6 vc_hidden-lg vc_col-md-6 vc_col-xs-12&Prime;][vc_column_text]<\/p>\n<h1>FONCTIONNEMENT MOTORIS\u00c9<\/h1>\n<h1>SIMPLE ET SILENCIEUX<\/h1>\n<h6><\/h6>\n<p>Les pergolas bioclimatiques s\u2019actionnent tr\u00e8s facilement et silencieusement. Les lames orientables dosent l\u2019entr\u00e9e de lumi\u00e8re et la ventilation en quelques secondes.[\/vc_column_text][vc_column_text el_class=\u00a0\u00bbicones-text-2l\u00a0\u00bb]<\/p>\n<ul>\n<li><img decoding=\"async\" class=\"icona icona-m cercle automatitzacio\" src=\"https:\/\/grabalosa.com\/finestres\/wp-content\/uploads\/sites\/3\/2018\/09\/automatismes-blanc-1.svg\" alt=\"Syst\u00e8mes d'automatisation\"><span class=\"white-t\">Syst\u00e8mes d&rsquo;automatisation<\/span><\/li>\n<\/ul>\n<p>[\/vc_column_text][\/vc_column][vc_column width=\u00a0\u00bb1\/2&Prime; el_class=\u00a0\u00bbwhite-t imatge-m5&Prime; css=\u00a0\u00bb.vc_custom_1531996571629{padding-right: 0px !important;padding-left: 0px !important;}\u00a0\u00bb offset=\u00a0\u00bbvc_col-lg-6 vc_hidden-lg vc_col-md-6 vc_col-xs-12&Prime;][vc_single_image image=\u00a0\u00bb4487&Prime; img_size=\u00a0\u00bbfull\u00a0\u00bb alignment=\u00a0\u00bbcenter\u00a0\u00bb qode_css_animation=\u00a0\u00bb\u00a0\u00bb][\/vc_column][\/vc_row][vc_row css_animation=\u00a0\u00bb\u00a0\u00bb row_type=\u00a0\u00bbrow\u00a0\u00bb use_row_as_full_screen_section=\u00a0\u00bbyes\u00a0\u00bb type=\u00a0\u00bbgrid\u00a0\u00bb angled_section=\u00a0\u00bbno\u00a0\u00bb text_align=\u00a0\u00bbleft\u00a0\u00bb background_image_as_pattern=\u00a0\u00bbwithout_pattern\u00a0\u00bb css=\u00a0\u00bb.vc_custom_1538216246763{padding-top: 70px !important;padding-bottom: 70px !important;background-color: #ffffff !important;}\u00a0\u00bb z_index=\u00a0\u00bb\u00a0\u00bb el_class=\u00a0\u00bbmodul-3&Prime;][vc_column el_class=\u00a0\u00bbassessor\u00a0\u00bb offset=\u00a0\u00bbvc_col-lg-offset-2 vc_col-lg-8 vc_col-md-offset-2 vc_col-md-8 vc_col-sm-offset-0 vc_col-xs-12&Prime;][vc_column_text el_class=\u00a0\u00bbtext-left text-descriptiu-3&Prime;]<\/p>\n<h5>SERVICE CLIENT<\/h5>\n<p>[\/vc_column_text][vc_column_text el_class=\u00a0\u00bbtext-left text-descriptiu-3&Prime;]<\/p>\n<h1>Renseignement gratuit<\/h1>\n<p>Si vous \u00eates int\u00e9ress\u00e9s par ce type de produit et que vous avez besoin de plus d\u2019informations ou d\u2019une estimation budg\u00e9taire, n\u2019h\u00e9sitez pas \u00e0 contacter notre service client qui saura vous accompagner pas \u00e0 pas dans votre projet.[\/vc_column_text][vc_row_inner row_type=\u00a0\u00bbrow\u00a0\u00bb type=\u00a0\u00bbfull_width\u00a0\u00bb text_align=\u00a0\u00bbleft\u00a0\u00bb css_animation=\u00a0\u00bb\u00a0\u00bb css=\u00a0\u00bb.vc_custom_1528016690302{margin-top: 40px !important;}\u00a0\u00bb][vc_column_inner width=\u00a0\u00bb1\/2&Prime; offset=\u00a0\u00bbvc_col-lg-6 vc_col-md-6 vc_col-xs-12&Prime;]\n\n\t<a href=\"https:\/\/grabalosa.com\/finestres\/contacte\/#formulari\" target=\"_self\" style=\"color: #ffffff;background-color: #1d1d1b;font-size: 16px;font-weight: 300;text-transform: uppercase;font-style: normal\" class=\"qode-btn qode-btn-medium qode-btn-solid qode-btn-custom-hover-bg qode-btn-custom-hover-color qode-btn-icon boto-assessor spu-open-3230 qode-btn-default-hover\" data-hover-bg-color=\"#555555\" data-hover-color=\"#f2f2f2\" >\n\t    <span class=\"qode-btn-text\">CONTACTEZ-NOUS<\/span><span class=\"qode-button-v2-icon-holder\" style=\"font-size: 16px\" ><i class=\"qode_icon_font_awesome fa fa-envelope qode-button-v2-icon-holder-inner\" ><\/i><\/span>\t<\/a>\n\n[\/vc_column_inner][vc_column_inner width=\u00a0\u00bb1\/2&Prime; offset=\u00a0\u00bbvc_col-lg-6 vc_col-md-6 vc_col-xs-12&Prime;]\n\n\t<a href=\"tel:+34972788028\" target=\"_self\" style=\"color: #ffffff;background-color: #1d1d1b;font-size: 16px;font-weight: 300;text-transform: uppercase;font-style: normal\" class=\"qode-btn qode-btn-medium qode-btn-solid qode-btn-custom-hover-bg qode-btn-custom-hover-color qode-btn-icon boto-assessor qode-btn-default-hover\" data-hover-bg-color=\"#555555\" data-hover-color=\"#f2f2f2\" >\n\t    <span class=\"qode-btn-text\">(34) 972 788 028<\/span><span class=\"qode-button-v2-icon-holder\" style=\"font-size: 16px\" ><i class=\"qode_icon_font_awesome fa fa-phone qode-button-v2-icon-holder-inner\" ><\/i><\/span>\t<\/a>\n\n[\/vc_column_inner][\/vc_row_inner][\/vc_column][\/vc_row]<\/p>\n<\/div>","protected":false},"excerpt":{"rendered":"<p>[vc_row css_animation=\u00a0\u00bb\u00a0\u00bb row_type=\u00a0\u00bbrow\u00a0\u00bb use_row_as_full_screen_section=\u00a0\u00bbno\u00a0\u00bb type=\u00a0\u00bbgrid\u00a0\u00bb angled_section=\u00a0\u00bbno\u00a0\u00bb text_align=\u00a0\u00bbleft\u00a0\u00bb background_image_as_pattern=\u00a0\u00bbwithout_pattern\u00a0\u00bb css=\u00a0\u00bb.vc_custom_1550535903216{padding-bottom: 0px !important;background-color: #f5f5f5 !important;}\u00a0\u00bb z_index=\u00a0\u00bb\u00a0\u00bb el_class=\u00a0\u00bbflex-section flex-section-600 titol-producte modul-6-titol m6-400&Prime;][vc_column css_animation=\u00a0\u00bbleft-to-right\u00a0\u00bb width=\u00a0\u00bb1\/2&Prime; el_class=\u00a0\u00bbtext-producte-6&Prime; offset=\u00a0\u00bbvc_col-lg-6 vc_col-md-6 vc_col-xs-12 vc_hidden-xs\u00a0\u00bb][vc_column_text] Pergolas Lames fixes ajour\u00e9es ou orientables [\/vc_column_text][vc_column_text el_class=\u00a0\u00bbicones-text-titol\u00a0\u00bb] Air\u00e9ation r\u00e9glable Protection solaire [\/vc_column_text][\/vc_column][vc_column width=\u00a0\u00bb1\/2&Prime; el_class=\u00a0\u00bbimatge-fullw-titol\u00a0\u00bb offset=\u00a0\u00bbvc_col-lg-6 vc_col-md-6 vc_col-xs-12 vc_hidden-xs\u00a0\u00bb&#8230;<\/p>\n","protected":false},"author":1,"featured_media":0,"parent":4355,"menu_order":5,"comment_status":"closed","ping_status":"closed","template":"full_width.php","meta":{"footnotes":""},"class_list":["post-4482","page","type-page","status-publish","hentry"],"aioseo_notices":[],"_links":{"self":[{"href":"https:\/\/grabalosa.com\/finestres\/fr\/wp-json\/wp\/v2\/pages\/4482","targetHints":{"allow":["GET"]}}],"collection":[{"href":"https:\/\/grabalosa.com\/finestres\/fr\/wp-json\/wp\/v2\/pages"}],"about":[{"href":"https:\/\/grabalosa.com\/finestres\/fr\/wp-json\/wp\/v2\/types\/page"}],"author":[{"embeddable":true,"href":"https:\/\/grabalosa.com\/finestres\/fr\/wp-json\/wp\/v2\/users\/1"}],"replies":[{"embeddable":true,"href":"https:\/\/grabalosa.com\/finestres\/fr\/wp-json\/wp\/v2\/comments?post=4482"}],"version-history":[{"count":26,"href":"https:\/\/grabalosa.com\/finestres\/fr\/wp-json\/wp\/v2\/pages\/4482\/revisions"}],"predecessor-version":[{"id":11084,"href":"https:\/\/grabalosa.com\/finestres\/fr\/wp-json\/wp\/v2\/pages\/4482\/revisions\/11084"}],"up":[{"embeddable":true,"href":"https:\/\/grabalosa.com\/finestres\/fr\/wp-json\/wp\/v2\/pages\/4355"}],"wp:attachment":[{"href":"https:\/\/grabalosa.com\/finestres\/fr\/wp-json\/wp\/v2\/media?parent=4482"}],"curies":[{"name":"wp","href":"https:\/\/api.w.org\/{rel}","templated":true}]}}