{"id":4447,"date":"2020-05-22T20:46:19","date_gmt":"2020-05-22T18:46:19","guid":{"rendered":"http:\/\/ambdues.cat\/finestres\/controle-solaire\/ventelles\/"},"modified":"2022-07-16T12:23:45","modified_gmt":"2022-07-16T10:23:45","slug":"volets-en-acier","status":"publish","type":"page","link":"https:\/\/grabalosa.com\/finestres\/fr\/controle-solaire\/volets-en-acier\/","title":{"rendered":"Volets en acier"},"content":{"rendered":"<div class=\"wpb-content-wrapper\"><p>[vc_row css_animation=\u00a0\u00bb\u00a0\u00bb row_type=\u00a0\u00bbrow\u00a0\u00bb use_row_as_full_screen_section=\u00a0\u00bbno\u00a0\u00bb type=\u00a0\u00bbgrid\u00a0\u00bb angled_section=\u00a0\u00bbno\u00a0\u00bb text_align=\u00a0\u00bbleft\u00a0\u00bb background_image_as_pattern=\u00a0\u00bbwithout_pattern\u00a0\u00bb css=\u00a0\u00bb.vc_custom_1550535676949{padding-bottom: 0px !important;background-color: #f5f5f5 !important;}\u00a0\u00bb z_index=\u00a0\u00bb\u00a0\u00bb el_class=\u00a0\u00bbflex-section flex-section-600 titol-producte modul-6-titol m6-400&Prime;][vc_column css_animation=\u00a0\u00bbleft-to-right\u00a0\u00bb width=\u00a0\u00bb1\/2&Prime; el_class=\u00a0\u00bbtext-producte-6&Prime; offset=\u00a0\u00bbvc_col-lg-6 vc_col-md-6 vc_col-xs-12 vc_hidden-xs\u00a0\u00bb][vc_column_text]<\/p>\n<h1 class=\"w-400\">Volets en acier<\/h1>\n<h1>\u00c9l\u00e9ments de s\u00e9curit\u00e9<\/h1>\n<p>[\/vc_column_text][vc_column_text el_class=\u00a0\u00bbicones-text-titol\u00a0\u00bb]<\/p>\n<ul>\n<li><img decoding=\"async\" class=\"icona icona-s cercle fabricacio\" src=\"https:\/\/grabalosa.com\/finestres\/wp-content\/uploads\/sites\/3\/2018\/07\/fabricacio-propia.svg\" alt=\"Fabrication propre\"><span class=\"no-marxis\">Fabrication propre<\/span><\/li>\n<li><img decoding=\"async\" class=\"icona icona-s cercle secure\" src=\"https:\/\/grabalosa.com\/finestres\/wp-content\/uploads\/sites\/3\/2018\/07\/secure-system.svg\" alt=\"Secure System\"><span class=\"no-marxis\">Secure System<\/span><\/li>\n<\/ul>\n<p>[\/vc_column_text][\/vc_column][vc_column width=\u00a0\u00bb1\/2&Prime; el_class=\u00a0\u00bbimatge-fullw-titol\u00a0\u00bb offset=\u00a0\u00bbvc_col-lg-6 vc_col-md-6 vc_col-xs-12 vc_hidden-xs\u00a0\u00bb css=\u00a0\u00bb.vc_custom_1538239149818{background-image: url(https:\/\/grabalosa.com\/finestres\/wp-content\/uploads\/sites\/3\/2018\/07\/4-venecianes.jpg?id=1440) !important;background-position: center !important;background-repeat: no-repeat !important;background-size: cover !important;}\u00a0\u00bb][\/vc_column][\/vc_row][vc_row css_animation=\u00a0\u00bb\u00a0\u00bb row_type=\u00a0\u00bbrow\u00a0\u00bb use_row_as_full_screen_section=\u00a0\u00bbno\u00a0\u00bb type=\u00a0\u00bbfull_width\u00a0\u00bb angled_section=\u00a0\u00bbno\u00a0\u00bb text_align=\u00a0\u00bbleft\u00a0\u00bb background_image_as_pattern=\u00a0\u00bbwithout_pattern\u00a0\u00bb css=\u00a0\u00bb.vc_custom_1550535725528{padding-top: 0px !important;padding-bottom: 0px !important;background-color: #f5f5f5 !important;}\u00a0\u00bb z_index=\u00a0\u00bb\u00a0\u00bb el_class=\u00a0\u00bbflex-section flex-section-600 titol-producte modul-6-titolm\u00a0\u00bb][vc_column width=\u00a0\u00bb1\/2&Prime; el_class=\u00a0\u00bbimatge-fullw-titol\u00a0\u00bb offset=\u00a0\u00bbvc_col-lg-6 vc_hidden-lg vc_col-md-6 vc_hidden-md vc_hidden-sm vc_col-xs-12&Prime; css=\u00a0\u00bb.vc_custom_1538239162724{background-image: url(https:\/\/grabalosa.com\/finestres\/wp-content\/uploads\/sites\/3\/2018\/07\/4-venecianes.jpg?id=1440) !important;background-position: center !important;background-repeat: no-repeat !important;background-size: cover !important;}\u00a0\u00bb][\/vc_column][vc_column css_animation=\u00a0\u00bbleft-to-right\u00a0\u00bb width=\u00a0\u00bb1\/2&Prime; el_class=\u00a0\u00bbtext-producte-6&Prime; offset=\u00a0\u00bbvc_col-lg-6 vc_hidden-lg vc_col-md-6 vc_hidden-md vc_hidden-sm vc_col-xs-12&Prime; css=\u00a0\u00bb.vc_custom_1550535737312{padding-top: 45px !important;padding-bottom: 40px !important;}\u00a0\u00bb][vc_column_text]<\/p>\n<h1 class=\"w-400\">Volets en acier<\/h1>\n<h1>\u00c9l\u00e9ments de s\u00e9curit\u00e9<\/h1>\n<p>[\/vc_column_text][vc_column_text el_class=\u00a0\u00bbicones-text-2l\u00a0\u00bb]<\/p>\n<ul>\n<li><img decoding=\"async\" class=\"icona icona-s cercle fabricacio\" src=\"https:\/\/grabalosa.com\/finestres\/wp-content\/uploads\/sites\/3\/2018\/07\/fabricacio-propia.svg\" alt=\"Fabrication propre\"><span class=\"no-marxis\">Fabrication propre<\/span><\/li>\n<li><img decoding=\"async\" class=\"icona icona-s cercle secure\" src=\"https:\/\/grabalosa.com\/finestres\/wp-content\/uploads\/sites\/3\/2018\/07\/secure-system.svg\" alt=\"Secure System\"><span class=\"no-marxis\">Secure System<\/span><\/li>\n<\/ul>\n<p>[\/vc_column_text][\/vc_column][\/vc_row][vc_row css_animation=\u00a0\u00bb\u00a0\u00bb row_type=\u00a0\u00bbrow\u00a0\u00bb use_row_as_full_screen_section=\u00a0\u00bbno\u00a0\u00bb type=\u00a0\u00bbgrid\u00a0\u00bb angled_section=\u00a0\u00bbno\u00a0\u00bb text_align=\u00a0\u00bbleft\u00a0\u00bb background_image_as_pattern=\u00a0\u00bbwithout_pattern\u00a0\u00bb css=\u00a0\u00bb.vc_custom_1531434215737{margin-top: 100px !important;margin-bottom: 100px !important;}\u00a0\u00bb z_index=\u00a0\u00bb\u00a0\u00bb el_class=\u00a0\u00bbmodul-1&Prime;][vc_column width=\u00a0\u00bb1\/2&Prime; offset=\u00a0\u00bbvc_col-lg-6 vc_col-md-6 vc_col-xs-12&Prime;][vc_gallery type=\u00a0\u00bbflexslider_slide\u00a0\u00bb interval=\u00a0\u00bb3&Prime; images=\u00a0\u00bb4470,4464,4449,4452,4455,4458,4461,4473,4476&Prime; img_size=\u00a0\u00bbfull\u00a0\u00bb direction_nav=\u00a0\u00bbyes\u00a0\u00bb control_nav=\u00a0\u00bbno\u00a0\u00bb show_image_description=\u00a0\u00bbyes\u00a0\u00bb pause_on_hover=\u00a0\u00bbno\u00a0\u00bb frame=\u00a0\u00bbno\u00a0\u00bb el_class=\u00a0\u00bbgaleria-s-m1&Prime;][\/vc_column][vc_column css_animation=\u00a0\u00bbright-to-left\u00a0\u00bb width=\u00a0\u00bb1\/2&Prime; offset=\u00a0\u00bbvc_col-lg-6 vc_col-md-6 vc_col-xs-12&Prime;][vc_column_text el_class=\u00a0\u00bbtext-descriptiu-1 text-left\u00a0\u00bb]<\/p>\n<h1>R\u00e9sistance maximale<\/h1>\n<p>Le volet est un produit en acier d\u2019une grande qualit\u00e9, imagin\u00e9 fondamentalement comme un \u00e9l\u00e9ment de s\u00e9curit\u00e9, il offre, en m\u00eame temps, une tr\u00e8s belle esth\u00e9tique et une finitions haute gamme. Il existe dans sa version coulissante mais aussi battante.<\/p>\n<p>On peut alors se permettre d\u2019affirmer que les volets d\u2019ext\u00e9rieur sont la combinaison parfaite alliant esth\u00e9tique et s\u00e9curit\u00e9.<\/p>\n<p>Ils sont fabriqu\u00e9s sur mesure, parfaits pour r\u00e9nover les anciennes contre-fen\u00eatres en bois et aluminium.[\/vc_column_text]<div class=\"qode-accordion-holder clearfix qode-toggle qode-initial \">\n\t<h6 class=\"clearfix qode-title-holder\">\n<span class=\"qode-tab-title\">\n\t    <span class=\"qode-tab-title-inner\">\n        Lire plus    <\/span>\n<\/span>\n<span class=\"qode-accordion-mark\">\n    <span class=\"qode-accordion-mark-icon\">\n        <span class=\"icon_plus\"><\/span>\n        <span class=\"icon_minus-06\"><\/span>\n    <\/span>\n<\/span>\n<\/h6>\n<div  class=\"qode-accordion-content \" style=\"padding: 0 0 0 0\">\n    <div class=\"qode-accordion-content-inner\">\n        [vc_column_text el_class=\u00a0\u00bbtext-descriptiu-1 text-left\u00a0\u00bb]L\u2019immense vari\u00e9t\u00e9 de mod\u00e8les et finitions disponibles lui permet de s\u2019adapter aux chantiers neufs et d\u2019int\u00e9grer tous les styles architecturaux.<\/p>\n<p>L\u2019apparence et la solidit\u00e9 des volets d\u2019ext\u00e9rieur vous prot\u00e8gent contre le vol et les vandalismes.<\/p>\n<p>Comme c\u2019est un produit de fabrication propre, M\u00e9talliques Grabalosa offre un large \u00e9ventail d\u2019options d\u2019adaptation en fonction des besoins pos\u00e9s. Homologu\u00e9es avec le marquage CE.<\/p>\n<p>Possibilit\u00e9 d\u2019offrir les V\u00e9nitiennes d\u2019ext\u00e9rieur avec diff\u00e9rents syst\u00e8mes constructifs: coulissantes, praticables, en accord\u00e9on, pliables, etc.[\/vc_column_text]    <\/div>\n<\/div><\/div>[\/vc_column][\/vc_row][vc_row css_animation=\u00a0\u00bb\u00a0\u00bb row_type=\u00a0\u00bbrow\u00a0\u00bb use_row_as_full_screen_section=\u00a0\u00bbno\u00a0\u00bb type=\u00a0\u00bbgrid\u00a0\u00bb angled_section=\u00a0\u00bbno\u00a0\u00bb text_align=\u00a0\u00bbleft\u00a0\u00bb background_image_as_pattern=\u00a0\u00bbwithout_pattern\u00a0\u00bb z_index=\u00a0\u00bb\u00a0\u00bb css=\u00a0\u00bb.vc_custom_1545132089421{background-color: #f6f6f6 !important;}\u00a0\u00bb el_class=\u00a0\u00bbaltres-models modul-porta modul-faqs modul-accord-portes\u00a0\u00bb][vc_column css=\u00a0\u00bb.vc_custom_1544029349173{padding-top: 80px !important;padding-bottom: 80px !important;}\u00a0\u00bb]<div class=\"qode-accordion-holder clearfix qode-toggle qode-initial \">\n\t<h5 class=\"clearfix qode-title-holder\">\n<span class=\"qode-tab-title\">\n\t    <span class=\"qode-tab-title-inner\">\n        Garantie de qualit\u00e9    <\/span>\n<\/span>\n<span class=\"qode-accordion-mark\">\n    <span class=\"qode-accordion-mark-icon\">\n        <span class=\"icon_plus\"><\/span>\n        <span class=\"icon_minus-06\"><\/span>\n    <\/span>\n<\/span>\n<\/h5>\n<div  class=\"qode-accordion-content \" style=\"padding: 4px 0 70px 0\">\n    <div class=\"qode-accordion-content-inner\">\n        [vc_column_text el_class=\u00a0\u00bbac-portes-garantia-qualitat text-left\u00a0\u00bb]<\/p>\n<h3>GARANTIE DE QUALIT\u00c9<\/h3>\n<p>Ce syst\u00e8me \u00e0 son label CE dans le processus de fabrication. Aussi est expos\u00e9 \u00e0 un test des essais pour donner garantie de r\u00e9sistance au vent et aux forces de manoeuvres europ\u00e9ennes.<\/p>\n<h4 class=\"h4-little\">HOMOLOGATION<\/h4>\n<ul>\n<li><img decoding=\"async\" src=\"https:\/\/grabalosa.com\/finestres\/wp-content\/uploads\/sites\/3\/2018\/07\/mercat-europeu.svg\" alt=\"Ic\u00f4ne du march\u00e9 europ\u00e9en\" width=\"100\"><\/li>\n<li><img decoding=\"async\" src=\"https:\/\/grabalosa.com\/finestres\/wp-content\/uploads\/sites\/3\/2018\/07\/codi-tecnic-construccio.svg\" alt=\"Abr\u00e9viations du Code Technique de Construction\" width=\"100\"><\/li>\n<\/ul>\n<p>[\/vc_column_text]    <\/div>\n<\/div><\/div>[\/vc_column][\/vc_row][vc_row css_animation=\u00a0\u00bb\u00a0\u00bb row_type=\u00a0\u00bbrow\u00a0\u00bb use_row_as_full_screen_section=\u00a0\u00bbyes\u00a0\u00bb type=\u00a0\u00bbgrid\u00a0\u00bb angled_section=\u00a0\u00bbno\u00a0\u00bb text_align=\u00a0\u00bbleft\u00a0\u00bb background_image_as_pattern=\u00a0\u00bbwithout_pattern\u00a0\u00bb css=\u00a0\u00bb.vc_custom_1531996322139{background-color: #575757 !important;}\u00a0\u00bb z_index=\u00a0\u00bb\u00a0\u00bb el_class=\u00a0\u00bbmodul-5 p-row\u00a0\u00bb][vc_column width=\u00a0\u00bb1\/2&Prime; el_class=\u00a0\u00bbwhite-t text-m5&Prime; css=\u00a0\u00bb.vc_custom_1538239615575{padding-top: 50px !important;padding-right: 20px !important;padding-bottom: 50px !important;padding-left: 20px !important;}\u00a0\u00bb offset=\u00a0\u00bbvc_col-lg-6 vc_col-md-6 vc_hidden-md vc_hidden-sm vc_col-xs-12 vc_hidden-xs\u00a0\u00bb][vc_column_text]<\/p>\n<h1>PROT\u00c9GEZ VOTRE MAISON,<\/h1>\n<h1>PROT\u00c9GEZ VOTRE ENTREPRISE<\/h1>\n<h6><\/h6>\n<p>L\u2019apparence et solidit\u00e9 des volets d\u2019ext\u00e9rieur donnent une protection tr\u00e8s effective aux vandalismes, tr\u00e8s n\u00e9cessaire tant pour les maisons particuli\u00e8res comme pour les entreprises.[\/vc_column_text][vc_column_text el_class=\u00a0\u00bbicones-text-sota\u00a0\u00bb]<\/p>\n<ul>\n<li><img decoding=\"async\" class=\"icona icona-lv secure\" src=\"https:\/\/grabalosa.com\/finestres\/wp-content\/uploads\/sites\/3\/2018\/09\/secure-sistem-blanc.svg\" alt=\"Produit d'haute s\u00e9curit\u00e9\"><span class=\"white-t\">Produit d&rsquo;haute s\u00e9curit\u00e9<\/span><\/li>\n<\/ul>\n<p>[\/vc_column_text][\/vc_column][vc_column width=\u00a0\u00bb1\/2&Prime; el_class=\u00a0\u00bbwhite-t imatge-m5&Prime; css=\u00a0\u00bb.vc_custom_1531996547134{padding-right: 0px !important;padding-left: 0px !important;}\u00a0\u00bb offset=\u00a0\u00bbvc_col-lg-6 vc_col-md-6 vc_hidden-md vc_hidden-sm vc_col-xs-12 vc_hidden-xs\u00a0\u00bb][vc_single_image image=\u00a0\u00bb4479&Prime; img_size=\u00a0\u00bbfull\u00a0\u00bb alignment=\u00a0\u00bbcenter\u00a0\u00bb qode_css_animation=\u00a0\u00bb\u00a0\u00bb][\/vc_column][\/vc_row][vc_row css_animation=\u00a0\u00bb\u00a0\u00bb row_type=\u00a0\u00bbrow\u00a0\u00bb use_row_as_full_screen_section=\u00a0\u00bbyes\u00a0\u00bb type=\u00a0\u00bbfull_width\u00a0\u00bb angled_section=\u00a0\u00bbno\u00a0\u00bb text_align=\u00a0\u00bbleft\u00a0\u00bb background_image_as_pattern=\u00a0\u00bbwithout_pattern\u00a0\u00bb css=\u00a0\u00bb.vc_custom_1531996054910{background-color: #575757 !important;}\u00a0\u00bb z_index=\u00a0\u00bb\u00a0\u00bb el_class=\u00a0\u00bbmodul-5&Prime;][vc_column width=\u00a0\u00bb1\/2&Prime; el_class=\u00a0\u00bbwhite-t text-m5&Prime; css=\u00a0\u00bb.vc_custom_1538239645265{padding-top: 50px !important;padding-right: 20px !important;padding-bottom: 50px !important;padding-left: 20px !important;}\u00a0\u00bb offset=\u00a0\u00bbvc_col-lg-6 vc_hidden-lg vc_col-md-6 vc_col-xs-12&Prime;][vc_column_text]<\/p>\n<h1>PROT\u00c9GEZ VOTRE MAISON,<\/h1>\n<h1>PROT\u00c9GEZ VOTRE ENTREPRISE<\/h1>\n<h6><\/h6>\n<p>L\u2019apparence et solidit\u00e9 des volets d\u2019ext\u00e9rieur donnent une protection tr\u00e8s effective aux vandalismes, tr\u00e8s n\u00e9cessaire tant pour les maisons particuli\u00e8res comme pour les entreprises.[\/vc_column_text][vc_column_text el_class=\u00a0\u00bbicones-text-sota\u00a0\u00bb]<\/p>\n<ul>\n<li><img decoding=\"async\" class=\"icona icona-lv secure\" src=\"https:\/\/grabalosa.com\/finestres\/wp-content\/uploads\/sites\/3\/2018\/09\/secure-sistem-blanc.svg\" alt=\"Produit d'haute s\u00e9curit\u00e9\"><span class=\"white-t\">Produit d&rsquo;haute s\u00e9curit\u00e9<\/span><\/li>\n<\/ul>\n<p>[\/vc_column_text][\/vc_column][vc_column width=\u00a0\u00bb1\/2&Prime; el_class=\u00a0\u00bbwhite-t imatge-m5&Prime; css=\u00a0\u00bb.vc_custom_1531996571629{padding-right: 0px !important;padding-left: 0px !important;}\u00a0\u00bb offset=\u00a0\u00bbvc_col-lg-6 vc_hidden-lg vc_col-md-6 vc_col-xs-12&Prime;][vc_single_image image=\u00a0\u00bb4479&Prime; img_size=\u00a0\u00bbfull\u00a0\u00bb alignment=\u00a0\u00bbcenter\u00a0\u00bb qode_css_animation=\u00a0\u00bb\u00a0\u00bb][\/vc_column][\/vc_row][vc_row css_animation=\u00a0\u00bb\u00a0\u00bb row_type=\u00a0\u00bbrow\u00a0\u00bb use_row_as_full_screen_section=\u00a0\u00bbyes\u00a0\u00bb type=\u00a0\u00bbgrid\u00a0\u00bb angled_section=\u00a0\u00bbno\u00a0\u00bb text_align=\u00a0\u00bbleft\u00a0\u00bb background_image_as_pattern=\u00a0\u00bbwithout_pattern\u00a0\u00bb css=\u00a0\u00bb.vc_custom_1538216246763{padding-top: 70px !important;padding-bottom: 70px !important;background-color: #ffffff !important;}\u00a0\u00bb z_index=\u00a0\u00bb\u00a0\u00bb el_class=\u00a0\u00bbmodul-3&Prime;][vc_column el_class=\u00a0\u00bbassessor\u00a0\u00bb offset=\u00a0\u00bbvc_col-lg-offset-2 vc_col-lg-8 vc_col-md-offset-2 vc_col-md-8 vc_col-sm-offset-0 vc_col-xs-12&Prime;][vc_column_text el_class=\u00a0\u00bbtext-left text-descriptiu-3&Prime;]<\/p>\n<h5>SERVICE CLIENT<\/h5>\n<p>[\/vc_column_text][vc_column_text el_class=\u00a0\u00bbtext-left text-descriptiu-3&Prime;]<\/p>\n<h1>Renseignement gratuit<\/h1>\n<p>Si vous \u00eates int\u00e9ress\u00e9s par ce type de produit et que vous avez besoin de plus d\u2019informations ou d\u2019une estimation budg\u00e9taire, n\u2019h\u00e9sitez pas \u00e0 contacter notre service client qui saura vous accompagner pas \u00e0 pas dans votre projet.[\/vc_column_text][vc_row_inner row_type=\u00a0\u00bbrow\u00a0\u00bb type=\u00a0\u00bbfull_width\u00a0\u00bb text_align=\u00a0\u00bbleft\u00a0\u00bb css_animation=\u00a0\u00bb\u00a0\u00bb css=\u00a0\u00bb.vc_custom_1528016690302{margin-top: 40px !important;}\u00a0\u00bb][vc_column_inner width=\u00a0\u00bb1\/2&Prime; offset=\u00a0\u00bbvc_col-lg-6 vc_col-md-6 vc_col-xs-12&Prime;]\n\n\t<a href=\"https:\/\/grabalosa.com\/finestres\/contacte\/#formulari\" target=\"_self\" style=\"color: #ffffff;background-color: #1d1d1b;font-size: 16px;font-weight: 300;text-transform: uppercase;font-style: normal\" class=\"qode-btn qode-btn-medium qode-btn-solid qode-btn-custom-hover-bg qode-btn-custom-hover-color qode-btn-icon boto-assessor spu-open-3230 qode-btn-default-hover\" data-hover-bg-color=\"#555555\" data-hover-color=\"#f2f2f2\" >\n\t    <span class=\"qode-btn-text\">CONTACTEZ-NOUS<\/span><span class=\"qode-button-v2-icon-holder\" style=\"font-size: 16px\" ><i class=\"qode_icon_font_awesome fa fa-envelope qode-button-v2-icon-holder-inner\" ><\/i><\/span>\t<\/a>\n\n[\/vc_column_inner][vc_column_inner width=\u00a0\u00bb1\/2&Prime; offset=\u00a0\u00bbvc_col-lg-6 vc_col-md-6 vc_col-xs-12&Prime;]\n\n\t<a href=\"tel:+34972788028\" target=\"_self\" style=\"color: #ffffff;background-color: #1d1d1b;font-size: 16px;font-weight: 300;text-transform: uppercase;font-style: normal\" class=\"qode-btn qode-btn-medium qode-btn-solid qode-btn-custom-hover-bg qode-btn-custom-hover-color qode-btn-icon boto-assessor qode-btn-default-hover\" data-hover-bg-color=\"#555555\" data-hover-color=\"#f2f2f2\" >\n\t    <span class=\"qode-btn-text\">(34) 972 788 028<\/span><span class=\"qode-button-v2-icon-holder\" style=\"font-size: 16px\" ><i class=\"qode_icon_font_awesome fa fa-phone qode-button-v2-icon-holder-inner\" ><\/i><\/span>\t<\/a>\n\n[\/vc_column_inner][\/vc_row_inner][\/vc_column][\/vc_row]<\/p>\n<\/div>","protected":false},"excerpt":{"rendered":"<p>[vc_row css_animation=\u00a0\u00bb\u00a0\u00bb row_type=\u00a0\u00bbrow\u00a0\u00bb use_row_as_full_screen_section=\u00a0\u00bbno\u00a0\u00bb type=\u00a0\u00bbgrid\u00a0\u00bb angled_section=\u00a0\u00bbno\u00a0\u00bb text_align=\u00a0\u00bbleft\u00a0\u00bb background_image_as_pattern=\u00a0\u00bbwithout_pattern\u00a0\u00bb css=\u00a0\u00bb.vc_custom_1550535676949{padding-bottom: 0px !important;background-color: #f5f5f5 !important;}\u00a0\u00bb z_index=\u00a0\u00bb\u00a0\u00bb el_class=\u00a0\u00bbflex-section flex-section-600 titol-producte modul-6-titol m6-400&Prime;][vc_column css_animation=\u00a0\u00bbleft-to-right\u00a0\u00bb width=\u00a0\u00bb1\/2&Prime; el_class=\u00a0\u00bbtext-producte-6&Prime; offset=\u00a0\u00bbvc_col-lg-6 vc_col-md-6 vc_col-xs-12 vc_hidden-xs\u00a0\u00bb][vc_column_text] Volets en acier \u00c9l\u00e9ments de s\u00e9curit\u00e9 [\/vc_column_text][vc_column_text el_class=\u00a0\u00bbicones-text-titol\u00a0\u00bb] Fabrication propre Secure System [\/vc_column_text][\/vc_column][vc_column width=\u00a0\u00bb1\/2&Prime; el_class=\u00a0\u00bbimatge-fullw-titol\u00a0\u00bb offset=\u00a0\u00bbvc_col-lg-6 vc_col-md-6 vc_col-xs-12 vc_hidden-xs\u00a0\u00bb&#8230;<\/p>\n","protected":false},"author":1,"featured_media":0,"parent":4355,"menu_order":4,"comment_status":"closed","ping_status":"closed","template":"full_width.php","meta":{"footnotes":""},"class_list":["post-4447","page","type-page","status-publish","hentry"],"aioseo_notices":[],"_links":{"self":[{"href":"https:\/\/grabalosa.com\/finestres\/fr\/wp-json\/wp\/v2\/pages\/4447","targetHints":{"allow":["GET"]}}],"collection":[{"href":"https:\/\/grabalosa.com\/finestres\/fr\/wp-json\/wp\/v2\/pages"}],"about":[{"href":"https:\/\/grabalosa.com\/finestres\/fr\/wp-json\/wp\/v2\/types\/page"}],"author":[{"embeddable":true,"href":"https:\/\/grabalosa.com\/finestres\/fr\/wp-json\/wp\/v2\/users\/1"}],"replies":[{"embeddable":true,"href":"https:\/\/grabalosa.com\/finestres\/fr\/wp-json\/wp\/v2\/comments?post=4447"}],"version-history":[{"count":29,"href":"https:\/\/grabalosa.com\/finestres\/fr\/wp-json\/wp\/v2\/pages\/4447\/revisions"}],"predecessor-version":[{"id":11189,"href":"https:\/\/grabalosa.com\/finestres\/fr\/wp-json\/wp\/v2\/pages\/4447\/revisions\/11189"}],"up":[{"embeddable":true,"href":"https:\/\/grabalosa.com\/finestres\/fr\/wp-json\/wp\/v2\/pages\/4355"}],"wp:attachment":[{"href":"https:\/\/grabalosa.com\/finestres\/fr\/wp-json\/wp\/v2\/media?parent=4447"}],"curies":[{"name":"wp","href":"https:\/\/api.w.org\/{rel}","templated":true}]}}