{"id":4211,"date":"2020-05-22T16:37:21","date_gmt":"2020-05-22T14:37:21","guid":{"rendered":"http:\/\/ambdues.cat\/finestres\/fenetres\/toitures-terrasses-et-facades\/"},"modified":"2022-07-15T23:25:43","modified_gmt":"2022-07-15T21:25:43","slug":"toitures-terrasses-et-facades","status":"publish","type":"page","link":"https:\/\/grabalosa.com\/finestres\/fr\/toitures-terrasses-et-facades\/","title":{"rendered":"Toitures, terrasses et fa\u00e7ades"},"content":{"rendered":"<div class=\"wpb-content-wrapper\"><p>[vc_row css_animation=\u00a0\u00bb\u00a0\u00bb row_type=\u00a0\u00bbrow\u00a0\u00bb use_row_as_full_screen_section=\u00a0\u00bbyes\u00a0\u00bb type=\u00a0\u00bbgrid\u00a0\u00bb angled_section=\u00a0\u00bbno\u00a0\u00bb text_align=\u00a0\u00bbleft\u00a0\u00bb background_image_as_pattern=\u00a0\u00bbwithout_pattern\u00a0\u00bb css=\u00a0\u00bb.vc_custom_1582022147815{padding-top: 20px !important;padding-bottom: 50px !important;background-color: #ececec !important;}\u00a0\u00bb z_index=\u00a0\u00bb\u00a0\u00bb el_class=\u00a0\u00bbtitol-producte multiproducte flex-section flex-section-768-ordres modul-6-titolm\u00a0\u00bb][vc_column width=\u00a0\u00bb7\/12&Prime; el_class=\u00a0\u00bbtext-producte ordre-1md\u00a0\u00bb offset=\u00a0\u00bbvc_col-lg-6 vc_col-md-6 vc_col-xs-12&Prime;][vc_column_text]<\/p>\n<h1 class=\"w-400\">Mur-rideau<\/h1>\n<h1>Fa\u00e7ades infinies<\/h1>\n<p>Chez Metal.liques Grabalosa nous fabriquons une nouvelle g\u00e9n\u00e9ration de fa\u00e7ades vitr\u00e9es bas\u00e9es sur le syst\u00e8me de mur-rideau avec des habillages ou traditionnel, avec syst\u00e8me d\u2019ailes d\u2019avion ou structurel.[\/vc_column_text][vc_column_text el_class=\u00a0\u00bbicones-text-2l\u00a0\u00bb]<\/p>\n<ul>\n<li><img decoding=\"async\" class=\"icona icona-s cercle automatitzacio\" src=\"https:\/\/grabalosa.com\/finestres\/wp-content\/uploads\/sites\/3\/2018\/07\/sistemes-automatitzacio-1.svg\" alt=\"Ic\u00f4ne syst\u00e8mes d'automatisation - Met\u00e0l\u00b7liques Grabalosa\"><span class=\"no-marxis\">Syst\u00e8mes d\u2019automatisation<\/span><\/li>\n<li><img decoding=\"async\" class=\"icona icona-s cercle dif\" src=\"https:\/\/grabalosa.com\/finestres\/wp-content\/uploads\/sites\/3\/2018\/09\/innovacio.svg\" alt=\"Ic\u00f4ne innovation - Met\u00e0l\u00b7liques Grabalosa\"><span class=\"no-marxis\">Innovation<\/span><\/li>\n<\/ul>\n<p>[\/vc_column_text]<a  itemprop=\"url\" href=\"https:\/\/grabalosa.com\/finestres\/fr\/toitures-terrasses-et-facades\/mur-rideau\/\" target=\"_self\" data-hover-background-color=\"#1d1d1b\" data-hover-border-color=\"#1d1d1b\" data-hover-color=\"#ffffff\" class=\"qbutton  small center white default boto-multiproducte\" style=\"color: #1d1d1b; border-color: #1d1d1b; border-radius: 3px;-moz-border-radius: 3px;-webkit-border-radius: 3px; background-color:transparent;\">PLUS D'INFORMATIONS<\/a>[\/vc_column][vc_column width=\u00a0\u00bb5\/12&Prime; el_class=\u00a0\u00bbimatge-producte ordre-2md\u00a0\u00bb offset=\u00a0\u00bbvc_col-lg-6 vc_col-md-6 vc_col-xs-12&Prime;][vc_single_image image=\u00a0\u00bb4213&Prime; img_size=\u00a0\u00bbfull\u00a0\u00bb alignment=\u00a0\u00bbright\u00a0\u00bb qode_css_animation=\u00a0\u00bb\u00a0\u00bb el_class=\u00a0\u00bbimatge-caract-1&Prime;][\/vc_column][\/vc_row][vc_row css_animation=\u00a0\u00bb\u00a0\u00bb row_type=\u00a0\u00bbrow\u00a0\u00bb use_row_as_full_screen_section=\u00a0\u00bbyes\u00a0\u00bb type=\u00a0\u00bbgrid\u00a0\u00bb angled_section=\u00a0\u00bbno\u00a0\u00bb text_align=\u00a0\u00bbleft\u00a0\u00bb background_image_as_pattern=\u00a0\u00bbwithout_pattern\u00a0\u00bb css=\u00a0\u00bb.vc_custom_1582022157501{background-color: #ffffff !important;}\u00a0\u00bb z_index=\u00a0\u00bb\u00a0\u00bb el_class=\u00a0\u00bbtitol-producte multiproducte flex-section flex-section-768-ordres modul-6-titolm\u00a0\u00bb][vc_column width=\u00a0\u00bb5\/12&Prime; el_class=\u00a0\u00bbimatge-producte ordre-2md\u00a0\u00bb offset=\u00a0\u00bbvc_col-lg-6 vc_col-md-6 vc_col-xs-12&Prime; css=\u00a0\u00bb.vc_custom_1582022226378{padding-right: 0px !important;padding-left: 0px !important;}\u00a0\u00bb][vc_single_image image=\u00a0\u00bb4893&Prime; img_size=\u00a0\u00bbfull\u00a0\u00bb qode_css_animation=\u00a0\u00bb\u00a0\u00bb el_class=\u00a0\u00bbimg-terrassa\u00a0\u00bb][\/vc_column][vc_column width=\u00a0\u00bb7\/12&Prime; el_class=\u00a0\u00bbtext-producte ordre-1md\u00a0\u00bb offset=\u00a0\u00bbvc_col-lg-6 vc_col-md-6 vc_col-xs-12&Prime; css=\u00a0\u00bb.vc_custom_1582022231819{padding-top: 50px !important;padding-bottom: 50px !important;}\u00a0\u00bb][vc_column_text]<\/p>\n<h1 class=\"w-400\">Fermetures de terrasses<\/h1>\n<h1>Pour en profiter toute l&rsquo;ann\u00e9e<\/h1>\n<p>Les fermetures vitr\u00e9es pour terrasses sont une solution autant pour les maisons que pour les entreprises. Elles permettent de gagner de l\u2019espace dans une zone o\u00fa, en circonstances normales, on pourrait seulement en profiter une saison par an.[\/vc_column_text][vc_column_text el_class=\u00a0\u00bbicones-text-2l\u00a0\u00bb]<\/p>\n<ul>\n<li><img decoding=\"async\" class=\"icona icona-s cercle optimitzacio\" src=\"https:\/\/grabalosa.com\/finestres\/wp-content\/uploads\/sites\/3\/2018\/07\/optimitzacio-espai.svg\" alt=\"Ic\u00f4ne Optimisation de l'espace - Met\u00e0l\u00b7liques Grabalosa\"><span class=\"no-marxis\">Optimisation de l&rsquo;espace<\/span><\/li>\n<li><img decoding=\"async\" class=\"icona icona-s cercle dif\" src=\"https:\/\/grabalosa.com\/finestres\/wp-content\/uploads\/sites\/3\/2018\/07\/disseny-funcionalitat.svg\" alt=\"Ic\u00f4ne Design et fonctionnalit\u00e9 - Grabalosa\"><span class=\"no-marxis\">Design et fonctionnalit\u00e9<\/span><\/li>\n<\/ul>\n<p>[\/vc_column_text]<a  itemprop=\"url\" href=\"https:\/\/grabalosa.com\/finestres\/fr\/toitures-terrasses-et-facades\/terrasses\/\" target=\"_self\" data-hover-background-color=\"#1d1d1b\" data-hover-border-color=\"#1d1d1b\" data-hover-color=\"#ffffff\" class=\"qbutton  small center white default boto-multiproducte\" style=\"color: #1d1d1b; border-color: #1d1d1b; border-radius: 3px;-moz-border-radius: 3px;-webkit-border-radius: 3px; background-color:transparent;\">PLUS D'INFORMATIONS<\/a>[\/vc_column][\/vc_row][vc_row css_animation=\u00a0\u00bb\u00a0\u00bb row_type=\u00a0\u00bbrow\u00a0\u00bb use_row_as_full_screen_section=\u00a0\u00bbyes\u00a0\u00bb type=\u00a0\u00bbgrid\u00a0\u00bb angled_section=\u00a0\u00bbno\u00a0\u00bb text_align=\u00a0\u00bbleft\u00a0\u00bb background_image_as_pattern=\u00a0\u00bbwithout_pattern\u00a0\u00bb css=\u00a0\u00bb.vc_custom_1582022169393{padding-top: 50px !important;padding-bottom: 50px !important;background-color: #ececec !important;}\u00a0\u00bb z_index=\u00a0\u00bb\u00a0\u00bb el_class=\u00a0\u00bbtitol-producte multiproducte flex-section flex-section-768-ordres modul-6-titolm\u00a0\u00bb][vc_column width=\u00a0\u00bb7\/12&Prime; el_class=\u00a0\u00bbtext-producte ordre-1md\u00a0\u00bb offset=\u00a0\u00bbvc_col-lg-7 vc_col-md-7 vc_col-xs-12&Prime;][vc_column_text]<\/p>\n<h1 class=\"w-400\">Toitures mobiles<\/h1>\n<h1>pour terrasses ou balcons<\/h1>\n<p>Les toitures mobiles vitr\u00e9es sont une solution autant pour les maisons que pour les entreprises qui permettent de gagner de l\u2019espace et de profiter des zones non utiles selon les saisons.[\/vc_column_text][vc_column_text el_class=\u00a0\u00bbicones-text-2l\u00a0\u00bb]<\/p>\n<ul>\n<li><img decoding=\"async\" class=\"icona icona-s cercle automatitzacio\" src=\"https:\/\/grabalosa.com\/finestres\/wp-content\/uploads\/sites\/3\/2018\/07\/sistemes-automatitzacio-1.svg\" alt=\"Ic\u00f4ne syst\u00e8mes d'automatisation - Met\u00e0l\u00b7liques Grabalosa\"><span class=\"no-marxis\">Syst\u00e8mes d&rsquo;automatisation<\/span><\/li>\n<li><img decoding=\"async\" class=\"icona icona-s cercle llum\" src=\"https:\/\/grabalosa.com\/finestres\/wp-content\/uploads\/sites\/3\/2018\/07\/llum-natural.svg\" alt=\"Ic\u00f4ne Lumi\u00e9re naturele - Met\u00e0l\u00b7liques Grabalosa\"><span class=\"no-marxis\">Lumi\u00e9re naturele<\/span><\/li>\n<li><img decoding=\"async\" class=\"icona icona-s cercle eficiencia\" src=\"https:\/\/grabalosa.com\/finestres\/wp-content\/uploads\/sites\/3\/2018\/07\/maxima-eficiencia.svg\" alt=\"Ic\u00f4ne Maxime efficacit\u00e9 - Met\u00e0l\u00b7liques Grabalosa\"><span class=\"no-marxis\">Maxime efficacit\u00e9<\/span><\/li>\n<\/ul>\n<p>[\/vc_column_text]<a  itemprop=\"url\" href=\"https:\/\/grabalosa.com\/finestres\/fr\/toitures-terrasses-et-facades\/toiture-mobile-et-skylight\/\" target=\"_self\" data-hover-background-color=\"#1d1d1b\" data-hover-border-color=\"#1d1d1b\" data-hover-color=\"#ffffff\" class=\"qbutton  small center white default boto-multiproducte\" style=\"color: #1d1d1b; border-color: #1d1d1b; border-radius: 3px;-moz-border-radius: 3px;-webkit-border-radius: 3px; background-color:transparent;\">PLUS D'INFORMATIONS<\/a>[\/vc_column][vc_column width=\u00a0\u00bb5\/12&Prime; el_class=\u00a0\u00bbimatge-producte ordre-2md\u00a0\u00bb offset=\u00a0\u00bbvc_col-lg-5 vc_col-md-5 vc_col-xs-12&Prime; css=\u00a0\u00bb.vc_custom_1582022249417{padding-left: 50px !important;}\u00a0\u00bb][vc_single_image image=\u00a0\u00bb4891&Prime; img_size=\u00a0\u00bbfull\u00a0\u00bb qode_css_animation=\u00a0\u00bb\u00a0\u00bb el_class=\u00a0\u00bbimatge-caract-1&Prime;][\/vc_column][\/vc_row][vc_row css_animation=\u00a0\u00bb\u00a0\u00bb row_type=\u00a0\u00bbrow\u00a0\u00bb use_row_as_full_screen_section=\u00a0\u00bbyes\u00a0\u00bb type=\u00a0\u00bbgrid\u00a0\u00bb angled_section=\u00a0\u00bbno\u00a0\u00bb text_align=\u00a0\u00bbleft\u00a0\u00bb background_image_as_pattern=\u00a0\u00bbwithout_pattern\u00a0\u00bb css=\u00a0\u00bb.vc_custom_1582022180756{padding-top: 50px !important;padding-bottom: 50px !important;background-color: #ffffff !important;}\u00a0\u00bb z_index=\u00a0\u00bb\u00a0\u00bb el_class=\u00a0\u00bbtitol-producte multiproducte flex-section flex-section-768-ordres modul-6-titolm\u00a0\u00bb][vc_column width=\u00a0\u00bb7\/12&Prime; el_class=\u00a0\u00bbimatge-producte ordre-2md\u00a0\u00bb offset=\u00a0\u00bbvc_col-lg-6 vc_col-md-6 vc_col-xs-12&Prime;][vc_single_image image=\u00a0\u00bb4887&Prime; img_size=\u00a0\u00bbfull\u00a0\u00bb qode_css_animation=\u00a0\u00bb\u00a0\u00bb el_class=\u00a0\u00bbimatge-caract-1&Prime;][\/vc_column][vc_column width=\u00a0\u00bb7\/12&Prime; el_class=\u00a0\u00bbtext-producte ordre-1md\u00a0\u00bb offset=\u00a0\u00bbvc_col-lg-6 vc_col-md-6 vc_col-xs-12&Prime;][vc_column_text]<\/p>\n<h1 class=\"w-400\">Garde-corps<\/h1>\n<h1 class=\"w-400\">minimalistes<\/h1>\n<p>Garde-corps et protection minimalistes pour escaliers, de protection d\u2019acc\u00e8s, d\u2019espaces publiques, pour balcons, garde-corps int\u00e9rieur, pour ext\u00e9rieur\u2026[\/vc_column_text][vc_column_text el_class=\u00a0\u00bbicones-text-2l\u00a0\u00bb]<\/p>\n<ul>\n<li><img decoding=\"async\" class=\"icona icona-s cercle resistencia\" src=\"https:\/\/grabalosa.com\/finestres\/wp-content\/uploads\/sites\/3\/2018\/07\/resistencia-durabilitat.svg\" alt=\"Ic\u00f4ne Resistance et durabilit\u00e9 - Met\u00e0l\u00b7liques Grabalosa\"><span class=\"no-marxis\">Resistance et durabilit\u00e9<\/span><\/li>\n<li><img decoding=\"async\" class=\"icona icona-s cercle dif\" src=\"https:\/\/grabalosa.com\/finestres\/wp-content\/uploads\/sites\/3\/2018\/07\/disseny-funcionalitat.svg\" alt=\"Ic\u00f4ne Design et fonctionnalit\u00e9 - Grabalosa\"><span class=\"no-marxis\">Design et fonctionnalit\u00e9<\/span><\/li>\n<\/ul>\n<p>[\/vc_column_text]<a  itemprop=\"url\" href=\"https:\/\/grabalosa.com\/finestres\/fr\/toitures-terrasses-et-facades\/garde-corps\/\" target=\"_self\" data-hover-background-color=\"#1d1d1b\" data-hover-border-color=\"#1d1d1b\" data-hover-color=\"#ffffff\" class=\"qbutton  small center white default boto-multiproducte\" style=\"color: #1d1d1b; border-color: #1d1d1b; border-radius: 3px;-moz-border-radius: 3px;-webkit-border-radius: 3px; background-color:transparent;\">PLUS D'INFORMATIONS<\/a>[\/vc_column][\/vc_row][vc_row css_animation=\u00a0\u00bb\u00a0\u00bb row_type=\u00a0\u00bbrow\u00a0\u00bb use_row_as_full_screen_section=\u00a0\u00bbyes\u00a0\u00bb type=\u00a0\u00bbgrid\u00a0\u00bb angled_section=\u00a0\u00bbno\u00a0\u00bb text_align=\u00a0\u00bbleft\u00a0\u00bb background_image_as_pattern=\u00a0\u00bbwithout_pattern\u00a0\u00bb css=\u00a0\u00bb.vc_custom_1537550429227{padding-top: 70px !important;padding-bottom: 70px !important;background-color: #f1f1f1 !important;}\u00a0\u00bb z_index=\u00a0\u00bb\u00a0\u00bb el_class=\u00a0\u00bbmodul-3&Prime;][vc_column el_class=\u00a0\u00bbassessor\u00a0\u00bb offset=\u00a0\u00bbvc_col-lg-offset-2 vc_col-lg-8 vc_col-md-offset-2 vc_col-md-8 vc_col-sm-offset-0 vc_col-xs-12&Prime;][vc_column_text el_class=\u00a0\u00bbtext-left text-descriptiu-3&Prime;]<\/p>\n<h5>SERVICE CLIENT<\/h5>\n<p>[\/vc_column_text][vc_column_text el_class=\u00a0\u00bbtext-left text-descriptiu-3&Prime;]<\/p>\n<h1>Renseignement gratuit<\/h1>\n<div>Si vous \u00eates int\u00e9ress\u00e9s par ce type de produit et que vous avez besoin de plus d\u2019informations ou d\u2019une estimation budg\u00e9taire, n\u2019h\u00e9sitez pas \u00e0 contacter notre service client qui saura vous accompagner pas \u00e0 pas dans votre projet.<\/div>\n<p>[\/vc_column_text][vc_row_inner row_type=\u00a0\u00bbrow\u00a0\u00bb type=\u00a0\u00bbfull_width\u00a0\u00bb text_align=\u00a0\u00bbleft\u00a0\u00bb css_animation=\u00a0\u00bb\u00a0\u00bb css=\u00a0\u00bb.vc_custom_1528016690302{margin-top: 40px !important;}\u00a0\u00bb][vc_column_inner width=\u00a0\u00bb1\/2&Prime; offset=\u00a0\u00bbvc_col-lg-6 vc_col-md-6 vc_col-xs-12&Prime;]\n\n\t<a href=\"#\" target=\"_self\" style=\"color: #ffffff;background-color: #1d1d1b;font-size: 16px;font-weight: 300;text-transform: uppercase;font-style: normal\" class=\"qode-btn qode-btn-medium qode-btn-solid qode-btn-custom-hover-bg qode-btn-custom-hover-color qode-btn-icon boto-assessor spu-open-3230 qode-btn-default-hover\" data-hover-bg-color=\"#555555\" data-hover-color=\"#f2f2f2\" >\n\t    <span class=\"qode-btn-text\">CONTACTEZ-NOUS<\/span><span class=\"qode-button-v2-icon-holder\" style=\"font-size: 16px\" ><i class=\"qode_icon_font_awesome fa fa-envelope qode-button-v2-icon-holder-inner\" ><\/i><\/span>\t<\/a>\n\n[\/vc_column_inner][vc_column_inner width=\u00a0\u00bb1\/2&Prime; offset=\u00a0\u00bbvc_col-lg-6 vc_col-md-6 vc_col-xs-12&Prime;]\n\n\t<a href=\"tel:+34972788028\" target=\"_self\" style=\"color: #ffffff;background-color: #1d1d1b;font-size: 16px;font-weight: 300;text-transform: uppercase;font-style: normal\" class=\"qode-btn qode-btn-medium qode-btn-solid qode-btn-custom-hover-bg qode-btn-custom-hover-color qode-btn-icon boto-assessor qode-btn-default-hover\" data-hover-bg-color=\"#555555\" data-hover-color=\"#f2f2f2\" >\n\t    <span class=\"qode-btn-text\">(34) 972 788 028<\/span><span class=\"qode-button-v2-icon-holder\" style=\"font-size: 16px\" ><i class=\"qode_icon_font_awesome fa fa-phone qode-button-v2-icon-holder-inner\" ><\/i><\/span>\t<\/a>\n\n[\/vc_column_inner][\/vc_row_inner][\/vc_column][\/vc_row]<\/p>\n<\/div>","protected":false},"excerpt":{"rendered":"<p>[vc_row css_animation=\u00a0\u00bb\u00a0\u00bb row_type=\u00a0\u00bbrow\u00a0\u00bb use_row_as_full_screen_section=\u00a0\u00bbyes\u00a0\u00bb type=\u00a0\u00bbgrid\u00a0\u00bb angled_section=\u00a0\u00bbno\u00a0\u00bb text_align=\u00a0\u00bbleft\u00a0\u00bb background_image_as_pattern=\u00a0\u00bbwithout_pattern\u00a0\u00bb css=\u00a0\u00bb.vc_custom_1582022147815{padding-top: 20px !important;padding-bottom: 50px !important;background-color: #ececec !important;}\u00a0\u00bb z_index=\u00a0\u00bb\u00a0\u00bb el_class=\u00a0\u00bbtitol-producte multiproducte flex-section flex-section-768-ordres modul-6-titolm\u00a0\u00bb][vc_column width=\u00a0\u00bb7\/12&Prime; el_class=\u00a0\u00bbtext-producte ordre-1md\u00a0\u00bb offset=\u00a0\u00bbvc_col-lg-6 vc_col-md-6 vc_col-xs-12&Prime;][vc_column_text] Mur-rideau Fa\u00e7ades infinies Chez Metal.liques Grabalosa nous fabriquons une nouvelle g\u00e9n\u00e9ration de fa\u00e7ades vitr\u00e9es bas\u00e9es sur le syst\u00e8me&#8230;<\/p>\n","protected":false},"author":1,"featured_media":0,"parent":0,"menu_order":4,"comment_status":"closed","ping_status":"closed","template":"full_width.php","meta":{"footnotes":""},"class_list":["post-4211","page","type-page","status-publish","hentry"],"aioseo_notices":[],"_links":{"self":[{"href":"https:\/\/grabalosa.com\/finestres\/fr\/wp-json\/wp\/v2\/pages\/4211","targetHints":{"allow":["GET"]}}],"collection":[{"href":"https:\/\/grabalosa.com\/finestres\/fr\/wp-json\/wp\/v2\/pages"}],"about":[{"href":"https:\/\/grabalosa.com\/finestres\/fr\/wp-json\/wp\/v2\/types\/page"}],"author":[{"embeddable":true,"href":"https:\/\/grabalosa.com\/finestres\/fr\/wp-json\/wp\/v2\/users\/1"}],"replies":[{"embeddable":true,"href":"https:\/\/grabalosa.com\/finestres\/fr\/wp-json\/wp\/v2\/comments?post=4211"}],"version-history":[{"count":28,"href":"https:\/\/grabalosa.com\/finestres\/fr\/wp-json\/wp\/v2\/pages\/4211\/revisions"}],"predecessor-version":[{"id":11141,"href":"https:\/\/grabalosa.com\/finestres\/fr\/wp-json\/wp\/v2\/pages\/4211\/revisions\/11141"}],"wp:attachment":[{"href":"https:\/\/grabalosa.com\/finestres\/fr\/wp-json\/wp\/v2\/media?parent=4211"}],"curies":[{"name":"wp","href":"https:\/\/api.w.org\/{rel}","templated":true}]}}