{"id":6307,"date":"2020-05-26T16:47:21","date_gmt":"2020-05-26T14:47:21","guid":{"rendered":"http:\/\/ambdues.cat\/finestres\/inicio\/"},"modified":"2024-01-11T13:26:37","modified_gmt":"2024-01-11T12:26:37","slug":"inicio","status":"publish","type":"page","link":"https:\/\/grabalosa.com\/finestres\/es\/","title":{"rendered":"Inicio"},"content":{"rendered":"<div class=\"wpb-content-wrapper\"><p>[vc_row css_animation=\u00bb\u00bb row_type=\u00bbrow\u00bb use_row_as_full_screen_section=\u00bbno\u00bb type=\u00bbfull_width\u00bb angled_section=\u00bbno\u00bb text_align=\u00bbleft\u00bb background_image_as_pattern=\u00bbwithout_pattern\u00bb][vc_column][\/vc_column][\/vc_row][vc_row css_animation=\u00bb\u00bb row_type=\u00bbrow\u00bb use_row_as_full_screen_section=\u00bbno\u00bb type=\u00bbgrid\u00bb angled_section=\u00bbno\u00bb text_align=\u00bbleft\u00bb background_image_as_pattern=\u00bbwithout_pattern\u00bb z_index=\u00bb\u00bb css=\u00bb.vc_custom_1544013558499{margin-top: 20px !important;margin-bottom: 20px !important;padding-top: 60px !important;padding-bottom: 60px !important;background-color: #f1f1f1 !important;}\u00bb el_class=\u00bbtres-icones\u00bb][vc_column width=\u00bb1\/3&#8243; el_class=\u00bbicon-pressupost icon-blanc\u00bb offset=\u00bbvc_col-lg-4 vc_col-md-4 vc_col-xs-12&#8243;][vc_raw_html]PGRpdiBjbGFzcz0iaWNvbmEtYW1iLXRleHQiPjxpbWcgaXRlbXByb3A9ImltYWdlIiBzcmM9Imh0dHBzOi8vZ3JhYmFsb3NhLmNvbS93cC1jb250ZW50L3VwbG9hZHMvc2l0ZXMvMi8yMDE4LzExL3ByZXNzdXBvc3QtZ3JhdHVpdC1uZWdyZS5zdmciIGFsdD0iSWNvbm8gZGUgdW5hIGZhY3R1cmEgeSB1bmEgY2FsY3VsYWRvcmEgc2ltYm9saXphbmRvIGVsIHByZXN1cHVlc3RvIGRlIGxhcyB2ZW50YW5hcyI+PGgzPlBSRVNVUFVFU1RPPC9oMz48aDMgY2xhc3M9InctNDAwIj5HUkFUVUlUTzwvaDM+PHA+U29saWNpdGUgcHJlc3VwdWVzdG8gc2luIGNvbXByb21pc28sIHJlbGxlbmFuZG8gdW4gc2VuY2lsbG8gZm9ybXVsYXJpby48L3A+PC9kaXY+[\/vc_raw_html]<a  itemprop=\"url\" href=\"https:\/\/grabalosa.com\/finestres\/es\/presupuesto\/\" target=\"_self\" data-hover-background-color=\"#1d1d1b\" data-hover-border-color=\"#1d1d1b\" data-hover-color=\"#ffffff\" class=\"qbutton  small center white default boto-multiproducte boto-mesinfo boto-pressu spu-open-3217\" style=\"color: #1d1d1b; border-color: #1d1d1b; border-radius: 3px;-moz-border-radius: 3px;-webkit-border-radius: 3px; background-color:transparent;\">M\u00c1S INFORMACI\u00d3N<\/a>[\/vc_column][vc_column width=\u00bb1\/3&#8243; el_class=\u00bbicon-visita icon-blanc\u00bb offset=\u00bbvc_col-lg-4 vc_col-md-4 vc_col-xs-12&#8243;][vc_raw_html]PGRpdiBjbGFzcz0iaWNvbmEtYW1iLXRleHQiPjxpbWcgaXRlbXByb3A9ImltYWdlIiBzcmM9Imh0dHBzOi8vZ3JhYmFsb3NhLmNvbS93cC1jb250ZW50L3VwbG9hZHMvc2l0ZXMvMi8yMDE4LzExL3Zpc2l0YS1jb21lcmNpYWwtbmVncmUuc3ZnIiBhbHQ9Ikljb25vIGRlIHVuIGRlc3Rvcm5pbGxhZG9yIHkgdW5hIGxsYXZlIGluZ2xlc2EgY3J1emFkYXMgc2ltYm9saXphbmRvIGVsIHNlcnZpY2lvIGRlIHJlcGFyYWNpw7NuIHBvc3R2ZW50YSI+CjxoMyBjbGFzcz0idy00MDAiPlZJU0lUQTwvaDM+CjxoMz5DT01FUkNJQUw8L2gzPgo8cD5Vbm8gZGUgbnVlc3Ryb3MgdMOpY25pY29zIGNvbWVyY2lhbGVzIGxlcyBhc2Vzb3JhcsOhIGNvbiBsYXMgc29sdWNpb25lcyBtw6FzIGFwcm9waWFkYXMuPC9wPjwvZGl2Pg==[\/vc_raw_html]<a  itemprop=\"url\" href=\"https:\/\/grabalosa.com\/es\/servicio-al-cliente\/visita-comercial\/\" target=\"_self\" data-hover-background-color=\"#1d1d1b\" data-hover-border-color=\"#1d1d1b\" data-hover-color=\"#ffffff\" class=\"qbutton  small center white default boto-multiproducte boto-mesinfo boto-visita-comercial spu-open-3222\" style=\"color: #1d1d1b; border-color: #1d1d1b; border-radius: 3px;-moz-border-radius: 3px;-webkit-border-radius: 3px; \">M\u00c1S INFORMACI\u00d3N<\/a>[\/vc_column][vc_column width=\u00bb1\/3&#8243; el_class=\u00bbicon-postvenda icon-blanc\u00bb offset=\u00bbvc_col-lg-4 vc_col-md-4 vc_col-xs-12&#8243;][vc_raw_html]PGRpdiBjbGFzcz0iaWNvbmEtYW1iLXRleHQiPjxpbWcgaXRlbXByb3A9ImltYWdlIiBzcmM9Imh0dHBzOi8vZ3JhYmFsb3NhLmNvbS93cC1jb250ZW50L3VwbG9hZHMvc2l0ZXMvMi8yMDE4LzExL3NlcnZlaS1wb3N0dmVuZGEtbmVncmUuc3ZnIiBhbHQ9Ikljb25vIGRlIHVuYSBtYWxldGEgcXVlIHNpbWJvbGl6YSBsYSB2aXNpdGEgY29tZXJjaWFsIj4KPGgzIGNsYXNzPSJ3LTQwMCI+U0VSVklDSU88L2gzPgo8aDM+UE9TVC1WRU5UQTwvaDM+CjxwPlNlcnZpY2lvIGRlIG1hbnRlbmltaWVudG8geSBwb3N0LXZlbnRhIGxhcyAyNCBob3JhcyBhbCBkw61hIGxvcyA3IGTDrWFzIGEgbGEgc2VtYW5hLjwvcD48L2Rpdj4=[\/vc_raw_html]<a  itemprop=\"url\" href=\"https:\/\/grabalosa.com\/es\/servicio-al-cliente\/servicio-post-venta\/\" target=\"_self\" data-hover-background-color=\"#1d1d1b\" data-hover-border-color=\"#1d1d1b\" data-hover-color=\"#ffffff\" class=\"qbutton  small center white default boto-multiproducte boto-mesinfo boto-servei-comercial spu-open-3224\" style=\"color: #1d1d1b; border-color: #1d1d1b; border-radius: 3px;-moz-border-radius: 3px;-webkit-border-radius: 3px; \">M\u00c1S INFORMACI\u00d3N<\/a>[\/vc_column][\/vc_row][vc_row css_animation=\u00bb\u00bb row_type=\u00bbrow\u00bb use_row_as_full_screen_section=\u00bbno\u00bb type=\u00bbgrid\u00bb angled_section=\u00bbno\u00bb text_align=\u00bbleft\u00bb background_image_as_pattern=\u00bbwithout_pattern\u00bb z_index=\u00bb\u00bb el_class=\u00bbfinestres-categories\u00bb][vc_column width=\u00bb1\/2&#8243; el_class=\u00bbproducte-c ic_col-xxs-12&#8243; css=\u00bb.vc_custom_1537181764456{padding-right: 3px !important;padding-left: 3px !important;}\u00bb offset=\u00bbvc_col-lg-4 vc_col-md-4 vc_hidden-md vc_hidden-sm vc_col-xs-6 vc_hidden-xs\u00bb]<div class=\"image_hover \" data-transition-delay=\"\"><div class=\"images_holder\"><a itemprop=\"url\" href=\"https:\/\/grabalosa.com\/finestres\/es\/productos-ventanas\/ventanas-de-aluminio\/\" target=\"_self\"><img decoding=\"async\" itemprop=\"image\" class=\"active_image \" src=\"https:\/\/grabalosa.com\/finestres\/wp-content\/uploads\/sites\/3\/2018\/09\/01t2-finestres-alumini-grabalosa-inici.jpg\" alt=\"Finestres d&#039;alumini - Met\u00e0l\u00b7liques Grabalosa\" style=\"\" \/><img decoding=\"async\" itemprop=\"image\" class=\"hover_image\" src=\"https:\/\/grabalosa.com\/finestres\/wp-content\/uploads\/sites\/3\/2018\/09\/01-2finestres-alumini-grabalosa-inici.jpg\" alt=\"Finestres d&#039;alumini - Met\u00e0l\u00b7liques Grabalosa\" style=\"\" \/><\/a><\/div><\/div>[vc_column_text el_class=\u00bbtitol-cat-hover\u00bb]<\/p>\n<h2>Ventanas<\/h2>\n<h2>de aluminio<\/h2>\n<p>[\/vc_column_text][\/vc_column][vc_column width=\u00bb1\/2&#8243; css=\u00bb.vc_custom_1537181804359{padding-right: 3px !important;padding-left: 3px !important;}\u00bb el_class=\u00bbproducte-c ic_col-xxs-12&#8243; offset=\u00bbvc_col-lg-4 vc_col-md-4 vc_hidden-md vc_hidden-sm vc_col-xs-6 vc_hidden-xs\u00bb]<div class=\"image_hover \" data-transition-delay=\"\"><div class=\"images_holder\"><a itemprop=\"url\" href=\"https:\/\/grabalosa.com\/finestres\/es\/productos-ventanas\/ventanas-pvc\/\" target=\"_self\"><img decoding=\"async\" itemprop=\"image\" class=\"active_image \" src=\"https:\/\/grabalosa.com\/finestres\/wp-content\/uploads\/sites\/3\/2018\/09\/02t-finestres-pvc-grabalosa-inici.jpg\" alt=\"Finestres de PVC - Met\u00e0l\u00b7liques Grabalosa\" style=\"\" \/><img decoding=\"async\" itemprop=\"image\" class=\"hover_image\" src=\"https:\/\/grabalosa.com\/finestres\/wp-content\/uploads\/sites\/3\/2018\/09\/02-finestres-pvc-grabalosa-inici.jpg\" alt=\"Finestres de PVC - Met\u00e0l\u00b7liques Grabalosa\" style=\"\" \/><\/a><\/div><\/div>[vc_column_text el_class=\u00bbtitol-cat-hover\u00bb]<\/p>\n<h2>Ventanas<\/h2>\n<h2>PVC<\/h2>\n<p>[\/vc_column_text][\/vc_column][vc_column width=\u00bb1\/2&#8243; css=\u00bb.vc_custom_1537181812484{padding-right: 3px !important;padding-left: 3px !important;}\u00bb el_class=\u00bbproducte-c ic_col-xxs-12&#8243; offset=\u00bbvc_col-lg-4 vc_col-md-4 vc_hidden-md vc_hidden-sm vc_col-xs-6 vc_hidden-xs\u00bb]<div class=\"image_hover \" data-transition-delay=\"\"><div class=\"images_holder\"><a itemprop=\"url\" href=\"https:\/\/grabalosa.com\/finestres\/es\/productos-ventanas\/ventanas-mixtas-alfus\/\" target=\"_self\"><img decoding=\"async\" itemprop=\"image\" class=\"active_image \" src=\"https:\/\/grabalosa.com\/finestres\/wp-content\/uploads\/sites\/3\/2018\/09\/03t3-finestres-mixtes-alfus-grabalosa-inici.jpg\" alt=\"Finestres mixtes (ALFUS) - Met\u00e0l\u00b7liques Grabalosa\" style=\"\" \/><img decoding=\"async\" itemprop=\"image\" class=\"hover_image\" src=\"https:\/\/grabalosa.com\/finestres\/wp-content\/uploads\/sites\/3\/2018\/09\/03-finestres-mixtes-alfus-grabalosa-inici.jpg\" alt=\"Finestres mixtes (ALFUS) - Met\u00e0l\u00b7liques Grabalosa\" style=\"\" \/><\/a><\/div><\/div>[vc_column_text el_class=\u00bbtitol-cat-hover\u00bb]<\/p>\n<h2>Ventanas<\/h2>\n<h2>mixtas (Alfus)<\/h2>\n<p>[\/vc_column_text][\/vc_column][vc_column width=\u00bb1\/2&#8243; el_class=\u00bbproducte-c ic_col-xxs-12&#8243; css=\u00bb.vc_custom_1537181827827{padding-right: 3px !important;padding-left: 3px !important;}\u00bb offset=\u00bbvc_col-lg-4 vc_col-md-4 vc_hidden-md vc_hidden-sm vc_col-xs-6 vc_hidden-xs\u00bb]<div class=\"image_hover \" data-transition-delay=\"\"><div class=\"images_holder\"><a itemprop=\"url\" href=\"https:\/\/grabalosa.com\/finestres\/es\/productos-ventanas\/ventanas-minimalistas\/\" target=\"_self\"><img decoding=\"async\" itemprop=\"image\" class=\"active_image \" src=\"https:\/\/grabalosa.com\/finestres\/wp-content\/uploads\/sites\/3\/2018\/09\/04t2-finestres-minimalistes-grabalosa-inici.jpg\" alt=\"Finestres minimalistes - Met\u00e0l\u00b7liques Grabalosa\" style=\"\" \/><img decoding=\"async\" itemprop=\"image\" class=\"hover_image\" src=\"https:\/\/grabalosa.com\/finestres\/wp-content\/uploads\/sites\/3\/2018\/09\/04-2finestres-minimalistes-grabalosa-inici.jpg\" alt=\"Finestres minimalistes - Met\u00e0l\u00b7liques Grabalosa\" style=\"\" \/><\/a><\/div><\/div>[vc_column_text el_class=\u00bbtitol-cat-hover\u00bb]<\/p>\n<h2>Ventanas<\/h2>\n<h2>minimalistas<\/h2>\n<p>[\/vc_column_text][\/vc_column][vc_column width=\u00bb1\/2&#8243; el_class=\u00bbproducte-c ic_col-xxs-12&#8243; css=\u00bb.vc_custom_1537181835173{padding-right: 3px !important;padding-left: 3px !important;}\u00bb offset=\u00bbvc_col-lg-4 vc_col-md-4 vc_hidden-md vc_hidden-sm vc_col-xs-6 vc_hidden-xs\u00bb]<div class=\"image_hover \" data-transition-delay=\"\"><div class=\"images_holder\"><a itemprop=\"url\" href=\"https:\/\/grabalosa.com\/finestres\/es\/productos-ventanas\/ventanas-panoramicas\/\" target=\"_self\"><img decoding=\"async\" itemprop=\"image\" class=\"active_image \" src=\"https:\/\/grabalosa.com\/finestres\/wp-content\/uploads\/sites\/3\/2018\/11\/05t2-finestres-panoramiques-grabalosa-inici.jpg\" alt=\"Finestres panor\u00e0miques - Met\u00e0l\u00b7liques Grabalosa\" style=\"\" \/><img decoding=\"async\" itemprop=\"image\" class=\"hover_image\" src=\"https:\/\/grabalosa.com\/finestres\/wp-content\/uploads\/sites\/3\/2018\/09\/05-finestres-panoramiques-grabalosa-inici.jpg\" alt=\"Finestres panor\u00e0miques - Met\u00e0l\u00b7liques Grabalosa\" style=\"\" \/><\/a><\/div><\/div>[vc_column_text el_class=\u00bbtitol-cat-hover\u00bb]<\/p>\n<h2>Ventanas<\/h2>\n<h2>panor\u00e1micas<\/h2>\n<p>[\/vc_column_text][\/vc_column][vc_column width=\u00bb1\/2&#8243; el_class=\u00bbproducte-c ic_col-xxs-12&#8243; css=\u00bb.vc_custom_1537181842373{padding-right: 3px !important;padding-left: 3px !important;}\u00bb offset=\u00bbvc_col-lg-4 vc_col-md-4 vc_hidden-md vc_hidden-sm vc_col-xs-6 vc_hidden-xs\u00bb]<div class=\"image_hover \" data-transition-delay=\"\"><div class=\"images_holder\"><a itemprop=\"url\" href=\"https:\/\/grabalosa.com\/finestres\/es\/tejados-terrazas-y-fachadas\/\" target=\"_self\"><img decoding=\"async\" itemprop=\"image\" class=\"active_image \" src=\"https:\/\/grabalosa.com\/finestres\/wp-content\/uploads\/sites\/3\/2018\/09\/06t2-finestres-sostres-terrasses-facanes-grabalosa-inici.jpg\" alt=\"Sostres, terraces i fa\u00e7anes - Met\u00e0l\u00b7liques Grabalosa\" style=\"\" \/><img decoding=\"async\" itemprop=\"image\" class=\"hover_image\" src=\"https:\/\/grabalosa.com\/finestres\/wp-content\/uploads\/sites\/3\/2018\/09\/06-finestres-sostres-terrasses-facanes-grabalosa-inici.jpg\" alt=\"Sostres, terraces i fa\u00e7anes - Met\u00e0l\u00b7liques Grabalosa\" style=\"\" \/><\/a><\/div><\/div>[vc_column_text el_class=\u00bbtitol-cat-hover\u00bb]<\/p>\n<h2>Tejados, terrazas<\/h2>\n<h2>y fachadas<\/h2>\n<p>[\/vc_column_text][\/vc_column][\/vc_row][vc_row css_animation=\u00bb\u00bb row_type=\u00bbrow\u00bb use_row_as_full_screen_section=\u00bbno\u00bb type=\u00bbfull_width\u00bb angled_section=\u00bbno\u00bb text_align=\u00bbleft\u00bb background_image_as_pattern=\u00bbwithout_pattern\u00bb z_index=\u00bb\u00bb el_class=\u00bbfinestres-categories\u00bb][vc_column width=\u00bb1\/2&#8243; el_class=\u00bbproducte-c ic_col-xxs-12&#8243; css=\u00bb.vc_custom_1537181857936{padding-right: 3px !important;padding-left: 3px !important;}\u00bb offset=\u00bbvc_col-lg-4 vc_hidden-lg vc_col-md-4 vc_col-xs-6&#8243;]<div class=\"image_hover \" data-transition-delay=\"\"><div class=\"images_holder\"><a itemprop=\"url\" href=\"https:\/\/grabalosa.com\/finestres\/es\/productos-ventanas\/ventanas-de-aluminio\/\" target=\"_self\"><img decoding=\"async\" itemprop=\"image\" class=\"active_image \" src=\"https:\/\/grabalosa.com\/finestres\/wp-content\/uploads\/sites\/3\/2018\/09\/01t2-finestres-alumini-grabalosa-inici.jpg\" alt=\"Finestres d&#039;alumini - Met\u00e0l\u00b7liques Grabalosa\" style=\"\" \/><img decoding=\"async\" itemprop=\"image\" class=\"hover_image\" src=\"https:\/\/grabalosa.com\/finestres\/wp-content\/uploads\/sites\/3\/2018\/09\/01-2finestres-alumini-grabalosa-inici.jpg\" alt=\"Finestres d&#039;alumini - Met\u00e0l\u00b7liques Grabalosa\" style=\"\" \/><\/a><\/div><\/div>[vc_column_text el_class=\u00bbtitol-cat-hover\u00bb]<\/p>\n<h2>Ventanas<\/h2>\n<h2>de aluminio<\/h2>\n<p>[\/vc_column_text][\/vc_column][vc_column width=\u00bb1\/2&#8243; css=\u00bb.vc_custom_1537181863911{padding-right: 3px !important;padding-left: 3px !important;}\u00bb el_class=\u00bbproducte-c ic_col-xxs-12&#8243; offset=\u00bbvc_col-lg-4 vc_hidden-lg vc_col-md-4 vc_col-xs-6&#8243;]<div class=\"image_hover \" data-transition-delay=\"\"><div class=\"images_holder\"><a itemprop=\"url\" href=\"https:\/\/grabalosa.com\/finestres\/es\/productos-ventanas\/ventanas-pvc\/\" target=\"_self\"><img decoding=\"async\" itemprop=\"image\" class=\"active_image \" src=\"https:\/\/grabalosa.com\/finestres\/wp-content\/uploads\/sites\/3\/2018\/09\/02t-finestres-pvc-grabalosa-inici.jpg\" alt=\"Finestres de PVC - Met\u00e0l\u00b7liques Grabalosa\" style=\"\" \/><img decoding=\"async\" itemprop=\"image\" class=\"hover_image\" src=\"https:\/\/grabalosa.com\/finestres\/wp-content\/uploads\/sites\/3\/2018\/09\/02-finestres-pvc-grabalosa-inici.jpg\" alt=\"Finestres de PVC - Met\u00e0l\u00b7liques Grabalosa\" style=\"\" \/><\/a><\/div><\/div>[vc_column_text el_class=\u00bbtitol-cat-hover\u00bb]<\/p>\n<h2>Ventanas<\/h2>\n<h2>PVC<\/h2>\n<p>[\/vc_column_text][\/vc_column][vc_column width=\u00bb1\/2&#8243; css=\u00bb.vc_custom_1537181870054{padding-right: 3px !important;padding-left: 3px !important;}\u00bb el_class=\u00bbproducte-c ic_col-xxs-12&#8243; offset=\u00bbvc_col-lg-4 vc_hidden-lg vc_col-md-4 vc_col-xs-6&#8243;]<div class=\"image_hover \" data-transition-delay=\"\"><div class=\"images_holder\"><a itemprop=\"url\" href=\"https:\/\/grabalosa.com\/finestres\/es\/productos-ventanas\/ventanas-mixtas-alfus\/\" target=\"_self\"><img decoding=\"async\" itemprop=\"image\" class=\"active_image \" src=\"https:\/\/grabalosa.com\/finestres\/wp-content\/uploads\/sites\/3\/2018\/09\/03t3-finestres-mixtes-alfus-grabalosa-inici.jpg\" alt=\"Finestres mixtes (ALFUS) - Met\u00e0l\u00b7liques Grabalosa\" style=\"\" \/><img decoding=\"async\" itemprop=\"image\" class=\"hover_image\" src=\"https:\/\/grabalosa.com\/finestres\/wp-content\/uploads\/sites\/3\/2018\/09\/03-finestres-mixtes-alfus-grabalosa-inici.jpg\" alt=\"Finestres mixtes (ALFUS) - Met\u00e0l\u00b7liques Grabalosa\" style=\"\" \/><\/a><\/div><\/div>[vc_column_text el_class=\u00bbtitol-cat-hover\u00bb]<\/p>\n<h2>Ventanas<\/h2>\n<h2>mixtas (Alfus)<\/h2>\n<p>[\/vc_column_text][\/vc_column][vc_column width=\u00bb1\/2&#8243; el_class=\u00bbproducte-c ic_col-xxs-12&#8243; css=\u00bb.vc_custom_1537181876972{padding-right: 3px !important;padding-left: 3px !important;}\u00bb offset=\u00bbvc_col-lg-4 vc_hidden-lg vc_col-md-4 vc_col-xs-6&#8243;]<div class=\"image_hover \" data-transition-delay=\"\"><div class=\"images_holder\"><a itemprop=\"url\" href=\"https:\/\/grabalosa.com\/finestres\/es\/productos-ventanas\/ventanas-minimalistas\/\" target=\"_self\"><img decoding=\"async\" itemprop=\"image\" class=\"active_image \" src=\"https:\/\/grabalosa.com\/finestres\/wp-content\/uploads\/sites\/3\/2018\/09\/04t2-finestres-minimalistes-grabalosa-inici.jpg\" alt=\"Finestres minimalistes - Met\u00e0l\u00b7liques Grabalosa\" style=\"\" \/><img decoding=\"async\" itemprop=\"image\" class=\"hover_image\" src=\"https:\/\/grabalosa.com\/finestres\/wp-content\/uploads\/sites\/3\/2018\/09\/04-2finestres-minimalistes-grabalosa-inici.jpg\" alt=\"Finestres minimalistes - Met\u00e0l\u00b7liques Grabalosa\" style=\"\" \/><\/a><\/div><\/div>[vc_column_text el_class=\u00bbtitol-cat-hover\u00bb]<\/p>\n<h2>Ventanas<\/h2>\n<h2>minimalistas<\/h2>\n<p>[\/vc_column_text][\/vc_column][vc_column width=\u00bb1\/2&#8243; el_class=\u00bbproducte-c ic_col-xxs-12&#8243; css=\u00bb.vc_custom_1537181882451{padding-right: 3px !important;padding-left: 3px !important;}\u00bb offset=\u00bbvc_col-lg-4 vc_hidden-lg vc_col-md-4 vc_col-xs-6&#8243;]<div class=\"image_hover \" data-transition-delay=\"\"><div class=\"images_holder\"><a itemprop=\"url\" href=\"https:\/\/grabalosa.com\/finestres\/es\/productos-ventanas\/ventanas-panoramicas\/\" target=\"_self\"><img decoding=\"async\" itemprop=\"image\" class=\"active_image \" src=\"https:\/\/grabalosa.com\/finestres\/wp-content\/uploads\/sites\/3\/2018\/11\/05t2-finestres-panoramiques-grabalosa-inici.jpg\" alt=\"Finestres panor\u00e0miques - Met\u00e0l\u00b7liques Grabalosa\" style=\"\" \/><img decoding=\"async\" itemprop=\"image\" class=\"hover_image\" src=\"https:\/\/grabalosa.com\/finestres\/wp-content\/uploads\/sites\/3\/2018\/09\/05-finestres-panoramiques-grabalosa-inici.jpg\" alt=\"Finestres panor\u00e0miques - Met\u00e0l\u00b7liques Grabalosa\" style=\"\" \/><\/a><\/div><\/div>[vc_column_text el_class=\u00bbtitol-cat-hover\u00bb]<\/p>\n<h2>Ventanas<\/h2>\n<h2>panor\u00e1micas<\/h2>\n<p>[\/vc_column_text][\/vc_column][vc_column width=\u00bb1\/2&#8243; el_class=\u00bbproducte-c ic_col-xxs-12&#8243; css=\u00bb.vc_custom_1537181887892{padding-right: 3px !important;padding-left: 3px !important;}\u00bb offset=\u00bbvc_col-lg-4 vc_hidden-lg vc_col-md-4 vc_col-xs-6&#8243;]<div class=\"image_hover \" data-transition-delay=\"\"><div class=\"images_holder\"><a itemprop=\"url\" href=\"https:\/\/grabalosa.com\/finestres\/es\/tejados-terrazas-y-fachadas\/\" target=\"_self\"><img decoding=\"async\" itemprop=\"image\" class=\"active_image \" src=\"https:\/\/grabalosa.com\/finestres\/wp-content\/uploads\/sites\/3\/2018\/09\/06t2-finestres-sostres-terrasses-facanes-grabalosa-inici.jpg\" alt=\"Sostres, terraces i fa\u00e7anes - Met\u00e0l\u00b7liques Grabalosa\" style=\"\" \/><img decoding=\"async\" itemprop=\"image\" class=\"hover_image\" src=\"https:\/\/grabalosa.com\/finestres\/wp-content\/uploads\/sites\/3\/2018\/09\/06-finestres-sostres-terrasses-facanes-grabalosa-inici.jpg\" alt=\"Sostres, terraces i fa\u00e7anes - Met\u00e0l\u00b7liques Grabalosa\" style=\"\" \/><\/a><\/div><\/div>[vc_column_text el_class=\u00bbtitol-cat-hover\u00bb]<\/p>\n<h2>Tejados, terrazas<\/h2>\n<h2>y Fachadas<\/h2>\n<p>[\/vc_column_text][\/vc_column][\/vc_row][vc_row css_animation=\u00bb\u00bb row_type=\u00bbrow\u00bb use_row_as_full_screen_section=\u00bbno\u00bb type=\u00bbgrid\u00bb angled_section=\u00bbno\u00bb text_align=\u00bbleft\u00bb background_image_as_pattern=\u00bbwithout_pattern\u00bb css=\u00bb.vc_custom_1550099581089{padding-top: 100px !important;padding-bottom: 100px !important;}\u00bb z_index=\u00bb\u00bb el_class=\u00bbmodul-1&#8243;][vc_column width=\u00bb1\/2&#8243; offset=\u00bbvc_col-lg-6 vc_col-md-6 vc_col-xs-12&#8243;][vc_gallery type=\u00bbflexslider_slide\u00bb interval=\u00bb3&#8243; images=\u00bb4048,4042,4018&#8243; img_size=\u00bbfull\u00bb direction_nav=\u00bbyes\u00bb control_nav=\u00bbno\u00bb show_image_description=\u00bbyes\u00bb pause_on_hover=\u00bbno\u00bb frame=\u00bbno\u00bb el_class=\u00bbgaleria-s-m1&#8243;][\/vc_column][vc_column width=\u00bb1\/2&#8243; offset=\u00bbvc_col-lg-6 vc_col-md-6 vc_col-xs-12&#8243;][vc_column_text el_class=\u00bbtext-descriptiu-1 text-left\u00bb]<\/p>\n<h1>Sistemas efectivos<br \/>\nde control solar<\/h1>\n<p>Persianas apilables, persianas graduables, venecianas, screens textiles, etc. Son el complemento ideal a las ventanas de aluminio. Ayudan al ahorro energ\u00e9tico y al mismo tiempo se trata de un producto de dise\u00f1o con un gran valor est\u00e9tico que regula la entrada de luz en la estancia y permite crear confortables ambientes.<\/p>\n<p><a href=\"https:\/\/grabalosa.com\/finestres\/es\/control-solar\/\">VER PRODUCTOS<\/a>[\/vc_column_text][\/vc_column][\/vc_row][vc_row css_animation=\u00bb\u00bb row_type=\u00bbrow\u00bb use_row_as_full_screen_section=\u00bbno\u00bb type=\u00bbgrid\u00bb angled_section=\u00bbno\u00bb text_align=\u00bbleft\u00bb background_image_as_pattern=\u00bbwithout_pattern\u00bb css=\u00bb.vc_custom_1581327222219{padding-top: 80px !important;padding-bottom: 80px !important;background-color: #ececec !important;}\u00bb z_index=\u00bb\u00bb el_class=\u00bbmodul-3&#8243;][vc_column width=\u00bb2\/3&#8243; el_class=\u00bbtext-descriptiu-3 text-left\u00bb offset=\u00bbvc_col-lg-offset-2 vc_col-md-offset-2 vc_col-sm-offset-2&#8243;][vc_column_text]<\/p>\n<h5>SOMOS FABRICANTES<\/h5>\n<p>[\/vc_column_text][vc_column_text]<\/p>\n<h1>Pida su presupuesto<\/h1>\n<p>Si le interesa tener una estimaci\u00f3n econ\u00f3mica de un proyecto de cierres met\u00e1licos, p\u00f3ngase en contacto con nosotros a trav\u00e9s del tel\u00e9fono <strong>972 788 08<\/strong> o rellene el siguiente formulario especificando las caracter\u00edsticas de lo que necesita:[\/vc_column_text]<a  itemprop=\"url\" href=\"https:\/\/grabalosa.com\/finestres\/es\/presupuesto\/\" target=\"_self\" data-hover-background-color=\"rgba(0,0,0,0.6)\" data-hover-border-color=\"transparent\" data-hover-color=\"#fefefe\" class=\"qbutton  large left white default btn-pressupost btn-pressupost-finestres spu-open-3217\" style=\"color: #ffffff; border-color: transparent; border-radius: 3px;-moz-border-radius: 3px;-webkit-border-radius: 3px; background-color:#1d1d1b;\">SOLICITUD<\/a>[\/vc_column][\/vc_row]<\/p>\n<\/div>","protected":false},"excerpt":{"rendered":"<p>[vc_row css_animation=\u00bb\u00bb row_type=\u00bbrow\u00bb use_row_as_full_screen_section=\u00bbno\u00bb type=\u00bbfull_width\u00bb angled_section=\u00bbno\u00bb text_align=\u00bbleft\u00bb background_image_as_pattern=\u00bbwithout_pattern\u00bb][vc_column][\/vc_column][\/vc_row][vc_row css_animation=\u00bb\u00bb row_type=\u00bbrow\u00bb use_row_as_full_screen_section=\u00bbno\u00bb type=\u00bbgrid\u00bb angled_section=\u00bbno\u00bb text_align=\u00bbleft\u00bb background_image_as_pattern=\u00bbwithout_pattern\u00bb z_index=\u00bb\u00bb css=\u00bb.vc_custom_1544013558499{margin-top: 20px !important;margin-bottom: 20px !important;padding-top: 60px !important;padding-bottom: 60px !important;background-color: #f1f1f1 !important;}\u00bb el_class=\u00bbtres-icones\u00bb][vc_column width=\u00bb1\/3&#8243; el_class=\u00bbicon-pressupost icon-blanc\u00bb offset=\u00bbvc_col-lg-4 vc_col-md-4 vc_col-xs-12&#8243;][vc_raw_html]PGRpdiBjbGFzcz0iaWNvbmEtYW1iLXRleHQiPjxpbWcgaXRlbXByb3A9ImltYWdlIiBzcmM9Imh0dHBzOi8vZ3JhYmFsb3NhLmNvbS93cC1jb250ZW50L3VwbG9hZHMvc2l0ZXMvMi8yMDE4LzExL3ByZXNzdXBvc3QtZ3JhdHVpdC1uZWdyZS5zdmciIGFsdD0iSWNvbm8gZGUgdW5hIGZhY3R1cmEgeSB1bmEgY2FsY3VsYWRvcmEgc2ltYm9saXphbmRvIGVsIHByZXN1cHVlc3RvIGRlIGxhcyB2ZW50YW5hcyI+PGgzPlBSRVNVUFVFU1RPPC9oMz48aDMgY2xhc3M9InctNDAwIj5HUkFUVUlUTzwvaDM+PHA+U29saWNpdGUgcHJlc3VwdWVzdG8gc2luIGNvbXByb21pc28sIHJlbGxlbmFuZG8gdW4gc2VuY2lsbG8gZm9ybXVsYXJpby48L3A+PC9kaXY+[\/vc_raw_html][\/vc_column][vc_column width=\u00bb1\/3&#8243; el_class=\u00bbicon-visita icon-blanc\u00bb offset=\u00bbvc_col-lg-4 vc_col-md-4 vc_col-xs-12&#8243;][vc_raw_html]PGRpdiBjbGFzcz0iaWNvbmEtYW1iLXRleHQiPjxpbWcgaXRlbXByb3A9ImltYWdlIiBzcmM9Imh0dHBzOi8vZ3JhYmFsb3NhLmNvbS93cC1jb250ZW50L3VwbG9hZHMvc2l0ZXMvMi8yMDE4LzExL3Zpc2l0YS1jb21lcmNpYWwtbmVncmUuc3ZnIiBhbHQ9Ikljb25vIGRlIHVuIGRlc3Rvcm5pbGxhZG9yIHkgdW5hIGxsYXZlIGluZ2xlc2EgY3J1emFkYXMgc2ltYm9saXphbmRvIGVsIHNlcnZpY2lvIGRlIHJlcGFyYWNpw7NuIHBvc3R2ZW50YSI+CjxoMyBjbGFzcz0idy00MDAiPlZJU0lUQTwvaDM+CjxoMz5DT01FUkNJQUw8L2gzPgo8cD5Vbm8gZGUgbnVlc3Ryb3MgdMOpY25pY29zIGNvbWVyY2lhbGVzIGxlcyBhc2Vzb3JhcsOhIGNvbiBsYXMgc29sdWNpb25lcyBtw6FzIGFwcm9waWFkYXMuPC9wPjwvZGl2Pg==[\/vc_raw_html][\/vc_column][vc_column width=\u00bb1\/3&#8243; el_class=\u00bbicon-postvenda icon-blanc\u00bb offset=\u00bbvc_col-lg-4 vc_col-md-4&#8230;<\/p>\n","protected":false},"author":1,"featured_media":0,"parent":0,"menu_order":0,"comment_status":"closed","ping_status":"closed","template":"full_width.php","meta":{"footnotes":""},"class_list":["post-6307","page","type-page","status-publish","hentry"],"aioseo_notices":[],"_links":{"self":[{"href":"https:\/\/grabalosa.com\/finestres\/es\/wp-json\/wp\/v2\/pages\/6307","targetHints":{"allow":["GET"]}}],"collection":[{"href":"https:\/\/grabalosa.com\/finestres\/es\/wp-json\/wp\/v2\/pages"}],"about":[{"href":"https:\/\/grabalosa.com\/finestres\/es\/wp-json\/wp\/v2\/types\/page"}],"author":[{"embeddable":true,"href":"https:\/\/grabalosa.com\/finestres\/es\/wp-json\/wp\/v2\/users\/1"}],"replies":[{"embeddable":true,"href":"https:\/\/grabalosa.com\/finestres\/es\/wp-json\/wp\/v2\/comments?post=6307"}],"version-history":[{"count":19,"href":"https:\/\/grabalosa.com\/finestres\/es\/wp-json\/wp\/v2\/pages\/6307\/revisions"}],"predecessor-version":[{"id":11679,"href":"https:\/\/grabalosa.com\/finestres\/es\/wp-json\/wp\/v2\/pages\/6307\/revisions\/11679"}],"wp:attachment":[{"href":"https:\/\/grabalosa.com\/finestres\/es\/wp-json\/wp\/v2\/media?parent=6307"}],"curies":[{"name":"wp","href":"https:\/\/api.w.org\/{rel}","templated":true}]}}