{"id":4181,"date":"2020-05-22T14:08:58","date_gmt":"2020-05-22T12:08:58","guid":{"rendered":"http:\/\/ambdues.cat\/finestres\/contacto\/presupuesto\/"},"modified":"2021-01-21T13:31:33","modified_gmt":"2021-01-21T12:31:33","slug":"presupuesto","status":"publish","type":"page","link":"https:\/\/grabalosa.com\/finestres\/es\/presupuesto\/","title":{"rendered":"Presupuesto"},"content":{"rendered":"<div class=\"wpb-content-wrapper\"><p>[vc_row css_animation=\u00bb\u00bb row_type=\u00bbrow\u00bb use_row_as_full_screen_section=\u00bbyes\u00bb type=\u00bbgrid\u00bb angled_section=\u00bbno\u00bb text_align=\u00bbleft\u00bb background_image_as_pattern=\u00bbwithout_pattern\u00bb z_index=\u00bb\u00bb css=\u00bb.vc_custom_1591960397219{padding-top: 100px !important;padding-bottom: 100px !important;background-color: #f5f5f5 !important;}\u00bb el_class=\u00bbformulari\u00bb][vc_column width=\u00bb5\/6&#8243; offset=\u00bbvc_col-lg-offset-3 vc_col-lg-6 vc_col-md-offset-3 vc_col-md-6 vc_col-sm-offset-1 vc_col-xs-12&#8243;][vc_column_text css=\u00bb.vc_custom_1611232250158{padding-bottom: 10px !important;}\u00bb]<\/p>\n<h2 class=\"h1\"><span class=\"w-400\">Presupuesto<\/span> orientativo<\/h2>\n<p>[\/vc_column_text][vc_column_text css=\u00bb.vc_custom_1591960113839{margin-bottom: 30px !important;}\u00bb]Si necesita un precio orientativo para alguno de nuestros servicios, rellene el siguiente formulario explicando las principales caracter\u00edsticas de lo que desea que le valoremos:[\/vc_column_text]\n<div class=\"wpcf7 no-js\" id=\"wpcf7-f9608-o1\" lang=\"es-ES\" dir=\"ltr\" data-wpcf7-id=\"9608\">\n<div class=\"screen-reader-response\"><p role=\"status\" aria-live=\"polite\" aria-atomic=\"true\"><\/p> <ul><\/ul><\/div>\n<form action=\"\/finestres\/es\/wp-json\/wp\/v2\/pages\/4181#wpcf7-f9608-o1\" method=\"post\" class=\"wpcf7-form init default\" aria-label=\"Formulario de contacto\" enctype=\"multipart\/form-data\" novalidate=\"novalidate\" data-status=\"init\">\n<fieldset class=\"hidden-fields-container\"><input type=\"hidden\" name=\"_wpcf7\" value=\"9608\" \/><input type=\"hidden\" name=\"_wpcf7_version\" value=\"6.1.3\" \/><input type=\"hidden\" name=\"_wpcf7_locale\" value=\"es_ES\" \/><input type=\"hidden\" name=\"_wpcf7_unit_tag\" value=\"wpcf7-f9608-o1\" \/><input type=\"hidden\" name=\"_wpcf7_container_post\" value=\"0\" \/><input type=\"hidden\" name=\"_wpcf7_posted_data_hash\" value=\"\" \/><input type=\"hidden\" name=\"_wpcf7_recaptcha_response\" value=\"\" \/>\n<\/fieldset>\n<div class=\"form-item\">\n\t<p><label>Nombre *<\/label><span class=\"wpcf7-form-control-wrap\" data-name=\"your-name\"><input size=\"40\" maxlength=\"400\" class=\"wpcf7-form-control wpcf7-text wpcf7-validates-as-required\" aria-required=\"true\" aria-invalid=\"false\" value=\"\" type=\"text\" name=\"your-name\" \/><\/span>\n\t<\/p>\n<\/div>\n<div class=\"form-item\">\n\t<p><label>Correo electr\u00f3nico *<\/label><span class=\"wpcf7-form-control-wrap\" data-name=\"your-email\"><input size=\"40\" maxlength=\"400\" class=\"wpcf7-form-control wpcf7-email wpcf7-validates-as-required wpcf7-text wpcf7-validates-as-email\" aria-required=\"true\" aria-invalid=\"false\" value=\"\" type=\"email\" name=\"your-email\" \/><\/span>\n\t<\/p>\n<\/div>\n<div class=\"form-item\">\n\t<p><label>Tel\u00e9fono *<\/label><span class=\"wpcf7-form-control-wrap\" data-name=\"teu-telefon\"><input size=\"40\" maxlength=\"400\" class=\"wpcf7-form-control wpcf7-tel wpcf7-validates-as-required wpcf7-text wpcf7-validates-as-tel\" aria-required=\"true\" aria-invalid=\"false\" value=\"\" type=\"tel\" name=\"teu-telefon\" \/><\/span>\n\t<\/p>\n<\/div>\n<div class=\"form-item\">\n\t<p><label>Localidad *<\/label><span class=\"wpcf7-form-control-wrap\" data-name=\"your-location\"><input size=\"40\" maxlength=\"400\" class=\"wpcf7-form-control wpcf7-text wpcf7-validates-as-required\" aria-required=\"true\" aria-invalid=\"false\" value=\"\" type=\"text\" name=\"your-location\" \/><\/span>\n\t<\/p>\n<\/div>\n<div class=\"form-item\">\n\t<p><label>\u00bfQu\u00e9 necesita? *<\/label><span class=\"wpcf7-form-control-wrap\" data-name=\"your-message\"><textarea cols=\"40\" rows=\"10\" maxlength=\"2000\" class=\"wpcf7-form-control wpcf7-textarea wpcf7-validates-as-required\" aria-required=\"true\" aria-invalid=\"false\" placeholder=\"Especifica las caracter\u00edsticas y las medidas del producto que necesitas\" name=\"your-message\"><\/textarea><\/span>\n\t<\/p>\n<\/div>\n<div class=\"form-item form-item-ultim\">\n\t<p><label> Adjuntar un archivo<span class=\"wpcf7-form-control-wrap\" data-name=\"fitxer-pressupost\"><input size=\"40\" class=\"wpcf7-form-control wpcf7-file\" accept=\"audio\/*,video\/*,image\/*\" aria-invalid=\"false\" type=\"file\" name=\"fitxer-pressupost\" \/><\/span><\/label>\n\t<\/p>\n<\/div>\n<p><span id=\"wpcf7-69e270637510a-wrapper\" class=\"wpcf7-form-control-wrap phone-169-wrap\" ><label for=\"wpcf7-69e270637510a-field\" class=\"hp-message\">Por favor, deja este campo vac\u00edo.<\/label><input id=\"wpcf7-69e270637510a-field\"  class=\"wpcf7-form-control wpcf7-text\" type=\"text\" name=\"phone-169\" value=\"\" size=\"40\" tabindex=\"-1\" autocomplete=\"new-password\" \/><\/span><br \/>\n<span class=\"wpcf7-form-control-wrap\" data-name=\"newsletter\"><span class=\"wpcf7-form-control wpcf7-acceptance optional\"><span class=\"wpcf7-list-item\"><label><input type=\"checkbox\" name=\"newsletter\" value=\"1\" class=\"text-acceptacio\" aria-invalid=\"false\" \/><span class=\"wpcf7-list-item-label\">Quiero recibir informaci\u00f3n comercial sobre los productos, servicios y novedades de Grabalosa, S.L.<\/span><\/label><\/span><\/span><\/span><br \/>\n<span class=\"wpcf7-form-control-wrap\" data-name=\"acceptacio\"><span class=\"wpcf7-form-control wpcf7-acceptance\"><span class=\"wpcf7-list-item\"><label><input type=\"checkbox\" name=\"acceptacio\" value=\"1\" aria-invalid=\"false\" \/><span class=\"wpcf7-list-item-label\">* He le\u00eddo y estoy conforme con la pol\u00edtica de privacidad de este lugar. <a href=\"https:\/\/grabalosa.com\/es\/politica-de-privacidad\/\" target=\"_blank\">Aviso legal y pol\u00edtica de privacidad.<\/a><\/span><\/label><\/span><\/span><\/span>\n<\/p>\n<p class=\"text-acceptacio\">En nombre de la empresa GRABALOSA propietaria del dominio web grabalosa.com, les informamos que tratamos la informaci\u00f3n que se nos facilita en el presente formulario para tal de poder ser efectiva su solicitud de informaci\u00f3n. Los datos proporcionados se conservar\u00e1n mientras se realice el procesamiento de su solicitud de informaci\u00f3n y se le d\u00e9 respuesta. Usted tiene derecho a obtener confirmaci\u00f3n sobre si a GRABALOSA estamos tratando sus datos personales, por lo cual, usted puede acceder a la informaci\u00f3n relacionada con sus datos para rectificarlos o solicitar la anulaci\u00f3n si lo considera oportuno.\n<\/p>\n<p><input class=\"wpcf7-form-control wpcf7-submit has-spinner\" type=\"submit\" value=\"Enviar\" \/>\n<\/p><div class=\"wpcf7-response-output\" aria-hidden=\"true\"><\/div>\n<\/form>\n<\/div>\n[\/vc_column][\/vc_row]<\/p>\n<\/div>","protected":false},"excerpt":{"rendered":"<p>[vc_row css_animation=\u00bb\u00bb row_type=\u00bbrow\u00bb use_row_as_full_screen_section=\u00bbyes\u00bb type=\u00bbgrid\u00bb angled_section=\u00bbno\u00bb text_align=\u00bbleft\u00bb background_image_as_pattern=\u00bbwithout_pattern\u00bb z_index=\u00bb\u00bb css=\u00bb.vc_custom_1591960397219{padding-top: 100px !important;padding-bottom: 100px !important;background-color: #f5f5f5 !important;}\u00bb el_class=\u00bbformulari\u00bb][vc_column width=\u00bb5\/6&#8243; offset=\u00bbvc_col-lg-offset-3 vc_col-lg-6 vc_col-md-offset-3 vc_col-md-6 vc_col-sm-offset-1 vc_col-xs-12&#8243;][vc_column_text css=\u00bb.vc_custom_1611232250158{padding-bottom: 10px !important;}\u00bb] Presupuesto orientativo [\/vc_column_text][vc_column_text css=\u00bb.vc_custom_1591960113839{margin-bottom: 30px !important;}\u00bb]Si necesita un precio orientativo para alguno de nuestros servicios, rellene el siguiente&#8230;<\/p>\n","protected":false},"author":1,"featured_media":0,"parent":0,"menu_order":6,"comment_status":"closed","ping_status":"closed","template":"full_width.php","meta":{"footnotes":""},"class_list":["post-4181","page","type-page","status-publish","hentry"],"aioseo_notices":[],"_links":{"self":[{"href":"https:\/\/grabalosa.com\/finestres\/es\/wp-json\/wp\/v2\/pages\/4181","targetHints":{"allow":["GET"]}}],"collection":[{"href":"https:\/\/grabalosa.com\/finestres\/es\/wp-json\/wp\/v2\/pages"}],"about":[{"href":"https:\/\/grabalosa.com\/finestres\/es\/wp-json\/wp\/v2\/types\/page"}],"author":[{"embeddable":true,"href":"https:\/\/grabalosa.com\/finestres\/es\/wp-json\/wp\/v2\/users\/1"}],"replies":[{"embeddable":true,"href":"https:\/\/grabalosa.com\/finestres\/es\/wp-json\/wp\/v2\/comments?post=4181"}],"version-history":[{"count":0,"href":"https:\/\/grabalosa.com\/finestres\/es\/wp-json\/wp\/v2\/pages\/4181\/revisions"}],"wp:attachment":[{"href":"https:\/\/grabalosa.com\/finestres\/es\/wp-json\/wp\/v2\/media?parent=4181"}],"curies":[{"name":"wp","href":"https:\/\/api.w.org\/{rel}","templated":true}]}}