{"id":4123,"date":"2020-05-22T13:48:32","date_gmt":"2020-05-22T11:48:32","guid":{"rendered":"http:\/\/ambdues.cat\/finestres\/control-solar\/pergoles\/"},"modified":"2020-06-16T13:50:17","modified_gmt":"2020-06-16T11:50:17","slug":"pergoles","status":"publish","type":"page","link":"https:\/\/grabalosa.com\/finestres\/es\/control-solar\/pergoles\/","title":{"rendered":"P\u00e9rgolas"},"content":{"rendered":"<div class=\"wpb-content-wrapper\"><p>[vc_row css_animation=\u00bb\u00bb row_type=\u00bbrow\u00bb use_row_as_full_screen_section=\u00bbno\u00bb type=\u00bbgrid\u00bb angled_section=\u00bbno\u00bb text_align=\u00bbleft\u00bb background_image_as_pattern=\u00bbwithout_pattern\u00bb css=\u00bb.vc_custom_1550535903216{padding-bottom: 0px !important;background-color: #f5f5f5 !important;}\u00bb z_index=\u00bb\u00bb el_class=\u00bbflex-section flex-section-600 titol-producte modul-6-titol m6-400&#8243;][vc_column css_animation=\u00bbleft-to-right\u00bb width=\u00bb1\/2&#8243; el_class=\u00bbtext-producte-6&#8243; offset=\u00bbvc_col-lg-6 vc_col-md-6 vc_col-xs-12 vc_hidden-xs\u00bb][vc_column_text]<\/p>\n<h1 class=\"w-400\">P\u00e9rgolas<\/h1>\n<h1>Lamas fijas o m\u00f3viles<\/h1>\n<p>[\/vc_column_text][vc_column_text el_class=\u00bbicones-text-titol\u00bb]<\/p>\n<ul>\n<li><img decoding=\"async\" class=\"icona icona-s cercle ventilacio\" src=\"https:\/\/grabalosa.com\/finestres\/wp-content\/uploads\/sites\/3\/2018\/07\/ventilacio-regulable.svg\" alt=\"Ventilaci\u00f3n regulable\" \/><span class=\"no-marxis\">Ventilaci\u00f3n regulable<\/span><\/li>\n<li><img decoding=\"async\" class=\"icona icona-s cercle solar\" src=\"https:\/\/grabalosa.com\/finestres\/wp-content\/uploads\/sites\/3\/2018\/07\/proteccio-solar.svg\" alt=\"Protecci\u00f3n solar\" \/><span class=\"no-marxis\">Protecci\u00f3n solar<\/span><\/li>\n<\/ul>\n<p>[\/vc_column_text][\/vc_column][vc_column width=\u00bb1\/2&#8243; el_class=\u00bbimatge-fullw-titol\u00bb offset=\u00bbvc_col-lg-6 vc_col-md-6 vc_col-xs-12 vc_hidden-xs\u00bb css=\u00bb.vc_custom_1591738582387{background-image: url(https:\/\/grabalosa.com\/finestres\/wp-content\/uploads\/sites\/3\/2020\/06\/Camargue_pergola_bioclimatica_renson-scaled-1.jpg?id=9545) !important;background-position: center !important;background-repeat: no-repeat !important;background-size: cover !important;}\u00bb][\/vc_column][\/vc_row][vc_row css_animation=\u00bb\u00bb row_type=\u00bbrow\u00bb use_row_as_full_screen_section=\u00bbno\u00bb type=\u00bbfull_width\u00bb angled_section=\u00bbno\u00bb text_align=\u00bbleft\u00bb background_image_as_pattern=\u00bbwithout_pattern\u00bb css=\u00bb.vc_custom_1550535941336{padding-top: 0px !important;padding-bottom: 0px !important;background-color: #f5f5f5 !important;}\u00bb z_index=\u00bb\u00bb el_class=\u00bbflex-section flex-section-600 titol-producte modul-6-titolm\u00bb][vc_column width=\u00bb1\/2&#8243; el_class=\u00bbimatge-fullw-titol\u00bb offset=\u00bbvc_col-lg-6 vc_hidden-lg vc_col-md-6 vc_hidden-md vc_hidden-sm vc_col-xs-12&#8243; css=\u00bb.vc_custom_1591738613842{background-image: url(https:\/\/grabalosa.com\/finestres\/wp-content\/uploads\/sites\/3\/2020\/06\/Camargue_pergola_bioclimatica_renson-scaled-1.jpg?id=9545) !important;background-position: center !important;background-repeat: no-repeat !important;background-size: cover !important;}\u00bb][\/vc_column][vc_column css_animation=\u00bbleft-to-right\u00bb width=\u00bb1\/2&#8243; el_class=\u00bbtext-producte-6&#8243; offset=\u00bbvc_col-lg-6 vc_hidden-lg vc_col-md-6 vc_hidden-md vc_hidden-sm vc_col-xs-12&#8243; css=\u00bb.vc_custom_1550535954909{padding-top: 45px !important;padding-bottom: 40px !important;}\u00bb][vc_column_text]<\/p>\n<h1 class=\"w-400\">P\u00e9rgolas<\/h1>\n<h1>Lamas fijas o m\u00f3viles<\/h1>\n<p>[\/vc_column_text][vc_column_text el_class=\u00bbicones-text-titol\u00bb]<\/p>\n<ul>\n<li><img decoding=\"async\" class=\"icona icona-s cercle ventilacio\" src=\"https:\/\/grabalosa.com\/finestres\/wp-content\/uploads\/sites\/3\/2018\/07\/ventilacio-regulable.svg\" alt=\"Ventilaci\u00f3n regulable\" \/><span class=\"no-marxis\">Ventilaci\u00f3n regulable<\/span><\/li>\n<li><img decoding=\"async\" class=\"icona icona-s cercle solar\" src=\"https:\/\/grabalosa.com\/finestres\/wp-content\/uploads\/sites\/3\/2018\/07\/proteccio-solar.svg\" alt=\"Protecci\u00f3n solar\" \/><span class=\"no-marxis\">Protecci\u00f3n solar<\/span><\/li>\n<\/ul>\n<p>[\/vc_column_text][\/vc_column][\/vc_row][vc_row css_animation=\u00bb\u00bb row_type=\u00bbrow\u00bb use_row_as_full_screen_section=\u00bbno\u00bb type=\u00bbgrid\u00bb angled_section=\u00bbno\u00bb text_align=\u00bbleft\u00bb background_image_as_pattern=\u00bbwithout_pattern\u00bb css=\u00bb.vc_custom_1531434215737{margin-top: 100px !important;margin-bottom: 100px !important;}\u00bb z_index=\u00bb\u00bb el_class=\u00bbmodul-1&#8243;][vc_column width=\u00bb1\/2&#8243; offset=\u00bbvc_col-lg-6 vc_col-md-6 vc_col-xs-12&#8243;][vc_gallery type=\u00bbflexslider_slide\u00bb interval=\u00bb3&#8243; images=\u00bb4136,4148,4133,4145,4139,4142&#8243; img_size=\u00bbfull\u00bb direction_nav=\u00bbyes\u00bb control_nav=\u00bbno\u00bb show_image_description=\u00bbyes\u00bb pause_on_hover=\u00bbno\u00bb frame=\u00bbno\u00bb el_class=\u00bbgaleria-s-m1&#8243;][\/vc_column][vc_column css_animation=\u00bbright-to-left\u00bb width=\u00bb1\/2&#8243; offset=\u00bbvc_col-lg-6 vc_col-md-6 vc_col-xs-12&#8243;][vc_column_text el_class=\u00bbtext-descriptiu-1 text-left\u00bb]<\/p>\n<h1>Para disfrutar todo el a\u00f1o<\/h1>\n<p>Las p\u00e9rgolas bioclim\u00e1ticas de Met\u00e0l\u00b7liques Grabalosa se basan en un sistema de protecci\u00f3n solar de lamas giratorias y orientables. Esta caracter\u00edstica, que es el principal hecho diferenciador del producto, permite graduar la cantidad de luz y la ventilaci\u00f3n al gusto del usuario. Adem\u00e1s, en caso de lluvia o nieve, se puede cerrar completamente la cubierta y generar un tejado 100% impermeable. De otro lado, incorpora un sistema de evacuaci\u00f3n que hace que el agua resbale hacia las columnas verticales de la p\u00e9rgola.<\/p>\n<p>Este sistema de p\u00e9rgolas proporciona un elemento de protecci\u00f3n solar elegante y pr\u00e1ctico que se adapta a cualquier espacio exterior (terrazas, porches, jardines&#8230;) y que se puede utilizar en cualquier \u00e9poca del a\u00f1o.[\/vc_column_text]<div class=\"qode-accordion-holder clearfix qode-toggle qode-initial \">\n\t<h6 class=\"clearfix qode-title-holder\">\n<span class=\"qode-tab-title\">\n\t    <span class=\"qode-tab-title-inner\">\n        Lee m\u00e1s    <\/span>\n<\/span>\n<span class=\"qode-accordion-mark\">\n    <span class=\"qode-accordion-mark-icon\">\n        <span class=\"icon_plus\"><\/span>\n        <span class=\"icon_minus-06\"><\/span>\n    <\/span>\n<\/span>\n<\/h6>\n<div  class=\"qode-accordion-content \" style=\"padding: 0 0 0 0\">\n    <div class=\"qode-accordion-content-inner\">\n        [vc_column_text el_class=\u00bbtext-descriptiu-1 text-left\u00bb]Ventajas de las p\u00e9rgolas bioclim\u00e1ticas<\/p>\n<p>-Se adaptan a todos los estilos constructivos: contempor\u00e1neo, tradicional y moderno.<br \/>\n-Lamas giratorias que ofrecen una protecci\u00f3n solar adecuada.<br \/>\n-De funcionamiento motorizado sencillo y silencioso.<br \/>\n-Acabados de alta calidad y f\u00e1cil mantenimiento.[\/vc_column_text]    <\/div>\n<\/div><\/div>[\/vc_column][\/vc_row][vc_row css_animation=\u00bb\u00bb row_type=\u00bbrow\u00bb use_row_as_full_screen_section=\u00bbno\u00bb type=\u00bbgrid\u00bb angled_section=\u00bbno\u00bb text_align=\u00bbleft\u00bb background_image_as_pattern=\u00bbwithout_pattern\u00bb z_index=\u00bb\u00bb css=\u00bb.vc_custom_1545132089421{background-color: #f6f6f6 !important;}\u00bb el_class=\u00bbaltres-models modul-porta modul-faqs modul-accord-portes\u00bb][vc_column css=\u00bb.vc_custom_1544029349173{padding-top: 80px !important;padding-bottom: 80px !important;}\u00bb]<div class=\"qode-accordion-holder clearfix qode-toggle qode-initial \">\n\t<h5 class=\"clearfix qode-title-holder\">\n<span class=\"qode-tab-title\">\n\t    <span class=\"qode-tab-title-inner\">\n        Garant\u00eda de calidad    <\/span>\n<\/span>\n<span class=\"qode-accordion-mark\">\n    <span class=\"qode-accordion-mark-icon\">\n        <span class=\"icon_plus\"><\/span>\n        <span class=\"icon_minus-06\"><\/span>\n    <\/span>\n<\/span>\n<\/h5>\n<div  class=\"qode-accordion-content \" style=\"padding: 4px 0 70px 0\">\n    <div class=\"qode-accordion-content-inner\">\n        [vc_column_text el_class=\u00bbac-portes-garantia-qualitat text-left\u00bb]<\/p>\n<h3>GARANT\u00cdA DE CALIDAD<\/h3>\n<p>El sistema dispone del marcaje CE en el proceso de fabricaci\u00f3n. Tambi\u00e9n ha estado sometido a pruebas y ensayos para garantizar la resistencia al viento y a las fuerzas de maniobra seg\u00fan las normativas europeas.<\/p>\n<h4 class=\"h4-little\">HOMOLOGACI\u00d3N<\/h4>\n<ul>\n<li><img decoding=\"async\" src=\"https:\/\/grabalosa.com\/finestres\/wp-content\/uploads\/sites\/3\/2018\/07\/mercat-europeu.svg\" alt=\"Siglas Homologaci\u00f3n Mercado Europeo\" width=\"100\" \/><\/li>\n<li><img decoding=\"async\" src=\"https:\/\/grabalosa.com\/finestres\/wp-content\/uploads\/sites\/3\/2018\/07\/codi-tecnic-construccio.svg\" alt=\"Siglas del C\u00f3digo T\u00e9cnico de la Construcci\u00f3n\" width=\"100\" \/><\/li>\n<\/ul>\n<p>[\/vc_column_text]    <\/div>\n<\/div><\/div>[\/vc_column][\/vc_row][vc_row css_animation=\u00bb\u00bb row_type=\u00bbrow\u00bb use_row_as_full_screen_section=\u00bbyes\u00bb type=\u00bbgrid\u00bb angled_section=\u00bbno\u00bb text_align=\u00bbleft\u00bb background_image_as_pattern=\u00bbwithout_pattern\u00bb css=\u00bb.vc_custom_1531996322139{background-color: #575757 !important;}\u00bb z_index=\u00bb\u00bb el_class=\u00bbmodul-5 p-row\u00bb][vc_column width=\u00bb1\/2&#8243; el_class=\u00bbwhite-t text-m5&#8243; css=\u00bb.vc_custom_1582040975224{padding-top: 65px !important;padding-right: 20px !important;padding-bottom: 65px !important;padding-left: 20px !important;}\u00bb offset=\u00bbvc_col-lg-6 vc_col-md-6 vc_hidden-md vc_hidden-sm vc_col-xs-12 vc_hidden-xs\u00bb][vc_column_text]<\/p>\n<h1>FUNCIONAMIENTO MOTORIZADO<\/h1>\n<h1>SENCILLO Y SILENCIOSO<\/h1>\n<h6><\/h6>\n<p>P\u00e9rgolas bioclim\u00e1ticas que se accionan de manera muy f\u00e1cil, dotadas de un silencioso funcionamiento de lamas orientables que dosifican la entrada de luz y la ventilaci\u00f3n, solo en unos segundos.[\/vc_column_text][vc_column_text el_class=\u00bbicones-text-2l\u00bb]<\/p>\n<ul>\n<li><img decoding=\"async\" class=\"icona icona-m cercle automatitzacio\" src=\"https:\/\/grabalosa.com\/finestres\/wp-content\/uploads\/sites\/3\/2018\/09\/automatismes-blanc-1.svg\" alt=\"Sistemas de automatizaci\u00f3n\" \/><span class=\"white-t\">Sistemas de automatizaci\u00f3n<\/span><\/li>\n<\/ul>\n<p>[\/vc_column_text][\/vc_column][vc_column width=\u00bb1\/2&#8243; el_class=\u00bbwhite-t imatge-m5&#8243; css=\u00bb.vc_custom_1531996547134{padding-right: 0px !important;padding-left: 0px !important;}\u00bb offset=\u00bbvc_col-lg-6 vc_col-md-6 vc_hidden-md vc_hidden-sm vc_col-xs-12 vc_hidden-xs\u00bb][vc_single_image image=\u00bb4130&#8243; img_size=\u00bbfull\u00bb alignment=\u00bbcenter\u00bb qode_css_animation=\u00bb\u00bb][\/vc_column][\/vc_row][vc_row css_animation=\u00bb\u00bb row_type=\u00bbrow\u00bb use_row_as_full_screen_section=\u00bbyes\u00bb type=\u00bbfull_width\u00bb angled_section=\u00bbno\u00bb text_align=\u00bbleft\u00bb background_image_as_pattern=\u00bbwithout_pattern\u00bb css=\u00bb.vc_custom_1531996054910{background-color: #575757 !important;}\u00bb z_index=\u00bb\u00bb el_class=\u00bbmodul-5&#8243;][vc_column width=\u00bb1\/2&#8243; el_class=\u00bbwhite-t text-m5&#8243; css=\u00bb.vc_custom_1538240961206{padding-top: 50px !important;padding-right: 20px !important;padding-bottom: 50px !important;padding-left: 20px !important;}\u00bb offset=\u00bbvc_col-lg-6 vc_hidden-lg vc_col-md-6 vc_col-xs-12&#8243;][vc_column_text]<\/p>\n<h1>FUNCIONAMIENTO MOTORIZADO<\/h1>\n<h1>SENCILLO Y SILENCIOSO<\/h1>\n<h6><\/h6>\n<p>P\u00e9rgolas bioclim\u00e1ticas que se accionan de manera muy f\u00e1cil, dotadas de un silencioso funcionamiento de lamas orientables que dosifican la entrada de luz y la ventilaci\u00f3n, solo en unos segundos.[\/vc_column_text][vc_column_text el_class=\u00bbicones-text-2l\u00bb]<\/p>\n<ul>\n<li><img decoding=\"async\" class=\"icona icona-m cercle automatitzacio\" src=\"https:\/\/grabalosa.com\/finestres\/wp-content\/uploads\/sites\/3\/2018\/09\/automatismes-blanc-1.svg\" alt=\"Sistemas de automatizaci\u00f3n\" \/><span class=\"white-t\">Sistemas de automatizaci\u00f3n<\/span><\/li>\n<\/ul>\n<p>[\/vc_column_text][\/vc_column][vc_column width=\u00bb1\/2&#8243; el_class=\u00bbwhite-t imatge-m5&#8243; css=\u00bb.vc_custom_1531996571629{padding-right: 0px !important;padding-left: 0px !important;}\u00bb offset=\u00bbvc_col-lg-6 vc_hidden-lg vc_col-md-6 vc_col-xs-12&#8243;][vc_single_image image=\u00bb4130&#8243; img_size=\u00bbfull\u00bb alignment=\u00bbcenter\u00bb qode_css_animation=\u00bb\u00bb][\/vc_column][\/vc_row][vc_row css_animation=\u00bb\u00bb row_type=\u00bbrow\u00bb use_row_as_full_screen_section=\u00bbyes\u00bb type=\u00bbgrid\u00bb angled_section=\u00bbno\u00bb text_align=\u00bbleft\u00bb background_image_as_pattern=\u00bbwithout_pattern\u00bb css=\u00bb.vc_custom_1538216246763{padding-top: 70px !important;padding-bottom: 70px !important;background-color: #ffffff !important;}\u00bb z_index=\u00bb\u00bb el_class=\u00bbmodul-3&#8243;][vc_column el_class=\u00bbassessor\u00bb offset=\u00bbvc_col-lg-offset-2 vc_col-lg-8 vc_col-md-offset-2 vc_col-md-8 vc_col-sm-offset-0 vc_col-xs-12&#8243;][vc_column_text el_class=\u00bbtext-left text-descriptiu-3&#8243;]<\/p>\n<h5>ATENCI\u00d3N AL CLIENTE<\/h5>\n<p>[\/vc_column_text][vc_column_text el_class=\u00bbtext-left text-descriptiu-3&#8243;]<\/p>\n<h1>Asesoramiento gratuito<\/h1>\n<p>Si est\u00e1 interesado en las p\u00e9rgolas bioclim\u00e1ticas o necesita m\u00e1s informaci\u00f3n, puede ponerse en contacto con nosotros y le asesoraremos gratuitamente para encontrar la opci\u00f3n que m\u00e1s se adapta a sus necesidades.[\/vc_column_text][vc_row_inner row_type=\u00bbrow\u00bb type=\u00bbfull_width\u00bb text_align=\u00bbleft\u00bb css_animation=\u00bb\u00bb css=\u00bb.vc_custom_1528016690302{margin-top: 40px !important;}\u00bb][vc_column_inner width=\u00bb1\/2&#8243; offset=\u00bbvc_col-lg-6 vc_col-md-6 vc_col-xs-12&#8243;]\n\n\t<a href=\"https:\/\/grabalosa.com\/finestres\/contacte\/#formulari\" target=\"_self\" style=\"color: #ffffff;background-color: #1d1d1b;font-size: 16px;font-weight: 300;text-transform: uppercase;font-style: normal\" class=\"qode-btn qode-btn-medium qode-btn-solid qode-btn-custom-hover-bg qode-btn-custom-hover-color qode-btn-icon boto-assessor spu-open-3230 qode-btn-default-hover\" data-hover-bg-color=\"#555555\" data-hover-color=\"#f2f2f2\" >\n\t    <span class=\"qode-btn-text\">CONT\u00c1CTENOS<\/span><span class=\"qode-button-v2-icon-holder\" style=\"font-size: 16px\" ><i class=\"qode_icon_font_awesome fa fa-envelope qode-button-v2-icon-holder-inner\" ><\/i><\/span>\t<\/a>\n\n[\/vc_column_inner][vc_column_inner width=\u00bb1\/2&#8243; offset=\u00bbvc_col-lg-6 vc_col-md-6 vc_col-xs-12&#8243;]\n\n\t<a href=\"tel:+34972788028\" target=\"_self\" style=\"color: #ffffff;background-color: #1d1d1b;font-size: 16px;font-weight: 300;text-transform: uppercase;font-style: normal\" class=\"qode-btn qode-btn-medium qode-btn-solid qode-btn-custom-hover-bg qode-btn-custom-hover-color qode-btn-icon boto-assessor qode-btn-default-hover\" data-hover-bg-color=\"#555555\" data-hover-color=\"#f2f2f2\" >\n\t    <span class=\"qode-btn-text\">(34) 972 788 028<\/span><span class=\"qode-button-v2-icon-holder\" style=\"font-size: 16px\" ><i class=\"qode_icon_font_awesome fa fa-phone qode-button-v2-icon-holder-inner\" ><\/i><\/span>\t<\/a>\n\n[\/vc_column_inner][\/vc_row_inner][\/vc_column][\/vc_row]<\/p>\n<\/div>","protected":false},"excerpt":{"rendered":"<p>[vc_row css_animation=\u00bb\u00bb row_type=\u00bbrow\u00bb use_row_as_full_screen_section=\u00bbno\u00bb type=\u00bbgrid\u00bb angled_section=\u00bbno\u00bb text_align=\u00bbleft\u00bb background_image_as_pattern=\u00bbwithout_pattern\u00bb css=\u00bb.vc_custom_1550535903216{padding-bottom: 0px !important;background-color: #f5f5f5 !important;}\u00bb z_index=\u00bb\u00bb el_class=\u00bbflex-section flex-section-600 titol-producte modul-6-titol m6-400&#8243;][vc_column css_animation=\u00bbleft-to-right\u00bb width=\u00bb1\/2&#8243; el_class=\u00bbtext-producte-6&#8243; offset=\u00bbvc_col-lg-6 vc_col-md-6 vc_col-xs-12 vc_hidden-xs\u00bb][vc_column_text] P\u00e9rgolas Lamas fijas o m\u00f3viles [\/vc_column_text][vc_column_text el_class=\u00bbicones-text-titol\u00bb] Ventilaci\u00f3n regulable Protecci\u00f3n solar [\/vc_column_text][\/vc_column][vc_column width=\u00bb1\/2&#8243; el_class=\u00bbimatge-fullw-titol\u00bb offset=\u00bbvc_col-lg-6 vc_col-md-6 vc_col-xs-12 vc_hidden-xs\u00bb css=\u00bb.vc_custom_1591738582387{background-image:&#8230;<\/p>\n","protected":false},"author":1,"featured_media":0,"parent":3959,"menu_order":5,"comment_status":"closed","ping_status":"closed","template":"full_width.php","meta":{"footnotes":""},"class_list":["post-4123","page","type-page","status-publish","hentry"],"aioseo_notices":[],"_links":{"self":[{"href":"https:\/\/grabalosa.com\/finestres\/es\/wp-json\/wp\/v2\/pages\/4123","targetHints":{"allow":["GET"]}}],"collection":[{"href":"https:\/\/grabalosa.com\/finestres\/es\/wp-json\/wp\/v2\/pages"}],"about":[{"href":"https:\/\/grabalosa.com\/finestres\/es\/wp-json\/wp\/v2\/types\/page"}],"author":[{"embeddable":true,"href":"https:\/\/grabalosa.com\/finestres\/es\/wp-json\/wp\/v2\/users\/1"}],"replies":[{"embeddable":true,"href":"https:\/\/grabalosa.com\/finestres\/es\/wp-json\/wp\/v2\/comments?post=4123"}],"version-history":[{"count":0,"href":"https:\/\/grabalosa.com\/finestres\/es\/wp-json\/wp\/v2\/pages\/4123\/revisions"}],"up":[{"embeddable":true,"href":"https:\/\/grabalosa.com\/finestres\/es\/wp-json\/wp\/v2\/pages\/3959"}],"wp:attachment":[{"href":"https:\/\/grabalosa.com\/finestres\/es\/wp-json\/wp\/v2\/media?parent=4123"}],"curies":[{"name":"wp","href":"https:\/\/api.w.org\/{rel}","templated":true}]}}