{"id":3778,"date":"2020-05-22T12:07:48","date_gmt":"2020-05-22T10:07:48","guid":{"rendered":"http:\/\/ambdues.cat\/finestres\/ventanas\/tejados-terrazas-y-fachadas\/"},"modified":"2020-06-30T09:45:04","modified_gmt":"2020-06-30T07:45:04","slug":"tejados-terrazas-y-fachadas","status":"publish","type":"page","link":"https:\/\/grabalosa.com\/finestres\/es\/tejados-terrazas-y-fachadas\/","title":{"rendered":"Tejados, terrazas y fachadas"},"content":{"rendered":"<div class=\"wpb-content-wrapper\"><p>[vc_row css_animation=\u00bb\u00bb row_type=\u00bbrow\u00bb use_row_as_full_screen_section=\u00bbyes\u00bb type=\u00bbgrid\u00bb angled_section=\u00bbno\u00bb text_align=\u00bbleft\u00bb background_image_as_pattern=\u00bbwithout_pattern\u00bb css=\u00bb.vc_custom_1582022147815{padding-top: 20px !important;padding-bottom: 50px !important;background-color: #ececec !important;}\u00bb z_index=\u00bb\u00bb el_class=\u00bbtitol-producte multiproducte flex-section flex-section-768-ordres modul-6-titolm\u00bb][vc_column width=\u00bb7\/12&#8243; el_class=\u00bbtext-producte ordre-1md\u00bb offset=\u00bbvc_col-lg-6 vc_col-md-6 vc_col-xs-12&#8243;][vc_column_text]<\/p>\n<h1 class=\"w-400\">Muro cortina<\/h1>\n<h1>Fachadas infinitas<\/h1>\n<p>En Met\u00e0l.liques Grabalosa fabricamos una nueva generaci\u00f3n de fachadas acristaladas, basadas en el sistema de muro cortina, con tapetas o tradicional, con sistema de ala de avi\u00f3n o estructural.[\/vc_column_text][vc_column_text el_class=\u00bbicones-text-2l\u00bb]<\/p>\n<ul>\n<li><img decoding=\"async\" class=\"icona icona-s cercle automatitzacio\" src=\"https:\/\/grabalosa.com\/finestres\/wp-content\/uploads\/sites\/3\/2018\/07\/sistemes-automatitzacio-1.svg\" alt=\"Icono Sistemas de automatizaci\u00f3n - Met\u00e0l\u00b7liques Grabalosa\" \/><span class=\"no-marxis\">Sistemas de automatizaci\u00f3n<\/span><\/li>\n<li><img decoding=\"async\" class=\"icona icona-s cercle dif\" src=\"https:\/\/grabalosa.com\/finestres\/wp-content\/uploads\/sites\/3\/2018\/09\/innovacio.svg\" alt=\"Icono innovaci\u00f3n - Met\u00e0l\u00b7liques Grabalosa\" \/><span class=\"no-marxis\">Innovaci\u00f3n<\/span><\/li>\n<\/ul>\n<p>[\/vc_column_text]<a  itemprop=\"url\" href=\"https:\/\/grabalosa.com\/finestres\/es\/tejados-terrazas-y-fachadas\/muro-cortina\/\" target=\"_self\" data-hover-background-color=\"#1d1d1b\" data-hover-border-color=\"#1d1d1b\" data-hover-color=\"#ffffff\" class=\"qbutton  small center white default boto-multiproducte\" style=\"color: #1d1d1b; border-color: #1d1d1b; border-radius: 3px;-moz-border-radius: 3px;-webkit-border-radius: 3px; \">M\u00c1S INFORMACI\u00d3N<\/a>[\/vc_column][vc_column width=\u00bb5\/12&#8243; el_class=\u00bbimatge-producte ordre-2md\u00bb offset=\u00bbvc_col-lg-6 vc_col-md-6 vc_col-xs-12&#8243;][vc_single_image image=\u00bb3804&#8243; img_size=\u00bbfull\u00bb alignment=\u00bbright\u00bb qode_css_animation=\u00bb\u00bb el_class=\u00bbimatge-caract-1&#8243;][\/vc_column][\/vc_row][vc_row css_animation=\u00bb\u00bb row_type=\u00bbrow\u00bb use_row_as_full_screen_section=\u00bbyes\u00bb type=\u00bbgrid\u00bb angled_section=\u00bbno\u00bb text_align=\u00bbleft\u00bb background_image_as_pattern=\u00bbwithout_pattern\u00bb css=\u00bb.vc_custom_1582022157501{background-color: #ffffff !important;}\u00bb z_index=\u00bb\u00bb el_class=\u00bbtitol-producte multiproducte flex-section flex-section-768-ordres modul-6-titolm\u00bb][vc_column width=\u00bb5\/12&#8243; el_class=\u00bbimatge-producte ordre-2md\u00bb offset=\u00bbvc_col-lg-6 vc_col-md-6 vc_col-xs-12&#8243; css=\u00bb.vc_custom_1582022226378{padding-right: 0px !important;padding-left: 0px !important;}\u00bb][vc_single_image image=\u00bb4894&#8243; img_size=\u00bbfull\u00bb qode_css_animation=\u00bb\u00bb el_class=\u00bbimg-terrassa\u00bb][\/vc_column][vc_column width=\u00bb7\/12&#8243; el_class=\u00bbtext-producte ordre-1md\u00bb offset=\u00bbvc_col-lg-6 vc_col-md-6 vc_col-xs-12&#8243; css=\u00bb.vc_custom_1582022231819{padding-top: 50px !important;padding-bottom: 50px !important;}\u00bb][vc_column_text]<\/p>\n<h1 class=\"w-400\">Cierres de terrazas<\/h1>\n<h1>Para disfrutar todo el a\u00f1o<\/h1>\n<p>Los cierres de terraza con cristal son una soluci\u00f3n tanto para las viviendas residenciales como para los negocios. Permiten ganar espacio habilitando una zona que, en circunstancias normales, s\u00f3lo se podr\u00eda utilizar durante una \u00e9poca determinada del a\u00f1o.[\/vc_column_text][vc_column_text el_class=\u00bbicones-text-2l\u00bb]<\/p>\n<ul>\n<li><img decoding=\"async\" class=\"icona icona-s cercle optimitzacio\" src=\"https:\/\/grabalosa.com\/finestres\/wp-content\/uploads\/sites\/3\/2018\/07\/optimitzacio-espai.svg\" alt=\"Icono Optimizaci\u00f3n del espacio - Met\u00e0l\u00b7liques Grabalosa\" \/><span class=\"no-marxis\">Optimizaci\u00f3n del espacio<\/span><\/li>\n<li><img decoding=\"async\" class=\"icona icona-s cercle dif\" src=\"https:\/\/grabalosa.com\/finestres\/wp-content\/uploads\/sites\/3\/2018\/07\/disseny-funcionalitat.svg\" alt=\"Icono dise\u00f1o y funcionalidad - Met\u00e0l\u00b7liques Grabalosa\" \/><span class=\"no-marxis\">Dise\u00f1o y funcionalidad<\/span><\/li>\n<\/ul>\n<p>[\/vc_column_text]<a  itemprop=\"url\" href=\"https:\/\/grabalosa.com\/finestres\/es\/productos-ventanas\/tejados-terrazas-y-fachadas\/terrazas\/\" target=\"_self\" data-hover-background-color=\"#1d1d1b\" data-hover-border-color=\"#1d1d1b\" data-hover-color=\"#ffffff\" class=\"qbutton  small center white default boto-multiproducte\" style=\"color: #1d1d1b; border-color: #1d1d1b; border-radius: 3px;-moz-border-radius: 3px;-webkit-border-radius: 3px; \">M\u00c1S INFORMACI\u00d3N<\/a>[\/vc_column][\/vc_row][vc_row css_animation=\u00bb\u00bb row_type=\u00bbrow\u00bb use_row_as_full_screen_section=\u00bbyes\u00bb type=\u00bbgrid\u00bb angled_section=\u00bbno\u00bb text_align=\u00bbleft\u00bb background_image_as_pattern=\u00bbwithout_pattern\u00bb css=\u00bb.vc_custom_1582022169393{padding-top: 50px !important;padding-bottom: 50px !important;background-color: #ececec !important;}\u00bb z_index=\u00bb\u00bb el_class=\u00bbtitol-producte multiproducte flex-section flex-section-768-ordres modul-6-titolm\u00bb][vc_column width=\u00bb7\/12&#8243; el_class=\u00bbtext-producte ordre-1md\u00bb offset=\u00bbvc_col-lg-7 vc_col-md-7 vc_col-xs-12&#8243;][vc_column_text]<\/p>\n<h1 class=\"w-400\">Tejado m\u00f3vil<\/h1>\n<h1>para galerias y verandas<\/h1>\n<p>Los tejados m\u00f3viles acristalados son una soluci\u00f3n tanto para viviendas residenciales como para negocios y que permiten ganar espacio y disfrutar de zonas que no ser\u00edan \u00fatiles seg\u00fan la \u00e9poca del a\u00f1o.[\/vc_column_text][vc_column_text el_class=\u00bbicones-text-2l\u00bb]<\/p>\n<ul>\n<li><img decoding=\"async\" class=\"icona icona-s cercle automatitzacio\" src=\"https:\/\/grabalosa.com\/finestres\/wp-content\/uploads\/sites\/3\/2018\/07\/sistemes-automatitzacio-1.svg\" alt=\"Icono Sistemas de automatizaci\u00f3n - Met\u00e0l\u00b7liques Grabalosa\" \/><span class=\"no-marxis\">Sistemas de automatizaci\u00f3n<\/span><\/li>\n<li><img decoding=\"async\" class=\"icona icona-s cercle llum\" src=\"https:\/\/grabalosa.com\/finestres\/wp-content\/uploads\/sites\/3\/2018\/07\/llum-natural.svg\" alt=\"Icono luz natural - Met\u00e0l\u00b7liques Grabalosa\" \/><span class=\"no-marxis\">Luz natural<\/span><\/li>\n<li><img decoding=\"async\" class=\"icona icona-s cercle eficiencia\" src=\"https:\/\/grabalosa.com\/finestres\/wp-content\/uploads\/sites\/3\/2018\/07\/maxima-eficiencia.svg\" alt=\"Icono m\u00e1xima efici\u00e9ncia - Met\u00e0l\u00b7liques Grabalosa\" \/><span class=\"no-marxis\">M\u00e1xima efici\u00e9ncia<\/span><\/li>\n<\/ul>\n<p>[\/vc_column_text]<a  itemprop=\"url\" href=\"https:\/\/grabalosa.com\/finestres\/es\/productos-ventanas\/tejados-terrazas-y-fachadas\/tejado-movil-y-claraboyas\/\" target=\"_self\" data-hover-background-color=\"#1d1d1b\" data-hover-border-color=\"#1d1d1b\" data-hover-color=\"#ffffff\" class=\"qbutton  small center white default boto-multiproducte\" style=\"color: #1d1d1b; border-color: #1d1d1b; border-radius: 3px;-moz-border-radius: 3px;-webkit-border-radius: 3px; \">M\u00c1S INFORMACI\u00d3N<\/a>[\/vc_column][vc_column width=\u00bb5\/12&#8243; el_class=\u00bbimatge-producte ordre-2md\u00bb offset=\u00bbvc_col-lg-5 vc_col-md-5 vc_col-xs-12&#8243; css=\u00bb.vc_custom_1582022249417{padding-left: 50px !important;}\u00bb][vc_single_image image=\u00bb4892&#8243; img_size=\u00bbfull\u00bb qode_css_animation=\u00bb\u00bb el_class=\u00bbimatge-caract-1&#8243;][\/vc_column][\/vc_row][vc_row css_animation=\u00bb\u00bb row_type=\u00bbrow\u00bb use_row_as_full_screen_section=\u00bbyes\u00bb type=\u00bbgrid\u00bb angled_section=\u00bbno\u00bb text_align=\u00bbleft\u00bb background_image_as_pattern=\u00bbwithout_pattern\u00bb css=\u00bb.vc_custom_1582022180756{padding-top: 50px !important;padding-bottom: 50px !important;background-color: #ffffff !important;}\u00bb z_index=\u00bb\u00bb el_class=\u00bbtitol-producte multiproducte flex-section flex-section-768-ordres modul-6-titolm\u00bb][vc_column width=\u00bb7\/12&#8243; el_class=\u00bbimatge-producte ordre-2md\u00bb offset=\u00bbvc_col-lg-6 vc_col-md-6 vc_col-xs-12&#8243;][vc_single_image image=\u00bb4888&#8243; img_size=\u00bbfull\u00bb qode_css_animation=\u00bb\u00bb el_class=\u00bbimatge-caract-1&#8243;][\/vc_column][vc_column width=\u00bb7\/12&#8243; el_class=\u00bbtext-producte ordre-1md\u00bb offset=\u00bbvc_col-lg-6 vc_col-md-6 vc_col-xs-12&#8243;][vc_column_text]<\/p>\n<h1 class=\"w-400\">Barandillas<\/h1>\n<h1 class=\"w-400\">minimalistas<\/h1>\n<p>Barandillas y protecci\u00f3n minimalistas para escaleras, de protecci\u00f3n de accesos, para espacios p\u00fablicos, para balcones y barandillas interiores, para exteriores.[\/vc_column_text][vc_column_text el_class=\u00bbicones-text-2l\u00bb]<\/p>\n<ul>\n<li><img decoding=\"async\" class=\"icona icona-s cercle resistencia\" src=\"https:\/\/grabalosa.com\/finestres\/wp-content\/uploads\/sites\/3\/2018\/07\/resistencia-durabilitat.svg\" alt=\"Icono Resist\u00e9ncia y durabilidad - Met\u00e0l\u00b7liques Grabalosa\" \/><span class=\"no-marxis\">Resist\u00e9ncia y durabilidad<\/span><\/li>\n<li><img decoding=\"async\" class=\"icona icona-s cercle dif\" src=\"https:\/\/grabalosa.com\/finestres\/wp-content\/uploads\/sites\/3\/2018\/07\/disseny-funcionalitat.svg\" alt=\"Icono dise\u00f1o y funcionalidad - Met\u00e0l\u00b7liques Grabalosa\" \/><span class=\"no-marxis\">Dise\u00f1o y funcionalidad<\/span><\/li>\n<\/ul>\n<p>[\/vc_column_text]<a  itemprop=\"url\" href=\"https:\/\/grabalosa.com\/finestres\/es\/productos-ventanas\/tejados-terrazas-y-fachadas\/barandillas\/\" target=\"_self\" data-hover-background-color=\"#1d1d1b\" data-hover-border-color=\"#1d1d1b\" data-hover-color=\"#ffffff\" class=\"qbutton  small center white default boto-multiproducte\" style=\"color: #1d1d1b; border-color: #1d1d1b; border-radius: 3px;-moz-border-radius: 3px;-webkit-border-radius: 3px; \">M\u00c1S INFORMACI\u00d3N<\/a>[\/vc_column][\/vc_row][vc_row css_animation=\u00bb\u00bb row_type=\u00bbrow\u00bb use_row_as_full_screen_section=\u00bbyes\u00bb type=\u00bbgrid\u00bb angled_section=\u00bbno\u00bb text_align=\u00bbleft\u00bb background_image_as_pattern=\u00bbwithout_pattern\u00bb css=\u00bb.vc_custom_1537550429227{padding-top: 70px !important;padding-bottom: 70px !important;background-color: #f1f1f1 !important;}\u00bb z_index=\u00bb\u00bb el_class=\u00bbmodul-3&#8243;][vc_column el_class=\u00bbassessor\u00bb offset=\u00bbvc_col-lg-offset-2 vc_col-lg-8 vc_col-md-offset-2 vc_col-md-8 vc_col-sm-offset-0 vc_col-xs-12&#8243;][vc_column_text el_class=\u00bbtext-left text-descriptiu-3&#8243;]<\/p>\n<h5>ATENCI\u00d3N AL CLIENTE<\/h5>\n<p>[\/vc_column_text][vc_column_text el_class=\u00bbtext-left text-descriptiu-3&#8243;]<\/p>\n<h1>Asesoramiento gratuito<\/h1>\n<div>Si est\u00e1 interesado en este tipo de producto, puede ponerse en contacto con nosotros y le asesoraremos gratuitamente para encontrar la opci\u00f3n m\u00e1s adecuada a sus necesidades.<\/div>\n<p>[\/vc_column_text][vc_row_inner row_type=\u00bbrow\u00bb type=\u00bbfull_width\u00bb text_align=\u00bbleft\u00bb css_animation=\u00bb\u00bb css=\u00bb.vc_custom_1528016690302{margin-top: 40px !important;}\u00bb][vc_column_inner width=\u00bb1\/2&#8243; offset=\u00bbvc_col-lg-6 vc_col-md-6 vc_col-xs-12&#8243;]\n\n\t<a href=\"https:\/\/grabalosa.com\/finestres\/contacto\/#formulari\" target=\"_self\" style=\"color: #ffffff;background-color: #1d1d1b;font-size: 16px;font-weight: 300;text-transform: uppercase;font-style: normal\" class=\"qode-btn qode-btn-medium qode-btn-solid qode-btn-custom-hover-bg qode-btn-custom-hover-color qode-btn-icon boto-assessor spu-open-3230 qode-btn-default-hover\" data-hover-bg-color=\"#555555\" data-hover-color=\"#f2f2f2\" >\n\t    <span class=\"qode-btn-text\">CONT\u00c1CTENOS<\/span><span class=\"qode-button-v2-icon-holder\" style=\"font-size: 16px\" ><i class=\"qode_icon_font_awesome fa fa-envelope qode-button-v2-icon-holder-inner\" ><\/i><\/span>\t<\/a>\n\n[\/vc_column_inner][vc_column_inner width=\u00bb1\/2&#8243; offset=\u00bbvc_col-lg-6 vc_col-md-6 vc_col-xs-12&#8243;]\n\n\t<a href=\"tel:+34972788028\" target=\"_self\" style=\"color: #ffffff;background-color: #1d1d1b;font-size: 16px;font-weight: 300;text-transform: uppercase;font-style: normal\" class=\"qode-btn qode-btn-medium qode-btn-solid qode-btn-custom-hover-bg qode-btn-custom-hover-color qode-btn-icon boto-assessor qode-btn-default-hover\" data-hover-bg-color=\"#555555\" data-hover-color=\"#f2f2f2\" >\n\t    <span class=\"qode-btn-text\">(34) 972 788 028<\/span><span class=\"qode-button-v2-icon-holder\" style=\"font-size: 16px\" ><i class=\"qode_icon_font_awesome fa fa-phone qode-button-v2-icon-holder-inner\" ><\/i><\/span>\t<\/a>\n\n[\/vc_column_inner][\/vc_row_inner][\/vc_column][\/vc_row]<\/p>\n<\/div>","protected":false},"excerpt":{"rendered":"<p>[vc_row css_animation=\u00bb\u00bb row_type=\u00bbrow\u00bb use_row_as_full_screen_section=\u00bbyes\u00bb type=\u00bbgrid\u00bb angled_section=\u00bbno\u00bb text_align=\u00bbleft\u00bb background_image_as_pattern=\u00bbwithout_pattern\u00bb css=\u00bb.vc_custom_1582022147815{padding-top: 20px !important;padding-bottom: 50px !important;background-color: #ececec !important;}\u00bb z_index=\u00bb\u00bb el_class=\u00bbtitol-producte multiproducte flex-section flex-section-768-ordres modul-6-titolm\u00bb][vc_column width=\u00bb7\/12&#8243; el_class=\u00bbtext-producte ordre-1md\u00bb offset=\u00bbvc_col-lg-6 vc_col-md-6 vc_col-xs-12&#8243;][vc_column_text] Muro cortina Fachadas infinitas En Met\u00e0l.liques Grabalosa fabricamos una nueva generaci\u00f3n de fachadas acristaladas, basadas en el sistema&#8230;<\/p>\n","protected":false},"author":1,"featured_media":0,"parent":0,"menu_order":4,"comment_status":"closed","ping_status":"closed","template":"full_width.php","meta":{"footnotes":""},"class_list":["post-3778","page","type-page","status-publish","hentry"],"aioseo_notices":[],"_links":{"self":[{"href":"https:\/\/grabalosa.com\/finestres\/es\/wp-json\/wp\/v2\/pages\/3778","targetHints":{"allow":["GET"]}}],"collection":[{"href":"https:\/\/grabalosa.com\/finestres\/es\/wp-json\/wp\/v2\/pages"}],"about":[{"href":"https:\/\/grabalosa.com\/finestres\/es\/wp-json\/wp\/v2\/types\/page"}],"author":[{"embeddable":true,"href":"https:\/\/grabalosa.com\/finestres\/es\/wp-json\/wp\/v2\/users\/1"}],"replies":[{"embeddable":true,"href":"https:\/\/grabalosa.com\/finestres\/es\/wp-json\/wp\/v2\/comments?post=3778"}],"version-history":[{"count":0,"href":"https:\/\/grabalosa.com\/finestres\/es\/wp-json\/wp\/v2\/pages\/3778\/revisions"}],"wp:attachment":[{"href":"https:\/\/grabalosa.com\/finestres\/es\/wp-json\/wp\/v2\/media?parent=3778"}],"curies":[{"name":"wp","href":"https:\/\/api.w.org\/{rel}","templated":true}]}}