{"id":3610,"date":"2020-05-22T11:26:35","date_gmt":"2020-05-22T09:26:35","guid":{"rendered":"http:\/\/ambdues.cat\/finestres\/ventanas\/ventanas-pvc\/"},"modified":"2020-06-16T13:50:15","modified_gmt":"2020-06-16T11:50:15","slug":"ventanas-pvc","status":"publish","type":"page","link":"https:\/\/grabalosa.com\/finestres\/es\/productos-ventanas\/ventanas-pvc\/","title":{"rendered":"Ventanas PVC"},"content":{"rendered":"<div class=\"wpb-content-wrapper\"><p>[vc_row css_animation=\u00bb\u00bb row_type=\u00bbrow\u00bb use_row_as_full_screen_section=\u00bbno\u00bb type=\u00bbgrid\u00bb angled_section=\u00bbno\u00bb text_align=\u00bbleft\u00bb background_image_as_pattern=\u00bbwithout_pattern\u00bb css=\u00bb.vc_custom_1550745931287{padding-bottom: 40px !important;background-color: #ececec !important;}\u00bb z_index=\u00bb\u00bb el_class=\u00bbtitol-producte flex-section flex-section-600&#8243;][vc_column width=\u00bb5\/12&#8243; offset=\u00bbvc_col-lg-6 vc_col-md-6 vc_col-xs-12&#8243;][vc_column_text]<\/p>\n<h1 class=\"w-400\">Ventanas de PVC<\/h1>\n<h1>Funcionalidad y precio<\/h1>\n<p>[\/vc_column_text][\/vc_column][vc_column width=\u00bb7\/12&#8243; offset=\u00bbvc_col-lg-6 vc_col-md-6 vc_col-xs-12&#8243;][vc_single_image image=\u00bb3645&#8243; img_size=\u00bbfull\u00bb alignment=\u00bbcenter\u00bb qode_css_animation=\u00bb\u00bb el_class=\u00bbimatge-caract-1&#8243;][\/vc_column][\/vc_row][vc_row css_animation=\u00bb\u00bb row_type=\u00bbrow\u00bb use_row_as_full_screen_section=\u00bbno\u00bb type=\u00bbgrid\u00bb angled_section=\u00bbno\u00bb text_align=\u00bbleft\u00bb background_image_as_pattern=\u00bbwithout_pattern\u00bb css=\u00bb.vc_custom_1545160283181{padding-top: 100px !important;padding-bottom: 100px !important;}\u00bb z_index=\u00bb\u00bb el_class=\u00bbmodul-1&#8243;][vc_column width=\u00bb1\/2&#8243; offset=\u00bbvc_col-lg-6 vc_col-md-6 vc_col-xs-12&#8243;][vc_gallery type=\u00bbflexslider_slide\u00bb interval=\u00bb3&#8243; images=\u00bb3642,3639,3636,3633&#8243; img_size=\u00bbfull\u00bb direction_nav=\u00bbyes\u00bb control_nav=\u00bbno\u00bb show_image_description=\u00bbyes\u00bb pause_on_hover=\u00bbno\u00bb frame=\u00bbno\u00bb el_class=\u00bbgaleria-s-m1&#8243;][\/vc_column][vc_column css_animation=\u00bbright-to-left\u00bb width=\u00bb1\/2&#8243; offset=\u00bbvc_col-lg-6 vc_col-md-6 vc_col-xs-12&#8243;][vc_column_text el_class=\u00bbtext-descriptiu-1 text-left\u00bb]<\/p>\n<h1>Durabilidad y f\u00e1cil mantenimiento<\/h1>\n<p class=\"p1\">Las ventanas de PVC est\u00e1n fabricadas de carbono, hidr\u00f3geno y cloro. Esta combinaci\u00f3n qu\u00edmica aporta una de las principales ventajas de esta tipolog\u00eda de ventanas: la resistencia. Son resistentes tanto a los impactos como a las condiciones meteorol\u00f3gicas.<\/p>\n<p class=\"p1\">Tambi\u00e9n destacan por su facilidad de mantenimiento. Son ventanas que no se oxidan ni se corroen y son muy resistentes a los golpes y rascadas.<\/p>\n<p>[\/vc_column_text]<div class=\"qode-accordion-holder clearfix qode-toggle qode-initial \">\n\t<h6 class=\"clearfix qode-title-holder\">\n<span class=\"qode-tab-title\">\n\t    <span class=\"qode-tab-title-inner\">\n        Lee m\u00e1s    <\/span>\n<\/span>\n<span class=\"qode-accordion-mark\">\n    <span class=\"qode-accordion-mark-icon\">\n        <span class=\"icon_plus\"><\/span>\n        <span class=\"icon_minus-06\"><\/span>\n    <\/span>\n<\/span>\n<\/h6>\n<div  class=\"qode-accordion-content \" style=\"padding: 0 0 0 0\">\n    <div class=\"qode-accordion-content-inner\">\n        [vc_column_text el_class=\u00bbtext-descriptiu-1 text-left\u00bb]Ventanas de dise\u00f1o muy sobrio hacen que se adapten perfectamente a cualquier estilo arquitect\u00f3nico. Adem\u00e1s, hay la posibilidad de fabricarlas con diferentes acabados y colores, pueden imitar materiales como la madera.[\/vc_column_text]    <\/div>\n<\/div><\/div>[\/vc_column][\/vc_row][vc_row css_animation=\u00bb\u00bb row_type=\u00bbrow\u00bb use_row_as_full_screen_section=\u00bbno\u00bb type=\u00bbgrid\u00bb angled_section=\u00bbno\u00bb text_align=\u00bbleft\u00bb background_image_as_pattern=\u00bbwithout_pattern\u00bb z_index=\u00bb\u00bb css=\u00bb.vc_custom_1545132089421{background-color: #f6f6f6 !important;}\u00bb el_class=\u00bbaltres-models modul-porta modul-faqs modul-accord-portes\u00bb][vc_column css=\u00bb.vc_custom_1544029349173{padding-top: 80px !important;padding-bottom: 80px !important;}\u00bb]<div class=\"qode-accordion-holder clearfix qode-toggle qode-initial \">\n\t<h5 class=\"clearfix qode-title-holder\">\n<span class=\"qode-tab-title\">\n\t    <span class=\"qode-tab-title-inner\">\n        Sistemas de apertura de las ventanas de PVC    <\/span>\n<\/span>\n<span class=\"qode-accordion-mark\">\n    <span class=\"qode-accordion-mark-icon\">\n        <span class=\"icon_plus\"><\/span>\n        <span class=\"icon_minus-06\"><\/span>\n    <\/span>\n<\/span>\n<\/h5>\n<div  class=\"qode-accordion-content \" style=\"padding: 4px 0 70px 0\">\n    <div class=\"qode-accordion-content-inner\">\n        [vc_column_text el_class=\u00bbac-portes-sist-obertura text-left img-3icons\u00bb]<\/p>\n<h3>SISTEMAS DE APERTURA<\/h3>\n<h3 class=\"w-300\">DE LAS VENTANAS DE PVC<\/h3>\n<p class=\"pt-10\">Ventanas de una o dos hojas, practicables, pivotantes, oscilobatientes, balconeras&#8230;<\/p>\n<p><img decoding=\"async\" class=\"wp-image-3505\" src=\"https:\/\/grabalosa.com\/finestres\/wp-content\/uploads\/sites\/3\/2018\/07\/obertura-pvc.svg\" alt=\"Sistemas de apertura de las ventanas de PVC Grabalosa\" \/>[\/vc_column_text]    <\/div>\n<\/div><h5 class=\"clearfix qode-title-holder\">\n<span class=\"qode-tab-title\">\n\t    <span class=\"qode-tab-title-inner\">\n        Homologaci\u00f3n y certificados    <\/span>\n<\/span>\n<span class=\"qode-accordion-mark\">\n    <span class=\"qode-accordion-mark-icon\">\n        <span class=\"icon_plus\"><\/span>\n        <span class=\"icon_minus-06\"><\/span>\n    <\/span>\n<\/span>\n<\/h5>\n<div  class=\"qode-accordion-content \" style=\"padding: 4px 0 70px 0\">\n    <div class=\"qode-accordion-content-inner\">\n        [vc_column_text el_class=\u00bbac-portes-sist-obertura text-left obertura-t2 fustes no-cercle\u00bb]<\/p>\n<h3 class=\"pb-50\">HOMOLOGACI\u00d3N Y CERTIFICADOS<\/h3>\n<ul>\n<li><img loading=\"lazy\" decoding=\"async\" class=\"wp-image-3613\" src=\"https:\/\/grabalosa.com\/finestres\/wp-content\/uploads\/sites\/3\/2018\/07\/aenor-certificat-empresa-registrada.svg\" alt=\"UNE-EN ISO 9001\" width=\"100\" height=\"100\" \/><\/li>\n<li><img loading=\"lazy\" decoding=\"async\" class=\"wp-image-3616\" src=\"https:\/\/grabalosa.com\/finestres\/wp-content\/uploads\/sites\/3\/2018\/07\/aenor-gestio-ambiental.svg\" alt=\"UNE-EN ISO 14001\" width=\"100\" height=\"100\" \/><\/li>\n<li><img loading=\"lazy\" decoding=\"async\" class=\"wp-image-3619\" src=\"https:\/\/grabalosa.com\/finestres\/wp-content\/uploads\/sites\/3\/2018\/07\/eqnet-quality-system-certified.svg\" alt=\"EQNET Quality system\" width=\"100\" height=\"100\" \/><\/li>\n<li><img loading=\"lazy\" decoding=\"async\" class=\"wp-image-3622\" src=\"https:\/\/grabalosa.com\/finestres\/wp-content\/uploads\/sites\/3\/2018\/07\/qualicoat.svg\" alt=\"Qualicoat\" width=\"100\" height=\"100\" \/><\/li>\n<li><img loading=\"lazy\" decoding=\"async\" class=\"wp-image-3625\" src=\"https:\/\/grabalosa.com\/finestres\/wp-content\/uploads\/sites\/3\/2018\/07\/aluminium-association-european-qualanod.svg\" alt=\"Aluminium association european qualanod\" width=\"100\" height=\"100\" \/><\/li>\n<\/ul>\n<p>[\/vc_column_text]    <\/div>\n<\/div><h5 class=\"clearfix qode-title-holder\">\n<span class=\"qode-tab-title\">\n\t    <span class=\"qode-tab-title-inner\">\n        Garant\u00eda de calidad    <\/span>\n<\/span>\n<span class=\"qode-accordion-mark\">\n    <span class=\"qode-accordion-mark-icon\">\n        <span class=\"icon_plus\"><\/span>\n        <span class=\"icon_minus-06\"><\/span>\n    <\/span>\n<\/span>\n<\/h5>\n<div  class=\"qode-accordion-content \" style=\"padding: 4px 0 70px 0\">\n    <div class=\"qode-accordion-content-inner\">\n        [vc_column_text el_class=\u00bbac-portes-garantia-qualitat text-left\u00bb]<\/p>\n<h3>GARANT\u00cdA DE CALIDAD<\/h3>\n<p>Producto de calidad, respondiendo al C\u00f3digo T\u00e9cnico de la construcci\u00f3n (CTE) y del Mercado Europeo (CE).<\/p>\n<h4 class=\"h4-little\">HOMOLOGACI\u00d3N<\/h4>\n<ul>\n<li><img decoding=\"async\" src=\"https:\/\/grabalosa.com\/finestres\/wp-content\/uploads\/sites\/3\/2018\/07\/mercat-europeu.svg\" alt=\"Mercado Europeo\" width=\"100\" \/><\/li>\n<li><img decoding=\"async\" src=\"https:\/\/grabalosa.com\/finestres\/wp-content\/uploads\/sites\/3\/2018\/07\/codi-tecnic-construccio.svg\" alt=\"Siglas del C\u00f3digo T\u00e9cnico de la Construcci\u00f3n\" width=\"100\" \/><\/li>\n<\/ul>\n<p>[\/vc_column_text]    <\/div>\n<\/div><\/div>[\/vc_column][\/vc_row][vc_row css_animation=\u00bb\u00bb row_type=\u00bbrow\u00bb use_row_as_full_screen_section=\u00bbyes\u00bb type=\u00bbgrid\u00bb angled_section=\u00bbno\u00bb text_align=\u00bbleft\u00bb background_image_as_pattern=\u00bbwithout_pattern\u00bb css=\u00bb.vc_custom_1531996322139{background-color: #575757 !important;}\u00bb z_index=\u00bb\u00bb el_class=\u00bbmodul-5 p-row\u00bb][vc_column width=\u00bb1\/2&#8243; el_class=\u00bbwhite-t text-m5&#8243; css=\u00bb.vc_custom_1581338265658{padding-top: 55px !important;padding-right: 20px !important;padding-bottom: 45px !important;padding-left: 20px !important;}\u00bb offset=\u00bbvc_col-lg-6 vc_col-md-6 vc_hidden-md vc_hidden-sm vc_col-xs-12 vc_hidden-xs\u00bb][vc_column_text]<\/p>\n<h1>DISE\u00d1O Y ACABADOS<\/h1>\n<h1>PERSONALIZADOS<\/h1>\n<h6><\/h6>\n<p>Ofrecen diferentes acabados y colores: desde la presentaci\u00f3n del PVC puro ( sin ning\u00fan tratamiento de color); con acabado foliado, para conseguir unos acabados muy decorativos, imitando la textura y color de la madera natural ( roble, nogal\u2026) o con un acabado lacado de los colores de la carta RAL.[\/vc_column_text][vc_column_text el_class=\u00bbicones-text-2l\u00bb]<\/p>\n<ul>\n<li><img decoding=\"async\" class=\"icona icona-m cercle colors\" src=\"https:\/\/grabalosa.com\/finestres\/wp-content\/uploads\/sites\/3\/2018\/07\/colors-acabats.svg\" alt=\"Amplia gama de colores y acabados\" \/><span class=\"white-t\">Amplia gama de colores y acabados<\/span><\/li>\n<\/ul>\n<p>[\/vc_column_text][\/vc_column][vc_column width=\u00bb1\/2&#8243; el_class=\u00bbwhite-t imatge-m5&#8243; css=\u00bb.vc_custom_1531996547134{padding-right: 0px !important;padding-left: 0px !important;}\u00bb offset=\u00bbvc_col-lg-6 vc_col-md-6 vc_hidden-md vc_hidden-sm vc_col-xs-12 vc_hidden-xs\u00bb][vc_single_image image=\u00bb4912&#8243; img_size=\u00bbfull\u00bb alignment=\u00bbcenter\u00bb qode_css_animation=\u00bb\u00bb][\/vc_column][\/vc_row][vc_row css_animation=\u00bb\u00bb row_type=\u00bbrow\u00bb use_row_as_full_screen_section=\u00bbyes\u00bb type=\u00bbfull_width\u00bb angled_section=\u00bbno\u00bb text_align=\u00bbleft\u00bb background_image_as_pattern=\u00bbwithout_pattern\u00bb css=\u00bb.vc_custom_1531996054910{background-color: #575757 !important;}\u00bb z_index=\u00bb\u00bb el_class=\u00bbmodul-5&#8243;][vc_column width=\u00bb1\/2&#8243; el_class=\u00bbwhite-t text-m5&#8243; css=\u00bb.vc_custom_1581338273843{padding-top: 55px !important;padding-right: 20px !important;padding-bottom: 45px !important;padding-left: 20px !important;}\u00bb offset=\u00bbvc_col-lg-6 vc_hidden-lg vc_col-md-6 vc_col-xs-12&#8243;][vc_column_text]<\/p>\n<h1>DISE\u00d1O Y ACABADOS<\/h1>\n<h1>PERSONALIZADOS<\/h1>\n<h6><\/h6>\n<p>Ofrecen diferentes acabados y colores: desde la presentaci\u00f3n del PVC puro ( sin ning\u00fan tratamiento de color); con acabado foliado, para conseguir unos acabados muy decorativos, imitando la textura y color de la madera natural ( roble, nogal\u2026) o con un acabado lacado de los colores de la carta RAL.[\/vc_column_text][vc_column_text el_class=\u00bbicones-text-2l\u00bb]<\/p>\n<ul>\n<li><img decoding=\"async\" class=\"icona icona-m cercle colors\" src=\"https:\/\/grabalosa.com\/finestres\/wp-content\/uploads\/sites\/3\/2018\/07\/colors-acabats.svg\" alt=\"Amplia gama de colores y acabados\" \/><span class=\"white-t\">Amplia gama de colores y acabados<\/span><\/li>\n<\/ul>\n<p>[\/vc_column_text][\/vc_column][vc_column width=\u00bb1\/2&#8243; el_class=\u00bbwhite-t imatge-m5&#8243; css=\u00bb.vc_custom_1531996571629{padding-right: 0px !important;padding-left: 0px !important;}\u00bb offset=\u00bbvc_col-lg-6 vc_hidden-lg vc_col-md-6 vc_col-xs-12&#8243;][vc_single_image image=\u00bb4912&#8243; img_size=\u00bbfull\u00bb alignment=\u00bbcenter\u00bb qode_css_animation=\u00bb\u00bb][\/vc_column][\/vc_row][vc_row css_animation=\u00bb\u00bb row_type=\u00bbrow\u00bb use_row_as_full_screen_section=\u00bbyes\u00bb type=\u00bbgrid\u00bb angled_section=\u00bbno\u00bb text_align=\u00bbleft\u00bb background_image_as_pattern=\u00bbwithout_pattern\u00bb css=\u00bb.vc_custom_1537550429227{padding-top: 70px !important;padding-bottom: 70px !important;background-color: #f1f1f1 !important;}\u00bb z_index=\u00bb\u00bb el_class=\u00bbmodul-3&#8243;][vc_column el_class=\u00bbassessor\u00bb offset=\u00bbvc_col-lg-offset-2 vc_col-lg-8 vc_col-md-offset-2 vc_col-md-8 vc_col-sm-offset-0 vc_col-xs-12&#8243;][vc_column_text el_class=\u00bbtext-left text-descriptiu-3&#8243;]<\/p>\n<h5>ATENCI\u00d3N AL CLIENTE<\/h5>\n<p>[\/vc_column_text][vc_column_text el_class=\u00bbtext-left text-descriptiu-3&#8243;]<\/p>\n<h1>Asesoramiento gratuito<\/h1>\n<div>Si est\u00e1 interesado en ventanas de PVC o necesita m\u00e1s informaci\u00f3n del producto, se puede poner en contacto con nosotros y le asesoraremos gratuitamente para encontrar la opci\u00f3n que m\u00e1s de adapte a sus necesidades.<\/div>\n<p>[\/vc_column_text][vc_row_inner row_type=\u00bbrow\u00bb type=\u00bbfull_width\u00bb text_align=\u00bbleft\u00bb css_animation=\u00bb\u00bb css=\u00bb.vc_custom_1528016690302{margin-top: 40px !important;}\u00bb][vc_column_inner width=\u00bb1\/2&#8243; offset=\u00bbvc_col-lg-6 vc_col-md-6 vc_col-xs-12&#8243;]\n\n\t<a href=\"https:\/\/grabalosa.com\/finestres\/contacte\/#formulari\" target=\"_self\" style=\"color: #ffffff;background-color: #1d1d1b;font-size: 16px;font-weight: 300;text-transform: uppercase;font-style: normal\" class=\"qode-btn qode-btn-medium qode-btn-solid qode-btn-custom-hover-bg qode-btn-custom-hover-color qode-btn-icon boto-assessor spu-open-3230 qode-btn-default-hover\" data-hover-bg-color=\"#555555\" data-hover-color=\"#f2f2f2\" >\n\t    <span class=\"qode-btn-text\">CONT\u00c1CTENOS<\/span><span class=\"qode-button-v2-icon-holder\" style=\"font-size: 16px\" ><i class=\"qode_icon_font_awesome fa fa-envelope qode-button-v2-icon-holder-inner\" ><\/i><\/span>\t<\/a>\n\n[\/vc_column_inner][vc_column_inner width=\u00bb1\/2&#8243; offset=\u00bbvc_col-lg-6 vc_col-md-6 vc_col-xs-12&#8243;]\n\n\t<a href=\"tel:+34972788028\" target=\"_self\" style=\"color: #ffffff;background-color: #1d1d1b;font-size: 16px;font-weight: 300;text-transform: uppercase;font-style: normal\" class=\"qode-btn qode-btn-medium qode-btn-solid qode-btn-custom-hover-bg qode-btn-custom-hover-color qode-btn-icon boto-assessor qode-btn-default-hover\" data-hover-bg-color=\"#555555\" data-hover-color=\"#f2f2f2\" >\n\t    <span class=\"qode-btn-text\">(34) 972 788 028<\/span><span class=\"qode-button-v2-icon-holder\" style=\"font-size: 16px\" ><i class=\"qode_icon_font_awesome fa fa-phone qode-button-v2-icon-holder-inner\" ><\/i><\/span>\t<\/a>\n\n[\/vc_column_inner][\/vc_row_inner][\/vc_column][\/vc_row]<\/p>\n<\/div>","protected":false},"excerpt":{"rendered":"<p>[vc_row css_animation=\u00bb\u00bb row_type=\u00bbrow\u00bb use_row_as_full_screen_section=\u00bbno\u00bb type=\u00bbgrid\u00bb angled_section=\u00bbno\u00bb text_align=\u00bbleft\u00bb background_image_as_pattern=\u00bbwithout_pattern\u00bb css=\u00bb.vc_custom_1550745931287{padding-bottom: 40px !important;background-color: #ececec !important;}\u00bb z_index=\u00bb\u00bb el_class=\u00bbtitol-producte flex-section flex-section-600&#8243;][vc_column width=\u00bb5\/12&#8243; offset=\u00bbvc_col-lg-6 vc_col-md-6 vc_col-xs-12&#8243;][vc_column_text] Ventanas de PVC Funcionalidad y precio [\/vc_column_text][\/vc_column][vc_column width=\u00bb7\/12&#8243; offset=\u00bbvc_col-lg-6 vc_col-md-6 vc_col-xs-12&#8243;][vc_single_image image=\u00bb3645&#8243; img_size=\u00bbfull\u00bb alignment=\u00bbcenter\u00bb qode_css_animation=\u00bb\u00bb el_class=\u00bbimatge-caract-1&#8243;][\/vc_column][\/vc_row][vc_row css_animation=\u00bb\u00bb row_type=\u00bbrow\u00bb use_row_as_full_screen_section=\u00bbno\u00bb type=\u00bbgrid\u00bb angled_section=\u00bbno\u00bb text_align=\u00bbleft\u00bb background_image_as_pattern=\u00bbwithout_pattern\u00bb css=\u00bb.vc_custom_1545160283181{padding-top:&#8230;<\/p>\n","protected":false},"author":1,"featured_media":0,"parent":3477,"menu_order":2,"comment_status":"closed","ping_status":"closed","template":"full_width.php","meta":{"footnotes":""},"class_list":["post-3610","page","type-page","status-publish","hentry"],"aioseo_notices":[],"_links":{"self":[{"href":"https:\/\/grabalosa.com\/finestres\/es\/wp-json\/wp\/v2\/pages\/3610","targetHints":{"allow":["GET"]}}],"collection":[{"href":"https:\/\/grabalosa.com\/finestres\/es\/wp-json\/wp\/v2\/pages"}],"about":[{"href":"https:\/\/grabalosa.com\/finestres\/es\/wp-json\/wp\/v2\/types\/page"}],"author":[{"embeddable":true,"href":"https:\/\/grabalosa.com\/finestres\/es\/wp-json\/wp\/v2\/users\/1"}],"replies":[{"embeddable":true,"href":"https:\/\/grabalosa.com\/finestres\/es\/wp-json\/wp\/v2\/comments?post=3610"}],"version-history":[{"count":0,"href":"https:\/\/grabalosa.com\/finestres\/es\/wp-json\/wp\/v2\/pages\/3610\/revisions"}],"up":[{"embeddable":true,"href":"https:\/\/grabalosa.com\/finestres\/es\/wp-json\/wp\/v2\/pages\/3477"}],"wp:attachment":[{"href":"https:\/\/grabalosa.com\/finestres\/es\/wp-json\/wp\/v2\/media?parent=3610"}],"curies":[{"name":"wp","href":"https:\/\/api.w.org\/{rel}","templated":true}]}}