{"id":11369,"date":"2022-07-25T10:13:30","date_gmt":"2022-07-25T08:13:30","guid":{"rendered":"https:\/\/grabalosa.com\/finestres\/productos-ventanas\/ventanas-de-aluminio\/cor-60\/"},"modified":"2022-10-05T10:39:36","modified_gmt":"2022-10-05T08:39:36","slug":"cor-60","status":"publish","type":"page","link":"https:\/\/grabalosa.com\/finestres\/es\/productos-ventanas\/ventanas-de-aluminio\/cor-60\/","title":{"rendered":"Ventana COR 60"},"content":{"rendered":"<div class=\"wpb-content-wrapper\"><p>[vc_row css_animation=\u00bb\u00bb row_type=\u00bbrow\u00bb use_row_as_full_screen_section=\u00bbno\u00bb type=\u00bbgrid\u00bb angled_section=\u00bbno\u00bb text_align=\u00bbleft\u00bb background_image_as_pattern=\u00bbwithout_pattern\u00bb css=\u00bb.vc_custom_1550741840445{padding-bottom: 40px !important;background-color: #ececec !important;}\u00bb z_index=\u00bb\u00bb el_class=\u00bbtitol-producte flex-section flex-section-600&#8243;][vc_column offset=\u00bbvc_col-lg-12 vc_col-md-12 vc_col-xs-12&#8243;]\n\t\t\t<!-- START cor 60 REVOLUTION SLIDER 6.7.38 --><p class=\"rs-p-wp-fix\"><\/p>\n\t\t\t<rs-module-wrap id=\"rev_slider_51_1_wrapper\" data-source=\"gallery\" style=\"visibility:hidden;background:transparent;padding:0;margin:0px auto;margin-top:0;margin-bottom:0;\">\n\t\t\t\t<rs-module id=\"rev_slider_51_1\" style=\"\" data-version=\"6.7.38\">\n\t\t\t\t\t<rs-slides style=\"overflow: hidden; position: absolute;\">\n\t\t\t\t\t\t<rs-slide style=\"position: absolute;\" data-key=\"rs-196\" data-title=\"COR 60\" data-thumb=\"\/\/grabalosa.com\/finestres\/wp-content\/uploads\/sites\/3\/2022\/07\/Cor-60.png\" data-anim=\"adpr:false;\" data-in=\"o:0;\" data-out=\"a:false;\">\n\t\t\t\t\t\t\t<img decoding=\"async\" src=\"\/\/grabalosa.com\/finestres\/wp-content\/plugins\/revslider\/sr6\/assets\/assets\/dummy.png\" alt=\"COR 60\" title=\"Ventana COR 60\" class=\"rev-slidebg tp-rs-img rs-lazyload\" data-lazyload=\"\/\/grabalosa.com\/finestres\/wp-content\/plugins\/revslider\/sr6\/assets\/assets\/transparent.png\" data-no-retina>\n<!--\n\t\t\t\t\t\t\t--><rs-layer\n\t\t\t\t\t\t\t\tid=\"slider-51-slide-196-layer-0\" \n\t\t\t\t\t\t\t\tdata-type=\"image\"\n\t\t\t\t\t\t\t\tdata-rsp_ch=\"on\"\n\t\t\t\t\t\t\t\tdata-xy=\"x:128px;y:c;yo:-14px;\"\n\t\t\t\t\t\t\t\tdata-text=\"w:normal;\"\n\t\t\t\t\t\t\t\tdata-dim=\"w:180px;h:394px;\"\n\t\t\t\t\t\t\t\tdata-frame_999=\"o:0;st:w;\"\n\t\t\t\t\t\t\t\tstyle=\"z-index:5;\"\n\t\t\t\t\t\t\t><img decoding=\"async\" src=\"\/\/grabalosa.com\/finestres\/wp-content\/plugins\/revslider\/sr6\/assets\/assets\/dummy.png\" alt=\"\" class=\"tp-rs-img rs-lazyload\" width=\"353\" height=\"773\" data-lazyload=\"\/\/grabalosa.com\/finestres\/wp-content\/uploads\/sites\/3\/2022\/07\/Cor-60-perfil.png\" data-no-retina> \n\t\t\t\t\t\t\t<\/rs-layer><!--\n\n\t\t\t\t\t\t\t--><rs-layer\n\t\t\t\t\t\t\t\tid=\"slider-51-slide-196-layer-1\" \n\t\t\t\t\t\t\t\tdata-type=\"text\"\n\t\t\t\t\t\t\t\tdata-color=\"#000000\"\n\t\t\t\t\t\t\t\tdata-rsp_ch=\"on\"\n\t\t\t\t\t\t\t\tdata-xy=\"x:183px;y:453px;\"\n\t\t\t\t\t\t\t\tdata-text=\"w:normal;s:18;l:24;fw:500;\"\n\t\t\t\t\t\t\t\tdata-frame_999=\"o:0;st:w;\"\n\t\t\t\t\t\t\t\tstyle=\"z-index:6;font-family:'Roboto';\"\n\t\t\t\t\t\t\t>COR 60 \n\t\t\t\t\t\t\t<\/rs-layer><!--\n-->\t\t\t\t\t<\/rs-slide>\n\t\t\t\t\t\t<rs-slide style=\"position: absolute;\" data-key=\"rs-197\" data-title=\"COR 60\" data-thumb=\"\/\/grabalosa.com\/finestres\/wp-content\/uploads\/sites\/3\/2022\/07\/Cor-60-2.jpeg\" data-anim=\"adpr:false;\" data-in=\"o:0;\" data-out=\"a:false;\">\n\t\t\t\t\t\t\t<img decoding=\"async\" src=\"\/\/grabalosa.com\/finestres\/wp-content\/plugins\/revslider\/sr6\/assets\/assets\/dummy.png\" alt=\"COR 60\" title=\"Ventana COR 60\" class=\"rev-slidebg tp-rs-img rs-lazyload\" data-lazyload=\"\/\/grabalosa.com\/finestres\/wp-content\/plugins\/revslider\/sr6\/assets\/assets\/transparent.png\" data-no-retina>\n<!--\n\t\t\t\t\t\t\t--><rs-layer\n\t\t\t\t\t\t\t\tid=\"slider-51-slide-197-layer-0\" \n\t\t\t\t\t\t\t\tdata-type=\"image\"\n\t\t\t\t\t\t\t\tdata-rsp_ch=\"on\"\n\t\t\t\t\t\t\t\tdata-xy=\"y:c;\"\n\t\t\t\t\t\t\t\tdata-text=\"w:normal;\"\n\t\t\t\t\t\t\t\tdata-dim=\"w:433px;h:495px;\"\n\t\t\t\t\t\t\t\tdata-frame_999=\"o:0;st:w;\"\n\t\t\t\t\t\t\t\tstyle=\"z-index:5;\"\n\t\t\t\t\t\t\t><img decoding=\"async\" src=\"\/\/grabalosa.com\/finestres\/wp-content\/plugins\/revslider\/sr6\/assets\/assets\/dummy.png\" alt=\"\" class=\"tp-rs-img rs-lazyload\" width=\"875\" height=\"1000\" data-lazyload=\"\/\/grabalosa.com\/finestres\/wp-content\/uploads\/sites\/3\/2022\/07\/Cor-60-2.jpeg\" data-no-retina> \n\t\t\t\t\t\t\t<\/rs-layer><!--\n-->\t\t\t\t\t<\/rs-slide>\n\t\t\t\t\t\t<rs-slide style=\"position: absolute;\" data-key=\"rs-198\" data-title=\"COR 60\" data-thumb=\"\/\/grabalosa.com\/finestres\/wp-content\/uploads\/sites\/3\/2022\/07\/Cor-60-3.jpeg\" data-anim=\"adpr:false;\" data-in=\"o:0;\" data-out=\"a:false;\">\n\t\t\t\t\t\t\t<img decoding=\"async\" src=\"\/\/grabalosa.com\/finestres\/wp-content\/plugins\/revslider\/sr6\/assets\/assets\/dummy.png\" alt=\"COR 60\" title=\"Ventana COR 60\" class=\"rev-slidebg tp-rs-img rs-lazyload\" data-lazyload=\"\/\/grabalosa.com\/finestres\/wp-content\/plugins\/revslider\/sr6\/assets\/assets\/transparent.png\" data-no-retina>\n<!--\n\t\t\t\t\t\t\t--><rs-layer\n\t\t\t\t\t\t\t\tid=\"slider-51-slide-198-layer-0\" \n\t\t\t\t\t\t\t\tdata-type=\"image\"\n\t\t\t\t\t\t\t\tdata-rsp_ch=\"on\"\n\t\t\t\t\t\t\t\tdata-xy=\"y:c;\"\n\t\t\t\t\t\t\t\tdata-text=\"w:normal;\"\n\t\t\t\t\t\t\t\tdata-dim=\"w:433px;h:495px;\"\n\t\t\t\t\t\t\t\tdata-frame_999=\"o:0;st:w;\"\n\t\t\t\t\t\t\t\tstyle=\"z-index:5;\"\n\t\t\t\t\t\t\t><img decoding=\"async\" src=\"\/\/grabalosa.com\/finestres\/wp-content\/plugins\/revslider\/sr6\/assets\/assets\/dummy.png\" alt=\"\" class=\"tp-rs-img rs-lazyload\" width=\"875\" height=\"1000\" data-lazyload=\"\/\/grabalosa.com\/finestres\/wp-content\/uploads\/sites\/3\/2022\/07\/Cor-60-3.jpeg\" data-no-retina> \n\t\t\t\t\t\t\t<\/rs-layer><!--\n-->\t\t\t\t\t<\/rs-slide>\n\t\t\t\t\t\t<rs-slide style=\"position: absolute;\" data-key=\"rs-199\" data-title=\"COR 60\" data-thumb=\"\/\/grabalosa.com\/finestres\/wp-content\/uploads\/sites\/3\/2022\/07\/Cor-60-4.jpeg\" data-anim=\"adpr:false;\" data-in=\"o:0;\" data-out=\"a:false;\">\n\t\t\t\t\t\t\t<img decoding=\"async\" src=\"\/\/grabalosa.com\/finestres\/wp-content\/plugins\/revslider\/sr6\/assets\/assets\/dummy.png\" alt=\"COR 60\" title=\"Ventana COR 60\" class=\"rev-slidebg tp-rs-img rs-lazyload\" data-lazyload=\"\/\/grabalosa.com\/finestres\/wp-content\/plugins\/revslider\/sr6\/assets\/assets\/transparent.png\" data-no-retina>\n<!--\n\t\t\t\t\t\t\t--><rs-layer\n\t\t\t\t\t\t\t\tid=\"slider-51-slide-199-layer-0\" \n\t\t\t\t\t\t\t\tdata-type=\"image\"\n\t\t\t\t\t\t\t\tdata-rsp_ch=\"on\"\n\t\t\t\t\t\t\t\tdata-xy=\"y:c;\"\n\t\t\t\t\t\t\t\tdata-text=\"w:normal;\"\n\t\t\t\t\t\t\t\tdata-dim=\"w:433px;h:495px;\"\n\t\t\t\t\t\t\t\tdata-frame_999=\"o:0;st:w;\"\n\t\t\t\t\t\t\t\tstyle=\"z-index:5;\"\n\t\t\t\t\t\t\t><img decoding=\"async\" src=\"\/\/grabalosa.com\/finestres\/wp-content\/plugins\/revslider\/sr6\/assets\/assets\/dummy.png\" alt=\"\" class=\"tp-rs-img rs-lazyload\" width=\"875\" height=\"1000\" data-lazyload=\"\/\/grabalosa.com\/finestres\/wp-content\/uploads\/sites\/3\/2022\/07\/Cor-60-4.jpeg\" data-no-retina> \n\t\t\t\t\t\t\t<\/rs-layer><!--\n-->\t\t\t\t\t<\/rs-slide>\n\t\t\t\t\t<\/rs-slides>\n\t\t\t\t<\/rs-module>\n\t\t\t\t<script>\n\t\t\t\t\tsetREVStartSize({c: 'rev_slider_51_1',rl:[1240,1024,778,480],el:[500],gw:[600],gh:[500],type:'standard',justify:'',layout:'fullwidth',mh:\"0\"});if (window.RS_MODULES!==undefined && window.RS_MODULES.modules!==undefined && window.RS_MODULES.modules[\"revslider511\"]!==undefined) {window.RS_MODULES.modules[\"revslider511\"].once = false;window.revapi51 = undefined;if (window.RS_MODULES.checkMinimal!==undefined) window.RS_MODULES.checkMinimal()}\n\t\t\t\t<\/script>\n\t\t\t<\/rs-module-wrap>\n\t\t\t<!-- END REVOLUTION SLIDER -->\n[vc_single_image image=\u00bb4950&#8243; img_size=\u00bb100&#215;25&#8243; qode_css_animation=\u00bb\u00bb css=\u00bb.vc_custom_1576671591561{margin-top: -50px !important;}\u00bb][\/vc_column][\/vc_row][vc_row css_animation=\u00bb\u00bb row_type=\u00bbrow\u00bb use_row_as_full_screen_section=\u00bbno\u00bb type=\u00bbgrid\u00bb angled_section=\u00bbno\u00bb text_align=\u00bbleft\u00bb background_image_as_pattern=\u00bbwithout_pattern\u00bb z_index=\u00bb\u00bb css=\u00bb.vc_custom_1576671305733{padding-top: 70px !important;padding-bottom: 70px !important;}\u00bb][vc_column width=\u00bb5\/6&#8243; offset=\u00bbvc_col-lg-offset-2 vc_col-lg-8 vc_col-md-offset-1 vc_col-md-10 vc_col-sm-offset-1&#8243;][vc_column_text]<iframe loading=\"lazy\" style=\"margin-left: auto; margin-right: auto;\" src=\"https:\/\/grabalosa.com\/finestres\/wp-content\/uploads\/sites\/3\/2022\/07\/06_ES_COR_60_v2.pdf?#zoom=100&amp;view=fit&amp;pagemode=none&amp;\" width=\"100%\" height=\"450\" frameborder=\"0\" marginwidth=\"0\" marginheight=\"0\"><span data-mce-type=\"bookmark\" style=\"display: inline-block; width: 0px; overflow: hidden; line-height: 0;\" class=\"mce_SELRES_start\"><\/span><span data-mce-type=\"bookmark\" style=\"display: inline-block; width: 0px; overflow: hidden; line-height: 0;\" class=\"mce_SELRES_start\"><\/span><\/iframe>[\/vc_column_text][vc_column_text el_class=\u00bbboto-tornar-sota\u00bb css=\u00bb.vc_custom_1580748668960{margin-top: 30px !important;}\u00bb]<a href=\"https:\/\/grabalosa.com\/finestres\/es\/productos-ventanas\/ventanas-de-aluminio\/\">Volver a ventanas de aluminio<\/a>[\/vc_column_text][\/vc_column][\/vc_row][vc_row css_animation=\u00bb\u00bb row_type=\u00bbrow\u00bb use_row_as_full_screen_section=\u00bbno\u00bb type=\u00bbgrid\u00bb angled_section=\u00bbno\u00bb text_align=\u00bbleft\u00bb background_image_as_pattern=\u00bbwithout_pattern\u00bb css=\u00bb.vc_custom_1622549836680{padding-top: 80px !important;padding-bottom: 80px !important;background-color: #ececec !important;}\u00bb z_index=\u00bb\u00bb el_class=\u00bbmodul-3&#8243;][vc_column el_class=\u00bbtext-descriptiu-3 text-left\u00bb offset=\u00bbvc_col-lg-offset-2 vc_col-lg-8 vc_col-md-offset-2 vc_col-md-8 vc_col-sm-offset-0 vc_col-xs-12&#8243;][vc_column_text el_class=\u00bbtext-left\u00bb]<\/p>\n<h5>ATENCI\u00d3N AL CLIENTE<\/h5>\n<p>[\/vc_column_text][vc_column_text el_class=\u00bbtext-left text-descriptiu-3&#8243;]<\/p>\n<h2 class=\"h1\">Asesoramiento gratuito<\/h2>\n<div>Si necesita m\u00e1s informaci\u00f3n o una estimaci\u00f3n econ\u00f3mica, se puede poner en contacto con nosotros y lo asesoraremos gratuitamente para encontrar la opci\u00f3n que m\u00e1s se adecua a sus necesidades.<\/div>\n<p>[\/vc_column_text]<a  itemprop=\"url\" href=\"\" target=\"_self\" data-hover-background-color=\"rgba(0,0,0,0.6)\" data-hover-color=\"#fefefe\" class=\"qbutton  large left white default boto-spu-finestres spu-open-plegable\" style=\"color: #ffffff; border-radius: 3px;-moz-border-radius: 3px;-webkit-border-radius: 3px; background-color:#1d1d1b;\">M\u00c1S INFORMACI\u00d3N<\/a>[\/vc_column][\/vc_row]<\/p>\n<\/div>","protected":false},"excerpt":{"rendered":"<p>[vc_row css_animation=\u00bb\u00bb row_type=\u00bbrow\u00bb use_row_as_full_screen_section=\u00bbno\u00bb type=\u00bbgrid\u00bb angled_section=\u00bbno\u00bb text_align=\u00bbleft\u00bb background_image_as_pattern=\u00bbwithout_pattern\u00bb css=\u00bb.vc_custom_1550741840445{padding-bottom: 40px !important;background-color: #ececec !important;}\u00bb z_index=\u00bb\u00bb el_class=\u00bbtitol-producte flex-section flex-section-600&#8243;][vc_column offset=\u00bbvc_col-lg-12 vc_col-md-12 vc_col-xs-12&#8243;][vc_single_image image=\u00bb4950&#8243; img_size=\u00bb100&#215;25&#8243; qode_css_animation=\u00bb\u00bb css=\u00bb.vc_custom_1576671591561{margin-top: -50px !important;}\u00bb][\/vc_column][\/vc_row][vc_row css_animation=\u00bb\u00bb row_type=\u00bbrow\u00bb use_row_as_full_screen_section=\u00bbno\u00bb type=\u00bbgrid\u00bb angled_section=\u00bbno\u00bb text_align=\u00bbleft\u00bb background_image_as_pattern=\u00bbwithout_pattern\u00bb z_index=\u00bb\u00bb css=\u00bb.vc_custom_1576671305733{padding-top: 70px !important;padding-bottom: 70px !important;}\u00bb][vc_column width=\u00bb5\/6&#8243; offset=\u00bbvc_col-lg-offset-2 vc_col-lg-8 vc_col-md-offset-1 vc_col-md-10 vc_col-sm-offset-1&#8243;][vc_column_text][\/vc_column_text][vc_column_text&#8230;<\/p>\n","protected":false},"author":1,"featured_media":0,"parent":3503,"menu_order":1,"comment_status":"closed","ping_status":"closed","template":"full_width.php","meta":{"footnotes":""},"class_list":["post-11369","page","type-page","status-publish","hentry"],"aioseo_notices":[],"_links":{"self":[{"href":"https:\/\/grabalosa.com\/finestres\/es\/wp-json\/wp\/v2\/pages\/11369","targetHints":{"allow":["GET"]}}],"collection":[{"href":"https:\/\/grabalosa.com\/finestres\/es\/wp-json\/wp\/v2\/pages"}],"about":[{"href":"https:\/\/grabalosa.com\/finestres\/es\/wp-json\/wp\/v2\/types\/page"}],"author":[{"embeddable":true,"href":"https:\/\/grabalosa.com\/finestres\/es\/wp-json\/wp\/v2\/users\/1"}],"replies":[{"embeddable":true,"href":"https:\/\/grabalosa.com\/finestres\/es\/wp-json\/wp\/v2\/comments?post=11369"}],"version-history":[{"count":7,"href":"https:\/\/grabalosa.com\/finestres\/es\/wp-json\/wp\/v2\/pages\/11369\/revisions"}],"predecessor-version":[{"id":11429,"href":"https:\/\/grabalosa.com\/finestres\/es\/wp-json\/wp\/v2\/pages\/11369\/revisions\/11429"}],"up":[{"embeddable":true,"href":"https:\/\/grabalosa.com\/finestres\/es\/wp-json\/wp\/v2\/pages\/3503"}],"wp:attachment":[{"href":"https:\/\/grabalosa.com\/finestres\/es\/wp-json\/wp\/v2\/media?parent=11369"}],"curies":[{"name":"wp","href":"https:\/\/api.w.org\/{rel}","templated":true}]}}