{"id":1784,"date":"2020-12-09T14:10:38","date_gmt":"2020-12-09T13:10:38","guid":{"rendered":"https:\/\/grabalosa.com\/politica-de-privacidad\/"},"modified":"2022-06-02T16:24:07","modified_gmt":"2022-06-02T14:24:07","slug":"politica-de-privacidad","status":"publish","type":"page","link":"https:\/\/grabalosa.com\/es\/politica-de-privacidad\/","title":{"rendered":"Pol\u00edtica de privacidad"},"content":{"rendered":"<div class=\"wpb-content-wrapper\"><p>[vc_row css_animation=\u00bb\u00bb row_type=\u00bbrow\u00bb use_row_as_full_screen_section=\u00bbno\u00bb type=\u00bbgrid\u00bb angled_section=\u00bbno\u00bb text_align=\u00bbleft\u00bb background_image_as_pattern=\u00bbwithout_pattern\u00bb z_index=\u00bb\u00bb css=\u00bb.vc_custom_1611224694695{padding-top: 60px !important;padding-bottom: 60px !important;}\u00bb][vc_column offset=\u00bbvc_col-lg-offset-2 vc_col-lg-8 vc_col-md-offset-1 vc_col-md-10&#8243; el_class=\u00bblegal-text\u00bb][vc_column_text]<\/p>\n<h2 class=\"h1\">Pol\u00edtica de privacidad<\/h2>\n<h3>Informaci\u00f3n B\u00e1sica sobre Protecci\u00f3n de Datos<\/h3>\n<ul>\n<li>Responsable: Met\u00e1licas Grabalosa, S.L. (GRABALOSA)<\/li>\n<li>Finalidad: Prestaci\u00f3n de servicios en l\u00ednea. Gesti\u00f3n de usuarios web. Comunicaciones comerciales relacionadas con nuestros servicios. Gestionar datos aportados por los candidatos a proceso de selecci\u00f3n de personal.<\/li>\n<li>Legitimaci\u00f3n: Consentimiento expreso e inter\u00e9s leg\u00edtimo.<\/li>\n<li>Destinatarios: No se ceden datos a terceros, excepto: Por obligaci\u00f3n legal. A empresas especializadas en selecci\u00f3n de personal y an\u00e1lisis de perfiles por los candidatos a un puesto de trabajo.<\/li>\n<li>Derechos: Acceder, rectificar y suprimir los datos, as\u00ed como otros derechos, como se explica a la informaci\u00f3n adicional.<\/li>\n<li>Informaci\u00f3n adicional: Puede consultar la informaci\u00f3n adicional y detallada sobre Protecci\u00f3n de Datos en las Cl\u00e1usulas anejas que se encuentran a continuaci\u00f3n.<\/li>\n<\/ul>\n<p>A GRABALOSA trabajamos para ofrecerle a trav\u00e9s de nuestros productos y servicios la mejor experiencia posible. En algunos casos, es necesario recavar la informaci\u00f3n para conseguirlo. Nos importa su privacidad y creemos que tenemos que ser transparentes al respeto. Por eso, y a efectos del previsto al Reglamento (UE) 2016\/679 del Parlamento Europeo y del Consejo de 27 de abril de 2016 (en adelante, \u00abRGPD\u00bb) relativo a la protecci\u00f3n de las personas f\u00edsicas en el que respeta al tratamiento de datos personales y a la libre circulaci\u00f3n de estos datos, y la LEY 34\/2002, de 11 de julio, de Servicios de la Sociedad de la Informaci\u00f3n y de Comercio Electr\u00f3nico (en adelante, \u00abLSSI\u00bb), GRABALOSA informa al usuario que, como responsable del tratamiento, incorporar\u00e1 los datos de car\u00e1cter personal facilitadas por los usuarios en un fichero automatizado. Nuestro compromiso empieza para explicarle el siguiente:<\/p>\n<ul>\n<li>Se recogen sus datos porque la experiencia de usuario mejore, atendiendo sus intereses y necesidades.<\/li>\n<li>Somos transparentes con relaci\u00f3n a los datos que obtenemos sobre usted y la raz\u00f3n por la que lo hacemos.<\/li>\n<li>Nuestra intenci\u00f3n es ofrecerle la mejor experiencia posible. Por eso, cuando utilizamos su informaci\u00f3n personal lo haremos siempre cumpliendo la normativa, y cuando sea necesario, solicitaremos su consentimiento.<\/li>\n<li>Entendemos que sus datos le pertenecen. Por lo tanto, si decide no autorizarnos a procesarlas puede solicitar que dejamos de tratarlas.<\/li>\n<li>Nuestra prioridad consiste a garantizar su seguridad y tratar sus datos de acuerdo con la normativa europea.<\/li>\n<\/ul>\n<p>Si deseas obtener m\u00e1s informaci\u00f3n sobre el tratamiento de sus datos, consulte los diferentes apartados de la pol\u00edtica de privacidad que se encuentran a continuaci\u00f3n:<\/p>\n<h3>Qui\u00e9n es el responsable del tratamiento de sus datos personales?<\/h3>\n<ul>\n<li>Denominaci\u00f3n social: MET\u00c1LICAS GRABALOSA, S.L.<\/li>\n<li>Denominaci\u00f3n comercial: GRABALOSA<\/li>\n<li>Domicilio social: Ctra. de l\u2019Escala, km 3,8. 17141. Bellcaire d\u2019Empord\u00e0 (Girona)<\/li>\n<li>C.I.F.: B17042573<\/li>\n<li>e-mail: <a href=\"mailto:comercial@grabalosa.com\">comercial@grabalosa.com<\/a><\/li>\n<\/ul>\n<p>GRABALOSA ha designado una persona de contacto interna como coordinador de la adaptaci\u00f3n dentro de su organizaci\u00f3n. Si quiere hacer una consulta con relaci\u00f3n al tratamiento de sus datos personales, puedes ponerse en contacto con \u00e9l mediante el correo <a href=\"mailto:comercial@grabalosa.com\">comercial@grabalosa.com<\/a>.<\/p>\n<h3>Qu\u00e9 datos personales recopilamos?<\/h3>\n<p>Los datos personales que el usuario puede llegar a proporcionar:<\/p>\n<ul>\n<li>Nombre, direcci\u00f3n y fecha de nacimiento.<\/li>\n<li>N\u00famero de tel\u00e9fono y direcci\u00f3n de correo electr\u00f3nico.<\/li>\n<li>Ubicaci\u00f3n.<\/li>\n<li>Informaci\u00f3n relativa a pagos y devoluciones.<\/li>\n<li>Direcci\u00f3n IP, fecha y hora en la que ha accedido a nuestros servicios, navegador de internet que utilice y datos sobre el sistema operativo del dispositivo.<\/li>\n<li>Cualquier otra informaci\u00f3n o datos que decida compartir con nosotros.<\/li>\n<\/ul>\n<p>En algunos casos, es obligatoria la complementaci\u00f3n del formulario de registro para acceder y disfrutar de determinados servicios ofrecidos a la web; as\u00ed mismo, no facilitar los datos personales solicitados o el no aceptar la presente pol\u00edtica de protecci\u00f3n de datos supone la imposibilidad de subscribirse, registrarse o participar en cualquier de las promociones en las que se soliciten datos de car\u00e1cter personal.<\/p>\n<h3>Porque y para que tratamos sus datos?<\/h3>\n<p>A GRABALOSA tratamos la informaci\u00f3n que nos facilitan las personas interesadas con las siguientes finalidades:<\/p>\n<ul>\n<li>Gestionar pedidos o contratar alg\u00fan de nuestros servicios, sea en l\u00ednea o a las tiendas f\u00edsicas.<\/li>\n<li>Gestionar el env\u00edo de la informaci\u00f3n que nos soliciten.<\/li>\n<li>Desarrollar acciones comerciales y realizar el mantenimiento y gesti\u00f3n de la relaci\u00f3n con el usuario, as\u00ed como la gesti\u00f3n de los servicios ofrecidos a trav\u00e9s del sitio web y las tareas de informaci\u00f3n, pudiendo realizar valoraciones autom\u00e1ticas, obtenci\u00f3n de perfiles y tareas de segmentaci\u00f3n de los clientes con el objeto de personalizar el tratamiento conforme a sus caracter\u00edsticas y necesidades y mejor la experiencia en l\u00ednea del cliente.<\/li>\n<li>Desarrollar y gestionar los concursos, sorteos u otras actividades promocionales que se puedan organizar.<\/li>\n<\/ul>\n<p>En algunos casos ser\u00e1 necesario facilitar informaci\u00f3n a las Autoridades o terceras empresas por motivos de auditor\u00eda, as\u00ed como manejar datos personales de facturas, contratos y documentos para responder a reclamaciones de clientes o de las Administraciones P\u00fablicas. Informamos que los datos personales que se obtengan como consecuencia de su registro como usuario formar\u00e1n parte del Registro de Actividades y operaciones de Tratamiento (RAT), que se actualizar\u00e1 peri\u00f3dicamente de acuerdo con el establecido al RGPD.<\/p>\n<h3>Cu\u00e1l es la legitimaci\u00f3n por el tratamiento de sus datos?<\/h3>\n<p>El tratamiento de sus datos puede fundamentarse en las siguientes bases legales:<\/p>\n<ul>\n<li>Consentimiento del interesado para la contrataci\u00f3n de servicios y productos, por los formularios de contacto, las solicitudes de informaci\u00f3n o alta a newsletters.<\/li>\n<li>Inter\u00e9s leg\u00edtimo por el tratamiento de datos de nuestros clientes en acciones de marketing directo y consentimiento expreso del interesado por todo el relativo a las valoraciones autom\u00e1ticas y elaboraci\u00f3n de perfiles.<\/li>\n<li>Cumplimiento de obligaciones legales por prevenci\u00f3n del fraude, comunicaci\u00f3n con Autoridades p\u00fablicas y reclamaciones de terceros.<\/li>\n<\/ul>\n<h3>Cu\u00e1nto tiempo conservamos sus datos?<\/h3>\n<p>El tratamiento de los datos con las finalidades descritas se mantendr\u00e1 durante el tiempo necesario para cumplir con el fin de su recogida (por ejemplo, mientras dure la relaci\u00f3n comercial), as\u00ed como por el cumplimiento de las obligaciones legales que se deriven del tratamiento de los datos.<\/p>\n<h3>A qu\u00e9 destinatarios se comunican sus datos?<\/h3>\n<p>En algunos casos, solo cuando sea necesario, GRABALOSA proporcionar\u00e1 datos de los usuarios a terceros. Sin embargo, nunca se vender\u00e1n los datos a terceros. Los proveedores de servicios externos (por ejemplo, proveedores de pago o empresas de reparto con los que GRABALOSA trabaje pueden utilizar los datos para proporcionar los servicios correspondientes, sin perjuicio de esto, no utilizar\u00e1n la informaci\u00f3n por finalidades propias o por cesi\u00f3n a terceros. GRABALOSA procura garantizar la seguridad de los datos personales cuando se env\u00edan fuera de la empresa y se asegura que los terceros proveedores del servicio respetan la confidencialidad y cuentan con las medidas adecuadas para proteger los datos personales. Estos terceros tienen la obligaci\u00f3n de garantizar que la informaci\u00f3n se trata conforme con la normativa de privacidad de datos. En algunos casos, la ley puede exigir que se revelen datos personales a organismos p\u00fablicos u otras partes, solo se revelar\u00e1 el estrictamente necesario para el cumplimiento de estas obligaciones legales. Los datos personales obtenidos tambi\u00e9n podr\u00e1n ser compartidas con otras empresas del grupo.<\/p>\n<h3>Donde se almacenan tus datos?<\/h3>\n<p>A todos los efectos, los datos se almacenan dentro de la UE. Los datos que se env\u00edan a terceros que no pertenecen en la UE, nos aseguraremos que ofrezcan un nivel de protecci\u00f3n suficiente, ya sea porque cuentan con Normas Corporativas Vinculantes (BCR) o porque se hayan adherido al \u201cPrivacy Shield\u201d.<\/p>\n<h3>Qu\u00e9 derechos lo asisten y como puede ejercerlos?<\/h3>\n<p>Puede dirigir sus comunicaciones y ejercer sus derechos mediante una petici\u00f3n en el siguiente correo electr\u00f3nico: <a href=\"mailto:comercial@grabalosa.com\">comercial@grabalosa.com<\/a>. En virtud del que establece el RGPD puede solicitar:<\/p>\n<ul>\n<li>Derecho de acceso: puede pedir informaci\u00f3n de aquellos datos personales que dispongamos sobre usted.<\/li>\n<li>Derecho de rectificaci\u00f3n: puede comunicar cualquier cambio en sus datos personales.<\/li>\n<li>Derecho de supresi\u00f3n y al olvido: puede solicitar la eliminaci\u00f3n previo bloqueo de los datos personales.<\/li>\n<li>Derecho de limitaci\u00f3n al tratamiento: supone la restricci\u00f3n del tratamiento de los datos personales.<\/li>\n<li>Derecho de oposici\u00f3n: puede retirar el consentimiento del tratamiento de los datos, oponi\u00e9ndose al hecho que se sigan tratando.<\/li>\n<li>Derecho a la portabilidad: en algunos casos, puede pedir una copia de los datos personales en un formato estructurado, de uso com\u00fan y lectura mec\u00e1nica por su transmisi\u00f3n a otro responsable.<\/li>\n<li>Derecho a no ser objeto de decisiones individualizadas: puede solicitar que no se tomen decisiones que se basen \u00fanicamente en el tratamiento automatizando, incluyendo la elaboraci\u00f3n de perfiles, que produzca efectos jur\u00eddicos o afecte significativamente en el interesado.<\/li>\n<\/ul>\n<p>En algunos casos, se podr\u00e1 rechazar la solicitud si solicita que se eliminen datos necesarios para el cumplimiento de obligaciones legales. As\u00ed mismo, si ten alguna queja sobre el tratamiento de los datos puede presentar una reclamaci\u00f3n ante la autoridad de protecci\u00f3n de datos.<\/p>\n<h3>Qui\u00e9n es el responsable de la exactitud y veracidad de los datos facilitados?<\/h3>\n<p>El usuario es el \u00fanico responsable de la veracidad y correcci\u00f3n de los datos incluidos, exonerando a GRABALOSA de cualquier responsabilidad al respeto. Los usuarios garantizan y responden, en cualquier caso, de la exactitud, vigencia y autenticidad de los datos personales facilitados, y se comprometen a mantenerlas debidamente actualizadas. El usuario acepta proporcionar informaci\u00f3n completa y correcta en el formulario de registro o suscripci\u00f3n. GRABALOSA se reserva el derecho de finalizar los servicios contratados que se hubieran celebrado con los usuarios, en caso de que los datos que haya facilitado sean falsas, incompletas inexactas o no est\u00e9n actualizadas. GRABALOSA no responde de la veracidad de las informaciones que no sean de elaboraci\u00f3n propia y de las que se indique otra fuente, por lo cual tampoco asume ninguna responsabilidad en cuanto a hipot\u00e9ticos perjuicios que pudieran originarse por el uso de esta informaci\u00f3n. GRABALOSA se reserva el derecho a actualizar, modificar o eliminar la informaci\u00f3n contenida en sus p\u00e1ginas web pudiendo incluso limitar o no permitir el acceso a esta informaci\u00f3n. Se exonera a GRABALOSA de responsabilidad enfrente a cualquier da\u00f1o o perjuicio que pudiera sufrir el usuario como consecuencia de errores, defectos u omisiones, en la informaci\u00f3n facilitada por GRABALOSA siempre que proceda de fuentes ajenas a esta. As\u00ed mismo, el usuario certifica que es m\u00e1s grande de 14 a\u00f1os y que posee la capacidad legal necesaria por la prestaci\u00f3n del consentimiento respecto al tratamiento de sus datos de car\u00e1cter personal.<\/p>\n<h3>C\u00f3mo tratamos los datos personales de los menores de edad?<\/h3>\n<p>En principio nuestros servicios no van dirigidos espec\u00edficamente a menores de edad. Sin embargo, en el supuesto de que alguno de ellos se dirija a menores de catorce a\u00f1os, en conformidad con el art\u00edculo 8 del RGPD y el art\u00edculo 7 de la LO 3\/2018, de 5 de diciembre (LOPDGDD), GRABALOSA exigir\u00e1 el consentimiento v\u00e1lido, libre, inequ\u00edvoco, espec\u00edfico e informado de los tutores legales para tratar los datos personales de los menores. En este caso, se exigir\u00e1 el DNI u otra forma de identificaci\u00f3n de quien preste el consentimiento. En el caso de mayores de catorce a\u00f1os podr\u00e1 procederse al tratamiento de los datos con el consentimiento del usuario, exceptuando aquellos casos en los cuales la Ley exija la asistencia de los titulares de la patria potestad o tutela.<\/p>\n<h3>Qu\u00e9 medidas de seguridad aplicamos para proteger sus datos personales?<\/h3>\n<p>GRABALOSA ha adoptado los niveles de seguridad de protecci\u00f3n de los datos personales legalmente requeridas, y procura instalar aquellos otros medios y medidas t\u00e9cnicas adicionales en su alcance para evitar la p\u00e9rdida, mal uso, alteraci\u00f3n, acceso no autorizado y hurto de los datos personales facilitados a GRABALOSA. GRABALOSA no es responsable de hipot\u00e9ticos da\u00f1os o perjuicios que se pudieran derivar de interferencias, omisiones, interrupciones, virus inform\u00e1ticos, aver\u00edas telef\u00f3nicas o desconexiones en el funcionamiento operativo de este sistema electr\u00f3nico, motivadas por causas ajenas a GRABALOSA; de retrasos o bloqueos en el uso del presente sistema electr\u00f3nico causados por de ciencias o sobrecargas de l\u00edneas telef\u00f3nicas o sobrecargas en el Centro de Procesos de Datos, en el sistema de Internet o en otros sistemas electr\u00f3nicos, as\u00ed como de da\u00f1os que puedan ser causados por terceras personas mediante intromisiones ileg\u00edtimas fuera del control de GRABALOSA. No obstante, el usuario tiene que ser consciente que las medidas de seguridad a Internet no son inexpugnables.<\/p>\n<h3>Enlaces a otros sitios web<\/h3>\n<p>En el sitio web <a href=\"https:\/\/grabalosa.com\/es\/\">grabalosa.com<\/a> puede haber enlaces en otras p\u00e1ginas web. Al clicar en uno de estos enlaces y acceder a un sitio web externo, la visita estar\u00e1 sujeta a la pol\u00edtica de privacidad de aquel sitio web, quedando GRABALOSA desvinculada de cualquier clase de responsabilidad sobre su pol\u00edtica de privacidad.<\/p>\n<h3>C\u00f3mo utilizamos las cookies?<\/h3>\n<p>El sitio web de GRABALOSA utiliza cookies, a los efectos de optimizar y personalizar su navegaci\u00f3n por el mismo. Las cookies son ficheros f\u00edsicos de informaci\u00f3n que se alojan en el terminal del usuario, la informaci\u00f3n recogida mediante las cookies sirve para facilitar la navegaci\u00f3n del usuario por el portal y optimizar la experiencia de navegaci\u00f3n. Los datos recopilados mediante las cookies pueden ser compartidas con los creadores de estas, pero en ning\u00fan caso la informaci\u00f3n obtenida por las mismas ser\u00e1 asociada a datos personales ni a datos que puedan identificar al usuario. Sin embargo, si el usuario no desea que se instalen cookies en su disco llevar, tiene la posibilidad de configurar el navegador de tal manera que impida la instalaci\u00f3n de estos archivos. Para obtener m\u00e1s informaci\u00f3n consulte nuestra <a href=\"https:\/\/grabalosa.com\/es\/politica-de-cookies-es\/\">Pol\u00edtica de Cookies<\/a>.<\/p>\n<h3>Puede modificarse la pol\u00edtica de privacidad?<\/h3>\n<p>Esta pol\u00edtica de privacidad puede modificarse. Te recomendamos que revises la pol\u00edtica de privacidad con cierta periodicidad.<\/p>\n<h3>Pol\u00edtica de privacidad de Facebook<\/h3>\n<p>Te agradecemos que sigas nuestra p\u00e1gina en Facebook, desde la cual te informaremos adecuadamente de nuestros productos y servicios. Como nuestra entidad tiene un claro compromiso con el valor de la protecci\u00f3n de datos, el primero y m\u00e1s importante es explicarte las consecuencias que contin\u00faes tu navegaci\u00f3n e indiques que te gusta esta p\u00e1gina:<\/p>\n<ul>\n<li>Trataremos tus datos personales, para gestionar el listado de personas a las que los gusta nuestra p\u00e1gina de Facebook.<\/li>\n<li>Recibir\u00e1s informaci\u00f3n relacionada con acontecimientos, actividades y promociones de nuestra entidad, siempre a trav\u00e9s de Facebook.<\/li>\n<\/ul>\n<p>Fuera de estos supuestos no utilizaremos tus datos para finalidades diferentes de las anteriormente indicadas. Cuando quieras dejar de seguirnos, el \u00fanico que tendr\u00e1s que hacer es clic al bot\u00f3n \u00abYa no me gusta\u00bb de nuestra p\u00e1gina de Facebook. Cualquier dato que quieras modificar en la cuenta de Facebook, tienes que hacerlo a la parte de \u00abConfiguraci\u00f3n\u00bb de la propia Red Social. De cualquier manera, si quieres conocer nuestra pol\u00edtica de privacidad o como poder ejercer tus derechos de acceder, rectificar y suprimir los datos, as\u00ed como otros derechos, tenso toda la informaci\u00f3n adicional en la web: <a href=\"https:\/\/grabalosa.com\/es\/\">grabalosa.com<\/a>.<\/p>\n<h3>Pol\u00edtica de privacidad de Instagram<\/h3>\n<p>Te agradecemos que sigas nuestra p\u00e1gina en INSTAGRAM, desde la cual te informaremos adecuadamente de nuestros productos y servicios. Como nuestra entidad tiene un claro compromiso con el valor de la protecci\u00f3n de datos, el primero y m\u00e1s importante es explicarte las consecuencias que contin\u00faes tu navegaci\u00f3n e indiques que te gusta esta p\u00e1gina:<\/p>\n<ul>\n<li>Trataremos tus datos personales, para gestionar el listado de personas a las que los gusta nuestra p\u00e1gina de INSTAGRAM.<\/li>\n<li>Recibir\u00e1s informaci\u00f3n relacionada con acontecimientos, actividades y promociones de nuestra entidad, siempre a trav\u00e9s de INSTAGRAM.<\/li>\n<\/ul>\n<p>Fuera de estos supuestos no utilizaremos tus datos para finalidades diferentes de las anteriormente indicadas. Cuando quieras dejar de seguirnos, el \u00fanico que tendr\u00e1s que hacer es clic al bot\u00f3n \u00abYa no me gusta\u00bb de nuestra p\u00e1gina de INSTAGRAM. Cualquier dato que quieras modificar en la cuenta de INSTAGRAM, tienes que hacerlo a la parte de \u00abConfiguraci\u00f3n\u00bb de la propia Red Social. De cualquier manera, si quieres conocer nuestra pol\u00edtica de privacidad o como poder ejercer tus derechos de acceder, rectificar y suprimir los datos, as\u00ed como otros derechos, tenso toda la informaci\u00f3n adicional en la web: <a href=\"https:\/\/grabalosa.com\/es\/\">grabalosa.com<\/a>.[\/vc_column_text][\/vc_column][\/vc_row]<\/p>\n<\/div>","protected":false},"excerpt":{"rendered":"<p>[vc_row css_animation=\u00bb\u00bb row_type=\u00bbrow\u00bb use_row_as_full_screen_section=\u00bbno\u00bb type=\u00bbgrid\u00bb angled_section=\u00bbno\u00bb text_align=\u00bbleft\u00bb background_image_as_pattern=\u00bbwithout_pattern\u00bb z_index=\u00bb\u00bb css=\u00bb.vc_custom_1611224694695{padding-top: 60px !important;padding-bottom: 60px !important;}\u00bb][vc_column offset=\u00bbvc_col-lg-offset-2 vc_col-lg-8 vc_col-md-offset-1 vc_col-md-10&#8243;&#8230;<\/p>\n","protected":false},"author":1,"featured_media":0,"parent":0,"menu_order":91,"comment_status":"closed","ping_status":"closed","template":"full_width.php","meta":{"_acf_changed":false,"footnotes":""},"class_list":["post-1784","page","type-page","status-publish","hentry"],"aioseo_notices":[],"acf":[],"_links":{"self":[{"href":"https:\/\/grabalosa.com\/es\/wp-json\/wp\/v2\/pages\/1784","targetHints":{"allow":["GET"]}}],"collection":[{"href":"https:\/\/grabalosa.com\/es\/wp-json\/wp\/v2\/pages"}],"about":[{"href":"https:\/\/grabalosa.com\/es\/wp-json\/wp\/v2\/types\/page"}],"author":[{"embeddable":true,"href":"https:\/\/grabalosa.com\/es\/wp-json\/wp\/v2\/users\/1"}],"replies":[{"embeddable":true,"href":"https:\/\/grabalosa.com\/es\/wp-json\/wp\/v2\/comments?post=1784"}],"version-history":[{"count":6,"href":"https:\/\/grabalosa.com\/es\/wp-json\/wp\/v2\/pages\/1784\/revisions"}],"predecessor-version":[{"id":3716,"href":"https:\/\/grabalosa.com\/es\/wp-json\/wp\/v2\/pages\/1784\/revisions\/3716"}],"wp:attachment":[{"href":"https:\/\/grabalosa.com\/es\/wp-json\/wp\/v2\/media?parent=1784"}],"curies":[{"name":"wp","href":"https:\/\/api.w.org\/{rel}","templated":true}]}}