{"id":1770,"date":"2020-12-24T12:01:02","date_gmt":"2020-12-24T11:01:02","guid":{"rendered":"https:\/\/grabalosa.com\/aviso-legal\/"},"modified":"2022-06-02T16:07:43","modified_gmt":"2022-06-02T14:07:43","slug":"aviso-legal","status":"publish","type":"page","link":"https:\/\/grabalosa.com\/es\/aviso-legal\/","title":{"rendered":"Aviso legal"},"content":{"rendered":"<div class=\"wpb-content-wrapper\"><p>[vc_row css_animation=\u00bb\u00bb row_type=\u00bbrow\u00bb use_row_as_full_screen_section=\u00bbno\u00bb type=\u00bbgrid\u00bb angled_section=\u00bbno\u00bb text_align=\u00bbleft\u00bb background_image_as_pattern=\u00bbwithout_pattern\u00bb z_index=\u00bb\u00bb css=\u00bb.vc_custom_1611224694695{padding-top: 60px !important;padding-bottom: 60px !important;}\u00bb][vc_column offset=\u00bbvc_col-lg-offset-2 vc_col-lg-8 vc_col-md-offset-1 vc_col-md-10&#8243; el_class=\u00bblegal-text\u00bb][vc_column_text]<\/p>\n<h2 class=\"h1\">Aviso legal<\/h2>\n<p>En cumplimiento con el deber de informaci\u00f3n recogido en el art\u00edculo 10 de la Ley 34\/2002, de 11 de Julio, de Servicios de la Informaci\u00f3n y del Comercio Electr\u00f3nico, lo informamos que el sitio web, el <a href=\"https:\/\/grabalosa.com\/es\/\">portal de Internet<\/a> (en adelante, el \u00abWeb\u00bb) sue\u00f1o de titularidad de Met\u00e1licas Grabalosa, S.L. (GRABALOSA), con domicilio social a Ctra. de l\u2019Escala, km 3,8. 17141. Bellcaire d\u2019Empord\u00e0 (Girona) con CIF n.\u00ba B17042573.<\/p>\n<p>Inscrita en el Registro Mercantil de Girona.<\/p>\n<p><strong>Comunicaciones<\/strong><\/p>\n<p>Tel\u00e9fono: +34 972 788 028<br \/>\ne-mail: <a href=\"mailto:comercial@grabalosa.com\">comercial@grabalosa.com<\/a><\/p>\n<p>Lo presente aviso legal regula las condiciones de uso del citado portal de Internet.<\/p>\n<h3>Ley aplicable y jurisdicci\u00f3n<\/h3>\n<p>A todos los efectos las relaciones entre GRABALOSA y los usuarios de los servicios telem\u00e1ticos, presentes a la Web, se encuentran sometidas a la legislaci\u00f3n y jurisdicci\u00f3n espa\u00f1olas.<\/p>\n<p>Las partes renuncian expresamente al fuero que los pueda corresponder y someten expresamente a los Juzgados y Tribunales para resolver cualquier controversia que pueda surgir en la interpretaci\u00f3n o ejecuci\u00f3n de las presentes condiciones contractuales.<\/p>\n<h3>Aceptaci\u00f3n del usuario<\/h3>\n<p>Este Aviso Legal regula el acceso y utilizaci\u00f3n de la p\u00e1gina web que GRABALOSA pose a disposici\u00f3n de los usuarios de Internet. Se considera usuario a la persona que acceda, navegue, utilice o participio en los servicios y actividades de la p\u00e1gina web.<\/p>\n<p>El usuario queda informado, y acepta, que el acceso a la presente web no supone, de ninguna forma, el inicio de una relaci\u00f3n comercial con GRABALOSA.<\/p>\n<p>El acceso y navegaci\u00f3n al sitio web por parte del usuario supone la aceptaci\u00f3n de la totalidad de las presentes Condiciones de Uso. En caso de desacuerdo con las condiciones tiene que abstenerse a usar el sitio web.<\/p>\n<h3>Acceso en la web<\/h3>\n<p>El acceso en la p\u00e1gina web por parte de los usuarios es de car\u00e1cter libre y gratuito. Algunos servicios pueden encontrarse sujetes a contrataci\u00f3n previa del servicio.<\/p>\n<p>En caso de ser necesario que el usuario aporte datos personales para acceder a alguno de los servicios, la recogida y el tratamiento de los datos se realizar\u00e1 en conformidad con la normativa vigente, en concreto con el RGPD. Por m\u00e1s informaci\u00f3n, consulte nuestra <a href=\"https:\/\/grabalosa.com\/es\/politica-de-cookies-es\/\">pol\u00edtica de privacidad<\/a>.<\/p>\n<h3>Contenido y uso<\/h3>\n<p>La visita al sitio web por parte del usuario tendr\u00e1 que hacerse de forma responsable y de conformidad a la legalidad vigente, la buena fe, el presente Aviso Legal y respetando los derechos de propiedad intelectual e industrial de titularidad de GRABALOSA o cualquier otras personas f\u00edsicas o jur\u00eddicas.<\/p>\n<p>El uso de cualquier de los contenidos del sitio web con fines que sean o pudieran ser il\u00edcitas queda totalmente prohibido, as\u00ed como la realizaci\u00f3n de cualquier acci\u00f3n que cause o pueda causar da\u00f1os o alteraciones de cualquier tipo no consentidas por GRABALOSA, al sitio web o a sus contenidos.<\/p>\n<p>El titular del web no se identifica con las opiniones abocadas en el mismo por sus colaboradores. La empresa se reserva el derecho a efectuar sin previo aviso las modificaciones que considere oportunas en su Web, pudiendo cambiar, suprimir o a\u00f1adir tanto los contenidos y servicios que se prestan a trav\u00e9s de la misma como la forma en la cual estos aparezcan presentados o localizados en sus servidores.<\/p>\n<p>Queda terminantemente prohibido utilizar cualquier de los contenidos del sitio web con fines il\u00edcitos, as\u00ed como realizar cualquier actuaci\u00f3n que cause o pueda ocasionar da\u00f1os o alteraciones de cualquier tipo no consensuada por GRABALOSA, del sitio web o de sus contenidos.<\/p>\n<h3>Propiedad intelectual e industrial<\/h3>\n<p>Los derechos de propiedad intelectual del contenido de las p\u00e1ginas web, su dise\u00f1o gr\u00e1fico y c\u00f3digos son titularidad de GRABALOSA y, por lo tanto, queda prohibida su reproducci\u00f3n, distribuci\u00f3n, comunicaci\u00f3n p\u00fablica, transformaci\u00f3n o cualquier otra actividad que se realice con los contenidos de la p\u00e1gina web, aunque se citen las fuentes, excepto que se cuente con el consentimiento previo, expr\u00e9s y por escrito de GRABALOSA. Todos los nombres comerciales, marcas o signos distintivos de cualquier clase contenidos en las p\u00e1ginas web de la empresa son propiedad de sus amos y est\u00e1n protegidos por ley.<\/p>\n<p>GRABALOSA no concede ninguna licencia o autorizaci\u00f3n de uso de ninguna clase sobre sus derechos de propiedad intelectual e industrial o sobre cualquier otra propiedad o derecho relacionado con el sitio web, y en ning\u00fan caso se entender\u00e1 que el acceso y navegaci\u00f3n de los usuarios implica una renuncia, transmisi\u00f3n, licencia o cesi\u00f3n total ni parcial de estos derechos por parte de GRABALOSA.<\/p>\n<p>Cualquier uso de estos contenidos no autorizados previamente por parte de GRABALOSA ser\u00e1 considerado un incumplimiento grave de los derechos de propiedad intelectual o industrial y dar\u00e1 lugar a las responsabilidades legalmente establecidas. GRABALOSA se reserva el derecho de ejercitar enfrente el usuario las acciones judiciales y extrajudiciales que correspondan.<\/p>\n<h3>Responsabilidad y garant\u00edas<\/h3>\n<p>GRABALOSA declara que ha adoptado las medidas necesarias que, dentro de sus posibilidades y el estado de la tecnolog\u00eda, permiten el correcto funcionamiento de su sitio web as\u00ed como la ausencia de virus y componentes nocivos. Sin embargo, GRABALOSA no puede hacerse responsable de las siguientes situaciones que se enumeran a t\u00edtulo enunciativo, pero no limitativo:<\/p>\n<ul>\n<li>La continuidad y disponibilidad de los Contenidos.<\/li>\n<li>La ausencia de errores en los Contenidos ni la correcci\u00f3n de cualquier defecto que pudiera ocurrir.<\/li>\n<li>La ausencia de virus y\/u otros componentes nocivos.<\/li>\n<li>Los da\u00f1os o perjuicios que cause cualquier persona que vulnere los sistemas de seguridad de GRABALOSA.<\/li>\n<li>El uso que los usuarios puedan hacer de los contenidos incluidos en el web. En consecuencia, GRABALOSA no garantiza que el uso que los usuarios puedan hacer de los contenidos que en su caso se incluyan en el sitio web se ajusten al presente aviso legal ni que el uso del sitio web se realice de forma diligente.<\/li>\n<li>El uso por menores de edad del sitio web o del env\u00edo de sus datos personales sin el permiso de sus tutores, siente los tutores responsables del uso que hagan de Internet. Los contenidos a los cuales el usuario pueda acceder a trav\u00e9s de enlaces no autorizados o introducidos por usuarios mediante comentarios o herramientas similares.<\/li>\n<li>La introducci\u00f3n de datos err\u00f3neos por parte del usuario o de un tercero.<\/li>\n<\/ul>\n<p>GRABALOSA podr\u00e1 suspender temporalmente y sin previo aviso, la accesibilidad al sitio web con motivo de operaciones de mantenimiento, reparaci\u00f3n, actualizaci\u00f3n o mejora. Sin embargo, siempre que las circunstancias lo permitan, GRABALOSA comunicar\u00e1 al usuario, con antelaci\u00f3n suficiente, la fecha prevista por la suspensi\u00f3n de los contenidos.<\/p>\n<p>Igualmente, en conformidad con los artes. 11 y 16 de la Ley 34\/2002, de 11 de julio, de servicios de la sociedad de la informaci\u00f3n y de comercio electr\u00f3nico (LSSI-CE), GRABALOSA se compromete a la eliminaci\u00f3n o, en su caso, el bloqueo de los contenidos que pudieran afectar o ser contrarios a la legislaci\u00f3n vigente, los derechos de terceros o la moral y orden p\u00fablico.<\/p>\n<h3>Cookies<\/h3>\n<p>GRABALOSA utiliza cookies, a efectos de optimizar y personalizar su navegaci\u00f3n por el sitio web. Las cookies son ficheros f\u00edsicos de informaci\u00f3n que se alojan en el mismo terminal del usuario, la informaci\u00f3n recogida mediante las cookies sirve para facilitar la navegaci\u00f3n del usuario por el portal y optimizar la experiencia de navegaci\u00f3n. Los datos recopilados mediante las cookies pueden ser compartidas con los creadores de estas, pero en ning\u00fan caso la informaci\u00f3n obtenida por las mismas ser\u00e1 asociada a datos personales ni a datos que pueden identificar al usuario.<\/p>\n<p>Sin embargo, si el usuario no desea que se instalen cookies en su disco llevar, tiene la posibilidad de configurar el navegador de tal manera que impida la instalaci\u00f3n de estos archivos. Para obtener m\u00e1s informaci\u00f3n consulte nuestra <a href=\"https:\/\/grabalosa.com\/es\/politica-de-cookies-es\/\">Pol\u00edtica de Cookies<\/a>.<\/p>\n<h3>Enlaces (links)<\/h3>\n<p>La presencia de enlaces (links) en la p\u00e1gina web de GRABALOSA hacia otros lugares de Internet tiene finalidad meramente informativa y en ning\u00fan caso suponen sugerencia, invitaci\u00f3n o recomendaci\u00f3n sobre estos. GRABALOSA no asumir\u00e1 responsabilidad por los contenidos de un enlace perteneciente a un sitio web ajeno, ni garantizar\u00e1 la fiabilidad, exactitud, amplitud, veracidad, validez y disponibilidad t\u00e9cnica.<\/p>\n<p>En el caso de que a otros lugares webs se establezcan enlaces en la p\u00e1gina web de GRABALOSA, no se entender\u00e1 que GRABALOSA ha autorizado el enlace o el contenido del sitio web en el que se contiene el enlace, tampoco se podr\u00e1 incluir en la p\u00e1gina del enlace contenidos inapropiados, difamatorios, ilegales, obscenos o il\u00edcitos, ni otros contenidos que sean contrarios a la legalidad vigente.<\/p>\n<p>GRABALOSA se reserva la posibilidad de contactar con el propietario del sitio web en el cual se establezca el enlace si considera que se incumple la normativa, as\u00ed como de ejercitar las correspondientes acciones judiciales y extrajudiciales.<\/p>\n<h3>Modificaci\u00f3n de las condiciones<\/h3>\n<p>GRABALOSA se reserva expresamente el derecho a modificar unilateralmente, total o parcialmente, sin necesidad de previo aviso, el presente Aviso Legal. El usuario reconoce y acepta que es responsabilidad suya revisar peri\u00f3dicamente el presente Aviso Legal.[\/vc_column_text][\/vc_column][\/vc_row]<\/p>\n<\/div>","protected":false},"excerpt":{"rendered":"<p>[vc_row css_animation=\u00bb\u00bb row_type=\u00bbrow\u00bb use_row_as_full_screen_section=\u00bbno\u00bb type=\u00bbgrid\u00bb angled_section=\u00bbno\u00bb text_align=\u00bbleft\u00bb background_image_as_pattern=\u00bbwithout_pattern\u00bb z_index=\u00bb\u00bb css=\u00bb.vc_custom_1611224694695{padding-top: 60px !important;padding-bottom: 60px !important;}\u00bb][vc_column offset=\u00bbvc_col-lg-offset-2 vc_col-lg-8 vc_col-md-offset-1 vc_col-md-10&#8243;&#8230;<\/p>\n","protected":false},"author":1,"featured_media":0,"parent":0,"menu_order":90,"comment_status":"closed","ping_status":"closed","template":"full_width.php","meta":{"_acf_changed":false,"footnotes":""},"class_list":["post-1770","page","type-page","status-publish","hentry"],"aioseo_notices":[],"acf":[],"_links":{"self":[{"href":"https:\/\/grabalosa.com\/es\/wp-json\/wp\/v2\/pages\/1770","targetHints":{"allow":["GET"]}}],"collection":[{"href":"https:\/\/grabalosa.com\/es\/wp-json\/wp\/v2\/pages"}],"about":[{"href":"https:\/\/grabalosa.com\/es\/wp-json\/wp\/v2\/types\/page"}],"author":[{"embeddable":true,"href":"https:\/\/grabalosa.com\/es\/wp-json\/wp\/v2\/users\/1"}],"replies":[{"embeddable":true,"href":"https:\/\/grabalosa.com\/es\/wp-json\/wp\/v2\/comments?post=1770"}],"version-history":[{"count":6,"href":"https:\/\/grabalosa.com\/es\/wp-json\/wp\/v2\/pages\/1770\/revisions"}],"predecessor-version":[{"id":3710,"href":"https:\/\/grabalosa.com\/es\/wp-json\/wp\/v2\/pages\/1770\/revisions\/3710"}],"wp:attachment":[{"href":"https:\/\/grabalosa.com\/es\/wp-json\/wp\/v2\/media?parent=1770"}],"curies":[{"name":"wp","href":"https:\/\/api.w.org\/{rel}","templated":true}]}}