{"id":1414,"date":"2020-12-02T00:27:53","date_gmt":"2020-12-01T23:27:53","guid":{"rendered":"https:\/\/grabalosa.com\/new\/contacto\/"},"modified":"2022-09-27T11:23:40","modified_gmt":"2022-09-27T09:23:40","slug":"contacto","status":"publish","type":"page","link":"https:\/\/grabalosa.com\/es\/contacto\/","title":{"rendered":"Contacto"},"content":{"rendered":"<div class=\"wpb-content-wrapper\"><p>[vc_row css_animation=\u00bb\u00bb row_type=\u00bbrow\u00bb use_row_as_full_screen_section=\u00bbno\u00bb type=\u00bbgrid\u00bb angled_section=\u00bbno\u00bb text_align=\u00bbleft\u00bb background_image_as_pattern=\u00bbwithout_pattern\u00bb z_index=\u00bb\u00bb css=\u00bb.vc_custom_1609839823817{padding-top: 100px !important;padding-bottom: 100px !important;background-color: #f5f5f5 !important;}\u00bb anchor=\u00bbformulari\u00bb][vc_column width=\u00bb2\/3&#8243; offset=\u00bbvc_col-lg-offset-0 vc_col-lg-9 vc_col-md-offset-0 vc_col-md-9 vc_col-sm-offset-0 vc_col-xs-12&#8243; css=\u00bb.vc_custom_1609781389287{padding-right: 40px !important;}\u00bb][vc_column_text css=\u00bb.vc_custom_1609764653016{margin-bottom: 30px !important;}\u00bb]Si necesita asesoramiento o informaci\u00f3n para un proyecto o producto, p\u00f3ngase en contacto con nosotros por tel\u00e9fono o si lo prefieres clic y te llamamos![\/vc_column_text]\n\n\t<a href=\"#\" target=\"_self\" style=\"color: #ffffff;background-color: #000000;letter-spacing: 0.2px\" class=\"qode-btn qode-btn-medium qode-btn-solid qode-btn-custom-hover-bg qode-btn-custom-hover-color spu-open-3230 qode-btn-default-hover\" data-hover-bg-color=\"#383838\" data-hover-color=\"#ffffff\" >\n\t    <span class=\"qode-btn-text\">CLIC Y TE LLAMAMOS!<\/span>\t<\/a>\n\n[vc_column_text css=\u00bb.vc_custom_1609781418741{margin-bottom: 30px !important;padding-top: 50px !important;}\u00bb]Si necesitas contactar con alg\u00fan departamento:[\/vc_column_text][vc_row_inner row_type=\u00bbrow\u00bb type=\u00bbfull_width\u00bb text_align=\u00bbleft\u00bb css_animation=\u00bb\u00bb el_class=\u00bbmodul-contacte\u00bb][vc_column_inner offset=\u00bbvc_col-lg-4 vc_col-md-4&#8243;][vc_column_text css=\u00bb.vc_custom_1609765665144{margin-bottom: 30px !important;}\u00bb]<\/p>\n<h2 class=\"h1\">Atenci\u00f3n comercial<\/h2>\n<p>[\/vc_column_text][\/vc_column_inner][vc_column_inner offset=\u00bbvc_col-lg-4 vc_col-md-4&#8243;][vc_column_text]<\/p>\n<h6>CATALU\u00d1A<\/h6>\n<p><a href=\"mailto:comercial@grabalosa.com\">comercial@grabalosa.com<\/a>[\/vc_column_text][\/vc_column_inner][vc_column_inner offset=\u00bbvc_col-lg-4 vc_col-md-4&#8243;][vc_column_text]<\/p>\n<h6>FRANCIA<\/h6>\n<p><a href=\"mailto:commercialfr@grabalosa.com\">commercialfr@grabalosa.com<\/a>[\/vc_column_text][\/vc_column_inner][\/vc_row_inner][vc_row_inner row_type=\u00bbrow\u00bb type=\u00bbfull_width\u00bb text_align=\u00bbleft\u00bb css_animation=\u00bb\u00bb el_class=\u00bbmodul-contacte\u00bb][vc_column_inner offset=\u00bbvc_col-lg-4 vc_col-md-4&#8243;][vc_column_text css=\u00bb.vc_custom_1609765580181{margin-bottom: 30px !important;}\u00bb]<\/p>\n<h2 class=\"h1\">Oficina<\/h2>\n<p>[\/vc_column_text][\/vc_column_inner][vc_column_inner offset=\u00bbvc_col-lg-4 vc_col-md-4&#8243;][vc_column_text]<\/p>\n<h6>INFORMACI\u00d3N GENERAL<\/h6>\n<p><a href=\"mailto:info@grabalosa.com\">info@grabalosa.com<\/a>[\/vc_column_text][vc_column_text]<\/p>\n<h6>PRODUCCI\u00d3N<\/h6>\n<p><a href=\"mailto:produccio@grabalosa.com\">produccio@grabalosa.com<\/a>[\/vc_column_text][vc_column_text]<\/p>\n<h6>ADMINISTRACI\u00d3N<\/h6>\n<p><a href=\"mailto:administracio@grabalosa.com\">administracio@grabalosa.com<\/a>[\/vc_column_text][\/vc_column_inner][vc_column_inner offset=\u00bbvc_col-lg-4 vc_col-md-4&#8243;][vc_column_text]<\/p>\n<h6>COMPRAS<\/h6>\n<p><a href=\"mailto:compres@grabalosa.com\">compres@grabalosa.com<\/a>[\/vc_column_text][\/vc_column_inner][\/vc_row_inner][vc_row_inner row_type=\u00bbrow\u00bb type=\u00bbfull_width\u00bb text_align=\u00bbleft\u00bb css_animation=\u00bb\u00bb el_class=\u00bbmodul-contacte\u00bb][vc_column_inner offset=\u00bbvc_col-lg-4 vc_col-md-4&#8243;][vc_column_text css=\u00bb.vc_custom_1609843363685{margin-bottom: 30px !important;}\u00bb]<\/p>\n<h2 class=\"h1\">Oficina<br \/>\nt\u00e9cnica<\/h2>\n<p>[\/vc_column_text][\/vc_column_inner][vc_column_inner offset=\u00bbvc_col-lg-4 vc_col-md-4&#8243;][vc_column_text]<\/p>\n<h6>CATALU\u00d1A<\/h6>\n<p><a href=\"mailto:oficinatecnica@grabalosa.com\">oficinatecnica@grabalosa.com<\/a>[\/vc_column_text][\/vc_column_inner][vc_column_inner offset=\u00bbvc_col-lg-4 vc_col-md-4&#8243;][vc_column_text]<\/p>\n<h6>FRANCIA<\/h6>\n<p><a href=\"mailto:bureautechnique@grabalosa.com\">bureautechnique@grabalosa.com<\/a>[\/vc_column_text][\/vc_column_inner][\/vc_row_inner][\/vc_column][vc_column width=\u00bb1\/3&#8243; offset=\u00bbvc_col-lg-3 vc_col-md-3 vc_col-xs-12&#8243;][vc_column_text css=\u00bb.vc_custom_1609781531785{margin-bottom: 60px !important;}\u00bb el_class=\u00bbw-400&#8243;]<\/p>\n<h2 class=\"h1\">Especialistas<br \/>\nen carpinter\u00eda<br \/>\nde aluminio<br \/>\ndesde 1975<\/h2>\n<p>[\/vc_column_text][vc_column_text css=\u00bb.vc_custom_1614278403802{margin-bottom: 40px !important;}\u00bb el_class=\u00bbh3-petit\u00bb]<\/p>\n<h3>MET\u00c0L\u00b7LIQUES GRABALOSA SL<\/h3>\n<p>Ctra. a l&#8217;Escala, Bellcaire d&#8217;Empord\u00e0<br \/>\n17141 (Girona)<br \/>\nT. (34) 972 788 028<br \/>\ncomercial@grabalosa.com[\/vc_column_text][vc_column_text el_class=\u00bbh3-petit\u00bb css=\u00bb.vc_custom_1664270215866{margin-bottom: 40px !important;}\u00bb]<\/p>\n<h3>GRABALOSA SARL<\/h3>\n<p>5 Rue du Moulinas<br \/>\n66330 Cabestany, Perpignan (Francia)<br \/>\nTel. 0034 972 765 954<br \/>\nFax. 0034 972 788 119<br \/>\ncommercialfr@grabalosa.com[\/vc_column_text][\/vc_column][\/vc_row][vc_row css_animation=\u00bb\u00bb row_type=\u00bbrow\u00bb use_row_as_full_screen_section=\u00bbno\u00bb type=\u00bbfull_width\u00bb angled_section=\u00bbno\u00bb text_align=\u00bbleft\u00bb background_image_as_pattern=\u00bbwithout_pattern\u00bb][vc_column][vc_raw_html]PGlmcmFtZSBzcmM9Imh0dHBzOi8vd3d3Lmdvb2dsZS5jb20vbWFwcy9lbWJlZD9wYj0hMW0xNCExbTghMW0zITFkMTE4NDQuMzU3MTQwMjMwMTM3ITJkMy4xMDY0NTc3ITNkNDIuMDg0MTM2NSEzbTIhMWkxMDI0ITJpNzY4ITRmMTMuMSEzbTMhMW0yITFzMHgwJTNBMHgyYzE0ZDE2YjBhOWQxNGRlITJzTWV0JUMzJUEwbC5saXF1ZXMrR3JhYmFsb3NhJTJDK1MubC4hNWUwITNtMiExc2NhITJzZXMhNHYxNTQxNjgyODQ0OTU5IiB3aWR0aD0iMTAwJSIgaGVpZ2h0PSI2MDAiIGZyYW1lYm9yZGVyPSIwIiBzdHlsZT0iYm9yZGVyOjAiIGFsbG93ZnVsbHNjcmVlbj0iIj48L2lmcmFtZT4=[\/vc_raw_html][\/vc_column][\/vc_row]<\/p>\n<\/div>","protected":false},"excerpt":{"rendered":"<p>[vc_row css_animation=\u00bb\u00bb row_type=\u00bbrow\u00bb use_row_as_full_screen_section=\u00bbno\u00bb type=\u00bbgrid\u00bb angled_section=\u00bbno\u00bb text_align=\u00bbleft\u00bb background_image_as_pattern=\u00bbwithout_pattern\u00bb z_index=\u00bb\u00bb css=\u00bb.vc_custom_1609839823817{padding-top: 100px !important;padding-bottom: 100px !important;background-color: #f5f5f5 !important;}\u00bb anchor=\u00bbformulari\u00bb][vc_column width=\u00bb2\/3&#8243;&#8230;<\/p>\n","protected":false},"author":1,"featured_media":0,"parent":0,"menu_order":5,"comment_status":"closed","ping_status":"closed","template":"full_width.php","meta":{"_acf_changed":false,"footnotes":""},"class_list":["post-1414","page","type-page","status-publish","hentry"],"aioseo_notices":[],"acf":[],"_links":{"self":[{"href":"https:\/\/grabalosa.com\/es\/wp-json\/wp\/v2\/pages\/1414","targetHints":{"allow":["GET"]}}],"collection":[{"href":"https:\/\/grabalosa.com\/es\/wp-json\/wp\/v2\/pages"}],"about":[{"href":"https:\/\/grabalosa.com\/es\/wp-json\/wp\/v2\/types\/page"}],"author":[{"embeddable":true,"href":"https:\/\/grabalosa.com\/es\/wp-json\/wp\/v2\/users\/1"}],"replies":[{"embeddable":true,"href":"https:\/\/grabalosa.com\/es\/wp-json\/wp\/v2\/comments?post=1414"}],"version-history":[{"count":7,"href":"https:\/\/grabalosa.com\/es\/wp-json\/wp\/v2\/pages\/1414\/revisions"}],"predecessor-version":[{"id":5040,"href":"https:\/\/grabalosa.com\/es\/wp-json\/wp\/v2\/pages\/1414\/revisions\/5040"}],"wp:attachment":[{"href":"https:\/\/grabalosa.com\/es\/wp-json\/wp\/v2\/media?parent=1414"}],"curies":[{"name":"wp","href":"https:\/\/api.w.org\/{rel}","templated":true}]}}